{"id":274213,"date":"2020-03-13T10:03:10","date_gmt":"2020-03-13T09:03:10","guid":{"rendered":"https:\/\/miomiorun.com\/prodotto\/crazy-idea-t-shirt-slash-donna\/"},"modified":"2025-05-23T18:24:25","modified_gmt":"2025-05-23T16:24:25","slug":"crazy-idea-t-shirt-slash-mujer","status":"publish","type":"product","link":"https:\/\/www.miomiorun.com\/es\/producto\/crazy-idea-t-shirt-slash-mujer\/","title":{"rendered":"T-Shirt Slash mujer"},"content":{"rendered":"<div class=\"single-product-description\">\n<p>Camiseta dise\u00f1ada para correr en d\u00edas calurosos, confeccionada en un tejido incre\u00edblemente transpirable y ligero. Parte superior interior de microfibra de secado r\u00e1pido incorporada, f\u00e1cilmente extra\u00edble descosiendo la costura. Parte inferior redondeada con inserciones laterales de malla.<\/p>\n<p><strong>Caracter\u00edsticas:<\/strong><\/p>\n<ul>\n<li>Tejido muy transpirable y ligero<\/li>\n<li>Parte superior interior de microfibra<\/li>\n<\/ul>\n<\/div>\n","protected":false},"excerpt":{"rendered":"<p><span style=\"font-weight: 400;\">Camiseta dise\u00f1ada para correr en los d\u00edas m\u00e1s calurosos, confeccionada con un tejido incre\u00edblemente transpirable y ligero.<\/span><\/p>\n","protected":false},"featured_media":247023,"template":"","meta":{"_acf_changed":false,"inline_featured_image":false},"product_brand":[],"product_cat":[24226,24401,24402],"product_tag":[23488,23646],"class_list":{"0":"post-274213","1":"product","2":"type-product","3":"status-publish","4":"has-post-thumbnail","6":"product_cat-camiseta","7":"product_cat-ropa-de-mujer","8":"product_cat-mujer","9":"product_tag-crazy-idea-es","10":"product_tag-crazy-idea-mujer","11":"pa_attivita-trail-es","12":"pa_colore-t-shirt-slash-butterfly-black-es","13":"pa_colore-t-shirt-slash-night-flower-es","14":"pa_colore-t-shirt-slash-w-doodles-es","15":"pa_colore-t-shirt-slash-w-flames-es","16":"pa_colore-t-shirt-slash-w-i-love-running-es","17":"pa_colore-t-shirt-slash-w-mandala-es","18":"pa_colore-t-shirt-slash-w-mountain-flower-es","19":"pa_colore-t-shirt-slash-w-wild-garden-es","20":"pa_marca-crazy-idea-es","21":"pa_sesso-mujer","22":"pa_size-extra-small-es","23":"pa_size-small-es","24":"pa_size-medium-es","26":"first","27":"instock","28":"sale","29":"taxable","30":"shipping-taxable","31":"purchasable","32":"product-type-variable","33":"wvs-archive-product-wrapper"},"acf":[],"yoast_head":"<!-- This site is optimized with the Yoast SEO plugin v26.8 - https:\/\/yoast.com\/product\/yoast-seo-wordpress\/ -->\n<title>Crazy Idea T-Shirt Slash mujer - Camiseta Running - MioMioRun<\/title>\n<meta name=\"description\" content=\"Camiseta de mujer Crazy Idea Slash, confeccionada en tejido incre\u00edblemente transpirable y ligero. Top interior incorporado en microfibra de secado r\u00e1pido.\" \/>\n<meta name=\"robots\" content=\"index, follow, max-snippet:-1, max-image-preview:large, max-video-preview:-1\" \/>\n<link rel=\"canonical\" href=\"https:\/\/www.miomiorun.com\/es\/producto\/crazy-idea-t-shirt-slash-mujer\/\" \/>\n<meta property=\"og:locale\" content=\"es_ES\" \/>\n<meta property=\"og:type\" content=\"article\" \/>\n<meta property=\"og:title\" content=\"Crazy Idea T-Shirt Slash mujer - Camiseta Running - MioMioRun\" \/>\n<meta property=\"og:description\" content=\"Camiseta de mujer Crazy Idea Slash, confeccionada en tejido incre\u00edblemente transpirable y ligero. Top interior incorporado en microfibra de secado r\u00e1pido.\" \/>\n<meta property=\"og:url\" content=\"https:\/\/www.miomiorun.com\/es\/producto\/crazy-idea-t-shirt-slash-mujer\/\" \/>\n<meta property=\"og:site_name\" content=\"MioMioRun\" \/>\n<meta property=\"article:publisher\" content=\"https:\/\/www.facebook.com\/miomiorun\/\" \/>\n<meta property=\"article:modified_time\" content=\"2025-05-23T16:24:25+00:00\" \/>\n<meta property=\"og:image\" content=\"https:\/\/www.miomiorun.com\/app\/uploads\/2024\/05\/crazy-T-shirt-slash-W-i-love-running-S24096135D-00X193.webp\" \/>\n\t<meta property=\"og:image:width\" content=\"600\" \/>\n\t<meta property=\"og:image:height\" content=\"600\" \/>\n\t<meta property=\"og:image:type\" content=\"image\/webp\" \/>\n<meta name=\"twitter:card\" content=\"summary_large_image\" \/>\n<script type=\"application\/ld+json\" class=\"yoast-schema-graph\">{\"@context\":\"https:\/\/schema.org\",\"@graph\":[{\"@type\":\"WebPage\",\"@id\":\"https:\/\/www.miomiorun.com\/es\/producto\/crazy-idea-t-shirt-slash-mujer\/\",\"url\":\"https:\/\/www.miomiorun.com\/es\/producto\/crazy-idea-t-shirt-slash-mujer\/\",\"name\":\"Crazy Idea T-Shirt Slash mujer - Camiseta Running - MioMioRun\",\"isPartOf\":{\"@id\":\"https:\/\/www.miomiorun.com\/es\/#website\"},\"primaryImageOfPage\":{\"@id\":\"https:\/\/www.miomiorun.com\/es\/producto\/crazy-idea-t-shirt-slash-mujer\/#primaryimage\"},\"image\":{\"@id\":\"https:\/\/www.miomiorun.com\/es\/producto\/crazy-idea-t-shirt-slash-mujer\/#primaryimage\"},\"thumbnailUrl\":\"https:\/\/www.miomiorun.com\/app\/uploads\/2024\/05\/crazy-T-shirt-slash-W-i-love-running-S24096135D-00X193.webp\",\"datePublished\":\"2020-03-13T09:03:10+00:00\",\"dateModified\":\"2025-05-23T16:24:25+00:00\",\"description\":\"Camiseta de mujer Crazy Idea Slash, confeccionada en tejido incre\u00edblemente transpirable y ligero. Top interior incorporado en microfibra de secado r\u00e1pido.\",\"breadcrumb\":{\"@id\":\"https:\/\/www.miomiorun.com\/es\/producto\/crazy-idea-t-shirt-slash-mujer\/#breadcrumb\"},\"inLanguage\":\"es-ES\",\"potentialAction\":[{\"@type\":\"ReadAction\",\"target\":[\"https:\/\/www.miomiorun.com\/es\/producto\/crazy-idea-t-shirt-slash-mujer\/\"]}]},{\"@type\":\"ImageObject\",\"inLanguage\":\"es-ES\",\"@id\":\"https:\/\/www.miomiorun.com\/es\/producto\/crazy-idea-t-shirt-slash-mujer\/#primaryimage\",\"url\":\"https:\/\/www.miomiorun.com\/app\/uploads\/2024\/05\/crazy-T-shirt-slash-W-i-love-running-S24096135D-00X193.webp\",\"contentUrl\":\"https:\/\/www.miomiorun.com\/app\/uploads\/2024\/05\/crazy-T-shirt-slash-W-i-love-running-S24096135D-00X193.webp\",\"width\":600,\"height\":600,\"caption\":\"crazy T-shirt slash W i love running S24096135D-00X193\"},{\"@type\":\"BreadcrumbList\",\"@id\":\"https:\/\/www.miomiorun.com\/es\/producto\/crazy-idea-t-shirt-slash-mujer\/#breadcrumb\",\"itemListElement\":[{\"@type\":\"ListItem\",\"position\":1,\"name\":\"Home\",\"item\":\"https:\/\/www.miomiorun.com\/es\/\"},{\"@type\":\"ListItem\",\"position\":2,\"name\":\"Shop\",\"item\":\"https:\/\/www.miomiorun.com\/shop\/\"},{\"@type\":\"ListItem\",\"position\":3,\"name\":\"T-Shirt Slash mujer\"}]},{\"@type\":\"WebSite\",\"@id\":\"https:\/\/www.miomiorun.com\/es\/#website\",\"url\":\"https:\/\/www.miomiorun.com\/es\/\",\"name\":\"MioMioRun\",\"description\":\"Tienda 100% running y trail\",\"publisher\":{\"@id\":\"https:\/\/www.miomiorun.com\/es\/#organization\"},\"potentialAction\":[{\"@type\":\"SearchAction\",\"target\":{\"@type\":\"EntryPoint\",\"urlTemplate\":\"https:\/\/www.miomiorun.com\/es\/?s={search_term_string}\"},\"query-input\":{\"@type\":\"PropertyValueSpecification\",\"valueRequired\":true,\"valueName\":\"search_term_string\"}}],\"inLanguage\":\"es-ES\"},{\"@type\":\"Organization\",\"@id\":\"https:\/\/www.miomiorun.com\/es\/#organization\",\"name\":\"MioMio Run\",\"url\":\"https:\/\/www.miomiorun.com\/es\/\",\"logo\":{\"@type\":\"ImageObject\",\"inLanguage\":\"es-ES\",\"@id\":\"https:\/\/www.miomiorun.com\/es\/#\/schema\/logo\/image\/\",\"url\":\"https:\/\/www.miomiorun.com\/app\/uploads\/2019\/12\/logomio.png\",\"contentUrl\":\"https:\/\/www.miomiorun.com\/app\/uploads\/2019\/12\/logomio.png\",\"width\":115,\"height\":82,\"caption\":\"MioMio Run\"},\"image\":{\"@id\":\"https:\/\/www.miomiorun.com\/es\/#\/schema\/logo\/image\/\"},\"sameAs\":[\"https:\/\/www.facebook.com\/miomiorun\/\",\"https:\/\/www.instagram.com\/miomiorun\/\"]}]}<\/script>\n<!-- \/ Yoast SEO plugin. -->","yoast_head_json":{"title":"Crazy Idea T-Shirt Slash mujer - Camiseta Running - MioMioRun","description":"Camiseta de mujer Crazy Idea Slash, confeccionada en tejido incre\u00edblemente transpirable y ligero. Top interior incorporado en microfibra de secado r\u00e1pido.","robots":{"index":"index","follow":"follow","max-snippet":"max-snippet:-1","max-image-preview":"max-image-preview:large","max-video-preview":"max-video-preview:-1"},"canonical":"https:\/\/www.miomiorun.com\/es\/producto\/crazy-idea-t-shirt-slash-mujer\/","og_locale":"es_ES","og_type":"article","og_title":"Crazy Idea T-Shirt Slash mujer - Camiseta Running - MioMioRun","og_description":"Camiseta de mujer Crazy Idea Slash, confeccionada en tejido incre\u00edblemente transpirable y ligero. Top interior incorporado en microfibra de secado r\u00e1pido.","og_url":"https:\/\/www.miomiorun.com\/es\/producto\/crazy-idea-t-shirt-slash-mujer\/","og_site_name":"MioMioRun","article_publisher":"https:\/\/www.facebook.com\/miomiorun\/","article_modified_time":"2025-05-23T16:24:25+00:00","og_image":[{"width":600,"height":600,"url":"https:\/\/www.miomiorun.com\/app\/uploads\/2024\/05\/crazy-T-shirt-slash-W-i-love-running-S24096135D-00X193.webp","type":"image\/webp"}],"twitter_card":"summary_large_image","schema":{"@context":"https:\/\/schema.org","@graph":[{"@type":"WebPage","@id":"https:\/\/www.miomiorun.com\/es\/producto\/crazy-idea-t-shirt-slash-mujer\/","url":"https:\/\/www.miomiorun.com\/es\/producto\/crazy-idea-t-shirt-slash-mujer\/","name":"Crazy Idea T-Shirt Slash mujer - Camiseta Running - MioMioRun","isPartOf":{"@id":"https:\/\/www.miomiorun.com\/es\/#website"},"primaryImageOfPage":{"@id":"https:\/\/www.miomiorun.com\/es\/producto\/crazy-idea-t-shirt-slash-mujer\/#primaryimage"},"image":{"@id":"https:\/\/www.miomiorun.com\/es\/producto\/crazy-idea-t-shirt-slash-mujer\/#primaryimage"},"thumbnailUrl":"https:\/\/www.miomiorun.com\/app\/uploads\/2024\/05\/crazy-T-shirt-slash-W-i-love-running-S24096135D-00X193.webp","datePublished":"2020-03-13T09:03:10+00:00","dateModified":"2025-05-23T16:24:25+00:00","description":"Camiseta de mujer Crazy Idea Slash, confeccionada en tejido incre\u00edblemente transpirable y ligero. Top interior incorporado en microfibra de secado r\u00e1pido.","breadcrumb":{"@id":"https:\/\/www.miomiorun.com\/es\/producto\/crazy-idea-t-shirt-slash-mujer\/#breadcrumb"},"inLanguage":"es-ES","potentialAction":[{"@type":"ReadAction","target":["https:\/\/www.miomiorun.com\/es\/producto\/crazy-idea-t-shirt-slash-mujer\/"]}]},{"@type":"ImageObject","inLanguage":"es-ES","@id":"https:\/\/www.miomiorun.com\/es\/producto\/crazy-idea-t-shirt-slash-mujer\/#primaryimage","url":"https:\/\/www.miomiorun.com\/app\/uploads\/2024\/05\/crazy-T-shirt-slash-W-i-love-running-S24096135D-00X193.webp","contentUrl":"https:\/\/www.miomiorun.com\/app\/uploads\/2024\/05\/crazy-T-shirt-slash-W-i-love-running-S24096135D-00X193.webp","width":600,"height":600,"caption":"crazy T-shirt slash W i love running S24096135D-00X193"},{"@type":"BreadcrumbList","@id":"https:\/\/www.miomiorun.com\/es\/producto\/crazy-idea-t-shirt-slash-mujer\/#breadcrumb","itemListElement":[{"@type":"ListItem","position":1,"name":"Home","item":"https:\/\/www.miomiorun.com\/es\/"},{"@type":"ListItem","position":2,"name":"Shop","item":"https:\/\/www.miomiorun.com\/shop\/"},{"@type":"ListItem","position":3,"name":"T-Shirt Slash mujer"}]},{"@type":"WebSite","@id":"https:\/\/www.miomiorun.com\/es\/#website","url":"https:\/\/www.miomiorun.com\/es\/","name":"MioMioRun","description":"Tienda 100% running y trail","publisher":{"@id":"https:\/\/www.miomiorun.com\/es\/#organization"},"potentialAction":[{"@type":"SearchAction","target":{"@type":"EntryPoint","urlTemplate":"https:\/\/www.miomiorun.com\/es\/?s={search_term_string}"},"query-input":{"@type":"PropertyValueSpecification","valueRequired":true,"valueName":"search_term_string"}}],"inLanguage":"es-ES"},{"@type":"Organization","@id":"https:\/\/www.miomiorun.com\/es\/#organization","name":"MioMio Run","url":"https:\/\/www.miomiorun.com\/es\/","logo":{"@type":"ImageObject","inLanguage":"es-ES","@id":"https:\/\/www.miomiorun.com\/es\/#\/schema\/logo\/image\/","url":"https:\/\/www.miomiorun.com\/app\/uploads\/2019\/12\/logomio.png","contentUrl":"https:\/\/www.miomiorun.com\/app\/uploads\/2019\/12\/logomio.png","width":115,"height":82,"caption":"MioMio Run"},"image":{"@id":"https:\/\/www.miomiorun.com\/es\/#\/schema\/logo\/image\/"},"sameAs":["https:\/\/www.facebook.com\/miomiorun\/","https:\/\/www.instagram.com\/miomiorun\/"]}]}},"_links":{"self":[{"href":"https:\/\/www.miomiorun.com\/es\/wp-json\/wp\/v2\/product\/274213","targetHints":{"allow":["GET"]}}],"collection":[{"href":"https:\/\/www.miomiorun.com\/es\/wp-json\/wp\/v2\/product"}],"about":[{"href":"https:\/\/www.miomiorun.com\/es\/wp-json\/wp\/v2\/types\/product"}],"wp:featuredmedia":[{"embeddable":true,"href":"https:\/\/www.miomiorun.com\/es\/wp-json\/wp\/v2\/media\/247023"}],"wp:attachment":[{"href":"https:\/\/www.miomiorun.com\/es\/wp-json\/wp\/v2\/media?parent=274213"}],"wp:term":[{"taxonomy":"product_brand","embeddable":true,"href":"https:\/\/www.miomiorun.com\/es\/wp-json\/wp\/v2\/product_brand?post=274213"},{"taxonomy":"product_cat","embeddable":true,"href":"https:\/\/www.miomiorun.com\/es\/wp-json\/wp\/v2\/product_cat?post=274213"},{"taxonomy":"product_tag","embeddable":true,"href":"https:\/\/www.miomiorun.com\/es\/wp-json\/wp\/v2\/product_tag?post=274213"}],"curies":[{"name":"wp","href":"https:\/\/api.w.org\/{rel}","templated":true}]}}