{"id":274083,"date":"2020-03-17T11:40:22","date_gmt":"2020-03-17T10:40:22","guid":{"rendered":"https:\/\/miomiorun.com\/prodotto\/cep-run-socks-3-0-donna\/"},"modified":"2026-04-29T10:55:34","modified_gmt":"2026-04-29T08:55:34","slug":"cep-run-socks-3-0-mujer","status":"publish","type":"product","link":"https:\/\/www.miomiorun.com\/es\/producto\/cep-run-socks-3-0-mujer\/","title":{"rendered":"Run socks 3.0 mujer"},"content":{"rendered":"<p>Los calcetines altos CEP Compression 3.0 para hombre ofrecen un perfil de compresi\u00f3n deportivo optimizado desde el punto de vista m\u00e9dico que no tiene rival. Experimenta el retorno de energ\u00eda con unos calcetines que te dan soporte mientras entrenas. Corre, salta y ag\u00e1chate con unos calcetines transpirables dise\u00f1ados para atletas ambiciosos como t\u00fa. Perfectos para correr, maratones, baloncesto, f\u00fatbol, senderismo, viajes y mucho m\u00e1s.<\/p>\n<p>Compresi\u00f3n gradual de 20-30 mmHg<br \/>\nLa tecnolog\u00eda de control clim\u00e1tico HEIQ refresca la piel<br \/>\nRecupera las pantorrillas m\u00e1s r\u00e1pido que nunca<br \/>\nEliminaci\u00f3n acelerada del \u00e1cido l\u00e1ctico, recuperaci\u00f3n durante el ejercicio<br \/>\nLas fibras superiores que absorben la humedad mantienen la piel fresca<br \/>\nAlivia el dolor de la fascitis plantar, las calambres en la espinilla y el tend\u00f3n de Aquiles<\/p>\n<p>Nivel de compresi\u00f3n: 20-30 mmHg<\/p>\n<p>Material: 85 % poliamida, 15 % spandex<\/p>\n","protected":false},"excerpt":{"rendered":"<p><span style=\"font-weight: 400\">Los calcetines altos CEP Compression 3.0 para mujer ofrecen un perfil de compresi\u00f3n deportivo optimizado desde el punto de vista m\u00e9dico que no tiene rival.<\/span><\/p>\n","protected":false},"featured_media":229430,"template":"","meta":{"_acf_changed":false,"inline_featured_image":false},"product_brand":[],"product_cat":[24400,24401,24402],"product_tag":[23468,23666],"class_list":{"0":"post-274083","1":"product","2":"type-product","3":"status-publish","4":"has-post-thumbnail","6":"product_cat-calcetines","7":"product_cat-ropa-de-mujer","8":"product_cat-mujer","9":"product_tag-cep-es","10":"product_tag-cep-mujer","11":"pa_attivita-running-es","12":"pa_attivita-trail-es","13":"pa_circonferenza-polpaccio-24-30-es","14":"pa_colore-run-socks-3-0-w-balck-dark-grey-es","15":"pa_marca-cep-es","16":"pa_sesso-mujer","18":"first","19":"instock","20":"sale","21":"taxable","22":"shipping-taxable","23":"purchasable","24":"product-type-variable","25":"wvs-archive-product-wrapper"},"acf":[],"yoast_head":"<!-- This site is optimized with the Yoast SEO plugin v26.8 - https:\/\/yoast.com\/product\/yoast-seo-wordpress\/ -->\n<title>Cep Run socks 3.0 mujer - Calcetines para correr - MioMioRun.com<\/title>\n<meta name=\"description\" content=\"Los calcetines altos CEP Run Compression Socks 3.0 para mujer ofrecen una compresi\u00f3n optimizada, lo que garantiza una excelente sujeci\u00f3n y una r\u00e1pida recuperaci\u00f3n.\" \/>\n<meta name=\"robots\" content=\"index, follow, max-snippet:-1, max-image-preview:large, max-video-preview:-1\" \/>\n<link rel=\"canonical\" href=\"https:\/\/www.miomiorun.com\/es\/producto\/cep-run-socks-3-0-mujer\/\" \/>\n<meta property=\"og:locale\" content=\"es_ES\" \/>\n<meta property=\"og:type\" content=\"article\" \/>\n<meta property=\"og:title\" content=\"Cep Run socks 3.0 mujer - Calcetines para correr - MioMioRun.com\" \/>\n<meta property=\"og:description\" content=\"Los calcetines altos CEP Run Compression Socks 3.0 para mujer ofrecen una compresi\u00f3n optimizada, lo que garantiza una excelente sujeci\u00f3n y una r\u00e1pida recuperaci\u00f3n.\" \/>\n<meta property=\"og:url\" content=\"https:\/\/www.miomiorun.com\/es\/producto\/cep-run-socks-3-0-mujer\/\" \/>\n<meta property=\"og:site_name\" content=\"MioMioRun\" \/>\n<meta property=\"article:publisher\" content=\"https:\/\/www.facebook.com\/miomiorun\/\" \/>\n<meta property=\"article:modified_time\" content=\"2026-04-29T08:55:34+00:00\" \/>\n<meta property=\"og:image\" content=\"https:\/\/www.miomiorun.com\/app\/uploads\/2020\/03\/Run-socks-3.0-W-rose-light.jpg\" \/>\n\t<meta property=\"og:image:width\" content=\"600\" \/>\n\t<meta property=\"og:image:height\" content=\"600\" \/>\n\t<meta property=\"og:image:type\" content=\"image\/jpeg\" \/>\n<meta name=\"twitter:card\" content=\"summary_large_image\" \/>\n<meta name=\"twitter:label1\" content=\"Est. reading time\" \/>\n\t<meta name=\"twitter:data1\" content=\"1 minute\" \/>\n<script type=\"application\/ld+json\" class=\"yoast-schema-graph\">{\"@context\":\"https:\/\/schema.org\",\"@graph\":[{\"@type\":\"WebPage\",\"@id\":\"https:\/\/www.miomiorun.com\/es\/producto\/cep-run-socks-3-0-mujer\/\",\"url\":\"https:\/\/www.miomiorun.com\/es\/producto\/cep-run-socks-3-0-mujer\/\",\"name\":\"Cep Run socks 3.0 mujer - Calcetines para correr - MioMioRun.com\",\"isPartOf\":{\"@id\":\"https:\/\/www.miomiorun.com\/es\/#website\"},\"primaryImageOfPage\":{\"@id\":\"https:\/\/www.miomiorun.com\/es\/producto\/cep-run-socks-3-0-mujer\/#primaryimage\"},\"image\":{\"@id\":\"https:\/\/www.miomiorun.com\/es\/producto\/cep-run-socks-3-0-mujer\/#primaryimage\"},\"thumbnailUrl\":\"https:\/\/www.miomiorun.com\/app\/uploads\/2020\/03\/Run-socks-3.0-W-rose-light.jpg\",\"datePublished\":\"2020-03-17T10:40:22+00:00\",\"dateModified\":\"2026-04-29T08:55:34+00:00\",\"description\":\"Los calcetines altos CEP Run Compression Socks 3.0 para mujer ofrecen una compresi\u00f3n optimizada, lo que garantiza una excelente sujeci\u00f3n y una r\u00e1pida recuperaci\u00f3n.\",\"breadcrumb\":{\"@id\":\"https:\/\/www.miomiorun.com\/es\/producto\/cep-run-socks-3-0-mujer\/#breadcrumb\"},\"inLanguage\":\"es-ES\",\"potentialAction\":[{\"@type\":\"ReadAction\",\"target\":[\"https:\/\/www.miomiorun.com\/es\/producto\/cep-run-socks-3-0-mujer\/\"]}]},{\"@type\":\"ImageObject\",\"inLanguage\":\"es-ES\",\"@id\":\"https:\/\/www.miomiorun.com\/es\/producto\/cep-run-socks-3-0-mujer\/#primaryimage\",\"url\":\"https:\/\/www.miomiorun.com\/app\/uploads\/2020\/03\/Run-socks-3.0-W-rose-light.jpg\",\"contentUrl\":\"https:\/\/www.miomiorun.com\/app\/uploads\/2020\/03\/Run-socks-3.0-W-rose-light.jpg\",\"width\":600,\"height\":600,\"caption\":\"Run-socks-3.0-W-rose-light\"},{\"@type\":\"BreadcrumbList\",\"@id\":\"https:\/\/www.miomiorun.com\/es\/producto\/cep-run-socks-3-0-mujer\/#breadcrumb\",\"itemListElement\":[{\"@type\":\"ListItem\",\"position\":1,\"name\":\"Home\",\"item\":\"https:\/\/www.miomiorun.com\/es\/\"},{\"@type\":\"ListItem\",\"position\":2,\"name\":\"Shop\",\"item\":\"https:\/\/www.miomiorun.com\/shop\/\"},{\"@type\":\"ListItem\",\"position\":3,\"name\":\"Run socks 3.0 mujer\"}]},{\"@type\":\"WebSite\",\"@id\":\"https:\/\/www.miomiorun.com\/es\/#website\",\"url\":\"https:\/\/www.miomiorun.com\/es\/\",\"name\":\"MioMioRun\",\"description\":\"Tienda 100% running y trail\",\"publisher\":{\"@id\":\"https:\/\/www.miomiorun.com\/es\/#organization\"},\"potentialAction\":[{\"@type\":\"SearchAction\",\"target\":{\"@type\":\"EntryPoint\",\"urlTemplate\":\"https:\/\/www.miomiorun.com\/es\/?s={search_term_string}\"},\"query-input\":{\"@type\":\"PropertyValueSpecification\",\"valueRequired\":true,\"valueName\":\"search_term_string\"}}],\"inLanguage\":\"es-ES\"},{\"@type\":\"Organization\",\"@id\":\"https:\/\/www.miomiorun.com\/es\/#organization\",\"name\":\"MioMio Run\",\"url\":\"https:\/\/www.miomiorun.com\/es\/\",\"logo\":{\"@type\":\"ImageObject\",\"inLanguage\":\"es-ES\",\"@id\":\"https:\/\/www.miomiorun.com\/es\/#\/schema\/logo\/image\/\",\"url\":\"https:\/\/www.miomiorun.com\/app\/uploads\/2019\/12\/logomio.png\",\"contentUrl\":\"https:\/\/www.miomiorun.com\/app\/uploads\/2019\/12\/logomio.png\",\"width\":115,\"height\":82,\"caption\":\"MioMio Run\"},\"image\":{\"@id\":\"https:\/\/www.miomiorun.com\/es\/#\/schema\/logo\/image\/\"},\"sameAs\":[\"https:\/\/www.facebook.com\/miomiorun\/\",\"https:\/\/www.instagram.com\/miomiorun\/\"]}]}<\/script>\n<!-- \/ Yoast SEO plugin. -->","yoast_head_json":{"title":"Cep Run socks 3.0 mujer - Calcetines para correr - MioMioRun.com","description":"Los calcetines altos CEP Run Compression Socks 3.0 para mujer ofrecen una compresi\u00f3n optimizada, lo que garantiza una excelente sujeci\u00f3n y una r\u00e1pida recuperaci\u00f3n.","robots":{"index":"index","follow":"follow","max-snippet":"max-snippet:-1","max-image-preview":"max-image-preview:large","max-video-preview":"max-video-preview:-1"},"canonical":"https:\/\/www.miomiorun.com\/es\/producto\/cep-run-socks-3-0-mujer\/","og_locale":"es_ES","og_type":"article","og_title":"Cep Run socks 3.0 mujer - Calcetines para correr - MioMioRun.com","og_description":"Los calcetines altos CEP Run Compression Socks 3.0 para mujer ofrecen una compresi\u00f3n optimizada, lo que garantiza una excelente sujeci\u00f3n y una r\u00e1pida recuperaci\u00f3n.","og_url":"https:\/\/www.miomiorun.com\/es\/producto\/cep-run-socks-3-0-mujer\/","og_site_name":"MioMioRun","article_publisher":"https:\/\/www.facebook.com\/miomiorun\/","article_modified_time":"2026-04-29T08:55:34+00:00","og_image":[{"width":600,"height":600,"url":"https:\/\/www.miomiorun.com\/app\/uploads\/2020\/03\/Run-socks-3.0-W-rose-light.jpg","type":"image\/jpeg"}],"twitter_card":"summary_large_image","twitter_misc":{"Est. reading time":"1 minute"},"schema":{"@context":"https:\/\/schema.org","@graph":[{"@type":"WebPage","@id":"https:\/\/www.miomiorun.com\/es\/producto\/cep-run-socks-3-0-mujer\/","url":"https:\/\/www.miomiorun.com\/es\/producto\/cep-run-socks-3-0-mujer\/","name":"Cep Run socks 3.0 mujer - Calcetines para correr - MioMioRun.com","isPartOf":{"@id":"https:\/\/www.miomiorun.com\/es\/#website"},"primaryImageOfPage":{"@id":"https:\/\/www.miomiorun.com\/es\/producto\/cep-run-socks-3-0-mujer\/#primaryimage"},"image":{"@id":"https:\/\/www.miomiorun.com\/es\/producto\/cep-run-socks-3-0-mujer\/#primaryimage"},"thumbnailUrl":"https:\/\/www.miomiorun.com\/app\/uploads\/2020\/03\/Run-socks-3.0-W-rose-light.jpg","datePublished":"2020-03-17T10:40:22+00:00","dateModified":"2026-04-29T08:55:34+00:00","description":"Los calcetines altos CEP Run Compression Socks 3.0 para mujer ofrecen una compresi\u00f3n optimizada, lo que garantiza una excelente sujeci\u00f3n y una r\u00e1pida recuperaci\u00f3n.","breadcrumb":{"@id":"https:\/\/www.miomiorun.com\/es\/producto\/cep-run-socks-3-0-mujer\/#breadcrumb"},"inLanguage":"es-ES","potentialAction":[{"@type":"ReadAction","target":["https:\/\/www.miomiorun.com\/es\/producto\/cep-run-socks-3-0-mujer\/"]}]},{"@type":"ImageObject","inLanguage":"es-ES","@id":"https:\/\/www.miomiorun.com\/es\/producto\/cep-run-socks-3-0-mujer\/#primaryimage","url":"https:\/\/www.miomiorun.com\/app\/uploads\/2020\/03\/Run-socks-3.0-W-rose-light.jpg","contentUrl":"https:\/\/www.miomiorun.com\/app\/uploads\/2020\/03\/Run-socks-3.0-W-rose-light.jpg","width":600,"height":600,"caption":"Run-socks-3.0-W-rose-light"},{"@type":"BreadcrumbList","@id":"https:\/\/www.miomiorun.com\/es\/producto\/cep-run-socks-3-0-mujer\/#breadcrumb","itemListElement":[{"@type":"ListItem","position":1,"name":"Home","item":"https:\/\/www.miomiorun.com\/es\/"},{"@type":"ListItem","position":2,"name":"Shop","item":"https:\/\/www.miomiorun.com\/shop\/"},{"@type":"ListItem","position":3,"name":"Run socks 3.0 mujer"}]},{"@type":"WebSite","@id":"https:\/\/www.miomiorun.com\/es\/#website","url":"https:\/\/www.miomiorun.com\/es\/","name":"MioMioRun","description":"Tienda 100% running y trail","publisher":{"@id":"https:\/\/www.miomiorun.com\/es\/#organization"},"potentialAction":[{"@type":"SearchAction","target":{"@type":"EntryPoint","urlTemplate":"https:\/\/www.miomiorun.com\/es\/?s={search_term_string}"},"query-input":{"@type":"PropertyValueSpecification","valueRequired":true,"valueName":"search_term_string"}}],"inLanguage":"es-ES"},{"@type":"Organization","@id":"https:\/\/www.miomiorun.com\/es\/#organization","name":"MioMio Run","url":"https:\/\/www.miomiorun.com\/es\/","logo":{"@type":"ImageObject","inLanguage":"es-ES","@id":"https:\/\/www.miomiorun.com\/es\/#\/schema\/logo\/image\/","url":"https:\/\/www.miomiorun.com\/app\/uploads\/2019\/12\/logomio.png","contentUrl":"https:\/\/www.miomiorun.com\/app\/uploads\/2019\/12\/logomio.png","width":115,"height":82,"caption":"MioMio Run"},"image":{"@id":"https:\/\/www.miomiorun.com\/es\/#\/schema\/logo\/image\/"},"sameAs":["https:\/\/www.facebook.com\/miomiorun\/","https:\/\/www.instagram.com\/miomiorun\/"]}]}},"_links":{"self":[{"href":"https:\/\/www.miomiorun.com\/es\/wp-json\/wp\/v2\/product\/274083","targetHints":{"allow":["GET"]}}],"collection":[{"href":"https:\/\/www.miomiorun.com\/es\/wp-json\/wp\/v2\/product"}],"about":[{"href":"https:\/\/www.miomiorun.com\/es\/wp-json\/wp\/v2\/types\/product"}],"wp:featuredmedia":[{"embeddable":true,"href":"https:\/\/www.miomiorun.com\/es\/wp-json\/wp\/v2\/media\/229430"}],"wp:attachment":[{"href":"https:\/\/www.miomiorun.com\/es\/wp-json\/wp\/v2\/media?parent=274083"}],"wp:term":[{"taxonomy":"product_brand","embeddable":true,"href":"https:\/\/www.miomiorun.com\/es\/wp-json\/wp\/v2\/product_brand?post=274083"},{"taxonomy":"product_cat","embeddable":true,"href":"https:\/\/www.miomiorun.com\/es\/wp-json\/wp\/v2\/product_cat?post=274083"},{"taxonomy":"product_tag","embeddable":true,"href":"https:\/\/www.miomiorun.com\/es\/wp-json\/wp\/v2\/product_tag?post=274083"}],"curies":[{"name":"wp","href":"https:\/\/api.w.org\/{rel}","templated":true}]}}