{"id":274033,"date":"2020-03-21T11:28:54","date_gmt":"2020-03-21T10:28:54","guid":{"rendered":"https:\/\/miomiorun.com\/prodotto\/cep-ultralight-no-show-socks-donna\/"},"modified":"2025-05-24T10:24:22","modified_gmt":"2025-05-24T08:24:22","slug":"cep-ultralight-no-show-socks-mujer","status":"publish","type":"product","link":"https:\/\/www.miomiorun.com\/es\/producto\/cep-ultralight-no-show-socks-mujer\/","title":{"rendered":"Ultralight No Show Socks mujer"},"content":{"rendered":"<p>Calcetines <strong>de verano ultraligeros para tu mejor rendimiento<\/strong><br \/>\nSi buscas comodidad y rendimiento en un calcet\u00edn de verano, los calcetines <strong>de mujer No Show Socks<\/strong> son la elecci\u00f3n ideal. Fabricados en Alemania, estos calcetines ultrafinos son perfectos para combinar con tus zapatillas m\u00e1s ajustadas.<\/p>\n<p><strong>Comodidad y frescor durante los d\u00edas calurosos<\/strong><br \/>\nGracias a una mezcla de materiales transpirables, los calcetines transfieren r\u00e1pidamente la humedad al exterior, manteniendo tus pies secos y c\u00f3modos incluso durante las sesiones m\u00e1s intensas. Dise\u00f1ados para maximizar tu potencial, estos calcetines te ayudan a rendir al m\u00e1ximo en todo momento.<\/p>\n<p><strong>Tecnolog\u00eda Smart Carbon para unos pies frescos<\/strong><br \/>\nLas fibras de carbono integradas mejoran la resistencia y la elasticidad de los calcetines, garantizando ligereza y una sensaci\u00f3n de frescor durante todo el d\u00eda.<\/p>\n<p><strong>Ajuste perfecto sin concesiones<\/strong><br \/>\nEl ajuste ce\u00f1ido garantiza un confort excepcional sin deslizamientos ni molestias. La puntera asim\u00e9trica contribuye a una experiencia personalizada y agradable, ideal para zapatillas ajustadas.<\/p>\n<p><strong>Compresi\u00f3n espec\u00edfica para un rendimiento superior<\/strong><br \/>\nCon una compresi\u00f3n media optimizada, estos calcetines mejoran la circulaci\u00f3n y favorecen la recuperaci\u00f3n muscular, ayud\u00e1ndote a estar lista para tu pr\u00f3ximo entrenamiento en menos tiempo.<\/p>\n<p>Perfectos para entrenamientos intensos y competiciones, los <strong>calcetines para mujer No Show Socks<\/strong> combinan transpirabilidad, ligereza y durabilidad. Elige tu color favorito y lleva tu entrenamiento al siguiente nivel.<\/p>\n<p><strong>Material<\/strong><br \/>\n88% poliamida (nailon), 12% elastano<\/p>\n","protected":false},"excerpt":{"rendered":"<ul>\n<li><strong>Ligereza y transpirabilidad \u00f3ptimas<\/strong>: La mezcla de materiales de alta calidad garantiza la comodidad incluso en los d\u00edas m\u00e1s calurosos, manteniendo los pies secos.<\/li>\n<\/ul>\n<ul>\n<li><strong>Compresi\u00f3n espec\u00edfica para un mejor rendimiento<\/strong>: Favorecen la circulaci\u00f3n y aceleran la recuperaci\u00f3n muscular, por lo que son perfectas para entrenamientos intensos y competiciones.<\/li>\n<\/ul>\n<ul>\n<li><strong>Ajuste perfecto sin deslizamientos<\/strong>:<\/li>\n<\/ul>\n<ul>\n<li style=\"list-style-type: none;\">\n<ul>\n<li>El dise\u00f1o ajustado y la puntera asim\u00e9trica garantizan estabilidad y comodidad incluso con zapatillas estrechas<\/li>\n<\/ul>\n<\/li>\n<\/ul>\n<p>.<\/p>\n","protected":false},"featured_media":229472,"template":"","meta":{"_acf_changed":false,"inline_featured_image":false},"product_brand":[],"product_cat":[24400,24401,24402],"product_tag":[23468,23666],"class_list":{"0":"post-274033","1":"product","2":"type-product","3":"status-publish","4":"has-post-thumbnail","6":"product_cat-calcetines","7":"product_cat-ropa-de-mujer","8":"product_cat-mujer","9":"product_tag-cep-es","10":"product_tag-cep-mujer","11":"pa_attivita-caminar","12":"pa_attivita-fitness-es","13":"pa_attivita-running-es","14":"pa_colore-no-show-socks-ultralight-w-black-grey-es","15":"pa_colore-ultralight-compr-socks-no-show-coral-w-es","16":"pa_marca-cep-es","17":"pa_sesso-mujer","18":"pa_size-37-40-es","19":"pa_size-40-43-es","21":"first","22":"instock","23":"sale","24":"taxable","25":"shipping-taxable","26":"purchasable","27":"product-type-variable","28":"wvs-archive-product-wrapper"},"acf":[],"yoast_head":"<!-- This site is optimized with the Yoast SEO plugin v26.8 - https:\/\/yoast.com\/product\/yoast-seo-wordpress\/ -->\n<title>Cep Ultralight No Show Socks mujer - MioMioRun<\/title>\n<meta name=\"description\" content=\"Calcetines de verano para mujer: ligeros, transpirables y con compresi\u00f3n espec\u00edfica. Comodidad y frescor ideales para sesiones de entrenamiento intensas.\" \/>\n<meta name=\"robots\" content=\"index, follow, max-snippet:-1, max-image-preview:large, max-video-preview:-1\" \/>\n<link rel=\"canonical\" href=\"https:\/\/www.miomiorun.com\/es\/producto\/cep-ultralight-no-show-socks-mujer\/\" \/>\n<meta property=\"og:locale\" content=\"es_ES\" \/>\n<meta property=\"og:type\" content=\"article\" \/>\n<meta property=\"og:title\" content=\"Cep Ultralight No Show Socks mujer - MioMioRun\" \/>\n<meta property=\"og:description\" content=\"Calcetines de verano para mujer: ligeros, transpirables y con compresi\u00f3n espec\u00edfica. Comodidad y frescor ideales para sesiones de entrenamiento intensas.\" \/>\n<meta property=\"og:url\" content=\"https:\/\/www.miomiorun.com\/es\/producto\/cep-ultralight-no-show-socks-mujer\/\" \/>\n<meta property=\"og:site_name\" content=\"MioMioRun\" \/>\n<meta property=\"article:publisher\" content=\"https:\/\/www.facebook.com\/miomiorun\/\" \/>\n<meta property=\"article:modified_time\" content=\"2025-05-24T08:24:22+00:00\" \/>\n<meta property=\"og:image\" content=\"https:\/\/www.miomiorun.com\/app\/uploads\/2020\/03\/Ultralight-no-show-socks-W-white-grey.jpg\" \/>\n\t<meta property=\"og:image:width\" content=\"600\" \/>\n\t<meta property=\"og:image:height\" content=\"600\" \/>\n\t<meta property=\"og:image:type\" content=\"image\/jpeg\" \/>\n<meta name=\"twitter:card\" content=\"summary_large_image\" \/>\n<meta name=\"twitter:label1\" content=\"Est. reading time\" \/>\n\t<meta name=\"twitter:data1\" content=\"1 minute\" \/>\n<script type=\"application\/ld+json\" class=\"yoast-schema-graph\">{\"@context\":\"https:\/\/schema.org\",\"@graph\":[{\"@type\":\"WebPage\",\"@id\":\"https:\/\/www.miomiorun.com\/es\/producto\/cep-ultralight-no-show-socks-mujer\/\",\"url\":\"https:\/\/www.miomiorun.com\/es\/producto\/cep-ultralight-no-show-socks-mujer\/\",\"name\":\"Cep Ultralight No Show Socks mujer - MioMioRun\",\"isPartOf\":{\"@id\":\"https:\/\/www.miomiorun.com\/es\/#website\"},\"primaryImageOfPage\":{\"@id\":\"https:\/\/www.miomiorun.com\/es\/producto\/cep-ultralight-no-show-socks-mujer\/#primaryimage\"},\"image\":{\"@id\":\"https:\/\/www.miomiorun.com\/es\/producto\/cep-ultralight-no-show-socks-mujer\/#primaryimage\"},\"thumbnailUrl\":\"https:\/\/www.miomiorun.com\/app\/uploads\/2020\/03\/Ultralight-no-show-socks-W-white-grey.jpg\",\"datePublished\":\"2020-03-21T10:28:54+00:00\",\"dateModified\":\"2025-05-24T08:24:22+00:00\",\"description\":\"Calcetines de verano para mujer: ligeros, transpirables y con compresi\u00f3n espec\u00edfica. Comodidad y frescor ideales para sesiones de entrenamiento intensas.\",\"breadcrumb\":{\"@id\":\"https:\/\/www.miomiorun.com\/es\/producto\/cep-ultralight-no-show-socks-mujer\/#breadcrumb\"},\"inLanguage\":\"es-ES\",\"potentialAction\":[{\"@type\":\"ReadAction\",\"target\":[\"https:\/\/www.miomiorun.com\/es\/producto\/cep-ultralight-no-show-socks-mujer\/\"]}]},{\"@type\":\"ImageObject\",\"inLanguage\":\"es-ES\",\"@id\":\"https:\/\/www.miomiorun.com\/es\/producto\/cep-ultralight-no-show-socks-mujer\/#primaryimage\",\"url\":\"https:\/\/www.miomiorun.com\/app\/uploads\/2020\/03\/Ultralight-no-show-socks-W-white-grey.jpg\",\"contentUrl\":\"https:\/\/www.miomiorun.com\/app\/uploads\/2020\/03\/Ultralight-no-show-socks-W-white-grey.jpg\",\"width\":600,\"height\":600,\"caption\":\"Ultralight-no-show-socks-W-white-grey\"},{\"@type\":\"BreadcrumbList\",\"@id\":\"https:\/\/www.miomiorun.com\/es\/producto\/cep-ultralight-no-show-socks-mujer\/#breadcrumb\",\"itemListElement\":[{\"@type\":\"ListItem\",\"position\":1,\"name\":\"Home\",\"item\":\"https:\/\/www.miomiorun.com\/es\/\"},{\"@type\":\"ListItem\",\"position\":2,\"name\":\"Shop\",\"item\":\"https:\/\/www.miomiorun.com\/shop\/\"},{\"@type\":\"ListItem\",\"position\":3,\"name\":\"Ultralight No Show Socks mujer\"}]},{\"@type\":\"WebSite\",\"@id\":\"https:\/\/www.miomiorun.com\/es\/#website\",\"url\":\"https:\/\/www.miomiorun.com\/es\/\",\"name\":\"MioMioRun\",\"description\":\"Tienda 100% running y trail\",\"publisher\":{\"@id\":\"https:\/\/www.miomiorun.com\/es\/#organization\"},\"potentialAction\":[{\"@type\":\"SearchAction\",\"target\":{\"@type\":\"EntryPoint\",\"urlTemplate\":\"https:\/\/www.miomiorun.com\/es\/?s={search_term_string}\"},\"query-input\":{\"@type\":\"PropertyValueSpecification\",\"valueRequired\":true,\"valueName\":\"search_term_string\"}}],\"inLanguage\":\"es-ES\"},{\"@type\":\"Organization\",\"@id\":\"https:\/\/www.miomiorun.com\/es\/#organization\",\"name\":\"MioMio Run\",\"url\":\"https:\/\/www.miomiorun.com\/es\/\",\"logo\":{\"@type\":\"ImageObject\",\"inLanguage\":\"es-ES\",\"@id\":\"https:\/\/www.miomiorun.com\/es\/#\/schema\/logo\/image\/\",\"url\":\"https:\/\/www.miomiorun.com\/app\/uploads\/2019\/12\/logomio.png\",\"contentUrl\":\"https:\/\/www.miomiorun.com\/app\/uploads\/2019\/12\/logomio.png\",\"width\":115,\"height\":82,\"caption\":\"MioMio Run\"},\"image\":{\"@id\":\"https:\/\/www.miomiorun.com\/es\/#\/schema\/logo\/image\/\"},\"sameAs\":[\"https:\/\/www.facebook.com\/miomiorun\/\",\"https:\/\/www.instagram.com\/miomiorun\/\"]}]}<\/script>\n<!-- \/ Yoast SEO plugin. -->","yoast_head_json":{"title":"Cep Ultralight No Show Socks mujer - MioMioRun","description":"Calcetines de verano para mujer: ligeros, transpirables y con compresi\u00f3n espec\u00edfica. Comodidad y frescor ideales para sesiones de entrenamiento intensas.","robots":{"index":"index","follow":"follow","max-snippet":"max-snippet:-1","max-image-preview":"max-image-preview:large","max-video-preview":"max-video-preview:-1"},"canonical":"https:\/\/www.miomiorun.com\/es\/producto\/cep-ultralight-no-show-socks-mujer\/","og_locale":"es_ES","og_type":"article","og_title":"Cep Ultralight No Show Socks mujer - MioMioRun","og_description":"Calcetines de verano para mujer: ligeros, transpirables y con compresi\u00f3n espec\u00edfica. Comodidad y frescor ideales para sesiones de entrenamiento intensas.","og_url":"https:\/\/www.miomiorun.com\/es\/producto\/cep-ultralight-no-show-socks-mujer\/","og_site_name":"MioMioRun","article_publisher":"https:\/\/www.facebook.com\/miomiorun\/","article_modified_time":"2025-05-24T08:24:22+00:00","og_image":[{"width":600,"height":600,"url":"https:\/\/www.miomiorun.com\/app\/uploads\/2020\/03\/Ultralight-no-show-socks-W-white-grey.jpg","type":"image\/jpeg"}],"twitter_card":"summary_large_image","twitter_misc":{"Est. reading time":"1 minute"},"schema":{"@context":"https:\/\/schema.org","@graph":[{"@type":"WebPage","@id":"https:\/\/www.miomiorun.com\/es\/producto\/cep-ultralight-no-show-socks-mujer\/","url":"https:\/\/www.miomiorun.com\/es\/producto\/cep-ultralight-no-show-socks-mujer\/","name":"Cep Ultralight No Show Socks mujer - MioMioRun","isPartOf":{"@id":"https:\/\/www.miomiorun.com\/es\/#website"},"primaryImageOfPage":{"@id":"https:\/\/www.miomiorun.com\/es\/producto\/cep-ultralight-no-show-socks-mujer\/#primaryimage"},"image":{"@id":"https:\/\/www.miomiorun.com\/es\/producto\/cep-ultralight-no-show-socks-mujer\/#primaryimage"},"thumbnailUrl":"https:\/\/www.miomiorun.com\/app\/uploads\/2020\/03\/Ultralight-no-show-socks-W-white-grey.jpg","datePublished":"2020-03-21T10:28:54+00:00","dateModified":"2025-05-24T08:24:22+00:00","description":"Calcetines de verano para mujer: ligeros, transpirables y con compresi\u00f3n espec\u00edfica. Comodidad y frescor ideales para sesiones de entrenamiento intensas.","breadcrumb":{"@id":"https:\/\/www.miomiorun.com\/es\/producto\/cep-ultralight-no-show-socks-mujer\/#breadcrumb"},"inLanguage":"es-ES","potentialAction":[{"@type":"ReadAction","target":["https:\/\/www.miomiorun.com\/es\/producto\/cep-ultralight-no-show-socks-mujer\/"]}]},{"@type":"ImageObject","inLanguage":"es-ES","@id":"https:\/\/www.miomiorun.com\/es\/producto\/cep-ultralight-no-show-socks-mujer\/#primaryimage","url":"https:\/\/www.miomiorun.com\/app\/uploads\/2020\/03\/Ultralight-no-show-socks-W-white-grey.jpg","contentUrl":"https:\/\/www.miomiorun.com\/app\/uploads\/2020\/03\/Ultralight-no-show-socks-W-white-grey.jpg","width":600,"height":600,"caption":"Ultralight-no-show-socks-W-white-grey"},{"@type":"BreadcrumbList","@id":"https:\/\/www.miomiorun.com\/es\/producto\/cep-ultralight-no-show-socks-mujer\/#breadcrumb","itemListElement":[{"@type":"ListItem","position":1,"name":"Home","item":"https:\/\/www.miomiorun.com\/es\/"},{"@type":"ListItem","position":2,"name":"Shop","item":"https:\/\/www.miomiorun.com\/shop\/"},{"@type":"ListItem","position":3,"name":"Ultralight No Show Socks mujer"}]},{"@type":"WebSite","@id":"https:\/\/www.miomiorun.com\/es\/#website","url":"https:\/\/www.miomiorun.com\/es\/","name":"MioMioRun","description":"Tienda 100% running y trail","publisher":{"@id":"https:\/\/www.miomiorun.com\/es\/#organization"},"potentialAction":[{"@type":"SearchAction","target":{"@type":"EntryPoint","urlTemplate":"https:\/\/www.miomiorun.com\/es\/?s={search_term_string}"},"query-input":{"@type":"PropertyValueSpecification","valueRequired":true,"valueName":"search_term_string"}}],"inLanguage":"es-ES"},{"@type":"Organization","@id":"https:\/\/www.miomiorun.com\/es\/#organization","name":"MioMio Run","url":"https:\/\/www.miomiorun.com\/es\/","logo":{"@type":"ImageObject","inLanguage":"es-ES","@id":"https:\/\/www.miomiorun.com\/es\/#\/schema\/logo\/image\/","url":"https:\/\/www.miomiorun.com\/app\/uploads\/2019\/12\/logomio.png","contentUrl":"https:\/\/www.miomiorun.com\/app\/uploads\/2019\/12\/logomio.png","width":115,"height":82,"caption":"MioMio Run"},"image":{"@id":"https:\/\/www.miomiorun.com\/es\/#\/schema\/logo\/image\/"},"sameAs":["https:\/\/www.facebook.com\/miomiorun\/","https:\/\/www.instagram.com\/miomiorun\/"]}]}},"_links":{"self":[{"href":"https:\/\/www.miomiorun.com\/es\/wp-json\/wp\/v2\/product\/274033","targetHints":{"allow":["GET"]}}],"collection":[{"href":"https:\/\/www.miomiorun.com\/es\/wp-json\/wp\/v2\/product"}],"about":[{"href":"https:\/\/www.miomiorun.com\/es\/wp-json\/wp\/v2\/types\/product"}],"wp:featuredmedia":[{"embeddable":true,"href":"https:\/\/www.miomiorun.com\/es\/wp-json\/wp\/v2\/media\/229472"}],"wp:attachment":[{"href":"https:\/\/www.miomiorun.com\/es\/wp-json\/wp\/v2\/media?parent=274033"}],"wp:term":[{"taxonomy":"product_brand","embeddable":true,"href":"https:\/\/www.miomiorun.com\/es\/wp-json\/wp\/v2\/product_brand?post=274033"},{"taxonomy":"product_cat","embeddable":true,"href":"https:\/\/www.miomiorun.com\/es\/wp-json\/wp\/v2\/product_cat?post=274033"},{"taxonomy":"product_tag","embeddable":true,"href":"https:\/\/www.miomiorun.com\/es\/wp-json\/wp\/v2\/product_tag?post=274033"}],"curies":[{"name":"wp","href":"https:\/\/api.w.org\/{rel}","templated":true}]}}