{"id":274027,"date":"2020-03-21T11:37:25","date_gmt":"2020-03-21T10:37:25","guid":{"rendered":"https:\/\/miomiorun.com\/prodotto\/cep-ultralight-no-show-socks-uomo\/"},"modified":"2026-04-29T10:59:25","modified_gmt":"2026-04-29T08:59:25","slug":"cep-ultralight-no-show-socks-hombre","status":"publish","type":"product","link":"https:\/\/www.miomiorun.com\/es\/producto\/cep-ultralight-no-show-socks-hombre\/","title":{"rendered":"Ultralight No Show Socks hombre"},"content":{"rendered":"<p><strong>Calcetines de verano ultraligeros para rendir al m\u00e1ximo<\/strong><br \/>\nSi buscas comodidad y rendimiento en unos calcetines de verano, los <strong>No Show Socks para hombre<\/strong> son la elecci\u00f3n ideal. Fabricados en Alemania, estos calcetines ultrafinos son perfectos para combinar con tus zapatillas deportivas m\u00e1s ajustadas.<\/p>\n<p><strong>Comodidad y frescor durante los d\u00edas calurosos<\/strong><br \/>\nGracias a una mezcla de materiales transpirables, los calcetines evacuan r\u00e1pidamente la humedad hacia el exterior, manteniendo los pies secos y c\u00f3modos incluso durante las sesiones m\u00e1s intensas. Dise\u00f1ados para maximizar tu potencial, estos calcetines te ayudan a dar lo mejor de ti en cada ocasi\u00f3n.<\/p>\n<p><strong>Tecnolog\u00eda Smart Carbon para unos pies frescos<\/strong><br \/>\nLas fibras de carbono integradas mejoran la resistencia y la elasticidad de los calcetines, garantizando ligereza y una sensaci\u00f3n de frescor durante todo el d\u00eda.<\/p>\n<p><strong>Ajuste perfecto sin concesiones<\/strong><br \/>\nEl ajuste ce\u00f1ido garantiza una comodidad excepcional, sin deslizamientos ni molestias. La puntera asim\u00e9trica contribuye a una experiencia personalizada y agradable, ideal para zapatillas deportivas ajustadas.<\/p>\n<p><strong>Compresi\u00f3n espec\u00edfica para un rendimiento superior<\/strong><br \/>\nCon una compresi\u00f3n media optimizada, estos calcetines mejoran la circulaci\u00f3n y favorecen la recuperaci\u00f3n muscular, ayud\u00e1ndote a estar lista para el pr\u00f3ximo entrenamiento en menos tiempo.<\/p>\n<p>Perfectos para entrenamientos intensos y competiciones, los <strong>calcetines invisibles para hombre<\/strong> combinan transpirabilidad, ligereza y resistencia. \u00a1Elige tu color favorito y lleva tu entrenamiento al siguiente nivel!<\/p>\n<p><strong>Material<\/strong><br \/>\n88 % poliamida (nailon), 12 % elastano<\/p>\n","protected":false},"excerpt":{"rendered":"<ul>\n<li><strong>Ligereza y transpirabilidad \u00f3ptimas<\/strong>: La combinaci\u00f3n de materiales de alta calidad garantiza la comodidad incluso en los d\u00edas m\u00e1s calurosos, manteniendo los pies secos.<\/li>\n<li><strong>Compresi\u00f3n espec\u00edfica para un mejor rendimiento<\/strong>: Favorece la circulaci\u00f3n y acelera la recuperaci\u00f3n muscular, lo que los hace perfectos para entrenamientos intensos y competiciones.<\/li>\n<li><strong>Ajuste perfecto sin deslizamientos<\/strong>: El dise\u00f1o ajustado y la puntera asim\u00e9trica garantizan estabilidad y comodidad incluso con zapatillas ajustadas.<\/li>\n<\/ul>\n<p>&nbsp;<\/p>\n<p><span style=\"font-weight: 400\">&nbsp;<\/span><\/p>\n","protected":false},"featured_media":229474,"template":"","meta":{"_acf_changed":false,"inline_featured_image":false},"product_brand":[],"product_cat":[24462,24463,24464],"product_tag":[23468,23665],"class_list":{"0":"post-274027","1":"product","2":"type-product","3":"status-publish","4":"has-post-thumbnail","6":"product_cat-calcetines-es-2","7":"product_cat-ropa-de-hombre-es","8":"product_cat-hombre","9":"product_tag-cep-es","10":"product_tag-cep-hombre","11":"pa_attivita-caminar","12":"pa_attivita-fitness-es","13":"pa_attivita-running-es","14":"pa_colore-no-show-ultralight-lava-red-es","15":"pa_colore-no-show-ultralight-m-black-grey-es","16":"pa_colore-no-show-ultralight-m-grey-es","17":"pa_colore-ultralight-compr-socks-no-show-black-es","18":"pa_marca-cep-es","19":"pa_sesso-hombre","20":"pa_size-39-42-es","21":"pa_size-42-45-es","22":"pa_size-45-48-es","24":"first","25":"instock","26":"sale","27":"taxable","28":"shipping-taxable","29":"purchasable","30":"product-type-variable","31":"wvs-archive-product-wrapper"},"acf":[],"yoast_head":"<!-- This site is optimized with the Yoast SEO plugin v26.8 - https:\/\/yoast.com\/product\/yoast-seo-wordpress\/ -->\n<title>Cep Ultralight No Show Socks hombre - MioMioRun.com<\/title>\n<meta name=\"description\" content=\"Calcetines de verano para hombre: ligeros, transpirables y con compresi\u00f3n espec\u00edfica. Comodidad y frescor ideales para entrenamientos intensos.\" \/>\n<meta name=\"robots\" content=\"index, follow, max-snippet:-1, max-image-preview:large, max-video-preview:-1\" \/>\n<link rel=\"canonical\" href=\"https:\/\/www.miomiorun.com\/es\/producto\/cep-ultralight-no-show-socks-hombre\/\" \/>\n<meta property=\"og:locale\" content=\"es_ES\" \/>\n<meta property=\"og:type\" content=\"article\" \/>\n<meta property=\"og:title\" content=\"Cep Ultralight No Show Socks hombre - MioMioRun.com\" \/>\n<meta property=\"og:description\" content=\"Calcetines de verano para hombre: ligeros, transpirables y con compresi\u00f3n espec\u00edfica. Comodidad y frescor ideales para entrenamientos intensos.\" \/>\n<meta property=\"og:url\" content=\"https:\/\/www.miomiorun.com\/es\/producto\/cep-ultralight-no-show-socks-hombre\/\" \/>\n<meta property=\"og:site_name\" content=\"MioMioRun\" \/>\n<meta property=\"article:publisher\" content=\"https:\/\/www.facebook.com\/miomiorun\/\" \/>\n<meta property=\"article:modified_time\" content=\"2026-04-29T08:59:25+00:00\" \/>\n<meta property=\"og:image\" content=\"https:\/\/www.miomiorun.com\/app\/uploads\/2020\/03\/Ultralight-no-show-socks-M-black-grey.jpg\" \/>\n\t<meta property=\"og:image:width\" content=\"600\" \/>\n\t<meta property=\"og:image:height\" content=\"600\" \/>\n\t<meta property=\"og:image:type\" content=\"image\/jpeg\" \/>\n<meta name=\"twitter:card\" content=\"summary_large_image\" \/>\n<meta name=\"twitter:label1\" content=\"Est. reading time\" \/>\n\t<meta name=\"twitter:data1\" content=\"1 minute\" \/>\n<script type=\"application\/ld+json\" class=\"yoast-schema-graph\">{\"@context\":\"https:\/\/schema.org\",\"@graph\":[{\"@type\":\"WebPage\",\"@id\":\"https:\/\/www.miomiorun.com\/es\/producto\/cep-ultralight-no-show-socks-hombre\/\",\"url\":\"https:\/\/www.miomiorun.com\/es\/producto\/cep-ultralight-no-show-socks-hombre\/\",\"name\":\"Cep Ultralight No Show Socks hombre - MioMioRun.com\",\"isPartOf\":{\"@id\":\"https:\/\/www.miomiorun.com\/es\/#website\"},\"primaryImageOfPage\":{\"@id\":\"https:\/\/www.miomiorun.com\/es\/producto\/cep-ultralight-no-show-socks-hombre\/#primaryimage\"},\"image\":{\"@id\":\"https:\/\/www.miomiorun.com\/es\/producto\/cep-ultralight-no-show-socks-hombre\/#primaryimage\"},\"thumbnailUrl\":\"https:\/\/www.miomiorun.com\/app\/uploads\/2020\/03\/Ultralight-no-show-socks-M-black-grey.jpg\",\"datePublished\":\"2020-03-21T10:37:25+00:00\",\"dateModified\":\"2026-04-29T08:59:25+00:00\",\"description\":\"Calcetines de verano para hombre: ligeros, transpirables y con compresi\u00f3n espec\u00edfica. Comodidad y frescor ideales para entrenamientos intensos.\",\"breadcrumb\":{\"@id\":\"https:\/\/www.miomiorun.com\/es\/producto\/cep-ultralight-no-show-socks-hombre\/#breadcrumb\"},\"inLanguage\":\"es-ES\",\"potentialAction\":[{\"@type\":\"ReadAction\",\"target\":[\"https:\/\/www.miomiorun.com\/es\/producto\/cep-ultralight-no-show-socks-hombre\/\"]}]},{\"@type\":\"ImageObject\",\"inLanguage\":\"es-ES\",\"@id\":\"https:\/\/www.miomiorun.com\/es\/producto\/cep-ultralight-no-show-socks-hombre\/#primaryimage\",\"url\":\"https:\/\/www.miomiorun.com\/app\/uploads\/2020\/03\/Ultralight-no-show-socks-M-black-grey.jpg\",\"contentUrl\":\"https:\/\/www.miomiorun.com\/app\/uploads\/2020\/03\/Ultralight-no-show-socks-M-black-grey.jpg\",\"width\":600,\"height\":600,\"caption\":\"Ultralight-no-show-socks-M-black-grey\"},{\"@type\":\"BreadcrumbList\",\"@id\":\"https:\/\/www.miomiorun.com\/es\/producto\/cep-ultralight-no-show-socks-hombre\/#breadcrumb\",\"itemListElement\":[{\"@type\":\"ListItem\",\"position\":1,\"name\":\"Home\",\"item\":\"https:\/\/www.miomiorun.com\/es\/\"},{\"@type\":\"ListItem\",\"position\":2,\"name\":\"Shop\",\"item\":\"https:\/\/www.miomiorun.com\/shop\/\"},{\"@type\":\"ListItem\",\"position\":3,\"name\":\"Ultralight No Show Socks hombre\"}]},{\"@type\":\"WebSite\",\"@id\":\"https:\/\/www.miomiorun.com\/es\/#website\",\"url\":\"https:\/\/www.miomiorun.com\/es\/\",\"name\":\"MioMioRun\",\"description\":\"Tienda 100% running y trail\",\"publisher\":{\"@id\":\"https:\/\/www.miomiorun.com\/es\/#organization\"},\"potentialAction\":[{\"@type\":\"SearchAction\",\"target\":{\"@type\":\"EntryPoint\",\"urlTemplate\":\"https:\/\/www.miomiorun.com\/es\/?s={search_term_string}\"},\"query-input\":{\"@type\":\"PropertyValueSpecification\",\"valueRequired\":true,\"valueName\":\"search_term_string\"}}],\"inLanguage\":\"es-ES\"},{\"@type\":\"Organization\",\"@id\":\"https:\/\/www.miomiorun.com\/es\/#organization\",\"name\":\"MioMio Run\",\"url\":\"https:\/\/www.miomiorun.com\/es\/\",\"logo\":{\"@type\":\"ImageObject\",\"inLanguage\":\"es-ES\",\"@id\":\"https:\/\/www.miomiorun.com\/es\/#\/schema\/logo\/image\/\",\"url\":\"https:\/\/www.miomiorun.com\/app\/uploads\/2019\/12\/logomio.png\",\"contentUrl\":\"https:\/\/www.miomiorun.com\/app\/uploads\/2019\/12\/logomio.png\",\"width\":115,\"height\":82,\"caption\":\"MioMio Run\"},\"image\":{\"@id\":\"https:\/\/www.miomiorun.com\/es\/#\/schema\/logo\/image\/\"},\"sameAs\":[\"https:\/\/www.facebook.com\/miomiorun\/\",\"https:\/\/www.instagram.com\/miomiorun\/\"]}]}<\/script>\n<!-- \/ Yoast SEO plugin. -->","yoast_head_json":{"title":"Cep Ultralight No Show Socks hombre - MioMioRun.com","description":"Calcetines de verano para hombre: ligeros, transpirables y con compresi\u00f3n espec\u00edfica. Comodidad y frescor ideales para entrenamientos intensos.","robots":{"index":"index","follow":"follow","max-snippet":"max-snippet:-1","max-image-preview":"max-image-preview:large","max-video-preview":"max-video-preview:-1"},"canonical":"https:\/\/www.miomiorun.com\/es\/producto\/cep-ultralight-no-show-socks-hombre\/","og_locale":"es_ES","og_type":"article","og_title":"Cep Ultralight No Show Socks hombre - MioMioRun.com","og_description":"Calcetines de verano para hombre: ligeros, transpirables y con compresi\u00f3n espec\u00edfica. Comodidad y frescor ideales para entrenamientos intensos.","og_url":"https:\/\/www.miomiorun.com\/es\/producto\/cep-ultralight-no-show-socks-hombre\/","og_site_name":"MioMioRun","article_publisher":"https:\/\/www.facebook.com\/miomiorun\/","article_modified_time":"2026-04-29T08:59:25+00:00","og_image":[{"width":600,"height":600,"url":"https:\/\/www.miomiorun.com\/app\/uploads\/2020\/03\/Ultralight-no-show-socks-M-black-grey.jpg","type":"image\/jpeg"}],"twitter_card":"summary_large_image","twitter_misc":{"Est. reading time":"1 minute"},"schema":{"@context":"https:\/\/schema.org","@graph":[{"@type":"WebPage","@id":"https:\/\/www.miomiorun.com\/es\/producto\/cep-ultralight-no-show-socks-hombre\/","url":"https:\/\/www.miomiorun.com\/es\/producto\/cep-ultralight-no-show-socks-hombre\/","name":"Cep Ultralight No Show Socks hombre - MioMioRun.com","isPartOf":{"@id":"https:\/\/www.miomiorun.com\/es\/#website"},"primaryImageOfPage":{"@id":"https:\/\/www.miomiorun.com\/es\/producto\/cep-ultralight-no-show-socks-hombre\/#primaryimage"},"image":{"@id":"https:\/\/www.miomiorun.com\/es\/producto\/cep-ultralight-no-show-socks-hombre\/#primaryimage"},"thumbnailUrl":"https:\/\/www.miomiorun.com\/app\/uploads\/2020\/03\/Ultralight-no-show-socks-M-black-grey.jpg","datePublished":"2020-03-21T10:37:25+00:00","dateModified":"2026-04-29T08:59:25+00:00","description":"Calcetines de verano para hombre: ligeros, transpirables y con compresi\u00f3n espec\u00edfica. Comodidad y frescor ideales para entrenamientos intensos.","breadcrumb":{"@id":"https:\/\/www.miomiorun.com\/es\/producto\/cep-ultralight-no-show-socks-hombre\/#breadcrumb"},"inLanguage":"es-ES","potentialAction":[{"@type":"ReadAction","target":["https:\/\/www.miomiorun.com\/es\/producto\/cep-ultralight-no-show-socks-hombre\/"]}]},{"@type":"ImageObject","inLanguage":"es-ES","@id":"https:\/\/www.miomiorun.com\/es\/producto\/cep-ultralight-no-show-socks-hombre\/#primaryimage","url":"https:\/\/www.miomiorun.com\/app\/uploads\/2020\/03\/Ultralight-no-show-socks-M-black-grey.jpg","contentUrl":"https:\/\/www.miomiorun.com\/app\/uploads\/2020\/03\/Ultralight-no-show-socks-M-black-grey.jpg","width":600,"height":600,"caption":"Ultralight-no-show-socks-M-black-grey"},{"@type":"BreadcrumbList","@id":"https:\/\/www.miomiorun.com\/es\/producto\/cep-ultralight-no-show-socks-hombre\/#breadcrumb","itemListElement":[{"@type":"ListItem","position":1,"name":"Home","item":"https:\/\/www.miomiorun.com\/es\/"},{"@type":"ListItem","position":2,"name":"Shop","item":"https:\/\/www.miomiorun.com\/shop\/"},{"@type":"ListItem","position":3,"name":"Ultralight No Show Socks hombre"}]},{"@type":"WebSite","@id":"https:\/\/www.miomiorun.com\/es\/#website","url":"https:\/\/www.miomiorun.com\/es\/","name":"MioMioRun","description":"Tienda 100% running y trail","publisher":{"@id":"https:\/\/www.miomiorun.com\/es\/#organization"},"potentialAction":[{"@type":"SearchAction","target":{"@type":"EntryPoint","urlTemplate":"https:\/\/www.miomiorun.com\/es\/?s={search_term_string}"},"query-input":{"@type":"PropertyValueSpecification","valueRequired":true,"valueName":"search_term_string"}}],"inLanguage":"es-ES"},{"@type":"Organization","@id":"https:\/\/www.miomiorun.com\/es\/#organization","name":"MioMio Run","url":"https:\/\/www.miomiorun.com\/es\/","logo":{"@type":"ImageObject","inLanguage":"es-ES","@id":"https:\/\/www.miomiorun.com\/es\/#\/schema\/logo\/image\/","url":"https:\/\/www.miomiorun.com\/app\/uploads\/2019\/12\/logomio.png","contentUrl":"https:\/\/www.miomiorun.com\/app\/uploads\/2019\/12\/logomio.png","width":115,"height":82,"caption":"MioMio Run"},"image":{"@id":"https:\/\/www.miomiorun.com\/es\/#\/schema\/logo\/image\/"},"sameAs":["https:\/\/www.facebook.com\/miomiorun\/","https:\/\/www.instagram.com\/miomiorun\/"]}]}},"_links":{"self":[{"href":"https:\/\/www.miomiorun.com\/es\/wp-json\/wp\/v2\/product\/274027","targetHints":{"allow":["GET"]}}],"collection":[{"href":"https:\/\/www.miomiorun.com\/es\/wp-json\/wp\/v2\/product"}],"about":[{"href":"https:\/\/www.miomiorun.com\/es\/wp-json\/wp\/v2\/types\/product"}],"wp:featuredmedia":[{"embeddable":true,"href":"https:\/\/www.miomiorun.com\/es\/wp-json\/wp\/v2\/media\/229474"}],"wp:attachment":[{"href":"https:\/\/www.miomiorun.com\/es\/wp-json\/wp\/v2\/media?parent=274027"}],"wp:term":[{"taxonomy":"product_brand","embeddable":true,"href":"https:\/\/www.miomiorun.com\/es\/wp-json\/wp\/v2\/product_brand?post=274027"},{"taxonomy":"product_cat","embeddable":true,"href":"https:\/\/www.miomiorun.com\/es\/wp-json\/wp\/v2\/product_cat?post=274027"},{"taxonomy":"product_tag","embeddable":true,"href":"https:\/\/www.miomiorun.com\/es\/wp-json\/wp\/v2\/product_tag?post=274027"}],"curies":[{"name":"wp","href":"https:\/\/api.w.org\/{rel}","templated":true}]}}