{"id":273944,"date":"2020-03-23T10:21:17","date_gmt":"2020-03-23T09:21:17","guid":{"rendered":"https:\/\/miomiorun.com\/prodotto\/cep-ultralight-calf-sleeves-uomo\/"},"modified":"2026-04-29T11:05:25","modified_gmt":"2026-04-29T09:05:25","slug":"cep-ultralight-calf-sleeves-hombre","status":"publish","type":"product","link":"https:\/\/www.miomiorun.com\/es\/producto\/cep-ultralight-calf-sleeves-hombre\/","title":{"rendered":"Ultralight Calf Sleeves hombre"},"content":{"rendered":"<p>Corre y si\u00e9ntete bien: elige las perneras Ultralight Calf Sleeves para hombre y <strong>\u00a1ve a por el m\u00e1ximo rendimiento!<\/strong>&nbsp;Estas perneras son ideales incluso en temperaturas veraniegas, ya que est\u00e1n fabricadas con un material ultraligero y extremadamente fino que ofrece una gran transpirabilidad. Las ventajas de la compresi\u00f3n se combinan con&nbsp;<strong>una comodidad excelente durante los d\u00edas calurosos.<\/strong><\/p>\n<h3>Mejor circulaci\u00f3n sangu\u00ednea para aumentar el rendimiento muscular<\/h3>\n<p>La compresi\u00f3n media de las Ultralight Calf Sleeves para hombre mejora el flujo sangu\u00edneo hacia y desde los m\u00fasculos. Los nutrientes llegan al m\u00fasculo m\u00e1s r\u00e1pidamente, favoreciendo la eliminaci\u00f3n del \u00e1cido l\u00e1ctico. Esto te ayudar\u00e1 a sacar el m\u00e1ximo partido a tu velocidad y resistencia, y podr\u00e1s disfrutar de una ventaja significativa cuando m\u00e1s lo necesites.<\/p>\n<h3>Reducci\u00f3n de las vibraciones musculares para un desarrollo energ\u00e9tico eficaz<\/h3>\n<p>La eficacia se traduce en un uso espec\u00edfico de la energ\u00eda. Las perneras Ultralight Calf Sleeves para hombre amortiguan las vibraciones indeseadas de las pantorrillas y aportan <strong>m\u00e1s fuerza al movimiento.<\/strong> Adem\u00e1s de mejorar tu rendimiento, las perneras proporcionan una sensaci\u00f3n agradable, lo que contribuye a aumentar tu motivaci\u00f3n.<\/p>\n<h3>Correr y sentirse bien con temperaturas elevadas<\/h3>\n<p>El material de las perneras ofrece todo lo que necesitas durante los calurosos d\u00edas de verano. Es&nbsp;<strong>extremadamente ligero, fino y transpirable<\/strong>. Al mismo tiempo, proporciona la estabilidad necesaria, gracias tambi\u00e9n a la tecnolog\u00eda Smart-Carbon con fibras de carbono integradas.<\/p>\n<p>\u00a1Aprovecha los efectos estimulantes de las perneras Ultralight Calf Sleeves para hombre para alcanzar tu m\u00e1ximo rendimiento con las temperaturas veraniegas!<\/p>\n<h3>Caracter\u00edsticas del producto:<\/h3>\n<ul class=\"selling-points\">\n<li>La compresi\u00f3n media de las Ultralight Calf Sleeves mejora el aporte de nutrientes a la musculatura. El resultado: efecto Feel-Good y mayor rendimiento.<\/li>\n<li>El efecto compresivo reduce las vibraciones musculares que restan energ\u00eda. Te sentir\u00e1s m\u00e1s fuerte y podr\u00e1s disfrutar de una sensaci\u00f3n agradable durante la carrera.<\/li>\n<li>Las perneras estimulan en profundidad la musculatura de las pantorrillas y las estabilizan para sacar el m\u00e1ximo rendimiento durante el entrenamiento o las competiciones.<\/li>\n<li>Envuelve tus m\u00fasculos m\u00e1s de 300 veces con compresi\u00f3n gradual<\/li>\n<li>Un 25 % menos de volumen que las mangas de pantorrilla CEP 2.0<\/li>\n<li>La banda superior de Halo mantiene las mangas de pantorrilla en su sitio por debajo de la rodilla<\/li>\n<li>El dise\u00f1o ultraligero y los materiales hidr\u00f3fobos mejoran la transpirabilidad<\/li>\n<li>Compresi\u00f3n gradual de 20-30 mmHg<\/li>\n<li>F\u00e1cil mantenimiento: se puede lavar y secar a m\u00e1quina<\/li>\n<\/ul>\n<p><strong>Materiales:<\/strong> 77 % poliamida, 23 % elastano<\/p>\n<p>&nbsp;<\/p>\n","protected":false},"excerpt":{"rendered":"<p><span style=\"font-weight: 400\">Estos protectores de compresi\u00f3n ofrecen una excelente transpirabilidad, al tiempo que contribuyen a mejorar el rendimiento y a prevenir lesiones.<\/span><\/p>\n","protected":false},"featured_media":229508,"template":"","meta":{"_acf_changed":false,"inline_featured_image":false},"product_brand":[],"product_cat":[24462,24463,24464],"product_tag":[23468,23665],"class_list":{"0":"post-273944","1":"product","2":"type-product","3":"status-publish","4":"has-post-thumbnail","6":"product_cat-calcetines-es-2","7":"product_cat-ropa-de-hombre-es","8":"product_cat-hombre","9":"product_tag-cep-es","10":"product_tag-cep-hombre","11":"pa_attivita-running-es","12":"pa_attivita-trail-es","13":"pa_circonferenza-polpaccio-32-38-es","14":"pa_circonferenza-polpaccio-39-44-es","15":"pa_circonferenza-polpaccio-45-51-es-2","16":"pa_colore-sleeves-ultalight-m-grey-es","17":"pa_colore-sleeves-ultralight-lava-grey-es","18":"pa_colore-sleeves-ultralight-m-black-es","19":"pa_colore-sleeves-ultralight-m-blu-es","20":"pa_colore-ultralight-calf-sleeve-m-white-green-es","21":"pa_colore-ultralight-calf-sleeves-m-black-grey-es","22":"pa_colore-ultralight-calf-sleeves-m-blu-green-es-2","23":"pa_marca-cep-es","24":"pa_sesso-hombre","26":"first","27":"instock","28":"sale","29":"taxable","30":"shipping-taxable","31":"purchasable","32":"product-type-variable","33":"wvs-archive-product-wrapper"},"acf":[],"yoast_head":"<!-- This site is optimized with the Yoast SEO plugin v26.8 - https:\/\/yoast.com\/product\/yoast-seo-wordpress\/ -->\n<title>Cep Ultralight Calf Sleeves hombre - MioMioRun.com<\/title>\n<meta name=\"description\" content=\"Estas mallas de compresi\u00f3n ofrecen una excelente transpirabilidad y, al mismo tiempo, mejoran el rendimiento y previenen las lesiones.\" \/>\n<meta name=\"robots\" content=\"index, follow, max-snippet:-1, max-image-preview:large, max-video-preview:-1\" \/>\n<link rel=\"canonical\" href=\"https:\/\/www.miomiorun.com\/es\/producto\/cep-ultralight-calf-sleeves-hombre\/\" \/>\n<meta property=\"og:locale\" content=\"es_ES\" \/>\n<meta property=\"og:type\" content=\"article\" \/>\n<meta property=\"og:title\" content=\"Cep Ultralight Calf Sleeves hombre - MioMioRun.com\" \/>\n<meta property=\"og:description\" content=\"Estas mallas de compresi\u00f3n ofrecen una excelente transpirabilidad y, al mismo tiempo, mejoran el rendimiento y previenen las lesiones.\" \/>\n<meta property=\"og:url\" content=\"https:\/\/www.miomiorun.com\/es\/producto\/cep-ultralight-calf-sleeves-hombre\/\" \/>\n<meta property=\"og:site_name\" content=\"MioMioRun\" \/>\n<meta property=\"article:publisher\" content=\"https:\/\/www.facebook.com\/miomiorun\/\" \/>\n<meta property=\"article:modified_time\" content=\"2026-04-29T09:05:25+00:00\" \/>\n<meta property=\"og:image\" content=\"https:\/\/www.miomiorun.com\/app\/uploads\/2020\/03\/Ultralight-calf-sleeves-M-black-grey.jpg\" \/>\n\t<meta property=\"og:image:width\" content=\"600\" \/>\n\t<meta property=\"og:image:height\" content=\"600\" \/>\n\t<meta property=\"og:image:type\" content=\"image\/jpeg\" \/>\n<meta name=\"twitter:card\" content=\"summary_large_image\" \/>\n<meta name=\"twitter:label1\" content=\"Est. reading time\" \/>\n\t<meta name=\"twitter:data1\" content=\"2 minutes\" \/>\n<script type=\"application\/ld+json\" class=\"yoast-schema-graph\">{\"@context\":\"https:\/\/schema.org\",\"@graph\":[{\"@type\":\"WebPage\",\"@id\":\"https:\/\/www.miomiorun.com\/es\/producto\/cep-ultralight-calf-sleeves-hombre\/\",\"url\":\"https:\/\/www.miomiorun.com\/es\/producto\/cep-ultralight-calf-sleeves-hombre\/\",\"name\":\"Cep Ultralight Calf Sleeves hombre - MioMioRun.com\",\"isPartOf\":{\"@id\":\"https:\/\/www.miomiorun.com\/es\/#website\"},\"primaryImageOfPage\":{\"@id\":\"https:\/\/www.miomiorun.com\/es\/producto\/cep-ultralight-calf-sleeves-hombre\/#primaryimage\"},\"image\":{\"@id\":\"https:\/\/www.miomiorun.com\/es\/producto\/cep-ultralight-calf-sleeves-hombre\/#primaryimage\"},\"thumbnailUrl\":\"https:\/\/www.miomiorun.com\/app\/uploads\/2020\/03\/Ultralight-calf-sleeves-M-black-grey.jpg\",\"datePublished\":\"2020-03-23T09:21:17+00:00\",\"dateModified\":\"2026-04-29T09:05:25+00:00\",\"description\":\"Estas mallas de compresi\u00f3n ofrecen una excelente transpirabilidad y, al mismo tiempo, mejoran el rendimiento y previenen las lesiones.\",\"breadcrumb\":{\"@id\":\"https:\/\/www.miomiorun.com\/es\/producto\/cep-ultralight-calf-sleeves-hombre\/#breadcrumb\"},\"inLanguage\":\"es-ES\",\"potentialAction\":[{\"@type\":\"ReadAction\",\"target\":[\"https:\/\/www.miomiorun.com\/es\/producto\/cep-ultralight-calf-sleeves-hombre\/\"]}]},{\"@type\":\"ImageObject\",\"inLanguage\":\"es-ES\",\"@id\":\"https:\/\/www.miomiorun.com\/es\/producto\/cep-ultralight-calf-sleeves-hombre\/#primaryimage\",\"url\":\"https:\/\/www.miomiorun.com\/app\/uploads\/2020\/03\/Ultralight-calf-sleeves-M-black-grey.jpg\",\"contentUrl\":\"https:\/\/www.miomiorun.com\/app\/uploads\/2020\/03\/Ultralight-calf-sleeves-M-black-grey.jpg\",\"width\":600,\"height\":600,\"caption\":\"Ultralight-calf-sleeves-M-black-grey\"},{\"@type\":\"BreadcrumbList\",\"@id\":\"https:\/\/www.miomiorun.com\/es\/producto\/cep-ultralight-calf-sleeves-hombre\/#breadcrumb\",\"itemListElement\":[{\"@type\":\"ListItem\",\"position\":1,\"name\":\"Home\",\"item\":\"https:\/\/www.miomiorun.com\/es\/\"},{\"@type\":\"ListItem\",\"position\":2,\"name\":\"Shop\",\"item\":\"https:\/\/www.miomiorun.com\/shop\/\"},{\"@type\":\"ListItem\",\"position\":3,\"name\":\"Ultralight Calf Sleeves hombre\"}]},{\"@type\":\"WebSite\",\"@id\":\"https:\/\/www.miomiorun.com\/es\/#website\",\"url\":\"https:\/\/www.miomiorun.com\/es\/\",\"name\":\"MioMioRun\",\"description\":\"Tienda 100% running y trail\",\"publisher\":{\"@id\":\"https:\/\/www.miomiorun.com\/es\/#organization\"},\"potentialAction\":[{\"@type\":\"SearchAction\",\"target\":{\"@type\":\"EntryPoint\",\"urlTemplate\":\"https:\/\/www.miomiorun.com\/es\/?s={search_term_string}\"},\"query-input\":{\"@type\":\"PropertyValueSpecification\",\"valueRequired\":true,\"valueName\":\"search_term_string\"}}],\"inLanguage\":\"es-ES\"},{\"@type\":\"Organization\",\"@id\":\"https:\/\/www.miomiorun.com\/es\/#organization\",\"name\":\"MioMio Run\",\"url\":\"https:\/\/www.miomiorun.com\/es\/\",\"logo\":{\"@type\":\"ImageObject\",\"inLanguage\":\"es-ES\",\"@id\":\"https:\/\/www.miomiorun.com\/es\/#\/schema\/logo\/image\/\",\"url\":\"https:\/\/www.miomiorun.com\/app\/uploads\/2019\/12\/logomio.png\",\"contentUrl\":\"https:\/\/www.miomiorun.com\/app\/uploads\/2019\/12\/logomio.png\",\"width\":115,\"height\":82,\"caption\":\"MioMio Run\"},\"image\":{\"@id\":\"https:\/\/www.miomiorun.com\/es\/#\/schema\/logo\/image\/\"},\"sameAs\":[\"https:\/\/www.facebook.com\/miomiorun\/\",\"https:\/\/www.instagram.com\/miomiorun\/\"]}]}<\/script>\n<!-- \/ Yoast SEO plugin. -->","yoast_head_json":{"title":"Cep Ultralight Calf Sleeves hombre - MioMioRun.com","description":"Estas mallas de compresi\u00f3n ofrecen una excelente transpirabilidad y, al mismo tiempo, mejoran el rendimiento y previenen las lesiones.","robots":{"index":"index","follow":"follow","max-snippet":"max-snippet:-1","max-image-preview":"max-image-preview:large","max-video-preview":"max-video-preview:-1"},"canonical":"https:\/\/www.miomiorun.com\/es\/producto\/cep-ultralight-calf-sleeves-hombre\/","og_locale":"es_ES","og_type":"article","og_title":"Cep Ultralight Calf Sleeves hombre - MioMioRun.com","og_description":"Estas mallas de compresi\u00f3n ofrecen una excelente transpirabilidad y, al mismo tiempo, mejoran el rendimiento y previenen las lesiones.","og_url":"https:\/\/www.miomiorun.com\/es\/producto\/cep-ultralight-calf-sleeves-hombre\/","og_site_name":"MioMioRun","article_publisher":"https:\/\/www.facebook.com\/miomiorun\/","article_modified_time":"2026-04-29T09:05:25+00:00","og_image":[{"width":600,"height":600,"url":"https:\/\/www.miomiorun.com\/app\/uploads\/2020\/03\/Ultralight-calf-sleeves-M-black-grey.jpg","type":"image\/jpeg"}],"twitter_card":"summary_large_image","twitter_misc":{"Est. reading time":"2 minutes"},"schema":{"@context":"https:\/\/schema.org","@graph":[{"@type":"WebPage","@id":"https:\/\/www.miomiorun.com\/es\/producto\/cep-ultralight-calf-sleeves-hombre\/","url":"https:\/\/www.miomiorun.com\/es\/producto\/cep-ultralight-calf-sleeves-hombre\/","name":"Cep Ultralight Calf Sleeves hombre - MioMioRun.com","isPartOf":{"@id":"https:\/\/www.miomiorun.com\/es\/#website"},"primaryImageOfPage":{"@id":"https:\/\/www.miomiorun.com\/es\/producto\/cep-ultralight-calf-sleeves-hombre\/#primaryimage"},"image":{"@id":"https:\/\/www.miomiorun.com\/es\/producto\/cep-ultralight-calf-sleeves-hombre\/#primaryimage"},"thumbnailUrl":"https:\/\/www.miomiorun.com\/app\/uploads\/2020\/03\/Ultralight-calf-sleeves-M-black-grey.jpg","datePublished":"2020-03-23T09:21:17+00:00","dateModified":"2026-04-29T09:05:25+00:00","description":"Estas mallas de compresi\u00f3n ofrecen una excelente transpirabilidad y, al mismo tiempo, mejoran el rendimiento y previenen las lesiones.","breadcrumb":{"@id":"https:\/\/www.miomiorun.com\/es\/producto\/cep-ultralight-calf-sleeves-hombre\/#breadcrumb"},"inLanguage":"es-ES","potentialAction":[{"@type":"ReadAction","target":["https:\/\/www.miomiorun.com\/es\/producto\/cep-ultralight-calf-sleeves-hombre\/"]}]},{"@type":"ImageObject","inLanguage":"es-ES","@id":"https:\/\/www.miomiorun.com\/es\/producto\/cep-ultralight-calf-sleeves-hombre\/#primaryimage","url":"https:\/\/www.miomiorun.com\/app\/uploads\/2020\/03\/Ultralight-calf-sleeves-M-black-grey.jpg","contentUrl":"https:\/\/www.miomiorun.com\/app\/uploads\/2020\/03\/Ultralight-calf-sleeves-M-black-grey.jpg","width":600,"height":600,"caption":"Ultralight-calf-sleeves-M-black-grey"},{"@type":"BreadcrumbList","@id":"https:\/\/www.miomiorun.com\/es\/producto\/cep-ultralight-calf-sleeves-hombre\/#breadcrumb","itemListElement":[{"@type":"ListItem","position":1,"name":"Home","item":"https:\/\/www.miomiorun.com\/es\/"},{"@type":"ListItem","position":2,"name":"Shop","item":"https:\/\/www.miomiorun.com\/shop\/"},{"@type":"ListItem","position":3,"name":"Ultralight Calf Sleeves hombre"}]},{"@type":"WebSite","@id":"https:\/\/www.miomiorun.com\/es\/#website","url":"https:\/\/www.miomiorun.com\/es\/","name":"MioMioRun","description":"Tienda 100% running y trail","publisher":{"@id":"https:\/\/www.miomiorun.com\/es\/#organization"},"potentialAction":[{"@type":"SearchAction","target":{"@type":"EntryPoint","urlTemplate":"https:\/\/www.miomiorun.com\/es\/?s={search_term_string}"},"query-input":{"@type":"PropertyValueSpecification","valueRequired":true,"valueName":"search_term_string"}}],"inLanguage":"es-ES"},{"@type":"Organization","@id":"https:\/\/www.miomiorun.com\/es\/#organization","name":"MioMio Run","url":"https:\/\/www.miomiorun.com\/es\/","logo":{"@type":"ImageObject","inLanguage":"es-ES","@id":"https:\/\/www.miomiorun.com\/es\/#\/schema\/logo\/image\/","url":"https:\/\/www.miomiorun.com\/app\/uploads\/2019\/12\/logomio.png","contentUrl":"https:\/\/www.miomiorun.com\/app\/uploads\/2019\/12\/logomio.png","width":115,"height":82,"caption":"MioMio Run"},"image":{"@id":"https:\/\/www.miomiorun.com\/es\/#\/schema\/logo\/image\/"},"sameAs":["https:\/\/www.facebook.com\/miomiorun\/","https:\/\/www.instagram.com\/miomiorun\/"]}]}},"_links":{"self":[{"href":"https:\/\/www.miomiorun.com\/es\/wp-json\/wp\/v2\/product\/273944","targetHints":{"allow":["GET"]}}],"collection":[{"href":"https:\/\/www.miomiorun.com\/es\/wp-json\/wp\/v2\/product"}],"about":[{"href":"https:\/\/www.miomiorun.com\/es\/wp-json\/wp\/v2\/types\/product"}],"wp:featuredmedia":[{"embeddable":true,"href":"https:\/\/www.miomiorun.com\/es\/wp-json\/wp\/v2\/media\/229508"}],"wp:attachment":[{"href":"https:\/\/www.miomiorun.com\/es\/wp-json\/wp\/v2\/media?parent=273944"}],"wp:term":[{"taxonomy":"product_brand","embeddable":true,"href":"https:\/\/www.miomiorun.com\/es\/wp-json\/wp\/v2\/product_brand?post=273944"},{"taxonomy":"product_cat","embeddable":true,"href":"https:\/\/www.miomiorun.com\/es\/wp-json\/wp\/v2\/product_cat?post=273944"},{"taxonomy":"product_tag","embeddable":true,"href":"https:\/\/www.miomiorun.com\/es\/wp-json\/wp\/v2\/product_tag?post=273944"}],"curies":[{"name":"wp","href":"https:\/\/api.w.org\/{rel}","templated":true}]}}