{"id":273938,"date":"2020-03-23T10:21:15","date_gmt":"2020-03-23T09:21:15","guid":{"rendered":"https:\/\/miomiorun.com\/prodotto\/cep-ultralight-calf-sleeves-donna\/"},"modified":"2026-04-29T11:04:13","modified_gmt":"2026-04-29T09:04:13","slug":"cep-ultralight-calf-sleeves-mujer","status":"publish","type":"product","link":"https:\/\/www.miomiorun.com\/es\/producto\/cep-ultralight-calf-sleeves-mujer\/","title":{"rendered":"Ultralight Calf Sleeves mujer"},"content":{"rendered":"<p><strong>Alcanza nuevos r\u00e9cords, si\u00e9ntete bien y en forma&nbsp; <\/strong>gracias a las mangas de compresi\u00f3n Ultralight para mujer. Estas mangas convencen incluso con temperaturas elevadas, gracias a su tejido fino, ultraligero y transpirable. Disfruta de las ventajas de la compresi\u00f3n <strong>para una carrera veraniega c\u00f3moda y ligera.<\/strong><\/p>\n<h3>Mejor rendimiento muscular gracias a una mejor circulaci\u00f3n<\/h3>\n<p>Un rendimiento \u00f3ptimo requiere un aporte adecuado de nutrientes a la musculatura y la r\u00e1pida eliminaci\u00f3n del \u00e1cido l\u00e1ctico. Las mangas de compresi\u00f3n Ultralight para mujer con compresi\u00f3n media mejoran la circulaci\u00f3n y aumentan tu potencial para aprovechar m\u00e1s fuerza y resistencia en situaciones decisivas.<\/p>\n<h3>Reducci\u00f3n de las vibraciones musculares para ganar fuerza<\/h3>\n<p>Otro efecto positivo de las mangas de compresi\u00f3n Ultralight para mujer es la reducci\u00f3n de las vibraciones musculares que restan energ\u00eda. El resultado: dispones de m\u00e1s fuerza para el movimiento y puedes alcanzar tus nuevas marcas personales sin obst\u00e1culos. El efecto de compresi\u00f3n proporciona una sensaci\u00f3n agradable que <strong>aumenta la motivaci\u00f3n y las ganas de practicar deporte. <\/strong><\/p>\n<h3>Sentirse bien y mejorar el rendimiento con temperaturas veraniegas<\/h3>\n<p>El&nbsp;<strong>material ultradelgado, ligero y transpirable<\/strong>&nbsp;completa el dise\u00f1o de estos calcetines de estilo deportivo y contribuye a garantizar una comodidad perfecta con temperaturas elevadas. Tampoco se descuida la estabilidad y las fibras de carbono hacen que el tejido sea resistente.<\/p>\n<p>\u00a1Aumenta tu rendimiento con las mangas de compresi\u00f3n Ultralight para mujer y disfruta de su excelente comodidad en verano!<\/p>\n<h3>Caracter\u00edsticas del producto:<\/h3>\n<ul class=\"selling-points\">\n<li>La suave presi\u00f3n estimula en profundidad para estabilizar la musculatura de las pantorrillas y lograr un rendimiento \u00f3ptimo cuando m\u00e1s lo necesitas.<\/li>\n<li>La compresi\u00f3n media reduce las vibraciones musculares que restan energ\u00eda, para una mayor fuerza durante la carrera y una mejor sensaci\u00f3n.<\/li>\n<li>M\u00e1s rendimiento con efecto Feel-Good: las mangas de compresi\u00f3n Ultralight para mujer, con un dise\u00f1o moderno, mejoran el aporte de nutrientes a la musculatura gracias al efecto de la compresi\u00f3n.<\/li>\n<li>Envuelve tus m\u00fasculos m\u00e1s de 300 veces con compresi\u00f3n gradual<\/li>\n<li>Un 25 % menos de volumen que las mangas de becerro CEP 2.0<\/li>\n<li>La banda superior de Halo mantiene las mangas de la pantorrilla en su sitio por debajo de la rodilla<\/li>\n<li>El dise\u00f1o ultraligero y los materiales hidr\u00f3fobos mejoran la transpirabilidad<\/li>\n<li>Compresi\u00f3n gradual de 20-30 mmHg<\/li>\n<li>F\u00e1cil mantenimiento: se puede lavar y secar a m\u00e1quina<\/li>\n<\/ul>\n<p><strong>Materiales:<\/strong>77 % poliamida, 23 % elastano<\/p>\n","protected":false},"excerpt":{"rendered":"<p><span style=\"font-weight: 400\">Estos manguitos de compresi\u00f3n ofrecen una excelente transpirabilidad, al tiempo que contribuyen a mejorar el rendimiento y a prevenir lesiones.<\/span><\/p>\n","protected":false},"featured_media":229514,"template":"","meta":{"_acf_changed":false,"inline_featured_image":false},"product_brand":[],"product_cat":[24400,24401,24402],"product_tag":[23468,23666],"class_list":{"0":"post-273938","1":"product","2":"type-product","3":"status-publish","4":"has-post-thumbnail","6":"product_cat-calcetines","7":"product_cat-ropa-de-mujer","8":"product_cat-mujer","9":"product_tag-cep-es","10":"product_tag-cep-mujer","11":"pa_attivita-running-es","12":"pa_attivita-trail-es","13":"pa_circonferenza-polpaccio-24-31-es","14":"pa_circonferenza-polpaccio-32-38-es","15":"pa_circonferenza-polpaccio-39-44-es","16":"pa_colore-sleeves-ultalight-w-pink-es","17":"pa_colore-sleeves-ultralight-w-black-es","18":"pa_colore-sleeves-ultralight-w-grey-es","19":"pa_marca-cep-es","20":"pa_sesso-mujer","22":"first","23":"instock","24":"sale","25":"taxable","26":"shipping-taxable","27":"purchasable","28":"product-type-variable","29":"wvs-archive-product-wrapper"},"acf":[],"yoast_head":"<!-- This site is optimized with the Yoast SEO plugin v26.8 - https:\/\/yoast.com\/product\/yoast-seo-wordpress\/ -->\n<title>Cep Ultralight Calf Sleeves mujer - MioMioRun.com<\/title>\n<meta name=\"description\" content=\"Estas mallas de compresi\u00f3n ofrecen una excelente transpirabilidad y, al mismo tiempo, mejoran el rendimiento y previenen las lesiones.\" \/>\n<meta name=\"robots\" content=\"index, follow, max-snippet:-1, max-image-preview:large, max-video-preview:-1\" \/>\n<link rel=\"canonical\" href=\"https:\/\/www.miomiorun.com\/es\/producto\/cep-ultralight-calf-sleeves-mujer\/\" \/>\n<meta property=\"og:locale\" content=\"es_ES\" \/>\n<meta property=\"og:type\" content=\"article\" \/>\n<meta property=\"og:title\" content=\"Cep Ultralight Calf Sleeves mujer - MioMioRun.com\" \/>\n<meta property=\"og:description\" content=\"Estas mallas de compresi\u00f3n ofrecen una excelente transpirabilidad y, al mismo tiempo, mejoran el rendimiento y previenen las lesiones.\" \/>\n<meta property=\"og:url\" content=\"https:\/\/www.miomiorun.com\/es\/producto\/cep-ultralight-calf-sleeves-mujer\/\" \/>\n<meta property=\"og:site_name\" content=\"MioMioRun\" \/>\n<meta property=\"article:publisher\" content=\"https:\/\/www.facebook.com\/miomiorun\/\" \/>\n<meta property=\"article:modified_time\" content=\"2026-04-29T09:04:13+00:00\" \/>\n<meta property=\"og:image\" content=\"https:\/\/www.miomiorun.com\/app\/uploads\/2020\/03\/Ultralight-calf-sleeve-W-black-grey.jpg\" \/>\n\t<meta property=\"og:image:width\" content=\"600\" \/>\n\t<meta property=\"og:image:height\" content=\"600\" \/>\n\t<meta property=\"og:image:type\" content=\"image\/jpeg\" \/>\n<meta name=\"twitter:card\" content=\"summary_large_image\" \/>\n<meta name=\"twitter:label1\" content=\"Est. reading time\" \/>\n\t<meta name=\"twitter:data1\" content=\"2 minutes\" \/>\n<script type=\"application\/ld+json\" class=\"yoast-schema-graph\">{\"@context\":\"https:\/\/schema.org\",\"@graph\":[{\"@type\":\"WebPage\",\"@id\":\"https:\/\/www.miomiorun.com\/es\/producto\/cep-ultralight-calf-sleeves-mujer\/\",\"url\":\"https:\/\/www.miomiorun.com\/es\/producto\/cep-ultralight-calf-sleeves-mujer\/\",\"name\":\"Cep Ultralight Calf Sleeves mujer - MioMioRun.com\",\"isPartOf\":{\"@id\":\"https:\/\/www.miomiorun.com\/es\/#website\"},\"primaryImageOfPage\":{\"@id\":\"https:\/\/www.miomiorun.com\/es\/producto\/cep-ultralight-calf-sleeves-mujer\/#primaryimage\"},\"image\":{\"@id\":\"https:\/\/www.miomiorun.com\/es\/producto\/cep-ultralight-calf-sleeves-mujer\/#primaryimage\"},\"thumbnailUrl\":\"https:\/\/www.miomiorun.com\/app\/uploads\/2020\/03\/Ultralight-calf-sleeve-W-black-grey.jpg\",\"datePublished\":\"2020-03-23T09:21:15+00:00\",\"dateModified\":\"2026-04-29T09:04:13+00:00\",\"description\":\"Estas mallas de compresi\u00f3n ofrecen una excelente transpirabilidad y, al mismo tiempo, mejoran el rendimiento y previenen las lesiones.\",\"breadcrumb\":{\"@id\":\"https:\/\/www.miomiorun.com\/es\/producto\/cep-ultralight-calf-sleeves-mujer\/#breadcrumb\"},\"inLanguage\":\"es-ES\",\"potentialAction\":[{\"@type\":\"ReadAction\",\"target\":[\"https:\/\/www.miomiorun.com\/es\/producto\/cep-ultralight-calf-sleeves-mujer\/\"]}]},{\"@type\":\"ImageObject\",\"inLanguage\":\"es-ES\",\"@id\":\"https:\/\/www.miomiorun.com\/es\/producto\/cep-ultralight-calf-sleeves-mujer\/#primaryimage\",\"url\":\"https:\/\/www.miomiorun.com\/app\/uploads\/2020\/03\/Ultralight-calf-sleeve-W-black-grey.jpg\",\"contentUrl\":\"https:\/\/www.miomiorun.com\/app\/uploads\/2020\/03\/Ultralight-calf-sleeve-W-black-grey.jpg\",\"width\":600,\"height\":600,\"caption\":\"Ultralight-calf-sleeve-W-black-grey\"},{\"@type\":\"BreadcrumbList\",\"@id\":\"https:\/\/www.miomiorun.com\/es\/producto\/cep-ultralight-calf-sleeves-mujer\/#breadcrumb\",\"itemListElement\":[{\"@type\":\"ListItem\",\"position\":1,\"name\":\"Home\",\"item\":\"https:\/\/www.miomiorun.com\/es\/\"},{\"@type\":\"ListItem\",\"position\":2,\"name\":\"Shop\",\"item\":\"https:\/\/www.miomiorun.com\/shop\/\"},{\"@type\":\"ListItem\",\"position\":3,\"name\":\"Ultralight Calf Sleeves mujer\"}]},{\"@type\":\"WebSite\",\"@id\":\"https:\/\/www.miomiorun.com\/es\/#website\",\"url\":\"https:\/\/www.miomiorun.com\/es\/\",\"name\":\"MioMioRun\",\"description\":\"Tienda 100% running y trail\",\"publisher\":{\"@id\":\"https:\/\/www.miomiorun.com\/es\/#organization\"},\"potentialAction\":[{\"@type\":\"SearchAction\",\"target\":{\"@type\":\"EntryPoint\",\"urlTemplate\":\"https:\/\/www.miomiorun.com\/es\/?s={search_term_string}\"},\"query-input\":{\"@type\":\"PropertyValueSpecification\",\"valueRequired\":true,\"valueName\":\"search_term_string\"}}],\"inLanguage\":\"es-ES\"},{\"@type\":\"Organization\",\"@id\":\"https:\/\/www.miomiorun.com\/es\/#organization\",\"name\":\"MioMio Run\",\"url\":\"https:\/\/www.miomiorun.com\/es\/\",\"logo\":{\"@type\":\"ImageObject\",\"inLanguage\":\"es-ES\",\"@id\":\"https:\/\/www.miomiorun.com\/es\/#\/schema\/logo\/image\/\",\"url\":\"https:\/\/www.miomiorun.com\/app\/uploads\/2019\/12\/logomio.png\",\"contentUrl\":\"https:\/\/www.miomiorun.com\/app\/uploads\/2019\/12\/logomio.png\",\"width\":115,\"height\":82,\"caption\":\"MioMio Run\"},\"image\":{\"@id\":\"https:\/\/www.miomiorun.com\/es\/#\/schema\/logo\/image\/\"},\"sameAs\":[\"https:\/\/www.facebook.com\/miomiorun\/\",\"https:\/\/www.instagram.com\/miomiorun\/\"]}]}<\/script>\n<!-- \/ Yoast SEO plugin. -->","yoast_head_json":{"title":"Cep Ultralight Calf Sleeves mujer - MioMioRun.com","description":"Estas mallas de compresi\u00f3n ofrecen una excelente transpirabilidad y, al mismo tiempo, mejoran el rendimiento y previenen las lesiones.","robots":{"index":"index","follow":"follow","max-snippet":"max-snippet:-1","max-image-preview":"max-image-preview:large","max-video-preview":"max-video-preview:-1"},"canonical":"https:\/\/www.miomiorun.com\/es\/producto\/cep-ultralight-calf-sleeves-mujer\/","og_locale":"es_ES","og_type":"article","og_title":"Cep Ultralight Calf Sleeves mujer - MioMioRun.com","og_description":"Estas mallas de compresi\u00f3n ofrecen una excelente transpirabilidad y, al mismo tiempo, mejoran el rendimiento y previenen las lesiones.","og_url":"https:\/\/www.miomiorun.com\/es\/producto\/cep-ultralight-calf-sleeves-mujer\/","og_site_name":"MioMioRun","article_publisher":"https:\/\/www.facebook.com\/miomiorun\/","article_modified_time":"2026-04-29T09:04:13+00:00","og_image":[{"width":600,"height":600,"url":"https:\/\/www.miomiorun.com\/app\/uploads\/2020\/03\/Ultralight-calf-sleeve-W-black-grey.jpg","type":"image\/jpeg"}],"twitter_card":"summary_large_image","twitter_misc":{"Est. reading time":"2 minutes"},"schema":{"@context":"https:\/\/schema.org","@graph":[{"@type":"WebPage","@id":"https:\/\/www.miomiorun.com\/es\/producto\/cep-ultralight-calf-sleeves-mujer\/","url":"https:\/\/www.miomiorun.com\/es\/producto\/cep-ultralight-calf-sleeves-mujer\/","name":"Cep Ultralight Calf Sleeves mujer - MioMioRun.com","isPartOf":{"@id":"https:\/\/www.miomiorun.com\/es\/#website"},"primaryImageOfPage":{"@id":"https:\/\/www.miomiorun.com\/es\/producto\/cep-ultralight-calf-sleeves-mujer\/#primaryimage"},"image":{"@id":"https:\/\/www.miomiorun.com\/es\/producto\/cep-ultralight-calf-sleeves-mujer\/#primaryimage"},"thumbnailUrl":"https:\/\/www.miomiorun.com\/app\/uploads\/2020\/03\/Ultralight-calf-sleeve-W-black-grey.jpg","datePublished":"2020-03-23T09:21:15+00:00","dateModified":"2026-04-29T09:04:13+00:00","description":"Estas mallas de compresi\u00f3n ofrecen una excelente transpirabilidad y, al mismo tiempo, mejoran el rendimiento y previenen las lesiones.","breadcrumb":{"@id":"https:\/\/www.miomiorun.com\/es\/producto\/cep-ultralight-calf-sleeves-mujer\/#breadcrumb"},"inLanguage":"es-ES","potentialAction":[{"@type":"ReadAction","target":["https:\/\/www.miomiorun.com\/es\/producto\/cep-ultralight-calf-sleeves-mujer\/"]}]},{"@type":"ImageObject","inLanguage":"es-ES","@id":"https:\/\/www.miomiorun.com\/es\/producto\/cep-ultralight-calf-sleeves-mujer\/#primaryimage","url":"https:\/\/www.miomiorun.com\/app\/uploads\/2020\/03\/Ultralight-calf-sleeve-W-black-grey.jpg","contentUrl":"https:\/\/www.miomiorun.com\/app\/uploads\/2020\/03\/Ultralight-calf-sleeve-W-black-grey.jpg","width":600,"height":600,"caption":"Ultralight-calf-sleeve-W-black-grey"},{"@type":"BreadcrumbList","@id":"https:\/\/www.miomiorun.com\/es\/producto\/cep-ultralight-calf-sleeves-mujer\/#breadcrumb","itemListElement":[{"@type":"ListItem","position":1,"name":"Home","item":"https:\/\/www.miomiorun.com\/es\/"},{"@type":"ListItem","position":2,"name":"Shop","item":"https:\/\/www.miomiorun.com\/shop\/"},{"@type":"ListItem","position":3,"name":"Ultralight Calf Sleeves mujer"}]},{"@type":"WebSite","@id":"https:\/\/www.miomiorun.com\/es\/#website","url":"https:\/\/www.miomiorun.com\/es\/","name":"MioMioRun","description":"Tienda 100% running y trail","publisher":{"@id":"https:\/\/www.miomiorun.com\/es\/#organization"},"potentialAction":[{"@type":"SearchAction","target":{"@type":"EntryPoint","urlTemplate":"https:\/\/www.miomiorun.com\/es\/?s={search_term_string}"},"query-input":{"@type":"PropertyValueSpecification","valueRequired":true,"valueName":"search_term_string"}}],"inLanguage":"es-ES"},{"@type":"Organization","@id":"https:\/\/www.miomiorun.com\/es\/#organization","name":"MioMio Run","url":"https:\/\/www.miomiorun.com\/es\/","logo":{"@type":"ImageObject","inLanguage":"es-ES","@id":"https:\/\/www.miomiorun.com\/es\/#\/schema\/logo\/image\/","url":"https:\/\/www.miomiorun.com\/app\/uploads\/2019\/12\/logomio.png","contentUrl":"https:\/\/www.miomiorun.com\/app\/uploads\/2019\/12\/logomio.png","width":115,"height":82,"caption":"MioMio Run"},"image":{"@id":"https:\/\/www.miomiorun.com\/es\/#\/schema\/logo\/image\/"},"sameAs":["https:\/\/www.facebook.com\/miomiorun\/","https:\/\/www.instagram.com\/miomiorun\/"]}]}},"_links":{"self":[{"href":"https:\/\/www.miomiorun.com\/es\/wp-json\/wp\/v2\/product\/273938","targetHints":{"allow":["GET"]}}],"collection":[{"href":"https:\/\/www.miomiorun.com\/es\/wp-json\/wp\/v2\/product"}],"about":[{"href":"https:\/\/www.miomiorun.com\/es\/wp-json\/wp\/v2\/types\/product"}],"wp:featuredmedia":[{"embeddable":true,"href":"https:\/\/www.miomiorun.com\/es\/wp-json\/wp\/v2\/media\/229514"}],"wp:attachment":[{"href":"https:\/\/www.miomiorun.com\/es\/wp-json\/wp\/v2\/media?parent=273938"}],"wp:term":[{"taxonomy":"product_brand","embeddable":true,"href":"https:\/\/www.miomiorun.com\/es\/wp-json\/wp\/v2\/product_brand?post=273938"},{"taxonomy":"product_cat","embeddable":true,"href":"https:\/\/www.miomiorun.com\/es\/wp-json\/wp\/v2\/product_cat?post=273938"},{"taxonomy":"product_tag","embeddable":true,"href":"https:\/\/www.miomiorun.com\/es\/wp-json\/wp\/v2\/product_tag?post=273938"}],"curies":[{"name":"wp","href":"https:\/\/api.w.org\/{rel}","templated":true}]}}