{"id":263832,"date":"2025-03-04T11:43:08","date_gmt":"2025-03-04T10:43:08","guid":{"rendered":"https:\/\/miomiorun.com\/prodotto\/hoka-cielo-x1-2-0\/"},"modified":"2025-11-19T13:39:46","modified_gmt":"2025-11-19T12:39:46","slug":"hoka-cielo-x1-2-0","status":"publish","type":"product","link":"https:\/\/www.miomiorun.com\/es\/producto\/hoka-cielo-x1-2-0\/","title":{"rendered":"Cielo X1 2.0"},"content":{"rendered":"<p><div class=\"vc-row container\"><div class=\"vc-column\"><div class=\"vc-column-text\"><\/p>\n<p><strong>Especificaciones t\u00e9cnicas<\/strong><\/p>\n<p>Drop: 7mm<br \/>\nPeso: 228 g<br \/>\nIdeal para : atletas que buscan zapatillas para correr carreras de fondo, batir sus marcas personales y subir al podio.<br \/>\nPeso del atleta : 60-75 kg<br \/>\nRitmo de carrera : r\u00e1pido &lt; 4.00 min\/km<br \/>\n<a href=\"https:\/\/miomiorun.com\/es\/guia-especifica\/\">Gu\u00eda de especificaciones<\/a><\/p>\n<p><\/div><\/div><div class=\"vc-column\"><div class=\"vc-column-text\">Si eres un fan\u00e1tico de la velocidad y buscas una zapatilla de running que te proporcione la m\u00e1xima propulsi\u00f3n, la Cielo X1 2.0 es para ti. Dise\u00f1ada para acelerar tu zancada, esta zapatilla es la compa\u00f1era ideal para aquellos que quieren superar sus l\u00edmites y mejorar su marca personal. Su entresuela PEBA de doble densidad es extremadamente receptiva, mientras que la placa de ala de fibra de carbono y el agresivo MetaRocker\u2122 en el antepi\u00e9 te proporcionan un potente empuje y una experiencia de carrera inigualable, optimizando cada zancada para conseguir la m\u00e1xima velocidad.<\/p>\n<p>La parte superior de malla jacquard t\u00e9cnica es ligera y transpirable, mientras que el modelo se ha aligerado con muescas din\u00e1micas sin sacrificar la estabilidad. El cuello acolchado garantiza la m\u00e1xima sujeci\u00f3n del pie, mientras que la suela de goma antideslizante ofrece una tracci\u00f3n \u00f3ptima en carretera, permiti\u00e9ndote correr con mayor confianza. Adem\u00e1s, el dise\u00f1o incluye un refuerzo serigrafiado en 3D y una leng\u00fceta de tejido de poli\u00e9ster 100% reciclado para un toque ecol\u00f3gico.<\/p>\n<p>Con una altura de carrera en carretera inferior a 40 mm para la talla 42 de hombre, esta zapatilla est\u00e1 dise\u00f1ada para ofrecer una mayor sujeci\u00f3n gracias al Active Foot Frame\u2122 centrado en la parte delantera del pie, lo que garantiza la estabilidad y el confort durante toda la carrera. Las Cielo X1 2.0 no solo son r\u00e1pidas, sino tambi\u00e9n sostenibles y performantes, imprescindibles para tus entrenamientos y competiciones. \u00a1No pierdas la oportunidad de llevar tu velocidad al siguiente nivel!<\/p>\n<p>&nbsp;<\/p>\n<div class=\"col-12 p-0 col-sm-3\"><img loading=\"lazy\" decoding=\"async\" class=\"\" src=\"https:\/\/www.hoka.com\/on\/demandware.static\/-\/Library-Sites-HOKA-EMEA-SHARED\/default\/dw23a7a61c\/images\/landing\/2024\/cielo-x1-20-pdp\/carbon-plated.svg\" alt=\"\" width=\"100\" height=\"100\" \/><\/div>\n<div class=\"col-12 p-0 col-sm-3\">Placa de carbono<\/div>\n<div class=\"col-12 p-0 col-sm-3 mt-3 mt-sm-0\"><img loading=\"lazy\" decoding=\"async\" class=\"\" src=\"https:\/\/www.hoka.com\/on\/demandware.static\/-\/Library-Sites-HOKA-EMEA-SHARED\/default\/dw68e60ccd\/images\/landing\/2024\/cielo-x1-20-pdp\/cushion.svg\" alt=\"\" width=\"102\" height=\"100\" \/><\/div>\n<div class=\"col-12 p-0 col-sm-3 mt-3 mt-sm-0\">Entresuela con amortiguaci\u00f3n y capacidad de respuesta Responsive Cushioned Midsole\u2122<\/div>\n<div class=\"col-12 p-0 col-sm-3 mt-3 mt-sm-0\"><img loading=\"lazy\" decoding=\"async\" class=\"\" src=\"https:\/\/www.hoka.com\/on\/demandware.static\/-\/Library-Sites-HOKA-EMEA-SHARED\/default\/dwee250337\/images\/landing\/2024\/cielo-x1-20-pdp\/metarocker.svg\" alt=\"\" width=\"146\" height=\"93\" \/><\/div>\n<div class=\"col-12 p-0 col-sm-3 mt-3 mt-sm-0\">MetaRocker\u2122 dedicado a la velocidad<\/div>\n<div class=\"col-12 p-0 col-sm-3 mt-3 mt-sm-0\"><img loading=\"lazy\" decoding=\"async\" class=\"\" src=\"https:\/\/www.hoka.com\/on\/demandware.static\/-\/Library-Sites-HOKA-EMEA-SHARED\/default\/dw0d94a422\/images\/landing\/2024\/cielo-x1-20-pdp\/breathable.svg\" alt=\"\" width=\"120\" height=\"134\" \/><\/div>\n<div class=\"col-12 p-0 col-sm-3 mt-3 mt-sm-0\">Parte superior transpirable<\/div>\n<div><\/div>\n<div><\/div>\n<p><\/div><\/div><\/div><div class=\"vc-row container\"><div class=\"vc-column\"><div style=\"height:32px\" class=\"vc-empty-space\"><\/div><\/div><\/div><div class=\"vc-row container\"><div class=\"vc-column\"><div class=\"vc-column-text\"><\/p>\n<div style=\"width: 1298px;\" class=\"wp-video\"><video class=\"wp-video-shortcode\" id=\"video-263832-1\" width=\"1298\" height=\"1200\" loop autoplay preload=\"metadata\" controls=\"controls\"><source type=\"video\/webm\" src=\"https:\/\/miomiorun.com\/wp-content\/uploads\/2025\/03\/cielo-x1-2.0.webm?_=1\" \/><a href=\"https:\/\/miomiorun.com\/wp-content\/uploads\/2025\/03\/cielo-x1-2.0.webm\">https:\/\/miomiorun.com\/wp-content\/uploads\/2025\/03\/cielo-x1-2.0.webm<\/a><\/video><\/div>\n<p><\/div><\/div><\/div><\/p>\n","protected":false},"excerpt":{"rendered":"<ul>\n<li style=\"list-style-type: none;\">\n<ul>\n<li>Suela<\/li>\n<li>ultraligera<\/li>\n<li>MetaRocker\u2122<\/li>\n<li>PEBA<\/li>\n<li>agresiva<\/li>\n<li>de doble densidad<\/li>\n<\/ul>\n<\/li>\n<\/ul>\n<p>.<\/p>\n","protected":false},"featured_media":372660,"template":"","meta":{"_acf_changed":false,"inline_featured_image":false},"product_brand":[],"product_cat":[24227,24468,24228,24467],"product_tag":[23479,23605,23645],"class_list":{"0":"post-263832","1":"product","2":"type-product","3":"status-publish","4":"has-post-thumbnail","6":"product_cat-calzado-femenino","7":"product_cat-calzado-para-hombre-es","8":"product_cat-neutre-es","9":"product_cat-neutre-es-4","10":"product_tag-hoka-one-one-es","11":"product_tag-hoka-hombre","12":"product_tag-hoka-mujer","13":"pa_attivita-running-es","14":"pa_colore-cielo-x1-2-0-black-gold-es","15":"pa_marca-hoka-es","16":"pa_sesso-hombre","17":"pa_sesso-mujer","18":"pa_size-42-es","20":"pa_size-45-es","22":"first","23":"instock","24":"sale","25":"taxable","26":"shipping-taxable","27":"purchasable","28":"product-type-variable","29":"wvs-archive-product-wrapper"},"acf":[],"yoast_head":"<!-- This site is optimized with the Yoast SEO plugin v26.8 - https:\/\/yoast.com\/product\/yoast-seo-wordpress\/ -->\n<title>Hoka Cielo X1 2.0 - zapatos running - MioMioRun.com<\/title>\n<meta name=\"description\" content=\"La Cielo X1 2.0 es una zapatilla de running ultraligera y reactiva con placa de fibra de carbono, lista para apoyarte en tus carreras. \u00a1Desc\u00fabrela con nosotros!\" \/>\n<meta name=\"robots\" content=\"index, follow, max-snippet:-1, max-image-preview:large, max-video-preview:-1\" \/>\n<link rel=\"canonical\" href=\"https:\/\/www.miomiorun.com\/es\/producto\/hoka-cielo-x1-2-0\/\" \/>\n<meta property=\"og:locale\" content=\"es_ES\" \/>\n<meta property=\"og:type\" content=\"article\" \/>\n<meta property=\"og:title\" content=\"Hoka Cielo X1 2.0 - zapatos running - MioMioRun.com\" \/>\n<meta property=\"og:description\" content=\"La Cielo X1 2.0 es una zapatilla de running ultraligera y reactiva con placa de fibra de carbono, lista para apoyarte en tus carreras. \u00a1Desc\u00fabrela con nosotros!\" \/>\n<meta property=\"og:url\" content=\"https:\/\/www.miomiorun.com\/es\/producto\/hoka-cielo-x1-2-0\/\" \/>\n<meta property=\"og:site_name\" content=\"MioMioRun\" \/>\n<meta property=\"article:publisher\" content=\"https:\/\/www.facebook.com\/miomiorun\/\" \/>\n<meta property=\"article:modified_time\" content=\"2025-11-19T12:39:46+00:00\" \/>\n<meta property=\"og:image\" content=\"https:\/\/www.miomiorun.com\/app\/uploads\/2025\/11\/hoka-Cielo-X1-2.0-black-gold-1162053-BKGD.webp\" \/>\n\t<meta property=\"og:image:width\" content=\"720\" \/>\n\t<meta property=\"og:image:height\" content=\"720\" \/>\n\t<meta property=\"og:image:type\" content=\"image\/webp\" \/>\n<meta name=\"twitter:card\" content=\"summary_large_image\" \/>\n<meta name=\"twitter:label1\" content=\"Est. reading time\" \/>\n\t<meta name=\"twitter:data1\" content=\"2 minutes\" \/>\n<script type=\"application\/ld+json\" class=\"yoast-schema-graph\">{\"@context\":\"https:\/\/schema.org\",\"@graph\":[{\"@type\":\"WebPage\",\"@id\":\"https:\/\/www.miomiorun.com\/es\/producto\/hoka-cielo-x1-2-0\/\",\"url\":\"https:\/\/www.miomiorun.com\/es\/producto\/hoka-cielo-x1-2-0\/\",\"name\":\"Hoka Cielo X1 2.0 - zapatos running - MioMioRun.com\",\"isPartOf\":{\"@id\":\"https:\/\/www.miomiorun.com\/es\/#website\"},\"primaryImageOfPage\":{\"@id\":\"https:\/\/www.miomiorun.com\/es\/producto\/hoka-cielo-x1-2-0\/#primaryimage\"},\"image\":{\"@id\":\"https:\/\/www.miomiorun.com\/es\/producto\/hoka-cielo-x1-2-0\/#primaryimage\"},\"thumbnailUrl\":\"https:\/\/www.miomiorun.com\/app\/uploads\/2025\/11\/hoka-Cielo-X1-2.0-black-gold-1162053-BKGD.webp\",\"datePublished\":\"2025-03-04T10:43:08+00:00\",\"dateModified\":\"2025-11-19T12:39:46+00:00\",\"description\":\"La Cielo X1 2.0 es una zapatilla de running ultraligera y reactiva con placa de fibra de carbono, lista para apoyarte en tus carreras. \u00a1Desc\u00fabrela con nosotros!\",\"breadcrumb\":{\"@id\":\"https:\/\/www.miomiorun.com\/es\/producto\/hoka-cielo-x1-2-0\/#breadcrumb\"},\"inLanguage\":\"es-ES\",\"potentialAction\":[{\"@type\":\"ReadAction\",\"target\":[\"https:\/\/www.miomiorun.com\/es\/producto\/hoka-cielo-x1-2-0\/\"]}]},{\"@type\":\"ImageObject\",\"inLanguage\":\"es-ES\",\"@id\":\"https:\/\/www.miomiorun.com\/es\/producto\/hoka-cielo-x1-2-0\/#primaryimage\",\"url\":\"https:\/\/www.miomiorun.com\/app\/uploads\/2025\/11\/hoka-Cielo-X1-2.0-black-gold-1162053-BKGD.webp\",\"contentUrl\":\"https:\/\/www.miomiorun.com\/app\/uploads\/2025\/11\/hoka-Cielo-X1-2.0-black-gold-1162053-BKGD.webp\",\"width\":720,\"height\":720,\"caption\":\"hoka Cielo X1 2.0 black gold 1162053 BKGD\"},{\"@type\":\"BreadcrumbList\",\"@id\":\"https:\/\/www.miomiorun.com\/es\/producto\/hoka-cielo-x1-2-0\/#breadcrumb\",\"itemListElement\":[{\"@type\":\"ListItem\",\"position\":1,\"name\":\"Home\",\"item\":\"https:\/\/www.miomiorun.com\/es\/\"},{\"@type\":\"ListItem\",\"position\":2,\"name\":\"Shop\",\"item\":\"https:\/\/www.miomiorun.com\/shop\/\"},{\"@type\":\"ListItem\",\"position\":3,\"name\":\"Cielo X1 2.0\"}]},{\"@type\":\"WebSite\",\"@id\":\"https:\/\/www.miomiorun.com\/es\/#website\",\"url\":\"https:\/\/www.miomiorun.com\/es\/\",\"name\":\"MioMioRun\",\"description\":\"Tienda 100% running y trail\",\"publisher\":{\"@id\":\"https:\/\/www.miomiorun.com\/es\/#organization\"},\"potentialAction\":[{\"@type\":\"SearchAction\",\"target\":{\"@type\":\"EntryPoint\",\"urlTemplate\":\"https:\/\/www.miomiorun.com\/es\/?s={search_term_string}\"},\"query-input\":{\"@type\":\"PropertyValueSpecification\",\"valueRequired\":true,\"valueName\":\"search_term_string\"}}],\"inLanguage\":\"es-ES\"},{\"@type\":\"Organization\",\"@id\":\"https:\/\/www.miomiorun.com\/es\/#organization\",\"name\":\"MioMio Run\",\"url\":\"https:\/\/www.miomiorun.com\/es\/\",\"logo\":{\"@type\":\"ImageObject\",\"inLanguage\":\"es-ES\",\"@id\":\"https:\/\/www.miomiorun.com\/es\/#\/schema\/logo\/image\/\",\"url\":\"https:\/\/www.miomiorun.com\/app\/uploads\/2019\/12\/logomio.png\",\"contentUrl\":\"https:\/\/www.miomiorun.com\/app\/uploads\/2019\/12\/logomio.png\",\"width\":115,\"height\":82,\"caption\":\"MioMio Run\"},\"image\":{\"@id\":\"https:\/\/www.miomiorun.com\/es\/#\/schema\/logo\/image\/\"},\"sameAs\":[\"https:\/\/www.facebook.com\/miomiorun\/\",\"https:\/\/www.instagram.com\/miomiorun\/\"]}]}<\/script>\n<!-- \/ Yoast SEO plugin. -->","yoast_head_json":{"title":"Hoka Cielo X1 2.0 - zapatos running - MioMioRun.com","description":"La Cielo X1 2.0 es una zapatilla de running ultraligera y reactiva con placa de fibra de carbono, lista para apoyarte en tus carreras. \u00a1Desc\u00fabrela con nosotros!","robots":{"index":"index","follow":"follow","max-snippet":"max-snippet:-1","max-image-preview":"max-image-preview:large","max-video-preview":"max-video-preview:-1"},"canonical":"https:\/\/www.miomiorun.com\/es\/producto\/hoka-cielo-x1-2-0\/","og_locale":"es_ES","og_type":"article","og_title":"Hoka Cielo X1 2.0 - zapatos running - MioMioRun.com","og_description":"La Cielo X1 2.0 es una zapatilla de running ultraligera y reactiva con placa de fibra de carbono, lista para apoyarte en tus carreras. \u00a1Desc\u00fabrela con nosotros!","og_url":"https:\/\/www.miomiorun.com\/es\/producto\/hoka-cielo-x1-2-0\/","og_site_name":"MioMioRun","article_publisher":"https:\/\/www.facebook.com\/miomiorun\/","article_modified_time":"2025-11-19T12:39:46+00:00","og_image":[{"width":720,"height":720,"url":"https:\/\/www.miomiorun.com\/app\/uploads\/2025\/11\/hoka-Cielo-X1-2.0-black-gold-1162053-BKGD.webp","type":"image\/webp"}],"twitter_card":"summary_large_image","twitter_misc":{"Est. reading time":"2 minutes"},"schema":{"@context":"https:\/\/schema.org","@graph":[{"@type":"WebPage","@id":"https:\/\/www.miomiorun.com\/es\/producto\/hoka-cielo-x1-2-0\/","url":"https:\/\/www.miomiorun.com\/es\/producto\/hoka-cielo-x1-2-0\/","name":"Hoka Cielo X1 2.0 - zapatos running - MioMioRun.com","isPartOf":{"@id":"https:\/\/www.miomiorun.com\/es\/#website"},"primaryImageOfPage":{"@id":"https:\/\/www.miomiorun.com\/es\/producto\/hoka-cielo-x1-2-0\/#primaryimage"},"image":{"@id":"https:\/\/www.miomiorun.com\/es\/producto\/hoka-cielo-x1-2-0\/#primaryimage"},"thumbnailUrl":"https:\/\/www.miomiorun.com\/app\/uploads\/2025\/11\/hoka-Cielo-X1-2.0-black-gold-1162053-BKGD.webp","datePublished":"2025-03-04T10:43:08+00:00","dateModified":"2025-11-19T12:39:46+00:00","description":"La Cielo X1 2.0 es una zapatilla de running ultraligera y reactiva con placa de fibra de carbono, lista para apoyarte en tus carreras. \u00a1Desc\u00fabrela con nosotros!","breadcrumb":{"@id":"https:\/\/www.miomiorun.com\/es\/producto\/hoka-cielo-x1-2-0\/#breadcrumb"},"inLanguage":"es-ES","potentialAction":[{"@type":"ReadAction","target":["https:\/\/www.miomiorun.com\/es\/producto\/hoka-cielo-x1-2-0\/"]}]},{"@type":"ImageObject","inLanguage":"es-ES","@id":"https:\/\/www.miomiorun.com\/es\/producto\/hoka-cielo-x1-2-0\/#primaryimage","url":"https:\/\/www.miomiorun.com\/app\/uploads\/2025\/11\/hoka-Cielo-X1-2.0-black-gold-1162053-BKGD.webp","contentUrl":"https:\/\/www.miomiorun.com\/app\/uploads\/2025\/11\/hoka-Cielo-X1-2.0-black-gold-1162053-BKGD.webp","width":720,"height":720,"caption":"hoka Cielo X1 2.0 black gold 1162053 BKGD"},{"@type":"BreadcrumbList","@id":"https:\/\/www.miomiorun.com\/es\/producto\/hoka-cielo-x1-2-0\/#breadcrumb","itemListElement":[{"@type":"ListItem","position":1,"name":"Home","item":"https:\/\/www.miomiorun.com\/es\/"},{"@type":"ListItem","position":2,"name":"Shop","item":"https:\/\/www.miomiorun.com\/shop\/"},{"@type":"ListItem","position":3,"name":"Cielo X1 2.0"}]},{"@type":"WebSite","@id":"https:\/\/www.miomiorun.com\/es\/#website","url":"https:\/\/www.miomiorun.com\/es\/","name":"MioMioRun","description":"Tienda 100% running y trail","publisher":{"@id":"https:\/\/www.miomiorun.com\/es\/#organization"},"potentialAction":[{"@type":"SearchAction","target":{"@type":"EntryPoint","urlTemplate":"https:\/\/www.miomiorun.com\/es\/?s={search_term_string}"},"query-input":{"@type":"PropertyValueSpecification","valueRequired":true,"valueName":"search_term_string"}}],"inLanguage":"es-ES"},{"@type":"Organization","@id":"https:\/\/www.miomiorun.com\/es\/#organization","name":"MioMio Run","url":"https:\/\/www.miomiorun.com\/es\/","logo":{"@type":"ImageObject","inLanguage":"es-ES","@id":"https:\/\/www.miomiorun.com\/es\/#\/schema\/logo\/image\/","url":"https:\/\/www.miomiorun.com\/app\/uploads\/2019\/12\/logomio.png","contentUrl":"https:\/\/www.miomiorun.com\/app\/uploads\/2019\/12\/logomio.png","width":115,"height":82,"caption":"MioMio Run"},"image":{"@id":"https:\/\/www.miomiorun.com\/es\/#\/schema\/logo\/image\/"},"sameAs":["https:\/\/www.facebook.com\/miomiorun\/","https:\/\/www.instagram.com\/miomiorun\/"]}]}},"_links":{"self":[{"href":"https:\/\/www.miomiorun.com\/es\/wp-json\/wp\/v2\/product\/263832","targetHints":{"allow":["GET"]}}],"collection":[{"href":"https:\/\/www.miomiorun.com\/es\/wp-json\/wp\/v2\/product"}],"about":[{"href":"https:\/\/www.miomiorun.com\/es\/wp-json\/wp\/v2\/types\/product"}],"wp:featuredmedia":[{"embeddable":true,"href":"https:\/\/www.miomiorun.com\/es\/wp-json\/wp\/v2\/media\/372660"}],"wp:attachment":[{"href":"https:\/\/www.miomiorun.com\/es\/wp-json\/wp\/v2\/media?parent=263832"}],"wp:term":[{"taxonomy":"product_brand","embeddable":true,"href":"https:\/\/www.miomiorun.com\/es\/wp-json\/wp\/v2\/product_brand?post=263832"},{"taxonomy":"product_cat","embeddable":true,"href":"https:\/\/www.miomiorun.com\/es\/wp-json\/wp\/v2\/product_cat?post=263832"},{"taxonomy":"product_tag","embeddable":true,"href":"https:\/\/www.miomiorun.com\/es\/wp-json\/wp\/v2\/product_tag?post=263832"}],"curies":[{"name":"wp","href":"https:\/\/api.w.org\/{rel}","templated":true}]}}