{"id":260289,"date":"2023-03-07T15:17:56","date_gmt":"2023-03-07T14:17:56","guid":{"rendered":"https:\/\/miomiorun.com\/prodotto\/atmosphere-singlet-2-0-uomo\/"},"modified":"2026-02-25T10:57:13","modified_gmt":"2026-02-25T09:57:13","slug":"atmosphere-singlet-2-0-hombre","status":"publish","type":"product","link":"https:\/\/www.miomiorun.com\/es\/producto\/atmosphere-singlet-2-0-hombre\/","title":{"rendered":"Atmosphere Singlet 2.0 hombre"},"content":{"rendered":"<p>La <strong>camiseta Atmosphere Singlet 2.0<\/strong> para hombre es una camiseta ultraligera que te ayudar\u00e1 a mantenerte fresco. En tejido el\u00e1stico transpirable y de secado r\u00e1pido, esta capa ligera ofrece una cobertura casi impalpable para una comodidad kilom\u00e9trica. El acabado resistente al olor no se estropear\u00e1 lavado tras lavado.<\/p>\n<h3>Caracter\u00edsticas:<\/h3>\n<ul class=\"m-long-description__features\">\n<li class=\"m-long-description__feature\">Transpirable<\/li>\n<li class=\"m-long-description__feature\">Ajuste ideal para correr<\/li>\n<li class=\"m-long-description__feature\">Resistente al olor<\/li>\n<li>Tejido el\u00e1stico transpirable<\/li>\n<li>Secado r\u00e1pido<\/li>\n<\/ul>\n<p>&nbsp;<\/p>\n","protected":false},"excerpt":{"rendered":"<ul class=\"m-long-description__features\">\n<li class=\"m-long-description__feature\">Transpirable<\/li>\n<li class=\"m-long-description__feature\">Ajuste ideal para correr<\/li>\n<li class=\"m-long-description__feature\">Resistente a los olores<\/li>\n<\/ul>\n","protected":false},"featured_media":239226,"template":"","meta":{"_acf_changed":false,"inline_featured_image":false},"product_brand":[],"product_cat":[24461,24463],"product_tag":[23463,23661],"class_list":{"0":"post-260289","1":"product","2":"type-product","3":"status-publish","4":"has-post-thumbnail","6":"product_cat-chalecos-es-2","7":"product_cat-ropa-de-hombre-es","8":"product_tag-brooks-es","9":"product_tag-brooks-hombre","10":"pa_attivita-caminar","11":"pa_attivita-running-es","12":"pa_colore-atmosphere-singlet-2-0-navy-sring-break-es","13":"pa_marca-brooks-es","14":"pa_sesso-hombre","15":"pa_size-small-es","17":"first","18":"instock","19":"sale","20":"taxable","21":"shipping-taxable","22":"purchasable","23":"product-type-variable","24":"wvs-archive-product-wrapper"},"acf":[],"yoast_head":"<!-- This site is optimized with the Yoast SEO plugin v26.8 - https:\/\/yoast.com\/product\/yoast-seo-wordpress\/ -->\n<title>Brooks Atmosphere Singlet 2.0 hombre - Camiseta de tirantes - MioMioRun<\/title>\n<meta name=\"description\" content=\"La camiseta Atmosphere Singlet 2.0 para hombre es una camiseta ultraligera que te ayudar\u00e1 a mantenerte fresco. Confeccionada en tejido el\u00e1stico transpirable y de secado r\u00e1pido.\" \/>\n<meta name=\"robots\" content=\"index, follow, max-snippet:-1, max-image-preview:large, max-video-preview:-1\" \/>\n<link rel=\"canonical\" href=\"https:\/\/www.miomiorun.com\/es\/producto\/atmosphere-singlet-2-0-hombre\/\" \/>\n<meta property=\"og:locale\" content=\"es_ES\" \/>\n<meta property=\"og:type\" content=\"article\" \/>\n<meta property=\"og:title\" content=\"Brooks Atmosphere Singlet 2.0 hombre - Camiseta de tirantes - MioMioRun\" \/>\n<meta property=\"og:description\" content=\"La camiseta Atmosphere Singlet 2.0 para hombre es una camiseta ultraligera que te ayudar\u00e1 a mantenerte fresco. Confeccionada en tejido el\u00e1stico transpirable y de secado r\u00e1pido.\" \/>\n<meta property=\"og:url\" content=\"https:\/\/www.miomiorun.com\/es\/producto\/atmosphere-singlet-2-0-hombre\/\" \/>\n<meta property=\"og:site_name\" content=\"MioMioRun\" \/>\n<meta property=\"article:publisher\" content=\"https:\/\/www.facebook.com\/miomiorun\/\" \/>\n<meta property=\"article:modified_time\" content=\"2026-02-25T09:57:13+00:00\" \/>\n<meta property=\"og:image\" content=\"https:\/\/www.miomiorun.com\/app\/uploads\/2023\/03\/brooks-atmosphere-singlet-2.0-navy-sring-break-211445454.jpg\" \/>\n\t<meta property=\"og:image:width\" content=\"600\" \/>\n\t<meta property=\"og:image:height\" content=\"600\" \/>\n\t<meta property=\"og:image:type\" content=\"image\/jpeg\" \/>\n<meta name=\"twitter:card\" content=\"summary_large_image\" \/>\n<script type=\"application\/ld+json\" class=\"yoast-schema-graph\">{\"@context\":\"https:\/\/schema.org\",\"@graph\":[{\"@type\":\"WebPage\",\"@id\":\"https:\/\/www.miomiorun.com\/es\/producto\/atmosphere-singlet-2-0-hombre\/\",\"url\":\"https:\/\/www.miomiorun.com\/es\/producto\/atmosphere-singlet-2-0-hombre\/\",\"name\":\"Brooks Atmosphere Singlet 2.0 hombre - Camiseta de tirantes - MioMioRun\",\"isPartOf\":{\"@id\":\"https:\/\/www.miomiorun.com\/es\/#website\"},\"primaryImageOfPage\":{\"@id\":\"https:\/\/www.miomiorun.com\/es\/producto\/atmosphere-singlet-2-0-hombre\/#primaryimage\"},\"image\":{\"@id\":\"https:\/\/www.miomiorun.com\/es\/producto\/atmosphere-singlet-2-0-hombre\/#primaryimage\"},\"thumbnailUrl\":\"https:\/\/www.miomiorun.com\/app\/uploads\/2023\/03\/brooks-atmosphere-singlet-2.0-navy-sring-break-211445454.jpg\",\"datePublished\":\"2023-03-07T14:17:56+00:00\",\"dateModified\":\"2026-02-25T09:57:13+00:00\",\"description\":\"La camiseta Atmosphere Singlet 2.0 para hombre es una camiseta ultraligera que te ayudar\u00e1 a mantenerte fresco. Confeccionada en tejido el\u00e1stico transpirable y de secado r\u00e1pido.\",\"breadcrumb\":{\"@id\":\"https:\/\/www.miomiorun.com\/es\/producto\/atmosphere-singlet-2-0-hombre\/#breadcrumb\"},\"inLanguage\":\"es-ES\",\"potentialAction\":[{\"@type\":\"ReadAction\",\"target\":[\"https:\/\/www.miomiorun.com\/es\/producto\/atmosphere-singlet-2-0-hombre\/\"]}]},{\"@type\":\"ImageObject\",\"inLanguage\":\"es-ES\",\"@id\":\"https:\/\/www.miomiorun.com\/es\/producto\/atmosphere-singlet-2-0-hombre\/#primaryimage\",\"url\":\"https:\/\/www.miomiorun.com\/app\/uploads\/2023\/03\/brooks-atmosphere-singlet-2.0-navy-sring-break-211445454.jpg\",\"contentUrl\":\"https:\/\/www.miomiorun.com\/app\/uploads\/2023\/03\/brooks-atmosphere-singlet-2.0-navy-sring-break-211445454.jpg\",\"width\":600,\"height\":600,\"caption\":\"brooks-atmosphere-singlet-2.0-navy-sring-break-211445454\"},{\"@type\":\"BreadcrumbList\",\"@id\":\"https:\/\/www.miomiorun.com\/es\/producto\/atmosphere-singlet-2-0-hombre\/#breadcrumb\",\"itemListElement\":[{\"@type\":\"ListItem\",\"position\":1,\"name\":\"Home\",\"item\":\"https:\/\/www.miomiorun.com\/es\/\"},{\"@type\":\"ListItem\",\"position\":2,\"name\":\"Shop\",\"item\":\"https:\/\/www.miomiorun.com\/shop\/\"},{\"@type\":\"ListItem\",\"position\":3,\"name\":\"Atmosphere Singlet 2.0 hombre\"}]},{\"@type\":\"WebSite\",\"@id\":\"https:\/\/www.miomiorun.com\/es\/#website\",\"url\":\"https:\/\/www.miomiorun.com\/es\/\",\"name\":\"MioMioRun\",\"description\":\"Tienda 100% running y trail\",\"publisher\":{\"@id\":\"https:\/\/www.miomiorun.com\/es\/#organization\"},\"potentialAction\":[{\"@type\":\"SearchAction\",\"target\":{\"@type\":\"EntryPoint\",\"urlTemplate\":\"https:\/\/www.miomiorun.com\/es\/?s={search_term_string}\"},\"query-input\":{\"@type\":\"PropertyValueSpecification\",\"valueRequired\":true,\"valueName\":\"search_term_string\"}}],\"inLanguage\":\"es-ES\"},{\"@type\":\"Organization\",\"@id\":\"https:\/\/www.miomiorun.com\/es\/#organization\",\"name\":\"MioMio Run\",\"url\":\"https:\/\/www.miomiorun.com\/es\/\",\"logo\":{\"@type\":\"ImageObject\",\"inLanguage\":\"es-ES\",\"@id\":\"https:\/\/www.miomiorun.com\/es\/#\/schema\/logo\/image\/\",\"url\":\"https:\/\/www.miomiorun.com\/app\/uploads\/2019\/12\/logomio.png\",\"contentUrl\":\"https:\/\/www.miomiorun.com\/app\/uploads\/2019\/12\/logomio.png\",\"width\":115,\"height\":82,\"caption\":\"MioMio Run\"},\"image\":{\"@id\":\"https:\/\/www.miomiorun.com\/es\/#\/schema\/logo\/image\/\"},\"sameAs\":[\"https:\/\/www.facebook.com\/miomiorun\/\",\"https:\/\/www.instagram.com\/miomiorun\/\"]}]}<\/script>\n<!-- \/ Yoast SEO plugin. -->","yoast_head_json":{"title":"Brooks Atmosphere Singlet 2.0 hombre - Camiseta de tirantes - MioMioRun","description":"La camiseta Atmosphere Singlet 2.0 para hombre es una camiseta ultraligera que te ayudar\u00e1 a mantenerte fresco. Confeccionada en tejido el\u00e1stico transpirable y de secado r\u00e1pido.","robots":{"index":"index","follow":"follow","max-snippet":"max-snippet:-1","max-image-preview":"max-image-preview:large","max-video-preview":"max-video-preview:-1"},"canonical":"https:\/\/www.miomiorun.com\/es\/producto\/atmosphere-singlet-2-0-hombre\/","og_locale":"es_ES","og_type":"article","og_title":"Brooks Atmosphere Singlet 2.0 hombre - Camiseta de tirantes - MioMioRun","og_description":"La camiseta Atmosphere Singlet 2.0 para hombre es una camiseta ultraligera que te ayudar\u00e1 a mantenerte fresco. Confeccionada en tejido el\u00e1stico transpirable y de secado r\u00e1pido.","og_url":"https:\/\/www.miomiorun.com\/es\/producto\/atmosphere-singlet-2-0-hombre\/","og_site_name":"MioMioRun","article_publisher":"https:\/\/www.facebook.com\/miomiorun\/","article_modified_time":"2026-02-25T09:57:13+00:00","og_image":[{"width":600,"height":600,"url":"https:\/\/www.miomiorun.com\/app\/uploads\/2023\/03\/brooks-atmosphere-singlet-2.0-navy-sring-break-211445454.jpg","type":"image\/jpeg"}],"twitter_card":"summary_large_image","schema":{"@context":"https:\/\/schema.org","@graph":[{"@type":"WebPage","@id":"https:\/\/www.miomiorun.com\/es\/producto\/atmosphere-singlet-2-0-hombre\/","url":"https:\/\/www.miomiorun.com\/es\/producto\/atmosphere-singlet-2-0-hombre\/","name":"Brooks Atmosphere Singlet 2.0 hombre - Camiseta de tirantes - MioMioRun","isPartOf":{"@id":"https:\/\/www.miomiorun.com\/es\/#website"},"primaryImageOfPage":{"@id":"https:\/\/www.miomiorun.com\/es\/producto\/atmosphere-singlet-2-0-hombre\/#primaryimage"},"image":{"@id":"https:\/\/www.miomiorun.com\/es\/producto\/atmosphere-singlet-2-0-hombre\/#primaryimage"},"thumbnailUrl":"https:\/\/www.miomiorun.com\/app\/uploads\/2023\/03\/brooks-atmosphere-singlet-2.0-navy-sring-break-211445454.jpg","datePublished":"2023-03-07T14:17:56+00:00","dateModified":"2026-02-25T09:57:13+00:00","description":"La camiseta Atmosphere Singlet 2.0 para hombre es una camiseta ultraligera que te ayudar\u00e1 a mantenerte fresco. Confeccionada en tejido el\u00e1stico transpirable y de secado r\u00e1pido.","breadcrumb":{"@id":"https:\/\/www.miomiorun.com\/es\/producto\/atmosphere-singlet-2-0-hombre\/#breadcrumb"},"inLanguage":"es-ES","potentialAction":[{"@type":"ReadAction","target":["https:\/\/www.miomiorun.com\/es\/producto\/atmosphere-singlet-2-0-hombre\/"]}]},{"@type":"ImageObject","inLanguage":"es-ES","@id":"https:\/\/www.miomiorun.com\/es\/producto\/atmosphere-singlet-2-0-hombre\/#primaryimage","url":"https:\/\/www.miomiorun.com\/app\/uploads\/2023\/03\/brooks-atmosphere-singlet-2.0-navy-sring-break-211445454.jpg","contentUrl":"https:\/\/www.miomiorun.com\/app\/uploads\/2023\/03\/brooks-atmosphere-singlet-2.0-navy-sring-break-211445454.jpg","width":600,"height":600,"caption":"brooks-atmosphere-singlet-2.0-navy-sring-break-211445454"},{"@type":"BreadcrumbList","@id":"https:\/\/www.miomiorun.com\/es\/producto\/atmosphere-singlet-2-0-hombre\/#breadcrumb","itemListElement":[{"@type":"ListItem","position":1,"name":"Home","item":"https:\/\/www.miomiorun.com\/es\/"},{"@type":"ListItem","position":2,"name":"Shop","item":"https:\/\/www.miomiorun.com\/shop\/"},{"@type":"ListItem","position":3,"name":"Atmosphere Singlet 2.0 hombre"}]},{"@type":"WebSite","@id":"https:\/\/www.miomiorun.com\/es\/#website","url":"https:\/\/www.miomiorun.com\/es\/","name":"MioMioRun","description":"Tienda 100% running y trail","publisher":{"@id":"https:\/\/www.miomiorun.com\/es\/#organization"},"potentialAction":[{"@type":"SearchAction","target":{"@type":"EntryPoint","urlTemplate":"https:\/\/www.miomiorun.com\/es\/?s={search_term_string}"},"query-input":{"@type":"PropertyValueSpecification","valueRequired":true,"valueName":"search_term_string"}}],"inLanguage":"es-ES"},{"@type":"Organization","@id":"https:\/\/www.miomiorun.com\/es\/#organization","name":"MioMio Run","url":"https:\/\/www.miomiorun.com\/es\/","logo":{"@type":"ImageObject","inLanguage":"es-ES","@id":"https:\/\/www.miomiorun.com\/es\/#\/schema\/logo\/image\/","url":"https:\/\/www.miomiorun.com\/app\/uploads\/2019\/12\/logomio.png","contentUrl":"https:\/\/www.miomiorun.com\/app\/uploads\/2019\/12\/logomio.png","width":115,"height":82,"caption":"MioMio Run"},"image":{"@id":"https:\/\/www.miomiorun.com\/es\/#\/schema\/logo\/image\/"},"sameAs":["https:\/\/www.facebook.com\/miomiorun\/","https:\/\/www.instagram.com\/miomiorun\/"]}]}},"_links":{"self":[{"href":"https:\/\/www.miomiorun.com\/es\/wp-json\/wp\/v2\/product\/260289","targetHints":{"allow":["GET"]}}],"collection":[{"href":"https:\/\/www.miomiorun.com\/es\/wp-json\/wp\/v2\/product"}],"about":[{"href":"https:\/\/www.miomiorun.com\/es\/wp-json\/wp\/v2\/types\/product"}],"wp:featuredmedia":[{"embeddable":true,"href":"https:\/\/www.miomiorun.com\/es\/wp-json\/wp\/v2\/media\/239226"}],"wp:attachment":[{"href":"https:\/\/www.miomiorun.com\/es\/wp-json\/wp\/v2\/media?parent=260289"}],"wp:term":[{"taxonomy":"product_brand","embeddable":true,"href":"https:\/\/www.miomiorun.com\/es\/wp-json\/wp\/v2\/product_brand?post=260289"},{"taxonomy":"product_cat","embeddable":true,"href":"https:\/\/www.miomiorun.com\/es\/wp-json\/wp\/v2\/product_cat?post=260289"},{"taxonomy":"product_tag","embeddable":true,"href":"https:\/\/www.miomiorun.com\/es\/wp-json\/wp\/v2\/product_tag?post=260289"}],"curies":[{"name":"wp","href":"https:\/\/api.w.org\/{rel}","templated":true}]}}