{"id":260211,"date":"2021-11-02T16:43:07","date_gmt":"2021-11-02T15:43:07","guid":{"rendered":"https:\/\/miomiorun.com\/prodotto\/uyn-exceleration-shirt-long-sleeve-zip-uomo\/"},"modified":"2026-02-25T10:48:25","modified_gmt":"2026-02-25T09:48:25","slug":"uyn-exceleration-shirt-long-sleeve-zip-hombre","status":"publish","type":"product","link":"https:\/\/www.miomiorun.com\/es\/producto\/uyn-exceleration-shirt-long-sleeve-zip-hombre\/","title":{"rendered":"Exceleration Shirt Long Sleeve Zip hombre"},"content":{"rendered":"<p id=\"tw-target-text\" class=\"tw-data-text tw-text-large XcVN5d tw-ta\" dir=\"ltr\" data-placeholder=\"Traduzione\"><span class=\"Y2IQFc\" lang=\"it\"><strong>EXCELERATION LONGSLEEVE ZIP<\/strong> para hombre es un maillot t\u00e9rmico creado pensando en las necesidades de los corredores durante el periodo de transici\u00f3n entre el oto\u00f1o y el invierno, cuando las temperaturas se vuelven demasiado fr\u00edas para un maillot de verano. <\/span><\/p>\n<p dir=\"ltr\" data-placeholder=\"Traduzione\"><strong>Caracter\u00edsticas:<\/strong><\/p>\n<ul>\n<li dir=\"ltr\" data-placeholder=\"Traduzione\"><span class=\"Y2IQFc\" lang=\"it\">Su estructura es compleja y est\u00e1 optimizada en cada mil\u00edmetro de tejido.<\/span><\/li>\n<li dir=\"ltr\" data-placeholder=\"Traduzione\"><span class=\"Y2IQFc\" lang=\"it\">La superficie interior suavemente cepillada garantiza una sensaci\u00f3n de confort superior.<\/span><\/li>\n<li dir=\"ltr\" data-placeholder=\"Traduzione\"><span class=\"Y2IQFc\" lang=\"it\">En la zona del pecho y la espalda, la nueva tecnolog\u00eda Terry Aircell transporta el sudor y crea una capa aislante. <\/span><\/li>\n<li dir=\"ltr\" data-placeholder=\"Traduzione\"><span class=\"Y2IQFc\" lang=\"it\">De este modo, se ayuda al cuerpo a mantener su temperatura ideal mientras corre. <\/span><\/li>\n<li dir=\"ltr\" data-placeholder=\"Traduzione\"><span class=\"Y2IQFc\" lang=\"it\">Los Flexy Ribs en la zona de los hombros aumentan la capacidad de adaptaci\u00f3n del tejido a los movimientos de los brazos y act\u00faan como espaciadores: cuando llevas una chaqueta, crean un espacio entre los dos tejidos que permite la circulaci\u00f3n del aire. <\/span><\/li>\n<li dir=\"ltr\" data-placeholder=\"Traduzione\"><span class=\"Y2IQFc\" lang=\"it\">El maillot con cremallera de manga larga Exceleration de UYN tiene un corte regular, moldeado alrededor del cuerpo sin ser restrictivo. <\/span><\/li>\n<li dir=\"ltr\" data-placeholder=\"Traduzione\"><span class=\"Y2IQFc\" lang=\"it\">La versi\u00f3n con media cremallera est\u00e1 dise\u00f1ada para combinarla con ropa interior t\u00e9cnica o una chaqueta de running cuando el tiempo es incierto. <\/span><\/li>\n<li dir=\"ltr\" data-placeholder=\"Traduzione\"><span class=\"Y2IQFc\" lang=\"it\">Terry Aircell: Termorregulaci\u00f3n avanzada. <\/span><\/li>\n<li dir=\"ltr\" data-placeholder=\"Traduzione\"><span class=\"Y2IQFc\" lang=\"it\">La tecnolog\u00eda Terry Aircell es el nuevo est\u00e1ndar de termorregulaci\u00f3n en ropa deportiva.<\/span><\/li>\n<li dir=\"ltr\" data-placeholder=\"Traduzione\"><span class=\"Y2IQFc\" lang=\"it\">La estructura del tejido tiene la capacidad de retener el aire dentro de c\u00e9lulas microclim\u00e1ticas que crean una capa aislante adicional contra el fr\u00edo.<\/span><\/li>\n<li dir=\"ltr\" data-placeholder=\"Traduzione\"><span class=\"Y2IQFc\" lang=\"it\">Gracias a la combinaci\u00f3n de fibras, el exceso de sudor se transporta r\u00e1pidamente al exterior. Flexy Ribs: las estructuras tridimensionales paralelas aumentan la capacidad del tejido para estirarse y recuperar su forma original, proporcionando un ajuste \u00f3ptimo. <\/span><\/li>\n<li dir=\"ltr\" data-placeholder=\"Traduzione\"><span class=\"Y2IQFc\" lang=\"it\">Tambi\u00e9n act\u00faan como espaciadores cuando se lleva una capa adicional, facilitando la circulaci\u00f3n del aire entre las dos capas. <\/span><\/li>\n<li dir=\"ltr\" data-placeholder=\"Traduzione\"><span class=\"Y2IQFc\" lang=\"it\">Cuello alto ergon\u00f3mico con media cremallera Pu\u00f1os con orificios para los pulgares.<\/span><\/li>\n<li dir=\"ltr\" data-placeholder=\"Traduzione\"><span class=\"Y2IQFc\" lang=\"it\">Dobladillo el\u00e1stico y autoajustable.<\/span><\/li>\n<li dir=\"ltr\" data-placeholder=\"Traduzione\"><span class=\"Y2IQFc\" lang=\"it\">Logotipos reflectantes en la manga y la espalda para una mayor visibilidad y seguridad al correr en condiciones de poca luz.<\/span><\/li>\n<\/ul>\n","protected":false},"excerpt":{"rendered":"<p>EXCELERATION LONGSLEEVE ZIP para hombre es un maillot t\u00e9rmico creado pensando en las necesidades de los corredores durante el periodo de transici\u00f3n entre el oto\u00f1o y el invierno, cuando las temperaturas se vuelven demasiado fr\u00edas para un maillot de verano. Caracter\u00edsticas: Su estructura es compleja y est\u00e1 optimizada en cada mil\u00edmetro de tejido. La superficie &hellip; <a href=\"https:\/\/www.miomiorun.com\/es\/producto\/uyn-exceleration-shirt-long-sleeve-zip-hombre\/\">Continued<\/a><\/p>\n","protected":false},"featured_media":234348,"template":"","meta":{"_acf_changed":false,"inline_featured_image":false},"product_brand":[],"product_cat":[24458,24463,24464],"product_tag":[23525,23572],"class_list":{"0":"post-260211","1":"product","2":"type-product","3":"status-publish","4":"has-post-thumbnail","6":"product_cat-camisetas-es-2","7":"product_cat-ropa-de-hombre-es","8":"product_cat-hombre","9":"product_tag-uyn-es","10":"product_tag-uyn-hombre","11":"pa_attivita-caminar","12":"pa_attivita-running-es","13":"pa_colore-exceleration-shirt-long-sl-zip-up-m-black-es","14":"pa_colore-exceleration-shirt-long-sl-zip-up-m-black-yellow-fluo-es","15":"pa_marca-uyn-es","16":"pa_sesso-hombre","17":"pa_size-large-es","18":"pa_size-extra-large-es","20":"first","21":"instock","22":"sale","23":"taxable","24":"shipping-taxable","25":"purchasable","26":"product-type-variable","27":"wvs-archive-product-wrapper"},"acf":[],"yoast_head":"<!-- This site is optimized with the Yoast SEO plugin v26.8 - https:\/\/yoast.com\/product\/yoast-seo-wordpress\/ -->\n<title>Uyn Exceleration Shirt Long Sleeve Zip hombre - Jersey run - MioMioRun<\/title>\n<meta name=\"description\" content=\"EXCELERATION LONGSLEEVE ZIP para hombre es un maillot t\u00e9rmico creado pensando en las necesidades de los corredores durante el periodo de transici\u00f3n.\" \/>\n<meta name=\"robots\" content=\"index, follow, max-snippet:-1, max-image-preview:large, max-video-preview:-1\" \/>\n<link rel=\"canonical\" href=\"https:\/\/www.miomiorun.com\/es\/producto\/uyn-exceleration-shirt-long-sleeve-zip-hombre\/\" \/>\n<meta property=\"og:locale\" content=\"es_ES\" \/>\n<meta property=\"og:type\" content=\"article\" \/>\n<meta property=\"og:title\" content=\"Uyn Exceleration Shirt Long Sleeve Zip hombre - Jersey run - MioMioRun\" \/>\n<meta property=\"og:description\" content=\"EXCELERATION LONGSLEEVE ZIP para hombre es un maillot t\u00e9rmico creado pensando en las necesidades de los corredores durante el periodo de transici\u00f3n.\" \/>\n<meta property=\"og:url\" content=\"https:\/\/www.miomiorun.com\/es\/producto\/uyn-exceleration-shirt-long-sleeve-zip-hombre\/\" \/>\n<meta property=\"og:site_name\" content=\"MioMioRun\" \/>\n<meta property=\"article:publisher\" content=\"https:\/\/www.facebook.com\/miomiorun\/\" \/>\n<meta property=\"article:modified_time\" content=\"2026-02-25T09:48:25+00:00\" \/>\n<meta property=\"og:image\" content=\"https:\/\/www.miomiorun.com\/app\/uploads\/2021\/11\/uyn-exceleration-shirt-long-sl.zip-up-O102095-93B646.jpg\" \/>\n\t<meta property=\"og:image:width\" content=\"600\" \/>\n\t<meta property=\"og:image:height\" content=\"600\" \/>\n\t<meta property=\"og:image:type\" content=\"image\/jpeg\" \/>\n<meta name=\"twitter:card\" content=\"summary_large_image\" \/>\n<meta name=\"twitter:label1\" content=\"Est. reading time\" \/>\n\t<meta name=\"twitter:data1\" content=\"2 minutes\" \/>\n<script type=\"application\/ld+json\" class=\"yoast-schema-graph\">{\"@context\":\"https:\/\/schema.org\",\"@graph\":[{\"@type\":\"WebPage\",\"@id\":\"https:\/\/www.miomiorun.com\/es\/producto\/uyn-exceleration-shirt-long-sleeve-zip-hombre\/\",\"url\":\"https:\/\/www.miomiorun.com\/es\/producto\/uyn-exceleration-shirt-long-sleeve-zip-hombre\/\",\"name\":\"Uyn Exceleration Shirt Long Sleeve Zip hombre - Jersey run - MioMioRun\",\"isPartOf\":{\"@id\":\"https:\/\/www.miomiorun.com\/es\/#website\"},\"primaryImageOfPage\":{\"@id\":\"https:\/\/www.miomiorun.com\/es\/producto\/uyn-exceleration-shirt-long-sleeve-zip-hombre\/#primaryimage\"},\"image\":{\"@id\":\"https:\/\/www.miomiorun.com\/es\/producto\/uyn-exceleration-shirt-long-sleeve-zip-hombre\/#primaryimage\"},\"thumbnailUrl\":\"https:\/\/www.miomiorun.com\/app\/uploads\/2021\/11\/uyn-exceleration-shirt-long-sl.zip-up-O102095-93B646.jpg\",\"datePublished\":\"2021-11-02T15:43:07+00:00\",\"dateModified\":\"2026-02-25T09:48:25+00:00\",\"description\":\"EXCELERATION LONGSLEEVE ZIP para hombre es un maillot t\u00e9rmico creado pensando en las necesidades de los corredores durante el periodo de transici\u00f3n.\",\"breadcrumb\":{\"@id\":\"https:\/\/www.miomiorun.com\/es\/producto\/uyn-exceleration-shirt-long-sleeve-zip-hombre\/#breadcrumb\"},\"inLanguage\":\"es-ES\",\"potentialAction\":[{\"@type\":\"ReadAction\",\"target\":[\"https:\/\/www.miomiorun.com\/es\/producto\/uyn-exceleration-shirt-long-sleeve-zip-hombre\/\"]}]},{\"@type\":\"ImageObject\",\"inLanguage\":\"es-ES\",\"@id\":\"https:\/\/www.miomiorun.com\/es\/producto\/uyn-exceleration-shirt-long-sleeve-zip-hombre\/#primaryimage\",\"url\":\"https:\/\/www.miomiorun.com\/app\/uploads\/2021\/11\/uyn-exceleration-shirt-long-sl.zip-up-O102095-93B646.jpg\",\"contentUrl\":\"https:\/\/www.miomiorun.com\/app\/uploads\/2021\/11\/uyn-exceleration-shirt-long-sl.zip-up-O102095-93B646.jpg\",\"width\":600,\"height\":600,\"caption\":\"uyn exceleration shirt long sl.zip up\"},{\"@type\":\"BreadcrumbList\",\"@id\":\"https:\/\/www.miomiorun.com\/es\/producto\/uyn-exceleration-shirt-long-sleeve-zip-hombre\/#breadcrumb\",\"itemListElement\":[{\"@type\":\"ListItem\",\"position\":1,\"name\":\"Home\",\"item\":\"https:\/\/www.miomiorun.com\/es\/\"},{\"@type\":\"ListItem\",\"position\":2,\"name\":\"Shop\",\"item\":\"https:\/\/www.miomiorun.com\/shop\/\"},{\"@type\":\"ListItem\",\"position\":3,\"name\":\"Exceleration Shirt Long Sleeve Zip hombre\"}]},{\"@type\":\"WebSite\",\"@id\":\"https:\/\/www.miomiorun.com\/es\/#website\",\"url\":\"https:\/\/www.miomiorun.com\/es\/\",\"name\":\"MioMioRun\",\"description\":\"Tienda 100% running y trail\",\"publisher\":{\"@id\":\"https:\/\/www.miomiorun.com\/es\/#organization\"},\"potentialAction\":[{\"@type\":\"SearchAction\",\"target\":{\"@type\":\"EntryPoint\",\"urlTemplate\":\"https:\/\/www.miomiorun.com\/es\/?s={search_term_string}\"},\"query-input\":{\"@type\":\"PropertyValueSpecification\",\"valueRequired\":true,\"valueName\":\"search_term_string\"}}],\"inLanguage\":\"es-ES\"},{\"@type\":\"Organization\",\"@id\":\"https:\/\/www.miomiorun.com\/es\/#organization\",\"name\":\"MioMio Run\",\"url\":\"https:\/\/www.miomiorun.com\/es\/\",\"logo\":{\"@type\":\"ImageObject\",\"inLanguage\":\"es-ES\",\"@id\":\"https:\/\/www.miomiorun.com\/es\/#\/schema\/logo\/image\/\",\"url\":\"https:\/\/www.miomiorun.com\/app\/uploads\/2019\/12\/logomio.png\",\"contentUrl\":\"https:\/\/www.miomiorun.com\/app\/uploads\/2019\/12\/logomio.png\",\"width\":115,\"height\":82,\"caption\":\"MioMio Run\"},\"image\":{\"@id\":\"https:\/\/www.miomiorun.com\/es\/#\/schema\/logo\/image\/\"},\"sameAs\":[\"https:\/\/www.facebook.com\/miomiorun\/\",\"https:\/\/www.instagram.com\/miomiorun\/\"]}]}<\/script>\n<!-- \/ Yoast SEO plugin. -->","yoast_head_json":{"title":"Uyn Exceleration Shirt Long Sleeve Zip hombre - Jersey run - MioMioRun","description":"EXCELERATION LONGSLEEVE ZIP para hombre es un maillot t\u00e9rmico creado pensando en las necesidades de los corredores durante el periodo de transici\u00f3n.","robots":{"index":"index","follow":"follow","max-snippet":"max-snippet:-1","max-image-preview":"max-image-preview:large","max-video-preview":"max-video-preview:-1"},"canonical":"https:\/\/www.miomiorun.com\/es\/producto\/uyn-exceleration-shirt-long-sleeve-zip-hombre\/","og_locale":"es_ES","og_type":"article","og_title":"Uyn Exceleration Shirt Long Sleeve Zip hombre - Jersey run - MioMioRun","og_description":"EXCELERATION LONGSLEEVE ZIP para hombre es un maillot t\u00e9rmico creado pensando en las necesidades de los corredores durante el periodo de transici\u00f3n.","og_url":"https:\/\/www.miomiorun.com\/es\/producto\/uyn-exceleration-shirt-long-sleeve-zip-hombre\/","og_site_name":"MioMioRun","article_publisher":"https:\/\/www.facebook.com\/miomiorun\/","article_modified_time":"2026-02-25T09:48:25+00:00","og_image":[{"width":600,"height":600,"url":"https:\/\/www.miomiorun.com\/app\/uploads\/2021\/11\/uyn-exceleration-shirt-long-sl.zip-up-O102095-93B646.jpg","type":"image\/jpeg"}],"twitter_card":"summary_large_image","twitter_misc":{"Est. reading time":"2 minutes"},"schema":{"@context":"https:\/\/schema.org","@graph":[{"@type":"WebPage","@id":"https:\/\/www.miomiorun.com\/es\/producto\/uyn-exceleration-shirt-long-sleeve-zip-hombre\/","url":"https:\/\/www.miomiorun.com\/es\/producto\/uyn-exceleration-shirt-long-sleeve-zip-hombre\/","name":"Uyn Exceleration Shirt Long Sleeve Zip hombre - Jersey run - MioMioRun","isPartOf":{"@id":"https:\/\/www.miomiorun.com\/es\/#website"},"primaryImageOfPage":{"@id":"https:\/\/www.miomiorun.com\/es\/producto\/uyn-exceleration-shirt-long-sleeve-zip-hombre\/#primaryimage"},"image":{"@id":"https:\/\/www.miomiorun.com\/es\/producto\/uyn-exceleration-shirt-long-sleeve-zip-hombre\/#primaryimage"},"thumbnailUrl":"https:\/\/www.miomiorun.com\/app\/uploads\/2021\/11\/uyn-exceleration-shirt-long-sl.zip-up-O102095-93B646.jpg","datePublished":"2021-11-02T15:43:07+00:00","dateModified":"2026-02-25T09:48:25+00:00","description":"EXCELERATION LONGSLEEVE ZIP para hombre es un maillot t\u00e9rmico creado pensando en las necesidades de los corredores durante el periodo de transici\u00f3n.","breadcrumb":{"@id":"https:\/\/www.miomiorun.com\/es\/producto\/uyn-exceleration-shirt-long-sleeve-zip-hombre\/#breadcrumb"},"inLanguage":"es-ES","potentialAction":[{"@type":"ReadAction","target":["https:\/\/www.miomiorun.com\/es\/producto\/uyn-exceleration-shirt-long-sleeve-zip-hombre\/"]}]},{"@type":"ImageObject","inLanguage":"es-ES","@id":"https:\/\/www.miomiorun.com\/es\/producto\/uyn-exceleration-shirt-long-sleeve-zip-hombre\/#primaryimage","url":"https:\/\/www.miomiorun.com\/app\/uploads\/2021\/11\/uyn-exceleration-shirt-long-sl.zip-up-O102095-93B646.jpg","contentUrl":"https:\/\/www.miomiorun.com\/app\/uploads\/2021\/11\/uyn-exceleration-shirt-long-sl.zip-up-O102095-93B646.jpg","width":600,"height":600,"caption":"uyn exceleration shirt long sl.zip up"},{"@type":"BreadcrumbList","@id":"https:\/\/www.miomiorun.com\/es\/producto\/uyn-exceleration-shirt-long-sleeve-zip-hombre\/#breadcrumb","itemListElement":[{"@type":"ListItem","position":1,"name":"Home","item":"https:\/\/www.miomiorun.com\/es\/"},{"@type":"ListItem","position":2,"name":"Shop","item":"https:\/\/www.miomiorun.com\/shop\/"},{"@type":"ListItem","position":3,"name":"Exceleration Shirt Long Sleeve Zip hombre"}]},{"@type":"WebSite","@id":"https:\/\/www.miomiorun.com\/es\/#website","url":"https:\/\/www.miomiorun.com\/es\/","name":"MioMioRun","description":"Tienda 100% running y trail","publisher":{"@id":"https:\/\/www.miomiorun.com\/es\/#organization"},"potentialAction":[{"@type":"SearchAction","target":{"@type":"EntryPoint","urlTemplate":"https:\/\/www.miomiorun.com\/es\/?s={search_term_string}"},"query-input":{"@type":"PropertyValueSpecification","valueRequired":true,"valueName":"search_term_string"}}],"inLanguage":"es-ES"},{"@type":"Organization","@id":"https:\/\/www.miomiorun.com\/es\/#organization","name":"MioMio Run","url":"https:\/\/www.miomiorun.com\/es\/","logo":{"@type":"ImageObject","inLanguage":"es-ES","@id":"https:\/\/www.miomiorun.com\/es\/#\/schema\/logo\/image\/","url":"https:\/\/www.miomiorun.com\/app\/uploads\/2019\/12\/logomio.png","contentUrl":"https:\/\/www.miomiorun.com\/app\/uploads\/2019\/12\/logomio.png","width":115,"height":82,"caption":"MioMio Run"},"image":{"@id":"https:\/\/www.miomiorun.com\/es\/#\/schema\/logo\/image\/"},"sameAs":["https:\/\/www.facebook.com\/miomiorun\/","https:\/\/www.instagram.com\/miomiorun\/"]}]}},"_links":{"self":[{"href":"https:\/\/www.miomiorun.com\/es\/wp-json\/wp\/v2\/product\/260211","targetHints":{"allow":["GET"]}}],"collection":[{"href":"https:\/\/www.miomiorun.com\/es\/wp-json\/wp\/v2\/product"}],"about":[{"href":"https:\/\/www.miomiorun.com\/es\/wp-json\/wp\/v2\/types\/product"}],"wp:featuredmedia":[{"embeddable":true,"href":"https:\/\/www.miomiorun.com\/es\/wp-json\/wp\/v2\/media\/234348"}],"wp:attachment":[{"href":"https:\/\/www.miomiorun.com\/es\/wp-json\/wp\/v2\/media?parent=260211"}],"wp:term":[{"taxonomy":"product_brand","embeddable":true,"href":"https:\/\/www.miomiorun.com\/es\/wp-json\/wp\/v2\/product_brand?post=260211"},{"taxonomy":"product_cat","embeddable":true,"href":"https:\/\/www.miomiorun.com\/es\/wp-json\/wp\/v2\/product_cat?post=260211"},{"taxonomy":"product_tag","embeddable":true,"href":"https:\/\/www.miomiorun.com\/es\/wp-json\/wp\/v2\/product_tag?post=260211"}],"curies":[{"name":"wp","href":"https:\/\/api.w.org\/{rel}","templated":true}]}}