{"id":259846,"date":"2019-11-22T15:57:53","date_gmt":"2019-11-22T14:57:53","guid":{"rendered":"https:\/\/miomiorun.com\/termini-e-condizioni-duso\/"},"modified":"2025-02-28T16:51:51","modified_gmt":"2025-02-28T15:51:51","slug":"condiciones-de-uso","status":"publish","type":"page","link":"https:\/\/www.miomiorun.com\/es\/condiciones-de-uso\/","title":{"rendered":"Condiciones de uso"},"content":{"rendered":"<p><div class=\"vc-row container\"><div class=\"vc-column\"><\/div><\/div><div class=\"vc-row container\"><div class=\"vc-column\"><div class=\"vc-column-text\"><\/p>\n<h3><strong>Droits d&#8217;auteur<\/strong><\/h3>\n<p>L&#8217;ensemble du contenu, des textes, des graphiques, des fichiers, des tableaux, des images et des informations de ce site est prot\u00e9g\u00e9 par les lois sur les droits d&#8217;auteur, les brevets et la propri\u00e9t\u00e9 intellectuelle. Les produits ou soci\u00e9t\u00e9s mentionn\u00e9s sur ce site sont des marques d\u00e9pos\u00e9es par leurs propri\u00e9taires ou d\u00e9tenteurs respectifs et peuvent \u00eatre prot\u00e9g\u00e9s par des brevets et\/ou des droits d&#8217;auteur accord\u00e9s ou enregistr\u00e9s par les autorit\u00e9s comp\u00e9tentes. Ils ne peuvent donc \u00eatre t\u00e9l\u00e9charg\u00e9s ou utilis\u00e9s qu&#8217;\u00e0 des fins personnelles et non commerciales : rien, m\u00eame en partie, ne peut donc \u00eatre copi\u00e9, modifi\u00e9 ou revendu dans un but lucratif ou pour en tirer une quelconque utilit\u00e9.<\/p>\n<p>&nbsp;<\/p>\n<h3><strong>Utilisation du site et exclusion de responsabilit\u00e9<\/strong><\/h3>\n<p>La soci\u00e9t\u00e9 ne peut en aucun cas \u00eatre tenue responsable des dommages de toute nature caus\u00e9s directement ou indirectement par l&#8217;acc\u00e8s au site, par l&#8217;incapacit\u00e9 ou l&#8217;impossibilit\u00e9 d&#8217;y acc\u00e9der, ou par la confiance que vous accordez aux informations qu&#8217;il contient et par l&#8217;utilisation que vous en faites. L&#8217;entreprise se r\u00e9serve le droit de modifier le contenu du site et des notes l\u00e9gales \u00e0 tout moment et sans pr\u00e9avis.<br \/>\nDans l&#8217;alimentation et la maintenance de ce site, l&#8217;entreprise s&#8217;efforcera de minimiser autant que possible les dysfonctionnements caus\u00e9s par des erreurs techniques. Toutefois, l&#8217;entreprise ne garantit pas que le service ne sera jamais interrompu ou affect\u00e9 par des probl\u00e8mes d&#8217;origine technique. Par cons\u00e9quent, l&#8217;entreprise d\u00e9cline toute responsabilit\u00e9 en cas de probl\u00e8mes li\u00e9s \u00e0 l&#8217;utilisation de ce site ou des sites qui lui sont li\u00e9s.<\/p>\n<p>L&#8217;entreprise s&#8217;engage \u00e0 inclure sur le site des informations \u00e0 jour, qui font l&#8217;objet d&#8217;une v\u00e9rification et d&#8217;un contr\u00f4le constants. N\u00e9anmoins, l&#8217;entreprise vous invite, en ce qui concerne le mat\u00e9riel contenu dans le site, \u00e0 toujours garder \u00e0 l&#8217;esprit les consid\u00e9rations suivantes :<\/p>\n<ul>\n<li>ce mat\u00e9riel consiste en des informations de nature g\u00e9n\u00e9rale uniquement, qui ne sont pas destin\u00e9es \u00e0 se r\u00e9f\u00e9rer \u00e0 des situations sp\u00e9cifiques relatives \u00e0 une personne ou \u00e0 un organisme particulier ;<\/li>\n<li>ne sont pas n\u00e9cessairement exhaustives, compl\u00e8tes, exactes ou \u00e0 jour ;<\/li>\n<li>ne repr\u00e9sente pas un service de conseil professionnel ou juridique (pour des conseils sp\u00e9cifiques, vous devez toujours contacter un professionnel d\u00fbment qualifi\u00e9) ;<\/li>\n<li>les informations contenues dans le site, en raison du temps technique n\u00e9cessaire \u00e0 leur mise \u00e0 jour, ne peuvent \u00eatre valables \u00e0 des fins juridiques.<\/li>\n<\/ul>\n<p>La pr\u00e9sente clause de non-responsabilit\u00e9 n&#8217;a pas pour objet de se soustraire aux exigences des l\u00e9gislations nationales applicables, ni d&#8217;exclure la responsabilit\u00e9 dans les cas o\u00f9 elle ne peut l&#8217;\u00eatre en vertu de la l\u00e9gislation nationale.<\/p>\n<p>&nbsp;<\/p>\n<h3><strong>Acc\u00e8s aux sites externes li\u00e9s<\/strong><\/h3>\n<p>L&#8217;entreprise n&#8217;est pas responsable des sites auxquels il est possible d&#8217;acc\u00e9der par des liens \u00e0 l&#8217;int\u00e9rieur du site lui-m\u00eame, fournis \u00e0 titre de simple service aux utilisateurs du r\u00e9seau.<br \/>\nLe fait que l&#8217;entreprise fournisse ces liens n&#8217;implique pas l&#8217;approbation des sites eux-m\u00eames, dont l&#8217;entreprise d\u00e9cline toute responsabilit\u00e9 quant \u00e0 la qualit\u00e9, au contenu et au graphisme. Par cons\u00e9quent, en ce qui concerne l&#8217;exhaustivit\u00e9 et l&#8217;exactitude des informations, la responsabilit\u00e9 incombe aux propri\u00e9taires des sites auxquels l&#8217;acc\u00e8s est fourni dans les conditions pr\u00e9vues par ceux-ci.<br \/>\nL&#8217;entreprise n&#8217;offre aucune assurance sur les logiciels qui peuvent \u00eatre pr\u00e9sents sur son site ou sur des sites externes et ne peut garantir leur qualit\u00e9, leur s\u00e9curit\u00e9 et leur compatibilit\u00e9 avec les syst\u00e8mes utilis\u00e9s.<\/p>\n<p>&nbsp;<\/p>\n<h3><strong>T\u00e9l\u00e9chargement<\/strong><\/h3>\n<p>Les objets, produits, programmes et routines qui peuvent \u00eatre pr\u00e9sents sur ce site pour le t\u00e9l\u00e9chargement (downloading), tels que la documentation technique, la documentation commerciale, les logiciels, etc., sauf indication contraire, sont disponibles gratuitement dans les conditions fix\u00e9es par le propri\u00e9taire.<br \/>\nL&#8217;entreprise n&#8217;assume aucune responsabilit\u00e9 quant au contenu des documents ou aux caract\u00e9ristiques des produits document\u00e9s, ni quant au fonctionnement des programmes.<br \/>\nTout ce qui peut \u00eatre t\u00e9l\u00e9charg\u00e9 \u00e0 partir de ce site peut \u00eatre prot\u00e9g\u00e9 par des droits d&#8217;auteur, des droits d&#8217;utilisation et\/ou des droits de copie des propri\u00e9taires respectifs ; par cons\u00e9quent, l&#8217;entreprise vous invite \u00e0 v\u00e9rifier les conditions d&#8217;utilisation et les droits et se consid\u00e8re explicitement d\u00e9gag\u00e9e de toute responsabilit\u00e9 \u00e0 cet \u00e9gard.<\/p>\n<p>&nbsp;<\/p>\n<h3><strong>Virus informatiques<\/strong><\/h3>\n<p>L&#8217;entreprise ne garantit pas que le site soit exempt d&#8217;erreurs ou de virus. L&#8217;entreprise, ses fournisseurs et ses employ\u00e9s ne sont pas responsables des dommages subis par l&#8217;utilisateur du fait de tels \u00e9l\u00e9ments.<\/p>\n<p>&nbsp;<\/p>\n<h3><strong>TRAITEMENT DES DONN\u00c9ES PERSONNELLES<\/strong><\/h3>\n<p>Traitement des donn\u00e9es personnelles D\u00e9claration aux termes du d\u00e9cret l\u00e9gislatif n\u00b0 196 de 2003<\/p>\n<p>&nbsp;<\/p>\n<h3><strong>OBJET ET LOCAUX<\/strong><\/h3>\n<p>En esta p\u00e1gina se describen las modalidades de gesti\u00f3n del portal en lo que respecta al tratamiento de los datos personales de los usuarios que lo consultan.<\/p>\n<p>Esta informaci\u00f3n tambi\u00e9n se proporciona en virtud del art. 13 del Decreto Legislativo 30.6.2003, n.\u00ba 196 \u00abC\u00f3digo en materia de protecci\u00f3n de datos personales\u00bb a quienes interact\u00faan con los servicios web de la empresa, accesibles v\u00eda inform\u00e1tica desde las direcciones:<\/p>\n<p>La informaci\u00f3n se inspira tambi\u00e9n en la Recomendaci\u00f3n n. 2\/2001 que las autoridades europeas para la protecci\u00f3n de los datos personales, reunidas en el Grupo establecido por el art. 29 de la Directiva n. 95\/46\/CE, adoptaron el 17 de mayo de 2001 para determinar algunos requisitos m\u00ednimos para la recogida de datos personales en l\u00ednea y, en particular, las modalidades, el momento y la naturaleza de la informaci\u00f3n que los responsables del tratamiento deben proporcionar a los usuarios cuando se conectan a las p\u00e1ginas web, independientemente de la finalidad de la conexi\u00f3n.<\/div><\/div><\/div><div class=\"vc-row container\"><div class=\"vc-column\"><hr class=\"vc-separator\"><\/div><\/div><\/p>\n","protected":false},"excerpt":{"rendered":"","protected":false},"author":3102,"featured_media":0,"parent":0,"menu_order":0,"comment_status":"closed","ping_status":"closed","template":"","meta":{"_acf_changed":false,"inline_featured_image":[],"footnotes":""},"class_list":["post-259846","page","type-page","status-publish","hentry"],"acf":[],"yoast_head":"<!-- This site is optimized with the Yoast SEO plugin v26.8 - https:\/\/yoast.com\/product\/yoast-seo-wordpress\/ -->\n<title>Condiciones de uso - MioMioRun<\/title>\n<meta name=\"robots\" content=\"index, follow, max-snippet:-1, max-image-preview:large, max-video-preview:-1\" \/>\n<link rel=\"canonical\" href=\"https:\/\/www.miomiorun.com\/es\/condiciones-de-uso\/\" \/>\n<meta property=\"og:locale\" content=\"es_ES\" \/>\n<meta property=\"og:type\" content=\"article\" \/>\n<meta property=\"og:title\" content=\"Condiciones de uso - MioMioRun\" \/>\n<meta property=\"og:url\" content=\"https:\/\/www.miomiorun.com\/es\/condiciones-de-uso\/\" \/>\n<meta property=\"og:site_name\" content=\"MioMioRun\" \/>\n<meta property=\"article:publisher\" content=\"https:\/\/www.facebook.com\/miomiorun\/\" \/>\n<meta property=\"article:modified_time\" content=\"2025-02-28T15:51:51+00:00\" \/>\n<meta name=\"twitter:card\" content=\"summary_large_image\" \/>\n<meta name=\"twitter:label1\" content=\"Est. reading time\" \/>\n\t<meta name=\"twitter:data1\" content=\"5 minutes\" \/>\n<script type=\"application\/ld+json\" class=\"yoast-schema-graph\">{\"@context\":\"https:\/\/schema.org\",\"@graph\":[{\"@type\":\"WebPage\",\"@id\":\"https:\/\/www.miomiorun.com\/es\/condiciones-de-uso\/\",\"url\":\"https:\/\/www.miomiorun.com\/es\/condiciones-de-uso\/\",\"name\":\"Condiciones de uso - MioMioRun\",\"isPartOf\":{\"@id\":\"https:\/\/www.miomiorun.com\/es\/#website\"},\"datePublished\":\"2019-11-22T14:57:53+00:00\",\"dateModified\":\"2025-02-28T15:51:51+00:00\",\"breadcrumb\":{\"@id\":\"https:\/\/www.miomiorun.com\/es\/condiciones-de-uso\/#breadcrumb\"},\"inLanguage\":\"es-ES\",\"potentialAction\":[{\"@type\":\"ReadAction\",\"target\":[\"https:\/\/www.miomiorun.com\/es\/condiciones-de-uso\/\"]}]},{\"@type\":\"BreadcrumbList\",\"@id\":\"https:\/\/www.miomiorun.com\/es\/condiciones-de-uso\/#breadcrumb\",\"itemListElement\":[{\"@type\":\"ListItem\",\"position\":1,\"name\":\"Home\",\"item\":\"https:\/\/www.miomiorun.com\/es\/\"},{\"@type\":\"ListItem\",\"position\":2,\"name\":\"Condiciones de uso\"}]},{\"@type\":\"WebSite\",\"@id\":\"https:\/\/www.miomiorun.com\/es\/#website\",\"url\":\"https:\/\/www.miomiorun.com\/es\/\",\"name\":\"MioMioRun\",\"description\":\"Tienda 100% running y trail\",\"publisher\":{\"@id\":\"https:\/\/www.miomiorun.com\/es\/#organization\"},\"potentialAction\":[{\"@type\":\"SearchAction\",\"target\":{\"@type\":\"EntryPoint\",\"urlTemplate\":\"https:\/\/www.miomiorun.com\/es\/?s={search_term_string}\"},\"query-input\":{\"@type\":\"PropertyValueSpecification\",\"valueRequired\":true,\"valueName\":\"search_term_string\"}}],\"inLanguage\":\"es-ES\"},{\"@type\":\"Organization\",\"@id\":\"https:\/\/www.miomiorun.com\/es\/#organization\",\"name\":\"MioMio Run\",\"url\":\"https:\/\/www.miomiorun.com\/es\/\",\"logo\":{\"@type\":\"ImageObject\",\"inLanguage\":\"es-ES\",\"@id\":\"https:\/\/www.miomiorun.com\/es\/#\/schema\/logo\/image\/\",\"url\":\"https:\/\/www.miomiorun.com\/app\/uploads\/2019\/12\/logomio.png\",\"contentUrl\":\"https:\/\/www.miomiorun.com\/app\/uploads\/2019\/12\/logomio.png\",\"width\":115,\"height\":82,\"caption\":\"MioMio Run\"},\"image\":{\"@id\":\"https:\/\/www.miomiorun.com\/es\/#\/schema\/logo\/image\/\"},\"sameAs\":[\"https:\/\/www.facebook.com\/miomiorun\/\",\"https:\/\/www.instagram.com\/miomiorun\/\"]}]}<\/script>\n<!-- \/ Yoast SEO plugin. -->","yoast_head_json":{"title":"Condiciones de uso - MioMioRun","robots":{"index":"index","follow":"follow","max-snippet":"max-snippet:-1","max-image-preview":"max-image-preview:large","max-video-preview":"max-video-preview:-1"},"canonical":"https:\/\/www.miomiorun.com\/es\/condiciones-de-uso\/","og_locale":"es_ES","og_type":"article","og_title":"Condiciones de uso - MioMioRun","og_url":"https:\/\/www.miomiorun.com\/es\/condiciones-de-uso\/","og_site_name":"MioMioRun","article_publisher":"https:\/\/www.facebook.com\/miomiorun\/","article_modified_time":"2025-02-28T15:51:51+00:00","twitter_card":"summary_large_image","twitter_misc":{"Est. reading time":"5 minutes"},"schema":{"@context":"https:\/\/schema.org","@graph":[{"@type":"WebPage","@id":"https:\/\/www.miomiorun.com\/es\/condiciones-de-uso\/","url":"https:\/\/www.miomiorun.com\/es\/condiciones-de-uso\/","name":"Condiciones de uso - MioMioRun","isPartOf":{"@id":"https:\/\/www.miomiorun.com\/es\/#website"},"datePublished":"2019-11-22T14:57:53+00:00","dateModified":"2025-02-28T15:51:51+00:00","breadcrumb":{"@id":"https:\/\/www.miomiorun.com\/es\/condiciones-de-uso\/#breadcrumb"},"inLanguage":"es-ES","potentialAction":[{"@type":"ReadAction","target":["https:\/\/www.miomiorun.com\/es\/condiciones-de-uso\/"]}]},{"@type":"BreadcrumbList","@id":"https:\/\/www.miomiorun.com\/es\/condiciones-de-uso\/#breadcrumb","itemListElement":[{"@type":"ListItem","position":1,"name":"Home","item":"https:\/\/www.miomiorun.com\/es\/"},{"@type":"ListItem","position":2,"name":"Condiciones de uso"}]},{"@type":"WebSite","@id":"https:\/\/www.miomiorun.com\/es\/#website","url":"https:\/\/www.miomiorun.com\/es\/","name":"MioMioRun","description":"Tienda 100% running y trail","publisher":{"@id":"https:\/\/www.miomiorun.com\/es\/#organization"},"potentialAction":[{"@type":"SearchAction","target":{"@type":"EntryPoint","urlTemplate":"https:\/\/www.miomiorun.com\/es\/?s={search_term_string}"},"query-input":{"@type":"PropertyValueSpecification","valueRequired":true,"valueName":"search_term_string"}}],"inLanguage":"es-ES"},{"@type":"Organization","@id":"https:\/\/www.miomiorun.com\/es\/#organization","name":"MioMio Run","url":"https:\/\/www.miomiorun.com\/es\/","logo":{"@type":"ImageObject","inLanguage":"es-ES","@id":"https:\/\/www.miomiorun.com\/es\/#\/schema\/logo\/image\/","url":"https:\/\/www.miomiorun.com\/app\/uploads\/2019\/12\/logomio.png","contentUrl":"https:\/\/www.miomiorun.com\/app\/uploads\/2019\/12\/logomio.png","width":115,"height":82,"caption":"MioMio Run"},"image":{"@id":"https:\/\/www.miomiorun.com\/es\/#\/schema\/logo\/image\/"},"sameAs":["https:\/\/www.facebook.com\/miomiorun\/","https:\/\/www.instagram.com\/miomiorun\/"]}]}},"_links":{"self":[{"href":"https:\/\/www.miomiorun.com\/es\/wp-json\/wp\/v2\/pages\/259846","targetHints":{"allow":["GET"]}}],"collection":[{"href":"https:\/\/www.miomiorun.com\/es\/wp-json\/wp\/v2\/pages"}],"about":[{"href":"https:\/\/www.miomiorun.com\/es\/wp-json\/wp\/v2\/types\/page"}],"author":[{"embeddable":true,"href":"https:\/\/www.miomiorun.com\/es\/wp-json\/wp\/v2\/users\/3102"}],"replies":[{"embeddable":true,"href":"https:\/\/www.miomiorun.com\/es\/wp-json\/wp\/v2\/comments?post=259846"}],"version-history":[{"count":0,"href":"https:\/\/www.miomiorun.com\/es\/wp-json\/wp\/v2\/pages\/259846\/revisions"}],"wp:attachment":[{"href":"https:\/\/www.miomiorun.com\/es\/wp-json\/wp\/v2\/media?parent=259846"}],"curies":[{"name":"wp","href":"https:\/\/api.w.org\/{rel}","templated":true}]}}