{"id":259841,"date":"2021-06-07T17:36:11","date_gmt":"2021-06-07T15:36:11","guid":{"rendered":"https:\/\/miomiorun.com\/spedizioni-e-resi\/"},"modified":"2026-04-10T10:01:48","modified_gmt":"2026-04-10T08:01:48","slug":"envios-y-devoluciones","status":"publish","type":"page","link":"https:\/\/www.miomiorun.com\/es\/envios-y-devoluciones\/","title":{"rendered":"Env\u00edos y devoluciones"},"content":{"rendered":"<div class=\"vc-row container\"><div class=\"vc-column\"><div class=\"vc-column-text\"><\/p>\n<h2>Env\u00edo<\/h2>\n<p>Los gastos de env\u00edo se cobran en funci\u00f3n del pa\u00eds de destino, seg\u00fan la tabla siguiente.<\/p>\n<div style=\"overflow-x: auto;\">\n<table class=\"responsive-yes\" border=\"1\">\n<thead>\n<tr>\n<td>NACI\u00d3N<\/td>\n<td>GASTOS DE ENV\u00cdO<\/td>\n<td>GRATIS DESDE<\/td>\n<td>PLAZOS DE ENTREGA<\/td>\n<\/tr>\n<\/thead>\n<tbody>\n<tr>\n<td>AUSTRIA<\/td>\n<td>10\u20ac<\/td>\n<td>100\u20ac<\/td>\n<td>2 &#8211; 4 DD desde el env\u00edo<\/td>\n<\/tr>\n<tr>\n<td>B\u00c9LGICA<\/td>\n<td>10\u20ac<\/td>\n<td>100\u20ac<\/td>\n<td>2 &#8211; 4 DD desde el env\u00edo<\/td>\n<\/tr>\n<tr>\n<td>BULGARIA<\/td>\n<td>34\u20ac<\/td>\n<td>340\u20ac<\/td>\n<td>4 &#8211; 6 DD a partir del env\u00edo<\/td>\n<\/tr>\n<tr>\n<td>CHIPRE<\/td>\n<td>34\u20ac<\/td>\n<td>340\u20ac<\/td>\n<td>4 &#8211; 6 DD a partir del env\u00edo<\/td>\n<\/tr>\n<tr>\n<td>CROACIA<\/td>\n<td>18\u20ac<\/td>\n<td>180\u20ac<\/td>\n<td>3 &#8211; 5 DD a partir del env\u00edo<\/td>\n<\/tr>\n<tr>\n<td>DINAMARCA<\/td>\n<td>10\u20ac<\/td>\n<td>100\u20ac<\/td>\n<td>2 &#8211; 4 DD desde el env\u00edo<\/td>\n<\/tr>\n<tr>\n<td>ESTONIA<\/td>\n<td>18\u20ac<\/td>\n<td>180\u20ac<\/td>\n<td>3 &#8211; 5 DD desde el env\u00edo<\/td>\n<\/tr>\n<tr>\n<td>FINLANDIA<\/td>\n<td>18\u20ac<\/td>\n<td>180\u20ac<\/td>\n<td>3 &#8211; 5 DD desde el env\u00edo<\/td>\n<\/tr>\n<tr>\n<td>FRANCIA<\/td>\n<td>10\u20ac<\/td>\n<td>100\u20ac<\/td>\n<td>2 &#8211; 4 DD desde el env\u00edo<\/td>\n<\/tr>\n<tr>\n<td>ALEMANIA<\/td>\n<td>10\u20ac<\/td>\n<td>100\u20ac<\/td>\n<td>2 &#8211; 4 DD a partir del env\u00edo<\/td>\n<\/tr>\n<tr>\n<td>GRECIA<\/td>\n<td>18\u20ac<\/td>\n<td>180\u20ac<\/td>\n<td>3- 5 DD a partir del env\u00edo<\/td>\n<\/tr>\n<tr>\n<td>ITALIA<\/td>\n<td>8\u20ac<\/td>\n<td>70\u20ac<\/td>\n<td>24-72h desde el env\u00edo<\/td>\n<\/tr>\n<tr>\n<td>LETONIA<\/td>\n<td>18\u20ac<\/td>\n<td>180\u20ac<\/td>\n<td>3- 5 DD desde el env\u00edo<\/td>\n<\/tr>\n<tr>\n<td>LITUANIA<\/td>\n<td>18\u20ac<\/td>\n<td>180\u20ac<\/td>\n<td>3 &#8211; 5 DD desde el env\u00edo<\/td>\n<\/tr>\n<tr>\n<td>LUXEMBURGO<\/td>\n<td>10\u20ac<\/td>\n<td>100\u20ac<\/td>\n<td>2 &#8211; 4 DD desde el env\u00edo<\/td>\n<\/tr>\n<tr>\n<td>PA\u00cdSES BAJOS<\/td>\n<td>10\u20ac<\/td>\n<td>100\u20ac<\/td>\n<td>2 &#8211; 4 DD desde el env\u00edo<\/td>\n<\/tr>\n<tr>\n<td>POLONIA<\/td>\n<td>10\u20ac<\/td>\n<td>100\u20ac<\/td>\n<td>2 &#8211; 4 DD a partir del env\u00edo<\/td>\n<\/tr>\n<tr>\n<td>PORTUGAL<\/td>\n<td>18\u20ac<\/td>\n<td>180\u20ac<\/td>\n<td>3- 5 DD a partir del env\u00edo<\/td>\n<\/tr>\n<tr>\n<td>REP. CHECA REP\u00daBLICA CHECA<\/td>\n<td>10\u20ac<\/td>\n<td>100\u20ac<\/td>\n<td>2 &#8211; 4 DD desde el env\u00edo<\/td>\n<\/tr>\n<tr>\n<td>RUMAN\u00cdA<\/td>\n<td>18\u20ac<\/td>\n<td>180\u20ac<\/td>\n<td>3- 5 DD desde el env\u00edo<\/td>\n<\/tr>\n<tr>\n<td>ESLOVAQUIA<\/td>\n<td>10\u20ac<\/td>\n<td>100\u20ac<\/td>\n<td>2 &#8211; 4 DD desde el env\u00edo<\/td>\n<\/tr>\n<tr>\n<td>ESLOVENIA<\/td>\n<td>10\u20ac<\/td>\n<td>100\u20ac<\/td>\n<td>2 &#8211; 4 DD desde el env\u00edo<\/td>\n<\/tr>\n<tr>\n<td>ESPA\u00d1A<\/td>\n<td>10\u20ac<\/td>\n<td>100\u20ac<\/td>\n<td>2 &#8211; 4 DD a partir del env\u00edo<\/td>\n<\/tr>\n<tr>\n<td>SUECIA<\/td>\n<td>18\u20ac<\/td>\n<td>180\u20ac<\/td>\n<td>3- 5 DD desde el env\u00edo<\/td>\n<\/tr>\n<tr>\n<td>HUNGR\u00cdA<\/td>\n<td>10\u20ac<\/td>\n<td>100\u20ac<\/td>\n<td>2 &#8211; 4 D\u00edas desde el env\u00edo<\/td>\n<\/tr>\n<\/tbody>\n<\/table>\n<\/div>\n<p>Actualmente no hay env\u00edos a otros pa\u00edses para compras directas en nuestro sitio web. No obstante, es posible solicitar un presupuesto personalizado para diferentes env\u00edos escribiendo a <a href=\"mailto:commerciale@miomiorun.com\">commerciale@miomiorun.com<\/a>.<\/p>\n<p>Todas las compras efectuadas contra reembolso (v\u00e1lido s\u00f3lo para Italia) est\u00e1n sujetas a un recargo de 3 euros, sea cual sea el importe del pedido.<\/p>\n<p>En funci\u00f3n de la carga de trabajo, de la disponibilidad real de los productos y de la forma de pago elegida por el comprador, tratamos de tramitar lo m\u00e1s r\u00e1pidamente posible todos los pedidos recibidos.<\/p>\n<p>En condiciones est\u00e1ndar, los pedidos realizados antes de las 12.00 horas en d\u00edas laborables se env\u00edan el mismo d\u00eda. Los pedidos con pago por transferencia bancaria se env\u00edan el d\u00eda de la verificaci\u00f3n correcta del pago o al d\u00eda siguiente.<\/p>\n<p>Tras el env\u00edo correcto, Desport SRL enviar\u00e1 una notificaci\u00f3n de la finalizaci\u00f3n del pedido.<\/p>\n<p>Todos los env\u00edos se realizan por mensajer\u00eda urgente, Desport SRL enviar\u00e1 al cliente comunicaciones con el seguimiento del env\u00edo.<\/p>\n<p>Estas comunicaciones son meramente informativas y no vinculantes en modo alguno, ya que est\u00e1n sujetas a variaciones, incluso de variables no imputables directamente al transportista.<\/p>\n<p>Los plazos medios de entrega por parte del transportista expresados en la tabla anterior pueden variar en funci\u00f3n de la zona de destino de la mercanc\u00eda.<\/p>\n<h2>Devoluciones y sustituciones<\/h2>\n<p>Las solicitudes de devoluci\u00f3n deben enviarse a trav\u00e9s de un portal espec\u00edfico. Puede acceder al portal <a href=\"https:\/\/miomiorun.shipping-portal.com\/rp\/\">haciendo clic aqu\u00ed<\/a>.<\/p>\n<p>Para solicitar una devoluci\u00f3n, se le pedir\u00e1 su c\u00f3digo postal y su n\u00famero de entrega\/pedido.<\/p>\n<p>El consumidor s\u00f3lo podr\u00e1 devolver los bienes previa autorizaci\u00f3n de Desport SRL. Una vez obtenida la autorizaci\u00f3n, el Consumidor deber\u00e1 embalar la mercanc\u00eda en su embalaje original y entregar el paquete en el punto de recogida seleccionado. El cambio de talla o el reembolso ser\u00e1 aplicable de acuerdo con las siguientes condiciones :<\/p>\n<ul>\n<li>El producto deber\u00e1 haber sido almacenado, manipulado e inspeccionado con la diligencia normal y deber\u00e1 devolverse sin da\u00f1os, completo en todas sus partes, totalmente funcional, con todos los accesorios y prospectos, con las etiquetas de identificaci\u00f3n, las etiquetas y el precinto desechable, si lo hubiera, todav\u00eda adheridos al producto e intactos y sin manipular, as\u00ed como perfectamente apto para el uso al que est\u00e1 destinado y libre de signos de desgaste o suciedad.<\/li>\n<li>Adem\u00e1s, la devoluci\u00f3n se aplica al producto en su totalidad. Por lo tanto, la devoluci\u00f3n no puede ejercerse en relaci\u00f3n con partes y\/o accesorios del producto. En caso de que el c\u00f3digo de serie del producto est\u00e9 incluido en el embalaje del producto, \u00e9ste constituye parte del producto y, en consecuencia, el producto deber\u00e1 devolverse en su embalaje original, que deber\u00e1 colocarse en un embalaje adicional, ya que no se le podr\u00e1 colocar ninguna otra etiqueta o cinta adhesiva.<\/li>\n<li>El material debe devolverse en su embalaje original, sin da\u00f1os, que debe colocarse en un embalaje adicional, y no se le puede pegar ninguna otra etiqueta o cinta adhesiva.<\/li>\n<li>El material devuelto deber\u00e1 ir acompa\u00f1ado de un documento que indique el n\u00famero y la fecha de la factura del producto.<\/li>\n<li>Los dispositivos Garmin no deben estar encendidos ni registrados en los servidores de Garmin (Garmin Connect, Garmin Express, etc.).<\/li>\n<\/ul>\n<p>Dependiendo de la disponibilidad del almac\u00e9n Desport SRL dar\u00e1 su aprobaci\u00f3n para el cambio de tama\u00f1o o en caso de falta de disponibilidad propondr\u00e1 una soluci\u00f3n alternativa que se considere adecuada para el precio y las caracter\u00edsticas t\u00e9cnicas.<\/p>\n<p>El cliente deber\u00e1 entregar el paquete en el punto de recogida seleccionado despu\u00e9s de pegar la etiqueta, embalado en el embalaje original.<\/p>\n<p>Tan pronto como se haya recibido la devoluci\u00f3n y se haya verificado la integridad del paquete, incluido el embalaje, Desport SRL enviar\u00e1 el art\u00edculo solicitado o emitir\u00e1 un reembolso.<\/p>\n<p>Por cada pedido, el cliente s\u00f3lo tiene derecho a un cambio de talla.<\/p>\n<p>El cambio de talla conlleva la p\u00e9rdida del derecho de desistimiento por parte del cliente.<\/p>\n<p><\/div><\/div><\/div>\n","protected":false},"excerpt":{"rendered":"","protected":false},"author":3102,"featured_media":0,"parent":0,"menu_order":0,"comment_status":"closed","ping_status":"closed","template":"","meta":{"_acf_changed":false,"inline_featured_image":[],"footnotes":""},"class_list":["post-259841","page","type-page","status-publish","hentry"],"acf":[],"yoast_head":"<!-- This site is optimized with the Yoast SEO plugin v26.8 - https:\/\/yoast.com\/product\/yoast-seo-wordpress\/ -->\n<title>Env\u00edos y devoluciones - MioMioRun<\/title>\n<meta name=\"robots\" content=\"index, follow, max-snippet:-1, max-image-preview:large, max-video-preview:-1\" \/>\n<link rel=\"canonical\" href=\"https:\/\/www.miomiorun.com\/es\/envios-y-devoluciones\/\" \/>\n<meta property=\"og:locale\" content=\"es_ES\" \/>\n<meta property=\"og:type\" content=\"article\" \/>\n<meta property=\"og:title\" content=\"Env\u00edos y devoluciones - MioMioRun\" \/>\n<meta property=\"og:url\" content=\"https:\/\/www.miomiorun.com\/es\/envios-y-devoluciones\/\" \/>\n<meta property=\"og:site_name\" content=\"MioMioRun\" \/>\n<meta property=\"article:publisher\" content=\"https:\/\/www.facebook.com\/miomiorun\/\" \/>\n<meta property=\"article:modified_time\" content=\"2026-04-10T08:01:48+00:00\" \/>\n<meta name=\"twitter:card\" content=\"summary_large_image\" \/>\n<meta name=\"twitter:label1\" content=\"Est. reading time\" \/>\n\t<meta name=\"twitter:data1\" content=\"5 minutes\" \/>\n<script type=\"application\/ld+json\" class=\"yoast-schema-graph\">{\"@context\":\"https:\/\/schema.org\",\"@graph\":[{\"@type\":\"WebPage\",\"@id\":\"https:\/\/www.miomiorun.com\/es\/envios-y-devoluciones\/\",\"url\":\"https:\/\/www.miomiorun.com\/es\/envios-y-devoluciones\/\",\"name\":\"Env\u00edos y devoluciones - MioMioRun\",\"isPartOf\":{\"@id\":\"https:\/\/www.miomiorun.com\/es\/#website\"},\"datePublished\":\"2021-06-07T15:36:11+00:00\",\"dateModified\":\"2026-04-10T08:01:48+00:00\",\"breadcrumb\":{\"@id\":\"https:\/\/www.miomiorun.com\/es\/envios-y-devoluciones\/#breadcrumb\"},\"inLanguage\":\"es-ES\",\"potentialAction\":[{\"@type\":\"ReadAction\",\"target\":[\"https:\/\/www.miomiorun.com\/es\/envios-y-devoluciones\/\"]}]},{\"@type\":\"BreadcrumbList\",\"@id\":\"https:\/\/www.miomiorun.com\/es\/envios-y-devoluciones\/#breadcrumb\",\"itemListElement\":[{\"@type\":\"ListItem\",\"position\":1,\"name\":\"Home\",\"item\":\"https:\/\/www.miomiorun.com\/es\/\"},{\"@type\":\"ListItem\",\"position\":2,\"name\":\"Env\u00edos y devoluciones\"}]},{\"@type\":\"WebSite\",\"@id\":\"https:\/\/www.miomiorun.com\/es\/#website\",\"url\":\"https:\/\/www.miomiorun.com\/es\/\",\"name\":\"MioMioRun\",\"description\":\"Tienda 100% running y trail\",\"publisher\":{\"@id\":\"https:\/\/www.miomiorun.com\/es\/#organization\"},\"potentialAction\":[{\"@type\":\"SearchAction\",\"target\":{\"@type\":\"EntryPoint\",\"urlTemplate\":\"https:\/\/www.miomiorun.com\/es\/?s={search_term_string}\"},\"query-input\":{\"@type\":\"PropertyValueSpecification\",\"valueRequired\":true,\"valueName\":\"search_term_string\"}}],\"inLanguage\":\"es-ES\"},{\"@type\":\"Organization\",\"@id\":\"https:\/\/www.miomiorun.com\/es\/#organization\",\"name\":\"MioMio Run\",\"url\":\"https:\/\/www.miomiorun.com\/es\/\",\"logo\":{\"@type\":\"ImageObject\",\"inLanguage\":\"es-ES\",\"@id\":\"https:\/\/www.miomiorun.com\/es\/#\/schema\/logo\/image\/\",\"url\":\"https:\/\/www.miomiorun.com\/app\/uploads\/2019\/12\/logomio.png\",\"contentUrl\":\"https:\/\/www.miomiorun.com\/app\/uploads\/2019\/12\/logomio.png\",\"width\":115,\"height\":82,\"caption\":\"MioMio Run\"},\"image\":{\"@id\":\"https:\/\/www.miomiorun.com\/es\/#\/schema\/logo\/image\/\"},\"sameAs\":[\"https:\/\/www.facebook.com\/miomiorun\/\",\"https:\/\/www.instagram.com\/miomiorun\/\"]}]}<\/script>\n<!-- \/ Yoast SEO plugin. -->","yoast_head_json":{"title":"Env\u00edos y devoluciones - MioMioRun","robots":{"index":"index","follow":"follow","max-snippet":"max-snippet:-1","max-image-preview":"max-image-preview:large","max-video-preview":"max-video-preview:-1"},"canonical":"https:\/\/www.miomiorun.com\/es\/envios-y-devoluciones\/","og_locale":"es_ES","og_type":"article","og_title":"Env\u00edos y devoluciones - MioMioRun","og_url":"https:\/\/www.miomiorun.com\/es\/envios-y-devoluciones\/","og_site_name":"MioMioRun","article_publisher":"https:\/\/www.facebook.com\/miomiorun\/","article_modified_time":"2026-04-10T08:01:48+00:00","twitter_card":"summary_large_image","twitter_misc":{"Est. reading time":"5 minutes"},"schema":{"@context":"https:\/\/schema.org","@graph":[{"@type":"WebPage","@id":"https:\/\/www.miomiorun.com\/es\/envios-y-devoluciones\/","url":"https:\/\/www.miomiorun.com\/es\/envios-y-devoluciones\/","name":"Env\u00edos y devoluciones - MioMioRun","isPartOf":{"@id":"https:\/\/www.miomiorun.com\/es\/#website"},"datePublished":"2021-06-07T15:36:11+00:00","dateModified":"2026-04-10T08:01:48+00:00","breadcrumb":{"@id":"https:\/\/www.miomiorun.com\/es\/envios-y-devoluciones\/#breadcrumb"},"inLanguage":"es-ES","potentialAction":[{"@type":"ReadAction","target":["https:\/\/www.miomiorun.com\/es\/envios-y-devoluciones\/"]}]},{"@type":"BreadcrumbList","@id":"https:\/\/www.miomiorun.com\/es\/envios-y-devoluciones\/#breadcrumb","itemListElement":[{"@type":"ListItem","position":1,"name":"Home","item":"https:\/\/www.miomiorun.com\/es\/"},{"@type":"ListItem","position":2,"name":"Env\u00edos y devoluciones"}]},{"@type":"WebSite","@id":"https:\/\/www.miomiorun.com\/es\/#website","url":"https:\/\/www.miomiorun.com\/es\/","name":"MioMioRun","description":"Tienda 100% running y trail","publisher":{"@id":"https:\/\/www.miomiorun.com\/es\/#organization"},"potentialAction":[{"@type":"SearchAction","target":{"@type":"EntryPoint","urlTemplate":"https:\/\/www.miomiorun.com\/es\/?s={search_term_string}"},"query-input":{"@type":"PropertyValueSpecification","valueRequired":true,"valueName":"search_term_string"}}],"inLanguage":"es-ES"},{"@type":"Organization","@id":"https:\/\/www.miomiorun.com\/es\/#organization","name":"MioMio Run","url":"https:\/\/www.miomiorun.com\/es\/","logo":{"@type":"ImageObject","inLanguage":"es-ES","@id":"https:\/\/www.miomiorun.com\/es\/#\/schema\/logo\/image\/","url":"https:\/\/www.miomiorun.com\/app\/uploads\/2019\/12\/logomio.png","contentUrl":"https:\/\/www.miomiorun.com\/app\/uploads\/2019\/12\/logomio.png","width":115,"height":82,"caption":"MioMio Run"},"image":{"@id":"https:\/\/www.miomiorun.com\/es\/#\/schema\/logo\/image\/"},"sameAs":["https:\/\/www.facebook.com\/miomiorun\/","https:\/\/www.instagram.com\/miomiorun\/"]}]}},"_links":{"self":[{"href":"https:\/\/www.miomiorun.com\/es\/wp-json\/wp\/v2\/pages\/259841","targetHints":{"allow":["GET"]}}],"collection":[{"href":"https:\/\/www.miomiorun.com\/es\/wp-json\/wp\/v2\/pages"}],"about":[{"href":"https:\/\/www.miomiorun.com\/es\/wp-json\/wp\/v2\/types\/page"}],"author":[{"embeddable":true,"href":"https:\/\/www.miomiorun.com\/es\/wp-json\/wp\/v2\/users\/3102"}],"replies":[{"embeddable":true,"href":"https:\/\/www.miomiorun.com\/es\/wp-json\/wp\/v2\/comments?post=259841"}],"version-history":[{"count":1,"href":"https:\/\/www.miomiorun.com\/es\/wp-json\/wp\/v2\/pages\/259841\/revisions"}],"predecessor-version":[{"id":428159,"href":"https:\/\/www.miomiorun.com\/es\/wp-json\/wp\/v2\/pages\/259841\/revisions\/428159"}],"wp:attachment":[{"href":"https:\/\/www.miomiorun.com\/es\/wp-json\/wp\/v2\/media?parent=259841"}],"curies":[{"name":"wp","href":"https:\/\/api.w.org\/{rel}","templated":true}]}}