{"id":259834,"date":"2019-11-22T16:02:48","date_gmt":"2019-11-22T15:02:48","guid":{"rendered":"https:\/\/miomiorun.com\/diritto-di-recesso\/"},"modified":"2025-02-28T16:35:44","modified_gmt":"2025-02-28T15:35:44","slug":"derecho-de-tanteo","status":"publish","type":"page","link":"https:\/\/www.miomiorun.com\/es\/derecho-de-tanteo\/","title":{"rendered":"Derecho de retractaci\u00f3n"},"content":{"rendered":"<p><div class=\"vc-row container\"><div class=\"vc-column\"><\/div><\/div><div class=\"vc-row container\"><div class=\"vc-column\"><div class=\"vc-column-text\">El <strong>derecho de desistimiento<\/strong> s\u00f3lo podr\u00e1 ejercerse en relaci\u00f3n con los contratos de venta de bienes o de prestaci\u00f3n de servicios celebrados a distancia, es decir, fuera de los establecimientos comerciales, entre un consumidor <em>(1)<\/em> y un profesional <em>(2),<\/em> y \u00fanicamente por el primero frente al segundo, y no a la inversa.<\/p>\n<ol>\n<li><em>Consumidor es la persona f\u00edsica que act\u00faa con fines ajenos a cualquier actividad empresarial o profesional ejercida.<\/em><\/li>\n<li><em>Por profesional se entender\u00e1 la persona f\u00edsica o jur\u00eddica que act\u00fae en el ejercicio de su actividad comercial, empresarial o profesional.<\/em><\/li>\n<\/ol>\n<p>El vendedor debe asumir siempre la obligaci\u00f3n de informar al consumidor del derecho de desistimiento.<br \/>\nLas solicitudes de devoluci\u00f3n deben presentarse a trav\u00e9s de un portal espec\u00edfico. Puede acceder al portal <a href=\"https:\/\/miomiorun.shipping-portal.com\/rp\/\">haciendo clic aqu\u00ed<\/a>.<\/p>\n<p>Para solicitar una devoluci\u00f3n, se le pedir\u00e1 el c\u00f3digo postal y el n\u00famero de entrega\/pedido.<\/p>\n<p>El consumidor s\u00f3lo podr\u00e1 devolver la mercanc\u00eda previa autorizaci\u00f3n de Desport SRL.<\/p>\n<p>Una vez obtenida la autorizaci\u00f3n, el Consumidor deber\u00e1 embalar los bienes en su embalaje original y entregar el paquete en el punto de recogida seleccionado. El derecho de desistimiento ser\u00e1 aplicable en las siguientes condiciones :<\/p>\n<ul>\n<li>El producto ha sido almacenado, manipulado e inspeccionado con la diligencia normal y debe devolverse intacto, completo en todas sus partes, totalmente funcional, con todos sus accesorios y hojas ilustrativas, con las etiquetas de identificaci\u00f3n, las etiquetas y el precinto desechable, si los hubiera, a\u00fan adheridos al producto e intactos y sin manipular, as\u00ed como perfectamente apto para el uso previsto y sin signos de desgaste o suciedad.<\/li>\n<\/ul>\n<ul>\n<li>Adem\u00e1s, el derecho de desistimiento se aplica al producto en su totalidad. Por tanto, el derecho de desistimiento no puede ejercerse en relaci\u00f3n con partes y\/o accesorios del producto. En caso de que el c\u00f3digo de serie del producto figure en el embalaje del mismo, constituye parte del producto y, en consecuencia, el producto debe devolverse en su embalaje original y sin da\u00f1os, que debe colocarse en un embalaje adicional, ya que no puede colocarse ninguna otra etiqueta o cinta adhesiva.<\/li>\n<li>El material debe devolverse en su embalaje original y sin da\u00f1os, que debe colocarse en un embalaje adicional, ya que no se le puede pegar ninguna otra etiqueta o cinta adhesiva.<\/li>\n<li>El material devuelto debe ir acompa\u00f1ado de un documento que indique el n\u00famero de factura del producto y la fecha.<\/li>\n<li>Los dispositivos Garmin no deben haber sido encendidos y registrados en los servidores de Garmin (Garmin Connect, Garmin Express, etc.).<\/li>\n<\/ul>\n<p>Dependiendo de la disponibilidad del almac\u00e9n Desport SRL dar\u00e1 el visto bueno al cambio de talla o en caso de falta de disponibilidad propondr\u00e1 una soluci\u00f3n alternativa que considere adecuada por precio y caracter\u00edsticas t\u00e9cnicas.<\/p>\n<p>El cliente deber\u00e1 entregar el paquete en el punto de recogida seleccionado despu\u00e9s de pegar la etiqueta, embalado en el embalaje original.<\/p>\n<p>Tan pronto como se haya recibido la devoluci\u00f3n y se haya verificado la integridad del paquete, incluido el embalaje, Desport SRL enviar\u00e1 el art\u00edculo solicitado o emitir\u00e1 un reembolso.<\/p>\n<p>Por cada pedido, el cliente s\u00f3lo tiene derecho a un cambio de talla.<\/p>\n<p>El cambio de talla conllevar\u00e1 la p\u00e9rdida del derecho de desistimiento del cliente.<\/p>\n<p>En caso de que el desistimiento no se ejerza de conformidad con lo dispuesto en la legislaci\u00f3n aplicable, no dar\u00e1 lugar a la resoluci\u00f3n del contrato y, en consecuencia, no dar\u00e1 derecho al cliente a ning\u00fan reembolso. Desport SRL notificar\u00e1 al usuario, por correo electr\u00f3nico, dentro de los 5 d\u00edas h\u00e1biles siguientes a la recepci\u00f3n del producto, rechazando la solicitud de desistimiento. El producto permanecer\u00e1 en Desport SRL a disposici\u00f3n del usuario para su recogida, que deber\u00e1 realizarse por cuenta y bajo la responsabilidad del usuario.<br \/>\nEn caso de que se ejerza el derecho de desistimiento de conformidad con lo dispuesto, el reembolso de las sumas abonadas se efectuar\u00e1 seg\u00fan el medio de pago utilizado por el usuario o, en todo caso, mediante transferencia bancaria y en el plazo m\u00e1s breve posible y, en cualquier caso, dentro de los 14 d\u00edas naturales siguientes a la recepci\u00f3n de la notificaci\u00f3n de desistimiento.<br \/>\nEl derecho de desistimiento se rige por el <strong>DECRETO LEGISLATIVO 206\/2005<\/strong>.<\/div><\/div><\/div><\/p>\n","protected":false},"excerpt":{"rendered":"","protected":false},"author":3102,"featured_media":0,"parent":0,"menu_order":0,"comment_status":"closed","ping_status":"closed","template":"","meta":{"_acf_changed":false,"inline_featured_image":[],"footnotes":""},"class_list":["post-259834","page","type-page","status-publish","hentry"],"acf":[],"yoast_head":"<!-- This site is optimized with the Yoast SEO plugin v26.8 - https:\/\/yoast.com\/product\/yoast-seo-wordpress\/ -->\n<title>Derecho de retractaci\u00f3n - MioMioRun<\/title>\n<meta name=\"robots\" content=\"index, follow, max-snippet:-1, max-image-preview:large, max-video-preview:-1\" \/>\n<link rel=\"canonical\" href=\"https:\/\/www.miomiorun.com\/es\/derecho-de-tanteo\/\" \/>\n<meta property=\"og:locale\" content=\"es_ES\" \/>\n<meta property=\"og:type\" content=\"article\" \/>\n<meta property=\"og:title\" content=\"Derecho de retractaci\u00f3n - MioMioRun\" \/>\n<meta property=\"og:url\" content=\"https:\/\/www.miomiorun.com\/es\/derecho-de-tanteo\/\" \/>\n<meta property=\"og:site_name\" content=\"MioMioRun\" \/>\n<meta property=\"article:publisher\" content=\"https:\/\/www.facebook.com\/miomiorun\/\" \/>\n<meta property=\"article:modified_time\" content=\"2025-02-28T15:35:44+00:00\" \/>\n<meta name=\"twitter:card\" content=\"summary_large_image\" \/>\n<meta name=\"twitter:label1\" content=\"Est. reading time\" \/>\n\t<meta name=\"twitter:data1\" content=\"4 minutes\" \/>\n<script type=\"application\/ld+json\" class=\"yoast-schema-graph\">{\"@context\":\"https:\/\/schema.org\",\"@graph\":[{\"@type\":\"WebPage\",\"@id\":\"https:\/\/www.miomiorun.com\/es\/derecho-de-tanteo\/\",\"url\":\"https:\/\/www.miomiorun.com\/es\/derecho-de-tanteo\/\",\"name\":\"Derecho de retractaci\u00f3n - MioMioRun\",\"isPartOf\":{\"@id\":\"https:\/\/www.miomiorun.com\/es\/#website\"},\"datePublished\":\"2019-11-22T15:02:48+00:00\",\"dateModified\":\"2025-02-28T15:35:44+00:00\",\"breadcrumb\":{\"@id\":\"https:\/\/www.miomiorun.com\/es\/derecho-de-tanteo\/#breadcrumb\"},\"inLanguage\":\"es-ES\",\"potentialAction\":[{\"@type\":\"ReadAction\",\"target\":[\"https:\/\/www.miomiorun.com\/es\/derecho-de-tanteo\/\"]}]},{\"@type\":\"BreadcrumbList\",\"@id\":\"https:\/\/www.miomiorun.com\/es\/derecho-de-tanteo\/#breadcrumb\",\"itemListElement\":[{\"@type\":\"ListItem\",\"position\":1,\"name\":\"Home\",\"item\":\"https:\/\/www.miomiorun.com\/es\/\"},{\"@type\":\"ListItem\",\"position\":2,\"name\":\"Derecho de retractaci\u00f3n\"}]},{\"@type\":\"WebSite\",\"@id\":\"https:\/\/www.miomiorun.com\/es\/#website\",\"url\":\"https:\/\/www.miomiorun.com\/es\/\",\"name\":\"MioMioRun\",\"description\":\"Tienda 100% running y trail\",\"publisher\":{\"@id\":\"https:\/\/www.miomiorun.com\/es\/#organization\"},\"potentialAction\":[{\"@type\":\"SearchAction\",\"target\":{\"@type\":\"EntryPoint\",\"urlTemplate\":\"https:\/\/www.miomiorun.com\/es\/?s={search_term_string}\"},\"query-input\":{\"@type\":\"PropertyValueSpecification\",\"valueRequired\":true,\"valueName\":\"search_term_string\"}}],\"inLanguage\":\"es-ES\"},{\"@type\":\"Organization\",\"@id\":\"https:\/\/www.miomiorun.com\/es\/#organization\",\"name\":\"MioMio Run\",\"url\":\"https:\/\/www.miomiorun.com\/es\/\",\"logo\":{\"@type\":\"ImageObject\",\"inLanguage\":\"es-ES\",\"@id\":\"https:\/\/www.miomiorun.com\/es\/#\/schema\/logo\/image\/\",\"url\":\"https:\/\/www.miomiorun.com\/app\/uploads\/2019\/12\/logomio.png\",\"contentUrl\":\"https:\/\/www.miomiorun.com\/app\/uploads\/2019\/12\/logomio.png\",\"width\":115,\"height\":82,\"caption\":\"MioMio Run\"},\"image\":{\"@id\":\"https:\/\/www.miomiorun.com\/es\/#\/schema\/logo\/image\/\"},\"sameAs\":[\"https:\/\/www.facebook.com\/miomiorun\/\",\"https:\/\/www.instagram.com\/miomiorun\/\"]}]}<\/script>\n<!-- \/ Yoast SEO plugin. -->","yoast_head_json":{"title":"Derecho de retractaci\u00f3n - MioMioRun","robots":{"index":"index","follow":"follow","max-snippet":"max-snippet:-1","max-image-preview":"max-image-preview:large","max-video-preview":"max-video-preview:-1"},"canonical":"https:\/\/www.miomiorun.com\/es\/derecho-de-tanteo\/","og_locale":"es_ES","og_type":"article","og_title":"Derecho de retractaci\u00f3n - MioMioRun","og_url":"https:\/\/www.miomiorun.com\/es\/derecho-de-tanteo\/","og_site_name":"MioMioRun","article_publisher":"https:\/\/www.facebook.com\/miomiorun\/","article_modified_time":"2025-02-28T15:35:44+00:00","twitter_card":"summary_large_image","twitter_misc":{"Est. reading time":"4 minutes"},"schema":{"@context":"https:\/\/schema.org","@graph":[{"@type":"WebPage","@id":"https:\/\/www.miomiorun.com\/es\/derecho-de-tanteo\/","url":"https:\/\/www.miomiorun.com\/es\/derecho-de-tanteo\/","name":"Derecho de retractaci\u00f3n - MioMioRun","isPartOf":{"@id":"https:\/\/www.miomiorun.com\/es\/#website"},"datePublished":"2019-11-22T15:02:48+00:00","dateModified":"2025-02-28T15:35:44+00:00","breadcrumb":{"@id":"https:\/\/www.miomiorun.com\/es\/derecho-de-tanteo\/#breadcrumb"},"inLanguage":"es-ES","potentialAction":[{"@type":"ReadAction","target":["https:\/\/www.miomiorun.com\/es\/derecho-de-tanteo\/"]}]},{"@type":"BreadcrumbList","@id":"https:\/\/www.miomiorun.com\/es\/derecho-de-tanteo\/#breadcrumb","itemListElement":[{"@type":"ListItem","position":1,"name":"Home","item":"https:\/\/www.miomiorun.com\/es\/"},{"@type":"ListItem","position":2,"name":"Derecho de retractaci\u00f3n"}]},{"@type":"WebSite","@id":"https:\/\/www.miomiorun.com\/es\/#website","url":"https:\/\/www.miomiorun.com\/es\/","name":"MioMioRun","description":"Tienda 100% running y trail","publisher":{"@id":"https:\/\/www.miomiorun.com\/es\/#organization"},"potentialAction":[{"@type":"SearchAction","target":{"@type":"EntryPoint","urlTemplate":"https:\/\/www.miomiorun.com\/es\/?s={search_term_string}"},"query-input":{"@type":"PropertyValueSpecification","valueRequired":true,"valueName":"search_term_string"}}],"inLanguage":"es-ES"},{"@type":"Organization","@id":"https:\/\/www.miomiorun.com\/es\/#organization","name":"MioMio Run","url":"https:\/\/www.miomiorun.com\/es\/","logo":{"@type":"ImageObject","inLanguage":"es-ES","@id":"https:\/\/www.miomiorun.com\/es\/#\/schema\/logo\/image\/","url":"https:\/\/www.miomiorun.com\/app\/uploads\/2019\/12\/logomio.png","contentUrl":"https:\/\/www.miomiorun.com\/app\/uploads\/2019\/12\/logomio.png","width":115,"height":82,"caption":"MioMio Run"},"image":{"@id":"https:\/\/www.miomiorun.com\/es\/#\/schema\/logo\/image\/"},"sameAs":["https:\/\/www.facebook.com\/miomiorun\/","https:\/\/www.instagram.com\/miomiorun\/"]}]}},"_links":{"self":[{"href":"https:\/\/www.miomiorun.com\/es\/wp-json\/wp\/v2\/pages\/259834","targetHints":{"allow":["GET"]}}],"collection":[{"href":"https:\/\/www.miomiorun.com\/es\/wp-json\/wp\/v2\/pages"}],"about":[{"href":"https:\/\/www.miomiorun.com\/es\/wp-json\/wp\/v2\/types\/page"}],"author":[{"embeddable":true,"href":"https:\/\/www.miomiorun.com\/es\/wp-json\/wp\/v2\/users\/3102"}],"replies":[{"embeddable":true,"href":"https:\/\/www.miomiorun.com\/es\/wp-json\/wp\/v2\/comments?post=259834"}],"version-history":[{"count":0,"href":"https:\/\/www.miomiorun.com\/es\/wp-json\/wp\/v2\/pages\/259834\/revisions"}],"wp:attachment":[{"href":"https:\/\/www.miomiorun.com\/es\/wp-json\/wp\/v2\/media?parent=259834"}],"curies":[{"name":"wp","href":"https:\/\/api.w.org\/{rel}","templated":true}]}}