{"id":259546,"date":"2021-11-15T18:29:06","date_gmt":"2021-11-15T17:29:06","guid":{"rendered":"https:\/\/miomiorun.com\/gift-card\/"},"modified":"2025-02-28T17:19:18","modified_gmt":"2025-02-28T16:19:18","slug":"tarjeta-regalo","status":"publish","type":"page","link":"https:\/\/www.miomiorun.com\/es\/tarjeta-regalo\/","title":{"rendered":"Tarjeta regalo"},"content":{"rendered":"<p><div class=\"vc-row container\"><div class=\"vc-column\"><div class=\"vc-column-text\"><\/p>\n<h2 style=\"text-align: center;\"><span style=\"font-size: 32px;\">Gift Card<\/span>\u00a0<small>il regalo perfetto<\/small><\/h2>\n<p><\/div><\/div><\/div><div class=\"vc-row container\"><div class=\"vc-column\"><hr class=\"vc-separator\"><\/div><\/div><div class=\"vc-row container\"><div class=\"vc-column\"><div class=\"vc-column-text\"><\/p>\n<h2 style=\"text-align: center;\">FAI UN REGALO ACQUISTA UNA GIFT CARD<\/h2>\n<p><\/div><div class=\"vc-column-text\"><\/p>\n<div class=\"page-header\"><\/div>\n<div class=\"left_cont\">\n<div>\n<h3>Come Funziona?<\/h3>\n<p>Lascia che sia il destinatario del tuo pensiero a scegliere il proprio regalo all&#8217;interno del nostro store online.<br \/>\nAcquista in pochi secondi la Gift Card per l&#8217;importo desiderato; puoi decidere se inviarla direttamente al destinatario (via e-mail) oppure puoi riceverla tu (sempre via e-mail) per consegnarla successivamente a chi desideri.<br \/>\nSpeciale, Sicura e Veloce.<\/p>\n<p>\u2022 Un buono regalo da spendere su MioMioRun ha sempre un effetto <strong>speciale<\/strong> su chi lo riceve : pu\u00f2 scegliere nell&#8217; assortimento dello store dedicato al running con il primo Garmin Shop d&#8217;Italia al suo interno.<br \/>\n\u2022\u00a0<strong>Sicura<\/strong>, come tutti gli acquisti su MioMioRun.com: nessuna sorpresa, massima trasparenza.<br \/>\n\u2022\u00a0<strong>Veloce<\/strong>: puoi acquistare la tuo Gift Card in qualsiasi momento (anche la notte di Natale) ed in un batter d&#8217;occhio il tuo destinatario vedr\u00e0 recapitarsela. Non arriverai mai pi\u00f9 in ritardo con i tuoi regali!<\/p>\n<p>&nbsp;<\/p>\n<h3 style=\"text-align: left;\">Hai ricevuto una Gift Card?<\/h3>\n<\/div>\n<\/div>\n<p><\/div><div class=\"row\"><div class=\"col-md-12\"><a href=\"\/es\/como-utilizar-una-tarjeta-regalo\/\" class=\"vc-btn btn btn-primary btn-xl btn-flat\">Scopri come fare<\/a><\/div><\/div><\/div><div class=\"vc-column\"><div class=\"vc-column-text\"><\/p>\n<h2 style=\"text-align: center;\">SCEGLI LA TUA GIFT CARD<\/h2>\n<p><\/div><figure class=\"vc-single-image-caption\"><a href=\"https:\/\/miomiorun.com\/prodotto\/buono-regalo\/?attribute_gift-card-amount=\u20ac10,00\" class=\"vc-single-image-link\"><img loading=\"lazy\" decoding=\"async\" width=\"1747\" height=\"1240\" src=\"https:\/\/www.miomiorun.com\/app\/uploads\/2020\/05\/Tropical-Leaves-Thank-You-Card.jpg\" class=\"vc-single-image aligncenter vc_box_rounded hover-effect animate__animated animate__bounceIn wvs-archive-product-image\" alt=\"Tropical Leaves Thank You Card\" srcset=\"https:\/\/www.miomiorun.com\/app\/uploads\/2020\/05\/Tropical-Leaves-Thank-You-Card.jpg 1747w, https:\/\/www.miomiorun.com\/app\/uploads\/2020\/05\/Tropical-Leaves-Thank-You-Card-600x426.jpg 600w, https:\/\/www.miomiorun.com\/app\/uploads\/2020\/05\/Tropical-Leaves-Thank-You-Card-300x213.jpg 300w, https:\/\/www.miomiorun.com\/app\/uploads\/2020\/05\/Tropical-Leaves-Thank-You-Card-1024x727.jpg 1024w, https:\/\/www.miomiorun.com\/app\/uploads\/2020\/05\/Tropical-Leaves-Thank-You-Card-768x545.jpg 768w, https:\/\/www.miomiorun.com\/app\/uploads\/2020\/05\/Tropical-Leaves-Thank-You-Card-1536x1090.jpg 1536w, https:\/\/www.miomiorun.com\/app\/uploads\/2020\/05\/Tropical-Leaves-Thank-You-Card-640x454.jpg 640w, https:\/\/www.miomiorun.com\/app\/uploads\/2020\/05\/Tropical-Leaves-Thank-You-Card-400x284.jpg 400w\" sizes=\"auto, (max-width: 1747px) 100vw, 1747px\" \/><\/a><\/figure><figure class=\"vc-single-image-caption\"><a href=\"https:\/\/miomiorun.com\/prodotto\/buono-regalo\/?attribute_gift-card-amount=\u20ac50,00\" class=\"vc-single-image-link\"><img loading=\"lazy\" decoding=\"async\" width=\"1747\" height=\"1240\" src=\"https:\/\/www.miomiorun.com\/app\/uploads\/2020\/05\/Tropical-Leaves-Thank-You-Card-1.jpg\" class=\"vc-single-image aligncenter vc_box_rounded hover-effect animate__animated animate__bounceIn wvs-archive-product-image\" alt=\"Tropical Leaves Thank You Card (1)\" srcset=\"https:\/\/www.miomiorun.com\/app\/uploads\/2020\/05\/Tropical-Leaves-Thank-You-Card-1.jpg 1747w, https:\/\/www.miomiorun.com\/app\/uploads\/2020\/05\/Tropical-Leaves-Thank-You-Card-1-600x426.jpg 600w, https:\/\/www.miomiorun.com\/app\/uploads\/2020\/05\/Tropical-Leaves-Thank-You-Card-1-300x213.jpg 300w, https:\/\/www.miomiorun.com\/app\/uploads\/2020\/05\/Tropical-Leaves-Thank-You-Card-1-1024x727.jpg 1024w, https:\/\/www.miomiorun.com\/app\/uploads\/2020\/05\/Tropical-Leaves-Thank-You-Card-1-768x545.jpg 768w, https:\/\/www.miomiorun.com\/app\/uploads\/2020\/05\/Tropical-Leaves-Thank-You-Card-1-1536x1090.jpg 1536w, https:\/\/www.miomiorun.com\/app\/uploads\/2020\/05\/Tropical-Leaves-Thank-You-Card-1-640x454.jpg 640w, https:\/\/www.miomiorun.com\/app\/uploads\/2020\/05\/Tropical-Leaves-Thank-You-Card-1-400x284.jpg 400w\" sizes=\"auto, (max-width: 1747px) 100vw, 1747px\" \/><\/a><\/figure><figure class=\"vc-single-image-caption\"><a href=\"https:\/\/miomiorun.com\/prodotto\/buono-regalo\/?attribute_gift-card-amount=\u20ac100,00\" class=\"vc-single-image-link\"><img loading=\"lazy\" decoding=\"async\" width=\"1747\" height=\"1240\" src=\"https:\/\/www.miomiorun.com\/app\/uploads\/2020\/05\/Tropical-Leaves-Thank-You-Card-2.jpg\" class=\"vc-single-image aligncenter vc_box_rounded hover-effect animate__animated animate__bounceIn wvs-archive-product-image\" alt=\"Tropical Leaves Thank You Card (2)\" srcset=\"https:\/\/www.miomiorun.com\/app\/uploads\/2020\/05\/Tropical-Leaves-Thank-You-Card-2.jpg 1747w, https:\/\/www.miomiorun.com\/app\/uploads\/2020\/05\/Tropical-Leaves-Thank-You-Card-2-600x426.jpg 600w, https:\/\/www.miomiorun.com\/app\/uploads\/2020\/05\/Tropical-Leaves-Thank-You-Card-2-300x213.jpg 300w, https:\/\/www.miomiorun.com\/app\/uploads\/2020\/05\/Tropical-Leaves-Thank-You-Card-2-1024x727.jpg 1024w, https:\/\/www.miomiorun.com\/app\/uploads\/2020\/05\/Tropical-Leaves-Thank-You-Card-2-768x545.jpg 768w, https:\/\/www.miomiorun.com\/app\/uploads\/2020\/05\/Tropical-Leaves-Thank-You-Card-2-1536x1090.jpg 1536w, https:\/\/www.miomiorun.com\/app\/uploads\/2020\/05\/Tropical-Leaves-Thank-You-Card-2-640x454.jpg 640w, https:\/\/www.miomiorun.com\/app\/uploads\/2020\/05\/Tropical-Leaves-Thank-You-Card-2-400x284.jpg 400w\" sizes=\"auto, (max-width: 1747px) 100vw, 1747px\" \/><\/a><\/figure><figure class=\"vc-single-image-caption\"><a href=\"https:\/\/miomiorun.com\/prodotto\/buono-regalo\/?attribute_gift-card-amount=\u20ac200,00\" class=\"vc-single-image-link\"><img loading=\"lazy\" decoding=\"async\" width=\"1747\" height=\"1240\" src=\"https:\/\/www.miomiorun.com\/app\/uploads\/2020\/05\/Tropical-Leaves-Thank-You-Card-3.jpg\" class=\"vc-single-image aligncenter vc_box_rounded hover-effect animate__animated animate__bounceIn wvs-archive-product-image\" alt=\"Tropical Leaves Thank You Card (3)\" srcset=\"https:\/\/www.miomiorun.com\/app\/uploads\/2020\/05\/Tropical-Leaves-Thank-You-Card-3.jpg 1747w, https:\/\/www.miomiorun.com\/app\/uploads\/2020\/05\/Tropical-Leaves-Thank-You-Card-3-600x426.jpg 600w, https:\/\/www.miomiorun.com\/app\/uploads\/2020\/05\/Tropical-Leaves-Thank-You-Card-3-300x213.jpg 300w, https:\/\/www.miomiorun.com\/app\/uploads\/2020\/05\/Tropical-Leaves-Thank-You-Card-3-1024x727.jpg 1024w, https:\/\/www.miomiorun.com\/app\/uploads\/2020\/05\/Tropical-Leaves-Thank-You-Card-3-768x545.jpg 768w, https:\/\/www.miomiorun.com\/app\/uploads\/2020\/05\/Tropical-Leaves-Thank-You-Card-3-1536x1090.jpg 1536w, https:\/\/www.miomiorun.com\/app\/uploads\/2020\/05\/Tropical-Leaves-Thank-You-Card-3-640x454.jpg 640w, https:\/\/www.miomiorun.com\/app\/uploads\/2020\/05\/Tropical-Leaves-Thank-You-Card-3-400x284.jpg 400w\" sizes=\"auto, (max-width: 1747px) 100vw, 1747px\" \/><\/a><\/figure><p style=\"font-size: 10px;\">CONDIZIONI GENERALI D'USO - Le Gift Card di MioMioRun.com possono essere utilizzati esclusivamente su MioMioRun.com o nei nostri punti vendita. - Le Gift Card non sono cumulabili con altri codici promozionali. - Le Gift Card non possono essere utilizzate per acquistare altre Gift Card. - MioMioRun.com potr\u00e0 fornire all'acquirente informazioni relative all'utilizzo del Gift Card. - MioMioRun.com non \u00e8 responsabile di perdita, smarrimento o furto delle Gift Card.<\/p><\/div><\/div><\/p>\n","protected":false},"excerpt":{"rendered":"","protected":false},"author":3102,"featured_media":0,"parent":0,"menu_order":0,"comment_status":"closed","ping_status":"closed","template":"","meta":{"_acf_changed":false,"inline_featured_image":[],"footnotes":""},"class_list":["post-259546","page","type-page","status-publish","hentry"],"acf":[],"yoast_head":"<!-- This site is optimized with the Yoast SEO plugin v26.8 - https:\/\/yoast.com\/product\/yoast-seo-wordpress\/ -->\n<title>Tarjeta regalo - Comprar una tarjeta regalo para un corredor especial - MioMioRun<\/title>\n<meta name=\"description\" content=\"R\u00e1pida y sencilla, la tarjeta regalo MioMioRun te permite hacer el regalo perfecto a un corredor, \u00e9l elegir\u00e1 su producto favorito\" \/>\n<meta name=\"robots\" content=\"index, follow, max-snippet:-1, max-image-preview:large, max-video-preview:-1\" \/>\n<link rel=\"canonical\" href=\"https:\/\/www.miomiorun.com\/es\/tarjeta-regalo\/\" \/>\n<meta property=\"og:locale\" content=\"es_ES\" \/>\n<meta property=\"og:type\" content=\"article\" \/>\n<meta property=\"og:title\" content=\"Tarjeta regalo - Comprar una tarjeta regalo para un corredor especial - MioMioRun\" \/>\n<meta property=\"og:description\" content=\"R\u00e1pida y sencilla, la tarjeta regalo MioMioRun te permite hacer el regalo perfecto a un corredor, \u00e9l elegir\u00e1 su producto favorito\" \/>\n<meta property=\"og:url\" content=\"https:\/\/www.miomiorun.com\/es\/tarjeta-regalo\/\" \/>\n<meta property=\"og:site_name\" content=\"MioMioRun\" \/>\n<meta property=\"article:publisher\" content=\"https:\/\/www.facebook.com\/miomiorun\/\" \/>\n<meta property=\"article:modified_time\" content=\"2025-02-28T16:19:18+00:00\" \/>\n<meta name=\"twitter:card\" content=\"summary_large_image\" \/>\n<meta name=\"twitter:label1\" content=\"Est. reading time\" \/>\n\t<meta name=\"twitter:data1\" content=\"2 minutes\" \/>\n<script type=\"application\/ld+json\" class=\"yoast-schema-graph\">{\"@context\":\"https:\/\/schema.org\",\"@graph\":[{\"@type\":\"WebPage\",\"@id\":\"https:\/\/www.miomiorun.com\/es\/tarjeta-regalo\/\",\"url\":\"https:\/\/www.miomiorun.com\/es\/tarjeta-regalo\/\",\"name\":\"Tarjeta regalo - Comprar una tarjeta regalo para un corredor especial - MioMioRun\",\"isPartOf\":{\"@id\":\"https:\/\/www.miomiorun.com\/es\/#website\"},\"datePublished\":\"2021-11-15T17:29:06+00:00\",\"dateModified\":\"2025-02-28T16:19:18+00:00\",\"description\":\"R\u00e1pida y sencilla, la tarjeta regalo MioMioRun te permite hacer el regalo perfecto a un corredor, \u00e9l elegir\u00e1 su producto favorito\",\"breadcrumb\":{\"@id\":\"https:\/\/www.miomiorun.com\/es\/tarjeta-regalo\/#breadcrumb\"},\"inLanguage\":\"es-ES\",\"potentialAction\":[{\"@type\":\"ReadAction\",\"target\":[\"https:\/\/www.miomiorun.com\/es\/tarjeta-regalo\/\"]}]},{\"@type\":\"BreadcrumbList\",\"@id\":\"https:\/\/www.miomiorun.com\/es\/tarjeta-regalo\/#breadcrumb\",\"itemListElement\":[{\"@type\":\"ListItem\",\"position\":1,\"name\":\"Home\",\"item\":\"https:\/\/www.miomiorun.com\/es\/\"},{\"@type\":\"ListItem\",\"position\":2,\"name\":\"Tarjeta regalo\"}]},{\"@type\":\"WebSite\",\"@id\":\"https:\/\/www.miomiorun.com\/es\/#website\",\"url\":\"https:\/\/www.miomiorun.com\/es\/\",\"name\":\"MioMioRun\",\"description\":\"Tienda 100% running y trail\",\"publisher\":{\"@id\":\"https:\/\/www.miomiorun.com\/es\/#organization\"},\"potentialAction\":[{\"@type\":\"SearchAction\",\"target\":{\"@type\":\"EntryPoint\",\"urlTemplate\":\"https:\/\/www.miomiorun.com\/es\/?s={search_term_string}\"},\"query-input\":{\"@type\":\"PropertyValueSpecification\",\"valueRequired\":true,\"valueName\":\"search_term_string\"}}],\"inLanguage\":\"es-ES\"},{\"@type\":\"Organization\",\"@id\":\"https:\/\/www.miomiorun.com\/es\/#organization\",\"name\":\"MioMio Run\",\"url\":\"https:\/\/www.miomiorun.com\/es\/\",\"logo\":{\"@type\":\"ImageObject\",\"inLanguage\":\"es-ES\",\"@id\":\"https:\/\/www.miomiorun.com\/es\/#\/schema\/logo\/image\/\",\"url\":\"https:\/\/www.miomiorun.com\/app\/uploads\/2019\/12\/logomio.png\",\"contentUrl\":\"https:\/\/www.miomiorun.com\/app\/uploads\/2019\/12\/logomio.png\",\"width\":115,\"height\":82,\"caption\":\"MioMio Run\"},\"image\":{\"@id\":\"https:\/\/www.miomiorun.com\/es\/#\/schema\/logo\/image\/\"},\"sameAs\":[\"https:\/\/www.facebook.com\/miomiorun\/\",\"https:\/\/www.instagram.com\/miomiorun\/\"]}]}<\/script>\n<!-- \/ Yoast SEO plugin. -->","yoast_head_json":{"title":"Tarjeta regalo - Comprar una tarjeta regalo para un corredor especial - MioMioRun","description":"R\u00e1pida y sencilla, la tarjeta regalo MioMioRun te permite hacer el regalo perfecto a un corredor, \u00e9l elegir\u00e1 su producto favorito","robots":{"index":"index","follow":"follow","max-snippet":"max-snippet:-1","max-image-preview":"max-image-preview:large","max-video-preview":"max-video-preview:-1"},"canonical":"https:\/\/www.miomiorun.com\/es\/tarjeta-regalo\/","og_locale":"es_ES","og_type":"article","og_title":"Tarjeta regalo - Comprar una tarjeta regalo para un corredor especial - MioMioRun","og_description":"R\u00e1pida y sencilla, la tarjeta regalo MioMioRun te permite hacer el regalo perfecto a un corredor, \u00e9l elegir\u00e1 su producto favorito","og_url":"https:\/\/www.miomiorun.com\/es\/tarjeta-regalo\/","og_site_name":"MioMioRun","article_publisher":"https:\/\/www.facebook.com\/miomiorun\/","article_modified_time":"2025-02-28T16:19:18+00:00","twitter_card":"summary_large_image","twitter_misc":{"Est. reading time":"2 minutes"},"schema":{"@context":"https:\/\/schema.org","@graph":[{"@type":"WebPage","@id":"https:\/\/www.miomiorun.com\/es\/tarjeta-regalo\/","url":"https:\/\/www.miomiorun.com\/es\/tarjeta-regalo\/","name":"Tarjeta regalo - Comprar una tarjeta regalo para un corredor especial - MioMioRun","isPartOf":{"@id":"https:\/\/www.miomiorun.com\/es\/#website"},"datePublished":"2021-11-15T17:29:06+00:00","dateModified":"2025-02-28T16:19:18+00:00","description":"R\u00e1pida y sencilla, la tarjeta regalo MioMioRun te permite hacer el regalo perfecto a un corredor, \u00e9l elegir\u00e1 su producto favorito","breadcrumb":{"@id":"https:\/\/www.miomiorun.com\/es\/tarjeta-regalo\/#breadcrumb"},"inLanguage":"es-ES","potentialAction":[{"@type":"ReadAction","target":["https:\/\/www.miomiorun.com\/es\/tarjeta-regalo\/"]}]},{"@type":"BreadcrumbList","@id":"https:\/\/www.miomiorun.com\/es\/tarjeta-regalo\/#breadcrumb","itemListElement":[{"@type":"ListItem","position":1,"name":"Home","item":"https:\/\/www.miomiorun.com\/es\/"},{"@type":"ListItem","position":2,"name":"Tarjeta regalo"}]},{"@type":"WebSite","@id":"https:\/\/www.miomiorun.com\/es\/#website","url":"https:\/\/www.miomiorun.com\/es\/","name":"MioMioRun","description":"Tienda 100% running y trail","publisher":{"@id":"https:\/\/www.miomiorun.com\/es\/#organization"},"potentialAction":[{"@type":"SearchAction","target":{"@type":"EntryPoint","urlTemplate":"https:\/\/www.miomiorun.com\/es\/?s={search_term_string}"},"query-input":{"@type":"PropertyValueSpecification","valueRequired":true,"valueName":"search_term_string"}}],"inLanguage":"es-ES"},{"@type":"Organization","@id":"https:\/\/www.miomiorun.com\/es\/#organization","name":"MioMio Run","url":"https:\/\/www.miomiorun.com\/es\/","logo":{"@type":"ImageObject","inLanguage":"es-ES","@id":"https:\/\/www.miomiorun.com\/es\/#\/schema\/logo\/image\/","url":"https:\/\/www.miomiorun.com\/app\/uploads\/2019\/12\/logomio.png","contentUrl":"https:\/\/www.miomiorun.com\/app\/uploads\/2019\/12\/logomio.png","width":115,"height":82,"caption":"MioMio Run"},"image":{"@id":"https:\/\/www.miomiorun.com\/es\/#\/schema\/logo\/image\/"},"sameAs":["https:\/\/www.facebook.com\/miomiorun\/","https:\/\/www.instagram.com\/miomiorun\/"]}]}},"_links":{"self":[{"href":"https:\/\/www.miomiorun.com\/es\/wp-json\/wp\/v2\/pages\/259546","targetHints":{"allow":["GET"]}}],"collection":[{"href":"https:\/\/www.miomiorun.com\/es\/wp-json\/wp\/v2\/pages"}],"about":[{"href":"https:\/\/www.miomiorun.com\/es\/wp-json\/wp\/v2\/types\/page"}],"author":[{"embeddable":true,"href":"https:\/\/www.miomiorun.com\/es\/wp-json\/wp\/v2\/users\/3102"}],"replies":[{"embeddable":true,"href":"https:\/\/www.miomiorun.com\/es\/wp-json\/wp\/v2\/comments?post=259546"}],"version-history":[{"count":0,"href":"https:\/\/www.miomiorun.com\/es\/wp-json\/wp\/v2\/pages\/259546\/revisions"}],"wp:attachment":[{"href":"https:\/\/www.miomiorun.com\/es\/wp-json\/wp\/v2\/media?parent=259546"}],"curies":[{"name":"wp","href":"https:\/\/api.w.org\/{rel}","templated":true}]}}