{"id":259539,"date":"2019-11-21T18:25:06","date_gmt":"2019-11-21T17:25:06","guid":{"rendered":"https:\/\/miomiorun.com\/condizioni-di-vendita\/"},"modified":"2025-02-28T16:54:18","modified_gmt":"2025-02-28T15:54:18","slug":"condiciones-de-venta","status":"publish","type":"page","link":"https:\/\/www.miomiorun.com\/es\/condiciones-de-venta\/","title":{"rendered":"Condiciones de venta"},"content":{"rendered":"<p><div class=\"vc-row container\"><div class=\"vc-column\"><\/div><\/div><div class=\"vc-row container\"><div class=\"vc-column\"><div class=\"vc-column-text\"><\/p>\n<h3>Todo pedido realizado implica la aceptaci\u00f3n expl\u00edcita de las normas y condiciones de venta indicadas.<br \/>\nLos productos se entregar\u00e1n en todo el territorio nacional por mensajer\u00eda.<\/h3>\n<p>&nbsp;<\/p>\n<p>&nbsp;<\/p>\n<h2>Cambios de pedido<\/h2>\n<p>Para evitar discrepancias, todas las solicitudes de cambio en pedidos no facturados tambi\u00e9n deben hacerse siempre por escrito (correo electr\u00f3nico), no verbalmente. No se puede garantizar el cambio por cualquier desajuste de lectura y recepci\u00f3n.<\/p>\n<p>&nbsp;<\/p>\n<h2>Fichas t\u00e9cnicas de los productos<\/h2>\n<p>La ficha t\u00e9cnica y las im\u00e1genes de un producto pueden no ser completas y exhaustivas de sus caracter\u00edsticas. La informaci\u00f3n t\u00e9cnica incluida en el sitio reproduce fielmente la de los fabricantes de los productos que figuran en el cat\u00e1logo. Desport SRL se reserva el derecho de modificar la informaci\u00f3n t\u00e9cnica de los productos para adaptarla a la facilitada por los fabricantes, sin necesidad de previo aviso. Se entiende que las im\u00e1genes que acompa\u00f1an a la descripci\u00f3n de un producto, pueden no ser perfectamente representativas de sus caracter\u00edsticas. Toda la informaci\u00f3n de apoyo a la compra se entiende como mero material informativo gen\u00e9rico, no referido a las caracter\u00edsticas reales de cada producto en particular.<br \/>\nPara m\u00e1s informaci\u00f3n: email: <a href=\"mailto:commerciale@miomiorun.com\" target=\"_blank\" rel=\"noopener noreferrer\">commerciale@miomiorun.com<\/a><\/p>\n<p>&nbsp;<\/p>\n<h2>Disponibilidad del producto<\/h2>\n<p>La redacci\u00f3n disponible en el momento del producto que se muestra es puramente indicativo para la posibilidad de m\u00faltiples compras al mismo tiempo por varios usuarios o exceso de existencias.<br \/>\nPor esta raz\u00f3n Desport SRL se reserva el derecho de comprobar la disponibilidad de los productos y, en su defecto, para notificar con prontitud la no aceptaci\u00f3n de la orden enviada.<br \/>\nNo podr\u00e1 imputarse responsabilidad alguna a Desport SRL.<br \/>\nLa correcta recepci\u00f3n de la orden ser\u00e1 confirmada por Desport SRL por medio de un correo electr\u00f3nico de respuesta, enviado a la direcci\u00f3n de correo electr\u00f3nico comunicada por el cliente una confirmaci\u00f3n de pedido con toda la informaci\u00f3n necesaria para la identificaci\u00f3n del vendedor y que el cliente deber\u00e1 conservar.<br \/>\nEste mensaje de confirmaci\u00f3n reproducir\u00e1 todos los datos introducidos por el cliente, que se compromete a comprobar que son correctos y a comunicar sin demora cualquier correcci\u00f3n.<br \/>\nAl realizar el pedido en el sitio web www.miomiorun.com, el cliente declara haber le\u00eddo las condiciones de venta, las modalidades de pago propuestas y todo el procedimiento de compra.<\/p>\n<h2>Env\u00edos y devoluciones<\/h2>\n<p>Para conocer los gastos y plazos de env\u00edo, las modalidades de devoluci\u00f3n para cambio de talla o reembolso, consulte la p\u00e1gina correspondiente haciendo clic <a href=\"https:\/\/miomiorun.com\/es\/envios-y-devoluciones\/\">aqu\u00ec<\/a>.<\/p>\n<h2>Pagos<\/h2>\n<p>Todos los pagos de pedidos se efectuar\u00e1n por adelantado a la entrega de la mercanc\u00eda.<\/p>\n<p>En caso de pago por PayPal, tarjeta de cr\u00e9dito o contra reembolso, el pedido se enviar\u00e1 inmediatamente.<\/p>\n<p>En caso de pago por transferencia bancaria, el vendedor se reserva el derecho de esperar al abono del importe debido antes de proceder al env\u00edo.<\/p>\n<p>&nbsp;<\/p>\n<h2>Garant\u00eda jur\u00eddica<\/h2>\n<p>El comprador tiene derecho a una garant\u00eda legal de 24 meses sobre los productos adquiridos en www.miomiorun.com.<\/p>\n<p>La garant\u00eda se aplica \u00fanica y exclusivamente a los defectos y\/o fallos de funcionamiento evidentes imputables a la fabricaci\u00f3n.<\/p>\n<p>Quedan excluidos de la garant\u00eda los da\u00f1os y\/o defectos directamente imputables al cliente y en cualquier caso no directamente atribuibles a defectos de fabricaci\u00f3n.<\/p>\n<p>Tambi\u00e9n quedan excluidos de la garant\u00eda todos los accesorios y parafernalia f\u00e1cilmente degradables (por ejemplo, suelas de zapatos, correas y cables de carga de dispositivos electr\u00f3nicos, etc.). ), a menos que el vendedor y\/o el fabricante admitan directamente su responsabilidad.<\/p>\n<p>En algunos casos, el cliente puede ser redirigido por el vendedor directamente al fabricante.<\/p>\n<p>&nbsp;<\/p>\n<h2>Responsabilidad<\/h2>\n<p>De Sport SRL no ser\u00e1 responsable por ineficacias imputables a fuerza mayor de cualquier naturaleza o tipo en caso de que no pueda ejecutar el contrato dentro del plazo acordado.<br \/>\nDe Sport SRL no ser\u00e1 responsable de los da\u00f1os, p\u00e9rdidas y costes derivados de la no ejecuci\u00f3n del contrato por cualquier motivo, teniendo el comprador derecho \u00fanicamente al reembolso \u00edntegro del precio pagado.<br \/>\nEn caso de que se publique un precio incorrecto y\/o claramente irrisorio, por cualquier motivo (error en nuestros sistemas, error humano, etc.), el pedido ser\u00e1 anulado, incluso en caso de validaci\u00f3n inicial.<\/p>\n<p>&nbsp;<\/p>\n<h2>Obligaciones del comprador<\/h2>\n<p>El Comprador se compromete y est\u00e1 obligado, una vez finalizado el procedimiento de compra on-line, a leer las condiciones de venta.<br \/>\nLa informaci\u00f3n contenida en las presentes condiciones de venta, adem\u00e1s, ya ha sido vista y aceptada en la medida en que este paso se hace obligatorio antes de la confirmaci\u00f3n de la compra, con el fin de cumplir plenamente con la condici\u00f3n establecida en los art\u00edculos 52 y 53 del Decreto Legislativo 206\/2005.<\/p>\n<p>&nbsp;<\/p>\n<h2>Disputas<\/h2>\n<p>El Comprador y Desport SRL acuerdan que cualquier litigio relativo a la aplicaci\u00f3n, ejecuci\u00f3n, interpretaci\u00f3n e incumplimiento del contrato de compra estipulado en l\u00ednea a trav\u00e9s del sitio web miomiorun.com se someter\u00e1 a la jurisdicci\u00f3n italiana y se regir\u00e1 por la legislaci\u00f3n italiana.<br \/>\nEn caso de que el comprador sea un consumidor<br \/>\nEl Tribunal del lugar del domicilio del comprador, si se encuentra en el territorio italiano, ser\u00e1 competente para conocer de cualquier litigio entre las partes en relaci\u00f3n con el presente contrato<br \/>\nSi el domicilio y la residencia del Comprador no se encuentran en el territorio italiano, el Tribunal competente ser\u00e1 el elegido por la parte que interponga la demanda, siempre dentro del territorio italiano.<br \/>\n* De conformidad con el Decreto Legislativo 206\/2005, se entender\u00e1 por \u00abconsumidor\u00bb la persona f\u00edsica que [&#8230;] act\u00fae con fines que no est\u00e9n relacionados con ninguna actividad profesional desarrollada.<br \/>\nEn caso de que el comprador no sea un consumidor y no entre en la definici\u00f3n del Decreto Legislativo 206\/2005.<br \/>\nTodos los litigios derivados de la interpretaci\u00f3n y ejecuci\u00f3n del presente contrato se someter\u00e1n exclusivamente al Tribunal de Treviso (TV).<\/p>\n<p>&nbsp;<\/p>\n<h2><strong>Orari del servizio<\/strong><\/h2>\n<p>El servicio est\u00e1 disponible de martes a s\u00e1bado, en los siguientes horarios: 09.30 &#8211; 12.30 15.30 &#8211; 19.30<br \/>\nPara m\u00e1s informaci\u00f3n: correo electr\u00f3nico: <a href=\"mailto:commerciale@miomiorun.com\" target=\"_blank\" rel=\"noopener noreferrer\">commerciale@miomiorun.com<\/a><\/div><\/div><\/div><div class=\"vc-row container\"><div class=\"vc-column\"><hr class=\"vc-separator\"><\/div><\/div><\/p>\n","protected":false},"excerpt":{"rendered":"","protected":false},"author":3102,"featured_media":0,"parent":0,"menu_order":0,"comment_status":"closed","ping_status":"closed","template":"","meta":{"_acf_changed":false,"inline_featured_image":[],"footnotes":""},"class_list":["post-259539","page","type-page","status-publish","hentry"],"acf":[],"yoast_head":"<!-- This site is optimized with the Yoast SEO plugin v26.8 - https:\/\/yoast.com\/product\/yoast-seo-wordpress\/ -->\n<title>Condiciones de venta - MioMioRun<\/title>\n<meta name=\"robots\" content=\"index, follow, max-snippet:-1, max-image-preview:large, max-video-preview:-1\" \/>\n<link rel=\"canonical\" href=\"https:\/\/www.miomiorun.com\/es\/condiciones-de-venta\/\" \/>\n<meta property=\"og:locale\" content=\"es_ES\" \/>\n<meta property=\"og:type\" content=\"article\" \/>\n<meta property=\"og:title\" content=\"Condiciones de venta - MioMioRun\" \/>\n<meta property=\"og:url\" content=\"https:\/\/www.miomiorun.com\/es\/condiciones-de-venta\/\" \/>\n<meta property=\"og:site_name\" content=\"MioMioRun\" \/>\n<meta property=\"article:publisher\" content=\"https:\/\/www.facebook.com\/miomiorun\/\" \/>\n<meta property=\"article:modified_time\" content=\"2025-02-28T15:54:18+00:00\" \/>\n<meta name=\"twitter:card\" content=\"summary_large_image\" \/>\n<meta name=\"twitter:label1\" content=\"Est. reading time\" \/>\n\t<meta name=\"twitter:data1\" content=\"6 minutes\" \/>\n<script type=\"application\/ld+json\" class=\"yoast-schema-graph\">{\"@context\":\"https:\/\/schema.org\",\"@graph\":[{\"@type\":\"WebPage\",\"@id\":\"https:\/\/www.miomiorun.com\/es\/condiciones-de-venta\/\",\"url\":\"https:\/\/www.miomiorun.com\/es\/condiciones-de-venta\/\",\"name\":\"Condiciones de venta - MioMioRun\",\"isPartOf\":{\"@id\":\"https:\/\/www.miomiorun.com\/es\/#website\"},\"datePublished\":\"2019-11-21T17:25:06+00:00\",\"dateModified\":\"2025-02-28T15:54:18+00:00\",\"breadcrumb\":{\"@id\":\"https:\/\/www.miomiorun.com\/es\/condiciones-de-venta\/#breadcrumb\"},\"inLanguage\":\"es-ES\",\"potentialAction\":[{\"@type\":\"ReadAction\",\"target\":[\"https:\/\/www.miomiorun.com\/es\/condiciones-de-venta\/\"]}]},{\"@type\":\"BreadcrumbList\",\"@id\":\"https:\/\/www.miomiorun.com\/es\/condiciones-de-venta\/#breadcrumb\",\"itemListElement\":[{\"@type\":\"ListItem\",\"position\":1,\"name\":\"Home\",\"item\":\"https:\/\/www.miomiorun.com\/es\/\"},{\"@type\":\"ListItem\",\"position\":2,\"name\":\"Condiciones de venta\"}]},{\"@type\":\"WebSite\",\"@id\":\"https:\/\/www.miomiorun.com\/es\/#website\",\"url\":\"https:\/\/www.miomiorun.com\/es\/\",\"name\":\"MioMioRun\",\"description\":\"Tienda 100% running y trail\",\"publisher\":{\"@id\":\"https:\/\/www.miomiorun.com\/es\/#organization\"},\"potentialAction\":[{\"@type\":\"SearchAction\",\"target\":{\"@type\":\"EntryPoint\",\"urlTemplate\":\"https:\/\/www.miomiorun.com\/es\/?s={search_term_string}\"},\"query-input\":{\"@type\":\"PropertyValueSpecification\",\"valueRequired\":true,\"valueName\":\"search_term_string\"}}],\"inLanguage\":\"es-ES\"},{\"@type\":\"Organization\",\"@id\":\"https:\/\/www.miomiorun.com\/es\/#organization\",\"name\":\"MioMio Run\",\"url\":\"https:\/\/www.miomiorun.com\/es\/\",\"logo\":{\"@type\":\"ImageObject\",\"inLanguage\":\"es-ES\",\"@id\":\"https:\/\/www.miomiorun.com\/es\/#\/schema\/logo\/image\/\",\"url\":\"https:\/\/www.miomiorun.com\/app\/uploads\/2019\/12\/logomio.png\",\"contentUrl\":\"https:\/\/www.miomiorun.com\/app\/uploads\/2019\/12\/logomio.png\",\"width\":115,\"height\":82,\"caption\":\"MioMio Run\"},\"image\":{\"@id\":\"https:\/\/www.miomiorun.com\/es\/#\/schema\/logo\/image\/\"},\"sameAs\":[\"https:\/\/www.facebook.com\/miomiorun\/\",\"https:\/\/www.instagram.com\/miomiorun\/\"]}]}<\/script>\n<!-- \/ Yoast SEO plugin. -->","yoast_head_json":{"title":"Condiciones de venta - MioMioRun","robots":{"index":"index","follow":"follow","max-snippet":"max-snippet:-1","max-image-preview":"max-image-preview:large","max-video-preview":"max-video-preview:-1"},"canonical":"https:\/\/www.miomiorun.com\/es\/condiciones-de-venta\/","og_locale":"es_ES","og_type":"article","og_title":"Condiciones de venta - MioMioRun","og_url":"https:\/\/www.miomiorun.com\/es\/condiciones-de-venta\/","og_site_name":"MioMioRun","article_publisher":"https:\/\/www.facebook.com\/miomiorun\/","article_modified_time":"2025-02-28T15:54:18+00:00","twitter_card":"summary_large_image","twitter_misc":{"Est. reading time":"6 minutes"},"schema":{"@context":"https:\/\/schema.org","@graph":[{"@type":"WebPage","@id":"https:\/\/www.miomiorun.com\/es\/condiciones-de-venta\/","url":"https:\/\/www.miomiorun.com\/es\/condiciones-de-venta\/","name":"Condiciones de venta - MioMioRun","isPartOf":{"@id":"https:\/\/www.miomiorun.com\/es\/#website"},"datePublished":"2019-11-21T17:25:06+00:00","dateModified":"2025-02-28T15:54:18+00:00","breadcrumb":{"@id":"https:\/\/www.miomiorun.com\/es\/condiciones-de-venta\/#breadcrumb"},"inLanguage":"es-ES","potentialAction":[{"@type":"ReadAction","target":["https:\/\/www.miomiorun.com\/es\/condiciones-de-venta\/"]}]},{"@type":"BreadcrumbList","@id":"https:\/\/www.miomiorun.com\/es\/condiciones-de-venta\/#breadcrumb","itemListElement":[{"@type":"ListItem","position":1,"name":"Home","item":"https:\/\/www.miomiorun.com\/es\/"},{"@type":"ListItem","position":2,"name":"Condiciones de venta"}]},{"@type":"WebSite","@id":"https:\/\/www.miomiorun.com\/es\/#website","url":"https:\/\/www.miomiorun.com\/es\/","name":"MioMioRun","description":"Tienda 100% running y trail","publisher":{"@id":"https:\/\/www.miomiorun.com\/es\/#organization"},"potentialAction":[{"@type":"SearchAction","target":{"@type":"EntryPoint","urlTemplate":"https:\/\/www.miomiorun.com\/es\/?s={search_term_string}"},"query-input":{"@type":"PropertyValueSpecification","valueRequired":true,"valueName":"search_term_string"}}],"inLanguage":"es-ES"},{"@type":"Organization","@id":"https:\/\/www.miomiorun.com\/es\/#organization","name":"MioMio Run","url":"https:\/\/www.miomiorun.com\/es\/","logo":{"@type":"ImageObject","inLanguage":"es-ES","@id":"https:\/\/www.miomiorun.com\/es\/#\/schema\/logo\/image\/","url":"https:\/\/www.miomiorun.com\/app\/uploads\/2019\/12\/logomio.png","contentUrl":"https:\/\/www.miomiorun.com\/app\/uploads\/2019\/12\/logomio.png","width":115,"height":82,"caption":"MioMio Run"},"image":{"@id":"https:\/\/www.miomiorun.com\/es\/#\/schema\/logo\/image\/"},"sameAs":["https:\/\/www.facebook.com\/miomiorun\/","https:\/\/www.instagram.com\/miomiorun\/"]}]}},"_links":{"self":[{"href":"https:\/\/www.miomiorun.com\/es\/wp-json\/wp\/v2\/pages\/259539","targetHints":{"allow":["GET"]}}],"collection":[{"href":"https:\/\/www.miomiorun.com\/es\/wp-json\/wp\/v2\/pages"}],"about":[{"href":"https:\/\/www.miomiorun.com\/es\/wp-json\/wp\/v2\/types\/page"}],"author":[{"embeddable":true,"href":"https:\/\/www.miomiorun.com\/es\/wp-json\/wp\/v2\/users\/3102"}],"replies":[{"embeddable":true,"href":"https:\/\/www.miomiorun.com\/es\/wp-json\/wp\/v2\/comments?post=259539"}],"version-history":[{"count":0,"href":"https:\/\/www.miomiorun.com\/es\/wp-json\/wp\/v2\/pages\/259539\/revisions"}],"wp:attachment":[{"href":"https:\/\/www.miomiorun.com\/es\/wp-json\/wp\/v2\/media?parent=259539"}],"curies":[{"name":"wp","href":"https:\/\/api.w.org\/{rel}","templated":true}]}}