{"id":259532,"date":"2021-11-15T18:15:17","date_gmt":"2021-11-15T17:15:17","guid":{"rendered":"https:\/\/miomiorun.com\/come-utilizzare-una-gift-card\/"},"modified":"2025-02-27T17:18:17","modified_gmt":"2025-02-27T16:18:17","slug":"como-utilizar-una-tarjeta-regalo","status":"publish","type":"page","link":"https:\/\/www.miomiorun.com\/es\/como-utilizar-una-tarjeta-regalo\/","title":{"rendered":"C\u00f3mo utilizar una tarjeta regalo"},"content":{"rendered":"<p><div class=\"vc-row container\"><div class=\"vc-column\"><div class=\"vc-column-text\"><\/p>\n<div class=\"page-header text-center\">\n<h2>\u00bfHa recibido una tarjeta regalo?<\/h2>\n<\/div>\n<div class=\"left_cont\">\n<h3>\u00a1Enhorabuena!<\/h3>\n<p>Ahora puedes elegir tus regalos en la tienda online de MioMioRun.com, recibi\u00e9ndolos c\u00f3modamente en casa con un servicio de entrega muy r\u00e1pido. Elige los productos que siempre has querido y utiliza tu Tarjeta Regalo para completar tu compra.<\/p>\n<h3>S\u00f3lo tiene que seguir unos sencillos pasos:<\/h3>\n<p>A\u00f1ada todos los productos que desea recibir a su cesta de la compra, asegur\u00e1ndose de que el importe total es igual o superior al importe de su Tarjeta Regalo.<\/p>\n<p>Introduce el c\u00f3digo de tu Tarjeta Regalo en el espacio habilitado para ello en la secci\u00f3n de pago de la p\u00e1gina de pago y finaliza tu compra, puedes abonar el importe sobrante utilizando la forma de pago que prefieras.<\/p>\n<h3>\u00bfY en tienda?<\/h3>\n<p>\u00bfEst\u00e1 cerca de una de nuestras tiendas y prefiere tocar los productos que quiere comprar?<\/p>\n<p>No hay problema. Imprima el correo electr\u00f3nico que ha recibido con el c\u00f3digo de la Tarjeta Regalo y ll\u00e9velo a la tienda. Podr\u00e1 comprar sus art\u00edculos utilizando el valor de la Tarjeta Regalo y pagar s\u00f3lo la diferencia.<\/p>\n<\/div>\n<p style=\"font-size: 10px;\">CONDICIONES GENERALES DE USO &#8211; Las Tarjetas Regalo de MioMioRun.com s\u00f3lo pueden utilizarse en MioMioRun.com o en nuestras tiendas. &#8211; Las Tarjetas Regalo no se pueden combinar con otros c\u00f3digos promocionales. &#8211; Las Tarjetas regalo no pueden utilizarse para comprar otras Tarjetas regalo. &#8211; MioMioRun.com podr\u00e1 facilitar al comprador informaci\u00f3n relativa al uso de la Tarjeta regalo. &#8211; MioMioRun.com no se hace responsable de la p\u00e9rdida, extrav\u00edo o robo de las Tarjetas regalo.<\/p>\n<p><\/div><\/div><\/div><div class=\"vc-row container\"><div class=\"vc-column\"><a href=\"\/es\/shop\/\" class=\"vc-btn btn btn-primary\">Empezar a comprar<\/a><\/div><\/div><\/p>\n","protected":false},"excerpt":{"rendered":"","protected":false},"author":3102,"featured_media":0,"parent":0,"menu_order":0,"comment_status":"closed","ping_status":"closed","template":"","meta":{"_acf_changed":false,"inline_featured_image":[],"footnotes":""},"class_list":["post-259532","page","type-page","status-publish","hentry"],"acf":[],"yoast_head":"<!-- This site is optimized with the Yoast SEO plugin v26.8 - https:\/\/yoast.com\/product\/yoast-seo-wordpress\/ -->\n<title>C\u00f3mo utilizar una tarjeta regalo - MioMioRun<\/title>\n<meta name=\"description\" content=\"Descubre c\u00f3mo utilizar una tarjeta regalo de MioMioRun.com y canj\u00e9ala por los productos de running con los que siempre has so\u00f1ado.\" \/>\n<meta name=\"robots\" content=\"index, follow, max-snippet:-1, max-image-preview:large, max-video-preview:-1\" \/>\n<link rel=\"canonical\" href=\"https:\/\/www.miomiorun.com\/es\/como-utilizar-una-tarjeta-regalo\/\" \/>\n<meta property=\"og:locale\" content=\"es_ES\" \/>\n<meta property=\"og:type\" content=\"article\" \/>\n<meta property=\"og:title\" content=\"C\u00f3mo utilizar una tarjeta regalo - MioMioRun\" \/>\n<meta property=\"og:description\" content=\"Descubre c\u00f3mo utilizar una tarjeta regalo de MioMioRun.com y canj\u00e9ala por los productos de running con los que siempre has so\u00f1ado.\" \/>\n<meta property=\"og:url\" content=\"https:\/\/www.miomiorun.com\/es\/como-utilizar-una-tarjeta-regalo\/\" \/>\n<meta property=\"og:site_name\" content=\"MioMioRun\" \/>\n<meta property=\"article:publisher\" content=\"https:\/\/www.facebook.com\/miomiorun\/\" \/>\n<meta property=\"article:modified_time\" content=\"2025-02-27T16:18:17+00:00\" \/>\n<meta name=\"twitter:card\" content=\"summary_large_image\" \/>\n<meta name=\"twitter:label1\" content=\"Est. reading time\" \/>\n\t<meta name=\"twitter:data1\" content=\"2 minutes\" \/>\n<script type=\"application\/ld+json\" class=\"yoast-schema-graph\">{\"@context\":\"https:\/\/schema.org\",\"@graph\":[{\"@type\":\"WebPage\",\"@id\":\"https:\/\/www.miomiorun.com\/es\/como-utilizar-una-tarjeta-regalo\/\",\"url\":\"https:\/\/www.miomiorun.com\/es\/como-utilizar-una-tarjeta-regalo\/\",\"name\":\"C\u00f3mo utilizar una tarjeta regalo - MioMioRun\",\"isPartOf\":{\"@id\":\"https:\/\/www.miomiorun.com\/es\/#website\"},\"datePublished\":\"2021-11-15T17:15:17+00:00\",\"dateModified\":\"2025-02-27T16:18:17+00:00\",\"description\":\"Descubre c\u00f3mo utilizar una tarjeta regalo de MioMioRun.com y canj\u00e9ala por los productos de running con los que siempre has so\u00f1ado.\",\"breadcrumb\":{\"@id\":\"https:\/\/www.miomiorun.com\/es\/como-utilizar-una-tarjeta-regalo\/#breadcrumb\"},\"inLanguage\":\"es-ES\",\"potentialAction\":[{\"@type\":\"ReadAction\",\"target\":[\"https:\/\/www.miomiorun.com\/es\/como-utilizar-una-tarjeta-regalo\/\"]}]},{\"@type\":\"BreadcrumbList\",\"@id\":\"https:\/\/www.miomiorun.com\/es\/como-utilizar-una-tarjeta-regalo\/#breadcrumb\",\"itemListElement\":[{\"@type\":\"ListItem\",\"position\":1,\"name\":\"Home\",\"item\":\"https:\/\/www.miomiorun.com\/es\/\"},{\"@type\":\"ListItem\",\"position\":2,\"name\":\"C\u00f3mo utilizar una tarjeta regalo\"}]},{\"@type\":\"WebSite\",\"@id\":\"https:\/\/www.miomiorun.com\/es\/#website\",\"url\":\"https:\/\/www.miomiorun.com\/es\/\",\"name\":\"MioMioRun\",\"description\":\"Tienda 100% running y trail\",\"publisher\":{\"@id\":\"https:\/\/www.miomiorun.com\/es\/#organization\"},\"potentialAction\":[{\"@type\":\"SearchAction\",\"target\":{\"@type\":\"EntryPoint\",\"urlTemplate\":\"https:\/\/www.miomiorun.com\/es\/?s={search_term_string}\"},\"query-input\":{\"@type\":\"PropertyValueSpecification\",\"valueRequired\":true,\"valueName\":\"search_term_string\"}}],\"inLanguage\":\"es-ES\"},{\"@type\":\"Organization\",\"@id\":\"https:\/\/www.miomiorun.com\/es\/#organization\",\"name\":\"MioMio Run\",\"url\":\"https:\/\/www.miomiorun.com\/es\/\",\"logo\":{\"@type\":\"ImageObject\",\"inLanguage\":\"es-ES\",\"@id\":\"https:\/\/www.miomiorun.com\/es\/#\/schema\/logo\/image\/\",\"url\":\"https:\/\/www.miomiorun.com\/app\/uploads\/2019\/12\/logomio.png\",\"contentUrl\":\"https:\/\/www.miomiorun.com\/app\/uploads\/2019\/12\/logomio.png\",\"width\":115,\"height\":82,\"caption\":\"MioMio Run\"},\"image\":{\"@id\":\"https:\/\/www.miomiorun.com\/es\/#\/schema\/logo\/image\/\"},\"sameAs\":[\"https:\/\/www.facebook.com\/miomiorun\/\",\"https:\/\/www.instagram.com\/miomiorun\/\"]}]}<\/script>\n<!-- \/ Yoast SEO plugin. -->","yoast_head_json":{"title":"C\u00f3mo utilizar una tarjeta regalo - MioMioRun","description":"Descubre c\u00f3mo utilizar una tarjeta regalo de MioMioRun.com y canj\u00e9ala por los productos de running con los que siempre has so\u00f1ado.","robots":{"index":"index","follow":"follow","max-snippet":"max-snippet:-1","max-image-preview":"max-image-preview:large","max-video-preview":"max-video-preview:-1"},"canonical":"https:\/\/www.miomiorun.com\/es\/como-utilizar-una-tarjeta-regalo\/","og_locale":"es_ES","og_type":"article","og_title":"C\u00f3mo utilizar una tarjeta regalo - MioMioRun","og_description":"Descubre c\u00f3mo utilizar una tarjeta regalo de MioMioRun.com y canj\u00e9ala por los productos de running con los que siempre has so\u00f1ado.","og_url":"https:\/\/www.miomiorun.com\/es\/como-utilizar-una-tarjeta-regalo\/","og_site_name":"MioMioRun","article_publisher":"https:\/\/www.facebook.com\/miomiorun\/","article_modified_time":"2025-02-27T16:18:17+00:00","twitter_card":"summary_large_image","twitter_misc":{"Est. reading time":"2 minutes"},"schema":{"@context":"https:\/\/schema.org","@graph":[{"@type":"WebPage","@id":"https:\/\/www.miomiorun.com\/es\/como-utilizar-una-tarjeta-regalo\/","url":"https:\/\/www.miomiorun.com\/es\/como-utilizar-una-tarjeta-regalo\/","name":"C\u00f3mo utilizar una tarjeta regalo - MioMioRun","isPartOf":{"@id":"https:\/\/www.miomiorun.com\/es\/#website"},"datePublished":"2021-11-15T17:15:17+00:00","dateModified":"2025-02-27T16:18:17+00:00","description":"Descubre c\u00f3mo utilizar una tarjeta regalo de MioMioRun.com y canj\u00e9ala por los productos de running con los que siempre has so\u00f1ado.","breadcrumb":{"@id":"https:\/\/www.miomiorun.com\/es\/como-utilizar-una-tarjeta-regalo\/#breadcrumb"},"inLanguage":"es-ES","potentialAction":[{"@type":"ReadAction","target":["https:\/\/www.miomiorun.com\/es\/como-utilizar-una-tarjeta-regalo\/"]}]},{"@type":"BreadcrumbList","@id":"https:\/\/www.miomiorun.com\/es\/como-utilizar-una-tarjeta-regalo\/#breadcrumb","itemListElement":[{"@type":"ListItem","position":1,"name":"Home","item":"https:\/\/www.miomiorun.com\/es\/"},{"@type":"ListItem","position":2,"name":"C\u00f3mo utilizar una tarjeta regalo"}]},{"@type":"WebSite","@id":"https:\/\/www.miomiorun.com\/es\/#website","url":"https:\/\/www.miomiorun.com\/es\/","name":"MioMioRun","description":"Tienda 100% running y trail","publisher":{"@id":"https:\/\/www.miomiorun.com\/es\/#organization"},"potentialAction":[{"@type":"SearchAction","target":{"@type":"EntryPoint","urlTemplate":"https:\/\/www.miomiorun.com\/es\/?s={search_term_string}"},"query-input":{"@type":"PropertyValueSpecification","valueRequired":true,"valueName":"search_term_string"}}],"inLanguage":"es-ES"},{"@type":"Organization","@id":"https:\/\/www.miomiorun.com\/es\/#organization","name":"MioMio Run","url":"https:\/\/www.miomiorun.com\/es\/","logo":{"@type":"ImageObject","inLanguage":"es-ES","@id":"https:\/\/www.miomiorun.com\/es\/#\/schema\/logo\/image\/","url":"https:\/\/www.miomiorun.com\/app\/uploads\/2019\/12\/logomio.png","contentUrl":"https:\/\/www.miomiorun.com\/app\/uploads\/2019\/12\/logomio.png","width":115,"height":82,"caption":"MioMio Run"},"image":{"@id":"https:\/\/www.miomiorun.com\/es\/#\/schema\/logo\/image\/"},"sameAs":["https:\/\/www.facebook.com\/miomiorun\/","https:\/\/www.instagram.com\/miomiorun\/"]}]}},"_links":{"self":[{"href":"https:\/\/www.miomiorun.com\/es\/wp-json\/wp\/v2\/pages\/259532","targetHints":{"allow":["GET"]}}],"collection":[{"href":"https:\/\/www.miomiorun.com\/es\/wp-json\/wp\/v2\/pages"}],"about":[{"href":"https:\/\/www.miomiorun.com\/es\/wp-json\/wp\/v2\/types\/page"}],"author":[{"embeddable":true,"href":"https:\/\/www.miomiorun.com\/es\/wp-json\/wp\/v2\/users\/3102"}],"replies":[{"embeddable":true,"href":"https:\/\/www.miomiorun.com\/es\/wp-json\/wp\/v2\/comments?post=259532"}],"version-history":[{"count":0,"href":"https:\/\/www.miomiorun.com\/es\/wp-json\/wp\/v2\/pages\/259532\/revisions"}],"wp:attachment":[{"href":"https:\/\/www.miomiorun.com\/es\/wp-json\/wp\/v2\/media?parent=259532"}],"curies":[{"name":"wp","href":"https:\/\/api.w.org\/{rel}","templated":true}]}}