{"id":259524,"date":"2016-06-14T06:15:58","date_gmt":"2016-06-14T04:15:58","guid":{"rendered":"https:\/\/miomiorun.com\/contatti\/"},"modified":"2025-02-28T17:11:58","modified_gmt":"2025-02-28T16:11:58","slug":"contacto","status":"publish","type":"page","link":"https:\/\/www.miomiorun.com\/es\/contacto\/","title":{"rendered":"Contacto"},"content":{"rendered":"<p><div class=\"vc-row container\"><div class=\"vc-column\"><iframe src=\"https:\/\/www.google.com\/maps\/embed?pb=!1m16!1m12!1m3!1d355180.48973023094!2d12.411982659085016!3d45.934346158994884!2m3!1f0!2f0!3f0!3m2!1i1024!2i768!4f13.1!2m1!1smiomio%20run!5e0!3m2!1sit!2sit!4v1603125474822!5m2!1sit!2sit\" width=\"100%\" height=\"450\" frameborder=\"0\" style=\"border:0;\" allowfullscreen=\"\"><\/iframe>\n<\/div><\/div><div class=\"vc-row container\"><div class=\"vc-column\"><h4 class=\"vc-heading\"><a href=\"https:\/\/miomiorun.com\/es\/tienda-de-san-vendemiano\/\"><strong>San Vendemiano<\/strong><\/a><\/h4><div class=\"info-box d-flex align-items-start mb-3\"><div class=\"info-icon me-2\"><i class=\"fas fa-map-marker-alt\"><\/i><\/div><div class=\"info-content\"><h3 class=\"h6 mb-0\">Via Venezia, 16 - 31020 - San Vendemiano TV<\/h3><\/div><\/div><div class=\"info-box d-flex align-items-start mb-3\"><div class=\"info-icon me-2\"><i class=\"fas fa-phone\"><\/i><\/div><div class=\"info-content\"><h3 class=\"h6 mb-0\"><strong>Telefono:<\/strong> +39 0438 430796<\/h3><\/div><\/div><div class=\"info-box d-flex align-items-start mb-3\"><div class=\"info-icon me-2\"><i class=\"fas fa-comment\"><\/i><\/div><div class=\"info-content\"><h3 class=\"h6 mb-0\"><strong>WhatsApp:<\/strong> +39 0438 430796<\/h3><\/div><\/div><div class=\"info-box d-flex align-items-start mb-3\"><div class=\"info-icon me-2\"><i class=\"far fa-envelope\"><\/i><\/div><div class=\"info-content\"><h3 class=\"h6 mb-0\"><strong>Email:<\/strong> commerciale@miomiorun.com<\/h3><\/div><\/div><h4 class=\"vc-heading\"><strong>Horario<\/strong><\/h4><div class=\"info-box d-flex align-items-start mb-3\"><div class=\"info-icon me-2\"><i class=\"far fa-clock\"><\/i><\/div><div class=\"info-content\"><h3 class=\"h6 mb-0\">Luned\u00ec : 15.30-19.30<\/h3><\/div><\/div><div class=\"info-box d-flex align-items-start mb-3\"><div class=\"info-icon me-2\"><i class=\"far fa-clock\"><\/i><\/div><div class=\"info-content\"><h3 class=\"h6 mb-0\">Marted\u00ec-Sabato : 09.30-12.30 \/ 15.30-19.30<\/h3><\/div><\/div><div class=\"info-box d-flex align-items-start mb-3\"><div class=\"info-icon me-2\"><i class=\"far fa-clock\"><\/i><\/div><div class=\"info-content\"><h3 class=\"h6 mb-0\">Domenica - Chiuso<\/h3><\/div><\/div><hr class=\"vc-separator\"><\/div><div class=\"vc-column\"><h4 class=\"vc-heading\"><a href=\"https:\/\/miomiorun.com\/es\/tienda-de-pordenone\/\"><strong>Pordenone<\/strong><\/a><\/h4><div class=\"info-box d-flex align-items-start mb-3\"><div class=\"info-icon me-2\"><i class=\"fas fa-map-marker-alt\"><\/i><\/div><div class=\"info-content\"><h3 class=\"h6 mb-0\">Viale Treviso, 3 - 33170 - Pordenone PN<\/h3><\/div><\/div><div class=\"info-box d-flex align-items-start mb-3\"><div class=\"info-icon me-2\"><i class=\"fas fa-phone\"><\/i><\/div><div class=\"info-content\"><h3 class=\"h6 mb-0\"><strong>Telefono:<\/strong> +39 0434 455295<\/h3><\/div><\/div><div class=\"info-box d-flex align-items-start mb-3\"><div class=\"info-icon me-2\"><i class=\"fas fa-comment\"><\/i><\/div><div class=\"info-content\"><h3 class=\"h6 mb-0\"><strong>WhatsApp:<\/strong> +39 0438 430796<\/h3><\/div><\/div><div class=\"info-box d-flex align-items-start mb-3\"><div class=\"info-icon me-2\"><i class=\"far fa-envelope\"><\/i><\/div><div class=\"info-content\"><h3 class=\"h6 mb-0\"><strong>Email:<\/strong> commerciale@miomiorun.com<\/h3><\/div><\/div><h4 class=\"vc-heading\"><strong>Horario<\/strong><\/h4><div class=\"info-box d-flex align-items-start mb-3\"><div class=\"info-icon me-2\"><i class=\"far fa-clock\"><\/i><\/div><div class=\"info-content\"><h3 class=\"h6 mb-0\">Luned\u00ec : Chiuso<\/h3><\/div><\/div><div class=\"info-box d-flex align-items-start mb-3\"><div class=\"info-icon me-2\"><i class=\"far fa-clock\"><\/i><\/div><div class=\"info-content\"><h3 class=\"h6 mb-0\">Marted\u00ec-Sabato : 09.30-12.30 \/ 15.30-19.30<\/h3><\/div><\/div><div class=\"info-box d-flex align-items-start mb-3\"><div class=\"info-icon me-2\"><i class=\"far fa-clock\"><\/i><\/div><div class=\"info-content\"><h3 class=\"h6 mb-0\">Domenica - Chiuso<\/h3><\/div><\/div><hr class=\"vc-separator\"><\/div><\/div><\/p>\n","protected":false},"excerpt":{"rendered":"","protected":false},"author":3102,"featured_media":0,"parent":0,"menu_order":0,"comment_status":"closed","ping_status":"closed","template":"","meta":{"_acf_changed":false,"inline_featured_image":[],"footnotes":""},"class_list":["post-259524","page","type-page","status-publish","hentry"],"acf":[],"yoast_head":"<!-- This site is optimized with the Yoast SEO plugin v26.8 - https:\/\/yoast.com\/product\/yoast-seo-wordpress\/ -->\n<title>Ropa, calzado y equipamiento deportivo - Contacto MioMioRun<\/title>\n<meta name=\"description\" content=\"Aqu\u00ed encontrar\u00e1 toda la informaci\u00f3n sobre nuestras tiendas.... Encuentre informaci\u00f3n, n\u00fameros de tel\u00e9fono, contactos por correo electr\u00f3nico, direcciones e informaci\u00f3n.\" \/>\n<meta name=\"robots\" content=\"index, follow, max-snippet:-1, max-image-preview:large, max-video-preview:-1\" \/>\n<link rel=\"canonical\" href=\"https:\/\/www.miomiorun.com\/es\/contacto\/\" \/>\n<meta property=\"og:locale\" content=\"es_ES\" \/>\n<meta property=\"og:type\" content=\"article\" \/>\n<meta property=\"og:title\" content=\"Ropa, calzado y equipamiento deportivo - Contacto MioMioRun\" \/>\n<meta property=\"og:description\" content=\"Aqu\u00ed encontrar\u00e1 toda la informaci\u00f3n sobre nuestras tiendas.... Encuentre informaci\u00f3n, n\u00fameros de tel\u00e9fono, contactos por correo electr\u00f3nico, direcciones e informaci\u00f3n.\" \/>\n<meta property=\"og:url\" content=\"https:\/\/www.miomiorun.com\/es\/contacto\/\" \/>\n<meta property=\"og:site_name\" content=\"MioMioRun\" \/>\n<meta property=\"article:publisher\" content=\"https:\/\/www.facebook.com\/miomiorun\/\" \/>\n<meta property=\"article:modified_time\" content=\"2025-02-28T16:11:58+00:00\" \/>\n<meta name=\"twitter:card\" content=\"summary_large_image\" \/>\n<meta name=\"twitter:label1\" content=\"Est. reading time\" \/>\n\t<meta name=\"twitter:data1\" content=\"3 minutes\" \/>\n<script type=\"application\/ld+json\" class=\"yoast-schema-graph\">{\"@context\":\"https:\/\/schema.org\",\"@graph\":[{\"@type\":\"WebPage\",\"@id\":\"https:\/\/www.miomiorun.com\/es\/contacto\/\",\"url\":\"https:\/\/www.miomiorun.com\/es\/contacto\/\",\"name\":\"Ropa, calzado y equipamiento deportivo - Contacto MioMioRun\",\"isPartOf\":{\"@id\":\"https:\/\/www.miomiorun.com\/es\/#website\"},\"datePublished\":\"2016-06-14T04:15:58+00:00\",\"dateModified\":\"2025-02-28T16:11:58+00:00\",\"description\":\"Aqu\u00ed encontrar\u00e1 toda la informaci\u00f3n sobre nuestras tiendas.... Encuentre informaci\u00f3n, n\u00fameros de tel\u00e9fono, contactos por correo electr\u00f3nico, direcciones e informaci\u00f3n.\",\"breadcrumb\":{\"@id\":\"https:\/\/www.miomiorun.com\/es\/contacto\/#breadcrumb\"},\"inLanguage\":\"es-ES\",\"potentialAction\":[{\"@type\":\"ReadAction\",\"target\":[\"https:\/\/www.miomiorun.com\/es\/contacto\/\"]}]},{\"@type\":\"BreadcrumbList\",\"@id\":\"https:\/\/www.miomiorun.com\/es\/contacto\/#breadcrumb\",\"itemListElement\":[{\"@type\":\"ListItem\",\"position\":1,\"name\":\"Home\",\"item\":\"https:\/\/www.miomiorun.com\/es\/\"},{\"@type\":\"ListItem\",\"position\":2,\"name\":\"Contacto\"}]},{\"@type\":\"WebSite\",\"@id\":\"https:\/\/www.miomiorun.com\/es\/#website\",\"url\":\"https:\/\/www.miomiorun.com\/es\/\",\"name\":\"MioMioRun\",\"description\":\"Tienda 100% running y trail\",\"publisher\":{\"@id\":\"https:\/\/www.miomiorun.com\/es\/#organization\"},\"potentialAction\":[{\"@type\":\"SearchAction\",\"target\":{\"@type\":\"EntryPoint\",\"urlTemplate\":\"https:\/\/www.miomiorun.com\/es\/?s={search_term_string}\"},\"query-input\":{\"@type\":\"PropertyValueSpecification\",\"valueRequired\":true,\"valueName\":\"search_term_string\"}}],\"inLanguage\":\"es-ES\"},{\"@type\":\"Organization\",\"@id\":\"https:\/\/www.miomiorun.com\/es\/#organization\",\"name\":\"MioMio Run\",\"url\":\"https:\/\/www.miomiorun.com\/es\/\",\"logo\":{\"@type\":\"ImageObject\",\"inLanguage\":\"es-ES\",\"@id\":\"https:\/\/www.miomiorun.com\/es\/#\/schema\/logo\/image\/\",\"url\":\"https:\/\/www.miomiorun.com\/app\/uploads\/2019\/12\/logomio.png\",\"contentUrl\":\"https:\/\/www.miomiorun.com\/app\/uploads\/2019\/12\/logomio.png\",\"width\":115,\"height\":82,\"caption\":\"MioMio Run\"},\"image\":{\"@id\":\"https:\/\/www.miomiorun.com\/es\/#\/schema\/logo\/image\/\"},\"sameAs\":[\"https:\/\/www.facebook.com\/miomiorun\/\",\"https:\/\/www.instagram.com\/miomiorun\/\"]}]}<\/script>\n<!-- \/ Yoast SEO plugin. -->","yoast_head_json":{"title":"Ropa, calzado y equipamiento deportivo - Contacto MioMioRun","description":"Aqu\u00ed encontrar\u00e1 toda la informaci\u00f3n sobre nuestras tiendas.... Encuentre informaci\u00f3n, n\u00fameros de tel\u00e9fono, contactos por correo electr\u00f3nico, direcciones e informaci\u00f3n.","robots":{"index":"index","follow":"follow","max-snippet":"max-snippet:-1","max-image-preview":"max-image-preview:large","max-video-preview":"max-video-preview:-1"},"canonical":"https:\/\/www.miomiorun.com\/es\/contacto\/","og_locale":"es_ES","og_type":"article","og_title":"Ropa, calzado y equipamiento deportivo - Contacto MioMioRun","og_description":"Aqu\u00ed encontrar\u00e1 toda la informaci\u00f3n sobre nuestras tiendas.... Encuentre informaci\u00f3n, n\u00fameros de tel\u00e9fono, contactos por correo electr\u00f3nico, direcciones e informaci\u00f3n.","og_url":"https:\/\/www.miomiorun.com\/es\/contacto\/","og_site_name":"MioMioRun","article_publisher":"https:\/\/www.facebook.com\/miomiorun\/","article_modified_time":"2025-02-28T16:11:58+00:00","twitter_card":"summary_large_image","twitter_misc":{"Est. reading time":"3 minutes"},"schema":{"@context":"https:\/\/schema.org","@graph":[{"@type":"WebPage","@id":"https:\/\/www.miomiorun.com\/es\/contacto\/","url":"https:\/\/www.miomiorun.com\/es\/contacto\/","name":"Ropa, calzado y equipamiento deportivo - Contacto MioMioRun","isPartOf":{"@id":"https:\/\/www.miomiorun.com\/es\/#website"},"datePublished":"2016-06-14T04:15:58+00:00","dateModified":"2025-02-28T16:11:58+00:00","description":"Aqu\u00ed encontrar\u00e1 toda la informaci\u00f3n sobre nuestras tiendas.... Encuentre informaci\u00f3n, n\u00fameros de tel\u00e9fono, contactos por correo electr\u00f3nico, direcciones e informaci\u00f3n.","breadcrumb":{"@id":"https:\/\/www.miomiorun.com\/es\/contacto\/#breadcrumb"},"inLanguage":"es-ES","potentialAction":[{"@type":"ReadAction","target":["https:\/\/www.miomiorun.com\/es\/contacto\/"]}]},{"@type":"BreadcrumbList","@id":"https:\/\/www.miomiorun.com\/es\/contacto\/#breadcrumb","itemListElement":[{"@type":"ListItem","position":1,"name":"Home","item":"https:\/\/www.miomiorun.com\/es\/"},{"@type":"ListItem","position":2,"name":"Contacto"}]},{"@type":"WebSite","@id":"https:\/\/www.miomiorun.com\/es\/#website","url":"https:\/\/www.miomiorun.com\/es\/","name":"MioMioRun","description":"Tienda 100% running y trail","publisher":{"@id":"https:\/\/www.miomiorun.com\/es\/#organization"},"potentialAction":[{"@type":"SearchAction","target":{"@type":"EntryPoint","urlTemplate":"https:\/\/www.miomiorun.com\/es\/?s={search_term_string}"},"query-input":{"@type":"PropertyValueSpecification","valueRequired":true,"valueName":"search_term_string"}}],"inLanguage":"es-ES"},{"@type":"Organization","@id":"https:\/\/www.miomiorun.com\/es\/#organization","name":"MioMio Run","url":"https:\/\/www.miomiorun.com\/es\/","logo":{"@type":"ImageObject","inLanguage":"es-ES","@id":"https:\/\/www.miomiorun.com\/es\/#\/schema\/logo\/image\/","url":"https:\/\/www.miomiorun.com\/app\/uploads\/2019\/12\/logomio.png","contentUrl":"https:\/\/www.miomiorun.com\/app\/uploads\/2019\/12\/logomio.png","width":115,"height":82,"caption":"MioMio Run"},"image":{"@id":"https:\/\/www.miomiorun.com\/es\/#\/schema\/logo\/image\/"},"sameAs":["https:\/\/www.facebook.com\/miomiorun\/","https:\/\/www.instagram.com\/miomiorun\/"]}]}},"_links":{"self":[{"href":"https:\/\/www.miomiorun.com\/es\/wp-json\/wp\/v2\/pages\/259524","targetHints":{"allow":["GET"]}}],"collection":[{"href":"https:\/\/www.miomiorun.com\/es\/wp-json\/wp\/v2\/pages"}],"about":[{"href":"https:\/\/www.miomiorun.com\/es\/wp-json\/wp\/v2\/types\/page"}],"author":[{"embeddable":true,"href":"https:\/\/www.miomiorun.com\/es\/wp-json\/wp\/v2\/users\/3102"}],"replies":[{"embeddable":true,"href":"https:\/\/www.miomiorun.com\/es\/wp-json\/wp\/v2\/comments?post=259524"}],"version-history":[{"count":0,"href":"https:\/\/www.miomiorun.com\/es\/wp-json\/wp\/v2\/pages\/259524\/revisions"}],"wp:attachment":[{"href":"https:\/\/www.miomiorun.com\/es\/wp-json\/wp\/v2\/media?parent=259524"}],"curies":[{"name":"wp","href":"https:\/\/api.w.org\/{rel}","templated":true}]}}