{"id":259507,"date":"2016-06-13T15:48:45","date_gmt":"2016-06-13T13:48:45","guid":{"rendered":"https:\/\/miomiorun.com\/il-negozio-di-san-vendemiano\/"},"modified":"2025-02-27T16:55:48","modified_gmt":"2025-02-27T15:55:48","slug":"tienda-de-san-vendemiano","status":"publish","type":"page","link":"https:\/\/www.miomiorun.com\/es\/tienda-de-san-vendemiano\/","title":{"rendered":"Tienda de San Vendemiano"},"content":{"rendered":"<p><div class=\"vc-row container\"><div class=\"vc-column\"><iframe src=\"https:\/\/www.google.com\/maps\/embed?pb=!4v1687948533692!6m8!1m7!1sCAoSLEFGMVFpcE02bHRpMFViWThrSmxCNWpESHF1TnB5N0szVzdTWlVRb0lzYy1Q!2m2!1d45.891088488849!2d12.325689600416!3f315.19782418912814!4f-15.933438664817231!5f0.7820865974627469\" width=\"600\" height=\"450\" style=\"border:0;\" allowfullscreen=\"\" loading=\"lazy\" referrerpolicy=\"no-referrer-when-downgrade\"><\/iframe><img loading=\"lazy\" decoding=\"async\" width=\"1494\" height=\"1080\" src=\"https:\/\/www.miomiorun.com\/app\/uploads\/2023\/06\/parete-scarpe.jpg\" class=\"vc-single-image  wvs-archive-product-image\" alt=\"parete-scarpe\" srcset=\"https:\/\/www.miomiorun.com\/app\/uploads\/2023\/06\/parete-scarpe.jpg 1494w, https:\/\/www.miomiorun.com\/app\/uploads\/2023\/06\/parete-scarpe-600x434.jpg 600w, https:\/\/www.miomiorun.com\/app\/uploads\/2023\/06\/parete-scarpe-300x217.jpg 300w, https:\/\/www.miomiorun.com\/app\/uploads\/2023\/06\/parete-scarpe-1024x740.jpg 1024w, https:\/\/www.miomiorun.com\/app\/uploads\/2023\/06\/parete-scarpe-768x555.jpg 768w, https:\/\/www.miomiorun.com\/app\/uploads\/2023\/06\/parete-scarpe-640x463.jpg 640w, https:\/\/www.miomiorun.com\/app\/uploads\/2023\/06\/parete-scarpe-400x289.jpg 400w\" sizes=\"auto, (max-width: 1494px) 100vw, 1494px\" \/><img loading=\"lazy\" decoding=\"async\" width=\"1920\" height=\"1080\" src=\"https:\/\/www.miomiorun.com\/app\/uploads\/2023\/06\/interno.2.jpg\" class=\"vc-single-image  wvs-archive-product-image\" alt=\"interno.2\" srcset=\"https:\/\/www.miomiorun.com\/app\/uploads\/2023\/06\/interno.2.jpg 1920w, https:\/\/www.miomiorun.com\/app\/uploads\/2023\/06\/interno.2-600x338.jpg 600w, https:\/\/www.miomiorun.com\/app\/uploads\/2023\/06\/interno.2-300x169.jpg 300w, https:\/\/www.miomiorun.com\/app\/uploads\/2023\/06\/interno.2-1024x576.jpg 1024w, https:\/\/www.miomiorun.com\/app\/uploads\/2023\/06\/interno.2-768x432.jpg 768w, https:\/\/www.miomiorun.com\/app\/uploads\/2023\/06\/interno.2-1536x864.jpg 1536w, https:\/\/www.miomiorun.com\/app\/uploads\/2023\/06\/interno.2-640x360.jpg 640w, https:\/\/www.miomiorun.com\/app\/uploads\/2023\/06\/interno.2-400x225.jpg 400w\" sizes=\"auto, (max-width: 1920px) 100vw, 1920px\" \/><\/div><div class=\"vc-column\"><div class=\"vc-column-text\"><\/p>\n<h2>QUIENES SOMOS<\/h2>\n<p>Fundada en 2015 en Conegliano, impulsada por nuestra pasi\u00f3n por el running, inmediatamente tratamos de proponernos como una tienda de referencia para todos los corredores de la zona y m\u00e1s all\u00e1.<\/p>\n<p>Despu\u00e9s de casi 4 a\u00f1os, el &#8220;primer&#8221; punto de venta se hab\u00eda quedado un poco estrecho para nuestra clientela adquirida.<br \/>\nA finales de 2018, decidimos trasladarnos a un entorno m\u00e1s amplio y acogedor para ofrecer un servicio mejor y m\u00e1s completo a nuestros clientes.<br \/>\nA principios de 2019, inauguramos nuestro nuevo local con 140 metros cuadrados de superficie.<br \/>\nEn su interior, la primera tienda Garmin de Italia donde se puede encontrar toda la gama de productos dedicados a los deportistas.<\/p>\n<p>En marzo de 2023 una nueva mudanza. En busca de un nuevo espacio m\u00e1s amplio y acogedor para nuestros clientes, nos hemos trasladado a un nuevo local en San Vendemiano con casi 300 metros cuadrados de superficie de venta.<\/p>\n<p>El tama\u00f1o de la nueva tienda nos ha permitido subdividir mejor las categor\u00edas de calzado en funci\u00f3n de las necesidades del cliente: de hecho, se puede encontrar la zapatilla t\u00e9cnica de running, la zapatilla de trail y la zapatilla de jogging\/walking en las distintas secciones creadas espec\u00edficamente para ofrecer una exposici\u00f3n clara y r\u00e1pida.<br \/>\nNuestro objetivo es ofrecer a los aficionados y atletas un punto de referencia que les ayude a practicar su deporte al m\u00e1ximo. Buscamos constantemente marcas originales, de calidad, que se distingan de las dem\u00e1s y que adem\u00e1s tengan buen ojo para la est\u00e9tica.<\/p>\n<p>Probamos personalmente los distintos modelos de calzado y ropa, tratando de ofrecer el mejor servicio posible a nuestros clientes mediante la investigaci\u00f3n de productos de calidad y la preparaci\u00f3n t\u00e9cnica para ofrecer a cada uno el art\u00edculo que mejor se adapte a sus necesidades.<\/div><\/div><\/div><div class=\"vc-row container\"><div class=\"vc-column\"><div class=\"vc-gallery\"><img loading=\"lazy\" decoding=\"async\" width=\"1494\" height=\"1080\" src=\"https:\/\/www.miomiorun.com\/app\/uploads\/2023\/06\/parete-scarpe.jpg\" class=\"attachment-1180x500 size-1180x500 wvs-archive-product-image\" alt=\"parete-scarpe\" srcset=\"https:\/\/www.miomiorun.com\/app\/uploads\/2023\/06\/parete-scarpe.jpg 1494w, https:\/\/www.miomiorun.com\/app\/uploads\/2023\/06\/parete-scarpe-600x434.jpg 600w, https:\/\/www.miomiorun.com\/app\/uploads\/2023\/06\/parete-scarpe-300x217.jpg 300w, https:\/\/www.miomiorun.com\/app\/uploads\/2023\/06\/parete-scarpe-1024x740.jpg 1024w, https:\/\/www.miomiorun.com\/app\/uploads\/2023\/06\/parete-scarpe-768x555.jpg 768w, https:\/\/www.miomiorun.com\/app\/uploads\/2023\/06\/parete-scarpe-640x463.jpg 640w, https:\/\/www.miomiorun.com\/app\/uploads\/2023\/06\/parete-scarpe-400x289.jpg 400w\" sizes=\"auto, (max-width: 1494px) 100vw, 1494px\" \/><img loading=\"lazy\" decoding=\"async\" width=\"1376\" height=\"1080\" src=\"https:\/\/www.miomiorun.com\/app\/uploads\/2023\/06\/interno.jpg\" class=\"attachment-1180x500 size-1180x500 wvs-archive-product-image\" alt=\"interno\" srcset=\"https:\/\/www.miomiorun.com\/app\/uploads\/2023\/06\/interno.jpg 1376w, https:\/\/www.miomiorun.com\/app\/uploads\/2023\/06\/interno-600x471.jpg 600w, https:\/\/www.miomiorun.com\/app\/uploads\/2023\/06\/interno-300x235.jpg 300w, https:\/\/www.miomiorun.com\/app\/uploads\/2023\/06\/interno-1024x804.jpg 1024w, https:\/\/www.miomiorun.com\/app\/uploads\/2023\/06\/interno-768x603.jpg 768w, https:\/\/www.miomiorun.com\/app\/uploads\/2023\/06\/interno-640x502.jpg 640w, https:\/\/www.miomiorun.com\/app\/uploads\/2023\/06\/interno-400x314.jpg 400w\" sizes=\"auto, (max-width: 1376px) 100vw, 1376px\" \/><img loading=\"lazy\" decoding=\"async\" width=\"1920\" height=\"1080\" src=\"https:\/\/www.miomiorun.com\/app\/uploads\/2023\/06\/interno.2.jpg\" class=\"attachment-1180x500 size-1180x500 wvs-archive-product-image\" alt=\"interno.2\" srcset=\"https:\/\/www.miomiorun.com\/app\/uploads\/2023\/06\/interno.2.jpg 1920w, https:\/\/www.miomiorun.com\/app\/uploads\/2023\/06\/interno.2-600x338.jpg 600w, https:\/\/www.miomiorun.com\/app\/uploads\/2023\/06\/interno.2-300x169.jpg 300w, https:\/\/www.miomiorun.com\/app\/uploads\/2023\/06\/interno.2-1024x576.jpg 1024w, https:\/\/www.miomiorun.com\/app\/uploads\/2023\/06\/interno.2-768x432.jpg 768w, https:\/\/www.miomiorun.com\/app\/uploads\/2023\/06\/interno.2-1536x864.jpg 1536w, https:\/\/www.miomiorun.com\/app\/uploads\/2023\/06\/interno.2-640x360.jpg 640w, https:\/\/www.miomiorun.com\/app\/uploads\/2023\/06\/interno.2-400x225.jpg 400w\" sizes=\"auto, (max-width: 1920px) 100vw, 1920px\" \/><img loading=\"lazy\" decoding=\"async\" width=\"1093\" height=\"902\" src=\"https:\/\/www.miomiorun.com\/app\/uploads\/2023\/06\/esterno.2.jpg\" class=\"attachment-1180x500 size-1180x500 wvs-archive-product-image\" alt=\"esterno.2\" srcset=\"https:\/\/www.miomiorun.com\/app\/uploads\/2023\/06\/esterno.2.jpg 1093w, https:\/\/www.miomiorun.com\/app\/uploads\/2023\/06\/esterno.2-600x495.jpg 600w, https:\/\/www.miomiorun.com\/app\/uploads\/2023\/06\/esterno.2-300x248.jpg 300w, https:\/\/www.miomiorun.com\/app\/uploads\/2023\/06\/esterno.2-1024x845.jpg 1024w, https:\/\/www.miomiorun.com\/app\/uploads\/2023\/06\/esterno.2-768x634.jpg 768w, https:\/\/www.miomiorun.com\/app\/uploads\/2023\/06\/esterno.2-640x528.jpg 640w, https:\/\/www.miomiorun.com\/app\/uploads\/2023\/06\/esterno.2-400x330.jpg 400w\" sizes=\"auto, (max-width: 1093px) 100vw, 1093px\" \/><img loading=\"lazy\" decoding=\"async\" width=\"1395\" height=\"1080\" src=\"https:\/\/www.miomiorun.com\/app\/uploads\/2023\/06\/accessori.jpg\" class=\"attachment-1180x500 size-1180x500 wvs-archive-product-image\" alt=\"accessori\" srcset=\"https:\/\/www.miomiorun.com\/app\/uploads\/2023\/06\/accessori.jpg 1395w, https:\/\/www.miomiorun.com\/app\/uploads\/2023\/06\/accessori-600x465.jpg 600w, https:\/\/www.miomiorun.com\/app\/uploads\/2023\/06\/accessori-300x232.jpg 300w, https:\/\/www.miomiorun.com\/app\/uploads\/2023\/06\/accessori-1024x793.jpg 1024w, https:\/\/www.miomiorun.com\/app\/uploads\/2023\/06\/accessori-768x595.jpg 768w, https:\/\/www.miomiorun.com\/app\/uploads\/2023\/06\/accessori-640x495.jpg 640w, https:\/\/www.miomiorun.com\/app\/uploads\/2023\/06\/accessori-400x310.jpg 400w\" sizes=\"auto, (max-width: 1395px) 100vw, 1395px\" \/><\/div><\/div><\/div><div class=\"vc-row container\"><div class=\"vc-column\"><div class=\"row\"><div class=\"col-md-12\"><\/div><\/div><\/div><div class=\"vc-column\"><div class=\"row\"><div class=\"col-md-12\"><\/div><\/div><\/div><\/div><\/p>\n","protected":false},"excerpt":{"rendered":"","protected":false},"author":3102,"featured_media":0,"parent":0,"menu_order":0,"comment_status":"closed","ping_status":"closed","template":"","meta":{"_acf_changed":false,"inline_featured_image":[],"footnotes":""},"class_list":["post-259507","page","type-page","status-publish","hentry"],"acf":[],"yoast_head":"<!-- This site is optimized with the Yoast SEO plugin v26.8 - https:\/\/yoast.com\/product\/yoast-seo-wordpress\/ -->\n<title>DescubraTienda de San Vendemiano - MioMioRun .comDescubra<\/title>\n<meta name=\"description\" content=\"Tambi\u00e9n en nuestra tienda de San Vendemiano, probamos personalmente zapatos y ropa, para ofrecerte el mejor servicio posible\" \/>\n<meta name=\"robots\" content=\"index, follow, max-snippet:-1, max-image-preview:large, max-video-preview:-1\" \/>\n<link rel=\"canonical\" href=\"https:\/\/www.miomiorun.com\/es\/tienda-de-san-vendemiano\/\" \/>\n<meta property=\"og:locale\" content=\"es_ES\" \/>\n<meta property=\"og:type\" content=\"article\" \/>\n<meta property=\"og:title\" content=\"DescubraTienda de San Vendemiano - MioMioRun .comDescubra\" \/>\n<meta property=\"og:description\" content=\"Tambi\u00e9n en nuestra tienda de San Vendemiano, probamos personalmente zapatos y ropa, para ofrecerte el mejor servicio posible\" \/>\n<meta property=\"og:url\" content=\"https:\/\/www.miomiorun.com\/es\/tienda-de-san-vendemiano\/\" \/>\n<meta property=\"og:site_name\" content=\"MioMioRun\" \/>\n<meta property=\"article:publisher\" content=\"https:\/\/www.facebook.com\/miomiorun\/\" \/>\n<meta property=\"article:modified_time\" content=\"2025-02-27T15:55:48+00:00\" \/>\n<meta name=\"twitter:card\" content=\"summary_large_image\" \/>\n<meta name=\"twitter:label1\" content=\"Est. reading time\" \/>\n\t<meta name=\"twitter:data1\" content=\"3 minutes\" \/>\n<script type=\"application\/ld+json\" class=\"yoast-schema-graph\">{\"@context\":\"https:\/\/schema.org\",\"@graph\":[{\"@type\":\"WebPage\",\"@id\":\"https:\/\/www.miomiorun.com\/es\/tienda-de-san-vendemiano\/\",\"url\":\"https:\/\/www.miomiorun.com\/es\/tienda-de-san-vendemiano\/\",\"name\":\"DescubraTienda de San Vendemiano - MioMioRun .comDescubra\",\"isPartOf\":{\"@id\":\"https:\/\/www.miomiorun.com\/es\/#website\"},\"datePublished\":\"2016-06-13T13:48:45+00:00\",\"dateModified\":\"2025-02-27T15:55:48+00:00\",\"description\":\"Tambi\u00e9n en nuestra tienda de San Vendemiano, probamos personalmente zapatos y ropa, para ofrecerte el mejor servicio posible\",\"breadcrumb\":{\"@id\":\"https:\/\/www.miomiorun.com\/es\/tienda-de-san-vendemiano\/#breadcrumb\"},\"inLanguage\":\"es-ES\",\"potentialAction\":[{\"@type\":\"ReadAction\",\"target\":[\"https:\/\/www.miomiorun.com\/es\/tienda-de-san-vendemiano\/\"]}]},{\"@type\":\"BreadcrumbList\",\"@id\":\"https:\/\/www.miomiorun.com\/es\/tienda-de-san-vendemiano\/#breadcrumb\",\"itemListElement\":[{\"@type\":\"ListItem\",\"position\":1,\"name\":\"Home\",\"item\":\"https:\/\/www.miomiorun.com\/es\/\"},{\"@type\":\"ListItem\",\"position\":2,\"name\":\"Tienda de San Vendemiano\"}]},{\"@type\":\"WebSite\",\"@id\":\"https:\/\/www.miomiorun.com\/es\/#website\",\"url\":\"https:\/\/www.miomiorun.com\/es\/\",\"name\":\"MioMioRun\",\"description\":\"Tienda 100% running y trail\",\"publisher\":{\"@id\":\"https:\/\/www.miomiorun.com\/es\/#organization\"},\"potentialAction\":[{\"@type\":\"SearchAction\",\"target\":{\"@type\":\"EntryPoint\",\"urlTemplate\":\"https:\/\/www.miomiorun.com\/es\/?s={search_term_string}\"},\"query-input\":{\"@type\":\"PropertyValueSpecification\",\"valueRequired\":true,\"valueName\":\"search_term_string\"}}],\"inLanguage\":\"es-ES\"},{\"@type\":\"Organization\",\"@id\":\"https:\/\/www.miomiorun.com\/es\/#organization\",\"name\":\"MioMio Run\",\"url\":\"https:\/\/www.miomiorun.com\/es\/\",\"logo\":{\"@type\":\"ImageObject\",\"inLanguage\":\"es-ES\",\"@id\":\"https:\/\/www.miomiorun.com\/es\/#\/schema\/logo\/image\/\",\"url\":\"https:\/\/www.miomiorun.com\/app\/uploads\/2019\/12\/logomio.png\",\"contentUrl\":\"https:\/\/www.miomiorun.com\/app\/uploads\/2019\/12\/logomio.png\",\"width\":115,\"height\":82,\"caption\":\"MioMio Run\"},\"image\":{\"@id\":\"https:\/\/www.miomiorun.com\/es\/#\/schema\/logo\/image\/\"},\"sameAs\":[\"https:\/\/www.facebook.com\/miomiorun\/\",\"https:\/\/www.instagram.com\/miomiorun\/\"]}]}<\/script>\n<!-- \/ Yoast SEO plugin. -->","yoast_head_json":{"title":"DescubraTienda de San Vendemiano - MioMioRun .comDescubra","description":"Tambi\u00e9n en nuestra tienda de San Vendemiano, probamos personalmente zapatos y ropa, para ofrecerte el mejor servicio posible","robots":{"index":"index","follow":"follow","max-snippet":"max-snippet:-1","max-image-preview":"max-image-preview:large","max-video-preview":"max-video-preview:-1"},"canonical":"https:\/\/www.miomiorun.com\/es\/tienda-de-san-vendemiano\/","og_locale":"es_ES","og_type":"article","og_title":"DescubraTienda de San Vendemiano - MioMioRun .comDescubra","og_description":"Tambi\u00e9n en nuestra tienda de San Vendemiano, probamos personalmente zapatos y ropa, para ofrecerte el mejor servicio posible","og_url":"https:\/\/www.miomiorun.com\/es\/tienda-de-san-vendemiano\/","og_site_name":"MioMioRun","article_publisher":"https:\/\/www.facebook.com\/miomiorun\/","article_modified_time":"2025-02-27T15:55:48+00:00","twitter_card":"summary_large_image","twitter_misc":{"Est. reading time":"3 minutes"},"schema":{"@context":"https:\/\/schema.org","@graph":[{"@type":"WebPage","@id":"https:\/\/www.miomiorun.com\/es\/tienda-de-san-vendemiano\/","url":"https:\/\/www.miomiorun.com\/es\/tienda-de-san-vendemiano\/","name":"DescubraTienda de San Vendemiano - MioMioRun .comDescubra","isPartOf":{"@id":"https:\/\/www.miomiorun.com\/es\/#website"},"datePublished":"2016-06-13T13:48:45+00:00","dateModified":"2025-02-27T15:55:48+00:00","description":"Tambi\u00e9n en nuestra tienda de San Vendemiano, probamos personalmente zapatos y ropa, para ofrecerte el mejor servicio posible","breadcrumb":{"@id":"https:\/\/www.miomiorun.com\/es\/tienda-de-san-vendemiano\/#breadcrumb"},"inLanguage":"es-ES","potentialAction":[{"@type":"ReadAction","target":["https:\/\/www.miomiorun.com\/es\/tienda-de-san-vendemiano\/"]}]},{"@type":"BreadcrumbList","@id":"https:\/\/www.miomiorun.com\/es\/tienda-de-san-vendemiano\/#breadcrumb","itemListElement":[{"@type":"ListItem","position":1,"name":"Home","item":"https:\/\/www.miomiorun.com\/es\/"},{"@type":"ListItem","position":2,"name":"Tienda de San Vendemiano"}]},{"@type":"WebSite","@id":"https:\/\/www.miomiorun.com\/es\/#website","url":"https:\/\/www.miomiorun.com\/es\/","name":"MioMioRun","description":"Tienda 100% running y trail","publisher":{"@id":"https:\/\/www.miomiorun.com\/es\/#organization"},"potentialAction":[{"@type":"SearchAction","target":{"@type":"EntryPoint","urlTemplate":"https:\/\/www.miomiorun.com\/es\/?s={search_term_string}"},"query-input":{"@type":"PropertyValueSpecification","valueRequired":true,"valueName":"search_term_string"}}],"inLanguage":"es-ES"},{"@type":"Organization","@id":"https:\/\/www.miomiorun.com\/es\/#organization","name":"MioMio Run","url":"https:\/\/www.miomiorun.com\/es\/","logo":{"@type":"ImageObject","inLanguage":"es-ES","@id":"https:\/\/www.miomiorun.com\/es\/#\/schema\/logo\/image\/","url":"https:\/\/www.miomiorun.com\/app\/uploads\/2019\/12\/logomio.png","contentUrl":"https:\/\/www.miomiorun.com\/app\/uploads\/2019\/12\/logomio.png","width":115,"height":82,"caption":"MioMio Run"},"image":{"@id":"https:\/\/www.miomiorun.com\/es\/#\/schema\/logo\/image\/"},"sameAs":["https:\/\/www.facebook.com\/miomiorun\/","https:\/\/www.instagram.com\/miomiorun\/"]}]}},"_links":{"self":[{"href":"https:\/\/www.miomiorun.com\/es\/wp-json\/wp\/v2\/pages\/259507","targetHints":{"allow":["GET"]}}],"collection":[{"href":"https:\/\/www.miomiorun.com\/es\/wp-json\/wp\/v2\/pages"}],"about":[{"href":"https:\/\/www.miomiorun.com\/es\/wp-json\/wp\/v2\/types\/page"}],"author":[{"embeddable":true,"href":"https:\/\/www.miomiorun.com\/es\/wp-json\/wp\/v2\/users\/3102"}],"replies":[{"embeddable":true,"href":"https:\/\/www.miomiorun.com\/es\/wp-json\/wp\/v2\/comments?post=259507"}],"version-history":[{"count":0,"href":"https:\/\/www.miomiorun.com\/es\/wp-json\/wp\/v2\/pages\/259507\/revisions"}],"wp:attachment":[{"href":"https:\/\/www.miomiorun.com\/es\/wp-json\/wp\/v2\/media?parent=259507"}],"curies":[{"name":"wp","href":"https:\/\/api.w.org\/{rel}","templated":true}]}}