{"id":259503,"date":"2020-06-10T15:53:17","date_gmt":"2020-06-10T13:53:17","guid":{"rendered":"https:\/\/miomiorun.com\/il-negozio-di-pordenone\/"},"modified":"2025-02-27T16:57:13","modified_gmt":"2025-02-27T15:57:13","slug":"tienda-de-pordenone","status":"publish","type":"page","link":"https:\/\/www.miomiorun.com\/es\/tienda-de-pordenone\/","title":{"rendered":"Tienda de Pordenone"},"content":{"rendered":"<p><div class=\"vc-row container\"><div class=\"vc-column\"><iframe src=\"https:\/\/www.google.com\/maps\/embed?pb=!4v1651657257111!6m8!1m7!1sCAoSLEFGMVFpcE1JcGY4cUgwRnJQTkVpZzZjUTFmMkFQQTBwck1reDhYQXVWQy1q!2m2!1d45.947325382217!2d12.656578687524!3f257.63757076118617!4f-12.472585340109319!5f0.7820865974627469\" width=\"600\" height=\"450\" style=\"border:0;\" allowfullscreen=\"\" loading=\"lazy\" referrerpolicy=\"no-referrer-when-downgrade\"><\/iframe><img loading=\"lazy\" decoding=\"async\" width=\"1920\" height=\"1440\" src=\"https:\/\/www.miomiorun.com\/app\/uploads\/2020\/06\/IMG_2869.jpg\" class=\"vc-single-image  wvs-archive-product-image\" alt=\"IMG_2869\" srcset=\"https:\/\/www.miomiorun.com\/app\/uploads\/2020\/06\/IMG_2869.jpg 1920w, https:\/\/www.miomiorun.com\/app\/uploads\/2020\/06\/IMG_2869-600x450.jpg 600w, https:\/\/www.miomiorun.com\/app\/uploads\/2020\/06\/IMG_2869-300x225.jpg 300w, https:\/\/www.miomiorun.com\/app\/uploads\/2020\/06\/IMG_2869-1024x768.jpg 1024w, https:\/\/www.miomiorun.com\/app\/uploads\/2020\/06\/IMG_2869-768x576.jpg 768w, https:\/\/www.miomiorun.com\/app\/uploads\/2020\/06\/IMG_2869-1536x1152.jpg 1536w, https:\/\/www.miomiorun.com\/app\/uploads\/2020\/06\/IMG_2869-463x348.jpg 463w, https:\/\/www.miomiorun.com\/app\/uploads\/2020\/06\/IMG_2869-640x480.jpg 640w, https:\/\/www.miomiorun.com\/app\/uploads\/2020\/06\/IMG_2869-400x300.jpg 400w\" sizes=\"auto, (max-width: 1920px) 100vw, 1920px\" \/><img loading=\"lazy\" decoding=\"async\" width=\"1440\" height=\"1920\" src=\"https:\/\/www.miomiorun.com\/app\/uploads\/2020\/06\/IMG_2871.jpg\" class=\"vc-single-image  wvs-archive-product-image\" alt=\"IMG_2871\" srcset=\"https:\/\/www.miomiorun.com\/app\/uploads\/2020\/06\/IMG_2871.jpg 1440w, https:\/\/www.miomiorun.com\/app\/uploads\/2020\/06\/IMG_2871-600x800.jpg 600w, https:\/\/www.miomiorun.com\/app\/uploads\/2020\/06\/IMG_2871-225x300.jpg 225w, https:\/\/www.miomiorun.com\/app\/uploads\/2020\/06\/IMG_2871-768x1024.jpg 768w, https:\/\/www.miomiorun.com\/app\/uploads\/2020\/06\/IMG_2871-1152x1536.jpg 1152w, https:\/\/www.miomiorun.com\/app\/uploads\/2020\/06\/IMG_2871-640x853.jpg 640w, https:\/\/www.miomiorun.com\/app\/uploads\/2020\/06\/IMG_2871-400x533.jpg 400w\" sizes=\"auto, (max-width: 1440px) 100vw, 1440px\" \/><\/div><div class=\"vc-column\"><div class=\"vc-column-text\"><\/p>\n<h2>La inauguraci\u00f3n<\/h2>\n<p>Cinco a\u00f1os despu\u00e9s de la primera apertura, y un a\u00f1o despu\u00e9s de la inauguraci\u00f3n del nuevo <a href=\"https:\/\/miomiorun.com\/es\/tienda-de-san-vendemiano\/\">local ampliado de Conegliano<\/a> (posteriormente trasladado a San Vendemiano), inauguramos tambi\u00e9n nuestro nuevo local de Pordenone el 18 de mayo de 2020.<\/p>\n<p>La tienda sigue los pasos de su predecesora del V\u00e9neto, manteniendo las mismas marcas y productos. Adem\u00e1s, dispone de una cinta de correr para que los clientes puedan probarse las zapatillas &#8220;sobre la marcha&#8221; antes de hacer la compra.<\/p>\n<h2>Tienda Garmin<\/h2>\n<p>Tambi\u00e9n en Pordenone encontrar\u00e1 una Tienda Garmin bien surtida, donde podr\u00e1 encontrar todos los productos Garmin dedicados al deporte, desde el running a la nataci\u00f3n, desde el ciclismo al mundo al aire libre.<\/p>\n<h2>Centro de pruebas Tacx<\/h2>\n<p>Adem\u00e1s del mundo Garmin, dentro de la tienda hay un Tacx NEO Bike Smart Trainer, para que pueda probar la calidad y eficacia del mundo Tacx, las bicicletas inteligentes y los rodillos interactivos.<\/p>\n<h2>El centro de la tienda<\/h2>\n<p>Al igual que en la tienda de Conegliano, en Pordenone seguimos persiguiendo nuestro objetivo: ofrecer a nuestros clientes un punto de referencia para su deporte. Buscamos constantemente marcas originales y de calidad que destaquen entre la multitud y que, adem\u00e1s, tengan buen ojo para la est\u00e9tica.<\/p>\n<p>Nuestros colaboradores prueban personalmente los distintos modelos de zapatos y prendas de vestir, intentando ofrecer el mejor servicio posible a nuestros clientes mediante la b\u00fasqueda de productos de calidad y preparaci\u00f3n t\u00e9cnica para proponer a cada uno el art\u00edculo que mejor se adapte a sus necesidades.<\/div><\/div><\/div><div class=\"vc-row container\"><div class=\"vc-column\"><div class=\"vc-gallery\"><img loading=\"lazy\" decoding=\"async\" width=\"1920\" height=\"1440\" src=\"https:\/\/www.miomiorun.com\/app\/uploads\/2020\/06\/IMG_2872.jpg\" class=\"attachment-1180x500 size-1180x500 wvs-archive-product-image\" alt=\"IMG_2872\" srcset=\"https:\/\/www.miomiorun.com\/app\/uploads\/2020\/06\/IMG_2872.jpg 1920w, https:\/\/www.miomiorun.com\/app\/uploads\/2020\/06\/IMG_2872-600x450.jpg 600w, https:\/\/www.miomiorun.com\/app\/uploads\/2020\/06\/IMG_2872-300x225.jpg 300w, https:\/\/www.miomiorun.com\/app\/uploads\/2020\/06\/IMG_2872-1024x768.jpg 1024w, https:\/\/www.miomiorun.com\/app\/uploads\/2020\/06\/IMG_2872-768x576.jpg 768w, https:\/\/www.miomiorun.com\/app\/uploads\/2020\/06\/IMG_2872-1536x1152.jpg 1536w, https:\/\/www.miomiorun.com\/app\/uploads\/2020\/06\/IMG_2872-463x348.jpg 463w, https:\/\/www.miomiorun.com\/app\/uploads\/2020\/06\/IMG_2872-640x480.jpg 640w, https:\/\/www.miomiorun.com\/app\/uploads\/2020\/06\/IMG_2872-400x300.jpg 400w\" sizes=\"auto, (max-width: 1920px) 100vw, 1920px\" \/><img loading=\"lazy\" decoding=\"async\" width=\"1920\" height=\"1440\" src=\"https:\/\/www.miomiorun.com\/app\/uploads\/2020\/06\/IMG_2867.jpg\" class=\"attachment-1180x500 size-1180x500 wvs-archive-product-image\" alt=\"IMG_2867\" srcset=\"https:\/\/www.miomiorun.com\/app\/uploads\/2020\/06\/IMG_2867.jpg 1920w, https:\/\/www.miomiorun.com\/app\/uploads\/2020\/06\/IMG_2867-600x450.jpg 600w, https:\/\/www.miomiorun.com\/app\/uploads\/2020\/06\/IMG_2867-300x225.jpg 300w, https:\/\/www.miomiorun.com\/app\/uploads\/2020\/06\/IMG_2867-1024x768.jpg 1024w, https:\/\/www.miomiorun.com\/app\/uploads\/2020\/06\/IMG_2867-768x576.jpg 768w, https:\/\/www.miomiorun.com\/app\/uploads\/2020\/06\/IMG_2867-1536x1152.jpg 1536w, https:\/\/www.miomiorun.com\/app\/uploads\/2020\/06\/IMG_2867-463x348.jpg 463w, https:\/\/www.miomiorun.com\/app\/uploads\/2020\/06\/IMG_2867-640x480.jpg 640w, https:\/\/www.miomiorun.com\/app\/uploads\/2020\/06\/IMG_2867-400x300.jpg 400w\" sizes=\"auto, (max-width: 1920px) 100vw, 1920px\" \/><img loading=\"lazy\" decoding=\"async\" width=\"1920\" height=\"1440\" src=\"https:\/\/www.miomiorun.com\/app\/uploads\/2020\/06\/IMG_2870.jpg\" class=\"attachment-1180x500 size-1180x500 wvs-archive-product-image\" alt=\"IMG_2870\" srcset=\"https:\/\/www.miomiorun.com\/app\/uploads\/2020\/06\/IMG_2870.jpg 1920w, https:\/\/www.miomiorun.com\/app\/uploads\/2020\/06\/IMG_2870-600x450.jpg 600w, https:\/\/www.miomiorun.com\/app\/uploads\/2020\/06\/IMG_2870-300x225.jpg 300w, https:\/\/www.miomiorun.com\/app\/uploads\/2020\/06\/IMG_2870-1024x768.jpg 1024w, https:\/\/www.miomiorun.com\/app\/uploads\/2020\/06\/IMG_2870-768x576.jpg 768w, https:\/\/www.miomiorun.com\/app\/uploads\/2020\/06\/IMG_2870-1536x1152.jpg 1536w, https:\/\/www.miomiorun.com\/app\/uploads\/2020\/06\/IMG_2870-463x348.jpg 463w, https:\/\/www.miomiorun.com\/app\/uploads\/2020\/06\/IMG_2870-640x480.jpg 640w, https:\/\/www.miomiorun.com\/app\/uploads\/2020\/06\/IMG_2870-400x300.jpg 400w\" sizes=\"auto, (max-width: 1920px) 100vw, 1920px\" \/><\/div><\/div><\/div><div class=\"vc-row container\"><div class=\"vc-column\"><div class=\"row\"><div class=\"col-md-12\"><\/div><\/div><\/div><div class=\"vc-column\"><div class=\"row\"><div class=\"col-md-12\"><\/div><\/div><\/div><\/div><\/p>\n","protected":false},"excerpt":{"rendered":"","protected":false},"author":3102,"featured_media":0,"parent":0,"menu_order":0,"comment_status":"closed","ping_status":"closed","template":"","meta":{"_acf_changed":false,"inline_featured_image":[],"footnotes":""},"class_list":["post-259503","page","type-page","status-publish","hentry"],"acf":[],"yoast_head":"<!-- This site is optimized with the Yoast SEO plugin v26.8 - https:\/\/yoast.com\/product\/yoast-seo-wordpress\/ -->\n<title>Descubra Tienda de Pordenone y qui\u00e9nes somos - MioMioRun<\/title>\n<meta name=\"description\" content=\"En nuestra tienda de Pordenone encontrar\u00e1s todos los productos de running de las mejores marcas y personal especializado.\" \/>\n<meta name=\"robots\" content=\"index, follow, max-snippet:-1, max-image-preview:large, max-video-preview:-1\" \/>\n<link rel=\"canonical\" href=\"https:\/\/www.miomiorun.com\/es\/tienda-de-pordenone\/\" \/>\n<meta property=\"og:locale\" content=\"es_ES\" \/>\n<meta property=\"og:type\" content=\"article\" \/>\n<meta property=\"og:title\" content=\"Descubra Tienda de Pordenone y qui\u00e9nes somos - MioMioRun\" \/>\n<meta property=\"og:description\" content=\"En nuestra tienda de Pordenone encontrar\u00e1s todos los productos de running de las mejores marcas y personal especializado.\" \/>\n<meta property=\"og:url\" content=\"https:\/\/www.miomiorun.com\/es\/tienda-de-pordenone\/\" \/>\n<meta property=\"og:site_name\" content=\"MioMioRun\" \/>\n<meta property=\"article:publisher\" content=\"https:\/\/www.facebook.com\/miomiorun\/\" \/>\n<meta property=\"article:modified_time\" content=\"2025-02-27T15:57:13+00:00\" \/>\n<meta name=\"twitter:card\" content=\"summary_large_image\" \/>\n<meta name=\"twitter:label1\" content=\"Est. reading time\" \/>\n\t<meta name=\"twitter:data1\" content=\"3 minutes\" \/>\n<script type=\"application\/ld+json\" class=\"yoast-schema-graph\">{\"@context\":\"https:\/\/schema.org\",\"@graph\":[{\"@type\":\"WebPage\",\"@id\":\"https:\/\/www.miomiorun.com\/es\/tienda-de-pordenone\/\",\"url\":\"https:\/\/www.miomiorun.com\/es\/tienda-de-pordenone\/\",\"name\":\"Descubra Tienda de Pordenone y qui\u00e9nes somos - MioMioRun\",\"isPartOf\":{\"@id\":\"https:\/\/www.miomiorun.com\/es\/#website\"},\"datePublished\":\"2020-06-10T13:53:17+00:00\",\"dateModified\":\"2025-02-27T15:57:13+00:00\",\"description\":\"En nuestra tienda de Pordenone encontrar\u00e1s todos los productos de running de las mejores marcas y personal especializado.\",\"breadcrumb\":{\"@id\":\"https:\/\/www.miomiorun.com\/es\/tienda-de-pordenone\/#breadcrumb\"},\"inLanguage\":\"es-ES\",\"potentialAction\":[{\"@type\":\"ReadAction\",\"target\":[\"https:\/\/www.miomiorun.com\/es\/tienda-de-pordenone\/\"]}]},{\"@type\":\"BreadcrumbList\",\"@id\":\"https:\/\/www.miomiorun.com\/es\/tienda-de-pordenone\/#breadcrumb\",\"itemListElement\":[{\"@type\":\"ListItem\",\"position\":1,\"name\":\"Home\",\"item\":\"https:\/\/www.miomiorun.com\/es\/\"},{\"@type\":\"ListItem\",\"position\":2,\"name\":\"Tienda de Pordenone\"}]},{\"@type\":\"WebSite\",\"@id\":\"https:\/\/www.miomiorun.com\/es\/#website\",\"url\":\"https:\/\/www.miomiorun.com\/es\/\",\"name\":\"MioMioRun\",\"description\":\"Tienda 100% running y trail\",\"publisher\":{\"@id\":\"https:\/\/www.miomiorun.com\/es\/#organization\"},\"potentialAction\":[{\"@type\":\"SearchAction\",\"target\":{\"@type\":\"EntryPoint\",\"urlTemplate\":\"https:\/\/www.miomiorun.com\/es\/?s={search_term_string}\"},\"query-input\":{\"@type\":\"PropertyValueSpecification\",\"valueRequired\":true,\"valueName\":\"search_term_string\"}}],\"inLanguage\":\"es-ES\"},{\"@type\":\"Organization\",\"@id\":\"https:\/\/www.miomiorun.com\/es\/#organization\",\"name\":\"MioMio Run\",\"url\":\"https:\/\/www.miomiorun.com\/es\/\",\"logo\":{\"@type\":\"ImageObject\",\"inLanguage\":\"es-ES\",\"@id\":\"https:\/\/www.miomiorun.com\/es\/#\/schema\/logo\/image\/\",\"url\":\"https:\/\/www.miomiorun.com\/app\/uploads\/2019\/12\/logomio.png\",\"contentUrl\":\"https:\/\/www.miomiorun.com\/app\/uploads\/2019\/12\/logomio.png\",\"width\":115,\"height\":82,\"caption\":\"MioMio Run\"},\"image\":{\"@id\":\"https:\/\/www.miomiorun.com\/es\/#\/schema\/logo\/image\/\"},\"sameAs\":[\"https:\/\/www.facebook.com\/miomiorun\/\",\"https:\/\/www.instagram.com\/miomiorun\/\"]}]}<\/script>\n<!-- \/ Yoast SEO plugin. -->","yoast_head_json":{"title":"Descubra Tienda de Pordenone y qui\u00e9nes somos - MioMioRun","description":"En nuestra tienda de Pordenone encontrar\u00e1s todos los productos de running de las mejores marcas y personal especializado.","robots":{"index":"index","follow":"follow","max-snippet":"max-snippet:-1","max-image-preview":"max-image-preview:large","max-video-preview":"max-video-preview:-1"},"canonical":"https:\/\/www.miomiorun.com\/es\/tienda-de-pordenone\/","og_locale":"es_ES","og_type":"article","og_title":"Descubra Tienda de Pordenone y qui\u00e9nes somos - MioMioRun","og_description":"En nuestra tienda de Pordenone encontrar\u00e1s todos los productos de running de las mejores marcas y personal especializado.","og_url":"https:\/\/www.miomiorun.com\/es\/tienda-de-pordenone\/","og_site_name":"MioMioRun","article_publisher":"https:\/\/www.facebook.com\/miomiorun\/","article_modified_time":"2025-02-27T15:57:13+00:00","twitter_card":"summary_large_image","twitter_misc":{"Est. reading time":"3 minutes"},"schema":{"@context":"https:\/\/schema.org","@graph":[{"@type":"WebPage","@id":"https:\/\/www.miomiorun.com\/es\/tienda-de-pordenone\/","url":"https:\/\/www.miomiorun.com\/es\/tienda-de-pordenone\/","name":"Descubra Tienda de Pordenone y qui\u00e9nes somos - MioMioRun","isPartOf":{"@id":"https:\/\/www.miomiorun.com\/es\/#website"},"datePublished":"2020-06-10T13:53:17+00:00","dateModified":"2025-02-27T15:57:13+00:00","description":"En nuestra tienda de Pordenone encontrar\u00e1s todos los productos de running de las mejores marcas y personal especializado.","breadcrumb":{"@id":"https:\/\/www.miomiorun.com\/es\/tienda-de-pordenone\/#breadcrumb"},"inLanguage":"es-ES","potentialAction":[{"@type":"ReadAction","target":["https:\/\/www.miomiorun.com\/es\/tienda-de-pordenone\/"]}]},{"@type":"BreadcrumbList","@id":"https:\/\/www.miomiorun.com\/es\/tienda-de-pordenone\/#breadcrumb","itemListElement":[{"@type":"ListItem","position":1,"name":"Home","item":"https:\/\/www.miomiorun.com\/es\/"},{"@type":"ListItem","position":2,"name":"Tienda de Pordenone"}]},{"@type":"WebSite","@id":"https:\/\/www.miomiorun.com\/es\/#website","url":"https:\/\/www.miomiorun.com\/es\/","name":"MioMioRun","description":"Tienda 100% running y trail","publisher":{"@id":"https:\/\/www.miomiorun.com\/es\/#organization"},"potentialAction":[{"@type":"SearchAction","target":{"@type":"EntryPoint","urlTemplate":"https:\/\/www.miomiorun.com\/es\/?s={search_term_string}"},"query-input":{"@type":"PropertyValueSpecification","valueRequired":true,"valueName":"search_term_string"}}],"inLanguage":"es-ES"},{"@type":"Organization","@id":"https:\/\/www.miomiorun.com\/es\/#organization","name":"MioMio Run","url":"https:\/\/www.miomiorun.com\/es\/","logo":{"@type":"ImageObject","inLanguage":"es-ES","@id":"https:\/\/www.miomiorun.com\/es\/#\/schema\/logo\/image\/","url":"https:\/\/www.miomiorun.com\/app\/uploads\/2019\/12\/logomio.png","contentUrl":"https:\/\/www.miomiorun.com\/app\/uploads\/2019\/12\/logomio.png","width":115,"height":82,"caption":"MioMio Run"},"image":{"@id":"https:\/\/www.miomiorun.com\/es\/#\/schema\/logo\/image\/"},"sameAs":["https:\/\/www.facebook.com\/miomiorun\/","https:\/\/www.instagram.com\/miomiorun\/"]}]}},"_links":{"self":[{"href":"https:\/\/www.miomiorun.com\/es\/wp-json\/wp\/v2\/pages\/259503","targetHints":{"allow":["GET"]}}],"collection":[{"href":"https:\/\/www.miomiorun.com\/es\/wp-json\/wp\/v2\/pages"}],"about":[{"href":"https:\/\/www.miomiorun.com\/es\/wp-json\/wp\/v2\/types\/page"}],"author":[{"embeddable":true,"href":"https:\/\/www.miomiorun.com\/es\/wp-json\/wp\/v2\/users\/3102"}],"replies":[{"embeddable":true,"href":"https:\/\/www.miomiorun.com\/es\/wp-json\/wp\/v2\/comments?post=259503"}],"version-history":[{"count":0,"href":"https:\/\/www.miomiorun.com\/es\/wp-json\/wp\/v2\/pages\/259503\/revisions"}],"wp:attachment":[{"href":"https:\/\/www.miomiorun.com\/es\/wp-json\/wp\/v2\/media?parent=259503"}],"curies":[{"name":"wp","href":"https:\/\/api.w.org\/{rel}","templated":true}]}}