{"id":417355,"date":"2026-03-13T11:35:33","date_gmt":"2026-03-13T10:35:33","guid":{"rendered":"https:\/\/www.miomiorun.com\/?post_type=product&#038;p=417355"},"modified":"2026-05-09T14:10:01","modified_gmt":"2026-05-09T12:10:01","slug":"cadi-women","status":"publish","type":"product","link":"https:\/\/www.miomiorun.com\/en\/product\/cadi-women\/","title":{"rendered":"Cad\u00ec women"},"content":{"rendered":"<table style=\"border-collapse: collapse;width: 100%\">\n<tbody>\n<tr>\n<td style=\"width: 33.3333%;vertical-align: top\"><strong>Technical specifications<\/strong><\/p>\n<p>Category: Structured cushioning<br \/>\nOffset: 6 mm<br \/>\nWeight: 230 g<br \/>\nIdeal for: trail runners looking for a high-performance, comfortable shoe for long and demanding routes.<br \/>\nRunner\u2019s weight: 60\u201380 kg<br \/>\nPace: moderate (5-6 min\/km)<br \/>\n<a href=\"https:\/\/miomiorun.com\/guida-alle-specifiche-tecniche\/\">Guide to technical specifications<\/a><\/td>\n<td style=\"width: 66.6666%;vertical-align: top\">\n<p style=\"text-align: left\" data-start=\"182\" data-end=\"509\">Cad\u00ed was created as an invitation to experience the trail naturally. When there\u2019s no rush, when there\u2019s no race, when the pace is your own and the trail unfolds before you. Inspired by the peaks of the Serra del Cad\u00ed, a symbolic place where it all began, for NNormal this shoe represents a meeting point between experience and accessibility.<\/p>\n<p style=\"text-align: left\" data-start=\"511\" data-end=\"775\">Cad\u00ed is the first shoe designed for all levels, created to accompany those new to trail running as well as those who wish to return to running on the trails with a free spirit. A model that captures the essence of trail running: sharing, nature and movement. Featuring a Vibram sole like its sisters, the Tomir and Kjerag, it maintains a secure and reliable grip with its 4 mm lugs. Meanwhile, the upper is made from a breathable, lightweight fabric.<\/p>\n<\/td>\n<\/tr>\n<\/tbody>\n<\/table>\n<p>&nbsp;<\/p>\n","protected":false},"excerpt":{"rendered":"<ul>\n<li data-start=\"807\" data-end=\"837\">Inspired by the Serra del Cad\u00ed<\/li>\n<li data-start=\"840\" data-end=\"872\">Designed for all ability levels<\/li>\n<li data-start=\"875\" data-end=\"920\">Designed for a carefree trail experience<\/li>\n<\/ul>\n","protected":false},"featured_media":418276,"template":"","meta":{"_acf_changed":false,"inline_featured_image":false},"product_brand":[],"product_cat":[6410,6417],"product_tag":[35957,35969],"class_list":{"0":"post-417355","1":"product","2":"type-product","3":"status-publish","4":"has-post-thumbnail","6":"product_cat-womens-shoes","7":"product_cat-trail-shoes-woman","8":"product_tag-nnormal-en","9":"product_tag-nnormal-women-en","10":"pa_attivita-outdoor-en","11":"pa_attivita-trail-en","12":"pa_colore-cadi-w-green","13":"pa_colore-cadi-w-white","14":"pa_marca-nnormal-en","15":"pa_sesso-women","16":"pa_size-37-en","17":"pa_size-38-en","19":"pa_size-39-en","20":"pa_size-40-en","22":"pa_size-41-en","23":"pa_size-42-en","26":"first","27":"instock","28":"taxable","29":"shipping-taxable","30":"purchasable","31":"product-type-variable","32":"wvs-archive-product-wrapper"},"acf":[],"yoast_head":"<!-- This site is optimized with the Yoast SEO plugin v26.8 - https:\/\/yoast.com\/product\/yoast-seo-wordpress\/ -->\n<title>NNormal Cad\u00ec women -Women&#039;s trail shoes - MioMioRun.com<\/title>\n<meta name=\"description\" content=\"Cad\u00ed, a trail running shoe inspired by the Serra del Cad\u00ed, designed for all levels and created to help you experience trail running with ease.\" \/>\n<meta name=\"robots\" content=\"index, follow, max-snippet:-1, max-image-preview:large, max-video-preview:-1\" \/>\n<link rel=\"canonical\" href=\"https:\/\/www.miomiorun.com\/en\/product\/cadi-women\/\" \/>\n<meta property=\"og:locale\" content=\"en_US\" \/>\n<meta property=\"og:type\" content=\"article\" \/>\n<meta property=\"og:title\" content=\"NNormal Cad\u00ec women -Women&#039;s trail shoes - MioMioRun.com\" \/>\n<meta property=\"og:description\" content=\"Cad\u00ed, a trail running shoe inspired by the Serra del Cad\u00ed, designed for all levels and created to help you experience trail running with ease.\" \/>\n<meta property=\"og:url\" content=\"https:\/\/www.miomiorun.com\/en\/product\/cadi-women\/\" \/>\n<meta property=\"og:site_name\" content=\"MioMioRun\" \/>\n<meta property=\"article:publisher\" content=\"https:\/\/www.facebook.com\/miomiorun\/\" \/>\n<meta property=\"article:modified_time\" content=\"2026-05-09T12:10:01+00:00\" \/>\n<meta property=\"og:image\" content=\"https:\/\/www.miomiorun.com\/app\/uploads\/2026\/03\/nnormal-Cadi-W-white-NS4CD1W-002.webp\" \/>\n\t<meta property=\"og:image:width\" content=\"720\" \/>\n\t<meta property=\"og:image:height\" content=\"720\" \/>\n\t<meta property=\"og:image:type\" content=\"image\/webp\" \/>\n<meta name=\"twitter:card\" content=\"summary_large_image\" \/>\n<meta name=\"twitter:label1\" content=\"Est. reading time\" \/>\n\t<meta name=\"twitter:data1\" content=\"1 minute\" \/>\n<script type=\"application\/ld+json\" class=\"yoast-schema-graph\">{\"@context\":\"https:\/\/schema.org\",\"@graph\":[{\"@type\":\"WebPage\",\"@id\":\"https:\/\/www.miomiorun.com\/en\/product\/cadi-women\/\",\"url\":\"https:\/\/www.miomiorun.com\/en\/product\/cadi-women\/\",\"name\":\"NNormal Cad\u00ec women -Women's trail shoes - MioMioRun.com\",\"isPartOf\":{\"@id\":\"https:\/\/www.miomiorun.com\/en\/#website\"},\"primaryImageOfPage\":{\"@id\":\"https:\/\/www.miomiorun.com\/en\/product\/cadi-women\/#primaryimage\"},\"image\":{\"@id\":\"https:\/\/www.miomiorun.com\/en\/product\/cadi-women\/#primaryimage\"},\"thumbnailUrl\":\"https:\/\/www.miomiorun.com\/app\/uploads\/2026\/03\/nnormal-Cadi-W-white-NS4CD1W-002.webp\",\"datePublished\":\"2026-03-13T10:35:33+00:00\",\"dateModified\":\"2026-05-09T12:10:01+00:00\",\"description\":\"Cad\u00ed, a trail running shoe inspired by the Serra del Cad\u00ed, designed for all levels and created to help you experience trail running with ease.\",\"breadcrumb\":{\"@id\":\"https:\/\/www.miomiorun.com\/en\/product\/cadi-women\/#breadcrumb\"},\"inLanguage\":\"en-US\",\"potentialAction\":[{\"@type\":\"ReadAction\",\"target\":[\"https:\/\/www.miomiorun.com\/en\/product\/cadi-women\/\"]}]},{\"@type\":\"ImageObject\",\"inLanguage\":\"en-US\",\"@id\":\"https:\/\/www.miomiorun.com\/en\/product\/cadi-women\/#primaryimage\",\"url\":\"https:\/\/www.miomiorun.com\/app\/uploads\/2026\/03\/nnormal-Cadi-W-white-NS4CD1W-002.webp\",\"contentUrl\":\"https:\/\/www.miomiorun.com\/app\/uploads\/2026\/03\/nnormal-Cadi-W-white-NS4CD1W-002.webp\",\"width\":720,\"height\":720,\"caption\":\"nnormal Cad\u00ec W white NS4CD1W-002\"},{\"@type\":\"BreadcrumbList\",\"@id\":\"https:\/\/www.miomiorun.com\/en\/product\/cadi-women\/#breadcrumb\",\"itemListElement\":[{\"@type\":\"ListItem\",\"position\":1,\"name\":\"Home\",\"item\":\"https:\/\/www.miomiorun.com\/en\/home-page\/\"},{\"@type\":\"ListItem\",\"position\":2,\"name\":\"Shop\",\"item\":\"https:\/\/www.miomiorun.com\/shop\/\"},{\"@type\":\"ListItem\",\"position\":3,\"name\":\"Cad\u00ec women\"}]},{\"@type\":\"WebSite\",\"@id\":\"https:\/\/www.miomiorun.com\/en\/#website\",\"url\":\"https:\/\/www.miomiorun.com\/en\/\",\"name\":\"MioMioRun\",\"description\":\"100% running and trail shop\",\"publisher\":{\"@id\":\"https:\/\/www.miomiorun.com\/en\/#organization\"},\"potentialAction\":[{\"@type\":\"SearchAction\",\"target\":{\"@type\":\"EntryPoint\",\"urlTemplate\":\"https:\/\/www.miomiorun.com\/en\/?s={search_term_string}\"},\"query-input\":{\"@type\":\"PropertyValueSpecification\",\"valueRequired\":true,\"valueName\":\"search_term_string\"}}],\"inLanguage\":\"en-US\"},{\"@type\":\"Organization\",\"@id\":\"https:\/\/www.miomiorun.com\/en\/#organization\",\"name\":\"MioMio Run\",\"url\":\"https:\/\/www.miomiorun.com\/en\/\",\"logo\":{\"@type\":\"ImageObject\",\"inLanguage\":\"en-US\",\"@id\":\"https:\/\/www.miomiorun.com\/en\/#\/schema\/logo\/image\/\",\"url\":\"https:\/\/www.miomiorun.com\/app\/uploads\/2019\/12\/logomio.png\",\"contentUrl\":\"https:\/\/www.miomiorun.com\/app\/uploads\/2019\/12\/logomio.png\",\"width\":115,\"height\":82,\"caption\":\"MioMio Run\"},\"image\":{\"@id\":\"https:\/\/www.miomiorun.com\/en\/#\/schema\/logo\/image\/\"},\"sameAs\":[\"https:\/\/www.facebook.com\/miomiorun\/\",\"https:\/\/www.instagram.com\/miomiorun\/\"]}]}<\/script>\n<!-- \/ Yoast SEO plugin. -->","yoast_head_json":{"title":"NNormal Cad\u00ec women -Women's trail shoes - MioMioRun.com","description":"Cad\u00ed, a trail running shoe inspired by the Serra del Cad\u00ed, designed for all levels and created to help you experience trail running with ease.","robots":{"index":"index","follow":"follow","max-snippet":"max-snippet:-1","max-image-preview":"max-image-preview:large","max-video-preview":"max-video-preview:-1"},"canonical":"https:\/\/www.miomiorun.com\/en\/product\/cadi-women\/","og_locale":"en_US","og_type":"article","og_title":"NNormal Cad\u00ec women -Women's trail shoes - MioMioRun.com","og_description":"Cad\u00ed, a trail running shoe inspired by the Serra del Cad\u00ed, designed for all levels and created to help you experience trail running with ease.","og_url":"https:\/\/www.miomiorun.com\/en\/product\/cadi-women\/","og_site_name":"MioMioRun","article_publisher":"https:\/\/www.facebook.com\/miomiorun\/","article_modified_time":"2026-05-09T12:10:01+00:00","og_image":[{"width":720,"height":720,"url":"https:\/\/www.miomiorun.com\/app\/uploads\/2026\/03\/nnormal-Cadi-W-white-NS4CD1W-002.webp","type":"image\/webp"}],"twitter_card":"summary_large_image","twitter_misc":{"Est. reading time":"1 minute"},"schema":{"@context":"https:\/\/schema.org","@graph":[{"@type":"WebPage","@id":"https:\/\/www.miomiorun.com\/en\/product\/cadi-women\/","url":"https:\/\/www.miomiorun.com\/en\/product\/cadi-women\/","name":"NNormal Cad\u00ec women -Women's trail shoes - MioMioRun.com","isPartOf":{"@id":"https:\/\/www.miomiorun.com\/en\/#website"},"primaryImageOfPage":{"@id":"https:\/\/www.miomiorun.com\/en\/product\/cadi-women\/#primaryimage"},"image":{"@id":"https:\/\/www.miomiorun.com\/en\/product\/cadi-women\/#primaryimage"},"thumbnailUrl":"https:\/\/www.miomiorun.com\/app\/uploads\/2026\/03\/nnormal-Cadi-W-white-NS4CD1W-002.webp","datePublished":"2026-03-13T10:35:33+00:00","dateModified":"2026-05-09T12:10:01+00:00","description":"Cad\u00ed, a trail running shoe inspired by the Serra del Cad\u00ed, designed for all levels and created to help you experience trail running with ease.","breadcrumb":{"@id":"https:\/\/www.miomiorun.com\/en\/product\/cadi-women\/#breadcrumb"},"inLanguage":"en-US","potentialAction":[{"@type":"ReadAction","target":["https:\/\/www.miomiorun.com\/en\/product\/cadi-women\/"]}]},{"@type":"ImageObject","inLanguage":"en-US","@id":"https:\/\/www.miomiorun.com\/en\/product\/cadi-women\/#primaryimage","url":"https:\/\/www.miomiorun.com\/app\/uploads\/2026\/03\/nnormal-Cadi-W-white-NS4CD1W-002.webp","contentUrl":"https:\/\/www.miomiorun.com\/app\/uploads\/2026\/03\/nnormal-Cadi-W-white-NS4CD1W-002.webp","width":720,"height":720,"caption":"nnormal Cad\u00ec W white NS4CD1W-002"},{"@type":"BreadcrumbList","@id":"https:\/\/www.miomiorun.com\/en\/product\/cadi-women\/#breadcrumb","itemListElement":[{"@type":"ListItem","position":1,"name":"Home","item":"https:\/\/www.miomiorun.com\/en\/home-page\/"},{"@type":"ListItem","position":2,"name":"Shop","item":"https:\/\/www.miomiorun.com\/shop\/"},{"@type":"ListItem","position":3,"name":"Cad\u00ec women"}]},{"@type":"WebSite","@id":"https:\/\/www.miomiorun.com\/en\/#website","url":"https:\/\/www.miomiorun.com\/en\/","name":"MioMioRun","description":"100% running and trail shop","publisher":{"@id":"https:\/\/www.miomiorun.com\/en\/#organization"},"potentialAction":[{"@type":"SearchAction","target":{"@type":"EntryPoint","urlTemplate":"https:\/\/www.miomiorun.com\/en\/?s={search_term_string}"},"query-input":{"@type":"PropertyValueSpecification","valueRequired":true,"valueName":"search_term_string"}}],"inLanguage":"en-US"},{"@type":"Organization","@id":"https:\/\/www.miomiorun.com\/en\/#organization","name":"MioMio Run","url":"https:\/\/www.miomiorun.com\/en\/","logo":{"@type":"ImageObject","inLanguage":"en-US","@id":"https:\/\/www.miomiorun.com\/en\/#\/schema\/logo\/image\/","url":"https:\/\/www.miomiorun.com\/app\/uploads\/2019\/12\/logomio.png","contentUrl":"https:\/\/www.miomiorun.com\/app\/uploads\/2019\/12\/logomio.png","width":115,"height":82,"caption":"MioMio Run"},"image":{"@id":"https:\/\/www.miomiorun.com\/en\/#\/schema\/logo\/image\/"},"sameAs":["https:\/\/www.facebook.com\/miomiorun\/","https:\/\/www.instagram.com\/miomiorun\/"]}]}},"_links":{"self":[{"href":"https:\/\/www.miomiorun.com\/en\/wp-json\/wp\/v2\/product\/417355","targetHints":{"allow":["GET"]}}],"collection":[{"href":"https:\/\/www.miomiorun.com\/en\/wp-json\/wp\/v2\/product"}],"about":[{"href":"https:\/\/www.miomiorun.com\/en\/wp-json\/wp\/v2\/types\/product"}],"wp:featuredmedia":[{"embeddable":true,"href":"https:\/\/www.miomiorun.com\/en\/wp-json\/wp\/v2\/media\/418276"}],"wp:attachment":[{"href":"https:\/\/www.miomiorun.com\/en\/wp-json\/wp\/v2\/media?parent=417355"}],"wp:term":[{"taxonomy":"product_brand","embeddable":true,"href":"https:\/\/www.miomiorun.com\/en\/wp-json\/wp\/v2\/product_brand?post=417355"},{"taxonomy":"product_cat","embeddable":true,"href":"https:\/\/www.miomiorun.com\/en\/wp-json\/wp\/v2\/product_cat?post=417355"},{"taxonomy":"product_tag","embeddable":true,"href":"https:\/\/www.miomiorun.com\/en\/wp-json\/wp\/v2\/product_tag?post=417355"}],"curies":[{"name":"wp","href":"https:\/\/api.w.org\/{rel}","templated":true}]}}