{"id":265989,"date":"2025-03-17T18:07:22","date_gmt":"2025-03-17T17:07:22","guid":{"rendered":"https:\/\/miomiorun.com\/?post_type=product&#038;p=265989"},"modified":"2026-05-08T22:37:00","modified_gmt":"2026-05-08T20:37:00","slug":"summit-vectiv-pro-3","status":"publish","type":"product","link":"https:\/\/www.miomiorun.com\/en\/product\/summit-vectiv-pro-3\/","title":{"rendered":"Summit Vectiv Pro 3"},"content":{"rendered":"<div class=\"vc-row container\"><div class=\"vc-column\"><div class=\"vc-column-text\"><\/p>\n<p><strong>Caract\u00e9ristiques techniques<\/strong><\/p>\n<p>Cat\u00e9gorie : amorti sup\u00e9rieur<br \/>\nD\u00e9calage : 6 mm<br \/>\nPoids : 294 g<br \/>\nId\u00e9al pour : les coureurs de trail et les randonneurs en montagne, \u00e0 la recherche d&#8217;un mod\u00e8le l\u00e9ger, bien amorti et protecteur, capable de transmettre un maximum de confort m\u00eame sur de longues distances.<br \/>\nPoids du sportif : 60-70 kg<br \/>\nAllure de course : moyenne-rapide (4,30-6,00 min\/km)<br \/>\n<a href=\"https:\/\/miomiorun.com\/en\/guide-to-technical-specifications\/\">Guide des sp\u00e9cifications techniques<\/a><\/p>\n<p><\/div><\/div><div class=\"vc-column\"><div class=\"vc-column-text\">Les <strong>chaussures Summit VECTIV\u2122 Pro 3<\/strong> constituent le choix ultime pour les coureurs de trail qui s&#8217;attaquent \u00e0 des ultra-marathons sur des sentiers \u00e0 voie unique et des terrains difficiles. Con\u00e7ues en collaboration avec l&#8217;\u00e9quipe mondiale d&#8217;athl\u00e8tes de <strong>The North Face\u00ae<\/strong>, ces chaussures ont conquis le podium sur certains des sentiers les plus difficiles du monde gr\u00e2ce \u00e0 leur technologie avanc\u00e9e et \u00e0 leurs performances in\u00e9gal\u00e9es. La coupe <strong>r\u00e9guli\u00e8re<\/strong> assure un ajustement confortable et un bon soutien pendant les longues courses.<\/p>\n<p>La <strong>tige sans couture<\/strong>, respirante et <strong>hydrophobe<\/strong> offre un soutien id\u00e9al, s\u00e8che rapidement et garde les pieds au frais et au sec. La <strong>structure interne l\u00e9g\u00e8re<\/strong> soutient le cadre, tandis que les <strong>crampons int\u00e9gr\u00e9s sur la languette<\/strong> garantissent un ajustement pr\u00e9cis et personnalis\u00e9. De plus, les chaussures sont <strong>unisexes<\/strong>, s&#8217;adaptant parfaitement \u00e0 un large \u00e9ventail d&#8217;athl\u00e8tes.<\/p>\n<p>La technologie <strong>VECTIV\u2122 3.0<\/strong> comprend un syst\u00e8me innovant de plaques multicouches, avec une <strong>plaque en fibre de carbone sur toute la longueur<\/strong> offrant une <strong>propulsion sup\u00e9rieure<\/strong>, int\u00e9gr\u00e9e \u00e0 une <strong>plaque en TPU<\/strong> pour la <strong>stabilit\u00e9<\/strong> et la haute performance sur une vari\u00e9t\u00e9 de terrains. La<strong>semelle interm\u00e9diaire<\/strong> ultra-l\u00e9g\u00e8re<strong>en mousse<\/strong> <strong>PEBA\/EVA<\/strong><strong>DREAM<\/strong> offre un <strong>rebond et une durabilit\u00e9 exceptionnels<\/strong>, tandis que l&#8217;<strong>insert en mousse DREAM<\/strong> sous le pied amplifie la sensation de <strong>propulsion durable et de confort<\/strong>.<\/p>\n<p>Par rapport \u00e0 son pr\u00e9d\u00e9cesseur, la <strong>Summit VECTIV\u2122 Pro 3<\/strong> offre <strong>4 mm de plus d&#8217;amorti<\/strong> dans la semelle interm\u00e9diaire pour encore plus de confort sur les sentiers les plus techniques. La <strong>semelle en caoutchouc SURFACE CTRL\u2122<\/strong>, tr\u00e8s durable et polyvalente, compos\u00e9e de <strong>20 % de caoutchouc naturel<\/strong> issu de l&#8217;agriculture r\u00e9g\u00e9n\u00e9ratrice, offre une<strong>grande adh\u00e9rence<\/strong> gr\u00e2ce \u00e0 des <strong>crampons de 3,5 mm<\/strong> con\u00e7us pour assurer une bonne traction sur tous les types de terrain. De plus, la<strong>semelle interm\u00e9diaire rocker<\/strong> amplifie la <strong>force de propulsion \u00e0 long terme<\/strong>, garantissant des performances constantes m\u00eame dans les courses les plus longues.<\/p>\n<p>Avec la <strong>Summit VECTIV\u2122 Pro 3<\/strong>, attaquez chaque sentier avec stabilit\u00e9, confort et haute performance. Rejoignez les coureurs les plus d\u00e9termin\u00e9s et atteignez le podium \u00e0 chaque pas !<\/p>\n<div id=\"Benefits\" class=\"f-col b-t b-grey-70\" data-test-id=\"vf-accordion\"><\/div>\n<div id=\"base-collapse-nUfccvMQCJy-18-content\" class=\"overflow-hidden duration\" role=\"region\" aria-labelledby=\"base-collapse-nUfccvMQCJy-18\">\n<div class=\"text-sm fw-light\" data-test-id=\"vf-accordion-content\">\n<div class=\"pb-6 pt-2 text-sm c-grey-20\">\n<div class=\"group flex items-start gap-4\">\n<p><picture class=\"aspect-square w-full shrink-0\" data-test-id=\"base-picture\"><img loading=\"lazy\" decoding=\"async\" class=\"contain\" src=\"https:\/\/assets.thenorthface.eu\/image\/upload\/v1728567337\/benefit-icon-cushioned.webp\" alt=\"Ammortizzate\" width=\"71\" height=\"71\" \/><\/picture><\/p>\n<div class=\"grow space-y-1\">\n<p class=\"!title-5 fw-bold\">Amortissement : Super mousse l\u00e9g\u00e8re pour un amorti in\u00e9gal\u00e9<\/p>\n<\/div>\n<\/div>\n<div class=\"group flex items-start gap-4\">\n<p><picture class=\"aspect-square w-full shrink-0\" data-test-id=\"base-picture\"><img loading=\"lazy\" decoding=\"async\" class=\"contain\" src=\"https:\/\/assets.thenorthface.eu\/image\/upload\/v1728567347\/benefit-icon-stability.webp\" alt=\"Stabili\" width=\"70\" height=\"70\" \/><\/picture><\/p>\n<div class=\"grow space-y-1\">\n<p class=\"!title-5 fw-bold\">Stabilit\u00e9 : La technologie de positionnement du talon am\u00e9liore la stabilit\u00e9 sur les terrains irr\u00e9guliers.<\/p>\n<\/div>\n<\/div>\n<div class=\"group flex items-start gap-4\">\n<p><picture class=\"aspect-square w-full shrink-0\" data-test-id=\"base-picture\"><img loading=\"lazy\" decoding=\"async\" class=\"contain\" src=\"https:\/\/assets.thenorthface.eu\/image\/upload\/v1728567340\/benefit-icon-grip_sole.webp\" alt=\"Suola antiscivolo\" width=\"70\" height=\"70\" \/><\/picture><\/p>\n<div class=\"grow space-y-1\">\n<p class=\"!title-5 fw-bold\">Semelle antid\u00e9rapante : Les compos\u00e9s de caoutchouc assurent l&#8217;adh\u00e9rence et la r\u00e9sistance sur les surfaces s\u00e8ches et humides.<\/p>\n<\/div>\n<\/div>\n<div class=\"group flex items-start gap-4\">\n<p><picture class=\"aspect-square w-full shrink-0\" data-test-id=\"base-picture\"><img loading=\"lazy\" decoding=\"async\" class=\"contain\" src=\"https:\/\/assets.thenorthface.eu\/image\/upload\/v1728567334\/benefit-icon_technical_trail.avif\" alt=\"Percorsi trail tecnici\" width=\"71\" height=\"71\" \/><\/picture><\/p>\n<div class=\"grow space-y-1\">\n<p class=\"!title-5 fw-bold\">Sentiers techniques : Traction et protection exceptionnelles sur les terrains techniques.<\/p>\n<\/div>\n<\/div>\n<\/div>\n<\/div>\n<\/div>\n<p><\/div><\/div><\/div>\n","protected":false},"excerpt":{"rendered":"<ul>\n<li>Surface CTRL\u00ae<\/li>\n<li>VECTIV\u2122<\/li>\n<\/ul>\n","protected":false},"featured_media":350419,"template":"","meta":{"_acf_changed":false,"inline_featured_image":false},"product_brand":[],"product_cat":[6466,6469,6410,6417],"product_tag":[32272,32396,32392],"class_list":{"0":"post-265989","1":"product","2":"type-product","3":"status-publish","4":"has-post-thumbnail","6":"product_cat-men-shoes","7":"product_cat-mens-trail-shoes","8":"product_cat-womens-shoes","9":"product_cat-trail-shoes-woman","10":"product_tag-north-face-en","11":"product_tag-the-north-face-men","12":"product_tag-the-north-face-women","13":"pa_attivita-trail-en","14":"pa_colore-summit-vectiv-pro-3-race-tnf-white-alpin-en","15":"pa_colore-vectiv-pro-3-citrus-rust-lava-red","16":"pa_marca-the-north-face-en","17":"pa_sesso-men","18":"pa_sesso-women","19":"pa_size-41-en","20":"pa_size-42-en","22":"pa_size-43-en","23":"pa_size-44-en","25":"pa_size-45-en","26":"pa_size-46-en","28":"pa_size-47-en","30":"first","31":"instock","32":"sale","33":"taxable","34":"shipping-taxable","35":"purchasable","36":"product-type-variable","37":"wvs-archive-product-wrapper"},"acf":[],"yoast_head":"<!-- This site is optimized with the Yoast SEO plugin v26.8 - https:\/\/yoast.com\/product\/yoast-seo-wordpress\/ -->\n<title>The North Face Summit Vectiv Pro 3 - unisex trail shoes - MioMioRun.com<\/title>\n<meta name=\"description\" content=\"La Summit VECTIV\u2122 Pro 3 offre de hautes performances, gr\u00e2ce \u00e0 sa plaque en carbone, son amorti avanc\u00e9 et sa semelle \u00e0 forte adh\u00e9rence pour les ultra-marathons.\" \/>\n<meta name=\"robots\" content=\"index, follow, max-snippet:-1, max-image-preview:large, max-video-preview:-1\" \/>\n<link rel=\"canonical\" href=\"https:\/\/www.miomiorun.com\/en\/product\/summit-vectiv-pro-3\/\" \/>\n<meta property=\"og:locale\" content=\"en_US\" \/>\n<meta property=\"og:type\" content=\"article\" \/>\n<meta property=\"og:title\" content=\"The North Face Summit Vectiv Pro 3 - unisex trail shoes - MioMioRun.com\" \/>\n<meta property=\"og:description\" content=\"La Summit VECTIV\u2122 Pro 3 offre de hautes performances, gr\u00e2ce \u00e0 sa plaque en carbone, son amorti avanc\u00e9 et sa semelle \u00e0 forte adh\u00e9rence pour les ultra-marathons.\" \/>\n<meta property=\"og:url\" content=\"https:\/\/www.miomiorun.com\/en\/product\/summit-vectiv-pro-3\/\" \/>\n<meta property=\"og:site_name\" content=\"MioMioRun\" \/>\n<meta property=\"article:publisher\" content=\"https:\/\/www.facebook.com\/miomiorun\/\" \/>\n<meta property=\"article:modified_time\" content=\"2026-05-08T20:37:00+00:00\" \/>\n<meta property=\"og:image\" content=\"https:\/\/www.miomiorun.com\/app\/uploads\/2025\/09\/north-face-Summit-Vectiv-Pro-3-race-TNF-white-alpin-NF0A8DA1GIN1.webp\" \/>\n\t<meta property=\"og:image:width\" content=\"720\" \/>\n\t<meta property=\"og:image:height\" content=\"720\" \/>\n\t<meta property=\"og:image:type\" content=\"image\/webp\" \/>\n<meta name=\"twitter:card\" content=\"summary_large_image\" \/>\n<meta name=\"twitter:label1\" content=\"Est. reading time\" \/>\n\t<meta name=\"twitter:data1\" content=\"2 minutes\" \/>\n<script type=\"application\/ld+json\" class=\"yoast-schema-graph\">{\"@context\":\"https:\/\/schema.org\",\"@graph\":[{\"@type\":\"WebPage\",\"@id\":\"https:\/\/www.miomiorun.com\/en\/product\/summit-vectiv-pro-3\/\",\"url\":\"https:\/\/www.miomiorun.com\/en\/product\/summit-vectiv-pro-3\/\",\"name\":\"The North Face Summit Vectiv Pro 3 - unisex trail shoes - MioMioRun.com\",\"isPartOf\":{\"@id\":\"https:\/\/www.miomiorun.com\/en\/#website\"},\"primaryImageOfPage\":{\"@id\":\"https:\/\/www.miomiorun.com\/en\/product\/summit-vectiv-pro-3\/#primaryimage\"},\"image\":{\"@id\":\"https:\/\/www.miomiorun.com\/en\/product\/summit-vectiv-pro-3\/#primaryimage\"},\"thumbnailUrl\":\"https:\/\/www.miomiorun.com\/app\/uploads\/2025\/09\/north-face-Summit-Vectiv-Pro-3-race-TNF-white-alpin-NF0A8DA1GIN1.webp\",\"datePublished\":\"2025-03-17T17:07:22+00:00\",\"dateModified\":\"2026-05-08T20:37:00+00:00\",\"description\":\"La Summit VECTIV\u2122 Pro 3 offre de hautes performances, gr\u00e2ce \u00e0 sa plaque en carbone, son amorti avanc\u00e9 et sa semelle \u00e0 forte adh\u00e9rence pour les ultra-marathons.\",\"breadcrumb\":{\"@id\":\"https:\/\/www.miomiorun.com\/en\/product\/summit-vectiv-pro-3\/#breadcrumb\"},\"inLanguage\":\"en-US\",\"potentialAction\":[{\"@type\":\"ReadAction\",\"target\":[\"https:\/\/www.miomiorun.com\/en\/product\/summit-vectiv-pro-3\/\"]}]},{\"@type\":\"ImageObject\",\"inLanguage\":\"en-US\",\"@id\":\"https:\/\/www.miomiorun.com\/en\/product\/summit-vectiv-pro-3\/#primaryimage\",\"url\":\"https:\/\/www.miomiorun.com\/app\/uploads\/2025\/09\/north-face-Summit-Vectiv-Pro-3-race-TNF-white-alpin-NF0A8DA1GIN1.webp\",\"contentUrl\":\"https:\/\/www.miomiorun.com\/app\/uploads\/2025\/09\/north-face-Summit-Vectiv-Pro-3-race-TNF-white-alpin-NF0A8DA1GIN1.webp\",\"width\":720,\"height\":720,\"caption\":\"north face Summit Vectiv Pro 3 race TNF white alpin NF0A8DA1GIN1\"},{\"@type\":\"BreadcrumbList\",\"@id\":\"https:\/\/www.miomiorun.com\/en\/product\/summit-vectiv-pro-3\/#breadcrumb\",\"itemListElement\":[{\"@type\":\"ListItem\",\"position\":1,\"name\":\"Home\",\"item\":\"https:\/\/www.miomiorun.com\/en\/home-page\/\"},{\"@type\":\"ListItem\",\"position\":2,\"name\":\"Shop\",\"item\":\"https:\/\/www.miomiorun.com\/shop\/\"},{\"@type\":\"ListItem\",\"position\":3,\"name\":\"Summit Vectiv Pro 3\"}]},{\"@type\":\"WebSite\",\"@id\":\"https:\/\/www.miomiorun.com\/en\/#website\",\"url\":\"https:\/\/www.miomiorun.com\/en\/\",\"name\":\"MioMioRun\",\"description\":\"100% running and trail shop\",\"publisher\":{\"@id\":\"https:\/\/www.miomiorun.com\/en\/#organization\"},\"potentialAction\":[{\"@type\":\"SearchAction\",\"target\":{\"@type\":\"EntryPoint\",\"urlTemplate\":\"https:\/\/www.miomiorun.com\/en\/?s={search_term_string}\"},\"query-input\":{\"@type\":\"PropertyValueSpecification\",\"valueRequired\":true,\"valueName\":\"search_term_string\"}}],\"inLanguage\":\"en-US\"},{\"@type\":\"Organization\",\"@id\":\"https:\/\/www.miomiorun.com\/en\/#organization\",\"name\":\"MioMio Run\",\"url\":\"https:\/\/www.miomiorun.com\/en\/\",\"logo\":{\"@type\":\"ImageObject\",\"inLanguage\":\"en-US\",\"@id\":\"https:\/\/www.miomiorun.com\/en\/#\/schema\/logo\/image\/\",\"url\":\"https:\/\/www.miomiorun.com\/app\/uploads\/2019\/12\/logomio.png\",\"contentUrl\":\"https:\/\/www.miomiorun.com\/app\/uploads\/2019\/12\/logomio.png\",\"width\":115,\"height\":82,\"caption\":\"MioMio Run\"},\"image\":{\"@id\":\"https:\/\/www.miomiorun.com\/en\/#\/schema\/logo\/image\/\"},\"sameAs\":[\"https:\/\/www.facebook.com\/miomiorun\/\",\"https:\/\/www.instagram.com\/miomiorun\/\"]}]}<\/script>\n<!-- \/ Yoast SEO plugin. -->","yoast_head_json":{"title":"The North Face Summit Vectiv Pro 3 - unisex trail shoes - MioMioRun.com","description":"La Summit VECTIV\u2122 Pro 3 offre de hautes performances, gr\u00e2ce \u00e0 sa plaque en carbone, son amorti avanc\u00e9 et sa semelle \u00e0 forte adh\u00e9rence pour les ultra-marathons.","robots":{"index":"index","follow":"follow","max-snippet":"max-snippet:-1","max-image-preview":"max-image-preview:large","max-video-preview":"max-video-preview:-1"},"canonical":"https:\/\/www.miomiorun.com\/en\/product\/summit-vectiv-pro-3\/","og_locale":"en_US","og_type":"article","og_title":"The North Face Summit Vectiv Pro 3 - unisex trail shoes - MioMioRun.com","og_description":"La Summit VECTIV\u2122 Pro 3 offre de hautes performances, gr\u00e2ce \u00e0 sa plaque en carbone, son amorti avanc\u00e9 et sa semelle \u00e0 forte adh\u00e9rence pour les ultra-marathons.","og_url":"https:\/\/www.miomiorun.com\/en\/product\/summit-vectiv-pro-3\/","og_site_name":"MioMioRun","article_publisher":"https:\/\/www.facebook.com\/miomiorun\/","article_modified_time":"2026-05-08T20:37:00+00:00","og_image":[{"width":720,"height":720,"url":"https:\/\/www.miomiorun.com\/app\/uploads\/2025\/09\/north-face-Summit-Vectiv-Pro-3-race-TNF-white-alpin-NF0A8DA1GIN1.webp","type":"image\/webp"}],"twitter_card":"summary_large_image","twitter_misc":{"Est. reading time":"2 minutes"},"schema":{"@context":"https:\/\/schema.org","@graph":[{"@type":"WebPage","@id":"https:\/\/www.miomiorun.com\/en\/product\/summit-vectiv-pro-3\/","url":"https:\/\/www.miomiorun.com\/en\/product\/summit-vectiv-pro-3\/","name":"The North Face Summit Vectiv Pro 3 - unisex trail shoes - MioMioRun.com","isPartOf":{"@id":"https:\/\/www.miomiorun.com\/en\/#website"},"primaryImageOfPage":{"@id":"https:\/\/www.miomiorun.com\/en\/product\/summit-vectiv-pro-3\/#primaryimage"},"image":{"@id":"https:\/\/www.miomiorun.com\/en\/product\/summit-vectiv-pro-3\/#primaryimage"},"thumbnailUrl":"https:\/\/www.miomiorun.com\/app\/uploads\/2025\/09\/north-face-Summit-Vectiv-Pro-3-race-TNF-white-alpin-NF0A8DA1GIN1.webp","datePublished":"2025-03-17T17:07:22+00:00","dateModified":"2026-05-08T20:37:00+00:00","description":"La Summit VECTIV\u2122 Pro 3 offre de hautes performances, gr\u00e2ce \u00e0 sa plaque en carbone, son amorti avanc\u00e9 et sa semelle \u00e0 forte adh\u00e9rence pour les ultra-marathons.","breadcrumb":{"@id":"https:\/\/www.miomiorun.com\/en\/product\/summit-vectiv-pro-3\/#breadcrumb"},"inLanguage":"en-US","potentialAction":[{"@type":"ReadAction","target":["https:\/\/www.miomiorun.com\/en\/product\/summit-vectiv-pro-3\/"]}]},{"@type":"ImageObject","inLanguage":"en-US","@id":"https:\/\/www.miomiorun.com\/en\/product\/summit-vectiv-pro-3\/#primaryimage","url":"https:\/\/www.miomiorun.com\/app\/uploads\/2025\/09\/north-face-Summit-Vectiv-Pro-3-race-TNF-white-alpin-NF0A8DA1GIN1.webp","contentUrl":"https:\/\/www.miomiorun.com\/app\/uploads\/2025\/09\/north-face-Summit-Vectiv-Pro-3-race-TNF-white-alpin-NF0A8DA1GIN1.webp","width":720,"height":720,"caption":"north face Summit Vectiv Pro 3 race TNF white alpin NF0A8DA1GIN1"},{"@type":"BreadcrumbList","@id":"https:\/\/www.miomiorun.com\/en\/product\/summit-vectiv-pro-3\/#breadcrumb","itemListElement":[{"@type":"ListItem","position":1,"name":"Home","item":"https:\/\/www.miomiorun.com\/en\/home-page\/"},{"@type":"ListItem","position":2,"name":"Shop","item":"https:\/\/www.miomiorun.com\/shop\/"},{"@type":"ListItem","position":3,"name":"Summit Vectiv Pro 3"}]},{"@type":"WebSite","@id":"https:\/\/www.miomiorun.com\/en\/#website","url":"https:\/\/www.miomiorun.com\/en\/","name":"MioMioRun","description":"100% running and trail shop","publisher":{"@id":"https:\/\/www.miomiorun.com\/en\/#organization"},"potentialAction":[{"@type":"SearchAction","target":{"@type":"EntryPoint","urlTemplate":"https:\/\/www.miomiorun.com\/en\/?s={search_term_string}"},"query-input":{"@type":"PropertyValueSpecification","valueRequired":true,"valueName":"search_term_string"}}],"inLanguage":"en-US"},{"@type":"Organization","@id":"https:\/\/www.miomiorun.com\/en\/#organization","name":"MioMio Run","url":"https:\/\/www.miomiorun.com\/en\/","logo":{"@type":"ImageObject","inLanguage":"en-US","@id":"https:\/\/www.miomiorun.com\/en\/#\/schema\/logo\/image\/","url":"https:\/\/www.miomiorun.com\/app\/uploads\/2019\/12\/logomio.png","contentUrl":"https:\/\/www.miomiorun.com\/app\/uploads\/2019\/12\/logomio.png","width":115,"height":82,"caption":"MioMio Run"},"image":{"@id":"https:\/\/www.miomiorun.com\/en\/#\/schema\/logo\/image\/"},"sameAs":["https:\/\/www.facebook.com\/miomiorun\/","https:\/\/www.instagram.com\/miomiorun\/"]}]}},"_links":{"self":[{"href":"https:\/\/www.miomiorun.com\/en\/wp-json\/wp\/v2\/product\/265989","targetHints":{"allow":["GET"]}}],"collection":[{"href":"https:\/\/www.miomiorun.com\/en\/wp-json\/wp\/v2\/product"}],"about":[{"href":"https:\/\/www.miomiorun.com\/en\/wp-json\/wp\/v2\/types\/product"}],"wp:featuredmedia":[{"embeddable":true,"href":"https:\/\/www.miomiorun.com\/en\/wp-json\/wp\/v2\/media\/350419"}],"wp:attachment":[{"href":"https:\/\/www.miomiorun.com\/en\/wp-json\/wp\/v2\/media?parent=265989"}],"wp:term":[{"taxonomy":"product_brand","embeddable":true,"href":"https:\/\/www.miomiorun.com\/en\/wp-json\/wp\/v2\/product_brand?post=265989"},{"taxonomy":"product_cat","embeddable":true,"href":"https:\/\/www.miomiorun.com\/en\/wp-json\/wp\/v2\/product_cat?post=265989"},{"taxonomy":"product_tag","embeddable":true,"href":"https:\/\/www.miomiorun.com\/en\/wp-json\/wp\/v2\/product_tag?post=265989"}],"curies":[{"name":"wp","href":"https:\/\/api.w.org\/{rel}","templated":true}]}}