{"id":177266,"date":"2021-05-27T09:58:31","date_gmt":"2021-05-27T07:58:31","guid":{"rendered":"https:\/\/miomiorun.com\/prodotto\/cep-sleeves-ultralight-pro-uomo\/"},"modified":"2026-05-08T19:39:35","modified_gmt":"2026-05-08T17:39:35","slug":"cep-sleeves-ultralight-pro-uomo","status":"publish","type":"product","link":"https:\/\/www.miomiorun.com\/en\/product\/cep-sleeves-ultralight-pro-uomo\/","title":{"rendered":"Sleeves Ultralight Pro uomo"},"content":{"rendered":"<p>I gambali perfetti per il trail running: gli Ultralight Pro Compression Sleeves da uomo vantano un <strong>Carbon Print di alta qualit\u00e0<\/strong>\u00a0che protegge le tue tibie dal contatto con arbusti. In combinazione alle fibre di carbonio aggiuntive aumenta la durata del materiale estremamente sottile e leggero. Indossa i gambali con temperature elevate e\u00a0<strong>attiva il pieno della tua performance.<\/strong>\u00a0Gli Sleeves completano il tuo\u00a0<strong>look per il trail running\u00a0<\/strong>\u00a0in modo funzionale e con stile.<\/p>\n<h3>Pro Sleeves da uomo con Carbon Print per il trail running<\/h3>\n<p>Corse su sentieri stretti e terreni con fitta vegetazione logorano il materiale, ma lo strato di carbonio protegge le tue tibie e i gambali dal contatto con arbusti. Il materiale sottile, leggero e traspirante offre un supporto meraviglioso durante le tue corse in estate.<\/p>\n<h3>Gambali estivi per leggerezza, benessere e forza<\/h3>\n<p>Gli Sleeves non scivolano grazie al<strong>\u00a0mix ultra leggero di materiali<\/strong> e sono piacevoli sulla pelle. Gli Sleeves <strong>riducono le vibrazioni muscolari<\/strong>, attivano la muscolatura dei tuoi polpacci e migliorano la tua performance.<\/p>\n<h3>Migliore apporto di nutrienti per pi\u00f9 forza con effetto Feel-Good<\/h3>\n<p>Grazie all\u2019impiego di ancora\u00a0<strong>pi\u00f9 medi compression<\/strong>\u00a0le tue gambe approfittano di un\u00a0<strong>apporto ottimizzato di nutrienti<\/strong> durante l&#8217;estate. L\u2019ossigeno raggiunge le cellule pi\u00f9 in fretta, le tue gambe godono di pi\u00f9 freschezza e pi\u00f9 energia. La pressione delicata sulla muscolatura comporta una stabilizzazione profonda. Gli Ultralight Pro Sleeves da uomo sono ideali gli ambiziosi del trail running, atletica leggera e sport di resistenza durante allenamenti o gare in estate.<\/p>\n<h3>Caratteristiche del prodotto:<\/h3>\n<ul class=\"selling-points\">\n<li>Gli Ultralight Pro Compression Sleeves da uomo riducono le vibrazioni muscolari che tolgono energia. La tua corsa approfitta di gambe piene di forza!<\/li>\n<li>La medi compression stimola la muscolatura dei tuoi polpacci in profondit\u00e0 con pressione mirata, procurando la stabilit\u00e0 necessaria.<\/li>\n<li>L\u2019apporto ottimizzato di nutrienti regala gambe piacevolmente leggere con effetto Feel-Good<\/li>\n<\/ul>\n<p><strong>Materiali:<\/strong> 77 % poliammide, 23 % elastan<\/p>\n","protected":false},"excerpt":{"rendered":"<p>I gambali perfetti per il trail running: gli Ultralight Pro Compression Sleeves da uomo vantano un Carbon Print di alta qualit\u00e0\u00a0che protegge le tue tibie dal contatto con arbusti. In combinazione alle fibre di carbonio aggiuntive aumenta la durata del materiale estremamente sottile e leggero. Indossa i gambali con temperature elevate e\u00a0attiva il pieno della &hellip; <a href=\"https:\/\/www.miomiorun.com\/en\/product\/cep-sleeves-ultralight-pro-uomo\/\">Continued<\/a><\/p>\n","protected":false},"featured_media":55838,"template":"","meta":{"_acf_changed":false,"inline_featured_image":false},"product_brand":[],"product_cat":[6442,6457,6458],"product_tag":[3409,6213],"class_list":{"0":"post-177266","1":"product","2":"type-product","3":"status-publish","4":"has-post-thumbnail","6":"product_cat-men","7":"product_cat-mens-clothing","8":"product_cat-mens-socks","9":"product_tag-cep-en","10":"product_tag-cep-men-en","11":"pa_attivita-running-en","12":"pa_attivita-trail-en","13":"pa_circonferenza-polpaccio-39-44-en","14":"pa_circonferenza-polpaccio-45-51-en-2","15":"pa_colore-sleeves-ultalight-pro-m-black-en","16":"pa_colore-sleeves-ultralight-pro-m-blue-en","17":"pa_marca-cep-en","18":"pa_sesso-men","20":"first","21":"instock","22":"sale","23":"taxable","24":"shipping-taxable","25":"purchasable","26":"product-type-variable","27":"wvs-archive-product-wrapper"},"acf":[],"yoast_head":"<!-- This site is optimized with the Yoast SEO plugin v26.8 - https:\/\/yoast.com\/product\/yoast-seo-wordpress\/ -->\n<title>Cep Sleeves Ultralight Pro uomo - Calze Running uomo - MioMioRun .com<\/title>\n<meta name=\"description\" content=\"I gambali perfetti per il trail running: gli Ultralight Pro Compression Sleeves da uomo vantano un Carbon Print di alta qualit\u00e0.\" \/>\n<meta name=\"robots\" content=\"index, follow, max-snippet:-1, max-image-preview:large, max-video-preview:-1\" \/>\n<link rel=\"canonical\" href=\"https:\/\/www.miomiorun.com\/en\/product\/cep-sleeves-ultralight-pro-uomo\/\" \/>\n<meta property=\"og:locale\" content=\"en_US\" \/>\n<meta property=\"og:type\" content=\"article\" \/>\n<meta property=\"og:title\" content=\"Cep Sleeves Ultralight Pro uomo - Calze Running uomo - MioMioRun .com\" \/>\n<meta property=\"og:description\" content=\"I gambali perfetti per il trail running: gli Ultralight Pro Compression Sleeves da uomo vantano un Carbon Print di alta qualit\u00e0.\" \/>\n<meta property=\"og:url\" content=\"https:\/\/www.miomiorun.com\/en\/product\/cep-sleeves-ultralight-pro-uomo\/\" \/>\n<meta property=\"og:site_name\" content=\"MioMioRun\" \/>\n<meta property=\"article:publisher\" content=\"https:\/\/www.facebook.com\/miomiorun\/\" \/>\n<meta property=\"article:modified_time\" content=\"2026-05-08T17:39:35+00:00\" \/>\n<meta property=\"og:image\" content=\"https:\/\/www.miomiorun.com\/app\/uploads\/2021\/05\/cep-Sleeves-ultalight-Pro-WS50IQ.jpg\" \/>\n\t<meta property=\"og:image:width\" content=\"600\" \/>\n\t<meta property=\"og:image:height\" content=\"600\" \/>\n\t<meta property=\"og:image:type\" content=\"image\/jpeg\" \/>\n<meta name=\"twitter:card\" content=\"summary_large_image\" \/>\n<meta name=\"twitter:label1\" content=\"Est. reading time\" \/>\n\t<meta name=\"twitter:data1\" content=\"2 minutes\" \/>\n<script type=\"application\/ld+json\" class=\"yoast-schema-graph\">{\"@context\":\"https:\/\/schema.org\",\"@graph\":[{\"@type\":\"WebPage\",\"@id\":\"https:\/\/www.miomiorun.com\/en\/product\/cep-sleeves-ultralight-pro-uomo\/\",\"url\":\"https:\/\/www.miomiorun.com\/en\/product\/cep-sleeves-ultralight-pro-uomo\/\",\"name\":\"Cep Sleeves Ultralight Pro uomo - Calze Running uomo - MioMioRun .com\",\"isPartOf\":{\"@id\":\"https:\/\/www.miomiorun.com\/en\/#website\"},\"primaryImageOfPage\":{\"@id\":\"https:\/\/www.miomiorun.com\/en\/product\/cep-sleeves-ultralight-pro-uomo\/#primaryimage\"},\"image\":{\"@id\":\"https:\/\/www.miomiorun.com\/en\/product\/cep-sleeves-ultralight-pro-uomo\/#primaryimage\"},\"thumbnailUrl\":\"https:\/\/www.miomiorun.com\/app\/uploads\/2021\/05\/cep-Sleeves-ultalight-Pro-WS50IQ.jpg\",\"datePublished\":\"2021-05-27T07:58:31+00:00\",\"dateModified\":\"2026-05-08T17:39:35+00:00\",\"description\":\"I gambali perfetti per il trail running: gli Ultralight Pro Compression Sleeves da uomo vantano un Carbon Print di alta qualit\u00e0.\",\"breadcrumb\":{\"@id\":\"https:\/\/www.miomiorun.com\/en\/product\/cep-sleeves-ultralight-pro-uomo\/#breadcrumb\"},\"inLanguage\":\"en-US\",\"potentialAction\":[{\"@type\":\"ReadAction\",\"target\":[\"https:\/\/www.miomiorun.com\/en\/product\/cep-sleeves-ultralight-pro-uomo\/\"]}]},{\"@type\":\"ImageObject\",\"inLanguage\":\"en-US\",\"@id\":\"https:\/\/www.miomiorun.com\/en\/product\/cep-sleeves-ultralight-pro-uomo\/#primaryimage\",\"url\":\"https:\/\/www.miomiorun.com\/app\/uploads\/2021\/05\/cep-Sleeves-ultalight-Pro-WS50IQ.jpg\",\"contentUrl\":\"https:\/\/www.miomiorun.com\/app\/uploads\/2021\/05\/cep-Sleeves-ultalight-Pro-WS50IQ.jpg\",\"width\":600,\"height\":600,\"caption\":\"cep-Sleeves-ultalight-Pro-WS50IQ\"},{\"@type\":\"BreadcrumbList\",\"@id\":\"https:\/\/www.miomiorun.com\/en\/product\/cep-sleeves-ultralight-pro-uomo\/#breadcrumb\",\"itemListElement\":[{\"@type\":\"ListItem\",\"position\":1,\"name\":\"Home\",\"item\":\"https:\/\/www.miomiorun.com\/en\/home-page\/\"},{\"@type\":\"ListItem\",\"position\":2,\"name\":\"Shop\",\"item\":\"https:\/\/www.miomiorun.com\/shop\/\"},{\"@type\":\"ListItem\",\"position\":3,\"name\":\"Sleeves Ultralight Pro uomo\"}]},{\"@type\":\"WebSite\",\"@id\":\"https:\/\/www.miomiorun.com\/en\/#website\",\"url\":\"https:\/\/www.miomiorun.com\/en\/\",\"name\":\"MioMioRun\",\"description\":\"100% running and trail shop\",\"publisher\":{\"@id\":\"https:\/\/www.miomiorun.com\/en\/#organization\"},\"potentialAction\":[{\"@type\":\"SearchAction\",\"target\":{\"@type\":\"EntryPoint\",\"urlTemplate\":\"https:\/\/www.miomiorun.com\/en\/?s={search_term_string}\"},\"query-input\":{\"@type\":\"PropertyValueSpecification\",\"valueRequired\":true,\"valueName\":\"search_term_string\"}}],\"inLanguage\":\"en-US\"},{\"@type\":\"Organization\",\"@id\":\"https:\/\/www.miomiorun.com\/en\/#organization\",\"name\":\"MioMio Run\",\"url\":\"https:\/\/www.miomiorun.com\/en\/\",\"logo\":{\"@type\":\"ImageObject\",\"inLanguage\":\"en-US\",\"@id\":\"https:\/\/www.miomiorun.com\/en\/#\/schema\/logo\/image\/\",\"url\":\"https:\/\/www.miomiorun.com\/app\/uploads\/2019\/12\/logomio.png\",\"contentUrl\":\"https:\/\/www.miomiorun.com\/app\/uploads\/2019\/12\/logomio.png\",\"width\":115,\"height\":82,\"caption\":\"MioMio Run\"},\"image\":{\"@id\":\"https:\/\/www.miomiorun.com\/en\/#\/schema\/logo\/image\/\"},\"sameAs\":[\"https:\/\/www.facebook.com\/miomiorun\/\",\"https:\/\/www.instagram.com\/miomiorun\/\"]}]}<\/script>\n<!-- \/ Yoast SEO plugin. -->","yoast_head_json":{"title":"Cep Sleeves Ultralight Pro uomo - Calze Running uomo - MioMioRun .com","description":"I gambali perfetti per il trail running: gli Ultralight Pro Compression Sleeves da uomo vantano un Carbon Print di alta qualit\u00e0.","robots":{"index":"index","follow":"follow","max-snippet":"max-snippet:-1","max-image-preview":"max-image-preview:large","max-video-preview":"max-video-preview:-1"},"canonical":"https:\/\/www.miomiorun.com\/en\/product\/cep-sleeves-ultralight-pro-uomo\/","og_locale":"en_US","og_type":"article","og_title":"Cep Sleeves Ultralight Pro uomo - Calze Running uomo - MioMioRun .com","og_description":"I gambali perfetti per il trail running: gli Ultralight Pro Compression Sleeves da uomo vantano un Carbon Print di alta qualit\u00e0.","og_url":"https:\/\/www.miomiorun.com\/en\/product\/cep-sleeves-ultralight-pro-uomo\/","og_site_name":"MioMioRun","article_publisher":"https:\/\/www.facebook.com\/miomiorun\/","article_modified_time":"2026-05-08T17:39:35+00:00","og_image":[{"width":600,"height":600,"url":"https:\/\/www.miomiorun.com\/app\/uploads\/2021\/05\/cep-Sleeves-ultalight-Pro-WS50IQ.jpg","type":"image\/jpeg"}],"twitter_card":"summary_large_image","twitter_misc":{"Est. reading time":"2 minutes"},"schema":{"@context":"https:\/\/schema.org","@graph":[{"@type":"WebPage","@id":"https:\/\/www.miomiorun.com\/en\/product\/cep-sleeves-ultralight-pro-uomo\/","url":"https:\/\/www.miomiorun.com\/en\/product\/cep-sleeves-ultralight-pro-uomo\/","name":"Cep Sleeves Ultralight Pro uomo - Calze Running uomo - MioMioRun .com","isPartOf":{"@id":"https:\/\/www.miomiorun.com\/en\/#website"},"primaryImageOfPage":{"@id":"https:\/\/www.miomiorun.com\/en\/product\/cep-sleeves-ultralight-pro-uomo\/#primaryimage"},"image":{"@id":"https:\/\/www.miomiorun.com\/en\/product\/cep-sleeves-ultralight-pro-uomo\/#primaryimage"},"thumbnailUrl":"https:\/\/www.miomiorun.com\/app\/uploads\/2021\/05\/cep-Sleeves-ultalight-Pro-WS50IQ.jpg","datePublished":"2021-05-27T07:58:31+00:00","dateModified":"2026-05-08T17:39:35+00:00","description":"I gambali perfetti per il trail running: gli Ultralight Pro Compression Sleeves da uomo vantano un Carbon Print di alta qualit\u00e0.","breadcrumb":{"@id":"https:\/\/www.miomiorun.com\/en\/product\/cep-sleeves-ultralight-pro-uomo\/#breadcrumb"},"inLanguage":"en-US","potentialAction":[{"@type":"ReadAction","target":["https:\/\/www.miomiorun.com\/en\/product\/cep-sleeves-ultralight-pro-uomo\/"]}]},{"@type":"ImageObject","inLanguage":"en-US","@id":"https:\/\/www.miomiorun.com\/en\/product\/cep-sleeves-ultralight-pro-uomo\/#primaryimage","url":"https:\/\/www.miomiorun.com\/app\/uploads\/2021\/05\/cep-Sleeves-ultalight-Pro-WS50IQ.jpg","contentUrl":"https:\/\/www.miomiorun.com\/app\/uploads\/2021\/05\/cep-Sleeves-ultalight-Pro-WS50IQ.jpg","width":600,"height":600,"caption":"cep-Sleeves-ultalight-Pro-WS50IQ"},{"@type":"BreadcrumbList","@id":"https:\/\/www.miomiorun.com\/en\/product\/cep-sleeves-ultralight-pro-uomo\/#breadcrumb","itemListElement":[{"@type":"ListItem","position":1,"name":"Home","item":"https:\/\/www.miomiorun.com\/en\/home-page\/"},{"@type":"ListItem","position":2,"name":"Shop","item":"https:\/\/www.miomiorun.com\/shop\/"},{"@type":"ListItem","position":3,"name":"Sleeves Ultralight Pro uomo"}]},{"@type":"WebSite","@id":"https:\/\/www.miomiorun.com\/en\/#website","url":"https:\/\/www.miomiorun.com\/en\/","name":"MioMioRun","description":"100% running and trail shop","publisher":{"@id":"https:\/\/www.miomiorun.com\/en\/#organization"},"potentialAction":[{"@type":"SearchAction","target":{"@type":"EntryPoint","urlTemplate":"https:\/\/www.miomiorun.com\/en\/?s={search_term_string}"},"query-input":{"@type":"PropertyValueSpecification","valueRequired":true,"valueName":"search_term_string"}}],"inLanguage":"en-US"},{"@type":"Organization","@id":"https:\/\/www.miomiorun.com\/en\/#organization","name":"MioMio Run","url":"https:\/\/www.miomiorun.com\/en\/","logo":{"@type":"ImageObject","inLanguage":"en-US","@id":"https:\/\/www.miomiorun.com\/en\/#\/schema\/logo\/image\/","url":"https:\/\/www.miomiorun.com\/app\/uploads\/2019\/12\/logomio.png","contentUrl":"https:\/\/www.miomiorun.com\/app\/uploads\/2019\/12\/logomio.png","width":115,"height":82,"caption":"MioMio Run"},"image":{"@id":"https:\/\/www.miomiorun.com\/en\/#\/schema\/logo\/image\/"},"sameAs":["https:\/\/www.facebook.com\/miomiorun\/","https:\/\/www.instagram.com\/miomiorun\/"]}]}},"_links":{"self":[{"href":"https:\/\/www.miomiorun.com\/en\/wp-json\/wp\/v2\/product\/177266","targetHints":{"allow":["GET"]}}],"collection":[{"href":"https:\/\/www.miomiorun.com\/en\/wp-json\/wp\/v2\/product"}],"about":[{"href":"https:\/\/www.miomiorun.com\/en\/wp-json\/wp\/v2\/types\/product"}],"wp:featuredmedia":[{"embeddable":true,"href":"https:\/\/www.miomiorun.com\/en\/wp-json\/wp\/v2\/media\/55838"}],"wp:attachment":[{"href":"https:\/\/www.miomiorun.com\/en\/wp-json\/wp\/v2\/media?parent=177266"}],"wp:term":[{"taxonomy":"product_brand","embeddable":true,"href":"https:\/\/www.miomiorun.com\/en\/wp-json\/wp\/v2\/product_brand?post=177266"},{"taxonomy":"product_cat","embeddable":true,"href":"https:\/\/www.miomiorun.com\/en\/wp-json\/wp\/v2\/product_cat?post=177266"},{"taxonomy":"product_tag","embeddable":true,"href":"https:\/\/www.miomiorun.com\/en\/wp-json\/wp\/v2\/product_tag?post=177266"}],"curies":[{"name":"wp","href":"https:\/\/api.w.org\/{rel}","templated":true}]}}