{"id":176243,"date":"2021-10-20T10:22:49","date_gmt":"2021-10-20T08:22:49","guid":{"rendered":"https:\/\/miomiorun.com\/prodotto\/uyn-evolutyon-underwear-shirt-longsleeve-donna\/"},"modified":"2025-02-04T17:30:52","modified_gmt":"2025-02-04T16:30:52","slug":"uyn-evolutyon-underwear-shirt-longsleeve-women","status":"publish","type":"product","link":"https:\/\/www.miomiorun.com\/en\/product\/uyn-evolutyon-underwear-shirt-longsleeve-women\/","title":{"rendered":"Evolutyon Underwear Shirt LongSleeve women"},"content":{"rendered":"<p>Traspirante, ergonomica, comoda: ecco le particolarit\u00e0 della maglia intima UYN\u00ae <strong>EVOLUTYON UNDERWEAR SHIRT LONGSLEEVE MELANGE<\/strong> da donna in Natex, una fibra di nylon biologica al 100%, che consente una termoregolazione ideale. Grazie alla canalizzazione della superficie interna, Coolvent permette una costante circolazione dell\u2019aria. In questo modo la maglia intima assorbe il sudore e rinfresca durante il movimento. Con la sua struttura innovativa, realizzata in un unico pezzo e quindi senza cuciture nella zona delle braccia e delle spalle, Hypermotion garantisce inoltre la massima libert\u00e0 di movimento ed agevola una postura corretta. La maglia intima a manica lunga \u00e8 ideale per sessioni intense ed impegnative, specialmente in autunno e nelle giornate invernali pi\u00f9 calde. Con il suo look melange essa convince pienamente anche in termini di stile.<\/p>\n<p>Technologies:<\/p>\n<p>HYPERMOTION<\/p>\n<p>One jersey, one seam, no limits. The shoulder area is made from a single piece of fabric, without vertical seams. More freedom of movement, more support for the muscles and body posture.<\/p>\n<p>HEATMEMORY<\/p>\n<p>Combining power and comfort is certainly not an easy goal &#8211; but it can be achieved. Thanks to the HEATMEMORY insulation cells, your body will always be protected from the cold.<\/p>\n<p>COOLVENT<\/p>\n<p>The channelled inner surface generates a constant air flow. It quickly absorbs sweat, cools the body during activity and keeps the skin dry.<\/p>\n<p>DRYLIGHT<\/p>\n<p>Transports sweat to the outside through a lighter, highly absorbent knitting technology.<\/p>\n<p>FEELINES<\/p>\n<p>Dynamic contour lines perfectly connect the individual functional zones and ensure superior comfort and greater freedom of movement.<\/p>\n<p>NATEX<\/p>\n<p>With the special NATEX yarn, UYN puts nature at the service of your well-being. NATEX is particularly light and reduces the weight of the garment by 25%. Garments made of NATEX dry up to 50% faster than nylon garments of the same type. The 100% natural organic fibre is more elastic and the bacteriostatic effect minimises odours.<\/p>\n<p>&nbsp;<\/p>\n","protected":false},"excerpt":{"rendered":"<p>Traspirante, ergonomica, comoda: ecco le particolarit\u00e0 della maglia intima UYN\u00ae EVOLUTYON UNDERWEAR SHIRT LONGSLEEVE MELANGE da donna in Natex, una fibra di nylon biologica al 100%, che consente una termoregolazione ideale. Grazie alla canalizzazione della superficie interna, Coolvent permette una costante circolazione dell\u2019aria. In questo modo la maglia intima assorbe il sudore e rinfresca durante &hellip; <a href=\"https:\/\/www.miomiorun.com\/en\/product\/uyn-evolutyon-underwear-shirt-longsleeve-women\/\">Continued<\/a><\/p>\n","protected":false},"featured_media":59477,"template":"","meta":{"_acf_changed":false,"inline_featured_image":false},"product_brand":[],"product_cat":[6387,6405],"product_tag":[6314,6290],"class_list":{"0":"post-176243","1":"product","2":"type-product","3":"status-publish","4":"has-post-thumbnail","6":"product_cat-womens-clothing","7":"product_cat-womens-underwear","8":"product_tag-uyn-en","9":"product_tag-uyn-women-en","10":"pa_attivita-outdoor-en","11":"pa_attivita-running-en","12":"pa_attivita-trail-en","13":"pa_attivita-walking","14":"pa_colore-evolution-uw-shirt-lg_sl-melange-w-anthr-en","15":"pa_colore-evolution-uw-shirt-lg_sl-w-blackboard-an-en","16":"pa_marca-uyn-en","17":"pa_sesso-women","18":"pa_size-extra-small-en","19":"pa_size-l-xl-en","21":"first","22":"instock","23":"sale","24":"taxable","25":"shipping-taxable","26":"purchasable","27":"product-type-variable","28":"wvs-archive-product-wrapper"},"acf":[],"yoast_head":"<!-- This site is optimized with the Yoast SEO plugin v26.8 - https:\/\/yoast.com\/product\/yoast-seo-wordpress\/ -->\n<title>Evolutyon Underwear Shirt LongSleeve women - Thermal jersey - MioMioRun<\/title>\n<meta name=\"description\" content=\"Breathable, ergonomic, comfortable: these are the special features of the UYN EVOLUTYON UNDERWEAR SHIRT LONGSLEEVE MELANGE women&#039;s underwear in Natex\" \/>\n<meta name=\"robots\" content=\"index, follow, max-snippet:-1, max-image-preview:large, max-video-preview:-1\" \/>\n<link rel=\"canonical\" href=\"https:\/\/www.miomiorun.com\/en\/product\/uyn-evolutyon-underwear-shirt-longsleeve-women\/\" \/>\n<meta property=\"og:locale\" content=\"en_US\" \/>\n<meta property=\"og:type\" content=\"article\" \/>\n<meta property=\"og:title\" content=\"Evolutyon Underwear Shirt LongSleeve women - Thermal jersey - MioMioRun\" \/>\n<meta property=\"og:description\" content=\"Breathable, ergonomic, comfortable: these are the special features of the UYN EVOLUTYON UNDERWEAR SHIRT LONGSLEEVE MELANGE women&#039;s underwear in Natex\" \/>\n<meta property=\"og:url\" content=\"https:\/\/www.miomiorun.com\/en\/product\/uyn-evolutyon-underwear-shirt-longsleeve-women\/\" \/>\n<meta property=\"og:site_name\" content=\"MioMioRun\" \/>\n<meta property=\"article:publisher\" content=\"https:\/\/www.facebook.com\/miomiorun\/\" \/>\n<meta property=\"article:modified_time\" content=\"2025-02-04T16:30:52+00:00\" \/>\n<meta property=\"og:image\" content=\"https:\/\/www.miomiorun.com\/app\/uploads\/2021\/11\/uyn-evolution-uw-shirt-lg_sl-melange-U100019-93G980.jpg\" \/>\n\t<meta property=\"og:image:width\" content=\"600\" \/>\n\t<meta property=\"og:image:height\" content=\"600\" \/>\n\t<meta property=\"og:image:type\" content=\"image\/jpeg\" \/>\n<meta name=\"twitter:card\" content=\"summary_large_image\" \/>\n<meta name=\"twitter:label1\" content=\"Est. reading time\" \/>\n\t<meta name=\"twitter:data1\" content=\"2 minutes\" \/>\n<script type=\"application\/ld+json\" class=\"yoast-schema-graph\">{\"@context\":\"https:\/\/schema.org\",\"@graph\":[{\"@type\":\"WebPage\",\"@id\":\"https:\/\/www.miomiorun.com\/en\/product\/uyn-evolutyon-underwear-shirt-longsleeve-women\/\",\"url\":\"https:\/\/www.miomiorun.com\/en\/product\/uyn-evolutyon-underwear-shirt-longsleeve-women\/\",\"name\":\"Evolutyon Underwear Shirt LongSleeve women - Thermal jersey - MioMioRun\",\"isPartOf\":{\"@id\":\"https:\/\/www.miomiorun.com\/en\/#website\"},\"primaryImageOfPage\":{\"@id\":\"https:\/\/www.miomiorun.com\/en\/product\/uyn-evolutyon-underwear-shirt-longsleeve-women\/#primaryimage\"},\"image\":{\"@id\":\"https:\/\/www.miomiorun.com\/en\/product\/uyn-evolutyon-underwear-shirt-longsleeve-women\/#primaryimage\"},\"thumbnailUrl\":\"https:\/\/www.miomiorun.com\/app\/uploads\/2021\/11\/uyn-evolution-uw-shirt-lg_sl-melange-U100019-93G980.jpg\",\"datePublished\":\"2021-10-20T08:22:49+00:00\",\"dateModified\":\"2025-02-04T16:30:52+00:00\",\"description\":\"Breathable, ergonomic, comfortable: these are the special features of the UYN EVOLUTYON UNDERWEAR SHIRT LONGSLEEVE MELANGE women's underwear in Natex\",\"breadcrumb\":{\"@id\":\"https:\/\/www.miomiorun.com\/en\/product\/uyn-evolutyon-underwear-shirt-longsleeve-women\/#breadcrumb\"},\"inLanguage\":\"en-US\",\"potentialAction\":[{\"@type\":\"ReadAction\",\"target\":[\"https:\/\/www.miomiorun.com\/en\/product\/uyn-evolutyon-underwear-shirt-longsleeve-women\/\"]}]},{\"@type\":\"ImageObject\",\"inLanguage\":\"en-US\",\"@id\":\"https:\/\/www.miomiorun.com\/en\/product\/uyn-evolutyon-underwear-shirt-longsleeve-women\/#primaryimage\",\"url\":\"https:\/\/www.miomiorun.com\/app\/uploads\/2021\/11\/uyn-evolution-uw-shirt-lg_sl-melange-U100019-93G980.jpg\",\"contentUrl\":\"https:\/\/www.miomiorun.com\/app\/uploads\/2021\/11\/uyn-evolution-uw-shirt-lg_sl-melange-U100019-93G980.jpg\",\"width\":600,\"height\":600,\"caption\":\"uyn evolution uw shirt lg-sl\"},{\"@type\":\"BreadcrumbList\",\"@id\":\"https:\/\/www.miomiorun.com\/en\/product\/uyn-evolutyon-underwear-shirt-longsleeve-women\/#breadcrumb\",\"itemListElement\":[{\"@type\":\"ListItem\",\"position\":1,\"name\":\"Home\",\"item\":\"https:\/\/www.miomiorun.com\/en\/home-page\/\"},{\"@type\":\"ListItem\",\"position\":2,\"name\":\"Shop\",\"item\":\"https:\/\/www.miomiorun.com\/shop\/\"},{\"@type\":\"ListItem\",\"position\":3,\"name\":\"Evolutyon Underwear Shirt LongSleeve women\"}]},{\"@type\":\"WebSite\",\"@id\":\"https:\/\/www.miomiorun.com\/en\/#website\",\"url\":\"https:\/\/www.miomiorun.com\/en\/\",\"name\":\"MioMioRun\",\"description\":\"100% running and trail shop\",\"publisher\":{\"@id\":\"https:\/\/www.miomiorun.com\/en\/#organization\"},\"potentialAction\":[{\"@type\":\"SearchAction\",\"target\":{\"@type\":\"EntryPoint\",\"urlTemplate\":\"https:\/\/www.miomiorun.com\/en\/?s={search_term_string}\"},\"query-input\":{\"@type\":\"PropertyValueSpecification\",\"valueRequired\":true,\"valueName\":\"search_term_string\"}}],\"inLanguage\":\"en-US\"},{\"@type\":\"Organization\",\"@id\":\"https:\/\/www.miomiorun.com\/en\/#organization\",\"name\":\"MioMio Run\",\"url\":\"https:\/\/www.miomiorun.com\/en\/\",\"logo\":{\"@type\":\"ImageObject\",\"inLanguage\":\"en-US\",\"@id\":\"https:\/\/www.miomiorun.com\/en\/#\/schema\/logo\/image\/\",\"url\":\"https:\/\/www.miomiorun.com\/app\/uploads\/2019\/12\/logomio.png\",\"contentUrl\":\"https:\/\/www.miomiorun.com\/app\/uploads\/2019\/12\/logomio.png\",\"width\":115,\"height\":82,\"caption\":\"MioMio Run\"},\"image\":{\"@id\":\"https:\/\/www.miomiorun.com\/en\/#\/schema\/logo\/image\/\"},\"sameAs\":[\"https:\/\/www.facebook.com\/miomiorun\/\",\"https:\/\/www.instagram.com\/miomiorun\/\"]}]}<\/script>\n<!-- \/ Yoast SEO plugin. -->","yoast_head_json":{"title":"Evolutyon Underwear Shirt LongSleeve women - Thermal jersey - MioMioRun","description":"Breathable, ergonomic, comfortable: these are the special features of the UYN EVOLUTYON UNDERWEAR SHIRT LONGSLEEVE MELANGE women's underwear in Natex","robots":{"index":"index","follow":"follow","max-snippet":"max-snippet:-1","max-image-preview":"max-image-preview:large","max-video-preview":"max-video-preview:-1"},"canonical":"https:\/\/www.miomiorun.com\/en\/product\/uyn-evolutyon-underwear-shirt-longsleeve-women\/","og_locale":"en_US","og_type":"article","og_title":"Evolutyon Underwear Shirt LongSleeve women - Thermal jersey - MioMioRun","og_description":"Breathable, ergonomic, comfortable: these are the special features of the UYN EVOLUTYON UNDERWEAR SHIRT LONGSLEEVE MELANGE women's underwear in Natex","og_url":"https:\/\/www.miomiorun.com\/en\/product\/uyn-evolutyon-underwear-shirt-longsleeve-women\/","og_site_name":"MioMioRun","article_publisher":"https:\/\/www.facebook.com\/miomiorun\/","article_modified_time":"2025-02-04T16:30:52+00:00","og_image":[{"width":600,"height":600,"url":"https:\/\/www.miomiorun.com\/app\/uploads\/2021\/11\/uyn-evolution-uw-shirt-lg_sl-melange-U100019-93G980.jpg","type":"image\/jpeg"}],"twitter_card":"summary_large_image","twitter_misc":{"Est. reading time":"2 minutes"},"schema":{"@context":"https:\/\/schema.org","@graph":[{"@type":"WebPage","@id":"https:\/\/www.miomiorun.com\/en\/product\/uyn-evolutyon-underwear-shirt-longsleeve-women\/","url":"https:\/\/www.miomiorun.com\/en\/product\/uyn-evolutyon-underwear-shirt-longsleeve-women\/","name":"Evolutyon Underwear Shirt LongSleeve women - Thermal jersey - MioMioRun","isPartOf":{"@id":"https:\/\/www.miomiorun.com\/en\/#website"},"primaryImageOfPage":{"@id":"https:\/\/www.miomiorun.com\/en\/product\/uyn-evolutyon-underwear-shirt-longsleeve-women\/#primaryimage"},"image":{"@id":"https:\/\/www.miomiorun.com\/en\/product\/uyn-evolutyon-underwear-shirt-longsleeve-women\/#primaryimage"},"thumbnailUrl":"https:\/\/www.miomiorun.com\/app\/uploads\/2021\/11\/uyn-evolution-uw-shirt-lg_sl-melange-U100019-93G980.jpg","datePublished":"2021-10-20T08:22:49+00:00","dateModified":"2025-02-04T16:30:52+00:00","description":"Breathable, ergonomic, comfortable: these are the special features of the UYN EVOLUTYON UNDERWEAR SHIRT LONGSLEEVE MELANGE women's underwear in Natex","breadcrumb":{"@id":"https:\/\/www.miomiorun.com\/en\/product\/uyn-evolutyon-underwear-shirt-longsleeve-women\/#breadcrumb"},"inLanguage":"en-US","potentialAction":[{"@type":"ReadAction","target":["https:\/\/www.miomiorun.com\/en\/product\/uyn-evolutyon-underwear-shirt-longsleeve-women\/"]}]},{"@type":"ImageObject","inLanguage":"en-US","@id":"https:\/\/www.miomiorun.com\/en\/product\/uyn-evolutyon-underwear-shirt-longsleeve-women\/#primaryimage","url":"https:\/\/www.miomiorun.com\/app\/uploads\/2021\/11\/uyn-evolution-uw-shirt-lg_sl-melange-U100019-93G980.jpg","contentUrl":"https:\/\/www.miomiorun.com\/app\/uploads\/2021\/11\/uyn-evolution-uw-shirt-lg_sl-melange-U100019-93G980.jpg","width":600,"height":600,"caption":"uyn evolution uw shirt lg-sl"},{"@type":"BreadcrumbList","@id":"https:\/\/www.miomiorun.com\/en\/product\/uyn-evolutyon-underwear-shirt-longsleeve-women\/#breadcrumb","itemListElement":[{"@type":"ListItem","position":1,"name":"Home","item":"https:\/\/www.miomiorun.com\/en\/home-page\/"},{"@type":"ListItem","position":2,"name":"Shop","item":"https:\/\/www.miomiorun.com\/shop\/"},{"@type":"ListItem","position":3,"name":"Evolutyon Underwear Shirt LongSleeve women"}]},{"@type":"WebSite","@id":"https:\/\/www.miomiorun.com\/en\/#website","url":"https:\/\/www.miomiorun.com\/en\/","name":"MioMioRun","description":"100% running and trail shop","publisher":{"@id":"https:\/\/www.miomiorun.com\/en\/#organization"},"potentialAction":[{"@type":"SearchAction","target":{"@type":"EntryPoint","urlTemplate":"https:\/\/www.miomiorun.com\/en\/?s={search_term_string}"},"query-input":{"@type":"PropertyValueSpecification","valueRequired":true,"valueName":"search_term_string"}}],"inLanguage":"en-US"},{"@type":"Organization","@id":"https:\/\/www.miomiorun.com\/en\/#organization","name":"MioMio Run","url":"https:\/\/www.miomiorun.com\/en\/","logo":{"@type":"ImageObject","inLanguage":"en-US","@id":"https:\/\/www.miomiorun.com\/en\/#\/schema\/logo\/image\/","url":"https:\/\/www.miomiorun.com\/app\/uploads\/2019\/12\/logomio.png","contentUrl":"https:\/\/www.miomiorun.com\/app\/uploads\/2019\/12\/logomio.png","width":115,"height":82,"caption":"MioMio Run"},"image":{"@id":"https:\/\/www.miomiorun.com\/en\/#\/schema\/logo\/image\/"},"sameAs":["https:\/\/www.facebook.com\/miomiorun\/","https:\/\/www.instagram.com\/miomiorun\/"]}]}},"_links":{"self":[{"href":"https:\/\/www.miomiorun.com\/en\/wp-json\/wp\/v2\/product\/176243","targetHints":{"allow":["GET"]}}],"collection":[{"href":"https:\/\/www.miomiorun.com\/en\/wp-json\/wp\/v2\/product"}],"about":[{"href":"https:\/\/www.miomiorun.com\/en\/wp-json\/wp\/v2\/types\/product"}],"wp:featuredmedia":[{"embeddable":true,"href":"https:\/\/www.miomiorun.com\/en\/wp-json\/wp\/v2\/media\/59477"}],"wp:attachment":[{"href":"https:\/\/www.miomiorun.com\/en\/wp-json\/wp\/v2\/media?parent=176243"}],"wp:term":[{"taxonomy":"product_brand","embeddable":true,"href":"https:\/\/www.miomiorun.com\/en\/wp-json\/wp\/v2\/product_brand?post=176243"},{"taxonomy":"product_cat","embeddable":true,"href":"https:\/\/www.miomiorun.com\/en\/wp-json\/wp\/v2\/product_cat?post=176243"},{"taxonomy":"product_tag","embeddable":true,"href":"https:\/\/www.miomiorun.com\/en\/wp-json\/wp\/v2\/product_tag?post=176243"}],"curies":[{"name":"wp","href":"https:\/\/api.w.org\/{rel}","templated":true}]}}