{"id":175621,"date":"2021-04-21T11:07:12","date_gmt":"2021-04-21T09:07:12","guid":{"rendered":"https:\/\/miomiorun.com\/prodotto\/lurbel-samba-skirt-donna\/"},"modified":"2026-05-08T20:52:23","modified_gmt":"2026-05-08T18:52:23","slug":"lurbel-samba-skirt-women","status":"publish","type":"product","link":"https:\/\/www.miomiorun.com\/en\/product\/lurbel-samba-skirt-women\/","title":{"rendered":"Samba Skirt women"},"content":{"rendered":"<div class=\"gral\">\n<div class=\"col-xs-10\">\n<p>Perfetta per i runner regolari, la gonna SAMBA \u00e8 incredibilmente leggera con una priorit\u00e0 sul comfort: gonna esterna elastica e rete tecnica interna con tecnologia iDT Neo, che assorbe l&#8217;umidit\u00e0, asciuga rapidamente e riduce gli odori grazie al filo di bamb\u00f9 ionizzato e alla rete d&#8217;argento.<br \/>\nGrazie all&#8217;adattabilit\u00e0 + A nella sua cintura, migliora la vestibilit\u00e0 e il sostegno del capo.<br \/>\nQuesta culotte \u00e8 molto pratica, in quanto ha 2 tasche laterali in rete e una tasca centrale posteriore con cerniera sicura.<\/p>\n<p>Consigliato: Running \/ Trail Running \/ Outdoor<\/p>\n<div class=\"comp\">\n<div class=\"col-md-10\">\n<p>COMPOSIZIONE : ext: 92% Polyamide8% Lycra ; int: 35% Bamboo Charcoal35% Dry Touch22% Polyamide Ion8% Lycra<\/p>\n<\/div>\n<\/div>\n<div class=\"peso\">\n<div class=\"col-md-10\">PESO: 170 gr.<\/div>\n<\/div>\n<\/div>\n<\/div>\n<div class=\"col-md-10\">\n<p>&nbsp;<\/p>\n<p>Quando parliamo di comfort nell&#8217;atleta, la gestione dell&#8217;umidit\u00e0 \u00e8 la chiave.\u00a0Questo \u00e8 il motivo per cui la nuova versione della tecnologia iDT ora combina il filato di bamb\u00f9 carbonizzato con un poliestere a sezione trasversale.\u00a0Grazie ai suoi cinque canali, la sua struttura aumenta la quantit\u00e0 di sudore che viene espulso verso l&#8217;esterno e lo asciuga pi\u00f9 rapidamente, mantenendo il tuo corpo ad una temperatura ottimale.\u00a0Niente pi\u00f9 vestiti pesanti e bagnati e la sensazione appiccicosa di indossare il sudore sulla pelle!<\/p>\n<p><strong>Propriet\u00e0 ottimizzate:<\/strong><\/p>\n<ul>\n<li>Termoregolazione personalizzata: trasporta pi\u00f9 umidit\u00e0 verso l&#8217;esterno e la asciuga pi\u00f9 velocemente.<\/li>\n<li>Doppia barriera contro gli odori: il filo di bamb\u00f9 ionizzato e la rete d&#8217;argento lavorano insieme per prevenire la proliferazione dei batteri che causano l&#8217;odore.<\/li>\n<li>Termoregolatori: isolamento termico<\/li>\n<li>Fattore di protezione UPF 50+.<\/li>\n<\/ul>\n<p><strong>Ora anche i dettagli fanno la differenza:<\/strong><\/p>\n<ul>\n<li>Tocco pi\u00f9 naturale e morbido: la sua struttura a zig-zag lo fa piegare e allungare facilmente grazie alla sua particolare forma a 5 canali (questa propriet\u00e0 viene percepita come una consistenza pi\u00f9 soffice e soffice).<\/li>\n<li>Colori pi\u00f9 vividi: la maggiore superficie del nuovo filato di poliestere consente un migliore assorbimento dei coloranti, che esalta il colore del capo.<\/li>\n<li>Effetto stirante :\u00a0indipendentemente dai tuoi movimenti, il tessuto iDT neo recupera la sua struttura senza intoppi non appena smetti di esercitare pressione su di esso.<\/li>\n<\/ul>\n<p>I capi esigenti <strong>Feel Thermo Tech<\/strong> sono progettati per l&#8217;uso in ambienti in cui la temperatura \u00e8 variabile.Termoregolazione corporea.Propriet\u00e0 battericide, inodore e ad alta traspirazione.\u00a0Uso molto specifico nello sport e in climi diversi.<\/p>\n<div class=\"main-tabs main\">\n<div class=\"mt-panes\">\n<div id=\"mt-pane4\" class=\"mt-pane col-xs-12\">\n<div class=\"main-tabs main\">\n<div class=\"mt-panes\">\n<div id=\"mt-pane4\" class=\"mt-pane col-xs-12\">\n<div class=\"main-tabs main\">\n<div class=\"mt-panes\">\n<div id=\"mt-pane4\" class=\"mt-pane col-xs-12\">\n<div class=\"main-tabs main\">\n<div class=\"mt-panes\">\n<div id=\"mt-pane4\" class=\"mt-pane col-xs-12\"><\/div>\n<\/div>\n<\/div>\n<div class=\"prod-listado container\">\n<div class=\"main-tabs main\">\n<div class=\"mt-panes\">\n<div id=\"mt-pane4\" class=\"mt-pane col-xs-12\">\n<p>&nbsp;<\/p>\n<h4>ADATTABILIT\u00c0<\/h4>\n<p>Si adatta alla superficie del corpo.<\/p>\n<p>&nbsp;<\/p>\n<h4>ALTE PRESTAZIONI<\/h4>\n<p>Progettato per situazioni estreme.<\/p>\n<p>&nbsp;<\/p>\n<h4>ANTI RUGHE<\/h4>\n<p>Tessuto speciale che previene le pieghe durante la piegatura.<\/p>\n<p>&nbsp;<\/p>\n<h4>ERGONOMICO<\/h4>\n<p>Capo con struttura ergonomica differenziata per piede destro e sinistro.<\/p>\n<p>&nbsp;<\/p>\n<h4>PESO LEGGERO<\/h4>\n<p>Capi leggeri.<\/p>\n<p>&nbsp;<\/p>\n<h4>SENZA PUNTI<\/h4>\n<p>La chiusura punto per punto della punta previene gli sfregamenti<\/p>\n<p>&nbsp;<\/p>\n<h4>TESSUTO BIDIREZIONALE<\/h4>\n<p>Struttura in tessuto a due vie, libert\u00e0 di movimento.<\/p>\n<p>&nbsp;<\/p>\n<h4>TRASPIRANTE<\/h4>\n<p>Il tessuto si apre in aree specifiche per una migliore ventilazione della pelle.<\/p>\n<p>&nbsp;<\/p>\n<h4>PROTEZIONE UV UPF 50+<\/h4>\n<p>Prenditi cura della pelle dai raggi del sole.<\/p>\n<\/div>\n<\/div>\n<\/div>\n<div class=\"prod-listado container\"><\/div>\n<\/div>\n<\/div>\n<\/div>\n<\/div>\n<div class=\"prod-listado container\">\n<div class=\"prod-listado container\"><\/div>\n<\/div>\n<\/div>\n<\/div>\n<\/div>\n<\/div>\n<\/div>\n<\/div>\n<\/div>\n","protected":false},"excerpt":{"rendered":"<p>Perfetta per i runner regolari, la gonna SAMBA \u00e8 incredibilmente leggera con una priorit\u00e0 sul comfort: gonna esterna elastica e rete tecnica interna con tecnologia iDT Neo, che assorbe l&#8217;umidit\u00e0, asciuga rapidamente e riduce gli odori grazie al filo di bamb\u00f9 ionizzato e alla rete d&#8217;argento. Grazie all&#8217;adattabilit\u00e0 + A nella sua cintura, migliora la &hellip; <a href=\"https:\/\/www.miomiorun.com\/en\/product\/lurbel-samba-skirt-women\/\">Continued<\/a><\/p>\n","protected":false},"featured_media":55308,"template":"","meta":{"_acf_changed":false,"inline_featured_image":false},"product_brand":[],"product_cat":[6386,6387,6407],"product_tag":[6301,6298],"class_list":{"0":"post-175621","1":"product","2":"type-product","3":"status-publish","4":"has-post-thumbnail","6":"product_cat-women","7":"product_cat-womens-clothing","8":"product_cat-short-pants-woman","9":"product_tag-lurbel-en","10":"product_tag-lurbel-women-en","11":"pa_attivita-outdoor-en","12":"pa_attivita-running-en","13":"pa_attivita-trail-en","14":"pa_colore-samba-skirt-w-nero-grigio-en","15":"pa_marca-lurbel-en","16":"pa_sesso-women","17":"pa_size-extra-small-en","18":"pa_size-small-en","20":"first","21":"instock","22":"sale","23":"taxable","24":"shipping-taxable","25":"purchasable","26":"product-type-variable","27":"wvs-archive-product-wrapper"},"acf":[],"yoast_head":"<!-- This site is optimized with the Yoast SEO plugin v26.8 - https:\/\/yoast.com\/product\/yoast-seo-wordpress\/ -->\n<title>Lurbel Samba Skirt women - skirt running - MioMioRun.com<\/title>\n<meta name=\"description\" content=\"Perfect for regular runners, the SAMBA skirt is incredibly lightweight with a priority on comfort, absorbs moisture and dries quickly\" \/>\n<meta name=\"robots\" content=\"index, follow, max-snippet:-1, max-image-preview:large, max-video-preview:-1\" \/>\n<link rel=\"canonical\" href=\"https:\/\/www.miomiorun.com\/en\/product\/lurbel-samba-skirt-women\/\" \/>\n<meta property=\"og:locale\" content=\"en_US\" \/>\n<meta property=\"og:type\" content=\"article\" \/>\n<meta property=\"og:title\" content=\"Lurbel Samba Skirt women - skirt running - MioMioRun.com\" \/>\n<meta property=\"og:description\" content=\"Perfect for regular runners, the SAMBA skirt is incredibly lightweight with a priority on comfort, absorbs moisture and dries quickly\" \/>\n<meta property=\"og:url\" content=\"https:\/\/www.miomiorun.com\/en\/product\/lurbel-samba-skirt-women\/\" \/>\n<meta property=\"og:site_name\" content=\"MioMioRun\" \/>\n<meta property=\"article:publisher\" content=\"https:\/\/www.facebook.com\/miomiorun\/\" \/>\n<meta property=\"article:modified_time\" content=\"2026-05-08T18:52:23+00:00\" \/>\n<meta property=\"og:image\" content=\"https:\/\/www.miomiorun.com\/app\/uploads\/2021\/04\/lurbel-Samba-Skirt-W-00A2.814W.0003.jpg\" \/>\n\t<meta property=\"og:image:width\" content=\"600\" \/>\n\t<meta property=\"og:image:height\" content=\"600\" \/>\n\t<meta property=\"og:image:type\" content=\"image\/jpeg\" \/>\n<meta name=\"twitter:card\" content=\"summary_large_image\" \/>\n<meta name=\"twitter:label1\" content=\"Est. reading time\" \/>\n\t<meta name=\"twitter:data1\" content=\"2 minutes\" \/>\n<script type=\"application\/ld+json\" class=\"yoast-schema-graph\">{\"@context\":\"https:\/\/schema.org\",\"@graph\":[{\"@type\":\"WebPage\",\"@id\":\"https:\/\/www.miomiorun.com\/en\/product\/lurbel-samba-skirt-women\/\",\"url\":\"https:\/\/www.miomiorun.com\/en\/product\/lurbel-samba-skirt-women\/\",\"name\":\"Lurbel Samba Skirt women - skirt running - MioMioRun.com\",\"isPartOf\":{\"@id\":\"https:\/\/www.miomiorun.com\/en\/#website\"},\"primaryImageOfPage\":{\"@id\":\"https:\/\/www.miomiorun.com\/en\/product\/lurbel-samba-skirt-women\/#primaryimage\"},\"image\":{\"@id\":\"https:\/\/www.miomiorun.com\/en\/product\/lurbel-samba-skirt-women\/#primaryimage\"},\"thumbnailUrl\":\"https:\/\/www.miomiorun.com\/app\/uploads\/2021\/04\/lurbel-Samba-Skirt-W-00A2.814W.0003.jpg\",\"datePublished\":\"2021-04-21T09:07:12+00:00\",\"dateModified\":\"2026-05-08T18:52:23+00:00\",\"description\":\"Perfect for regular runners, the SAMBA skirt is incredibly lightweight with a priority on comfort, absorbs moisture and dries quickly\",\"breadcrumb\":{\"@id\":\"https:\/\/www.miomiorun.com\/en\/product\/lurbel-samba-skirt-women\/#breadcrumb\"},\"inLanguage\":\"en-US\",\"potentialAction\":[{\"@type\":\"ReadAction\",\"target\":[\"https:\/\/www.miomiorun.com\/en\/product\/lurbel-samba-skirt-women\/\"]}]},{\"@type\":\"ImageObject\",\"inLanguage\":\"en-US\",\"@id\":\"https:\/\/www.miomiorun.com\/en\/product\/lurbel-samba-skirt-women\/#primaryimage\",\"url\":\"https:\/\/www.miomiorun.com\/app\/uploads\/2021\/04\/lurbel-Samba-Skirt-W-00A2.814W.0003.jpg\",\"contentUrl\":\"https:\/\/www.miomiorun.com\/app\/uploads\/2021\/04\/lurbel-Samba-Skirt-W-00A2.814W.0003.jpg\",\"width\":600,\"height\":600,\"caption\":\"lurbel samba skirt fronte\"},{\"@type\":\"BreadcrumbList\",\"@id\":\"https:\/\/www.miomiorun.com\/en\/product\/lurbel-samba-skirt-women\/#breadcrumb\",\"itemListElement\":[{\"@type\":\"ListItem\",\"position\":1,\"name\":\"Home\",\"item\":\"https:\/\/www.miomiorun.com\/en\/home-page\/\"},{\"@type\":\"ListItem\",\"position\":2,\"name\":\"Shop\",\"item\":\"https:\/\/www.miomiorun.com\/shop\/\"},{\"@type\":\"ListItem\",\"position\":3,\"name\":\"Samba Skirt women\"}]},{\"@type\":\"WebSite\",\"@id\":\"https:\/\/www.miomiorun.com\/en\/#website\",\"url\":\"https:\/\/www.miomiorun.com\/en\/\",\"name\":\"MioMioRun\",\"description\":\"100% running and trail shop\",\"publisher\":{\"@id\":\"https:\/\/www.miomiorun.com\/en\/#organization\"},\"potentialAction\":[{\"@type\":\"SearchAction\",\"target\":{\"@type\":\"EntryPoint\",\"urlTemplate\":\"https:\/\/www.miomiorun.com\/en\/?s={search_term_string}\"},\"query-input\":{\"@type\":\"PropertyValueSpecification\",\"valueRequired\":true,\"valueName\":\"search_term_string\"}}],\"inLanguage\":\"en-US\"},{\"@type\":\"Organization\",\"@id\":\"https:\/\/www.miomiorun.com\/en\/#organization\",\"name\":\"MioMio Run\",\"url\":\"https:\/\/www.miomiorun.com\/en\/\",\"logo\":{\"@type\":\"ImageObject\",\"inLanguage\":\"en-US\",\"@id\":\"https:\/\/www.miomiorun.com\/en\/#\/schema\/logo\/image\/\",\"url\":\"https:\/\/www.miomiorun.com\/app\/uploads\/2019\/12\/logomio.png\",\"contentUrl\":\"https:\/\/www.miomiorun.com\/app\/uploads\/2019\/12\/logomio.png\",\"width\":115,\"height\":82,\"caption\":\"MioMio Run\"},\"image\":{\"@id\":\"https:\/\/www.miomiorun.com\/en\/#\/schema\/logo\/image\/\"},\"sameAs\":[\"https:\/\/www.facebook.com\/miomiorun\/\",\"https:\/\/www.instagram.com\/miomiorun\/\"]}]}<\/script>\n<!-- \/ Yoast SEO plugin. -->","yoast_head_json":{"title":"Lurbel Samba Skirt women - skirt running - MioMioRun.com","description":"Perfect for regular runners, the SAMBA skirt is incredibly lightweight with a priority on comfort, absorbs moisture and dries quickly","robots":{"index":"index","follow":"follow","max-snippet":"max-snippet:-1","max-image-preview":"max-image-preview:large","max-video-preview":"max-video-preview:-1"},"canonical":"https:\/\/www.miomiorun.com\/en\/product\/lurbel-samba-skirt-women\/","og_locale":"en_US","og_type":"article","og_title":"Lurbel Samba Skirt women - skirt running - MioMioRun.com","og_description":"Perfect for regular runners, the SAMBA skirt is incredibly lightweight with a priority on comfort, absorbs moisture and dries quickly","og_url":"https:\/\/www.miomiorun.com\/en\/product\/lurbel-samba-skirt-women\/","og_site_name":"MioMioRun","article_publisher":"https:\/\/www.facebook.com\/miomiorun\/","article_modified_time":"2026-05-08T18:52:23+00:00","og_image":[{"width":600,"height":600,"url":"https:\/\/www.miomiorun.com\/app\/uploads\/2021\/04\/lurbel-Samba-Skirt-W-00A2.814W.0003.jpg","type":"image\/jpeg"}],"twitter_card":"summary_large_image","twitter_misc":{"Est. reading time":"2 minutes"},"schema":{"@context":"https:\/\/schema.org","@graph":[{"@type":"WebPage","@id":"https:\/\/www.miomiorun.com\/en\/product\/lurbel-samba-skirt-women\/","url":"https:\/\/www.miomiorun.com\/en\/product\/lurbel-samba-skirt-women\/","name":"Lurbel Samba Skirt women - skirt running - MioMioRun.com","isPartOf":{"@id":"https:\/\/www.miomiorun.com\/en\/#website"},"primaryImageOfPage":{"@id":"https:\/\/www.miomiorun.com\/en\/product\/lurbel-samba-skirt-women\/#primaryimage"},"image":{"@id":"https:\/\/www.miomiorun.com\/en\/product\/lurbel-samba-skirt-women\/#primaryimage"},"thumbnailUrl":"https:\/\/www.miomiorun.com\/app\/uploads\/2021\/04\/lurbel-Samba-Skirt-W-00A2.814W.0003.jpg","datePublished":"2021-04-21T09:07:12+00:00","dateModified":"2026-05-08T18:52:23+00:00","description":"Perfect for regular runners, the SAMBA skirt is incredibly lightweight with a priority on comfort, absorbs moisture and dries quickly","breadcrumb":{"@id":"https:\/\/www.miomiorun.com\/en\/product\/lurbel-samba-skirt-women\/#breadcrumb"},"inLanguage":"en-US","potentialAction":[{"@type":"ReadAction","target":["https:\/\/www.miomiorun.com\/en\/product\/lurbel-samba-skirt-women\/"]}]},{"@type":"ImageObject","inLanguage":"en-US","@id":"https:\/\/www.miomiorun.com\/en\/product\/lurbel-samba-skirt-women\/#primaryimage","url":"https:\/\/www.miomiorun.com\/app\/uploads\/2021\/04\/lurbel-Samba-Skirt-W-00A2.814W.0003.jpg","contentUrl":"https:\/\/www.miomiorun.com\/app\/uploads\/2021\/04\/lurbel-Samba-Skirt-W-00A2.814W.0003.jpg","width":600,"height":600,"caption":"lurbel samba skirt fronte"},{"@type":"BreadcrumbList","@id":"https:\/\/www.miomiorun.com\/en\/product\/lurbel-samba-skirt-women\/#breadcrumb","itemListElement":[{"@type":"ListItem","position":1,"name":"Home","item":"https:\/\/www.miomiorun.com\/en\/home-page\/"},{"@type":"ListItem","position":2,"name":"Shop","item":"https:\/\/www.miomiorun.com\/shop\/"},{"@type":"ListItem","position":3,"name":"Samba Skirt women"}]},{"@type":"WebSite","@id":"https:\/\/www.miomiorun.com\/en\/#website","url":"https:\/\/www.miomiorun.com\/en\/","name":"MioMioRun","description":"100% running and trail shop","publisher":{"@id":"https:\/\/www.miomiorun.com\/en\/#organization"},"potentialAction":[{"@type":"SearchAction","target":{"@type":"EntryPoint","urlTemplate":"https:\/\/www.miomiorun.com\/en\/?s={search_term_string}"},"query-input":{"@type":"PropertyValueSpecification","valueRequired":true,"valueName":"search_term_string"}}],"inLanguage":"en-US"},{"@type":"Organization","@id":"https:\/\/www.miomiorun.com\/en\/#organization","name":"MioMio Run","url":"https:\/\/www.miomiorun.com\/en\/","logo":{"@type":"ImageObject","inLanguage":"en-US","@id":"https:\/\/www.miomiorun.com\/en\/#\/schema\/logo\/image\/","url":"https:\/\/www.miomiorun.com\/app\/uploads\/2019\/12\/logomio.png","contentUrl":"https:\/\/www.miomiorun.com\/app\/uploads\/2019\/12\/logomio.png","width":115,"height":82,"caption":"MioMio Run"},"image":{"@id":"https:\/\/www.miomiorun.com\/en\/#\/schema\/logo\/image\/"},"sameAs":["https:\/\/www.facebook.com\/miomiorun\/","https:\/\/www.instagram.com\/miomiorun\/"]}]}},"_links":{"self":[{"href":"https:\/\/www.miomiorun.com\/en\/wp-json\/wp\/v2\/product\/175621","targetHints":{"allow":["GET"]}}],"collection":[{"href":"https:\/\/www.miomiorun.com\/en\/wp-json\/wp\/v2\/product"}],"about":[{"href":"https:\/\/www.miomiorun.com\/en\/wp-json\/wp\/v2\/types\/product"}],"wp:featuredmedia":[{"embeddable":true,"href":"https:\/\/www.miomiorun.com\/en\/wp-json\/wp\/v2\/media\/55308"}],"wp:attachment":[{"href":"https:\/\/www.miomiorun.com\/en\/wp-json\/wp\/v2\/media?parent=175621"}],"wp:term":[{"taxonomy":"product_brand","embeddable":true,"href":"https:\/\/www.miomiorun.com\/en\/wp-json\/wp\/v2\/product_brand?post=175621"},{"taxonomy":"product_cat","embeddable":true,"href":"https:\/\/www.miomiorun.com\/en\/wp-json\/wp\/v2\/product_cat?post=175621"},{"taxonomy":"product_tag","embeddable":true,"href":"https:\/\/www.miomiorun.com\/en\/wp-json\/wp\/v2\/product_tag?post=175621"}],"curies":[{"name":"wp","href":"https:\/\/api.w.org\/{rel}","templated":true}]}}