{"id":98915,"date":"2022-12-03T18:15:50","date_gmt":"2022-12-03T17:15:50","guid":{"rendered":"https:\/\/miomiorun.com\/?post_type=product&#038;p=98915"},"modified":"2023-01-21T19:05:14","modified_gmt":"2023-01-21T18:05:14","slug":"jkt-channel-damen","status":"publish","type":"product","link":"https:\/\/www.miomiorun.com\/de\/produkt\/jkt-channel-damen\/","title":{"rendered":"Jkt Channel damen"},"content":{"rendered":"<p>Aktives Skitouring ist unsere Welt und speziell der Fokus auf die Frauenwelt ist unsere Geschichte. Crazy ist ein Unternehmen, das von einer Frau gegr\u00fcndet wurde; gibt es einen besseren Weg, die Bed\u00fcrfnisse der Frauenwelt zu verstehen?<\/p>\n<p>Die Women&#8217;s <strong>Jkt Channel<\/strong> ist eine Jacke mit Hybrid-Konstruktion, die dank der nahtlosen I-TUBE-Nylon-Konstruktion mit einer leichten JOY-Wattierung, die die positiven Eigenschaften nat\u00fcrlicher Daunen nachahmt und gleichzeitig deren M\u00e4ngel eliminiert, im vorderen Bereich sch\u00fctzt. Die Seiten und der Bund sind aus atmungsaktivem und weichem italienischen Vuelta Fleece mit wasserabweisender Behandlung. Geteilter Frontrei\u00dfverschluss, Kapuze mit elastischem Saum, Eingrifftaschen mit Rei\u00dfverschluss.<\/p>\n<p><strong>Funktionen:<\/strong><\/p>\n<ul>\n<li>ergonomische Kapuze mit elastischem Saum<\/li>\n<li>vollst\u00e4ndig teilbarer Frontrei\u00dfverschluss<\/li>\n<li>Hand-Taschen mit Rei\u00dfverschluss<\/li>\n<li>Saumband und atmungsaktive Gewebeeins\u00e4tze, italienische Vuelta<\/li>\n<li>Daumenschlaufe<\/li>\n<\/ul>\n","protected":false},"excerpt":{"rendered":"<ul>\n<li>\u00a0Dauerhaftigkeit<\/li>\n<li>Leichtigkeit<\/li>\n<li>\u00a0W\u00e4rmed\u00e4mmung<\/li>\n<\/ul>\n","protected":false},"featured_media":100788,"template":"","meta":{"_acf_changed":false,"inline_featured_image":false},"product_brand":[],"product_cat":[6400,6401,6404],"product_tag":[3370,6237],"class_list":{"0":"post-98915","1":"product","2":"type-product","3":"status-publish","4":"has-post-thumbnail","6":"product_cat-damen","7":"product_cat-damenbekleidung","8":"product_cat-damenjacken","9":"product_tag-crazy-idea-de","10":"product_tag-crazy-idea-damen-de","11":"pa_attivita-gehen","12":"pa_attivita-outdoor-de","13":"pa_colore-jkt-channel-w-vento-de","14":"pa_colore-jkt-channel-w-black-de","15":"pa_marca-crazy-idea-de","16":"pa_sesso-damen","17":"pa_size-extra-small-de","18":"pa_size-medium-de","19":"pa_size-large-de","21":"first","22":"instock","23":"sale","24":"taxable","25":"shipping-taxable","26":"purchasable","27":"product-type-variable","28":"wvs-archive-product-wrapper"},"acf":[],"yoast_head":"<!-- This site is optimized with the Yoast SEO plugin v26.8 - https:\/\/yoast.com\/product\/yoast-seo-wordpress\/ -->\n<title>La SportivaJkt Channel damen - Laufjacke - MioMioRun.com<\/title>\n<meta name=\"description\" content=\"Die Women&#039;s Jkt Channel ist eine Jacke mit Hybridkonstruktion, die dank der nahtlosen I-TUBE-Nylonkonstruktion vorne sch\u00fctzt.\" \/>\n<meta name=\"robots\" content=\"index, follow, max-snippet:-1, max-image-preview:large, max-video-preview:-1\" \/>\n<link rel=\"canonical\" href=\"https:\/\/www.miomiorun.com\/de\/produkt\/jkt-channel-damen\/\" \/>\n<meta property=\"og:locale\" content=\"de_DE\" \/>\n<meta property=\"og:type\" content=\"article\" \/>\n<meta property=\"og:title\" content=\"La SportivaJkt Channel damen - Laufjacke - MioMioRun.com\" \/>\n<meta property=\"og:description\" content=\"Die Women&#039;s Jkt Channel ist eine Jacke mit Hybridkonstruktion, die dank der nahtlosen I-TUBE-Nylonkonstruktion vorne sch\u00fctzt.\" \/>\n<meta property=\"og:url\" content=\"https:\/\/www.miomiorun.com\/de\/produkt\/jkt-channel-damen\/\" \/>\n<meta property=\"og:site_name\" content=\"MioMioRun\" \/>\n<meta property=\"article:publisher\" content=\"https:\/\/www.facebook.com\/miomiorun\/\" \/>\n<meta property=\"article:modified_time\" content=\"2023-01-21T18:05:14+00:00\" \/>\n<meta property=\"og:image\" content=\"https:\/\/www.miomiorun.com\/app\/uploads\/2022\/12\/crazy-idea-jkt-channel-W-black-W22055195D-0001.jpg\" \/>\n\t<meta property=\"og:image:width\" content=\"600\" \/>\n\t<meta property=\"og:image:height\" content=\"600\" \/>\n\t<meta property=\"og:image:type\" content=\"image\/jpeg\" \/>\n<meta name=\"twitter:card\" content=\"summary_large_image\" \/>\n<meta name=\"twitter:label1\" content=\"Est. reading time\" \/>\n\t<meta name=\"twitter:data1\" content=\"1 minute\" \/>\n<script type=\"application\/ld+json\" class=\"yoast-schema-graph\">{\"@context\":\"https:\/\/schema.org\",\"@graph\":[{\"@type\":\"WebPage\",\"@id\":\"https:\/\/www.miomiorun.com\/de\/produkt\/jkt-channel-damen\/\",\"url\":\"https:\/\/www.miomiorun.com\/de\/produkt\/jkt-channel-damen\/\",\"name\":\"La SportivaJkt Channel damen - Laufjacke - MioMioRun.com\",\"isPartOf\":{\"@id\":\"https:\/\/www.miomiorun.com\/de\/#website\"},\"primaryImageOfPage\":{\"@id\":\"https:\/\/www.miomiorun.com\/de\/produkt\/jkt-channel-damen\/#primaryimage\"},\"image\":{\"@id\":\"https:\/\/www.miomiorun.com\/de\/produkt\/jkt-channel-damen\/#primaryimage\"},\"thumbnailUrl\":\"https:\/\/www.miomiorun.com\/app\/uploads\/2022\/12\/crazy-idea-jkt-channel-W-black-W22055195D-0001.jpg\",\"datePublished\":\"2022-12-03T17:15:50+00:00\",\"dateModified\":\"2023-01-21T18:05:14+00:00\",\"description\":\"Die Women's Jkt Channel ist eine Jacke mit Hybridkonstruktion, die dank der nahtlosen I-TUBE-Nylonkonstruktion vorne sch\u00fctzt.\",\"breadcrumb\":{\"@id\":\"https:\/\/www.miomiorun.com\/de\/produkt\/jkt-channel-damen\/#breadcrumb\"},\"inLanguage\":\"de-DE\",\"potentialAction\":[{\"@type\":\"ReadAction\",\"target\":[\"https:\/\/www.miomiorun.com\/de\/produkt\/jkt-channel-damen\/\"]}]},{\"@type\":\"ImageObject\",\"inLanguage\":\"de-DE\",\"@id\":\"https:\/\/www.miomiorun.com\/de\/produkt\/jkt-channel-damen\/#primaryimage\",\"url\":\"https:\/\/www.miomiorun.com\/app\/uploads\/2022\/12\/crazy-idea-jkt-channel-W-black-W22055195D-0001.jpg\",\"contentUrl\":\"https:\/\/www.miomiorun.com\/app\/uploads\/2022\/12\/crazy-idea-jkt-channel-W-black-W22055195D-0001.jpg\",\"width\":600,\"height\":600,\"caption\":\"crazy-idea-jkt-channel-W-black-W22055195D-0001\"},{\"@type\":\"BreadcrumbList\",\"@id\":\"https:\/\/www.miomiorun.com\/de\/produkt\/jkt-channel-damen\/#breadcrumb\",\"itemListElement\":[{\"@type\":\"ListItem\",\"position\":1,\"name\":\"Home\",\"item\":\"https:\/\/www.miomiorun.com\/de\/\"},{\"@type\":\"ListItem\",\"position\":2,\"name\":\"Shop\",\"item\":\"https:\/\/www.miomiorun.com\/shop\/\"},{\"@type\":\"ListItem\",\"position\":3,\"name\":\"Jkt Channel damen\"}]},{\"@type\":\"WebSite\",\"@id\":\"https:\/\/www.miomiorun.com\/de\/#website\",\"url\":\"https:\/\/www.miomiorun.com\/de\/\",\"name\":\"MioMioRun\",\"description\":\"100% Lauf- und Trailshop\",\"publisher\":{\"@id\":\"https:\/\/www.miomiorun.com\/de\/#organization\"},\"potentialAction\":[{\"@type\":\"SearchAction\",\"target\":{\"@type\":\"EntryPoint\",\"urlTemplate\":\"https:\/\/www.miomiorun.com\/de\/?s={search_term_string}\"},\"query-input\":{\"@type\":\"PropertyValueSpecification\",\"valueRequired\":true,\"valueName\":\"search_term_string\"}}],\"inLanguage\":\"de-DE\"},{\"@type\":\"Organization\",\"@id\":\"https:\/\/www.miomiorun.com\/de\/#organization\",\"name\":\"MioMio Run\",\"url\":\"https:\/\/www.miomiorun.com\/de\/\",\"logo\":{\"@type\":\"ImageObject\",\"inLanguage\":\"de-DE\",\"@id\":\"https:\/\/www.miomiorun.com\/de\/#\/schema\/logo\/image\/\",\"url\":\"https:\/\/www.miomiorun.com\/app\/uploads\/2019\/12\/logomio.png\",\"contentUrl\":\"https:\/\/www.miomiorun.com\/app\/uploads\/2019\/12\/logomio.png\",\"width\":115,\"height\":82,\"caption\":\"MioMio Run\"},\"image\":{\"@id\":\"https:\/\/www.miomiorun.com\/de\/#\/schema\/logo\/image\/\"},\"sameAs\":[\"https:\/\/www.facebook.com\/miomiorun\/\",\"https:\/\/www.instagram.com\/miomiorun\/\"]}]}<\/script>\n<!-- \/ Yoast SEO plugin. -->","yoast_head_json":{"title":"La SportivaJkt Channel damen - Laufjacke - MioMioRun.com","description":"Die Women's Jkt Channel ist eine Jacke mit Hybridkonstruktion, die dank der nahtlosen I-TUBE-Nylonkonstruktion vorne sch\u00fctzt.","robots":{"index":"index","follow":"follow","max-snippet":"max-snippet:-1","max-image-preview":"max-image-preview:large","max-video-preview":"max-video-preview:-1"},"canonical":"https:\/\/www.miomiorun.com\/de\/produkt\/jkt-channel-damen\/","og_locale":"de_DE","og_type":"article","og_title":"La SportivaJkt Channel damen - Laufjacke - MioMioRun.com","og_description":"Die Women's Jkt Channel ist eine Jacke mit Hybridkonstruktion, die dank der nahtlosen I-TUBE-Nylonkonstruktion vorne sch\u00fctzt.","og_url":"https:\/\/www.miomiorun.com\/de\/produkt\/jkt-channel-damen\/","og_site_name":"MioMioRun","article_publisher":"https:\/\/www.facebook.com\/miomiorun\/","article_modified_time":"2023-01-21T18:05:14+00:00","og_image":[{"width":600,"height":600,"url":"https:\/\/www.miomiorun.com\/app\/uploads\/2022\/12\/crazy-idea-jkt-channel-W-black-W22055195D-0001.jpg","type":"image\/jpeg"}],"twitter_card":"summary_large_image","twitter_misc":{"Est. reading time":"1 minute"},"schema":{"@context":"https:\/\/schema.org","@graph":[{"@type":"WebPage","@id":"https:\/\/www.miomiorun.com\/de\/produkt\/jkt-channel-damen\/","url":"https:\/\/www.miomiorun.com\/de\/produkt\/jkt-channel-damen\/","name":"La SportivaJkt Channel damen - Laufjacke - MioMioRun.com","isPartOf":{"@id":"https:\/\/www.miomiorun.com\/de\/#website"},"primaryImageOfPage":{"@id":"https:\/\/www.miomiorun.com\/de\/produkt\/jkt-channel-damen\/#primaryimage"},"image":{"@id":"https:\/\/www.miomiorun.com\/de\/produkt\/jkt-channel-damen\/#primaryimage"},"thumbnailUrl":"https:\/\/www.miomiorun.com\/app\/uploads\/2022\/12\/crazy-idea-jkt-channel-W-black-W22055195D-0001.jpg","datePublished":"2022-12-03T17:15:50+00:00","dateModified":"2023-01-21T18:05:14+00:00","description":"Die Women's Jkt Channel ist eine Jacke mit Hybridkonstruktion, die dank der nahtlosen I-TUBE-Nylonkonstruktion vorne sch\u00fctzt.","breadcrumb":{"@id":"https:\/\/www.miomiorun.com\/de\/produkt\/jkt-channel-damen\/#breadcrumb"},"inLanguage":"de-DE","potentialAction":[{"@type":"ReadAction","target":["https:\/\/www.miomiorun.com\/de\/produkt\/jkt-channel-damen\/"]}]},{"@type":"ImageObject","inLanguage":"de-DE","@id":"https:\/\/www.miomiorun.com\/de\/produkt\/jkt-channel-damen\/#primaryimage","url":"https:\/\/www.miomiorun.com\/app\/uploads\/2022\/12\/crazy-idea-jkt-channel-W-black-W22055195D-0001.jpg","contentUrl":"https:\/\/www.miomiorun.com\/app\/uploads\/2022\/12\/crazy-idea-jkt-channel-W-black-W22055195D-0001.jpg","width":600,"height":600,"caption":"crazy-idea-jkt-channel-W-black-W22055195D-0001"},{"@type":"BreadcrumbList","@id":"https:\/\/www.miomiorun.com\/de\/produkt\/jkt-channel-damen\/#breadcrumb","itemListElement":[{"@type":"ListItem","position":1,"name":"Home","item":"https:\/\/www.miomiorun.com\/de\/"},{"@type":"ListItem","position":2,"name":"Shop","item":"https:\/\/www.miomiorun.com\/shop\/"},{"@type":"ListItem","position":3,"name":"Jkt Channel damen"}]},{"@type":"WebSite","@id":"https:\/\/www.miomiorun.com\/de\/#website","url":"https:\/\/www.miomiorun.com\/de\/","name":"MioMioRun","description":"100% Lauf- und Trailshop","publisher":{"@id":"https:\/\/www.miomiorun.com\/de\/#organization"},"potentialAction":[{"@type":"SearchAction","target":{"@type":"EntryPoint","urlTemplate":"https:\/\/www.miomiorun.com\/de\/?s={search_term_string}"},"query-input":{"@type":"PropertyValueSpecification","valueRequired":true,"valueName":"search_term_string"}}],"inLanguage":"de-DE"},{"@type":"Organization","@id":"https:\/\/www.miomiorun.com\/de\/#organization","name":"MioMio Run","url":"https:\/\/www.miomiorun.com\/de\/","logo":{"@type":"ImageObject","inLanguage":"de-DE","@id":"https:\/\/www.miomiorun.com\/de\/#\/schema\/logo\/image\/","url":"https:\/\/www.miomiorun.com\/app\/uploads\/2019\/12\/logomio.png","contentUrl":"https:\/\/www.miomiorun.com\/app\/uploads\/2019\/12\/logomio.png","width":115,"height":82,"caption":"MioMio Run"},"image":{"@id":"https:\/\/www.miomiorun.com\/de\/#\/schema\/logo\/image\/"},"sameAs":["https:\/\/www.facebook.com\/miomiorun\/","https:\/\/www.instagram.com\/miomiorun\/"]}]}},"_links":{"self":[{"href":"https:\/\/www.miomiorun.com\/de\/wp-json\/wp\/v2\/product\/98915","targetHints":{"allow":["GET"]}}],"collection":[{"href":"https:\/\/www.miomiorun.com\/de\/wp-json\/wp\/v2\/product"}],"about":[{"href":"https:\/\/www.miomiorun.com\/de\/wp-json\/wp\/v2\/types\/product"}],"wp:featuredmedia":[{"embeddable":true,"href":"https:\/\/www.miomiorun.com\/de\/wp-json\/wp\/v2\/media\/100788"}],"wp:attachment":[{"href":"https:\/\/www.miomiorun.com\/de\/wp-json\/wp\/v2\/media?parent=98915"}],"wp:term":[{"taxonomy":"product_brand","embeddable":true,"href":"https:\/\/www.miomiorun.com\/de\/wp-json\/wp\/v2\/product_brand?post=98915"},{"taxonomy":"product_cat","embeddable":true,"href":"https:\/\/www.miomiorun.com\/de\/wp-json\/wp\/v2\/product_cat?post=98915"},{"taxonomy":"product_tag","embeddable":true,"href":"https:\/\/www.miomiorun.com\/de\/wp-json\/wp\/v2\/product_tag?post=98915"}],"curies":[{"name":"wp","href":"https:\/\/api.w.org\/{rel}","templated":true}]}}