{"id":98847,"date":"2022-12-03T18:06:28","date_gmt":"2022-12-03T17:06:28","guid":{"rendered":"https:\/\/miomiorun.com\/?post_type=product&#038;p=98847"},"modified":"2026-05-08T21:38:04","modified_gmt":"2026-05-08T19:38:04","slug":"pull-kinsej-damen","status":"publish","type":"product","link":"https:\/\/www.miomiorun.com\/de\/produkt\/pull-kinsej-damen\/","title":{"rendered":"Pull Kinsej damen"},"content":{"rendered":"<p>Der <strong>Kinsej-Pullover<\/strong> f\u00fcr Damen ist ein ideales Lauf- und Schneeschuhtrikot f\u00fcr die k\u00e4ltesten Tage des Winters. Er ist aus warmem, komfortablem und dehnbarem High-Performance-Gewebe gefertigt, das auf der Innenseite mit einer Gaze versehen ist. Er hat einen halben Rei\u00dfverschluss an der Vorderseite, eine Au\u00dfentasche &#8220;Easy Pocket&#8221; und einen elastischen Saum. Der hohe, sch\u00fctzende Kragen, die Sicherheitspfeife in der Brusttasche und die Stulpe, die sich in einen n\u00fctzlichen Handschuh verwandeln l\u00e4sst, sind Details, die dieses Produkt von allen anderen unterscheiden, die normalerweise von den vielen unauff\u00e4lligen Marken angeboten werden.<\/p>\n<p><strong>Funktionen:<\/strong><\/p>\n<ul>\n<li>unsichtbarer halber Frontrei\u00dfverschluss<\/li>\n<li>sch\u00fctzender hoher Kragen<\/li>\n<li>integrierter Handschuh am unteren Ende des Handgelenks<\/li>\n<li>einfache Tasche mit elastischer Einfassung<\/li>\n<li>Brusttasche mit integrierter Rettungspfeife<\/li>\n<\/ul>\n","protected":false},"excerpt":{"rendered":"<ul>\n<li>unsichtbarer halber Frontrei\u00dfverschluss<\/li>\n<li>sch\u00fctzender hoher Kragen<\/li>\n<li>integrierter Handschuh am unteren Ende des Handgelenks<\/li>\n<\/ul>\n","protected":false},"featured_media":100847,"template":"","meta":{"_acf_changed":false,"inline_featured_image":false},"product_brand":[],"product_cat":[6400,6401,6486],"product_tag":[3370,6237],"class_list":{"0":"post-98847","1":"product","2":"type-product","3":"status-publish","4":"has-post-thumbnail","6":"product_cat-damen","7":"product_cat-damenbekleidung","8":"product_cat-damenlangarmshirts","9":"product_tag-crazy-idea-de","10":"product_tag-crazy-idea-damen-de","11":"pa_attivita-gehen","12":"pa_attivita-outdoor-de","13":"pa_colore-pull-kinsej-w-clarabelle-de","14":"pa_marca-crazy-idea-de","15":"pa_sesso-damen","16":"pa_size-small-de","17":"pa_size-medium-de","19":"first","20":"instock","21":"sale","22":"taxable","23":"shipping-taxable","24":"purchasable","25":"product-type-variable","26":"wvs-archive-product-wrapper"},"acf":[],"yoast_head":"<!-- This site is optimized with the Yoast SEO plugin v26.8 - https:\/\/yoast.com\/product\/yoast-seo-wordpress\/ -->\n<title>Crazy Idea Pull Kinsej damen - Lauf langarmshirt- MioMioRun<\/title>\n<meta name=\"description\" content=\"Das Women&#039;s Pull Kinsej ist ein Lauf- und Schneeschuhtrikot, das sich ideal f\u00fcr die k\u00e4ltesten Tage des Winters eignet. Hergestellt aus warmem\" \/>\n<meta name=\"robots\" content=\"index, follow, max-snippet:-1, max-image-preview:large, max-video-preview:-1\" \/>\n<link rel=\"canonical\" href=\"https:\/\/www.miomiorun.com\/de\/produkt\/pull-kinsej-damen\/\" \/>\n<meta property=\"og:locale\" content=\"de_DE\" \/>\n<meta property=\"og:type\" content=\"article\" \/>\n<meta property=\"og:title\" content=\"Crazy Idea Pull Kinsej damen - Lauf langarmshirt- MioMioRun\" \/>\n<meta property=\"og:description\" content=\"Das Women&#039;s Pull Kinsej ist ein Lauf- und Schneeschuhtrikot, das sich ideal f\u00fcr die k\u00e4ltesten Tage des Winters eignet. Hergestellt aus warmem\" \/>\n<meta property=\"og:url\" content=\"https:\/\/www.miomiorun.com\/de\/produkt\/pull-kinsej-damen\/\" \/>\n<meta property=\"og:site_name\" content=\"MioMioRun\" \/>\n<meta property=\"article:publisher\" content=\"https:\/\/www.facebook.com\/miomiorun\/\" \/>\n<meta property=\"article:modified_time\" content=\"2026-05-08T19:38:04+00:00\" \/>\n<meta property=\"og:image\" content=\"https:\/\/www.miomiorun.com\/app\/uploads\/2022\/12\/crazy-idea-pull-kinsej-W-tempest-W22025102D-00X142.jpg\" \/>\n\t<meta property=\"og:image:width\" content=\"600\" \/>\n\t<meta property=\"og:image:height\" content=\"600\" \/>\n\t<meta property=\"og:image:type\" content=\"image\/jpeg\" \/>\n<meta name=\"twitter:card\" content=\"summary_large_image\" \/>\n<meta name=\"twitter:label1\" content=\"Est. reading time\" \/>\n\t<meta name=\"twitter:data1\" content=\"1 minute\" \/>\n<script type=\"application\/ld+json\" class=\"yoast-schema-graph\">{\"@context\":\"https:\/\/schema.org\",\"@graph\":[{\"@type\":\"WebPage\",\"@id\":\"https:\/\/www.miomiorun.com\/de\/produkt\/pull-kinsej-damen\/\",\"url\":\"https:\/\/www.miomiorun.com\/de\/produkt\/pull-kinsej-damen\/\",\"name\":\"Crazy Idea Pull Kinsej damen - Lauf langarmshirt- MioMioRun\",\"isPartOf\":{\"@id\":\"https:\/\/www.miomiorun.com\/de\/#website\"},\"primaryImageOfPage\":{\"@id\":\"https:\/\/www.miomiorun.com\/de\/produkt\/pull-kinsej-damen\/#primaryimage\"},\"image\":{\"@id\":\"https:\/\/www.miomiorun.com\/de\/produkt\/pull-kinsej-damen\/#primaryimage\"},\"thumbnailUrl\":\"https:\/\/www.miomiorun.com\/app\/uploads\/2022\/12\/crazy-idea-pull-kinsej-W-tempest-W22025102D-00X142.jpg\",\"datePublished\":\"2022-12-03T17:06:28+00:00\",\"dateModified\":\"2026-05-08T19:38:04+00:00\",\"description\":\"Das Women's Pull Kinsej ist ein Lauf- und Schneeschuhtrikot, das sich ideal f\u00fcr die k\u00e4ltesten Tage des Winters eignet. Hergestellt aus warmem\",\"breadcrumb\":{\"@id\":\"https:\/\/www.miomiorun.com\/de\/produkt\/pull-kinsej-damen\/#breadcrumb\"},\"inLanguage\":\"de-DE\",\"potentialAction\":[{\"@type\":\"ReadAction\",\"target\":[\"https:\/\/www.miomiorun.com\/de\/produkt\/pull-kinsej-damen\/\"]}]},{\"@type\":\"ImageObject\",\"inLanguage\":\"de-DE\",\"@id\":\"https:\/\/www.miomiorun.com\/de\/produkt\/pull-kinsej-damen\/#primaryimage\",\"url\":\"https:\/\/www.miomiorun.com\/app\/uploads\/2022\/12\/crazy-idea-pull-kinsej-W-tempest-W22025102D-00X142.jpg\",\"contentUrl\":\"https:\/\/www.miomiorun.com\/app\/uploads\/2022\/12\/crazy-idea-pull-kinsej-W-tempest-W22025102D-00X142.jpg\",\"width\":600,\"height\":600,\"caption\":\"crazy-idea-pull-kinsej-W-tempest-W22025102D-00X142\"},{\"@type\":\"BreadcrumbList\",\"@id\":\"https:\/\/www.miomiorun.com\/de\/produkt\/pull-kinsej-damen\/#breadcrumb\",\"itemListElement\":[{\"@type\":\"ListItem\",\"position\":1,\"name\":\"Home\",\"item\":\"https:\/\/www.miomiorun.com\/de\/\"},{\"@type\":\"ListItem\",\"position\":2,\"name\":\"Shop\",\"item\":\"https:\/\/www.miomiorun.com\/shop\/\"},{\"@type\":\"ListItem\",\"position\":3,\"name\":\"Pull Kinsej damen\"}]},{\"@type\":\"WebSite\",\"@id\":\"https:\/\/www.miomiorun.com\/de\/#website\",\"url\":\"https:\/\/www.miomiorun.com\/de\/\",\"name\":\"MioMioRun\",\"description\":\"100% Lauf- und Trailshop\",\"publisher\":{\"@id\":\"https:\/\/www.miomiorun.com\/de\/#organization\"},\"potentialAction\":[{\"@type\":\"SearchAction\",\"target\":{\"@type\":\"EntryPoint\",\"urlTemplate\":\"https:\/\/www.miomiorun.com\/de\/?s={search_term_string}\"},\"query-input\":{\"@type\":\"PropertyValueSpecification\",\"valueRequired\":true,\"valueName\":\"search_term_string\"}}],\"inLanguage\":\"de-DE\"},{\"@type\":\"Organization\",\"@id\":\"https:\/\/www.miomiorun.com\/de\/#organization\",\"name\":\"MioMio Run\",\"url\":\"https:\/\/www.miomiorun.com\/de\/\",\"logo\":{\"@type\":\"ImageObject\",\"inLanguage\":\"de-DE\",\"@id\":\"https:\/\/www.miomiorun.com\/de\/#\/schema\/logo\/image\/\",\"url\":\"https:\/\/www.miomiorun.com\/app\/uploads\/2019\/12\/logomio.png\",\"contentUrl\":\"https:\/\/www.miomiorun.com\/app\/uploads\/2019\/12\/logomio.png\",\"width\":115,\"height\":82,\"caption\":\"MioMio Run\"},\"image\":{\"@id\":\"https:\/\/www.miomiorun.com\/de\/#\/schema\/logo\/image\/\"},\"sameAs\":[\"https:\/\/www.facebook.com\/miomiorun\/\",\"https:\/\/www.instagram.com\/miomiorun\/\"]}]}<\/script>\n<!-- \/ Yoast SEO plugin. -->","yoast_head_json":{"title":"Crazy Idea Pull Kinsej damen - Lauf langarmshirt- MioMioRun","description":"Das Women's Pull Kinsej ist ein Lauf- und Schneeschuhtrikot, das sich ideal f\u00fcr die k\u00e4ltesten Tage des Winters eignet. Hergestellt aus warmem","robots":{"index":"index","follow":"follow","max-snippet":"max-snippet:-1","max-image-preview":"max-image-preview:large","max-video-preview":"max-video-preview:-1"},"canonical":"https:\/\/www.miomiorun.com\/de\/produkt\/pull-kinsej-damen\/","og_locale":"de_DE","og_type":"article","og_title":"Crazy Idea Pull Kinsej damen - Lauf langarmshirt- MioMioRun","og_description":"Das Women's Pull Kinsej ist ein Lauf- und Schneeschuhtrikot, das sich ideal f\u00fcr die k\u00e4ltesten Tage des Winters eignet. Hergestellt aus warmem","og_url":"https:\/\/www.miomiorun.com\/de\/produkt\/pull-kinsej-damen\/","og_site_name":"MioMioRun","article_publisher":"https:\/\/www.facebook.com\/miomiorun\/","article_modified_time":"2026-05-08T19:38:04+00:00","og_image":[{"width":600,"height":600,"url":"https:\/\/www.miomiorun.com\/app\/uploads\/2022\/12\/crazy-idea-pull-kinsej-W-tempest-W22025102D-00X142.jpg","type":"image\/jpeg"}],"twitter_card":"summary_large_image","twitter_misc":{"Est. reading time":"1 minute"},"schema":{"@context":"https:\/\/schema.org","@graph":[{"@type":"WebPage","@id":"https:\/\/www.miomiorun.com\/de\/produkt\/pull-kinsej-damen\/","url":"https:\/\/www.miomiorun.com\/de\/produkt\/pull-kinsej-damen\/","name":"Crazy Idea Pull Kinsej damen - Lauf langarmshirt- MioMioRun","isPartOf":{"@id":"https:\/\/www.miomiorun.com\/de\/#website"},"primaryImageOfPage":{"@id":"https:\/\/www.miomiorun.com\/de\/produkt\/pull-kinsej-damen\/#primaryimage"},"image":{"@id":"https:\/\/www.miomiorun.com\/de\/produkt\/pull-kinsej-damen\/#primaryimage"},"thumbnailUrl":"https:\/\/www.miomiorun.com\/app\/uploads\/2022\/12\/crazy-idea-pull-kinsej-W-tempest-W22025102D-00X142.jpg","datePublished":"2022-12-03T17:06:28+00:00","dateModified":"2026-05-08T19:38:04+00:00","description":"Das Women's Pull Kinsej ist ein Lauf- und Schneeschuhtrikot, das sich ideal f\u00fcr die k\u00e4ltesten Tage des Winters eignet. Hergestellt aus warmem","breadcrumb":{"@id":"https:\/\/www.miomiorun.com\/de\/produkt\/pull-kinsej-damen\/#breadcrumb"},"inLanguage":"de-DE","potentialAction":[{"@type":"ReadAction","target":["https:\/\/www.miomiorun.com\/de\/produkt\/pull-kinsej-damen\/"]}]},{"@type":"ImageObject","inLanguage":"de-DE","@id":"https:\/\/www.miomiorun.com\/de\/produkt\/pull-kinsej-damen\/#primaryimage","url":"https:\/\/www.miomiorun.com\/app\/uploads\/2022\/12\/crazy-idea-pull-kinsej-W-tempest-W22025102D-00X142.jpg","contentUrl":"https:\/\/www.miomiorun.com\/app\/uploads\/2022\/12\/crazy-idea-pull-kinsej-W-tempest-W22025102D-00X142.jpg","width":600,"height":600,"caption":"crazy-idea-pull-kinsej-W-tempest-W22025102D-00X142"},{"@type":"BreadcrumbList","@id":"https:\/\/www.miomiorun.com\/de\/produkt\/pull-kinsej-damen\/#breadcrumb","itemListElement":[{"@type":"ListItem","position":1,"name":"Home","item":"https:\/\/www.miomiorun.com\/de\/"},{"@type":"ListItem","position":2,"name":"Shop","item":"https:\/\/www.miomiorun.com\/shop\/"},{"@type":"ListItem","position":3,"name":"Pull Kinsej damen"}]},{"@type":"WebSite","@id":"https:\/\/www.miomiorun.com\/de\/#website","url":"https:\/\/www.miomiorun.com\/de\/","name":"MioMioRun","description":"100% Lauf- und Trailshop","publisher":{"@id":"https:\/\/www.miomiorun.com\/de\/#organization"},"potentialAction":[{"@type":"SearchAction","target":{"@type":"EntryPoint","urlTemplate":"https:\/\/www.miomiorun.com\/de\/?s={search_term_string}"},"query-input":{"@type":"PropertyValueSpecification","valueRequired":true,"valueName":"search_term_string"}}],"inLanguage":"de-DE"},{"@type":"Organization","@id":"https:\/\/www.miomiorun.com\/de\/#organization","name":"MioMio Run","url":"https:\/\/www.miomiorun.com\/de\/","logo":{"@type":"ImageObject","inLanguage":"de-DE","@id":"https:\/\/www.miomiorun.com\/de\/#\/schema\/logo\/image\/","url":"https:\/\/www.miomiorun.com\/app\/uploads\/2019\/12\/logomio.png","contentUrl":"https:\/\/www.miomiorun.com\/app\/uploads\/2019\/12\/logomio.png","width":115,"height":82,"caption":"MioMio Run"},"image":{"@id":"https:\/\/www.miomiorun.com\/de\/#\/schema\/logo\/image\/"},"sameAs":["https:\/\/www.facebook.com\/miomiorun\/","https:\/\/www.instagram.com\/miomiorun\/"]}]}},"_links":{"self":[{"href":"https:\/\/www.miomiorun.com\/de\/wp-json\/wp\/v2\/product\/98847","targetHints":{"allow":["GET"]}}],"collection":[{"href":"https:\/\/www.miomiorun.com\/de\/wp-json\/wp\/v2\/product"}],"about":[{"href":"https:\/\/www.miomiorun.com\/de\/wp-json\/wp\/v2\/types\/product"}],"wp:featuredmedia":[{"embeddable":true,"href":"https:\/\/www.miomiorun.com\/de\/wp-json\/wp\/v2\/media\/100847"}],"wp:attachment":[{"href":"https:\/\/www.miomiorun.com\/de\/wp-json\/wp\/v2\/media?parent=98847"}],"wp:term":[{"taxonomy":"product_brand","embeddable":true,"href":"https:\/\/www.miomiorun.com\/de\/wp-json\/wp\/v2\/product_brand?post=98847"},{"taxonomy":"product_cat","embeddable":true,"href":"https:\/\/www.miomiorun.com\/de\/wp-json\/wp\/v2\/product_cat?post=98847"},{"taxonomy":"product_tag","embeddable":true,"href":"https:\/\/www.miomiorun.com\/de\/wp-json\/wp\/v2\/product_tag?post=98847"}],"curies":[{"name":"wp","href":"https:\/\/api.w.org\/{rel}","templated":true}]}}