{"id":95731,"date":"2022-03-25T19:21:09","date_gmt":"2022-03-25T18:21:09","guid":{"rendered":"https:\/\/miomiorun.com\/prodotto\/craft-adv-essence-5strech-shorts-uomo\/"},"modified":"2026-05-08T21:21:36","modified_gmt":"2026-05-08T19:21:36","slug":"adv-essence-5strech-shorts-herren","status":"publish","type":"product","link":"https:\/\/www.miomiorun.com\/de\/produkt\/adv-essence-5strech-shorts-herren\/","title":{"rendered":"Adv Essence 5&#8243; Strech Shorts herren"},"content":{"rendered":"<p>Die ADV Essence 5&#8243; Men&#8217;s Stretch Shorts sind sofortige Lieblingstrainingsshorts, die eine gro\u00dfartige Passform und ausgezeichnete Funktionalit\u00e4t bieten. Diese fortschrittlichen Trainingsshorts aus hochelastischem, recyceltem Polyester und mit Seitenschlitzen sind das ideale Kleidungsst\u00fcck f\u00fcr intensive k\u00f6rperliche Aktivit\u00e4ten.<\/p>\n<p><strong>Merkmale:<\/strong><\/p>\n<ul>\n<li>Recyceltes Polyester.<\/li>\n<li>Gro\u00dfe Strecke.<\/li>\n<li>Elastischer Innenslip.<\/li>\n<li>Seitliche Schlitze.<\/li>\n<li>Reflektierende Aufdrucke f\u00fcr bessere Sichtbarkeit.<\/li>\n<li>Verstellbarer Kordelzug im Bund.<\/li>\n<li>Versteckte Tasche in der Taille.<\/li>\n<li>Innennaht von ca. 12 cm in Gr\u00f6\u00dfe M.<\/li>\n<\/ul>\n<p><img loading=\"lazy\" decoding=\"async\" class=\"css-1w257c5\" title=\"MoistureTransport\" src=\"https:\/\/www.craftsportswear.com\/static\/media\/moisture_transport.27f437d8.svg?q=70&amp;fit=clip&amp;w=72&amp;fm=jpg&amp;auto=format\" sizes=\"auto, 32px\" alt=\"MoistureTransport\" width=\"88\" height=\"88\" \/><\/p>\n<p><strong>Feuchtigkeitstransport<\/strong><\/p>\n<p><img loading=\"lazy\" decoding=\"async\" class=\"css-1w257c5\" title=\"Stretch\" src=\"https:\/\/www.craftsportswear.com\/static\/media\/soft_touch.2b191977.svg?q=70&amp;fit=clip&amp;w=72&amp;fm=jpg&amp;auto=format\" sizes=\"auto, 32px\" alt=\"Stretch\" width=\"91\" height=\"91\" data-src=\"\/static\/media\/stretch.b10adc40.svg?q=70&amp;fit=clip&amp;w=72&amp;fm=jpg&amp;auto=format\" \/><\/p>\n<p><strong>Elastisch<\/strong><\/p>\n<p><strong>Material:<\/strong> 90% Polyester-recycelt 10% Elastan Futter; 100% Polyester<\/p>\n","protected":false},"excerpt":{"rendered":"<p>Die ADV Essence 5&#8243; Men&#8217;s Stretch Shorts sind sofortige Lieblingstrainingsshorts, die eine gro\u00dfartige Passform und ausgezeichnete Funktionalit\u00e4t bieten. Diese fortschrittlichen Trainingsshorts aus hochelastischem, recyceltem Polyester und mit Seitenschlitzen sind das ideale Kleidungsst\u00fcck f\u00fcr intensive k\u00f6rperliche Aktivit\u00e4ten. Merkmale: Recyceltes Polyester. Gro\u00dfe Strecke. Elastischer Innenslip. Seitliche Schlitze. Reflektierende Aufdrucke f\u00fcr bessere Sichtbarkeit. Verstellbarer Kordelzug im Bund. Versteckte &hellip; <a href=\"https:\/\/www.miomiorun.com\/de\/produkt\/adv-essence-5strech-shorts-herren\/\">Continued<\/a><\/p>\n","protected":false},"featured_media":65143,"template":"","meta":{"_acf_changed":false,"inline_featured_image":false},"product_brand":[],"product_cat":[6540,6510],"product_tag":[6304,6234],"class_list":{"0":"post-95731","1":"product","2":"type-product","3":"status-publish","4":"has-post-thumbnail","6":"product_cat-herrenbekleidung","7":"product_cat-shorts","8":"product_tag-craft-de","9":"product_tag-craft-herren-de","10":"pa_attivita-gehen","11":"pa_attivita-running-de","12":"pa_colore-adv-essence-5-stretch-short-black-de","13":"pa_colore-adv-essence-5-stretch-shorts-blaze-de","14":"pa_marca-craft-de","15":"pa_sesso-herren","16":"pa_size-small-de","17":"pa_size-extra-large-de","18":"pa_size-xxl-de","20":"first","21":"instock","22":"sale","23":"taxable","24":"shipping-taxable","25":"purchasable","26":"product-type-variable","27":"wvs-archive-product-wrapper"},"acf":[],"yoast_head":"<!-- This site is optimized with the Yoast SEO plugin v26.8 - https:\/\/yoast.com\/product\/yoast-seo-wordpress\/ -->\n<title>Craft Adv Essence 5&quot; Strech Shorts herren - Shorts - MioMioRun<\/title>\n<meta name=\"description\" content=\"Die ADV Essence 5&quot; Men&#039;s Stretch Shorts sind sofortige Lieblingstrainingsshorts, die eine gro\u00dfartige Passform und ausgezeichnete Funktionalit\u00e4t bieten.\" \/>\n<meta name=\"robots\" content=\"index, follow, max-snippet:-1, max-image-preview:large, max-video-preview:-1\" \/>\n<link rel=\"canonical\" href=\"https:\/\/www.miomiorun.com\/de\/produkt\/adv-essence-5strech-shorts-herren\/\" \/>\n<meta property=\"og:locale\" content=\"de_DE\" \/>\n<meta property=\"og:type\" content=\"article\" \/>\n<meta property=\"og:title\" content=\"Craft Adv Essence 5&quot; Strech Shorts herren - Shorts - MioMioRun\" \/>\n<meta property=\"og:description\" content=\"Die ADV Essence 5&quot; Men&#039;s Stretch Shorts sind sofortige Lieblingstrainingsshorts, die eine gro\u00dfartige Passform und ausgezeichnete Funktionalit\u00e4t bieten.\" \/>\n<meta property=\"og:url\" content=\"https:\/\/www.miomiorun.com\/de\/produkt\/adv-essence-5strech-shorts-herren\/\" \/>\n<meta property=\"og:site_name\" content=\"MioMioRun\" \/>\n<meta property=\"article:publisher\" content=\"https:\/\/www.facebook.com\/miomiorun\/\" \/>\n<meta property=\"article:modified_time\" content=\"2026-05-08T19:21:36+00:00\" \/>\n<meta property=\"og:image\" content=\"https:\/\/www.miomiorun.com\/app\/uploads\/2022\/03\/craft-adv-essence-5-stretch-short-black-1908763-999000.jpg\" \/>\n\t<meta property=\"og:image:width\" content=\"600\" \/>\n\t<meta property=\"og:image:height\" content=\"600\" \/>\n\t<meta property=\"og:image:type\" content=\"image\/jpeg\" \/>\n<meta name=\"twitter:card\" content=\"summary_large_image\" \/>\n<meta name=\"twitter:label1\" content=\"Est. reading time\" \/>\n\t<meta name=\"twitter:data1\" content=\"1 minute\" \/>\n<script type=\"application\/ld+json\" class=\"yoast-schema-graph\">{\"@context\":\"https:\/\/schema.org\",\"@graph\":[{\"@type\":\"WebPage\",\"@id\":\"https:\/\/www.miomiorun.com\/de\/produkt\/adv-essence-5strech-shorts-herren\/\",\"url\":\"https:\/\/www.miomiorun.com\/de\/produkt\/adv-essence-5strech-shorts-herren\/\",\"name\":\"Craft Adv Essence 5\\\" Strech Shorts herren - Shorts - MioMioRun\",\"isPartOf\":{\"@id\":\"https:\/\/www.miomiorun.com\/de\/#website\"},\"primaryImageOfPage\":{\"@id\":\"https:\/\/www.miomiorun.com\/de\/produkt\/adv-essence-5strech-shorts-herren\/#primaryimage\"},\"image\":{\"@id\":\"https:\/\/www.miomiorun.com\/de\/produkt\/adv-essence-5strech-shorts-herren\/#primaryimage\"},\"thumbnailUrl\":\"https:\/\/www.miomiorun.com\/app\/uploads\/2022\/03\/craft-adv-essence-5-stretch-short-black-1908763-999000.jpg\",\"datePublished\":\"2022-03-25T18:21:09+00:00\",\"dateModified\":\"2026-05-08T19:21:36+00:00\",\"description\":\"Die ADV Essence 5\\\" Men's Stretch Shorts sind sofortige Lieblingstrainingsshorts, die eine gro\u00dfartige Passform und ausgezeichnete Funktionalit\u00e4t bieten.\",\"breadcrumb\":{\"@id\":\"https:\/\/www.miomiorun.com\/de\/produkt\/adv-essence-5strech-shorts-herren\/#breadcrumb\"},\"inLanguage\":\"de-DE\",\"potentialAction\":[{\"@type\":\"ReadAction\",\"target\":[\"https:\/\/www.miomiorun.com\/de\/produkt\/adv-essence-5strech-shorts-herren\/\"]}]},{\"@type\":\"ImageObject\",\"inLanguage\":\"de-DE\",\"@id\":\"https:\/\/www.miomiorun.com\/de\/produkt\/adv-essence-5strech-shorts-herren\/#primaryimage\",\"url\":\"https:\/\/www.miomiorun.com\/app\/uploads\/2022\/03\/craft-adv-essence-5-stretch-short-black-1908763-999000.jpg\",\"contentUrl\":\"https:\/\/www.miomiorun.com\/app\/uploads\/2022\/03\/craft-adv-essence-5-stretch-short-black-1908763-999000.jpg\",\"width\":600,\"height\":600,\"caption\":\"craft-adv-essence-5-stretch-short-black-1908763-999000\"},{\"@type\":\"BreadcrumbList\",\"@id\":\"https:\/\/www.miomiorun.com\/de\/produkt\/adv-essence-5strech-shorts-herren\/#breadcrumb\",\"itemListElement\":[{\"@type\":\"ListItem\",\"position\":1,\"name\":\"Home\",\"item\":\"https:\/\/www.miomiorun.com\/de\/\"},{\"@type\":\"ListItem\",\"position\":2,\"name\":\"Shop\",\"item\":\"https:\/\/www.miomiorun.com\/shop\/\"},{\"@type\":\"ListItem\",\"position\":3,\"name\":\"Adv Essence 5&#8243; Strech Shorts herren\"}]},{\"@type\":\"WebSite\",\"@id\":\"https:\/\/www.miomiorun.com\/de\/#website\",\"url\":\"https:\/\/www.miomiorun.com\/de\/\",\"name\":\"MioMioRun\",\"description\":\"100% Lauf- und Trailshop\",\"publisher\":{\"@id\":\"https:\/\/www.miomiorun.com\/de\/#organization\"},\"potentialAction\":[{\"@type\":\"SearchAction\",\"target\":{\"@type\":\"EntryPoint\",\"urlTemplate\":\"https:\/\/www.miomiorun.com\/de\/?s={search_term_string}\"},\"query-input\":{\"@type\":\"PropertyValueSpecification\",\"valueRequired\":true,\"valueName\":\"search_term_string\"}}],\"inLanguage\":\"de-DE\"},{\"@type\":\"Organization\",\"@id\":\"https:\/\/www.miomiorun.com\/de\/#organization\",\"name\":\"MioMio Run\",\"url\":\"https:\/\/www.miomiorun.com\/de\/\",\"logo\":{\"@type\":\"ImageObject\",\"inLanguage\":\"de-DE\",\"@id\":\"https:\/\/www.miomiorun.com\/de\/#\/schema\/logo\/image\/\",\"url\":\"https:\/\/www.miomiorun.com\/app\/uploads\/2019\/12\/logomio.png\",\"contentUrl\":\"https:\/\/www.miomiorun.com\/app\/uploads\/2019\/12\/logomio.png\",\"width\":115,\"height\":82,\"caption\":\"MioMio Run\"},\"image\":{\"@id\":\"https:\/\/www.miomiorun.com\/de\/#\/schema\/logo\/image\/\"},\"sameAs\":[\"https:\/\/www.facebook.com\/miomiorun\/\",\"https:\/\/www.instagram.com\/miomiorun\/\"]}]}<\/script>\n<!-- \/ Yoast SEO plugin. -->","yoast_head_json":{"title":"Craft Adv Essence 5\" Strech Shorts herren - Shorts - MioMioRun","description":"Die ADV Essence 5\" Men's Stretch Shorts sind sofortige Lieblingstrainingsshorts, die eine gro\u00dfartige Passform und ausgezeichnete Funktionalit\u00e4t bieten.","robots":{"index":"index","follow":"follow","max-snippet":"max-snippet:-1","max-image-preview":"max-image-preview:large","max-video-preview":"max-video-preview:-1"},"canonical":"https:\/\/www.miomiorun.com\/de\/produkt\/adv-essence-5strech-shorts-herren\/","og_locale":"de_DE","og_type":"article","og_title":"Craft Adv Essence 5\" Strech Shorts herren - Shorts - MioMioRun","og_description":"Die ADV Essence 5\" Men's Stretch Shorts sind sofortige Lieblingstrainingsshorts, die eine gro\u00dfartige Passform und ausgezeichnete Funktionalit\u00e4t bieten.","og_url":"https:\/\/www.miomiorun.com\/de\/produkt\/adv-essence-5strech-shorts-herren\/","og_site_name":"MioMioRun","article_publisher":"https:\/\/www.facebook.com\/miomiorun\/","article_modified_time":"2026-05-08T19:21:36+00:00","og_image":[{"width":600,"height":600,"url":"https:\/\/www.miomiorun.com\/app\/uploads\/2022\/03\/craft-adv-essence-5-stretch-short-black-1908763-999000.jpg","type":"image\/jpeg"}],"twitter_card":"summary_large_image","twitter_misc":{"Est. reading time":"1 minute"},"schema":{"@context":"https:\/\/schema.org","@graph":[{"@type":"WebPage","@id":"https:\/\/www.miomiorun.com\/de\/produkt\/adv-essence-5strech-shorts-herren\/","url":"https:\/\/www.miomiorun.com\/de\/produkt\/adv-essence-5strech-shorts-herren\/","name":"Craft Adv Essence 5\" Strech Shorts herren - Shorts - MioMioRun","isPartOf":{"@id":"https:\/\/www.miomiorun.com\/de\/#website"},"primaryImageOfPage":{"@id":"https:\/\/www.miomiorun.com\/de\/produkt\/adv-essence-5strech-shorts-herren\/#primaryimage"},"image":{"@id":"https:\/\/www.miomiorun.com\/de\/produkt\/adv-essence-5strech-shorts-herren\/#primaryimage"},"thumbnailUrl":"https:\/\/www.miomiorun.com\/app\/uploads\/2022\/03\/craft-adv-essence-5-stretch-short-black-1908763-999000.jpg","datePublished":"2022-03-25T18:21:09+00:00","dateModified":"2026-05-08T19:21:36+00:00","description":"Die ADV Essence 5\" Men's Stretch Shorts sind sofortige Lieblingstrainingsshorts, die eine gro\u00dfartige Passform und ausgezeichnete Funktionalit\u00e4t bieten.","breadcrumb":{"@id":"https:\/\/www.miomiorun.com\/de\/produkt\/adv-essence-5strech-shorts-herren\/#breadcrumb"},"inLanguage":"de-DE","potentialAction":[{"@type":"ReadAction","target":["https:\/\/www.miomiorun.com\/de\/produkt\/adv-essence-5strech-shorts-herren\/"]}]},{"@type":"ImageObject","inLanguage":"de-DE","@id":"https:\/\/www.miomiorun.com\/de\/produkt\/adv-essence-5strech-shorts-herren\/#primaryimage","url":"https:\/\/www.miomiorun.com\/app\/uploads\/2022\/03\/craft-adv-essence-5-stretch-short-black-1908763-999000.jpg","contentUrl":"https:\/\/www.miomiorun.com\/app\/uploads\/2022\/03\/craft-adv-essence-5-stretch-short-black-1908763-999000.jpg","width":600,"height":600,"caption":"craft-adv-essence-5-stretch-short-black-1908763-999000"},{"@type":"BreadcrumbList","@id":"https:\/\/www.miomiorun.com\/de\/produkt\/adv-essence-5strech-shorts-herren\/#breadcrumb","itemListElement":[{"@type":"ListItem","position":1,"name":"Home","item":"https:\/\/www.miomiorun.com\/de\/"},{"@type":"ListItem","position":2,"name":"Shop","item":"https:\/\/www.miomiorun.com\/shop\/"},{"@type":"ListItem","position":3,"name":"Adv Essence 5&#8243; Strech Shorts herren"}]},{"@type":"WebSite","@id":"https:\/\/www.miomiorun.com\/de\/#website","url":"https:\/\/www.miomiorun.com\/de\/","name":"MioMioRun","description":"100% Lauf- und Trailshop","publisher":{"@id":"https:\/\/www.miomiorun.com\/de\/#organization"},"potentialAction":[{"@type":"SearchAction","target":{"@type":"EntryPoint","urlTemplate":"https:\/\/www.miomiorun.com\/de\/?s={search_term_string}"},"query-input":{"@type":"PropertyValueSpecification","valueRequired":true,"valueName":"search_term_string"}}],"inLanguage":"de-DE"},{"@type":"Organization","@id":"https:\/\/www.miomiorun.com\/de\/#organization","name":"MioMio Run","url":"https:\/\/www.miomiorun.com\/de\/","logo":{"@type":"ImageObject","inLanguage":"de-DE","@id":"https:\/\/www.miomiorun.com\/de\/#\/schema\/logo\/image\/","url":"https:\/\/www.miomiorun.com\/app\/uploads\/2019\/12\/logomio.png","contentUrl":"https:\/\/www.miomiorun.com\/app\/uploads\/2019\/12\/logomio.png","width":115,"height":82,"caption":"MioMio Run"},"image":{"@id":"https:\/\/www.miomiorun.com\/de\/#\/schema\/logo\/image\/"},"sameAs":["https:\/\/www.facebook.com\/miomiorun\/","https:\/\/www.instagram.com\/miomiorun\/"]}]}},"_links":{"self":[{"href":"https:\/\/www.miomiorun.com\/de\/wp-json\/wp\/v2\/product\/95731","targetHints":{"allow":["GET"]}}],"collection":[{"href":"https:\/\/www.miomiorun.com\/de\/wp-json\/wp\/v2\/product"}],"about":[{"href":"https:\/\/www.miomiorun.com\/de\/wp-json\/wp\/v2\/types\/product"}],"wp:featuredmedia":[{"embeddable":true,"href":"https:\/\/www.miomiorun.com\/de\/wp-json\/wp\/v2\/media\/65143"}],"wp:attachment":[{"href":"https:\/\/www.miomiorun.com\/de\/wp-json\/wp\/v2\/media?parent=95731"}],"wp:term":[{"taxonomy":"product_brand","embeddable":true,"href":"https:\/\/www.miomiorun.com\/de\/wp-json\/wp\/v2\/product_brand?post=95731"},{"taxonomy":"product_cat","embeddable":true,"href":"https:\/\/www.miomiorun.com\/de\/wp-json\/wp\/v2\/product_cat?post=95731"},{"taxonomy":"product_tag","embeddable":true,"href":"https:\/\/www.miomiorun.com\/de\/wp-json\/wp\/v2\/product_tag?post=95731"}],"curies":[{"name":"wp","href":"https:\/\/api.w.org\/{rel}","templated":true}]}}