{"id":95679,"date":"2022-04-06T10:46:52","date_gmt":"2022-04-06T08:46:52","guid":{"rendered":"https:\/\/miomiorun.com\/prodotto\/cep-mid-cut-socks-4-0-uomo\/"},"modified":"2025-07-05T13:16:43","modified_gmt":"2025-07-05T11:16:43","slug":"mid-cut-socks-4-0-herren","status":"publish","type":"product","link":"https:\/\/www.miomiorun.com\/de\/produkt\/mid-cut-socks-4-0-herren\/","title":{"rendered":"Mid Cut  Socks 4.0 herren"},"content":{"rendered":"<div class=\"tab-left\">\n<div class=\"tab-description\">\n<p>Mittellang, volle Kontrolle: Mit den The Run Compression <strong>Mid Cut Socks 4.0<\/strong> f\u00fcr M\u00e4nner profitieren Sie von den Vorteilen der perfekten Laufsocken f\u00fcr Ihre L\u00e4ufe auf dem Trail, im Sand oder auf anderem unebenen Terrain. Die mittellangen Laufsocken sind jetzt vier Zentimeter l\u00e4nger als die bisherigen Short Socks. Der Unterschied ist sp\u00fcrbar, wenn Sie auf unbefestigten Wegen laufen: Ihr Schritt wird dank der mittleren Kompression, die den Bewegungsapparat Ihres Kn\u00f6chels umgibt, stabiler und besser unterst\u00fctzt. Dar\u00fcber hinaus profitieren Sie von weiteren durchdachten Vorteilen, wie z.B. Bel\u00fcftungszonen f\u00fcr ein optimales Klimamanagement im Schuh.<\/p>\n<p><strong>Mehr Stabilit\u00e4t und weniger Verletzungen<\/strong><\/p>\n<p>Die stimulierenden Herren-Laufsocken halten, was sie versprechen: Die integrierte mittlere Kompression erzeugt einen angenehmen Druck, der Ihre Gelenke stabilisiert und st\u00e4rkt. Au\u00dferdem wird die Wahrnehmung von Muskeln und Gelenken verbessert, was zu einem sichereren Gang f\u00fchrt.<\/p>\n<p><strong>Optimales Fu\u00dfklima im Schuh<\/strong><\/p>\n<p>Die Run Compression Mid Cut Socks f\u00fcr Herren verf\u00fcgen \u00fcber verschiedene Bel\u00fcftungsfunktionen, die dank der Luftkan\u00e4le am Fu\u00df und der bel\u00fcfteten Zonen \u00fcber dem Kn\u00f6chel f\u00fcr ein gutes Fu\u00dfklima sorgen. Die Struktur des maschenartigen Materials sorgt f\u00fcr eine gute Bel\u00fcftung im Inneren Ihrer Laufschuhe.<\/p>\n<p><strong>Ausgezeichneter Komfort ohne Blasenbildung<\/strong><\/p>\n<p>Auf Wiedersehen, Blasen. Die mittellangen Herren-Laufsocken sitzen wie eine zweite Haut und sind dank der anatomischen Passform faltenfrei. Egal wie uneben das Gel\u00e4nde ist: Die optimal platzierte Polsterung d\u00e4mpft Ihre Schritte und schont Ihre Gelenke.<\/p>\n<h3>Merkmale:<\/h3>\n<ul>\n<li>Die mittellangen Laufsocken stimulieren Ihre Gelenke nachhaltig, stabilisieren Ihren Schritt und beugen Verletzungen vor.<\/li>\n<li>Die mittlere Kompression, die faltenfrei sitzt, und der innovative Materialmix verhindern Blasenbildung.<\/li>\n<li>Atmungsaktive Polsterungen am Fu\u00df sorgen f\u00fcr eine zuverl\u00e4ssige D\u00e4mpfung und ein angenehmes Klima und schonen so Ihre Gelenke.<\/li>\n<\/ul>\n<p><strong>Material:<\/strong> 86 % Polyamid, 14 % Elasthan.<\/p>\n<\/div>\n<\/div>\n<div class=\"tab-quality-label product-attribute-icon-wrapper clearfix\"><\/div>\n","protected":false},"excerpt":{"rendered":"<p>Mittellang, volle Kontrolle: Mit den The Run Compression Mid Cut Socks 4.0 f\u00fcr M\u00e4nner profitieren Sie von den Vorteilen der perfekten Laufsocken f\u00fcr Ihre L\u00e4ufe auf dem Trail, im Sand oder auf anderem unebenen Terrain. Die mittellangen Laufsocken sind jetzt vier Zentimeter l\u00e4nger als die bisherigen Short Socks. Der Unterschied ist sp\u00fcrbar, wenn Sie auf &hellip; <a href=\"https:\/\/www.miomiorun.com\/de\/produkt\/mid-cut-socks-4-0-herren\/\">Continued<\/a><\/p>\n","protected":false},"featured_media":58520,"template":"","meta":{"_acf_changed":false,"inline_featured_image":false},"product_brand":[],"product_cat":[6515,6540,6514],"product_tag":[3408,6212],"class_list":{"0":"post-95679","1":"product","2":"type-product","3":"status-publish","4":"has-post-thumbnail","6":"product_cat-herren-de","7":"product_cat-herrenbekleidung","8":"product_cat-socken","9":"product_tag-cep-de","10":"product_tag-cep-herren-de","11":"pa_attivita-gehen","12":"pa_attivita-running-de","13":"pa_colore-mid-cut-socks-v4-pink-de","14":"pa_marca-cep-de","15":"pa_sesso-herren","16":"pa_size-39-42-de","18":"first","19":"instock","20":"sale","21":"taxable","22":"shipping-taxable","23":"purchasable","24":"product-type-variable","25":"wvs-archive-product-wrapper"},"acf":[],"yoast_head":"<!-- This site is optimized with the Yoast SEO plugin v26.8 - https:\/\/yoast.com\/product\/yoast-seo-wordpress\/ -->\n<title>Cep Mid Cut Socks 4.0 herren - Laufsocken - MioMioRun.com<\/title>\n<meta name=\"description\" content=\"Mittellang, volle Kontrolle: Mit den The Run Compression Mid Cut Socks 4.0 f\u00fcr M\u00e4nner profitieren Sie von den Vorteilen der perfekten\" \/>\n<meta name=\"robots\" content=\"index, follow, max-snippet:-1, max-image-preview:large, max-video-preview:-1\" \/>\n<link rel=\"canonical\" href=\"https:\/\/www.miomiorun.com\/de\/produkt\/mid-cut-socks-4-0-herren\/\" \/>\n<meta property=\"og:locale\" content=\"de_DE\" \/>\n<meta property=\"og:type\" content=\"article\" \/>\n<meta property=\"og:title\" content=\"Cep Mid Cut Socks 4.0 herren - Laufsocken - MioMioRun.com\" \/>\n<meta property=\"og:description\" content=\"Mittellang, volle Kontrolle: Mit den The Run Compression Mid Cut Socks 4.0 f\u00fcr M\u00e4nner profitieren Sie von den Vorteilen der perfekten\" \/>\n<meta property=\"og:url\" content=\"https:\/\/www.miomiorun.com\/de\/produkt\/mid-cut-socks-4-0-herren\/\" \/>\n<meta property=\"og:site_name\" content=\"MioMioRun\" \/>\n<meta property=\"article:publisher\" content=\"https:\/\/www.facebook.com\/miomiorun\/\" \/>\n<meta property=\"article:modified_time\" content=\"2025-07-05T11:16:43+00:00\" \/>\n<meta property=\"og:image\" content=\"https:\/\/www.miomiorun.com\/app\/uploads\/2021\/10\/cep-Animal-mid-cut-WP3CBD.jpg\" \/>\n\t<meta property=\"og:image:width\" content=\"600\" \/>\n\t<meta property=\"og:image:height\" content=\"600\" \/>\n\t<meta property=\"og:image:type\" content=\"image\/jpeg\" \/>\n<meta name=\"twitter:card\" content=\"summary_large_image\" \/>\n<meta name=\"twitter:label1\" content=\"Est. reading time\" \/>\n\t<meta name=\"twitter:data1\" content=\"2 minutes\" \/>\n<script type=\"application\/ld+json\" class=\"yoast-schema-graph\">{\"@context\":\"https:\/\/schema.org\",\"@graph\":[{\"@type\":\"WebPage\",\"@id\":\"https:\/\/www.miomiorun.com\/de\/produkt\/mid-cut-socks-4-0-herren\/\",\"url\":\"https:\/\/www.miomiorun.com\/de\/produkt\/mid-cut-socks-4-0-herren\/\",\"name\":\"Cep Mid Cut Socks 4.0 herren - Laufsocken - MioMioRun.com\",\"isPartOf\":{\"@id\":\"https:\/\/www.miomiorun.com\/de\/#website\"},\"primaryImageOfPage\":{\"@id\":\"https:\/\/www.miomiorun.com\/de\/produkt\/mid-cut-socks-4-0-herren\/#primaryimage\"},\"image\":{\"@id\":\"https:\/\/www.miomiorun.com\/de\/produkt\/mid-cut-socks-4-0-herren\/#primaryimage\"},\"thumbnailUrl\":\"https:\/\/www.miomiorun.com\/app\/uploads\/2021\/10\/cep-Animal-mid-cut-WP3CBD.jpg\",\"datePublished\":\"2022-04-06T08:46:52+00:00\",\"dateModified\":\"2025-07-05T11:16:43+00:00\",\"description\":\"Mittellang, volle Kontrolle: Mit den The Run Compression Mid Cut Socks 4.0 f\u00fcr M\u00e4nner profitieren Sie von den Vorteilen der perfekten\",\"breadcrumb\":{\"@id\":\"https:\/\/www.miomiorun.com\/de\/produkt\/mid-cut-socks-4-0-herren\/#breadcrumb\"},\"inLanguage\":\"de-DE\",\"potentialAction\":[{\"@type\":\"ReadAction\",\"target\":[\"https:\/\/www.miomiorun.com\/de\/produkt\/mid-cut-socks-4-0-herren\/\"]}]},{\"@type\":\"ImageObject\",\"inLanguage\":\"de-DE\",\"@id\":\"https:\/\/www.miomiorun.com\/de\/produkt\/mid-cut-socks-4-0-herren\/#primaryimage\",\"url\":\"https:\/\/www.miomiorun.com\/app\/uploads\/2021\/10\/cep-Animal-mid-cut-WP3CBD.jpg\",\"contentUrl\":\"https:\/\/www.miomiorun.com\/app\/uploads\/2021\/10\/cep-Animal-mid-cut-WP3CBD.jpg\",\"width\":600,\"height\":600,\"caption\":\"cep-Animal-mid-cut-WP3CBD\"},{\"@type\":\"BreadcrumbList\",\"@id\":\"https:\/\/www.miomiorun.com\/de\/produkt\/mid-cut-socks-4-0-herren\/#breadcrumb\",\"itemListElement\":[{\"@type\":\"ListItem\",\"position\":1,\"name\":\"Home\",\"item\":\"https:\/\/www.miomiorun.com\/de\/\"},{\"@type\":\"ListItem\",\"position\":2,\"name\":\"Shop\",\"item\":\"https:\/\/www.miomiorun.com\/shop\/\"},{\"@type\":\"ListItem\",\"position\":3,\"name\":\"Mid Cut Socks 4.0 herren\"}]},{\"@type\":\"WebSite\",\"@id\":\"https:\/\/www.miomiorun.com\/de\/#website\",\"url\":\"https:\/\/www.miomiorun.com\/de\/\",\"name\":\"MioMioRun\",\"description\":\"100% Lauf- und Trailshop\",\"publisher\":{\"@id\":\"https:\/\/www.miomiorun.com\/de\/#organization\"},\"potentialAction\":[{\"@type\":\"SearchAction\",\"target\":{\"@type\":\"EntryPoint\",\"urlTemplate\":\"https:\/\/www.miomiorun.com\/de\/?s={search_term_string}\"},\"query-input\":{\"@type\":\"PropertyValueSpecification\",\"valueRequired\":true,\"valueName\":\"search_term_string\"}}],\"inLanguage\":\"de-DE\"},{\"@type\":\"Organization\",\"@id\":\"https:\/\/www.miomiorun.com\/de\/#organization\",\"name\":\"MioMio Run\",\"url\":\"https:\/\/www.miomiorun.com\/de\/\",\"logo\":{\"@type\":\"ImageObject\",\"inLanguage\":\"de-DE\",\"@id\":\"https:\/\/www.miomiorun.com\/de\/#\/schema\/logo\/image\/\",\"url\":\"https:\/\/www.miomiorun.com\/app\/uploads\/2019\/12\/logomio.png\",\"contentUrl\":\"https:\/\/www.miomiorun.com\/app\/uploads\/2019\/12\/logomio.png\",\"width\":115,\"height\":82,\"caption\":\"MioMio Run\"},\"image\":{\"@id\":\"https:\/\/www.miomiorun.com\/de\/#\/schema\/logo\/image\/\"},\"sameAs\":[\"https:\/\/www.facebook.com\/miomiorun\/\",\"https:\/\/www.instagram.com\/miomiorun\/\"]}]}<\/script>\n<!-- \/ Yoast SEO plugin. -->","yoast_head_json":{"title":"Cep Mid Cut Socks 4.0 herren - Laufsocken - MioMioRun.com","description":"Mittellang, volle Kontrolle: Mit den The Run Compression Mid Cut Socks 4.0 f\u00fcr M\u00e4nner profitieren Sie von den Vorteilen der perfekten","robots":{"index":"index","follow":"follow","max-snippet":"max-snippet:-1","max-image-preview":"max-image-preview:large","max-video-preview":"max-video-preview:-1"},"canonical":"https:\/\/www.miomiorun.com\/de\/produkt\/mid-cut-socks-4-0-herren\/","og_locale":"de_DE","og_type":"article","og_title":"Cep Mid Cut Socks 4.0 herren - Laufsocken - MioMioRun.com","og_description":"Mittellang, volle Kontrolle: Mit den The Run Compression Mid Cut Socks 4.0 f\u00fcr M\u00e4nner profitieren Sie von den Vorteilen der perfekten","og_url":"https:\/\/www.miomiorun.com\/de\/produkt\/mid-cut-socks-4-0-herren\/","og_site_name":"MioMioRun","article_publisher":"https:\/\/www.facebook.com\/miomiorun\/","article_modified_time":"2025-07-05T11:16:43+00:00","og_image":[{"width":600,"height":600,"url":"https:\/\/www.miomiorun.com\/app\/uploads\/2021\/10\/cep-Animal-mid-cut-WP3CBD.jpg","type":"image\/jpeg"}],"twitter_card":"summary_large_image","twitter_misc":{"Est. reading time":"2 minutes"},"schema":{"@context":"https:\/\/schema.org","@graph":[{"@type":"WebPage","@id":"https:\/\/www.miomiorun.com\/de\/produkt\/mid-cut-socks-4-0-herren\/","url":"https:\/\/www.miomiorun.com\/de\/produkt\/mid-cut-socks-4-0-herren\/","name":"Cep Mid Cut Socks 4.0 herren - Laufsocken - MioMioRun.com","isPartOf":{"@id":"https:\/\/www.miomiorun.com\/de\/#website"},"primaryImageOfPage":{"@id":"https:\/\/www.miomiorun.com\/de\/produkt\/mid-cut-socks-4-0-herren\/#primaryimage"},"image":{"@id":"https:\/\/www.miomiorun.com\/de\/produkt\/mid-cut-socks-4-0-herren\/#primaryimage"},"thumbnailUrl":"https:\/\/www.miomiorun.com\/app\/uploads\/2021\/10\/cep-Animal-mid-cut-WP3CBD.jpg","datePublished":"2022-04-06T08:46:52+00:00","dateModified":"2025-07-05T11:16:43+00:00","description":"Mittellang, volle Kontrolle: Mit den The Run Compression Mid Cut Socks 4.0 f\u00fcr M\u00e4nner profitieren Sie von den Vorteilen der perfekten","breadcrumb":{"@id":"https:\/\/www.miomiorun.com\/de\/produkt\/mid-cut-socks-4-0-herren\/#breadcrumb"},"inLanguage":"de-DE","potentialAction":[{"@type":"ReadAction","target":["https:\/\/www.miomiorun.com\/de\/produkt\/mid-cut-socks-4-0-herren\/"]}]},{"@type":"ImageObject","inLanguage":"de-DE","@id":"https:\/\/www.miomiorun.com\/de\/produkt\/mid-cut-socks-4-0-herren\/#primaryimage","url":"https:\/\/www.miomiorun.com\/app\/uploads\/2021\/10\/cep-Animal-mid-cut-WP3CBD.jpg","contentUrl":"https:\/\/www.miomiorun.com\/app\/uploads\/2021\/10\/cep-Animal-mid-cut-WP3CBD.jpg","width":600,"height":600,"caption":"cep-Animal-mid-cut-WP3CBD"},{"@type":"BreadcrumbList","@id":"https:\/\/www.miomiorun.com\/de\/produkt\/mid-cut-socks-4-0-herren\/#breadcrumb","itemListElement":[{"@type":"ListItem","position":1,"name":"Home","item":"https:\/\/www.miomiorun.com\/de\/"},{"@type":"ListItem","position":2,"name":"Shop","item":"https:\/\/www.miomiorun.com\/shop\/"},{"@type":"ListItem","position":3,"name":"Mid Cut Socks 4.0 herren"}]},{"@type":"WebSite","@id":"https:\/\/www.miomiorun.com\/de\/#website","url":"https:\/\/www.miomiorun.com\/de\/","name":"MioMioRun","description":"100% Lauf- und Trailshop","publisher":{"@id":"https:\/\/www.miomiorun.com\/de\/#organization"},"potentialAction":[{"@type":"SearchAction","target":{"@type":"EntryPoint","urlTemplate":"https:\/\/www.miomiorun.com\/de\/?s={search_term_string}"},"query-input":{"@type":"PropertyValueSpecification","valueRequired":true,"valueName":"search_term_string"}}],"inLanguage":"de-DE"},{"@type":"Organization","@id":"https:\/\/www.miomiorun.com\/de\/#organization","name":"MioMio Run","url":"https:\/\/www.miomiorun.com\/de\/","logo":{"@type":"ImageObject","inLanguage":"de-DE","@id":"https:\/\/www.miomiorun.com\/de\/#\/schema\/logo\/image\/","url":"https:\/\/www.miomiorun.com\/app\/uploads\/2019\/12\/logomio.png","contentUrl":"https:\/\/www.miomiorun.com\/app\/uploads\/2019\/12\/logomio.png","width":115,"height":82,"caption":"MioMio Run"},"image":{"@id":"https:\/\/www.miomiorun.com\/de\/#\/schema\/logo\/image\/"},"sameAs":["https:\/\/www.facebook.com\/miomiorun\/","https:\/\/www.instagram.com\/miomiorun\/"]}]}},"_links":{"self":[{"href":"https:\/\/www.miomiorun.com\/de\/wp-json\/wp\/v2\/product\/95679","targetHints":{"allow":["GET"]}}],"collection":[{"href":"https:\/\/www.miomiorun.com\/de\/wp-json\/wp\/v2\/product"}],"about":[{"href":"https:\/\/www.miomiorun.com\/de\/wp-json\/wp\/v2\/types\/product"}],"wp:featuredmedia":[{"embeddable":true,"href":"https:\/\/www.miomiorun.com\/de\/wp-json\/wp\/v2\/media\/58520"}],"wp:attachment":[{"href":"https:\/\/www.miomiorun.com\/de\/wp-json\/wp\/v2\/media?parent=95679"}],"wp:term":[{"taxonomy":"product_brand","embeddable":true,"href":"https:\/\/www.miomiorun.com\/de\/wp-json\/wp\/v2\/product_brand?post=95679"},{"taxonomy":"product_cat","embeddable":true,"href":"https:\/\/www.miomiorun.com\/de\/wp-json\/wp\/v2\/product_cat?post=95679"},{"taxonomy":"product_tag","embeddable":true,"href":"https:\/\/www.miomiorun.com\/de\/wp-json\/wp\/v2\/product_tag?post=95679"}],"curies":[{"name":"wp","href":"https:\/\/api.w.org\/{rel}","templated":true}]}}