{"id":95675,"date":"2022-04-06T11:22:45","date_gmt":"2022-04-06T09:22:45","guid":{"rendered":"https:\/\/miomiorun.com\/prodotto\/cep-calf-sleeves-4-0-uomo\/"},"modified":"2025-09-01T19:09:53","modified_gmt":"2025-09-01T17:09:53","slug":"calf-sleeves-4-0-herren","status":"publish","type":"product","link":"https:\/\/www.miomiorun.com\/de\/produkt\/calf-sleeves-4-0-herren\/","title":{"rendered":"Calf Sleeves 4.0 herren"},"content":{"rendered":"<p>Leichtigkeit durch Muskelstimulation: Das ausgekl\u00fcgelte Druckprofil der <strong>The Run Compression Calf Sleeves<\/strong> f\u00fcr M\u00e4nner ist Ihre Geheimwaffe f\u00fcr eine stabile Wadenmuskulatur bei Ihren L\u00e4ufen. Ihre Beine erhalten einen Energieschub und die optimierte N\u00e4hrstoffversorgung sorgt f\u00fcr ein leichteres Gef\u00fchl. Unabh\u00e4ngig von der Art und dem Niveau Ihres Trainings: Mit The Run Compression Calf Sleeves f\u00fcr Waden von CEP Activating Sportswear erhalten Sie den gew\u00fcnschten Komfort und die Unterst\u00fctzung, die Sie verdienen.<\/p>\n<p><strong>Gezielte Impulse f\u00fcr Ihre Waden mit mittlerer Kompression<\/strong><\/p>\n<p>Die tiefe Stimulation der Wadenmuskulatur der The Run Compression Calf Sleeves f\u00fcr M\u00e4nner basiert auf der innovativen mittleren Kompression, die ihren Ursprung in Deutschland hat. Letzteres basiert auf einem Kompressionsgarn, das einen optimalen Druck erzeugt.<\/p>\n<p><strong>Weniger Muskelvibrationen und mehr N\u00e4hrstoffe f\u00fcr mehr Energie<\/strong><\/p>\n<p>Gezielter Druck stabilisiert die Wadenmuskulatur und reduziert gleichzeitig anstrengende Muskelvibrationen. Dank des Energieschubs sind Ihre Beine bereit f\u00fcr Ihre neuen Rekorde. Eine optimierte Blutzirkulation verbessert die Versorgung der Beine mit N\u00e4hrstoffen. Das Ergebnis sind sp\u00fcrbar leichtere und gut gen\u00e4hrte Beine. Der Feel-Good-Effekt steigert also die Ausdauer.<\/p>\n<p><strong>Der neue Standard f\u00fcr maximalen Komfort<\/strong><\/p>\n<p>Die Men&#8217;s Run Compression Calf Sleeves sind so angenehm zu tragen, dass Sie ihre Wirksamkeit dank der anatomischen Passform, die sich um Ihre Waden legt, sp\u00fcren k\u00f6nnen. Zudem wird das Klima dank des ausgewogenen Materialmixes und der angenehmen Mesh-Struktur optimal reguliert &#8211; egal wie anspruchsvoll Ihr Training ist.<\/p>\n<p>Die Men&#8217;s Run Compression Calf Sleeves vervollst\u00e4ndigen die Running Kollektion von CEP Activating Sportswear. Genie\u00dfen Sie die Vorteile eines erstklassigen Laufzubeh\u00f6rs f\u00fcr jedes Fitnesslevel und bestellen Sie The Run Compression Calf Sleeves online.<\/p>\n<h2>Merkmale:<\/h2>\n<ul>\n<li>Gezielter Druck stimuliert die Waden bis in die Tiefe und erzeugt eine stabilisierende Wirkung.<\/li>\n<li>Ihre Beine erhalten einen zus\u00e4tzlichen Energieschub, da anstrengende Muskelvibrationen reduziert werden.<\/li>\n<li>Die optimierte N\u00e4hrstoffversorgung f\u00fchrt zu sp\u00fcrbar leichteren Beinen mit Feel-Good-Effekt.<\/li>\n<\/ul>\n<p><strong>Material:<\/strong> 77 % Polyamid, 23 % Elasthan<\/p>\n<p>&nbsp;<\/p>\n<p>&nbsp;<\/p>\n","protected":false},"excerpt":{"rendered":"<p>Leichtigkeit durch Muskelstimulation: Das ausgekl\u00fcgelte Druckprofil der The Run Compression Calf Sleeves f\u00fcr M\u00e4nner ist Ihre Geheimwaffe f\u00fcr eine stabile Wadenmuskulatur bei Ihren L\u00e4ufen. Ihre Beine erhalten einen Energieschub und die optimierte N\u00e4hrstoffversorgung sorgt f\u00fcr ein leichteres Gef\u00fchl. Unabh\u00e4ngig von der Art und dem Niveau Ihres Trainings: Mit The Run Compression Calf Sleeves f\u00fcr Waden &hellip; <a href=\"https:\/\/www.miomiorun.com\/de\/produkt\/calf-sleeves-4-0-herren\/\">Continued<\/a><\/p>\n","protected":false},"featured_media":67238,"template":"","meta":{"_acf_changed":false,"inline_featured_image":false},"product_brand":[],"product_cat":[6515,6540,6514],"product_tag":[3408,6212],"class_list":{"0":"post-95675","1":"product","2":"type-product","3":"status-publish","4":"has-post-thumbnail","6":"product_cat-herren-de","7":"product_cat-herrenbekleidung","8":"product_cat-socken","9":"product_tag-cep-de","10":"product_tag-cep-herren-de","11":"pa_attivita-gehen","12":"pa_attivita-running-de","13":"pa_attivita-trail-de","14":"pa_circonferenza-polpaccio-32-38-de","15":"pa_circonferenza-polpaccio-39-44-de","16":"pa_circonferenza-polpaccio-45-51-de-2","17":"pa_colore-calf-sleeves-v4-black-de","18":"pa_colore-calf-sleeves-v4-petrol-de","19":"pa_marca-cep-de","20":"pa_sesso-herren","22":"first","23":"instock","24":"sale","25":"taxable","26":"shipping-taxable","27":"purchasable","28":"product-type-variable","29":"wvs-archive-product-wrapper"},"acf":[],"yoast_head":"<!-- This site is optimized with the Yoast SEO plugin v26.8 - https:\/\/yoast.com\/product\/yoast-seo-wordpress\/ -->\n<title>Cep Calf Sleeves 4.0 herren - Booster Running - MioMioRun.com<\/title>\n<meta name=\"description\" content=\"Die tiefe Stimulation der Wadenmuskulatur von The Run Calf Sleeves 4.0 f\u00fcr M\u00e4nner basiert auf einer innovativen mittleren Kompression.\" \/>\n<meta name=\"robots\" content=\"index, follow, max-snippet:-1, max-image-preview:large, max-video-preview:-1\" \/>\n<link rel=\"canonical\" href=\"https:\/\/www.miomiorun.com\/de\/produkt\/calf-sleeves-4-0-herren\/\" \/>\n<meta property=\"og:locale\" content=\"de_DE\" \/>\n<meta property=\"og:type\" content=\"article\" \/>\n<meta property=\"og:title\" content=\"Cep Calf Sleeves 4.0 herren - Booster Running - MioMioRun.com\" \/>\n<meta property=\"og:description\" content=\"Die tiefe Stimulation der Wadenmuskulatur von The Run Calf Sleeves 4.0 f\u00fcr M\u00e4nner basiert auf einer innovativen mittleren Kompression.\" \/>\n<meta property=\"og:url\" content=\"https:\/\/www.miomiorun.com\/de\/produkt\/calf-sleeves-4-0-herren\/\" \/>\n<meta property=\"og:site_name\" content=\"MioMioRun\" \/>\n<meta property=\"article:publisher\" content=\"https:\/\/www.facebook.com\/miomiorun\/\" \/>\n<meta property=\"article:modified_time\" content=\"2025-09-01T17:09:53+00:00\" \/>\n<meta property=\"og:image\" content=\"https:\/\/www.miomiorun.com\/app\/uploads\/2022\/04\/cep-calf-sleeves-v4-petrol-WS309R.jpg\" \/>\n\t<meta property=\"og:image:width\" content=\"600\" \/>\n\t<meta property=\"og:image:height\" content=\"600\" \/>\n\t<meta property=\"og:image:type\" content=\"image\/jpeg\" \/>\n<meta name=\"twitter:card\" content=\"summary_large_image\" \/>\n<meta name=\"twitter:label1\" content=\"Est. reading time\" \/>\n\t<meta name=\"twitter:data1\" content=\"2 minutes\" \/>\n<script type=\"application\/ld+json\" class=\"yoast-schema-graph\">{\"@context\":\"https:\/\/schema.org\",\"@graph\":[{\"@type\":\"WebPage\",\"@id\":\"https:\/\/www.miomiorun.com\/de\/produkt\/calf-sleeves-4-0-herren\/\",\"url\":\"https:\/\/www.miomiorun.com\/de\/produkt\/calf-sleeves-4-0-herren\/\",\"name\":\"Cep Calf Sleeves 4.0 herren - Booster Running - MioMioRun.com\",\"isPartOf\":{\"@id\":\"https:\/\/www.miomiorun.com\/de\/#website\"},\"primaryImageOfPage\":{\"@id\":\"https:\/\/www.miomiorun.com\/de\/produkt\/calf-sleeves-4-0-herren\/#primaryimage\"},\"image\":{\"@id\":\"https:\/\/www.miomiorun.com\/de\/produkt\/calf-sleeves-4-0-herren\/#primaryimage\"},\"thumbnailUrl\":\"https:\/\/www.miomiorun.com\/app\/uploads\/2022\/04\/cep-calf-sleeves-v4-petrol-WS309R.jpg\",\"datePublished\":\"2022-04-06T09:22:45+00:00\",\"dateModified\":\"2025-09-01T17:09:53+00:00\",\"description\":\"Die tiefe Stimulation der Wadenmuskulatur von The Run Calf Sleeves 4.0 f\u00fcr M\u00e4nner basiert auf einer innovativen mittleren Kompression.\",\"breadcrumb\":{\"@id\":\"https:\/\/www.miomiorun.com\/de\/produkt\/calf-sleeves-4-0-herren\/#breadcrumb\"},\"inLanguage\":\"de-DE\",\"potentialAction\":[{\"@type\":\"ReadAction\",\"target\":[\"https:\/\/www.miomiorun.com\/de\/produkt\/calf-sleeves-4-0-herren\/\"]}]},{\"@type\":\"ImageObject\",\"inLanguage\":\"de-DE\",\"@id\":\"https:\/\/www.miomiorun.com\/de\/produkt\/calf-sleeves-4-0-herren\/#primaryimage\",\"url\":\"https:\/\/www.miomiorun.com\/app\/uploads\/2022\/04\/cep-calf-sleeves-v4-petrol-WS309R.jpg\",\"contentUrl\":\"https:\/\/www.miomiorun.com\/app\/uploads\/2022\/04\/cep-calf-sleeves-v4-petrol-WS309R.jpg\",\"width\":600,\"height\":600,\"caption\":\"cep-calf-sleeves-v4-petrol-WS309R\"},{\"@type\":\"BreadcrumbList\",\"@id\":\"https:\/\/www.miomiorun.com\/de\/produkt\/calf-sleeves-4-0-herren\/#breadcrumb\",\"itemListElement\":[{\"@type\":\"ListItem\",\"position\":1,\"name\":\"Home\",\"item\":\"https:\/\/www.miomiorun.com\/de\/\"},{\"@type\":\"ListItem\",\"position\":2,\"name\":\"Shop\",\"item\":\"https:\/\/www.miomiorun.com\/shop\/\"},{\"@type\":\"ListItem\",\"position\":3,\"name\":\"Calf Sleeves 4.0 herren\"}]},{\"@type\":\"WebSite\",\"@id\":\"https:\/\/www.miomiorun.com\/de\/#website\",\"url\":\"https:\/\/www.miomiorun.com\/de\/\",\"name\":\"MioMioRun\",\"description\":\"100% Lauf- und Trailshop\",\"publisher\":{\"@id\":\"https:\/\/www.miomiorun.com\/de\/#organization\"},\"potentialAction\":[{\"@type\":\"SearchAction\",\"target\":{\"@type\":\"EntryPoint\",\"urlTemplate\":\"https:\/\/www.miomiorun.com\/de\/?s={search_term_string}\"},\"query-input\":{\"@type\":\"PropertyValueSpecification\",\"valueRequired\":true,\"valueName\":\"search_term_string\"}}],\"inLanguage\":\"de-DE\"},{\"@type\":\"Organization\",\"@id\":\"https:\/\/www.miomiorun.com\/de\/#organization\",\"name\":\"MioMio Run\",\"url\":\"https:\/\/www.miomiorun.com\/de\/\",\"logo\":{\"@type\":\"ImageObject\",\"inLanguage\":\"de-DE\",\"@id\":\"https:\/\/www.miomiorun.com\/de\/#\/schema\/logo\/image\/\",\"url\":\"https:\/\/www.miomiorun.com\/app\/uploads\/2019\/12\/logomio.png\",\"contentUrl\":\"https:\/\/www.miomiorun.com\/app\/uploads\/2019\/12\/logomio.png\",\"width\":115,\"height\":82,\"caption\":\"MioMio Run\"},\"image\":{\"@id\":\"https:\/\/www.miomiorun.com\/de\/#\/schema\/logo\/image\/\"},\"sameAs\":[\"https:\/\/www.facebook.com\/miomiorun\/\",\"https:\/\/www.instagram.com\/miomiorun\/\"]}]}<\/script>\n<!-- \/ Yoast SEO plugin. -->","yoast_head_json":{"title":"Cep Calf Sleeves 4.0 herren - Booster Running - MioMioRun.com","description":"Die tiefe Stimulation der Wadenmuskulatur von The Run Calf Sleeves 4.0 f\u00fcr M\u00e4nner basiert auf einer innovativen mittleren Kompression.","robots":{"index":"index","follow":"follow","max-snippet":"max-snippet:-1","max-image-preview":"max-image-preview:large","max-video-preview":"max-video-preview:-1"},"canonical":"https:\/\/www.miomiorun.com\/de\/produkt\/calf-sleeves-4-0-herren\/","og_locale":"de_DE","og_type":"article","og_title":"Cep Calf Sleeves 4.0 herren - Booster Running - MioMioRun.com","og_description":"Die tiefe Stimulation der Wadenmuskulatur von The Run Calf Sleeves 4.0 f\u00fcr M\u00e4nner basiert auf einer innovativen mittleren Kompression.","og_url":"https:\/\/www.miomiorun.com\/de\/produkt\/calf-sleeves-4-0-herren\/","og_site_name":"MioMioRun","article_publisher":"https:\/\/www.facebook.com\/miomiorun\/","article_modified_time":"2025-09-01T17:09:53+00:00","og_image":[{"width":600,"height":600,"url":"https:\/\/www.miomiorun.com\/app\/uploads\/2022\/04\/cep-calf-sleeves-v4-petrol-WS309R.jpg","type":"image\/jpeg"}],"twitter_card":"summary_large_image","twitter_misc":{"Est. reading time":"2 minutes"},"schema":{"@context":"https:\/\/schema.org","@graph":[{"@type":"WebPage","@id":"https:\/\/www.miomiorun.com\/de\/produkt\/calf-sleeves-4-0-herren\/","url":"https:\/\/www.miomiorun.com\/de\/produkt\/calf-sleeves-4-0-herren\/","name":"Cep Calf Sleeves 4.0 herren - Booster Running - MioMioRun.com","isPartOf":{"@id":"https:\/\/www.miomiorun.com\/de\/#website"},"primaryImageOfPage":{"@id":"https:\/\/www.miomiorun.com\/de\/produkt\/calf-sleeves-4-0-herren\/#primaryimage"},"image":{"@id":"https:\/\/www.miomiorun.com\/de\/produkt\/calf-sleeves-4-0-herren\/#primaryimage"},"thumbnailUrl":"https:\/\/www.miomiorun.com\/app\/uploads\/2022\/04\/cep-calf-sleeves-v4-petrol-WS309R.jpg","datePublished":"2022-04-06T09:22:45+00:00","dateModified":"2025-09-01T17:09:53+00:00","description":"Die tiefe Stimulation der Wadenmuskulatur von The Run Calf Sleeves 4.0 f\u00fcr M\u00e4nner basiert auf einer innovativen mittleren Kompression.","breadcrumb":{"@id":"https:\/\/www.miomiorun.com\/de\/produkt\/calf-sleeves-4-0-herren\/#breadcrumb"},"inLanguage":"de-DE","potentialAction":[{"@type":"ReadAction","target":["https:\/\/www.miomiorun.com\/de\/produkt\/calf-sleeves-4-0-herren\/"]}]},{"@type":"ImageObject","inLanguage":"de-DE","@id":"https:\/\/www.miomiorun.com\/de\/produkt\/calf-sleeves-4-0-herren\/#primaryimage","url":"https:\/\/www.miomiorun.com\/app\/uploads\/2022\/04\/cep-calf-sleeves-v4-petrol-WS309R.jpg","contentUrl":"https:\/\/www.miomiorun.com\/app\/uploads\/2022\/04\/cep-calf-sleeves-v4-petrol-WS309R.jpg","width":600,"height":600,"caption":"cep-calf-sleeves-v4-petrol-WS309R"},{"@type":"BreadcrumbList","@id":"https:\/\/www.miomiorun.com\/de\/produkt\/calf-sleeves-4-0-herren\/#breadcrumb","itemListElement":[{"@type":"ListItem","position":1,"name":"Home","item":"https:\/\/www.miomiorun.com\/de\/"},{"@type":"ListItem","position":2,"name":"Shop","item":"https:\/\/www.miomiorun.com\/shop\/"},{"@type":"ListItem","position":3,"name":"Calf Sleeves 4.0 herren"}]},{"@type":"WebSite","@id":"https:\/\/www.miomiorun.com\/de\/#website","url":"https:\/\/www.miomiorun.com\/de\/","name":"MioMioRun","description":"100% Lauf- und Trailshop","publisher":{"@id":"https:\/\/www.miomiorun.com\/de\/#organization"},"potentialAction":[{"@type":"SearchAction","target":{"@type":"EntryPoint","urlTemplate":"https:\/\/www.miomiorun.com\/de\/?s={search_term_string}"},"query-input":{"@type":"PropertyValueSpecification","valueRequired":true,"valueName":"search_term_string"}}],"inLanguage":"de-DE"},{"@type":"Organization","@id":"https:\/\/www.miomiorun.com\/de\/#organization","name":"MioMio Run","url":"https:\/\/www.miomiorun.com\/de\/","logo":{"@type":"ImageObject","inLanguage":"de-DE","@id":"https:\/\/www.miomiorun.com\/de\/#\/schema\/logo\/image\/","url":"https:\/\/www.miomiorun.com\/app\/uploads\/2019\/12\/logomio.png","contentUrl":"https:\/\/www.miomiorun.com\/app\/uploads\/2019\/12\/logomio.png","width":115,"height":82,"caption":"MioMio Run"},"image":{"@id":"https:\/\/www.miomiorun.com\/de\/#\/schema\/logo\/image\/"},"sameAs":["https:\/\/www.facebook.com\/miomiorun\/","https:\/\/www.instagram.com\/miomiorun\/"]}]}},"_links":{"self":[{"href":"https:\/\/www.miomiorun.com\/de\/wp-json\/wp\/v2\/product\/95675","targetHints":{"allow":["GET"]}}],"collection":[{"href":"https:\/\/www.miomiorun.com\/de\/wp-json\/wp\/v2\/product"}],"about":[{"href":"https:\/\/www.miomiorun.com\/de\/wp-json\/wp\/v2\/types\/product"}],"wp:featuredmedia":[{"embeddable":true,"href":"https:\/\/www.miomiorun.com\/de\/wp-json\/wp\/v2\/media\/67238"}],"wp:attachment":[{"href":"https:\/\/www.miomiorun.com\/de\/wp-json\/wp\/v2\/media?parent=95675"}],"wp:term":[{"taxonomy":"product_brand","embeddable":true,"href":"https:\/\/www.miomiorun.com\/de\/wp-json\/wp\/v2\/product_brand?post=95675"},{"taxonomy":"product_cat","embeddable":true,"href":"https:\/\/www.miomiorun.com\/de\/wp-json\/wp\/v2\/product_cat?post=95675"},{"taxonomy":"product_tag","embeddable":true,"href":"https:\/\/www.miomiorun.com\/de\/wp-json\/wp\/v2\/product_tag?post=95675"}],"curies":[{"name":"wp","href":"https:\/\/api.w.org\/{rel}","templated":true}]}}