{"id":95663,"date":"2022-10-18T17:19:45","date_gmt":"2022-10-18T15:19:45","guid":{"rendered":"https:\/\/miomiorun.com\/prodotto\/adv-warm-intensity-ls-uomo\/"},"modified":"2022-11-22T19:23:32","modified_gmt":"2022-11-22T18:23:32","slug":"adv-warm-intensity-ls-herren","status":"publish","type":"product","link":"https:\/\/www.miomiorun.com\/de\/produkt\/adv-warm-intensity-ls-herren\/","title":{"rendered":"ADV Warm Intensity LS herren"},"content":{"rendered":"<p>Das <strong>ADV Warm Intensity LS<\/strong> in der Herrenversion ist ein weiches und funktionelles Unterw\u00e4sche-Trikot, das f\u00fcr intensives Training bei kalten Bedingungen entwickelt wurde.<\/p>\n<p>Das lang\u00e4rmelige Unterw\u00e4sche-Trikot besteht aus einem leichten, recycelten Stoff, der in Kombination mit klimatisierten Zonen am K\u00f6rper f\u00fcr eine hervorragende Thermoregulierung sorgt. Dar\u00fcber hinaus ist das Kleidungsst\u00fcck mit minimalen N\u00e4hten ausgestattet, die f\u00fcr ein reibungsloses, scheuerfreies und \u00e4u\u00dferst komfortables Tragegef\u00fchl sorgen. Eine gute Wahl f\u00fcr den alpinen Skisport und \u00e4hnliche Aktivit\u00e4ten.<\/p>\n<p><strong>EIGENSCHAFTEN:<\/strong><\/p>\n<ul>\n<li>Leichtes, elastisches Thermogarn aus recyceltem Polyester<\/li>\n<li>Zus\u00e4tzliche Isolierung, wo Sie zus\u00e4tzliche W\u00e4rme ben\u00f6tigen<\/li>\n<li>Minimale N\u00e4hte f\u00fcr optimalen Komfort<\/li>\n<li>Gro\u00dfe Elastizit\u00e4t f\u00fcr mehr Bewegungsfreiheit<\/li>\n<li>3D-Strick, ergonomische Passform<\/li>\n<li>Eng anliegend<\/li>\n<li>Feuchtigkeits\u00fcbertragung: 4 von 5<\/li>\n<li>Aktivit\u00e4tsniveau: 4 von 5<\/li>\n<li>Temperatur: -15 \u00baC bis -5 \u00baC<\/li>\n<\/ul>\n<p>65% Polyester-recycelt 30% Polyamid 5% Elastan<\/p>\n<p>Maschinenw\u00e4sche bei 40 Grad.<\/p>\n","protected":false},"excerpt":{"rendered":"<p>Das ADV Warm Intensity LS in der Herrenversion ist ein weiches und funktionelles Unterw\u00e4sche-Trikot, das f\u00fcr intensives Training bei kalten Bedingungen entwickelt wurde. Das lang\u00e4rmelige Unterw\u00e4sche-Trikot besteht aus einem leichten, recycelten Stoff, der in Kombination mit klimatisierten Zonen am K\u00f6rper f\u00fcr eine hervorragende Thermoregulierung sorgt. Dar\u00fcber hinaus ist das Kleidungsst\u00fcck mit minimalen N\u00e4hten ausgestattet, die &hellip; <a href=\"https:\/\/www.miomiorun.com\/de\/produkt\/adv-warm-intensity-ls-herren\/\">Continued<\/a><\/p>\n","protected":false},"featured_media":92666,"template":"","meta":{"_acf_changed":false,"inline_featured_image":false},"product_brand":[],"product_cat":[6515,6540,6511],"product_tag":[6304,6234],"class_list":{"0":"post-95663","1":"product","2":"type-product","3":"status-publish","4":"has-post-thumbnail","6":"product_cat-herren-de","7":"product_cat-herrenbekleidung","8":"product_cat-waesche","9":"product_tag-craft-de","10":"product_tag-craft-herren-de","11":"pa_attivita-gehen","12":"pa_attivita-outdoor-de","13":"pa_attivita-running-de","14":"pa_attivita-trail-de","15":"pa_colore-adv-warm-intensity-ls-m-black-de","16":"pa_colore-adv-warm-intensity-ls-m-slate-amber-de","17":"pa_marca-craft-de","18":"pa_sesso-herren","19":"pa_size-small-de","20":"pa_size-large-de","21":"pa_size-extra-large-de","23":"first","24":"instock","25":"sale","26":"taxable","27":"shipping-taxable","28":"purchasable","29":"product-type-variable","30":"wvs-archive-product-wrapper"},"acf":[],"yoast_head":"<!-- This site is optimized with the Yoast SEO plugin v26.8 - https:\/\/yoast.com\/product\/yoast-seo-wordpress\/ -->\n<title>Craft ADV Warm Intensity LS herren - Unterw\u00e4sche - MioMioRun<\/title>\n<meta name=\"description\" content=\"ADV Warm Fuseknit Intensity LS ist ein weiches und funktionelles Baselayer-Trikot, das f\u00fcr intensives Training bei kalten Bedingungen entwickelt wurde.\" \/>\n<meta name=\"robots\" content=\"index, follow, max-snippet:-1, max-image-preview:large, max-video-preview:-1\" \/>\n<link rel=\"canonical\" href=\"https:\/\/www.miomiorun.com\/de\/produkt\/adv-warm-intensity-ls-herren\/\" \/>\n<meta property=\"og:locale\" content=\"de_DE\" \/>\n<meta property=\"og:type\" content=\"article\" \/>\n<meta property=\"og:title\" content=\"Craft ADV Warm Intensity LS herren - Unterw\u00e4sche - MioMioRun\" \/>\n<meta property=\"og:description\" content=\"ADV Warm Fuseknit Intensity LS ist ein weiches und funktionelles Baselayer-Trikot, das f\u00fcr intensives Training bei kalten Bedingungen entwickelt wurde.\" \/>\n<meta property=\"og:url\" content=\"https:\/\/www.miomiorun.com\/de\/produkt\/adv-warm-intensity-ls-herren\/\" \/>\n<meta property=\"og:site_name\" content=\"MioMioRun\" \/>\n<meta property=\"article:publisher\" content=\"https:\/\/www.facebook.com\/miomiorun\/\" \/>\n<meta property=\"article:modified_time\" content=\"2022-11-22T18:23:32+00:00\" \/>\n<meta property=\"og:image\" content=\"https:\/\/www.miomiorun.com\/app\/uploads\/2022\/10\/craft-adv-warm-intensity-ls-M-slate-amber-1912518-992549.jpg\" \/>\n\t<meta property=\"og:image:width\" content=\"600\" \/>\n\t<meta property=\"og:image:height\" content=\"600\" \/>\n\t<meta property=\"og:image:type\" content=\"image\/jpeg\" \/>\n<meta name=\"twitter:card\" content=\"summary_large_image\" \/>\n<meta name=\"twitter:label1\" content=\"Est. reading time\" \/>\n\t<meta name=\"twitter:data1\" content=\"1 minute\" \/>\n<script type=\"application\/ld+json\" class=\"yoast-schema-graph\">{\"@context\":\"https:\/\/schema.org\",\"@graph\":[{\"@type\":\"WebPage\",\"@id\":\"https:\/\/www.miomiorun.com\/de\/produkt\/adv-warm-intensity-ls-herren\/\",\"url\":\"https:\/\/www.miomiorun.com\/de\/produkt\/adv-warm-intensity-ls-herren\/\",\"name\":\"Craft ADV Warm Intensity LS herren - Unterw\u00e4sche - MioMioRun\",\"isPartOf\":{\"@id\":\"https:\/\/www.miomiorun.com\/de\/#website\"},\"primaryImageOfPage\":{\"@id\":\"https:\/\/www.miomiorun.com\/de\/produkt\/adv-warm-intensity-ls-herren\/#primaryimage\"},\"image\":{\"@id\":\"https:\/\/www.miomiorun.com\/de\/produkt\/adv-warm-intensity-ls-herren\/#primaryimage\"},\"thumbnailUrl\":\"https:\/\/www.miomiorun.com\/app\/uploads\/2022\/10\/craft-adv-warm-intensity-ls-M-slate-amber-1912518-992549.jpg\",\"datePublished\":\"2022-10-18T15:19:45+00:00\",\"dateModified\":\"2022-11-22T18:23:32+00:00\",\"description\":\"ADV Warm Fuseknit Intensity LS ist ein weiches und funktionelles Baselayer-Trikot, das f\u00fcr intensives Training bei kalten Bedingungen entwickelt wurde.\",\"breadcrumb\":{\"@id\":\"https:\/\/www.miomiorun.com\/de\/produkt\/adv-warm-intensity-ls-herren\/#breadcrumb\"},\"inLanguage\":\"de-DE\",\"potentialAction\":[{\"@type\":\"ReadAction\",\"target\":[\"https:\/\/www.miomiorun.com\/de\/produkt\/adv-warm-intensity-ls-herren\/\"]}]},{\"@type\":\"ImageObject\",\"inLanguage\":\"de-DE\",\"@id\":\"https:\/\/www.miomiorun.com\/de\/produkt\/adv-warm-intensity-ls-herren\/#primaryimage\",\"url\":\"https:\/\/www.miomiorun.com\/app\/uploads\/2022\/10\/craft-adv-warm-intensity-ls-M-slate-amber-1912518-992549.jpg\",\"contentUrl\":\"https:\/\/www.miomiorun.com\/app\/uploads\/2022\/10\/craft-adv-warm-intensity-ls-M-slate-amber-1912518-992549.jpg\",\"width\":600,\"height\":600,\"caption\":\"craft-adv-warm-intensity-ls-M-slate-amber-1912518-992549\"},{\"@type\":\"BreadcrumbList\",\"@id\":\"https:\/\/www.miomiorun.com\/de\/produkt\/adv-warm-intensity-ls-herren\/#breadcrumb\",\"itemListElement\":[{\"@type\":\"ListItem\",\"position\":1,\"name\":\"Home\",\"item\":\"https:\/\/www.miomiorun.com\/de\/\"},{\"@type\":\"ListItem\",\"position\":2,\"name\":\"Shop\",\"item\":\"https:\/\/www.miomiorun.com\/shop\/\"},{\"@type\":\"ListItem\",\"position\":3,\"name\":\"ADV Warm Intensity LS herren\"}]},{\"@type\":\"WebSite\",\"@id\":\"https:\/\/www.miomiorun.com\/de\/#website\",\"url\":\"https:\/\/www.miomiorun.com\/de\/\",\"name\":\"MioMioRun\",\"description\":\"100% Lauf- und Trailshop\",\"publisher\":{\"@id\":\"https:\/\/www.miomiorun.com\/de\/#organization\"},\"potentialAction\":[{\"@type\":\"SearchAction\",\"target\":{\"@type\":\"EntryPoint\",\"urlTemplate\":\"https:\/\/www.miomiorun.com\/de\/?s={search_term_string}\"},\"query-input\":{\"@type\":\"PropertyValueSpecification\",\"valueRequired\":true,\"valueName\":\"search_term_string\"}}],\"inLanguage\":\"de-DE\"},{\"@type\":\"Organization\",\"@id\":\"https:\/\/www.miomiorun.com\/de\/#organization\",\"name\":\"MioMio Run\",\"url\":\"https:\/\/www.miomiorun.com\/de\/\",\"logo\":{\"@type\":\"ImageObject\",\"inLanguage\":\"de-DE\",\"@id\":\"https:\/\/www.miomiorun.com\/de\/#\/schema\/logo\/image\/\",\"url\":\"https:\/\/www.miomiorun.com\/app\/uploads\/2019\/12\/logomio.png\",\"contentUrl\":\"https:\/\/www.miomiorun.com\/app\/uploads\/2019\/12\/logomio.png\",\"width\":115,\"height\":82,\"caption\":\"MioMio Run\"},\"image\":{\"@id\":\"https:\/\/www.miomiorun.com\/de\/#\/schema\/logo\/image\/\"},\"sameAs\":[\"https:\/\/www.facebook.com\/miomiorun\/\",\"https:\/\/www.instagram.com\/miomiorun\/\"]}]}<\/script>\n<!-- \/ Yoast SEO plugin. -->","yoast_head_json":{"title":"Craft ADV Warm Intensity LS herren - Unterw\u00e4sche - MioMioRun","description":"ADV Warm Fuseknit Intensity LS ist ein weiches und funktionelles Baselayer-Trikot, das f\u00fcr intensives Training bei kalten Bedingungen entwickelt wurde.","robots":{"index":"index","follow":"follow","max-snippet":"max-snippet:-1","max-image-preview":"max-image-preview:large","max-video-preview":"max-video-preview:-1"},"canonical":"https:\/\/www.miomiorun.com\/de\/produkt\/adv-warm-intensity-ls-herren\/","og_locale":"de_DE","og_type":"article","og_title":"Craft ADV Warm Intensity LS herren - Unterw\u00e4sche - MioMioRun","og_description":"ADV Warm Fuseknit Intensity LS ist ein weiches und funktionelles Baselayer-Trikot, das f\u00fcr intensives Training bei kalten Bedingungen entwickelt wurde.","og_url":"https:\/\/www.miomiorun.com\/de\/produkt\/adv-warm-intensity-ls-herren\/","og_site_name":"MioMioRun","article_publisher":"https:\/\/www.facebook.com\/miomiorun\/","article_modified_time":"2022-11-22T18:23:32+00:00","og_image":[{"width":600,"height":600,"url":"https:\/\/www.miomiorun.com\/app\/uploads\/2022\/10\/craft-adv-warm-intensity-ls-M-slate-amber-1912518-992549.jpg","type":"image\/jpeg"}],"twitter_card":"summary_large_image","twitter_misc":{"Est. reading time":"1 minute"},"schema":{"@context":"https:\/\/schema.org","@graph":[{"@type":"WebPage","@id":"https:\/\/www.miomiorun.com\/de\/produkt\/adv-warm-intensity-ls-herren\/","url":"https:\/\/www.miomiorun.com\/de\/produkt\/adv-warm-intensity-ls-herren\/","name":"Craft ADV Warm Intensity LS herren - Unterw\u00e4sche - MioMioRun","isPartOf":{"@id":"https:\/\/www.miomiorun.com\/de\/#website"},"primaryImageOfPage":{"@id":"https:\/\/www.miomiorun.com\/de\/produkt\/adv-warm-intensity-ls-herren\/#primaryimage"},"image":{"@id":"https:\/\/www.miomiorun.com\/de\/produkt\/adv-warm-intensity-ls-herren\/#primaryimage"},"thumbnailUrl":"https:\/\/www.miomiorun.com\/app\/uploads\/2022\/10\/craft-adv-warm-intensity-ls-M-slate-amber-1912518-992549.jpg","datePublished":"2022-10-18T15:19:45+00:00","dateModified":"2022-11-22T18:23:32+00:00","description":"ADV Warm Fuseknit Intensity LS ist ein weiches und funktionelles Baselayer-Trikot, das f\u00fcr intensives Training bei kalten Bedingungen entwickelt wurde.","breadcrumb":{"@id":"https:\/\/www.miomiorun.com\/de\/produkt\/adv-warm-intensity-ls-herren\/#breadcrumb"},"inLanguage":"de-DE","potentialAction":[{"@type":"ReadAction","target":["https:\/\/www.miomiorun.com\/de\/produkt\/adv-warm-intensity-ls-herren\/"]}]},{"@type":"ImageObject","inLanguage":"de-DE","@id":"https:\/\/www.miomiorun.com\/de\/produkt\/adv-warm-intensity-ls-herren\/#primaryimage","url":"https:\/\/www.miomiorun.com\/app\/uploads\/2022\/10\/craft-adv-warm-intensity-ls-M-slate-amber-1912518-992549.jpg","contentUrl":"https:\/\/www.miomiorun.com\/app\/uploads\/2022\/10\/craft-adv-warm-intensity-ls-M-slate-amber-1912518-992549.jpg","width":600,"height":600,"caption":"craft-adv-warm-intensity-ls-M-slate-amber-1912518-992549"},{"@type":"BreadcrumbList","@id":"https:\/\/www.miomiorun.com\/de\/produkt\/adv-warm-intensity-ls-herren\/#breadcrumb","itemListElement":[{"@type":"ListItem","position":1,"name":"Home","item":"https:\/\/www.miomiorun.com\/de\/"},{"@type":"ListItem","position":2,"name":"Shop","item":"https:\/\/www.miomiorun.com\/shop\/"},{"@type":"ListItem","position":3,"name":"ADV Warm Intensity LS herren"}]},{"@type":"WebSite","@id":"https:\/\/www.miomiorun.com\/de\/#website","url":"https:\/\/www.miomiorun.com\/de\/","name":"MioMioRun","description":"100% Lauf- und Trailshop","publisher":{"@id":"https:\/\/www.miomiorun.com\/de\/#organization"},"potentialAction":[{"@type":"SearchAction","target":{"@type":"EntryPoint","urlTemplate":"https:\/\/www.miomiorun.com\/de\/?s={search_term_string}"},"query-input":{"@type":"PropertyValueSpecification","valueRequired":true,"valueName":"search_term_string"}}],"inLanguage":"de-DE"},{"@type":"Organization","@id":"https:\/\/www.miomiorun.com\/de\/#organization","name":"MioMio Run","url":"https:\/\/www.miomiorun.com\/de\/","logo":{"@type":"ImageObject","inLanguage":"de-DE","@id":"https:\/\/www.miomiorun.com\/de\/#\/schema\/logo\/image\/","url":"https:\/\/www.miomiorun.com\/app\/uploads\/2019\/12\/logomio.png","contentUrl":"https:\/\/www.miomiorun.com\/app\/uploads\/2019\/12\/logomio.png","width":115,"height":82,"caption":"MioMio Run"},"image":{"@id":"https:\/\/www.miomiorun.com\/de\/#\/schema\/logo\/image\/"},"sameAs":["https:\/\/www.facebook.com\/miomiorun\/","https:\/\/www.instagram.com\/miomiorun\/"]}]}},"_links":{"self":[{"href":"https:\/\/www.miomiorun.com\/de\/wp-json\/wp\/v2\/product\/95663","targetHints":{"allow":["GET"]}}],"collection":[{"href":"https:\/\/www.miomiorun.com\/de\/wp-json\/wp\/v2\/product"}],"about":[{"href":"https:\/\/www.miomiorun.com\/de\/wp-json\/wp\/v2\/types\/product"}],"wp:featuredmedia":[{"embeddable":true,"href":"https:\/\/www.miomiorun.com\/de\/wp-json\/wp\/v2\/media\/92666"}],"wp:attachment":[{"href":"https:\/\/www.miomiorun.com\/de\/wp-json\/wp\/v2\/media?parent=95663"}],"wp:term":[{"taxonomy":"product_brand","embeddable":true,"href":"https:\/\/www.miomiorun.com\/de\/wp-json\/wp\/v2\/product_brand?post=95663"},{"taxonomy":"product_cat","embeddable":true,"href":"https:\/\/www.miomiorun.com\/de\/wp-json\/wp\/v2\/product_cat?post=95663"},{"taxonomy":"product_tag","embeddable":true,"href":"https:\/\/www.miomiorun.com\/de\/wp-json\/wp\/v2\/product_tag?post=95663"}],"curies":[{"name":"wp","href":"https:\/\/api.w.org\/{rel}","templated":true}]}}