{"id":95658,"date":"2022-10-18T17:26:06","date_gmt":"2022-10-18T15:26:06","guid":{"rendered":"https:\/\/miomiorun.com\/prodotto\/adv-active-extreme-x-pants-uomo\/"},"modified":"2022-11-12T12:23:32","modified_gmt":"2022-11-12T11:23:32","slug":"adv-active-extreme-x-pants-herren","status":"publish","type":"product","link":"https:\/\/www.miomiorun.com\/de\/produkt\/adv-active-extreme-x-pants-herren\/","title":{"rendered":"ADV Active Extreme X Pants herren"},"content":{"rendered":"<div id=\"tw-target-text-container\" class=\"tw-ta-container F0azHf tw-nfl\" tabindex=\"0\">\n<p>Die<strong> Active Extreme X Pants<\/strong> in der Herrenversion ist eine hochfunktionelle Baselayer-Hose, die f\u00fcr hochintensive Rennen und Trainings bei milden bis kalten Winterbedingungen entwickelt wurde.<\/p>\n<p>Dieses Hochleistungskleidungsst\u00fcck kombiniert leichtes SEAQUAL-Polyester, Coolmax Air-Technologie und recyceltes Polyester, um bei intensiven Aktivit\u00e4ten ein hervorragendes Temperaturmanagement zu gew\u00e4hrleisten. Dar\u00fcber hinaus verf\u00fcgt das Kleidungsst\u00fcck \u00fcber ein Waffelstrick-Design f\u00fcr verbesserten Feuchtigkeitstransport und Komfort. Gro\u00dfer Stretchanteil und eine ergonomische Passform sorgen f\u00fcr optimale Bewegungsfreiheit, w\u00e4hrend Mesh-Eins\u00e4tze am K\u00f6rper dort f\u00fcr zus\u00e4tzliche Bel\u00fcftung sorgen, wo sie am meisten ben\u00f6tigt wird. Ein bew\u00e4hrter Favorit bei Spitzensportlern und Alltagshelden.<\/p>\n<p><strong>SEAQUAL \u00d6ko-Gewebe<\/strong><br \/>\nDie SEAQUAL-Initiative bek\u00e4mpft die Plastikverschmutzung und tr\u00e4gt dazu bei, unsere Ozeane von Meeresm\u00fcll zu befreien und die Gesellschaft in Richtung Kreislaufwirtschaft zu f\u00fchren. Die Active Extreme X Pants sind das Ergebnis unseres Bestrebens, die volle Verantwortung f\u00fcr die gesamte Wertsch\u00f6pfungskette zu \u00fcbernehmen. Sie werden aus recyceltem Meereskunststoff hergestellt, der zu 100 % aus recyceltem Material besteht. Das recycelte SEAQUAL-Gewebe ist nicht nur umweltfreundlich, sondern bietet auch einen hervorragenden Feuchtigkeitstransport und eine hervorragende Bel\u00fcftung.<\/p>\n<p><strong>Coolmax-Luft-Technologie<\/strong><br \/>\nCoolmax Air Technology-Gewebe sind so konzipiert, dass sie das nat\u00fcrliche Temperaturmanagement des K\u00f6rpers sowohl bei kalten als auch bei warmen Bedingungen optimieren. Das Gewebe aus Polyesterfasern mit einem einzigartigen spiralf\u00f6rmigen Querschnitt bietet eine hervorragende W\u00e4rmeregulierung f\u00fcr optimale Leistung. Tests haben gezeigt, dass Kleidungsst\u00fccke mit Coolmax Air-Technologie ein hervorragendes K\u00f6rpertemperaturmanagement, hohen Tragekomfort und einen ausgezeichneten Schnelltrocknungseffekt bieten.<\/p>\n<p><strong>EIGENSCHAFTEN:<\/strong><\/p>\n<ul>\n<li>D\u00fcnner, leichter und elastischer Stoff<\/li>\n<li>SEAQUAL Polyester aus recyceltem Kunststoff<\/li>\n<li>Coolmax-Luft-Technologie<\/li>\n<li>Waffelstrick-Design f\u00fcr maximalen Feuchtigkeitstransport und Komfort<\/li>\n<li>Bodymapped Mesh-Eins\u00e4tze f\u00fcr verbesserte Bel\u00fcftung<\/li>\n<li>Flatlock-N\u00e4hte, die den Bewegungen des K\u00f6rpers folgen<\/li>\n<li>Eng anliegend<\/li>\n<li>Feuchtigkeitstransport: 5 von 5<\/li>\n<li>Aktivit\u00e4tsniveau: 5 von 5<\/li>\n<li>Temperatur: -5\u00baC bis +10\u00baC<\/li>\n<\/ul>\n<\/div>\n<div id=\"tw-target-rmn-container\" class=\"tw-target-rmn tw-ta-container F0azHf tw-nfl\">\n<pre id=\"tw-target-rmn\" class=\"tw-data-placeholder tw-text-small tw-ta\" dir=\"ltr\" data-placeholder=\"\"><\/pre>\n<\/div>\n","protected":false},"excerpt":{"rendered":"<p>Die Active Extreme X Pants in der Herrenversion ist eine hochfunktionelle Baselayer-Hose, die f\u00fcr hochintensive Rennen und Trainings bei milden bis kalten Winterbedingungen entwickelt wurde. Dieses Hochleistungskleidungsst\u00fcck kombiniert leichtes SEAQUAL-Polyester, Coolmax Air-Technologie und recyceltes Polyester, um bei intensiven Aktivit\u00e4ten ein hervorragendes Temperaturmanagement zu gew\u00e4hrleisten. Dar\u00fcber hinaus verf\u00fcgt das Kleidungsst\u00fcck \u00fcber ein Waffelstrick-Design f\u00fcr verbesserten Feuchtigkeitstransport &hellip; <a href=\"https:\/\/www.miomiorun.com\/de\/produkt\/adv-active-extreme-x-pants-herren\/\">Continued<\/a><\/p>\n","protected":false},"featured_media":92673,"template":"","meta":{"_acf_changed":false,"inline_featured_image":false},"product_brand":[],"product_cat":[6515,6540,6509],"product_tag":[6304,6234],"class_list":{"0":"post-95658","1":"product","2":"type-product","3":"status-publish","4":"has-post-thumbnail","6":"product_cat-herren-de","7":"product_cat-herrenbekleidung","8":"product_cat-lange-hosen","9":"product_tag-craft-de","10":"product_tag-craft-herren-de","11":"pa_attivita-gehen","12":"pa_attivita-running-de","13":"pa_colore-active-extreme-x-pants-m-black-de","14":"pa_marca-craft-de","15":"pa_sesso-herren","16":"pa_size-small-de","17":"pa_size-extra-large-de","19":"first","20":"instock","21":"sale","22":"taxable","23":"shipping-taxable","24":"purchasable","25":"product-type-variable","26":"wvs-archive-product-wrapper"},"acf":[],"yoast_head":"<!-- This site is optimized with the Yoast SEO plugin v26.8 - https:\/\/yoast.com\/product\/yoast-seo-wordpress\/ -->\n<title>Craft ADV Active Extreme X Pants herren - Hosen - MioMioRun<\/title>\n<meta name=\"description\" content=\"Die Active Extreme X Pants in der Herrenversion ist eine hochfunktionelle Baselayer-Hose, die f\u00fcr hochintensives Laufen und Training entwickelt wurde.\" \/>\n<meta name=\"robots\" content=\"index, follow, max-snippet:-1, max-image-preview:large, max-video-preview:-1\" \/>\n<link rel=\"canonical\" href=\"https:\/\/www.miomiorun.com\/de\/produkt\/adv-active-extreme-x-pants-herren\/\" \/>\n<meta property=\"og:locale\" content=\"de_DE\" \/>\n<meta property=\"og:type\" content=\"article\" \/>\n<meta property=\"og:title\" content=\"Craft ADV Active Extreme X Pants herren - Hosen - MioMioRun\" \/>\n<meta property=\"og:description\" content=\"Die Active Extreme X Pants in der Herrenversion ist eine hochfunktionelle Baselayer-Hose, die f\u00fcr hochintensives Laufen und Training entwickelt wurde.\" \/>\n<meta property=\"og:url\" content=\"https:\/\/www.miomiorun.com\/de\/produkt\/adv-active-extreme-x-pants-herren\/\" \/>\n<meta property=\"og:site_name\" content=\"MioMioRun\" \/>\n<meta property=\"article:publisher\" content=\"https:\/\/www.facebook.com\/miomiorun\/\" \/>\n<meta property=\"article:modified_time\" content=\"2022-11-12T11:23:32+00:00\" \/>\n<meta property=\"og:image\" content=\"https:\/\/www.miomiorun.com\/app\/uploads\/2022\/10\/craft-active-extreme-x-pants-M-black-1909683-999000.jpg\" \/>\n\t<meta property=\"og:image:width\" content=\"600\" \/>\n\t<meta property=\"og:image:height\" content=\"600\" \/>\n\t<meta property=\"og:image:type\" content=\"image\/jpeg\" \/>\n<meta name=\"twitter:card\" content=\"summary_large_image\" \/>\n<meta name=\"twitter:label1\" content=\"Est. reading time\" \/>\n\t<meta name=\"twitter:data1\" content=\"1 minute\" \/>\n<script type=\"application\/ld+json\" class=\"yoast-schema-graph\">{\"@context\":\"https:\/\/schema.org\",\"@graph\":[{\"@type\":\"WebPage\",\"@id\":\"https:\/\/www.miomiorun.com\/de\/produkt\/adv-active-extreme-x-pants-herren\/\",\"url\":\"https:\/\/www.miomiorun.com\/de\/produkt\/adv-active-extreme-x-pants-herren\/\",\"name\":\"Craft ADV Active Extreme X Pants herren - Hosen - MioMioRun\",\"isPartOf\":{\"@id\":\"https:\/\/www.miomiorun.com\/de\/#website\"},\"primaryImageOfPage\":{\"@id\":\"https:\/\/www.miomiorun.com\/de\/produkt\/adv-active-extreme-x-pants-herren\/#primaryimage\"},\"image\":{\"@id\":\"https:\/\/www.miomiorun.com\/de\/produkt\/adv-active-extreme-x-pants-herren\/#primaryimage\"},\"thumbnailUrl\":\"https:\/\/www.miomiorun.com\/app\/uploads\/2022\/10\/craft-active-extreme-x-pants-M-black-1909683-999000.jpg\",\"datePublished\":\"2022-10-18T15:26:06+00:00\",\"dateModified\":\"2022-11-12T11:23:32+00:00\",\"description\":\"Die Active Extreme X Pants in der Herrenversion ist eine hochfunktionelle Baselayer-Hose, die f\u00fcr hochintensives Laufen und Training entwickelt wurde.\",\"breadcrumb\":{\"@id\":\"https:\/\/www.miomiorun.com\/de\/produkt\/adv-active-extreme-x-pants-herren\/#breadcrumb\"},\"inLanguage\":\"de-DE\",\"potentialAction\":[{\"@type\":\"ReadAction\",\"target\":[\"https:\/\/www.miomiorun.com\/de\/produkt\/adv-active-extreme-x-pants-herren\/\"]}]},{\"@type\":\"ImageObject\",\"inLanguage\":\"de-DE\",\"@id\":\"https:\/\/www.miomiorun.com\/de\/produkt\/adv-active-extreme-x-pants-herren\/#primaryimage\",\"url\":\"https:\/\/www.miomiorun.com\/app\/uploads\/2022\/10\/craft-active-extreme-x-pants-M-black-1909683-999000.jpg\",\"contentUrl\":\"https:\/\/www.miomiorun.com\/app\/uploads\/2022\/10\/craft-active-extreme-x-pants-M-black-1909683-999000.jpg\",\"width\":600,\"height\":600,\"caption\":\"craft-active-extreme-x-pants-M-black-1909683-999000\"},{\"@type\":\"BreadcrumbList\",\"@id\":\"https:\/\/www.miomiorun.com\/de\/produkt\/adv-active-extreme-x-pants-herren\/#breadcrumb\",\"itemListElement\":[{\"@type\":\"ListItem\",\"position\":1,\"name\":\"Home\",\"item\":\"https:\/\/www.miomiorun.com\/de\/\"},{\"@type\":\"ListItem\",\"position\":2,\"name\":\"Shop\",\"item\":\"https:\/\/www.miomiorun.com\/shop\/\"},{\"@type\":\"ListItem\",\"position\":3,\"name\":\"ADV Active Extreme X Pants herren\"}]},{\"@type\":\"WebSite\",\"@id\":\"https:\/\/www.miomiorun.com\/de\/#website\",\"url\":\"https:\/\/www.miomiorun.com\/de\/\",\"name\":\"MioMioRun\",\"description\":\"100% Lauf- und Trailshop\",\"publisher\":{\"@id\":\"https:\/\/www.miomiorun.com\/de\/#organization\"},\"potentialAction\":[{\"@type\":\"SearchAction\",\"target\":{\"@type\":\"EntryPoint\",\"urlTemplate\":\"https:\/\/www.miomiorun.com\/de\/?s={search_term_string}\"},\"query-input\":{\"@type\":\"PropertyValueSpecification\",\"valueRequired\":true,\"valueName\":\"search_term_string\"}}],\"inLanguage\":\"de-DE\"},{\"@type\":\"Organization\",\"@id\":\"https:\/\/www.miomiorun.com\/de\/#organization\",\"name\":\"MioMio Run\",\"url\":\"https:\/\/www.miomiorun.com\/de\/\",\"logo\":{\"@type\":\"ImageObject\",\"inLanguage\":\"de-DE\",\"@id\":\"https:\/\/www.miomiorun.com\/de\/#\/schema\/logo\/image\/\",\"url\":\"https:\/\/www.miomiorun.com\/app\/uploads\/2019\/12\/logomio.png\",\"contentUrl\":\"https:\/\/www.miomiorun.com\/app\/uploads\/2019\/12\/logomio.png\",\"width\":115,\"height\":82,\"caption\":\"MioMio Run\"},\"image\":{\"@id\":\"https:\/\/www.miomiorun.com\/de\/#\/schema\/logo\/image\/\"},\"sameAs\":[\"https:\/\/www.facebook.com\/miomiorun\/\",\"https:\/\/www.instagram.com\/miomiorun\/\"]}]}<\/script>\n<!-- \/ Yoast SEO plugin. -->","yoast_head_json":{"title":"Craft ADV Active Extreme X Pants herren - Hosen - MioMioRun","description":"Die Active Extreme X Pants in der Herrenversion ist eine hochfunktionelle Baselayer-Hose, die f\u00fcr hochintensives Laufen und Training entwickelt wurde.","robots":{"index":"index","follow":"follow","max-snippet":"max-snippet:-1","max-image-preview":"max-image-preview:large","max-video-preview":"max-video-preview:-1"},"canonical":"https:\/\/www.miomiorun.com\/de\/produkt\/adv-active-extreme-x-pants-herren\/","og_locale":"de_DE","og_type":"article","og_title":"Craft ADV Active Extreme X Pants herren - Hosen - MioMioRun","og_description":"Die Active Extreme X Pants in der Herrenversion ist eine hochfunktionelle Baselayer-Hose, die f\u00fcr hochintensives Laufen und Training entwickelt wurde.","og_url":"https:\/\/www.miomiorun.com\/de\/produkt\/adv-active-extreme-x-pants-herren\/","og_site_name":"MioMioRun","article_publisher":"https:\/\/www.facebook.com\/miomiorun\/","article_modified_time":"2022-11-12T11:23:32+00:00","og_image":[{"width":600,"height":600,"url":"https:\/\/www.miomiorun.com\/app\/uploads\/2022\/10\/craft-active-extreme-x-pants-M-black-1909683-999000.jpg","type":"image\/jpeg"}],"twitter_card":"summary_large_image","twitter_misc":{"Est. reading time":"1 minute"},"schema":{"@context":"https:\/\/schema.org","@graph":[{"@type":"WebPage","@id":"https:\/\/www.miomiorun.com\/de\/produkt\/adv-active-extreme-x-pants-herren\/","url":"https:\/\/www.miomiorun.com\/de\/produkt\/adv-active-extreme-x-pants-herren\/","name":"Craft ADV Active Extreme X Pants herren - Hosen - MioMioRun","isPartOf":{"@id":"https:\/\/www.miomiorun.com\/de\/#website"},"primaryImageOfPage":{"@id":"https:\/\/www.miomiorun.com\/de\/produkt\/adv-active-extreme-x-pants-herren\/#primaryimage"},"image":{"@id":"https:\/\/www.miomiorun.com\/de\/produkt\/adv-active-extreme-x-pants-herren\/#primaryimage"},"thumbnailUrl":"https:\/\/www.miomiorun.com\/app\/uploads\/2022\/10\/craft-active-extreme-x-pants-M-black-1909683-999000.jpg","datePublished":"2022-10-18T15:26:06+00:00","dateModified":"2022-11-12T11:23:32+00:00","description":"Die Active Extreme X Pants in der Herrenversion ist eine hochfunktionelle Baselayer-Hose, die f\u00fcr hochintensives Laufen und Training entwickelt wurde.","breadcrumb":{"@id":"https:\/\/www.miomiorun.com\/de\/produkt\/adv-active-extreme-x-pants-herren\/#breadcrumb"},"inLanguage":"de-DE","potentialAction":[{"@type":"ReadAction","target":["https:\/\/www.miomiorun.com\/de\/produkt\/adv-active-extreme-x-pants-herren\/"]}]},{"@type":"ImageObject","inLanguage":"de-DE","@id":"https:\/\/www.miomiorun.com\/de\/produkt\/adv-active-extreme-x-pants-herren\/#primaryimage","url":"https:\/\/www.miomiorun.com\/app\/uploads\/2022\/10\/craft-active-extreme-x-pants-M-black-1909683-999000.jpg","contentUrl":"https:\/\/www.miomiorun.com\/app\/uploads\/2022\/10\/craft-active-extreme-x-pants-M-black-1909683-999000.jpg","width":600,"height":600,"caption":"craft-active-extreme-x-pants-M-black-1909683-999000"},{"@type":"BreadcrumbList","@id":"https:\/\/www.miomiorun.com\/de\/produkt\/adv-active-extreme-x-pants-herren\/#breadcrumb","itemListElement":[{"@type":"ListItem","position":1,"name":"Home","item":"https:\/\/www.miomiorun.com\/de\/"},{"@type":"ListItem","position":2,"name":"Shop","item":"https:\/\/www.miomiorun.com\/shop\/"},{"@type":"ListItem","position":3,"name":"ADV Active Extreme X Pants herren"}]},{"@type":"WebSite","@id":"https:\/\/www.miomiorun.com\/de\/#website","url":"https:\/\/www.miomiorun.com\/de\/","name":"MioMioRun","description":"100% Lauf- und Trailshop","publisher":{"@id":"https:\/\/www.miomiorun.com\/de\/#organization"},"potentialAction":[{"@type":"SearchAction","target":{"@type":"EntryPoint","urlTemplate":"https:\/\/www.miomiorun.com\/de\/?s={search_term_string}"},"query-input":{"@type":"PropertyValueSpecification","valueRequired":true,"valueName":"search_term_string"}}],"inLanguage":"de-DE"},{"@type":"Organization","@id":"https:\/\/www.miomiorun.com\/de\/#organization","name":"MioMio Run","url":"https:\/\/www.miomiorun.com\/de\/","logo":{"@type":"ImageObject","inLanguage":"de-DE","@id":"https:\/\/www.miomiorun.com\/de\/#\/schema\/logo\/image\/","url":"https:\/\/www.miomiorun.com\/app\/uploads\/2019\/12\/logomio.png","contentUrl":"https:\/\/www.miomiorun.com\/app\/uploads\/2019\/12\/logomio.png","width":115,"height":82,"caption":"MioMio Run"},"image":{"@id":"https:\/\/www.miomiorun.com\/de\/#\/schema\/logo\/image\/"},"sameAs":["https:\/\/www.facebook.com\/miomiorun\/","https:\/\/www.instagram.com\/miomiorun\/"]}]}},"_links":{"self":[{"href":"https:\/\/www.miomiorun.com\/de\/wp-json\/wp\/v2\/product\/95658","targetHints":{"allow":["GET"]}}],"collection":[{"href":"https:\/\/www.miomiorun.com\/de\/wp-json\/wp\/v2\/product"}],"about":[{"href":"https:\/\/www.miomiorun.com\/de\/wp-json\/wp\/v2\/types\/product"}],"wp:featuredmedia":[{"embeddable":true,"href":"https:\/\/www.miomiorun.com\/de\/wp-json\/wp\/v2\/media\/92673"}],"wp:attachment":[{"href":"https:\/\/www.miomiorun.com\/de\/wp-json\/wp\/v2\/media?parent=95658"}],"wp:term":[{"taxonomy":"product_brand","embeddable":true,"href":"https:\/\/www.miomiorun.com\/de\/wp-json\/wp\/v2\/product_brand?post=95658"},{"taxonomy":"product_cat","embeddable":true,"href":"https:\/\/www.miomiorun.com\/de\/wp-json\/wp\/v2\/product_cat?post=95658"},{"taxonomy":"product_tag","embeddable":true,"href":"https:\/\/www.miomiorun.com\/de\/wp-json\/wp\/v2\/product_tag?post=95658"}],"curies":[{"name":"wp","href":"https:\/\/api.w.org\/{rel}","templated":true}]}}