{"id":95343,"date":"2022-10-18T17:38:10","date_gmt":"2022-10-18T15:38:10","guid":{"rendered":"https:\/\/miomiorun.com\/prodotto\/adv-active-extreme-x-pants-donna\/"},"modified":"2022-11-08T18:45:15","modified_gmt":"2022-11-08T17:45:15","slug":"adv-active-extreme-x-pants-damen","status":"publish","type":"product","link":"https:\/\/www.miomiorun.com\/de\/produkt\/adv-active-extreme-x-pants-damen\/","title":{"rendered":"ADV Active Extreme X Pants damen"},"content":{"rendered":"<div id=\"tw-target-text-container\" class=\"tw-ta-container F0azHf tw-nfl\" tabindex=\"0\">\n<p><strong> Active Extreme X Pants <\/strong> in der Damenversion sind hochfunktionelle Baselayer-Hosen, die f\u00fcr intensives Laufen und Training bei milden bis kalten Winterbedingungen entwickelt wurden.<\/p>\n<p>Dieses Hochleistungskleidungsst\u00fcck kombiniert SEAQUAL-Leichtgewichtspolyester, Coolmax Air-Technologie und recyceltes Polyester, um bei hochintensiven Aktivit\u00e4ten ein hervorragendes K\u00f6rpertemperaturmanagement zu gew\u00e4hrleisten. Dar\u00fcber hinaus verf\u00fcgt das Kleidungsst\u00fcck \u00fcber ein Waffelstrickdesign f\u00fcr verbesserten Feuchtigkeitstransport und Komfort. Gro\u00dfartiger Stretch und ergonomische Passform sorgen f\u00fcr optimale Bewegungsfreiheit, w\u00e4hrend k\u00f6rperbetonte Mesh-Eins\u00e4tze f\u00fcr zus\u00e4tzliche Bel\u00fcftung sorgen, wo sie am dringendsten ben\u00f6tigt wird. Ein bew\u00e4hrter Favorit unter Spitzensportlern und Alltagshelden.<\/p>\n<p><strong> \u00d6kologischer SEAQUAL-Stoff <\/strong><br \/>\nDie SEAQUAL-Initiative bek\u00e4mpft die Plastikverschmutzung und tr\u00e4gt dazu bei, unsere Ozeane von Meeresm\u00fcll zu befreien und die Gesellschaft in Richtung Kreislaufwirtschaft zu treiben. Das Ergebnis unseres Bestrebens, die volle Verantwortung f\u00fcr die gesamte Wertsch\u00f6pfungskette zu \u00fcbernehmen, ist die Active Extreme X Pants aus recyceltem Meeresplastik, einem 100 % recycelten Material. Das recycelte SEAQUAL-Gewebe ist nicht nur umweltfreundlich, sondern bietet auch einen au\u00dfergew\u00f6hnlichen Feuchtigkeitstransport und Bel\u00fcftung.<br \/>\n<strong> Coolmax-Lufttechnologie <\/strong><br \/>\nCoolmax Air Technology-Stoffe wurden entwickelt, um das nat\u00fcrliche K\u00f6rpertemperaturmanagement sowohl bei K\u00e4lte als auch bei Hitze zu optimieren. Mit Polyesterfasern mit einem einzigartigen helixf\u00f6rmigen Querschnitt bietet das Gewebe eine hervorragende Thermoregulierung f\u00fcr optimale Leistung. Tests haben gezeigt, dass Kleidungsst\u00fccke mit Coolmax Air-Technologie ein hervorragendes K\u00f6rpertemperaturmanagement, hohen Komfort und einen hervorragenden Schnelltrocknungseffekt bieten.<\/p>\n<p><strong> EIGENSCHAFTEN: <\/strong><\/p>\n<p>&#8211; D\u00fcnner, leichter und elastischer Stoff<br \/>\n&#8211; SEAQUAL-Polyester aus recyceltem Kunststoff<br \/>\n&#8211; Coolmax-Lufttechnologie<br \/>\n&#8211; Waffelstrickdesign f\u00fcr maximalen Feuchtigkeitstransport und Komfort<br \/>\n&#8211; Mesh-Eins\u00e4tze mit Bodymapping f\u00fcr zus\u00e4tzliche Bel\u00fcftung<br \/>\n&#8211; Flatlock-N\u00e4hte, die den Bewegungen des K\u00f6rpers folgen<br \/>\n&#8211; Anhaftend<br \/>\n&#8211; Feuchtigkeitstransport: 5 von 5<br \/>\n&#8211; Aktivit\u00e4tslevel: 5 von 5<br \/>\n&#8211; Temperatur: von -5\u00baC bis + 10\u00baC<\/p>\n<\/div>\n","protected":false},"excerpt":{"rendered":"<p>&#8211; D\u00fcnner, leichter und elastischer Stoff<br \/>\n&#8211; SEAQUAL-Polyester aus recyceltem Kunststoff<br \/>\n&#8211; Coolmax-Lufttechnologie<\/p>\n","protected":false},"featured_media":92682,"template":"","meta":{"_acf_changed":false,"inline_featured_image":false},"product_brand":[],"product_cat":[6401,6487],"product_tag":[6304,6232],"class_list":{"0":"post-95343","1":"product","2":"type-product","3":"status-publish","4":"has-post-thumbnail","6":"product_cat-damenbekleidung","7":"product_cat-damenhosen","8":"product_tag-craft-de","9":"product_tag-craft-damen-de","10":"pa_attivita-gehen","11":"pa_attivita-running-de","12":"pa_colore-active-extreme-x-pants-w-black-de","13":"pa_marca-craft-de","14":"pa_sesso-damen","15":"pa_size-extra-small-de","16":"pa_size-small-de","17":"pa_size-medium-de","18":"pa_size-large-de","20":"first","21":"instock","22":"sale","23":"taxable","24":"shipping-taxable","25":"purchasable","26":"product-type-variable","27":"wvs-archive-product-wrapper"},"acf":[],"yoast_head":"<!-- This site is optimized with the Yoast SEO plugin v26.8 - https:\/\/yoast.com\/product\/yoast-seo-wordpress\/ -->\n<title>Craft ADV Active Extreme X Pants damen - Hose - MioMioRun<\/title>\n<meta name=\"description\" content=\"Active Extreme X Pants in der Damenversion sind hochfunktionelle Baselayer-Hosen, die f\u00fcr Rennen und Training mit hoher Intensit\u00e4t entwickelt wurden\" \/>\n<meta name=\"robots\" content=\"index, follow, max-snippet:-1, max-image-preview:large, max-video-preview:-1\" \/>\n<link rel=\"canonical\" href=\"https:\/\/www.miomiorun.com\/de\/produkt\/adv-active-extreme-x-pants-damen\/\" \/>\n<meta property=\"og:locale\" content=\"de_DE\" \/>\n<meta property=\"og:type\" content=\"article\" \/>\n<meta property=\"og:title\" content=\"Craft ADV Active Extreme X Pants damen - Hose - MioMioRun\" \/>\n<meta property=\"og:description\" content=\"Active Extreme X Pants in der Damenversion sind hochfunktionelle Baselayer-Hosen, die f\u00fcr Rennen und Training mit hoher Intensit\u00e4t entwickelt wurden\" \/>\n<meta property=\"og:url\" content=\"https:\/\/www.miomiorun.com\/de\/produkt\/adv-active-extreme-x-pants-damen\/\" \/>\n<meta property=\"og:site_name\" content=\"MioMioRun\" \/>\n<meta property=\"article:publisher\" content=\"https:\/\/www.facebook.com\/miomiorun\/\" \/>\n<meta property=\"article:modified_time\" content=\"2022-11-08T17:45:15+00:00\" \/>\n<meta property=\"og:image\" content=\"https:\/\/www.miomiorun.com\/app\/uploads\/2022\/10\/craft-active-extreme-x-pants-W-black-1909677-999000.jpg\" \/>\n\t<meta property=\"og:image:width\" content=\"600\" \/>\n\t<meta property=\"og:image:height\" content=\"600\" \/>\n\t<meta property=\"og:image:type\" content=\"image\/jpeg\" \/>\n<meta name=\"twitter:card\" content=\"summary_large_image\" \/>\n<meta name=\"twitter:label1\" content=\"Est. reading time\" \/>\n\t<meta name=\"twitter:data1\" content=\"1 minute\" \/>\n<script type=\"application\/ld+json\" class=\"yoast-schema-graph\">{\"@context\":\"https:\/\/schema.org\",\"@graph\":[{\"@type\":\"WebPage\",\"@id\":\"https:\/\/www.miomiorun.com\/de\/produkt\/adv-active-extreme-x-pants-damen\/\",\"url\":\"https:\/\/www.miomiorun.com\/de\/produkt\/adv-active-extreme-x-pants-damen\/\",\"name\":\"Craft ADV Active Extreme X Pants damen - Hose - MioMioRun\",\"isPartOf\":{\"@id\":\"https:\/\/www.miomiorun.com\/de\/#website\"},\"primaryImageOfPage\":{\"@id\":\"https:\/\/www.miomiorun.com\/de\/produkt\/adv-active-extreme-x-pants-damen\/#primaryimage\"},\"image\":{\"@id\":\"https:\/\/www.miomiorun.com\/de\/produkt\/adv-active-extreme-x-pants-damen\/#primaryimage\"},\"thumbnailUrl\":\"https:\/\/www.miomiorun.com\/app\/uploads\/2022\/10\/craft-active-extreme-x-pants-W-black-1909677-999000.jpg\",\"datePublished\":\"2022-10-18T15:38:10+00:00\",\"dateModified\":\"2022-11-08T17:45:15+00:00\",\"description\":\"Active Extreme X Pants in der Damenversion sind hochfunktionelle Baselayer-Hosen, die f\u00fcr Rennen und Training mit hoher Intensit\u00e4t entwickelt wurden\",\"breadcrumb\":{\"@id\":\"https:\/\/www.miomiorun.com\/de\/produkt\/adv-active-extreme-x-pants-damen\/#breadcrumb\"},\"inLanguage\":\"de-DE\",\"potentialAction\":[{\"@type\":\"ReadAction\",\"target\":[\"https:\/\/www.miomiorun.com\/de\/produkt\/adv-active-extreme-x-pants-damen\/\"]}]},{\"@type\":\"ImageObject\",\"inLanguage\":\"de-DE\",\"@id\":\"https:\/\/www.miomiorun.com\/de\/produkt\/adv-active-extreme-x-pants-damen\/#primaryimage\",\"url\":\"https:\/\/www.miomiorun.com\/app\/uploads\/2022\/10\/craft-active-extreme-x-pants-W-black-1909677-999000.jpg\",\"contentUrl\":\"https:\/\/www.miomiorun.com\/app\/uploads\/2022\/10\/craft-active-extreme-x-pants-W-black-1909677-999000.jpg\",\"width\":600,\"height\":600,\"caption\":\"craft-active-extreme-x-pants-W-black-1909677-999000\"},{\"@type\":\"BreadcrumbList\",\"@id\":\"https:\/\/www.miomiorun.com\/de\/produkt\/adv-active-extreme-x-pants-damen\/#breadcrumb\",\"itemListElement\":[{\"@type\":\"ListItem\",\"position\":1,\"name\":\"Home\",\"item\":\"https:\/\/www.miomiorun.com\/de\/\"},{\"@type\":\"ListItem\",\"position\":2,\"name\":\"Shop\",\"item\":\"https:\/\/www.miomiorun.com\/shop\/\"},{\"@type\":\"ListItem\",\"position\":3,\"name\":\"ADV Active Extreme X Pants damen\"}]},{\"@type\":\"WebSite\",\"@id\":\"https:\/\/www.miomiorun.com\/de\/#website\",\"url\":\"https:\/\/www.miomiorun.com\/de\/\",\"name\":\"MioMioRun\",\"description\":\"100% Lauf- und Trailshop\",\"publisher\":{\"@id\":\"https:\/\/www.miomiorun.com\/de\/#organization\"},\"potentialAction\":[{\"@type\":\"SearchAction\",\"target\":{\"@type\":\"EntryPoint\",\"urlTemplate\":\"https:\/\/www.miomiorun.com\/de\/?s={search_term_string}\"},\"query-input\":{\"@type\":\"PropertyValueSpecification\",\"valueRequired\":true,\"valueName\":\"search_term_string\"}}],\"inLanguage\":\"de-DE\"},{\"@type\":\"Organization\",\"@id\":\"https:\/\/www.miomiorun.com\/de\/#organization\",\"name\":\"MioMio Run\",\"url\":\"https:\/\/www.miomiorun.com\/de\/\",\"logo\":{\"@type\":\"ImageObject\",\"inLanguage\":\"de-DE\",\"@id\":\"https:\/\/www.miomiorun.com\/de\/#\/schema\/logo\/image\/\",\"url\":\"https:\/\/www.miomiorun.com\/app\/uploads\/2019\/12\/logomio.png\",\"contentUrl\":\"https:\/\/www.miomiorun.com\/app\/uploads\/2019\/12\/logomio.png\",\"width\":115,\"height\":82,\"caption\":\"MioMio Run\"},\"image\":{\"@id\":\"https:\/\/www.miomiorun.com\/de\/#\/schema\/logo\/image\/\"},\"sameAs\":[\"https:\/\/www.facebook.com\/miomiorun\/\",\"https:\/\/www.instagram.com\/miomiorun\/\"]}]}<\/script>\n<!-- \/ Yoast SEO plugin. -->","yoast_head_json":{"title":"Craft ADV Active Extreme X Pants damen - Hose - MioMioRun","description":"Active Extreme X Pants in der Damenversion sind hochfunktionelle Baselayer-Hosen, die f\u00fcr Rennen und Training mit hoher Intensit\u00e4t entwickelt wurden","robots":{"index":"index","follow":"follow","max-snippet":"max-snippet:-1","max-image-preview":"max-image-preview:large","max-video-preview":"max-video-preview:-1"},"canonical":"https:\/\/www.miomiorun.com\/de\/produkt\/adv-active-extreme-x-pants-damen\/","og_locale":"de_DE","og_type":"article","og_title":"Craft ADV Active Extreme X Pants damen - Hose - MioMioRun","og_description":"Active Extreme X Pants in der Damenversion sind hochfunktionelle Baselayer-Hosen, die f\u00fcr Rennen und Training mit hoher Intensit\u00e4t entwickelt wurden","og_url":"https:\/\/www.miomiorun.com\/de\/produkt\/adv-active-extreme-x-pants-damen\/","og_site_name":"MioMioRun","article_publisher":"https:\/\/www.facebook.com\/miomiorun\/","article_modified_time":"2022-11-08T17:45:15+00:00","og_image":[{"width":600,"height":600,"url":"https:\/\/www.miomiorun.com\/app\/uploads\/2022\/10\/craft-active-extreme-x-pants-W-black-1909677-999000.jpg","type":"image\/jpeg"}],"twitter_card":"summary_large_image","twitter_misc":{"Est. reading time":"1 minute"},"schema":{"@context":"https:\/\/schema.org","@graph":[{"@type":"WebPage","@id":"https:\/\/www.miomiorun.com\/de\/produkt\/adv-active-extreme-x-pants-damen\/","url":"https:\/\/www.miomiorun.com\/de\/produkt\/adv-active-extreme-x-pants-damen\/","name":"Craft ADV Active Extreme X Pants damen - Hose - MioMioRun","isPartOf":{"@id":"https:\/\/www.miomiorun.com\/de\/#website"},"primaryImageOfPage":{"@id":"https:\/\/www.miomiorun.com\/de\/produkt\/adv-active-extreme-x-pants-damen\/#primaryimage"},"image":{"@id":"https:\/\/www.miomiorun.com\/de\/produkt\/adv-active-extreme-x-pants-damen\/#primaryimage"},"thumbnailUrl":"https:\/\/www.miomiorun.com\/app\/uploads\/2022\/10\/craft-active-extreme-x-pants-W-black-1909677-999000.jpg","datePublished":"2022-10-18T15:38:10+00:00","dateModified":"2022-11-08T17:45:15+00:00","description":"Active Extreme X Pants in der Damenversion sind hochfunktionelle Baselayer-Hosen, die f\u00fcr Rennen und Training mit hoher Intensit\u00e4t entwickelt wurden","breadcrumb":{"@id":"https:\/\/www.miomiorun.com\/de\/produkt\/adv-active-extreme-x-pants-damen\/#breadcrumb"},"inLanguage":"de-DE","potentialAction":[{"@type":"ReadAction","target":["https:\/\/www.miomiorun.com\/de\/produkt\/adv-active-extreme-x-pants-damen\/"]}]},{"@type":"ImageObject","inLanguage":"de-DE","@id":"https:\/\/www.miomiorun.com\/de\/produkt\/adv-active-extreme-x-pants-damen\/#primaryimage","url":"https:\/\/www.miomiorun.com\/app\/uploads\/2022\/10\/craft-active-extreme-x-pants-W-black-1909677-999000.jpg","contentUrl":"https:\/\/www.miomiorun.com\/app\/uploads\/2022\/10\/craft-active-extreme-x-pants-W-black-1909677-999000.jpg","width":600,"height":600,"caption":"craft-active-extreme-x-pants-W-black-1909677-999000"},{"@type":"BreadcrumbList","@id":"https:\/\/www.miomiorun.com\/de\/produkt\/adv-active-extreme-x-pants-damen\/#breadcrumb","itemListElement":[{"@type":"ListItem","position":1,"name":"Home","item":"https:\/\/www.miomiorun.com\/de\/"},{"@type":"ListItem","position":2,"name":"Shop","item":"https:\/\/www.miomiorun.com\/shop\/"},{"@type":"ListItem","position":3,"name":"ADV Active Extreme X Pants damen"}]},{"@type":"WebSite","@id":"https:\/\/www.miomiorun.com\/de\/#website","url":"https:\/\/www.miomiorun.com\/de\/","name":"MioMioRun","description":"100% Lauf- und Trailshop","publisher":{"@id":"https:\/\/www.miomiorun.com\/de\/#organization"},"potentialAction":[{"@type":"SearchAction","target":{"@type":"EntryPoint","urlTemplate":"https:\/\/www.miomiorun.com\/de\/?s={search_term_string}"},"query-input":{"@type":"PropertyValueSpecification","valueRequired":true,"valueName":"search_term_string"}}],"inLanguage":"de-DE"},{"@type":"Organization","@id":"https:\/\/www.miomiorun.com\/de\/#organization","name":"MioMio Run","url":"https:\/\/www.miomiorun.com\/de\/","logo":{"@type":"ImageObject","inLanguage":"de-DE","@id":"https:\/\/www.miomiorun.com\/de\/#\/schema\/logo\/image\/","url":"https:\/\/www.miomiorun.com\/app\/uploads\/2019\/12\/logomio.png","contentUrl":"https:\/\/www.miomiorun.com\/app\/uploads\/2019\/12\/logomio.png","width":115,"height":82,"caption":"MioMio Run"},"image":{"@id":"https:\/\/www.miomiorun.com\/de\/#\/schema\/logo\/image\/"},"sameAs":["https:\/\/www.facebook.com\/miomiorun\/","https:\/\/www.instagram.com\/miomiorun\/"]}]}},"_links":{"self":[{"href":"https:\/\/www.miomiorun.com\/de\/wp-json\/wp\/v2\/product\/95343","targetHints":{"allow":["GET"]}}],"collection":[{"href":"https:\/\/www.miomiorun.com\/de\/wp-json\/wp\/v2\/product"}],"about":[{"href":"https:\/\/www.miomiorun.com\/de\/wp-json\/wp\/v2\/types\/product"}],"wp:featuredmedia":[{"embeddable":true,"href":"https:\/\/www.miomiorun.com\/de\/wp-json\/wp\/v2\/media\/92682"}],"wp:attachment":[{"href":"https:\/\/www.miomiorun.com\/de\/wp-json\/wp\/v2\/media?parent=95343"}],"wp:term":[{"taxonomy":"product_brand","embeddable":true,"href":"https:\/\/www.miomiorun.com\/de\/wp-json\/wp\/v2\/product_brand?post=95343"},{"taxonomy":"product_cat","embeddable":true,"href":"https:\/\/www.miomiorun.com\/de\/wp-json\/wp\/v2\/product_cat?post=95343"},{"taxonomy":"product_tag","embeddable":true,"href":"https:\/\/www.miomiorun.com\/de\/wp-json\/wp\/v2\/product_tag?post=95343"}],"curies":[{"name":"wp","href":"https:\/\/api.w.org\/{rel}","templated":true}]}}