{"id":95179,"date":"2020-02-24T19:43:30","date_gmt":"2020-02-24T18:43:30","guid":{"rendered":"https:\/\/miomiorun.com\/prodotto\/la-sportiva-tempesta-gtx-donna\/"},"modified":"2025-03-15T21:32:13","modified_gmt":"2025-03-15T20:32:13","slug":"tempesta-gtx-damen","status":"publish","type":"product","link":"https:\/\/www.miomiorun.com\/de\/produkt\/tempesta-gtx-damen\/","title":{"rendered":"Tempesta GTX damen"},"content":{"rendered":"<div class=\"vc-row container\"><div class=\"vc-column\"><div class=\"vc-column-text\"><\/p>\n<p><strong>Technische Daten<\/strong><\/p>\n<p>Kategorie: Top-D\u00e4mpfung<br \/>\nVersatz: 10 mm<br \/>\nGewicht: 300 g<br \/>\nIdeal f\u00fcr: L\u00e4ufer und Bergwanderer, die ein transversales Modell suchen, das Traktion, Schutz, Wasserdichtigkeit und eine bequeme Passform sowohl auf langen als auch auf mittleren Strecken bietet.<br \/>\nGewicht des Athleten: 60-70 kg<br \/>\nLauftempo : mittel-langsam (&gt;5.00 min\/km)<br \/>\n<a href=\"https:\/\/miomiorun.com\/de\/leitfaden-fuer-technische-spezifikationen\/\">Leitfaden f\u00fcr technische Spezifikationen<\/a><\/p>\n<p><\/div><\/div><div class=\"vc-column\"><div class=\"vc-column-text\">Wasserdichter Winterlaufschuh f\u00fcr das Training und den t\u00e4glichen Gebrauch in den Wintermonaten als Vorbereitung auf die Skyraces im Fr\u00fchjahr. Er ist vielseitig, leicht und dank der Sock-Shield-Konstruktion schnell anzuziehen und eignet sich dank der Stollensohle mit At Grip Spikes perfekt f\u00fcr L\u00e4ufe auf verschiedenen Arten von Gel\u00e4nde.<br \/>\nDie griffige Sohle erm\u00f6glicht ein optimales Handling auf rutschigem Untergrund und bietet dank der ausgepr\u00e4gten Stollen und der Kompatibilit\u00e4t mit herausnehmbaren AT-Grip Spikes auch auf weichem oder vereistem Terrain sicheren Halt. Das schnelle und intuitive Schn\u00fcrsystem mit einziehbarer Schn\u00fcrsenkeltasche in Kombination mit dem Sock-Shield-Kragen mit Slip-on-Konstruktion funktioniert gut und ist bequem, mit einer integrierten Gamasche, die den Fu\u00df vollst\u00e4ndig umh\u00fcllt, ohne Hohlr\u00e4ume und zus\u00e4tzliche Zwickel: Sie verhindert vollst\u00e4ndig das Eindringen von Steinen, Schlamm und Schnee. Das Schn\u00fcrsystem ist in die Struktur des Innenschuhs integriert: Diese L\u00f6sung erm\u00f6glicht es, das Volumen und die Haftung des Schuhs am Fu\u00df zu regulieren, um einen pr\u00e4zisen und stabilen Lauf zu gew\u00e4hrleisten, auch bei Querungen. Das v\u00f6llige Fehlen von \u00e4u\u00dferen N\u00e4hten und die superflexible, wasserdichte und atmungsaktive Gore-Tex-Membran machen den Tempesta zum perfekten Schuh f\u00fcr das sportliche Training in den Wintermonaten.<\/p>\n<p><strong>Oben:<\/strong><br \/>\nWasserabweisendes, abriebfestes Single-Mesh mit Sublimationsdruck + Sock-Shield Konstruktion Kragen<br \/>\n<strong>Auskleidung:<\/strong><br \/>\nGore\u00ae Flex Konstruktion<br \/>\n<strong>Fu\u00dfbett:<\/strong><br \/>\nOrtholite Berglauf Ergonomisch 4 mm<br \/>\n<strong>Zwischensohle:<\/strong><br \/>\nMEMlex EVA-Injektion mit Stabilisatoreinsatz<br \/>\n<strong>Laufsohle:<\/strong><br \/>\nAT FriXion Verbindung kompatibel mit abnehmbaren AT Grip Spike<\/div><\/div><\/div>\n","protected":false},"excerpt":{"rendered":"","protected":false},"featured_media":355911,"template":"","meta":{"_acf_changed":false,"inline_featured_image":false},"product_brand":[],"product_cat":[6474,6491],"product_tag":[6248,6220],"class_list":{"0":"post-95179","1":"product","2":"type-product","3":"status-publish","4":"has-post-thumbnail","6":"product_cat-damenschuhe","7":"product_cat-damentrailschuhe","8":"product_tag-la-sportiva-de","9":"product_tag-la-sportiva-damen-de","10":"pa_attivita-outdoor-de","11":"pa_attivita-trail-de","12":"pa_colore-tempesta-gtx-w-tea-cherry-tomato-de","13":"pa_colore-tempesta-w-gtx-carbon-savana","14":"pa_marca-la-sportiva-de","15":"pa_sesso-damen","16":"pa_size-37-5-de","17":"pa_size-38-5-de","18":"pa_size-39-de","19":"pa_size-39-5-de","20":"pa_size-40-de","21":"pa_size-40-5-de","22":"pa_size-41-5-de","23":"pa_size-42-de","25":"first","26":"instock","27":"sale","28":"taxable","29":"shipping-taxable","30":"purchasable","31":"product-type-variable","32":"wvs-archive-product-wrapper"},"acf":[],"yoast_head":"<!-- This site is optimized with the Yoast SEO plugin v26.8 - https:\/\/yoast.com\/product\/yoast-seo-wordpress\/ -->\n<title>La sportiva Tempesta GTX damen - Trail-Schuhe MioMioRun .com<\/title>\n<meta name=\"description\" content=\"Entdecken Sie auf MioMioRun.com den La Sportiva Tempesta GTX f\u00fcr Damen, einen Winterlaufschuh f\u00fcr das t\u00e4gliche Training in den Wintermonaten.\" \/>\n<meta name=\"robots\" content=\"index, follow, max-snippet:-1, max-image-preview:large, max-video-preview:-1\" \/>\n<link rel=\"canonical\" href=\"https:\/\/www.miomiorun.com\/de\/produkt\/tempesta-gtx-damen\/\" \/>\n<meta property=\"og:locale\" content=\"de_DE\" \/>\n<meta property=\"og:type\" content=\"article\" \/>\n<meta property=\"og:title\" content=\"La sportiva Tempesta GTX damen - Trail-Schuhe MioMioRun .com\" \/>\n<meta property=\"og:description\" content=\"Entdecken Sie auf MioMioRun.com den La Sportiva Tempesta GTX f\u00fcr Damen, einen Winterlaufschuh f\u00fcr das t\u00e4gliche Training in den Wintermonaten.\" \/>\n<meta property=\"og:url\" content=\"https:\/\/www.miomiorun.com\/de\/produkt\/tempesta-gtx-damen\/\" \/>\n<meta property=\"og:site_name\" content=\"MioMioRun\" \/>\n<meta property=\"article:publisher\" content=\"https:\/\/www.facebook.com\/miomiorun\/\" \/>\n<meta property=\"article:modified_time\" content=\"2025-03-15T20:32:13+00:00\" \/>\n<meta property=\"og:image\" content=\"https:\/\/www.miomiorun.com\/app\/uploads\/2022\/09\/la-sportiva-tempesta-GTX-W-denim-taupe-36G628801.jpg\" \/>\n\t<meta property=\"og:image:width\" content=\"600\" \/>\n\t<meta property=\"og:image:height\" content=\"600\" \/>\n\t<meta property=\"og:image:type\" content=\"image\/jpeg\" \/>\n<meta name=\"twitter:card\" content=\"summary_large_image\" \/>\n<meta name=\"twitter:label1\" content=\"Est. reading time\" \/>\n\t<meta name=\"twitter:data1\" content=\"2 minutes\" \/>\n<script type=\"application\/ld+json\" class=\"yoast-schema-graph\">{\"@context\":\"https:\/\/schema.org\",\"@graph\":[{\"@type\":\"WebPage\",\"@id\":\"https:\/\/www.miomiorun.com\/de\/produkt\/tempesta-gtx-damen\/\",\"url\":\"https:\/\/www.miomiorun.com\/de\/produkt\/tempesta-gtx-damen\/\",\"name\":\"La sportiva Tempesta GTX damen - Trail-Schuhe MioMioRun .com\",\"isPartOf\":{\"@id\":\"https:\/\/www.miomiorun.com\/de\/#website\"},\"primaryImageOfPage\":{\"@id\":\"https:\/\/www.miomiorun.com\/de\/produkt\/tempesta-gtx-damen\/#primaryimage\"},\"image\":{\"@id\":\"https:\/\/www.miomiorun.com\/de\/produkt\/tempesta-gtx-damen\/#primaryimage\"},\"thumbnailUrl\":\"https:\/\/www.miomiorun.com\/app\/uploads\/2025\/10\/la-sportiva-Tempesta-W-GTX-carbon-savana-ZFRS119G00E32.webp\",\"datePublished\":\"2020-02-24T18:43:30+00:00\",\"dateModified\":\"2025-03-15T20:32:13+00:00\",\"description\":\"Entdecken Sie auf MioMioRun.com den La Sportiva Tempesta GTX f\u00fcr Damen, einen Winterlaufschuh f\u00fcr das t\u00e4gliche Training in den Wintermonaten.\",\"breadcrumb\":{\"@id\":\"https:\/\/www.miomiorun.com\/de\/produkt\/tempesta-gtx-damen\/#breadcrumb\"},\"inLanguage\":\"de-DE\",\"potentialAction\":[{\"@type\":\"ReadAction\",\"target\":[\"https:\/\/www.miomiorun.com\/de\/produkt\/tempesta-gtx-damen\/\"]}]},{\"@type\":\"ImageObject\",\"inLanguage\":\"de-DE\",\"@id\":\"https:\/\/www.miomiorun.com\/de\/produkt\/tempesta-gtx-damen\/#primaryimage\",\"url\":\"https:\/\/www.miomiorun.com\/app\/uploads\/2025\/10\/la-sportiva-Tempesta-W-GTX-carbon-savana-ZFRS119G00E32.webp\",\"contentUrl\":\"https:\/\/www.miomiorun.com\/app\/uploads\/2025\/10\/la-sportiva-Tempesta-W-GTX-carbon-savana-ZFRS119G00E32.webp\",\"width\":720,\"height\":720,\"caption\":\"la sportiva Tempesta W GTX carbon savana ZFRS119G00E32\"},{\"@type\":\"BreadcrumbList\",\"@id\":\"https:\/\/www.miomiorun.com\/de\/produkt\/tempesta-gtx-damen\/#breadcrumb\",\"itemListElement\":[{\"@type\":\"ListItem\",\"position\":1,\"name\":\"Home\",\"item\":\"https:\/\/www.miomiorun.com\/de\/\"},{\"@type\":\"ListItem\",\"position\":2,\"name\":\"Shop\",\"item\":\"https:\/\/www.miomiorun.com\/shop\/\"},{\"@type\":\"ListItem\",\"position\":3,\"name\":\"Tempesta GTX damen\"}]},{\"@type\":\"WebSite\",\"@id\":\"https:\/\/www.miomiorun.com\/de\/#website\",\"url\":\"https:\/\/www.miomiorun.com\/de\/\",\"name\":\"MioMioRun\",\"description\":\"100% Lauf- und Trailshop\",\"publisher\":{\"@id\":\"https:\/\/www.miomiorun.com\/de\/#organization\"},\"potentialAction\":[{\"@type\":\"SearchAction\",\"target\":{\"@type\":\"EntryPoint\",\"urlTemplate\":\"https:\/\/www.miomiorun.com\/de\/?s={search_term_string}\"},\"query-input\":{\"@type\":\"PropertyValueSpecification\",\"valueRequired\":true,\"valueName\":\"search_term_string\"}}],\"inLanguage\":\"de-DE\"},{\"@type\":\"Organization\",\"@id\":\"https:\/\/www.miomiorun.com\/de\/#organization\",\"name\":\"MioMio Run\",\"url\":\"https:\/\/www.miomiorun.com\/de\/\",\"logo\":{\"@type\":\"ImageObject\",\"inLanguage\":\"de-DE\",\"@id\":\"https:\/\/www.miomiorun.com\/de\/#\/schema\/logo\/image\/\",\"url\":\"https:\/\/www.miomiorun.com\/app\/uploads\/2019\/12\/logomio.png\",\"contentUrl\":\"https:\/\/www.miomiorun.com\/app\/uploads\/2019\/12\/logomio.png\",\"width\":115,\"height\":82,\"caption\":\"MioMio Run\"},\"image\":{\"@id\":\"https:\/\/www.miomiorun.com\/de\/#\/schema\/logo\/image\/\"},\"sameAs\":[\"https:\/\/www.facebook.com\/miomiorun\/\",\"https:\/\/www.instagram.com\/miomiorun\/\"]}]}<\/script>\n<!-- \/ Yoast SEO plugin. -->","yoast_head_json":{"title":"La sportiva Tempesta GTX damen - Trail-Schuhe MioMioRun .com","description":"Entdecken Sie auf MioMioRun.com den La Sportiva Tempesta GTX f\u00fcr Damen, einen Winterlaufschuh f\u00fcr das t\u00e4gliche Training in den Wintermonaten.","robots":{"index":"index","follow":"follow","max-snippet":"max-snippet:-1","max-image-preview":"max-image-preview:large","max-video-preview":"max-video-preview:-1"},"canonical":"https:\/\/www.miomiorun.com\/de\/produkt\/tempesta-gtx-damen\/","og_locale":"de_DE","og_type":"article","og_title":"La sportiva Tempesta GTX damen - Trail-Schuhe MioMioRun .com","og_description":"Entdecken Sie auf MioMioRun.com den La Sportiva Tempesta GTX f\u00fcr Damen, einen Winterlaufschuh f\u00fcr das t\u00e4gliche Training in den Wintermonaten.","og_url":"https:\/\/www.miomiorun.com\/de\/produkt\/tempesta-gtx-damen\/","og_site_name":"MioMioRun","article_publisher":"https:\/\/www.facebook.com\/miomiorun\/","article_modified_time":"2025-03-15T20:32:13+00:00","og_image":[{"width":600,"height":600,"url":"https:\/\/www.miomiorun.com\/app\/uploads\/2022\/09\/la-sportiva-tempesta-GTX-W-denim-taupe-36G628801.jpg","type":"image\/jpeg"}],"twitter_card":"summary_large_image","twitter_misc":{"Est. reading time":"2 minutes"},"schema":{"@context":"https:\/\/schema.org","@graph":[{"@type":"WebPage","@id":"https:\/\/www.miomiorun.com\/de\/produkt\/tempesta-gtx-damen\/","url":"https:\/\/www.miomiorun.com\/de\/produkt\/tempesta-gtx-damen\/","name":"La sportiva Tempesta GTX damen - Trail-Schuhe MioMioRun .com","isPartOf":{"@id":"https:\/\/www.miomiorun.com\/de\/#website"},"primaryImageOfPage":{"@id":"https:\/\/www.miomiorun.com\/de\/produkt\/tempesta-gtx-damen\/#primaryimage"},"image":{"@id":"https:\/\/www.miomiorun.com\/de\/produkt\/tempesta-gtx-damen\/#primaryimage"},"thumbnailUrl":"https:\/\/www.miomiorun.com\/app\/uploads\/2025\/10\/la-sportiva-Tempesta-W-GTX-carbon-savana-ZFRS119G00E32.webp","datePublished":"2020-02-24T18:43:30+00:00","dateModified":"2025-03-15T20:32:13+00:00","description":"Entdecken Sie auf MioMioRun.com den La Sportiva Tempesta GTX f\u00fcr Damen, einen Winterlaufschuh f\u00fcr das t\u00e4gliche Training in den Wintermonaten.","breadcrumb":{"@id":"https:\/\/www.miomiorun.com\/de\/produkt\/tempesta-gtx-damen\/#breadcrumb"},"inLanguage":"de-DE","potentialAction":[{"@type":"ReadAction","target":["https:\/\/www.miomiorun.com\/de\/produkt\/tempesta-gtx-damen\/"]}]},{"@type":"ImageObject","inLanguage":"de-DE","@id":"https:\/\/www.miomiorun.com\/de\/produkt\/tempesta-gtx-damen\/#primaryimage","url":"https:\/\/www.miomiorun.com\/app\/uploads\/2025\/10\/la-sportiva-Tempesta-W-GTX-carbon-savana-ZFRS119G00E32.webp","contentUrl":"https:\/\/www.miomiorun.com\/app\/uploads\/2025\/10\/la-sportiva-Tempesta-W-GTX-carbon-savana-ZFRS119G00E32.webp","width":720,"height":720,"caption":"la sportiva Tempesta W GTX carbon savana ZFRS119G00E32"},{"@type":"BreadcrumbList","@id":"https:\/\/www.miomiorun.com\/de\/produkt\/tempesta-gtx-damen\/#breadcrumb","itemListElement":[{"@type":"ListItem","position":1,"name":"Home","item":"https:\/\/www.miomiorun.com\/de\/"},{"@type":"ListItem","position":2,"name":"Shop","item":"https:\/\/www.miomiorun.com\/shop\/"},{"@type":"ListItem","position":3,"name":"Tempesta GTX damen"}]},{"@type":"WebSite","@id":"https:\/\/www.miomiorun.com\/de\/#website","url":"https:\/\/www.miomiorun.com\/de\/","name":"MioMioRun","description":"100% Lauf- und Trailshop","publisher":{"@id":"https:\/\/www.miomiorun.com\/de\/#organization"},"potentialAction":[{"@type":"SearchAction","target":{"@type":"EntryPoint","urlTemplate":"https:\/\/www.miomiorun.com\/de\/?s={search_term_string}"},"query-input":{"@type":"PropertyValueSpecification","valueRequired":true,"valueName":"search_term_string"}}],"inLanguage":"de-DE"},{"@type":"Organization","@id":"https:\/\/www.miomiorun.com\/de\/#organization","name":"MioMio Run","url":"https:\/\/www.miomiorun.com\/de\/","logo":{"@type":"ImageObject","inLanguage":"de-DE","@id":"https:\/\/www.miomiorun.com\/de\/#\/schema\/logo\/image\/","url":"https:\/\/www.miomiorun.com\/app\/uploads\/2019\/12\/logomio.png","contentUrl":"https:\/\/www.miomiorun.com\/app\/uploads\/2019\/12\/logomio.png","width":115,"height":82,"caption":"MioMio Run"},"image":{"@id":"https:\/\/www.miomiorun.com\/de\/#\/schema\/logo\/image\/"},"sameAs":["https:\/\/www.facebook.com\/miomiorun\/","https:\/\/www.instagram.com\/miomiorun\/"]}]}},"_links":{"self":[{"href":"https:\/\/www.miomiorun.com\/de\/wp-json\/wp\/v2\/product\/95179","targetHints":{"allow":["GET"]}}],"collection":[{"href":"https:\/\/www.miomiorun.com\/de\/wp-json\/wp\/v2\/product"}],"about":[{"href":"https:\/\/www.miomiorun.com\/de\/wp-json\/wp\/v2\/types\/product"}],"wp:featuredmedia":[{"embeddable":true,"href":"https:\/\/www.miomiorun.com\/de\/wp-json\/wp\/v2\/media\/355911"}],"wp:attachment":[{"href":"https:\/\/www.miomiorun.com\/de\/wp-json\/wp\/v2\/media?parent=95179"}],"wp:term":[{"taxonomy":"product_brand","embeddable":true,"href":"https:\/\/www.miomiorun.com\/de\/wp-json\/wp\/v2\/product_brand?post=95179"},{"taxonomy":"product_cat","embeddable":true,"href":"https:\/\/www.miomiorun.com\/de\/wp-json\/wp\/v2\/product_cat?post=95179"},{"taxonomy":"product_tag","embeddable":true,"href":"https:\/\/www.miomiorun.com\/de\/wp-json\/wp\/v2\/product_tag?post=95179"}],"curies":[{"name":"wp","href":"https:\/\/api.w.org\/{rel}","templated":true}]}}