{"id":94968,"date":"2022-02-10T12:02:13","date_gmt":"2022-02-10T11:02:13","guid":{"rendered":"https:\/\/miomiorun.com\/prodotto\/la-sportiva-uragano-gtx-donna\/"},"modified":"2026-03-16T15:45:36","modified_gmt":"2026-03-16T14:45:36","slug":"uragano-gtx-damen","status":"publish","type":"product","link":"https:\/\/www.miomiorun.com\/de\/produkt\/uragano-gtx-damen\/","title":{"rendered":"Uragano GTX damen"},"content":{"rendered":"<div class=\"vc-row container\"><div class=\"vc-column\"><div class=\"vc-column-text\"><\/p>\n<p><strong>Technische Daten<\/strong><\/p>\n<p>Kategorie: Top-D\u00e4mpfung<br \/>\nVersatz: 10 mm<br \/>\nGewicht: 300 g<br \/>\nIdeal f\u00fcr: L\u00e4ufer und Bergwanderer, die ein transversales Modell suchen, das Traktion, Schutz, Wasserdichtigkeit und eine bequeme Passform sowohl auf langen als auch auf mittleren Strecken bietet.<br \/>\nGewicht des Athleten: 60-70 kg<br \/>\nLauftempo : mittel-langsam (&gt;5.00 min\/km)<br \/>\n<a href=\"https:\/\/miomiorun.com\/de\/leitfaden-fuer-technische-spezifikationen\/\">Leitfaden f\u00fcr technische Spezifikationen<\/a><\/p>\n<p><\/div><\/div><div class=\"vc-column\"><div class=\"vc-column-text\">Wasserdichtes Schuhwerk mit integrierter Gamasche f\u00fcr Winterlaufwettbewerbe. Er eignet sich besonders f\u00fcr den Einsatz auf verschneitem und vereistem Gel\u00e4nde und wurde f\u00fcr alle Traill\u00e4ufer entwickelt, die ein Produkt f\u00fcr Rennen in den Wintermonaten ben\u00f6tigen.<br \/>\nDie griffige Sohle erm\u00f6glicht ein optimales Handling auf rutschigem Untergrund und bietet dank der ausgepr\u00e4gten Stollen und der Kompatibilit\u00e4t mit herausnehmbaren AT-Grip Spikes auch auf weichem oder vereistem Terrain sicheren Halt. Die wasserabweisende Sock-Shield Gaiter\u2122 sch\u00fctzt vor dem Eindringen von Steinen und Schlamm und das schnelle und intuitive integrierte Schn\u00fcrsystem mit verdeckter Schn\u00fcrsenkeltasche beschleunigt die Anpassung. Das Schn\u00fcrsystem ist in die Struktur des inneren Obermaterials integriert: Diese L\u00f6sung erm\u00f6glicht es, das Volumen und die Haftung des Schuhs am Fu\u00df zu regulieren, um einen pr\u00e4zisen und stabilen Lauf zu gew\u00e4hrleisten, auch bei \u00dcberquerungen. Der v\u00f6llige Verzicht auf \u00e4u\u00dfere N\u00e4hte und die superflexible, wasserdichte und atmungsaktive Gore-Tex-Membran machen den Uragano zum perfekten Winterlaufschuh f\u00fcr Gel\u00e4ndel\u00e4ufer, die sich auf die Welt der Wintertrailrennen konzentrieren.<\/p>\n<p><strong>Oben:<\/strong><br \/>\nwasserabweisendes, abriebfestes Single-Mesh mit Sublimationsdruck + Sock-Shield Gaiter\u2122<br \/>\n<strong>Auskleidung:<\/strong><br \/>\nGore\u00ae Flex Konstruktion<br \/>\n<strong>Fu\u00dfbett:<\/strong><br \/>\nOrtholite Berglauf Ergonomisch 4 mm<br \/>\n<strong>Zwischensohle:<\/strong><br \/>\nMEMlex EVA-Injektion mit Stabilisatoreinsatz<br \/>\n<strong>Laufsohle:<\/strong><br \/>\nAT FriXion Verbindung kompatibel mit abnehmbaren AT Grip Spikes<\/div><\/div><\/div>\n","protected":false},"excerpt":{"rendered":"","protected":false},"featured_media":95098,"template":"","meta":{"_acf_changed":false,"inline_featured_image":false},"product_brand":[],"product_cat":[6474,6491],"product_tag":[6248,6220],"class_list":{"0":"post-94968","1":"product","2":"type-product","3":"status-publish","4":"has-post-thumbnail","6":"product_cat-damenschuhe","7":"product_cat-damentrailschuhe","8":"product_tag-la-sportiva-de","9":"product_tag-la-sportiva-damen-de","10":"pa_attivita-outdoor-de","11":"pa_attivita-trail-de","12":"pa_colore-uragano-gtx-w-crystal-cerise-de","13":"pa_marca-la-sportiva-de","14":"pa_sesso-damen","15":"pa_size-38-de","16":"pa_size-38-5-de","17":"pa_size-39-de","18":"pa_size-39-5-de","19":"pa_size-40-de","20":"pa_size-40-5-de","22":"first","23":"instock","24":"sale","25":"taxable","26":"shipping-taxable","27":"purchasable","28":"product-type-variable","29":"wvs-archive-product-wrapper"},"acf":[],"yoast_head":"<!-- This site is optimized with the Yoast SEO plugin v26.8 - https:\/\/yoast.com\/product\/yoast-seo-wordpress\/ -->\n<title>La sportivaUragano GTX damen - Damen-TrailSchuhe MioMioRun<\/title>\n<meta name=\"description\" content=\"Entdecken Sie den La Sportiva Tempesta GTX f\u00fcr Damen, einen Schuh mit integrierter Winterlaufgamasche, der f\u00fcr Wettk\u00e4mpfe in den Wintermonaten\" \/>\n<meta name=\"robots\" content=\"index, follow, max-snippet:-1, max-image-preview:large, max-video-preview:-1\" \/>\n<link rel=\"canonical\" href=\"https:\/\/www.miomiorun.com\/de\/produkt\/uragano-gtx-damen\/\" \/>\n<meta property=\"og:locale\" content=\"de_DE\" \/>\n<meta property=\"og:type\" content=\"article\" \/>\n<meta property=\"og:title\" content=\"La sportivaUragano GTX damen - Damen-TrailSchuhe MioMioRun\" \/>\n<meta property=\"og:description\" content=\"Entdecken Sie den La Sportiva Tempesta GTX f\u00fcr Damen, einen Schuh mit integrierter Winterlaufgamasche, der f\u00fcr Wettk\u00e4mpfe in den Wintermonaten\" \/>\n<meta property=\"og:url\" content=\"https:\/\/www.miomiorun.com\/de\/produkt\/uragano-gtx-damen\/\" \/>\n<meta property=\"og:site_name\" content=\"MioMioRun\" \/>\n<meta property=\"article:publisher\" content=\"https:\/\/www.facebook.com\/miomiorun\/\" \/>\n<meta property=\"article:modified_time\" content=\"2026-03-16T14:45:36+00:00\" \/>\n<meta property=\"og:image\" content=\"https:\/\/www.miomiorun.com\/app\/uploads\/2022\/02\/la-sportiva-uragano-GTX-46L900717.jpg\" \/>\n\t<meta property=\"og:image:width\" content=\"600\" \/>\n\t<meta property=\"og:image:height\" content=\"600\" \/>\n\t<meta property=\"og:image:type\" content=\"image\/jpeg\" \/>\n<meta name=\"twitter:card\" content=\"summary_large_image\" \/>\n<meta name=\"twitter:label1\" content=\"Est. reading time\" \/>\n\t<meta name=\"twitter:data1\" content=\"2 minutes\" \/>\n<script type=\"application\/ld+json\" class=\"yoast-schema-graph\">{\"@context\":\"https:\/\/schema.org\",\"@graph\":[{\"@type\":\"WebPage\",\"@id\":\"https:\/\/www.miomiorun.com\/de\/produkt\/uragano-gtx-damen\/\",\"url\":\"https:\/\/www.miomiorun.com\/de\/produkt\/uragano-gtx-damen\/\",\"name\":\"La sportivaUragano GTX damen - Damen-TrailSchuhe MioMioRun\",\"isPartOf\":{\"@id\":\"https:\/\/www.miomiorun.com\/de\/#website\"},\"primaryImageOfPage\":{\"@id\":\"https:\/\/www.miomiorun.com\/de\/produkt\/uragano-gtx-damen\/#primaryimage\"},\"image\":{\"@id\":\"https:\/\/www.miomiorun.com\/de\/produkt\/uragano-gtx-damen\/#primaryimage\"},\"thumbnailUrl\":\"https:\/\/www.miomiorun.com\/app\/uploads\/2022\/11\/la-sportiva-uragano-GTX-W-crystal-cerise-46L635409.jpg\",\"datePublished\":\"2022-02-10T11:02:13+00:00\",\"dateModified\":\"2026-03-16T14:45:36+00:00\",\"description\":\"Entdecken Sie den La Sportiva Tempesta GTX f\u00fcr Damen, einen Schuh mit integrierter Winterlaufgamasche, der f\u00fcr Wettk\u00e4mpfe in den Wintermonaten\",\"breadcrumb\":{\"@id\":\"https:\/\/www.miomiorun.com\/de\/produkt\/uragano-gtx-damen\/#breadcrumb\"},\"inLanguage\":\"de-DE\",\"potentialAction\":[{\"@type\":\"ReadAction\",\"target\":[\"https:\/\/www.miomiorun.com\/de\/produkt\/uragano-gtx-damen\/\"]}]},{\"@type\":\"ImageObject\",\"inLanguage\":\"de-DE\",\"@id\":\"https:\/\/www.miomiorun.com\/de\/produkt\/uragano-gtx-damen\/#primaryimage\",\"url\":\"https:\/\/www.miomiorun.com\/app\/uploads\/2022\/11\/la-sportiva-uragano-GTX-W-crystal-cerise-46L635409.jpg\",\"contentUrl\":\"https:\/\/www.miomiorun.com\/app\/uploads\/2022\/11\/la-sportiva-uragano-GTX-W-crystal-cerise-46L635409.jpg\",\"width\":600,\"height\":600,\"caption\":\"la-sportiva-uragano-GTX-W-crystal-cerise-46L635409\"},{\"@type\":\"BreadcrumbList\",\"@id\":\"https:\/\/www.miomiorun.com\/de\/produkt\/uragano-gtx-damen\/#breadcrumb\",\"itemListElement\":[{\"@type\":\"ListItem\",\"position\":1,\"name\":\"Home\",\"item\":\"https:\/\/www.miomiorun.com\/de\/\"},{\"@type\":\"ListItem\",\"position\":2,\"name\":\"Shop\",\"item\":\"https:\/\/www.miomiorun.com\/shop\/\"},{\"@type\":\"ListItem\",\"position\":3,\"name\":\"Uragano GTX damen\"}]},{\"@type\":\"WebSite\",\"@id\":\"https:\/\/www.miomiorun.com\/de\/#website\",\"url\":\"https:\/\/www.miomiorun.com\/de\/\",\"name\":\"MioMioRun\",\"description\":\"100% Lauf- und Trailshop\",\"publisher\":{\"@id\":\"https:\/\/www.miomiorun.com\/de\/#organization\"},\"potentialAction\":[{\"@type\":\"SearchAction\",\"target\":{\"@type\":\"EntryPoint\",\"urlTemplate\":\"https:\/\/www.miomiorun.com\/de\/?s={search_term_string}\"},\"query-input\":{\"@type\":\"PropertyValueSpecification\",\"valueRequired\":true,\"valueName\":\"search_term_string\"}}],\"inLanguage\":\"de-DE\"},{\"@type\":\"Organization\",\"@id\":\"https:\/\/www.miomiorun.com\/de\/#organization\",\"name\":\"MioMio Run\",\"url\":\"https:\/\/www.miomiorun.com\/de\/\",\"logo\":{\"@type\":\"ImageObject\",\"inLanguage\":\"de-DE\",\"@id\":\"https:\/\/www.miomiorun.com\/de\/#\/schema\/logo\/image\/\",\"url\":\"https:\/\/www.miomiorun.com\/app\/uploads\/2019\/12\/logomio.png\",\"contentUrl\":\"https:\/\/www.miomiorun.com\/app\/uploads\/2019\/12\/logomio.png\",\"width\":115,\"height\":82,\"caption\":\"MioMio Run\"},\"image\":{\"@id\":\"https:\/\/www.miomiorun.com\/de\/#\/schema\/logo\/image\/\"},\"sameAs\":[\"https:\/\/www.facebook.com\/miomiorun\/\",\"https:\/\/www.instagram.com\/miomiorun\/\"]}]}<\/script>\n<!-- \/ Yoast SEO plugin. -->","yoast_head_json":{"title":"La sportivaUragano GTX damen - Damen-TrailSchuhe MioMioRun","description":"Entdecken Sie den La Sportiva Tempesta GTX f\u00fcr Damen, einen Schuh mit integrierter Winterlaufgamasche, der f\u00fcr Wettk\u00e4mpfe in den Wintermonaten","robots":{"index":"index","follow":"follow","max-snippet":"max-snippet:-1","max-image-preview":"max-image-preview:large","max-video-preview":"max-video-preview:-1"},"canonical":"https:\/\/www.miomiorun.com\/de\/produkt\/uragano-gtx-damen\/","og_locale":"de_DE","og_type":"article","og_title":"La sportivaUragano GTX damen - Damen-TrailSchuhe MioMioRun","og_description":"Entdecken Sie den La Sportiva Tempesta GTX f\u00fcr Damen, einen Schuh mit integrierter Winterlaufgamasche, der f\u00fcr Wettk\u00e4mpfe in den Wintermonaten","og_url":"https:\/\/www.miomiorun.com\/de\/produkt\/uragano-gtx-damen\/","og_site_name":"MioMioRun","article_publisher":"https:\/\/www.facebook.com\/miomiorun\/","article_modified_time":"2026-03-16T14:45:36+00:00","og_image":[{"width":600,"height":600,"url":"https:\/\/www.miomiorun.com\/app\/uploads\/2022\/02\/la-sportiva-uragano-GTX-46L900717.jpg","type":"image\/jpeg"}],"twitter_card":"summary_large_image","twitter_misc":{"Est. reading time":"2 minutes"},"schema":{"@context":"https:\/\/schema.org","@graph":[{"@type":"WebPage","@id":"https:\/\/www.miomiorun.com\/de\/produkt\/uragano-gtx-damen\/","url":"https:\/\/www.miomiorun.com\/de\/produkt\/uragano-gtx-damen\/","name":"La sportivaUragano GTX damen - Damen-TrailSchuhe MioMioRun","isPartOf":{"@id":"https:\/\/www.miomiorun.com\/de\/#website"},"primaryImageOfPage":{"@id":"https:\/\/www.miomiorun.com\/de\/produkt\/uragano-gtx-damen\/#primaryimage"},"image":{"@id":"https:\/\/www.miomiorun.com\/de\/produkt\/uragano-gtx-damen\/#primaryimage"},"thumbnailUrl":"https:\/\/www.miomiorun.com\/app\/uploads\/2022\/11\/la-sportiva-uragano-GTX-W-crystal-cerise-46L635409.jpg","datePublished":"2022-02-10T11:02:13+00:00","dateModified":"2026-03-16T14:45:36+00:00","description":"Entdecken Sie den La Sportiva Tempesta GTX f\u00fcr Damen, einen Schuh mit integrierter Winterlaufgamasche, der f\u00fcr Wettk\u00e4mpfe in den Wintermonaten","breadcrumb":{"@id":"https:\/\/www.miomiorun.com\/de\/produkt\/uragano-gtx-damen\/#breadcrumb"},"inLanguage":"de-DE","potentialAction":[{"@type":"ReadAction","target":["https:\/\/www.miomiorun.com\/de\/produkt\/uragano-gtx-damen\/"]}]},{"@type":"ImageObject","inLanguage":"de-DE","@id":"https:\/\/www.miomiorun.com\/de\/produkt\/uragano-gtx-damen\/#primaryimage","url":"https:\/\/www.miomiorun.com\/app\/uploads\/2022\/11\/la-sportiva-uragano-GTX-W-crystal-cerise-46L635409.jpg","contentUrl":"https:\/\/www.miomiorun.com\/app\/uploads\/2022\/11\/la-sportiva-uragano-GTX-W-crystal-cerise-46L635409.jpg","width":600,"height":600,"caption":"la-sportiva-uragano-GTX-W-crystal-cerise-46L635409"},{"@type":"BreadcrumbList","@id":"https:\/\/www.miomiorun.com\/de\/produkt\/uragano-gtx-damen\/#breadcrumb","itemListElement":[{"@type":"ListItem","position":1,"name":"Home","item":"https:\/\/www.miomiorun.com\/de\/"},{"@type":"ListItem","position":2,"name":"Shop","item":"https:\/\/www.miomiorun.com\/shop\/"},{"@type":"ListItem","position":3,"name":"Uragano GTX damen"}]},{"@type":"WebSite","@id":"https:\/\/www.miomiorun.com\/de\/#website","url":"https:\/\/www.miomiorun.com\/de\/","name":"MioMioRun","description":"100% Lauf- und Trailshop","publisher":{"@id":"https:\/\/www.miomiorun.com\/de\/#organization"},"potentialAction":[{"@type":"SearchAction","target":{"@type":"EntryPoint","urlTemplate":"https:\/\/www.miomiorun.com\/de\/?s={search_term_string}"},"query-input":{"@type":"PropertyValueSpecification","valueRequired":true,"valueName":"search_term_string"}}],"inLanguage":"de-DE"},{"@type":"Organization","@id":"https:\/\/www.miomiorun.com\/de\/#organization","name":"MioMio Run","url":"https:\/\/www.miomiorun.com\/de\/","logo":{"@type":"ImageObject","inLanguage":"de-DE","@id":"https:\/\/www.miomiorun.com\/de\/#\/schema\/logo\/image\/","url":"https:\/\/www.miomiorun.com\/app\/uploads\/2019\/12\/logomio.png","contentUrl":"https:\/\/www.miomiorun.com\/app\/uploads\/2019\/12\/logomio.png","width":115,"height":82,"caption":"MioMio Run"},"image":{"@id":"https:\/\/www.miomiorun.com\/de\/#\/schema\/logo\/image\/"},"sameAs":["https:\/\/www.facebook.com\/miomiorun\/","https:\/\/www.instagram.com\/miomiorun\/"]}]}},"_links":{"self":[{"href":"https:\/\/www.miomiorun.com\/de\/wp-json\/wp\/v2\/product\/94968","targetHints":{"allow":["GET"]}}],"collection":[{"href":"https:\/\/www.miomiorun.com\/de\/wp-json\/wp\/v2\/product"}],"about":[{"href":"https:\/\/www.miomiorun.com\/de\/wp-json\/wp\/v2\/types\/product"}],"wp:featuredmedia":[{"embeddable":true,"href":"https:\/\/www.miomiorun.com\/de\/wp-json\/wp\/v2\/media\/95098"}],"wp:attachment":[{"href":"https:\/\/www.miomiorun.com\/de\/wp-json\/wp\/v2\/media?parent=94968"}],"wp:term":[{"taxonomy":"product_brand","embeddable":true,"href":"https:\/\/www.miomiorun.com\/de\/wp-json\/wp\/v2\/product_brand?post=94968"},{"taxonomy":"product_cat","embeddable":true,"href":"https:\/\/www.miomiorun.com\/de\/wp-json\/wp\/v2\/product_cat?post=94968"},{"taxonomy":"product_tag","embeddable":true,"href":"https:\/\/www.miomiorun.com\/de\/wp-json\/wp\/v2\/product_tag?post=94968"}],"curies":[{"name":"wp","href":"https:\/\/api.w.org\/{rel}","templated":true}]}}