{"id":94915,"date":"2022-03-15T11:46:27","date_gmt":"2022-03-15T10:46:27","guid":{"rendered":"https:\/\/miomiorun.com\/prodotto\/la-sportiva-akasha-ii-donna\/"},"modified":"2025-03-15T18:06:42","modified_gmt":"2025-03-15T17:06:42","slug":"akasha-ii-damen","status":"publish","type":"product","link":"https:\/\/www.miomiorun.com\/de\/produkt\/akasha-ii-damen\/","title":{"rendered":"Akasha II damen"},"content":{"rendered":"<div class=\"vc-row container\"><div class=\"vc-column\"><div class=\"vc-column-text\"><\/p>\n<p><strong>Technische Daten<\/strong><\/p>\n<p>Kategorie: Top-D\u00e4mpfung<br \/>\nVersatz: 6 mm<br \/>\nGewicht: 260 g<br \/>\nIdeal f\u00fcr: L\u00e4ufer und Bergwanderer, die ein transversales Modell suchen, das sowohl auf langen als auch auf mittleren Strecken Traktion, Schutz und eine bequeme Passform bietet.<br \/>\nGewicht des Athleten: 60-70 kg<br \/>\nLauftempo : mittel-langsam (&gt;5.00 min\/km)<br \/>\n<a href=\"https:\/\/miomiorun.com\/de\/leitfaden-fuer-technische-spezifikationen\/\">Leitfaden f\u00fcr technische Spezifikationen<\/a><\/p>\n<p><\/div><\/div><div class=\"vc-column\"><div class=\"vc-column-text\">Der <strong>Akasha II<\/strong> f\u00fcr Damen bietet die perfekte Kombination aus D\u00e4mpfung, Reaktionsfreudigkeit und Sohlentraktion und ist der Schuh der Wahl f\u00fcr Traill\u00e4uferinnen, die auf technischem Terrain oder bei hohen Laufleistungen unterwegs sind. Zus\u00e4tzlich zu den kosmetischen \u00c4nderungen konzentrieren sich die 2022 vorgenommenen Aktualisierungen des <strong>Akasha II<\/strong> auf verbesserte Haltbarkeit, Schutz und Atmungsaktivit\u00e4t.<\/p>\n<p><strong>Merkmale:<\/strong><\/p>\n<ul>\n<li>Das hoch atmungsaktive 3D-AirMesh-Obermaterial ist sehr anpassungsf\u00e4hig und passt sich jedem Fu\u00dfvolumen an.<\/li>\n<li>Dynamic ProTechTion\u2122 HF-Au\u00dfenschichten im Vorfu\u00dfbereich bieten leichten und flexiblen Schutz.<\/li>\n<li>Zweifach eingespritztes MEMlex EVA reduziert St\u00f6\u00dfe beim Laufen auf felsigem und schwierigem Terrain, w\u00e4hrend die D\u00e4mpfungsplattform Kilometer f\u00fcr Kilometer ein federndes Gef\u00fchl unter den F\u00fc\u00dfen garantiert<\/li>\n<li>Die FriXion\u00ae XT-Au\u00dfensohle und der Trail Rocker sorgen nicht nur f\u00fcr Traktion, sondern f\u00f6rdern auch eine reibungslose, flie\u00dfende Bewegung von der Ferse bis zu den Zehen f\u00fcr einen ungehinderten Schritt.<\/li>\n<li>Die STB-Stabilisierungstechnologie auf beiden Seiten der Zwischensohle reduziert die Torsion und erh\u00f6ht die Stabilit\u00e4t f\u00fcr pr\u00e4zise Kontrolle auf jedem Terrain.<\/li>\n<\/ul>\n<p><\/div><\/div><\/div>\n","protected":false},"excerpt":{"rendered":"","protected":false},"featured_media":63813,"template":"","meta":{"_acf_changed":false,"inline_featured_image":false},"product_brand":[],"product_cat":[6474,6491],"product_tag":[6248,6220],"class_list":{"0":"post-94915","1":"product","2":"type-product","3":"status-publish","4":"has-post-thumbnail","6":"product_cat-damenschuhe","7":"product_cat-damentrailschuhe","8":"product_tag-la-sportiva-de","9":"product_tag-la-sportiva-damen-de","10":"pa_attivita-outdoor-de","11":"pa_attivita-trail-de","12":"pa_colore-akasha-ii-w-limestone-cypress-de","13":"pa_colore-akasha-ii-w-shadow-red-plum-de","14":"pa_colore-akasha-ii-w-springtime-cherry-tomato-de","15":"pa_colore-akasha-ii-w-topaz-red-plum-de","16":"pa_colore-akasha-ii-w-hibiscus-malibu-blue-de","17":"pa_marca-la-sportiva-de","18":"pa_sesso-damen","19":"pa_size-37-5-de","20":"pa_size-38-de","21":"pa_size-38-5-de","22":"pa_size-39-de","23":"pa_size-39-5-de","24":"pa_size-40-de","25":"pa_size-40-5-de","26":"pa_size-41-5-de","27":"pa_size-42-de","29":"first","30":"instock","31":"sale","32":"taxable","33":"shipping-taxable","34":"purchasable","35":"product-type-variable","36":"wvs-archive-product-wrapper"},"acf":[],"yoast_head":"<!-- This site is optimized with the Yoast SEO plugin v26.8 - https:\/\/yoast.com\/product\/yoast-seo-wordpress\/ -->\n<title>La sportiva Akasha II damen - Damen-Trail-Schuhe MioMioRun<\/title>\n<meta name=\"description\" content=\"Die Kombination aus D\u00e4mpfung, Reaktionsf\u00e4higkeit und Sohlentraktion macht den Akasha II f\u00fcr Damen zum Schuh der Wahl f\u00fcr Traill\u00e4uferinnen.\" \/>\n<meta name=\"robots\" content=\"index, follow, max-snippet:-1, max-image-preview:large, max-video-preview:-1\" \/>\n<link rel=\"canonical\" href=\"https:\/\/www.miomiorun.com\/de\/produkt\/akasha-ii-damen\/\" \/>\n<meta property=\"og:locale\" content=\"de_DE\" \/>\n<meta property=\"og:type\" content=\"article\" \/>\n<meta property=\"og:title\" content=\"La sportiva Akasha II damen - Damen-Trail-Schuhe MioMioRun\" \/>\n<meta property=\"og:description\" content=\"Die Kombination aus D\u00e4mpfung, Reaktionsf\u00e4higkeit und Sohlentraktion macht den Akasha II f\u00fcr Damen zum Schuh der Wahl f\u00fcr Traill\u00e4uferinnen.\" \/>\n<meta property=\"og:url\" content=\"https:\/\/www.miomiorun.com\/de\/produkt\/akasha-ii-damen\/\" \/>\n<meta property=\"og:site_name\" content=\"MioMioRun\" \/>\n<meta property=\"article:publisher\" content=\"https:\/\/www.facebook.com\/miomiorun\/\" \/>\n<meta property=\"article:modified_time\" content=\"2025-03-15T17:06:42+00:00\" \/>\n<meta property=\"og:image\" content=\"https:\/\/www.miomiorun.com\/app\/uploads\/2022\/03\/la-sportiva-akasha-II-W-hibiscus-malibu-blue-56B402602.jpg\" \/>\n\t<meta property=\"og:image:width\" content=\"600\" \/>\n\t<meta property=\"og:image:height\" content=\"600\" \/>\n\t<meta property=\"og:image:type\" content=\"image\/jpeg\" \/>\n<meta name=\"twitter:card\" content=\"summary_large_image\" \/>\n<meta name=\"twitter:label1\" content=\"Est. reading time\" \/>\n\t<meta name=\"twitter:data1\" content=\"1 minute\" \/>\n<script type=\"application\/ld+json\" class=\"yoast-schema-graph\">{\"@context\":\"https:\/\/schema.org\",\"@graph\":[{\"@type\":\"WebPage\",\"@id\":\"https:\/\/www.miomiorun.com\/de\/produkt\/akasha-ii-damen\/\",\"url\":\"https:\/\/www.miomiorun.com\/de\/produkt\/akasha-ii-damen\/\",\"name\":\"La sportiva Akasha II damen - Damen-Trail-Schuhe MioMioRun\",\"isPartOf\":{\"@id\":\"https:\/\/www.miomiorun.com\/de\/#website\"},\"primaryImageOfPage\":{\"@id\":\"https:\/\/www.miomiorun.com\/de\/produkt\/akasha-ii-damen\/#primaryimage\"},\"image\":{\"@id\":\"https:\/\/www.miomiorun.com\/de\/produkt\/akasha-ii-damen\/#primaryimage\"},\"thumbnailUrl\":\"https:\/\/www.miomiorun.com\/app\/uploads\/2022\/03\/la-sportiva-akasha-II-W-hibiscus-malibu-blue-56B402602.jpg\",\"datePublished\":\"2022-03-15T10:46:27+00:00\",\"dateModified\":\"2025-03-15T17:06:42+00:00\",\"description\":\"Die Kombination aus D\u00e4mpfung, Reaktionsf\u00e4higkeit und Sohlentraktion macht den Akasha II f\u00fcr Damen zum Schuh der Wahl f\u00fcr Traill\u00e4uferinnen.\",\"breadcrumb\":{\"@id\":\"https:\/\/www.miomiorun.com\/de\/produkt\/akasha-ii-damen\/#breadcrumb\"},\"inLanguage\":\"de-DE\",\"potentialAction\":[{\"@type\":\"ReadAction\",\"target\":[\"https:\/\/www.miomiorun.com\/de\/produkt\/akasha-ii-damen\/\"]}]},{\"@type\":\"ImageObject\",\"inLanguage\":\"de-DE\",\"@id\":\"https:\/\/www.miomiorun.com\/de\/produkt\/akasha-ii-damen\/#primaryimage\",\"url\":\"https:\/\/www.miomiorun.com\/app\/uploads\/2022\/03\/la-sportiva-akasha-II-W-hibiscus-malibu-blue-56B402602.jpg\",\"contentUrl\":\"https:\/\/www.miomiorun.com\/app\/uploads\/2022\/03\/la-sportiva-akasha-II-W-hibiscus-malibu-blue-56B402602.jpg\",\"width\":600,\"height\":600,\"caption\":\"la-sportiva-akasha-II-W-hibiscus-malibu-blue-56B402602\"},{\"@type\":\"BreadcrumbList\",\"@id\":\"https:\/\/www.miomiorun.com\/de\/produkt\/akasha-ii-damen\/#breadcrumb\",\"itemListElement\":[{\"@type\":\"ListItem\",\"position\":1,\"name\":\"Home\",\"item\":\"https:\/\/www.miomiorun.com\/de\/\"},{\"@type\":\"ListItem\",\"position\":2,\"name\":\"Shop\",\"item\":\"https:\/\/www.miomiorun.com\/shop\/\"},{\"@type\":\"ListItem\",\"position\":3,\"name\":\"Akasha II damen\"}]},{\"@type\":\"WebSite\",\"@id\":\"https:\/\/www.miomiorun.com\/de\/#website\",\"url\":\"https:\/\/www.miomiorun.com\/de\/\",\"name\":\"MioMioRun\",\"description\":\"100% Lauf- und Trailshop\",\"publisher\":{\"@id\":\"https:\/\/www.miomiorun.com\/de\/#organization\"},\"potentialAction\":[{\"@type\":\"SearchAction\",\"target\":{\"@type\":\"EntryPoint\",\"urlTemplate\":\"https:\/\/www.miomiorun.com\/de\/?s={search_term_string}\"},\"query-input\":{\"@type\":\"PropertyValueSpecification\",\"valueRequired\":true,\"valueName\":\"search_term_string\"}}],\"inLanguage\":\"de-DE\"},{\"@type\":\"Organization\",\"@id\":\"https:\/\/www.miomiorun.com\/de\/#organization\",\"name\":\"MioMio Run\",\"url\":\"https:\/\/www.miomiorun.com\/de\/\",\"logo\":{\"@type\":\"ImageObject\",\"inLanguage\":\"de-DE\",\"@id\":\"https:\/\/www.miomiorun.com\/de\/#\/schema\/logo\/image\/\",\"url\":\"https:\/\/www.miomiorun.com\/app\/uploads\/2019\/12\/logomio.png\",\"contentUrl\":\"https:\/\/www.miomiorun.com\/app\/uploads\/2019\/12\/logomio.png\",\"width\":115,\"height\":82,\"caption\":\"MioMio Run\"},\"image\":{\"@id\":\"https:\/\/www.miomiorun.com\/de\/#\/schema\/logo\/image\/\"},\"sameAs\":[\"https:\/\/www.facebook.com\/miomiorun\/\",\"https:\/\/www.instagram.com\/miomiorun\/\"]}]}<\/script>\n<!-- \/ Yoast SEO plugin. -->","yoast_head_json":{"title":"La sportiva Akasha II damen - Damen-Trail-Schuhe MioMioRun","description":"Die Kombination aus D\u00e4mpfung, Reaktionsf\u00e4higkeit und Sohlentraktion macht den Akasha II f\u00fcr Damen zum Schuh der Wahl f\u00fcr Traill\u00e4uferinnen.","robots":{"index":"index","follow":"follow","max-snippet":"max-snippet:-1","max-image-preview":"max-image-preview:large","max-video-preview":"max-video-preview:-1"},"canonical":"https:\/\/www.miomiorun.com\/de\/produkt\/akasha-ii-damen\/","og_locale":"de_DE","og_type":"article","og_title":"La sportiva Akasha II damen - Damen-Trail-Schuhe MioMioRun","og_description":"Die Kombination aus D\u00e4mpfung, Reaktionsf\u00e4higkeit und Sohlentraktion macht den Akasha II f\u00fcr Damen zum Schuh der Wahl f\u00fcr Traill\u00e4uferinnen.","og_url":"https:\/\/www.miomiorun.com\/de\/produkt\/akasha-ii-damen\/","og_site_name":"MioMioRun","article_publisher":"https:\/\/www.facebook.com\/miomiorun\/","article_modified_time":"2025-03-15T17:06:42+00:00","og_image":[{"width":600,"height":600,"url":"https:\/\/www.miomiorun.com\/app\/uploads\/2022\/03\/la-sportiva-akasha-II-W-hibiscus-malibu-blue-56B402602.jpg","type":"image\/jpeg"}],"twitter_card":"summary_large_image","twitter_misc":{"Est. reading time":"1 minute"},"schema":{"@context":"https:\/\/schema.org","@graph":[{"@type":"WebPage","@id":"https:\/\/www.miomiorun.com\/de\/produkt\/akasha-ii-damen\/","url":"https:\/\/www.miomiorun.com\/de\/produkt\/akasha-ii-damen\/","name":"La sportiva Akasha II damen - Damen-Trail-Schuhe MioMioRun","isPartOf":{"@id":"https:\/\/www.miomiorun.com\/de\/#website"},"primaryImageOfPage":{"@id":"https:\/\/www.miomiorun.com\/de\/produkt\/akasha-ii-damen\/#primaryimage"},"image":{"@id":"https:\/\/www.miomiorun.com\/de\/produkt\/akasha-ii-damen\/#primaryimage"},"thumbnailUrl":"https:\/\/www.miomiorun.com\/app\/uploads\/2022\/03\/la-sportiva-akasha-II-W-hibiscus-malibu-blue-56B402602.jpg","datePublished":"2022-03-15T10:46:27+00:00","dateModified":"2025-03-15T17:06:42+00:00","description":"Die Kombination aus D\u00e4mpfung, Reaktionsf\u00e4higkeit und Sohlentraktion macht den Akasha II f\u00fcr Damen zum Schuh der Wahl f\u00fcr Traill\u00e4uferinnen.","breadcrumb":{"@id":"https:\/\/www.miomiorun.com\/de\/produkt\/akasha-ii-damen\/#breadcrumb"},"inLanguage":"de-DE","potentialAction":[{"@type":"ReadAction","target":["https:\/\/www.miomiorun.com\/de\/produkt\/akasha-ii-damen\/"]}]},{"@type":"ImageObject","inLanguage":"de-DE","@id":"https:\/\/www.miomiorun.com\/de\/produkt\/akasha-ii-damen\/#primaryimage","url":"https:\/\/www.miomiorun.com\/app\/uploads\/2022\/03\/la-sportiva-akasha-II-W-hibiscus-malibu-blue-56B402602.jpg","contentUrl":"https:\/\/www.miomiorun.com\/app\/uploads\/2022\/03\/la-sportiva-akasha-II-W-hibiscus-malibu-blue-56B402602.jpg","width":600,"height":600,"caption":"la-sportiva-akasha-II-W-hibiscus-malibu-blue-56B402602"},{"@type":"BreadcrumbList","@id":"https:\/\/www.miomiorun.com\/de\/produkt\/akasha-ii-damen\/#breadcrumb","itemListElement":[{"@type":"ListItem","position":1,"name":"Home","item":"https:\/\/www.miomiorun.com\/de\/"},{"@type":"ListItem","position":2,"name":"Shop","item":"https:\/\/www.miomiorun.com\/shop\/"},{"@type":"ListItem","position":3,"name":"Akasha II damen"}]},{"@type":"WebSite","@id":"https:\/\/www.miomiorun.com\/de\/#website","url":"https:\/\/www.miomiorun.com\/de\/","name":"MioMioRun","description":"100% Lauf- und Trailshop","publisher":{"@id":"https:\/\/www.miomiorun.com\/de\/#organization"},"potentialAction":[{"@type":"SearchAction","target":{"@type":"EntryPoint","urlTemplate":"https:\/\/www.miomiorun.com\/de\/?s={search_term_string}"},"query-input":{"@type":"PropertyValueSpecification","valueRequired":true,"valueName":"search_term_string"}}],"inLanguage":"de-DE"},{"@type":"Organization","@id":"https:\/\/www.miomiorun.com\/de\/#organization","name":"MioMio Run","url":"https:\/\/www.miomiorun.com\/de\/","logo":{"@type":"ImageObject","inLanguage":"de-DE","@id":"https:\/\/www.miomiorun.com\/de\/#\/schema\/logo\/image\/","url":"https:\/\/www.miomiorun.com\/app\/uploads\/2019\/12\/logomio.png","contentUrl":"https:\/\/www.miomiorun.com\/app\/uploads\/2019\/12\/logomio.png","width":115,"height":82,"caption":"MioMio Run"},"image":{"@id":"https:\/\/www.miomiorun.com\/de\/#\/schema\/logo\/image\/"},"sameAs":["https:\/\/www.facebook.com\/miomiorun\/","https:\/\/www.instagram.com\/miomiorun\/"]}]}},"_links":{"self":[{"href":"https:\/\/www.miomiorun.com\/de\/wp-json\/wp\/v2\/product\/94915","targetHints":{"allow":["GET"]}}],"collection":[{"href":"https:\/\/www.miomiorun.com\/de\/wp-json\/wp\/v2\/product"}],"about":[{"href":"https:\/\/www.miomiorun.com\/de\/wp-json\/wp\/v2\/types\/product"}],"wp:featuredmedia":[{"embeddable":true,"href":"https:\/\/www.miomiorun.com\/de\/wp-json\/wp\/v2\/media\/63813"}],"wp:attachment":[{"href":"https:\/\/www.miomiorun.com\/de\/wp-json\/wp\/v2\/media?parent=94915"}],"wp:term":[{"taxonomy":"product_brand","embeddable":true,"href":"https:\/\/www.miomiorun.com\/de\/wp-json\/wp\/v2\/product_brand?post=94915"},{"taxonomy":"product_cat","embeddable":true,"href":"https:\/\/www.miomiorun.com\/de\/wp-json\/wp\/v2\/product_cat?post=94915"},{"taxonomy":"product_tag","embeddable":true,"href":"https:\/\/www.miomiorun.com\/de\/wp-json\/wp\/v2\/product_tag?post=94915"}],"curies":[{"name":"wp","href":"https:\/\/api.w.org\/{rel}","templated":true}]}}