{"id":94587,"date":"2022-10-20T11:51:11","date_gmt":"2022-10-20T09:51:11","guid":{"rendered":"https:\/\/miomiorun.com\/prodotto\/endorphin-kids\/"},"modified":"2026-04-09T21:29:10","modified_gmt":"2026-04-09T19:29:10","slug":"endorphin-kids","status":"publish","type":"product","link":"https:\/\/www.miomiorun.com\/de\/produkt\/endorphin-kids\/","title":{"rendered":"Endorphin Kids"},"content":{"rendered":"<div class=\"vc-row container\"><div class=\"vc-column\"><div class=\"vc-column-text\"><\/p>\n<h4>Technische Daten<\/h4>\n<p>Kategorie: Strukturierte D\u00e4mpfung<br \/>\nVersatz: 4mm<br \/>\nAm besten geeignet f\u00fcr: Jungs, die einen Schuh mit guter D\u00e4mpfung und Struktur brauchen. Ideal f\u00fcr die ersten sportlichen Ann\u00e4herungen oder f\u00fcr Kids, die schon eher mittellange Distanzen in Angriff nehmen.<br \/>\n<a href=\"https:\/\/miomiorun.com\/de\/leitfaden-fuer-technische-spezifikationen\/\"> Leitfaden zu technischen Spezifikationen <\/a><\/p>\n<p><\/div><\/div><div class=\"vc-column\"><div class=\"vc-column-text\"><\/p>\n<div class=\"bfx-product-desc col-xs-12 col-md-6\">\n<div class=\"description\">Teil der Endorphin-Kollektion, die Sie lieben, speziell f\u00fcr Kinder entworfen.<\/div>\n<div class=\"description\">Widerstandsf\u00e4hig und atmungsaktiv erm\u00f6glicht es Kindern, das zu tun, was sie am besten k\u00f6nnen: laufen und spielen. Die <strong> Endorphin KDZ <\/strong> sind mit einer h\u00f6heren Zehenpartie ausgestattet, die Kinder dank einer Zwischensohle, die von der SPEEDROLL-Technologie f\u00fcr Erwachsene inspiriert wurde, nach vorne dr\u00fcckt.<\/div>\n<\/div>\n<div><\/div>\n<div><strong> EIGENSCHAFTEN: <\/strong><\/div>\n<div>-Die von der SPEEDROLL-Technologie f\u00fcr Erwachsene inspirierte Zwischensohle sorgt f\u00fcr einen h\u00f6heren Zehenbereich, der Kinder nach vorne dr\u00fcckt<br \/>\n&#8211; Eine dickere Zwischensohle mit PWRRUN-D\u00e4mpfung bietet reichlich Federung und ein weiches, aber reaktionsfreudiges Gef\u00fchl<br \/>\n-Tropfen von 4 mm<br \/>\n-Hochleistungs-FORMFIT-geformtes Fu\u00dfbett<br \/>\n-Traditioneller Spitzenverschluss<br \/>\n-Leichtes Mesh-Obermaterial f\u00fcr Atmungsaktivit\u00e4t<br \/>\n-Verst\u00e4rkte Zehenkappe f\u00fcr Strapazierf\u00e4higkeit<br \/>\n&#8211; Futter aus recyceltem PET<br \/>\n-Das Anti-Stink-Futter hilft, Ger\u00fcche zu reduzieren<br \/>\n&#8211; Nicht abf\u00e4rbende Vollgummisohle f\u00fcr Strapazierf\u00e4higkeit<\/div>\n<div><\/div>\n<p><\/div><\/div><\/div>\n","protected":false},"excerpt":{"rendered":"<p>-Verst\u00e4rkte Zehenkappe f\u00fcr Strapazierf\u00e4higkeit<br \/>\n&#8211; Futter aus recyceltem PET<br \/>\n-Das Anti-Stink-Futter hilft, Ger\u00fcche zu reduzieren<\/p>\n","protected":false},"featured_media":92340,"template":"","meta":{"_acf_changed":false,"inline_featured_image":false},"product_brand":[],"product_cat":[19446,19445,6399],"product_tag":[3391,6273,6277],"class_list":{"0":"post-94587","1":"product","2":"type-product","3":"status-publish","4":"has-post-thumbnail","6":"product_cat-kinderschuhe","7":"product_cat-schuhe-fur-madchen","8":"product_cat-kind-de","9":"product_tag-saucony-de","10":"product_tag-saucony-kind-de","11":"product_tag-saucony-maedchen-de","12":"pa_attivita-fitness-de","13":"pa_attivita-gehen","14":"pa_attivita-lifestyle-de","15":"pa_attivita-running-de","16":"pa_colore-endorphin-kdz-blu-silver-de","17":"pa_colore-endorphin-kdz-magenta-de","18":"pa_colore-endorphin-kdz-navy-citron-de","19":"pa_colore-endorphin-kdz-orange-grey-de","20":"pa_colore-endorphin-kdz-black-gold-de","21":"pa_marca-saucony-de","22":"pa_sesso-damen","23":"pa_sesso-herren","24":"pa_size-32-de","25":"pa_size-33-de","26":"pa_size-33-5-de","27":"pa_size-35-5-de","28":"pa_size-36-de","29":"pa_size-37-de","30":"pa_size-37-5-de","32":"first","33":"instock","34":"sale","35":"taxable","36":"shipping-taxable","37":"purchasable","38":"product-type-variable","39":"wvs-archive-product-wrapper"},"acf":[],"yoast_head":"<!-- This site is optimized with the Yoast SEO plugin v26.8 - https:\/\/yoast.com\/product\/yoast-seo-wordpress\/ -->\n<title>Endorphin Kids - kinder laufschuhe - MioMioRun<\/title>\n<meta name=\"description\" content=\"Teil der Endorphin-Kollektion, die Sie lieben, speziell f\u00fcr Kinder entwickelt. Langlebig und atmungsaktiv, erm\u00f6glicht es Kindern, frei herumzulaufen\" \/>\n<meta name=\"robots\" content=\"index, follow, max-snippet:-1, max-image-preview:large, max-video-preview:-1\" \/>\n<link rel=\"canonical\" href=\"https:\/\/www.miomiorun.com\/de\/produkt\/endorphin-kids\/\" \/>\n<meta property=\"og:locale\" content=\"de_DE\" \/>\n<meta property=\"og:type\" content=\"article\" \/>\n<meta property=\"og:title\" content=\"Endorphin Kids - kinder laufschuhe - MioMioRun\" \/>\n<meta property=\"og:description\" content=\"Teil der Endorphin-Kollektion, die Sie lieben, speziell f\u00fcr Kinder entwickelt. Langlebig und atmungsaktiv, erm\u00f6glicht es Kindern, frei herumzulaufen\" \/>\n<meta property=\"og:url\" content=\"https:\/\/www.miomiorun.com\/de\/produkt\/endorphin-kids\/\" \/>\n<meta property=\"og:site_name\" content=\"MioMioRun\" \/>\n<meta property=\"article:publisher\" content=\"https:\/\/www.facebook.com\/miomiorun\/\" \/>\n<meta property=\"article:modified_time\" content=\"2026-04-09T19:29:10+00:00\" \/>\n<meta property=\"og:image\" content=\"https:\/\/www.miomiorun.com\/app\/uploads\/2022\/10\/saucony-endorphin-kdz-vizi-gold-SK265787.jpg\" \/>\n\t<meta property=\"og:image:width\" content=\"600\" \/>\n\t<meta property=\"og:image:height\" content=\"600\" \/>\n\t<meta property=\"og:image:type\" content=\"image\/jpeg\" \/>\n<meta name=\"twitter:card\" content=\"summary_large_image\" \/>\n<meta name=\"twitter:label1\" content=\"Est. reading time\" \/>\n\t<meta name=\"twitter:data1\" content=\"1 minute\" \/>\n<script type=\"application\/ld+json\" class=\"yoast-schema-graph\">{\"@context\":\"https:\/\/schema.org\",\"@graph\":[{\"@type\":\"WebPage\",\"@id\":\"https:\/\/www.miomiorun.com\/de\/produkt\/endorphin-kids\/\",\"url\":\"https:\/\/www.miomiorun.com\/de\/produkt\/endorphin-kids\/\",\"name\":\"Endorphin Kids - kinder laufschuhe - MioMioRun\",\"isPartOf\":{\"@id\":\"https:\/\/www.miomiorun.com\/de\/#website\"},\"primaryImageOfPage\":{\"@id\":\"https:\/\/www.miomiorun.com\/de\/produkt\/endorphin-kids\/#primaryimage\"},\"image\":{\"@id\":\"https:\/\/www.miomiorun.com\/de\/produkt\/endorphin-kids\/#primaryimage\"},\"thumbnailUrl\":\"https:\/\/www.miomiorun.com\/app\/uploads\/2022\/10\/saucony-endorphin-kdz-vizi-gold-SK265787.jpg\",\"datePublished\":\"2022-10-20T09:51:11+00:00\",\"dateModified\":\"2026-04-09T19:29:10+00:00\",\"description\":\"Teil der Endorphin-Kollektion, die Sie lieben, speziell f\u00fcr Kinder entwickelt. Langlebig und atmungsaktiv, erm\u00f6glicht es Kindern, frei herumzulaufen\",\"breadcrumb\":{\"@id\":\"https:\/\/www.miomiorun.com\/de\/produkt\/endorphin-kids\/#breadcrumb\"},\"inLanguage\":\"de-DE\",\"potentialAction\":[{\"@type\":\"ReadAction\",\"target\":[\"https:\/\/www.miomiorun.com\/de\/produkt\/endorphin-kids\/\"]}]},{\"@type\":\"ImageObject\",\"inLanguage\":\"de-DE\",\"@id\":\"https:\/\/www.miomiorun.com\/de\/produkt\/endorphin-kids\/#primaryimage\",\"url\":\"https:\/\/www.miomiorun.com\/app\/uploads\/2022\/10\/saucony-endorphin-kdz-vizi-gold-SK265787.jpg\",\"contentUrl\":\"https:\/\/www.miomiorun.com\/app\/uploads\/2022\/10\/saucony-endorphin-kdz-vizi-gold-SK265787.jpg\",\"width\":600,\"height\":600,\"caption\":\"saucony-endorphin-kdz-vizi-gold-SK265787\"},{\"@type\":\"BreadcrumbList\",\"@id\":\"https:\/\/www.miomiorun.com\/de\/produkt\/endorphin-kids\/#breadcrumb\",\"itemListElement\":[{\"@type\":\"ListItem\",\"position\":1,\"name\":\"Home\",\"item\":\"https:\/\/www.miomiorun.com\/de\/\"},{\"@type\":\"ListItem\",\"position\":2,\"name\":\"Shop\",\"item\":\"https:\/\/www.miomiorun.com\/shop\/\"},{\"@type\":\"ListItem\",\"position\":3,\"name\":\"Endorphin Kids\"}]},{\"@type\":\"WebSite\",\"@id\":\"https:\/\/www.miomiorun.com\/de\/#website\",\"url\":\"https:\/\/www.miomiorun.com\/de\/\",\"name\":\"MioMioRun\",\"description\":\"100% Lauf- und Trailshop\",\"publisher\":{\"@id\":\"https:\/\/www.miomiorun.com\/de\/#organization\"},\"potentialAction\":[{\"@type\":\"SearchAction\",\"target\":{\"@type\":\"EntryPoint\",\"urlTemplate\":\"https:\/\/www.miomiorun.com\/de\/?s={search_term_string}\"},\"query-input\":{\"@type\":\"PropertyValueSpecification\",\"valueRequired\":true,\"valueName\":\"search_term_string\"}}],\"inLanguage\":\"de-DE\"},{\"@type\":\"Organization\",\"@id\":\"https:\/\/www.miomiorun.com\/de\/#organization\",\"name\":\"MioMio Run\",\"url\":\"https:\/\/www.miomiorun.com\/de\/\",\"logo\":{\"@type\":\"ImageObject\",\"inLanguage\":\"de-DE\",\"@id\":\"https:\/\/www.miomiorun.com\/de\/#\/schema\/logo\/image\/\",\"url\":\"https:\/\/www.miomiorun.com\/app\/uploads\/2019\/12\/logomio.png\",\"contentUrl\":\"https:\/\/www.miomiorun.com\/app\/uploads\/2019\/12\/logomio.png\",\"width\":115,\"height\":82,\"caption\":\"MioMio Run\"},\"image\":{\"@id\":\"https:\/\/www.miomiorun.com\/de\/#\/schema\/logo\/image\/\"},\"sameAs\":[\"https:\/\/www.facebook.com\/miomiorun\/\",\"https:\/\/www.instagram.com\/miomiorun\/\"]}]}<\/script>\n<!-- \/ Yoast SEO plugin. -->","yoast_head_json":{"title":"Endorphin Kids - kinder laufschuhe - MioMioRun","description":"Teil der Endorphin-Kollektion, die Sie lieben, speziell f\u00fcr Kinder entwickelt. Langlebig und atmungsaktiv, erm\u00f6glicht es Kindern, frei herumzulaufen","robots":{"index":"index","follow":"follow","max-snippet":"max-snippet:-1","max-image-preview":"max-image-preview:large","max-video-preview":"max-video-preview:-1"},"canonical":"https:\/\/www.miomiorun.com\/de\/produkt\/endorphin-kids\/","og_locale":"de_DE","og_type":"article","og_title":"Endorphin Kids - kinder laufschuhe - MioMioRun","og_description":"Teil der Endorphin-Kollektion, die Sie lieben, speziell f\u00fcr Kinder entwickelt. Langlebig und atmungsaktiv, erm\u00f6glicht es Kindern, frei herumzulaufen","og_url":"https:\/\/www.miomiorun.com\/de\/produkt\/endorphin-kids\/","og_site_name":"MioMioRun","article_publisher":"https:\/\/www.facebook.com\/miomiorun\/","article_modified_time":"2026-04-09T19:29:10+00:00","og_image":[{"width":600,"height":600,"url":"https:\/\/www.miomiorun.com\/app\/uploads\/2022\/10\/saucony-endorphin-kdz-vizi-gold-SK265787.jpg","type":"image\/jpeg"}],"twitter_card":"summary_large_image","twitter_misc":{"Est. reading time":"1 minute"},"schema":{"@context":"https:\/\/schema.org","@graph":[{"@type":"WebPage","@id":"https:\/\/www.miomiorun.com\/de\/produkt\/endorphin-kids\/","url":"https:\/\/www.miomiorun.com\/de\/produkt\/endorphin-kids\/","name":"Endorphin Kids - kinder laufschuhe - MioMioRun","isPartOf":{"@id":"https:\/\/www.miomiorun.com\/de\/#website"},"primaryImageOfPage":{"@id":"https:\/\/www.miomiorun.com\/de\/produkt\/endorphin-kids\/#primaryimage"},"image":{"@id":"https:\/\/www.miomiorun.com\/de\/produkt\/endorphin-kids\/#primaryimage"},"thumbnailUrl":"https:\/\/www.miomiorun.com\/app\/uploads\/2022\/10\/saucony-endorphin-kdz-vizi-gold-SK265787.jpg","datePublished":"2022-10-20T09:51:11+00:00","dateModified":"2026-04-09T19:29:10+00:00","description":"Teil der Endorphin-Kollektion, die Sie lieben, speziell f\u00fcr Kinder entwickelt. Langlebig und atmungsaktiv, erm\u00f6glicht es Kindern, frei herumzulaufen","breadcrumb":{"@id":"https:\/\/www.miomiorun.com\/de\/produkt\/endorphin-kids\/#breadcrumb"},"inLanguage":"de-DE","potentialAction":[{"@type":"ReadAction","target":["https:\/\/www.miomiorun.com\/de\/produkt\/endorphin-kids\/"]}]},{"@type":"ImageObject","inLanguage":"de-DE","@id":"https:\/\/www.miomiorun.com\/de\/produkt\/endorphin-kids\/#primaryimage","url":"https:\/\/www.miomiorun.com\/app\/uploads\/2022\/10\/saucony-endorphin-kdz-vizi-gold-SK265787.jpg","contentUrl":"https:\/\/www.miomiorun.com\/app\/uploads\/2022\/10\/saucony-endorphin-kdz-vizi-gold-SK265787.jpg","width":600,"height":600,"caption":"saucony-endorphin-kdz-vizi-gold-SK265787"},{"@type":"BreadcrumbList","@id":"https:\/\/www.miomiorun.com\/de\/produkt\/endorphin-kids\/#breadcrumb","itemListElement":[{"@type":"ListItem","position":1,"name":"Home","item":"https:\/\/www.miomiorun.com\/de\/"},{"@type":"ListItem","position":2,"name":"Shop","item":"https:\/\/www.miomiorun.com\/shop\/"},{"@type":"ListItem","position":3,"name":"Endorphin Kids"}]},{"@type":"WebSite","@id":"https:\/\/www.miomiorun.com\/de\/#website","url":"https:\/\/www.miomiorun.com\/de\/","name":"MioMioRun","description":"100% Lauf- und Trailshop","publisher":{"@id":"https:\/\/www.miomiorun.com\/de\/#organization"},"potentialAction":[{"@type":"SearchAction","target":{"@type":"EntryPoint","urlTemplate":"https:\/\/www.miomiorun.com\/de\/?s={search_term_string}"},"query-input":{"@type":"PropertyValueSpecification","valueRequired":true,"valueName":"search_term_string"}}],"inLanguage":"de-DE"},{"@type":"Organization","@id":"https:\/\/www.miomiorun.com\/de\/#organization","name":"MioMio Run","url":"https:\/\/www.miomiorun.com\/de\/","logo":{"@type":"ImageObject","inLanguage":"de-DE","@id":"https:\/\/www.miomiorun.com\/de\/#\/schema\/logo\/image\/","url":"https:\/\/www.miomiorun.com\/app\/uploads\/2019\/12\/logomio.png","contentUrl":"https:\/\/www.miomiorun.com\/app\/uploads\/2019\/12\/logomio.png","width":115,"height":82,"caption":"MioMio Run"},"image":{"@id":"https:\/\/www.miomiorun.com\/de\/#\/schema\/logo\/image\/"},"sameAs":["https:\/\/www.facebook.com\/miomiorun\/","https:\/\/www.instagram.com\/miomiorun\/"]}]}},"_links":{"self":[{"href":"https:\/\/www.miomiorun.com\/de\/wp-json\/wp\/v2\/product\/94587","targetHints":{"allow":["GET"]}}],"collection":[{"href":"https:\/\/www.miomiorun.com\/de\/wp-json\/wp\/v2\/product"}],"about":[{"href":"https:\/\/www.miomiorun.com\/de\/wp-json\/wp\/v2\/types\/product"}],"wp:featuredmedia":[{"embeddable":true,"href":"https:\/\/www.miomiorun.com\/de\/wp-json\/wp\/v2\/media\/92340"}],"wp:attachment":[{"href":"https:\/\/www.miomiorun.com\/de\/wp-json\/wp\/v2\/media?parent=94587"}],"wp:term":[{"taxonomy":"product_brand","embeddable":true,"href":"https:\/\/www.miomiorun.com\/de\/wp-json\/wp\/v2\/product_brand?post=94587"},{"taxonomy":"product_cat","embeddable":true,"href":"https:\/\/www.miomiorun.com\/de\/wp-json\/wp\/v2\/product_cat?post=94587"},{"taxonomy":"product_tag","embeddable":true,"href":"https:\/\/www.miomiorun.com\/de\/wp-json\/wp\/v2\/product_tag?post=94587"}],"curies":[{"name":"wp","href":"https:\/\/api.w.org\/{rel}","templated":true}]}}