{"id":94581,"date":"2022-10-22T11:59:58","date_gmt":"2022-10-22T09:59:58","guid":{"rendered":"https:\/\/miomiorun.com\/prodotto\/ru3-invisibile-donna\/"},"modified":"2022-11-04T11:10:13","modified_gmt":"2022-11-04T10:10:13","slug":"ru3-invisibile-damen","status":"publish","type":"product","link":"https:\/\/www.miomiorun.com\/de\/produkt\/ru3-invisibile-damen\/","title":{"rendered":"RU3 Invisibile damen"},"content":{"rendered":"<p><div class=\"vc-row container\"><div class=\"vc-column\"><div class=\"vc-column-text\"><\/p>\n<div class=\"Produktabschnitt Produktdetailseite__Abschnitt Produktdetailseite__Abschnitt - Details\">\n<div class=\"product-section__content\">\n<div class=\"product-features\">\n<p>Die <strong> RU3 unsichtbare <\/strong> Damen-Laufsocke ist dank ihrer maximalen Polsterung perfekt f\u00fcr Gelegenheitsl\u00e4ufer.<\/p>\n<p>Die Socke garantiert maximale D\u00e4mpfung und maximalen Komfort. Zudem beugt die Polsterung der Entstehung von Blasen vor, da sie Druckzonen reduziert. Der effiziente Feuchtigkeitstransport und die perfekte Passform garantieren angenehme Laufmomente.<\/p>\n<p><strong> EIGENSCHAFTEN: <\/strong><\/p>\n<ul class=\"product-features__list\">\n<li class=\"product-features__item\">Maximale Polsterung f\u00fcr maximalen Schutz vor Druckzonen<\/li>\n<li class=\"product-features__item\">Hohe D\u00e4mpfung und maximaler Komfort<\/li>\n<li class=\"product-features__item\">Feuchtigkeitstransport und schnelleres Trocknen dank des dreischichtigen Aufbaus<\/li>\n<li class=\"product-features__item\">Schutz vor Blasen durch Reduzierung der Druckzonen<\/li>\n<li class=\"product-features__item\">Perfekte Passform durch beidseitige Polsterung und Ausformung der Finger<\/li>\n<\/ul>\n<p>&amp; nbsp;<\/p>\n<\/div>\n<\/div>\n<\/div>\n<p><\/div><\/div><\/div><div class=\"vc-row container\"><div class=\"vc-column\"><div class=\"vc-column-text\"><\/p>\n<div class=\"product-functional-symbols__image-container\"><img decoding=\"async\" class=\"product-functional-symbols__image aligncenter\" src=\"https:\/\/www.falke.com\/it_it\/9dd393d722265eb755772abd698b837041098075\/assets\/base\/staticImages\/functionalsymbols\/icon_feuchtigkeitsregulierend.svg\" \/><\/div>\n<div class=\"product-functional-symbols__name\" style=\"text-align: center;\">Reguliert die Luftfeuchtigkeit<\/div>\n<p><\/div><\/div><div class=\"vc-column\"><div class=\"vc-column-text\"><\/p>\n<div class=\"product-functional-symbols__image-container\"><img decoding=\"async\" class=\"aligncenter\" src=\"https:\/\/www.falke.com\/it_it\/7006739c057511fa4f65afdfc9ac5b6e0a4be113\/assets\/base\/staticImages\/functionalsymbols\/icon_schnellste_ruecktrocknung.svg\" \/><\/div>\n<div class=\"product-functional-symbols__name\" style=\"text-align: center;\">Schnelleres Trocknen<\/div>\n<div class=\"product-functional-symbols__tooltip\">\n<div class=\"product-functional-symbols__tooltip-content\"><\/div>\n<\/div>\n<p><\/div><\/div><div class=\"vc-column\"><div class=\"vc-column-text\"><img decoding=\"async\" class=\"product-functional-symbols__image\" src=\"https:\/\/www.falke.com\/it_it\/c5c163f4c436a6d5cac26cfd6ed02ad465473f2a\/assets\/base\/staticImages\/functionalsymbols\/icon_daempfende-wirkung.svg\" \/><\/p>\n<p>Sto\u00dfd\u00e4mpfende Wirkung<\/div><\/div><\/div><div class=\"vc-row container\"><div class=\"vc-column\"><div class=\"vc-column-text\"><strong>Material<\/strong>: 55 % Polypropylen, 21 % Lyocell, 14 % Polyamid, 9 % Polyester, 1 % Elastan.<\/p>\n<p><strong>Schaftl\u00e4nge<\/strong>: Unsichtbar \u2013 hoch geschnitten.<\/p>\n<p><strong>Polsterung<\/strong>: Mittelschwer.<\/p>\n<p><strong> Passform: <\/strong> Anatomisch.<\/p>\n<p><strong> Sohle <\/strong>: Normal.<\/p>\n<p><strong> Look <\/strong>: Sportlich.<\/div><\/div><\/div><\/p>\n","protected":false},"excerpt":{"rendered":"","protected":false},"featured_media":93783,"template":"","meta":{"_acf_changed":false,"inline_featured_image":false},"product_brand":[],"product_cat":[6401,6402],"product_tag":[6245,6246],"class_list":{"0":"post-94581","1":"product","2":"type-product","3":"status-publish","4":"has-post-thumbnail","6":"product_cat-damenbekleidung","7":"product_cat-damensocken-de","8":"product_tag-falke-de","9":"product_tag-falke-damen-de","10":"pa_attivita-fitness-de","11":"pa_attivita-gehen","12":"pa_attivita-running-de","13":"pa_colore-ru3-invisible-w-white-mix-de","14":"pa_marca-falke-de","15":"pa_sesso-damen","16":"pa_size-37-38-de","17":"pa_size-39-40-de","18":"pa_size-41-42-de","20":"first","21":"instock","22":"sale","23":"taxable","24":"shipping-taxable","25":"purchasable","26":"product-type-variable","27":"wvs-archive-product-wrapper"},"acf":[],"yoast_head":"<!-- This site is optimized with the Yoast SEO plugin v26.8 - https:\/\/yoast.com\/product\/yoast-seo-wordpress\/ -->\n<title>Falke RU3 Invisibile damen - Laufsocken - MioMioRun.com<\/title>\n<meta name=\"description\" content=\"Die Damen-Laufsocke RU3 eignet sich dank maximaler Polsterung perfekt f\u00fcr Gelegenheitsl\u00e4uferinnen. Die Socke garantiert maximale D\u00e4mpfung.\" \/>\n<meta name=\"robots\" content=\"index, follow, max-snippet:-1, max-image-preview:large, max-video-preview:-1\" \/>\n<link rel=\"canonical\" href=\"https:\/\/www.miomiorun.com\/de\/produkt\/ru3-invisibile-damen\/\" \/>\n<meta property=\"og:locale\" content=\"de_DE\" \/>\n<meta property=\"og:type\" content=\"article\" \/>\n<meta property=\"og:title\" content=\"Falke RU3 Invisibile damen - Laufsocken - MioMioRun.com\" \/>\n<meta property=\"og:description\" content=\"Die Damen-Laufsocke RU3 eignet sich dank maximaler Polsterung perfekt f\u00fcr Gelegenheitsl\u00e4uferinnen. Die Socke garantiert maximale D\u00e4mpfung.\" \/>\n<meta property=\"og:url\" content=\"https:\/\/www.miomiorun.com\/de\/produkt\/ru3-invisibile-damen\/\" \/>\n<meta property=\"og:site_name\" content=\"MioMioRun\" \/>\n<meta property=\"article:publisher\" content=\"https:\/\/www.facebook.com\/miomiorun\/\" \/>\n<meta property=\"article:modified_time\" content=\"2022-11-04T10:10:13+00:00\" \/>\n<meta property=\"og:image\" content=\"https:\/\/www.miomiorun.com\/app\/uploads\/2022\/10\/falke-RU3-invisible-W-white-mix-16615-2020.jpg\" \/>\n\t<meta property=\"og:image:width\" content=\"600\" \/>\n\t<meta property=\"og:image:height\" content=\"600\" \/>\n\t<meta property=\"og:image:type\" content=\"image\/jpeg\" \/>\n<meta name=\"twitter:card\" content=\"summary_large_image\" \/>\n<meta name=\"twitter:label1\" content=\"Est. reading time\" \/>\n\t<meta name=\"twitter:data1\" content=\"2 minutes\" \/>\n<script type=\"application\/ld+json\" class=\"yoast-schema-graph\">{\"@context\":\"https:\/\/schema.org\",\"@graph\":[{\"@type\":\"WebPage\",\"@id\":\"https:\/\/www.miomiorun.com\/de\/produkt\/ru3-invisibile-damen\/\",\"url\":\"https:\/\/www.miomiorun.com\/de\/produkt\/ru3-invisibile-damen\/\",\"name\":\"Falke RU3 Invisibile damen - Laufsocken - MioMioRun.com\",\"isPartOf\":{\"@id\":\"https:\/\/www.miomiorun.com\/de\/#website\"},\"primaryImageOfPage\":{\"@id\":\"https:\/\/www.miomiorun.com\/de\/produkt\/ru3-invisibile-damen\/#primaryimage\"},\"image\":{\"@id\":\"https:\/\/www.miomiorun.com\/de\/produkt\/ru3-invisibile-damen\/#primaryimage\"},\"thumbnailUrl\":\"https:\/\/www.miomiorun.com\/app\/uploads\/2022\/10\/falke-RU3-invisible-W-white-mix-16615-2020.jpg\",\"datePublished\":\"2022-10-22T09:59:58+00:00\",\"dateModified\":\"2022-11-04T10:10:13+00:00\",\"description\":\"Die Damen-Laufsocke RU3 eignet sich dank maximaler Polsterung perfekt f\u00fcr Gelegenheitsl\u00e4uferinnen. Die Socke garantiert maximale D\u00e4mpfung.\",\"breadcrumb\":{\"@id\":\"https:\/\/www.miomiorun.com\/de\/produkt\/ru3-invisibile-damen\/#breadcrumb\"},\"inLanguage\":\"de-DE\",\"potentialAction\":[{\"@type\":\"ReadAction\",\"target\":[\"https:\/\/www.miomiorun.com\/de\/produkt\/ru3-invisibile-damen\/\"]}]},{\"@type\":\"ImageObject\",\"inLanguage\":\"de-DE\",\"@id\":\"https:\/\/www.miomiorun.com\/de\/produkt\/ru3-invisibile-damen\/#primaryimage\",\"url\":\"https:\/\/www.miomiorun.com\/app\/uploads\/2022\/10\/falke-RU3-invisible-W-white-mix-16615-2020.jpg\",\"contentUrl\":\"https:\/\/www.miomiorun.com\/app\/uploads\/2022\/10\/falke-RU3-invisible-W-white-mix-16615-2020.jpg\",\"width\":600,\"height\":600,\"caption\":\"falke-RU3-invisible-W-white-mix-16615-2020\"},{\"@type\":\"BreadcrumbList\",\"@id\":\"https:\/\/www.miomiorun.com\/de\/produkt\/ru3-invisibile-damen\/#breadcrumb\",\"itemListElement\":[{\"@type\":\"ListItem\",\"position\":1,\"name\":\"Home\",\"item\":\"https:\/\/www.miomiorun.com\/de\/\"},{\"@type\":\"ListItem\",\"position\":2,\"name\":\"Shop\",\"item\":\"https:\/\/www.miomiorun.com\/shop\/\"},{\"@type\":\"ListItem\",\"position\":3,\"name\":\"RU3 Invisibile damen\"}]},{\"@type\":\"WebSite\",\"@id\":\"https:\/\/www.miomiorun.com\/de\/#website\",\"url\":\"https:\/\/www.miomiorun.com\/de\/\",\"name\":\"MioMioRun\",\"description\":\"100% Lauf- und Trailshop\",\"publisher\":{\"@id\":\"https:\/\/www.miomiorun.com\/de\/#organization\"},\"potentialAction\":[{\"@type\":\"SearchAction\",\"target\":{\"@type\":\"EntryPoint\",\"urlTemplate\":\"https:\/\/www.miomiorun.com\/de\/?s={search_term_string}\"},\"query-input\":{\"@type\":\"PropertyValueSpecification\",\"valueRequired\":true,\"valueName\":\"search_term_string\"}}],\"inLanguage\":\"de-DE\"},{\"@type\":\"Organization\",\"@id\":\"https:\/\/www.miomiorun.com\/de\/#organization\",\"name\":\"MioMio Run\",\"url\":\"https:\/\/www.miomiorun.com\/de\/\",\"logo\":{\"@type\":\"ImageObject\",\"inLanguage\":\"de-DE\",\"@id\":\"https:\/\/www.miomiorun.com\/de\/#\/schema\/logo\/image\/\",\"url\":\"https:\/\/www.miomiorun.com\/app\/uploads\/2019\/12\/logomio.png\",\"contentUrl\":\"https:\/\/www.miomiorun.com\/app\/uploads\/2019\/12\/logomio.png\",\"width\":115,\"height\":82,\"caption\":\"MioMio Run\"},\"image\":{\"@id\":\"https:\/\/www.miomiorun.com\/de\/#\/schema\/logo\/image\/\"},\"sameAs\":[\"https:\/\/www.facebook.com\/miomiorun\/\",\"https:\/\/www.instagram.com\/miomiorun\/\"]}]}<\/script>\n<!-- \/ Yoast SEO plugin. -->","yoast_head_json":{"title":"Falke RU3 Invisibile damen - Laufsocken - MioMioRun.com","description":"Die Damen-Laufsocke RU3 eignet sich dank maximaler Polsterung perfekt f\u00fcr Gelegenheitsl\u00e4uferinnen. Die Socke garantiert maximale D\u00e4mpfung.","robots":{"index":"index","follow":"follow","max-snippet":"max-snippet:-1","max-image-preview":"max-image-preview:large","max-video-preview":"max-video-preview:-1"},"canonical":"https:\/\/www.miomiorun.com\/de\/produkt\/ru3-invisibile-damen\/","og_locale":"de_DE","og_type":"article","og_title":"Falke RU3 Invisibile damen - Laufsocken - MioMioRun.com","og_description":"Die Damen-Laufsocke RU3 eignet sich dank maximaler Polsterung perfekt f\u00fcr Gelegenheitsl\u00e4uferinnen. Die Socke garantiert maximale D\u00e4mpfung.","og_url":"https:\/\/www.miomiorun.com\/de\/produkt\/ru3-invisibile-damen\/","og_site_name":"MioMioRun","article_publisher":"https:\/\/www.facebook.com\/miomiorun\/","article_modified_time":"2022-11-04T10:10:13+00:00","og_image":[{"width":600,"height":600,"url":"https:\/\/www.miomiorun.com\/app\/uploads\/2022\/10\/falke-RU3-invisible-W-white-mix-16615-2020.jpg","type":"image\/jpeg"}],"twitter_card":"summary_large_image","twitter_misc":{"Est. reading time":"2 minutes"},"schema":{"@context":"https:\/\/schema.org","@graph":[{"@type":"WebPage","@id":"https:\/\/www.miomiorun.com\/de\/produkt\/ru3-invisibile-damen\/","url":"https:\/\/www.miomiorun.com\/de\/produkt\/ru3-invisibile-damen\/","name":"Falke RU3 Invisibile damen - Laufsocken - MioMioRun.com","isPartOf":{"@id":"https:\/\/www.miomiorun.com\/de\/#website"},"primaryImageOfPage":{"@id":"https:\/\/www.miomiorun.com\/de\/produkt\/ru3-invisibile-damen\/#primaryimage"},"image":{"@id":"https:\/\/www.miomiorun.com\/de\/produkt\/ru3-invisibile-damen\/#primaryimage"},"thumbnailUrl":"https:\/\/www.miomiorun.com\/app\/uploads\/2022\/10\/falke-RU3-invisible-W-white-mix-16615-2020.jpg","datePublished":"2022-10-22T09:59:58+00:00","dateModified":"2022-11-04T10:10:13+00:00","description":"Die Damen-Laufsocke RU3 eignet sich dank maximaler Polsterung perfekt f\u00fcr Gelegenheitsl\u00e4uferinnen. Die Socke garantiert maximale D\u00e4mpfung.","breadcrumb":{"@id":"https:\/\/www.miomiorun.com\/de\/produkt\/ru3-invisibile-damen\/#breadcrumb"},"inLanguage":"de-DE","potentialAction":[{"@type":"ReadAction","target":["https:\/\/www.miomiorun.com\/de\/produkt\/ru3-invisibile-damen\/"]}]},{"@type":"ImageObject","inLanguage":"de-DE","@id":"https:\/\/www.miomiorun.com\/de\/produkt\/ru3-invisibile-damen\/#primaryimage","url":"https:\/\/www.miomiorun.com\/app\/uploads\/2022\/10\/falke-RU3-invisible-W-white-mix-16615-2020.jpg","contentUrl":"https:\/\/www.miomiorun.com\/app\/uploads\/2022\/10\/falke-RU3-invisible-W-white-mix-16615-2020.jpg","width":600,"height":600,"caption":"falke-RU3-invisible-W-white-mix-16615-2020"},{"@type":"BreadcrumbList","@id":"https:\/\/www.miomiorun.com\/de\/produkt\/ru3-invisibile-damen\/#breadcrumb","itemListElement":[{"@type":"ListItem","position":1,"name":"Home","item":"https:\/\/www.miomiorun.com\/de\/"},{"@type":"ListItem","position":2,"name":"Shop","item":"https:\/\/www.miomiorun.com\/shop\/"},{"@type":"ListItem","position":3,"name":"RU3 Invisibile damen"}]},{"@type":"WebSite","@id":"https:\/\/www.miomiorun.com\/de\/#website","url":"https:\/\/www.miomiorun.com\/de\/","name":"MioMioRun","description":"100% Lauf- und Trailshop","publisher":{"@id":"https:\/\/www.miomiorun.com\/de\/#organization"},"potentialAction":[{"@type":"SearchAction","target":{"@type":"EntryPoint","urlTemplate":"https:\/\/www.miomiorun.com\/de\/?s={search_term_string}"},"query-input":{"@type":"PropertyValueSpecification","valueRequired":true,"valueName":"search_term_string"}}],"inLanguage":"de-DE"},{"@type":"Organization","@id":"https:\/\/www.miomiorun.com\/de\/#organization","name":"MioMio Run","url":"https:\/\/www.miomiorun.com\/de\/","logo":{"@type":"ImageObject","inLanguage":"de-DE","@id":"https:\/\/www.miomiorun.com\/de\/#\/schema\/logo\/image\/","url":"https:\/\/www.miomiorun.com\/app\/uploads\/2019\/12\/logomio.png","contentUrl":"https:\/\/www.miomiorun.com\/app\/uploads\/2019\/12\/logomio.png","width":115,"height":82,"caption":"MioMio Run"},"image":{"@id":"https:\/\/www.miomiorun.com\/de\/#\/schema\/logo\/image\/"},"sameAs":["https:\/\/www.facebook.com\/miomiorun\/","https:\/\/www.instagram.com\/miomiorun\/"]}]}},"_links":{"self":[{"href":"https:\/\/www.miomiorun.com\/de\/wp-json\/wp\/v2\/product\/94581","targetHints":{"allow":["GET"]}}],"collection":[{"href":"https:\/\/www.miomiorun.com\/de\/wp-json\/wp\/v2\/product"}],"about":[{"href":"https:\/\/www.miomiorun.com\/de\/wp-json\/wp\/v2\/types\/product"}],"wp:featuredmedia":[{"embeddable":true,"href":"https:\/\/www.miomiorun.com\/de\/wp-json\/wp\/v2\/media\/93783"}],"wp:attachment":[{"href":"https:\/\/www.miomiorun.com\/de\/wp-json\/wp\/v2\/media?parent=94581"}],"wp:term":[{"taxonomy":"product_brand","embeddable":true,"href":"https:\/\/www.miomiorun.com\/de\/wp-json\/wp\/v2\/product_brand?post=94581"},{"taxonomy":"product_cat","embeddable":true,"href":"https:\/\/www.miomiorun.com\/de\/wp-json\/wp\/v2\/product_cat?post=94581"},{"taxonomy":"product_tag","embeddable":true,"href":"https:\/\/www.miomiorun.com\/de\/wp-json\/wp\/v2\/product_tag?post=94581"}],"curies":[{"name":"wp","href":"https:\/\/api.w.org\/{rel}","templated":true}]}}