{"id":94531,"date":"2022-10-21T18:21:40","date_gmt":"2022-10-21T16:21:40","guid":{"rendered":"https:\/\/miomiorun.com\/prodotto\/inreach-messenger\/"},"modified":"2022-11-03T12:25:09","modified_gmt":"2022-11-03T11:25:09","slug":"inreach-messenger","status":"publish","type":"product","link":"https:\/\/www.miomiorun.com\/de\/produkt\/inreach-messenger\/","title":{"rendered":"Inreach Messenger"},"content":{"rendered":"<p><div class=\"vc-row container\"><div class=\"vc-column\"><div class=\"vc-column-text\"><\/p>\n<h2 style=\"text-align: center;\">SIE K\u00d6NNEN SICHER IMMER KOMMUNIZIEREN<\/h2>\n<p style=\"text-align: center;\">Wenn Sie sich an Orte ohne Netzabdeckung wagen, k\u00f6nnen Sie mit diesem kleinen, aber robusten Satellitenkommunikator dank der bidirektionalen globalen Textnachrichtenfunktionen mit Freunden und Familie in Kontakt bleiben. &lt; \/p&gt;<\/div><\/div><\/div><div class=\"vc-row container\"><div class=\"vc-column\"><\/div><\/div><div class=\"vc-row container\"><div class=\"vc-column\"><div class=\"vc-column-text\"><\/p>\n<p style=\"text-align: center;\"><img decoding=\"async\" class=\"app__feature__card__image aligncenter\" src=\"https:\/\/res.garmin.com\/gdc\/Product_Pages\/ICONS\/Connected_Featured.svg\" alt=\"\" \/><br \/>\nBleiben Sie immer in Kontakt mit den Menschen, die Ihnen wichtig sind, auch wenn keine Netzabdeckung besteht.<\/p>\n<p><\/div><\/div><div class=\"vc-column\"><div class=\"vc-column-text\"><\/p>\n<p style=\"text-align: center;\"><img decoding=\"async\" class=\"app__feature__card__image aligncenter\" src=\"https:\/\/static.garmincdn.com\/gdc\/Product_Pages\/ICONS\/Connected-GPS.svg\" alt=\"\" \/><br \/>\nKoppeln Sie Ihr inReach-Ger\u00e4t mit der Garmin Messenger\u2122-App auf einem kompatiblen Smartphone, um Nachrichten \u00fcber ein Mobilfunk- oder Satellitennetzwerk zu senden.<\/p>\n<p><\/div><\/div><div class=\"vc-column\"><div class=\"vc-column-text\"><\/p>\n<p style=\"text-align: center;\"><img decoding=\"async\" class=\"app__feature__card__image\" src=\"https:\/\/static.garmincdn.com\/gdc\/Product_Pages\/ICONS\/Alert.svg\" alt=\"\" \/><br \/>\nSie haben einen Notfall und brauchen Hilfe? Senden Sie ein interaktives SOS an unsere Koordinationsstelle.<\/p>\n<p><\/div><\/div><div class=\"vc-column\"><div class=\"vc-column-text\"><\/p>\n<p style=\"text-align: center;\"><img decoding=\"async\" class=\"app__feature__card__image\" src=\"https:\/\/static.garmincdn.com\/gdc\/Product_Pages\/ICONS\/inReach.svg\" alt=\"\" \/><br \/>\nDie Best\u00e4tigung, dass Ihre Nachricht gesendet wurde, wird auf dem Ger\u00e4tebildschirm angezeigt.<\/p>\n<p><\/div><\/div><div class=\"vc-column\"><div class=\"vc-column-text\"><\/p>\n<p style=\"text-align: center;\"><img decoding=\"async\" class=\"app__feature__card__image\" src=\"https:\/\/static.garmincdn.com\/gdc\/Product_Pages\/ICONS\/Messaging.svg\" alt=\"\" \/><br \/>\nVerwenden Sie vordefinierte Nachrichten, um auf Reisen einfach mit Ihren Kontakten zu kommunizieren.<\/p>\n<p><\/div><\/div><div class=\"vc-column\"><div class=\"vc-column-text\"><\/p>\n<p style=\"text-align: center;\"><img decoding=\"async\" class=\"app__feature__card__image\" src=\"https:\/\/static.garmincdn.com\/gdc\/Product_Pages\/ICONS\/Battery_Life.svg\" alt=\"\" \/><br \/>\nErlebe deine Abenteuer l\u00e4nger mit einer Akkuladung, die bis zu 28 Tage h\u00e4lt.<\/p>\n<p><\/div><\/div><\/div><div class=\"vc-row container\"><div class=\"vc-column\"><div style=\"height:32px\" class=\"vc-empty-space\"><\/div><\/div><\/div><div class=\"vc-row container\"><div class=\"vc-column\"><div class=\"vc-column-text\"><\/p>\n<h3 style=\"text-align: center;\">BIDIREKTIONALE NACHRICHT<\/h3>\n<p style=\"text-align: center;\">Die intuitive Benutzeroberfl\u00e4che, die \u00fcber die Garmin Messenger-App auf Ihrem Smartphone verwendet werden kann, erm\u00f6glicht Ihnen den einfachen Austausch von Textnachrichten mit Ihren Lieben \u00fcber Satelliten- oder Mobilfunknetze.<\/p>\n<p><\/div><\/div><div class=\"vc-column\"><div class=\"vc-column-text\"><\/p>\n<h3 style=\"text-align: center;\">KONNEKTIVIT\u00c4T OHNE BURST<\/h3>\n<p style=\"text-align: center;\">Optimiertes inReach-Messaging verwendet die Mobilfunkverbindung Ihres Smartphones, sofern verf\u00fcgbar, und wechselt automatisch zu einem globalen <sup> \u00ae <\/sup> -Satellitennetzwerk von Iridium, wenn Sie das Abdeckungsnetzwerk verlassen. &lt;\/p style = &#8220;text-align: center;&#8221;&gt; p&gt;<\/div><\/div><div class=\"vc-column\"><div class=\"vc-column-text\"><\/p>\n<h3 style=\"text-align: center;\">GRUPPENNACHRICHTEN<\/h3>\n<p style=\"text-align: center;\">Mit der Garmin Messenger-App unterst\u00fctzt die inReach-Verbindung Threading und die Verteilung von Gruppennachrichten. Auf diese Weise k\u00f6nnen Sie Ihre Abenteuer mit mehreren Kontakten gleichzeitig teilen und an Gruppenchats mit Freunden und Familie teilnehmen.<\/p>\n<p><\/div><\/div><div class=\"vc-column\"><div class=\"vc-column-text\"><\/p>\n<h3 style=\"text-align: center;\">INTERAKTIVE SOS-WARNUNGEN<\/h3>\n<p style=\"text-align: center;\">Senden Sie im Notfall eine interaktive SOS-Nachricht an die Betreiber von Garmin IERCC, einem Notfall-Koordinierungszentrum, das t\u00e4glich rund um die Uhr aktiv ist. &lt;\/ p &gt;<\/div><\/div><div class=\"vc-column\"><div class=\"vc-column-text\"><\/p>\n<h3 style=\"text-align: center;\">POSITIONSTEILEN<\/h3>\n<p style=\"text-align: center;\">Machen Sie Ihren Lieben zu Hause jederzeit Ihren Standort bekannt dank der Integration der MapShare\u2122-Seite oder GPS-Koordinaten in Ihre Nachrichten.<\/p>\n<p><\/div><\/div><\/div><div class=\"vc-row container\"><div class=\"vc-column\"><div style=\"height:32px\" class=\"vc-empty-space\"><\/div><\/div><\/div><div class=\"vc-row container\"><div class=\"vc-column\"><div class=\"vc-column-text\"><\/p>\n<h3 style=\"text-align: center;\">FLEXIBLE SATELLITEN\u00dcBERTRAGUNGSPL\u00c4NE<\/h3>\n<p style=\"text-align: center;\">Um auf das globale Netzwerk von Iridium zuzugreifen und mit dem inReach Messenger-Ger\u00e4t zu kommunizieren, ist ein aktives Satellitenabonnement erforderlich. Sie k\u00f6nnen zwischen einem Jahrespaket oder einem flexiblen Monatstarif w\u00e4hlen.<\/p>\n<p><\/div><\/div><div class=\"vc-column\"><div class=\"vc-column-text\"><\/p>\n<h3 style=\"text-align: center;\">KOMPAKTES UND ROBUSTES DESIGN<\/h3>\n<p style=\"text-align: center;\">Lassen Sie sich nicht von der Gr\u00f6\u00dfe von 3,1\u2033 x 2,5\u2033 und 114 g Gewicht t\u00e4uschen. inReach Messenger ist ein robustes, langlebiges und schlagfestes Ger\u00e4t mit einer Wasserdichtigkeitsklasse von bis zu IPX7.<\/p>\n<p><\/div><\/div><div class=\"vc-column\"><div class=\"vc-column-text\"><\/p>\n<h3 style=\"text-align: center;\">SICHERES NACHLADEN<\/h3>\n<p style=\"text-align: center;\">Ben\u00f6tigen Sie eine Backup-Option, falls der Akku Ihres kompatiblen Smartphones leer wird? Verbinden Sie einfach inReach Messenger mit Ihrem Smartphone, um eine Sicherheitsaufladung zu erhalten, die ausreicht, um eine personalisierte Textnachricht von Ihrem inReach Messenger-Ger\u00e4t \u00fcber den Touchscreen Ihres Smartphones zu senden.<\/p>\n<p><\/div><\/div><div class=\"vc-column\"><div class=\"vc-column-text\"><\/p>\n<h3 style=\"text-align: center;\">BATTERIE MIT LANGER LEBENSDAUER<\/h3>\n<p style=\"text-align: center;\">Der interne wiederaufladbare Lithium-Akku bietet im Tracking-Modus alle 10 Minuten eine Lebensdauer von bis zu 28 Tagen, sodass Sie mit einer einzigen Ladung l\u00e4nger Ihren Lieblingsaktivit\u00e4ten nachgehen k\u00f6nnen.<\/p>\n<p><\/div><\/div><div class=\"vc-column\"><div class=\"vc-column-text\"><\/p>\n<h3 style=\"text-align: center;\">SYNCHRONISIEREN SIE IHRE KONTAKTLISTE<\/h3>\n<p style=\"text-align: center;\">Die Garmin Messenger-App synchronisiert die auf einem kompatiblen Smartphone gespeicherten Kontakte, damit Sie noch einfacher mit anderen in Kontakt bleiben.<\/p>\n<p><\/div><\/div><\/div><div class=\"vc-row container\"><div class=\"vc-column\"><div style=\"height:32px\" class=\"vc-empty-space\"><\/div><\/div><\/div><div class=\"vc-row container\"><div class=\"vc-column\"><div class=\"vc-column-text\"><\/p>\n<h3 style=\"text-align: center;\">BILDSCHIRM AUF DEM GER\u00c4T<\/h3>\n<p style=\"text-align: center;\">Auf dem hochwertigen MIP (Memory-In-Pixel)-Bildschirm des inReach Messenger-Ger\u00e4ts haben Sie eine Best\u00e4tigung, dass Ihre Nachrichten gesendet wurden, und Sie k\u00f6nnen die Antworten direkt auf dem lesen Ger\u00e4t. &lt; \/ p&gt;<\/div><\/div><div class=\"vc-column\"><div class=\"vc-column-text\"><\/p>\n<h3 style=\"text-align: center;\">STANDARDMELDUNGEN<\/h3>\n<p style=\"text-align: center;\">Kommunizieren Sie mit Ihren Kontakten direkt aus inReach Messenger mithilfe vordefinierter Nachrichten, die nicht von dem Nachrichtenpaket abgezogen werden, das in dem von Ihnen aktivierten Satellitenabonnement enthalten ist.<\/p>\n<p><\/div><\/div><div class=\"vc-column\"><div class=\"vc-column-text\"><\/p>\n<h3 style=\"text-align: center;\">ANDERE GARMIN-GER\u00c4TE<\/h3>\n<p style=\"text-align: center;\">Steuern Sie Ihr inReach Messenger-Ger\u00e4t fern, um Textnachrichten zu senden und zu empfangen oder ein interaktives SOS mit tragbaren, tragbaren oder Navigationsger\u00e4ten von Garmin zu starten.<\/p>\n<p><\/div><\/div><div class=\"vc-column\"><div class=\"vc-column-text\"><\/p>\n<h3 style=\"text-align: center;\">INREACH-Wettervorhersagedienst<\/h3>\n<p style=\"text-align: center;\">Erhalten Sie detaillierte Wetteraktualisierungen auf inReach Messenger oder dem kompatiblen Ger\u00e4t, das Sie gekoppelt haben. Sie k\u00f6nnen auch Vorhersagen f\u00fcr Ihren Standort oder Ihre Ziele anfordern.<\/p>\n<p><\/div><\/div><div class=\"vc-column\"><div class=\"vc-column-text\"><\/p>\n<h3 style=\"text-align: center;\">ROUTING-TRACBACK<\/h3>\n<p style=\"text-align: center;\">Die TracBack-Routing-Funktion zeigt Ihnen den Weg zur\u00fcck zum Ausgangspunkt auf dem Weg der Hinfahrt, falls Sie sich verlaufen sollten, direkt am Ger\u00e4t. &lt;\/ p &gt;<\/div><\/div><\/div><\/p>\n","protected":false},"excerpt":{"rendered":"<ul>\n<li> Koppeln Sie Ihr inReach-Ger\u00e4t mit der Garmin Messenger\u2122-App auf einem kompatiblen Smartphone, um Nachrichten \u00fcber ein Mobilfunk- oder Satellitennetzwerk zu senden. <\/li>\n<li> Sie haben einen Notfall und brauchen Hilfe? Senden Sie ein interaktives SOS an unsere Koordinationsstelle. <\/li>\n<li> Akkulaufzeit bis zu 28 Tage mit Standortverfolgung <\/li>\n<\/ul>\n","protected":false},"featured_media":92646,"template":"","meta":{"_acf_changed":false,"inline_featured_image":false},"product_brand":[],"product_cat":[3344,6358],"product_tag":[3346],"class_list":{"0":"post-94531","1":"product","2":"type-product","3":"status-publish","4":"has-post-thumbnail","6":"product_cat-garmin-de","7":"product_cat-outdoor-de","8":"product_tag-garmin-de","9":"pa_colore-inreach-mini-2-black-de","10":"pa_colore-inreach-mini-2-flame-red-de","11":"pa_marca-garmin-de","12":"pa_sesso-damen","13":"pa_sesso-herren","15":"first","16":"outofstock","17":"sale","18":"taxable","19":"shipping-taxable","20":"purchasable","21":"product-type-simple"},"acf":[],"yoast_head":"<!-- This site is optimized with the Yoast SEO plugin v26.8 - https:\/\/yoast.com\/product\/yoast-seo-wordpress\/ -->\n<title>Garmin Inreach Messenger - Garmin-Ger\u00e4te - MioMioRun.com<\/title>\n<meta name=\"description\" content=\"An Orten ohne Netzabdeckung k\u00f6nnen Sie mit diesem kleinen, aber robusten Satellitenkommunikator mit Freunden und Familie in Kontakt bleiben.\" \/>\n<meta name=\"robots\" content=\"index, follow, max-snippet:-1, max-image-preview:large, max-video-preview:-1\" \/>\n<link rel=\"canonical\" href=\"https:\/\/www.miomiorun.com\/de\/produkt\/inreach-messenger\/\" \/>\n<meta property=\"og:locale\" content=\"de_DE\" \/>\n<meta property=\"og:type\" content=\"article\" \/>\n<meta property=\"og:title\" content=\"Garmin Inreach Messenger - Garmin-Ger\u00e4te - MioMioRun.com\" \/>\n<meta property=\"og:description\" content=\"An Orten ohne Netzabdeckung k\u00f6nnen Sie mit diesem kleinen, aber robusten Satellitenkommunikator mit Freunden und Familie in Kontakt bleiben.\" \/>\n<meta property=\"og:url\" content=\"https:\/\/www.miomiorun.com\/de\/produkt\/inreach-messenger\/\" \/>\n<meta property=\"og:site_name\" content=\"MioMioRun\" \/>\n<meta property=\"article:publisher\" content=\"https:\/\/www.facebook.com\/miomiorun\/\" \/>\n<meta property=\"article:modified_time\" content=\"2022-11-03T11:25:09+00:00\" \/>\n<meta property=\"og:image\" content=\"https:\/\/www.miomiorun.com\/app\/uploads\/2022\/10\/garmin-Inreach-Messenger-010-02672-01.jpg\" \/>\n\t<meta property=\"og:image:width\" content=\"600\" \/>\n\t<meta property=\"og:image:height\" content=\"600\" \/>\n\t<meta property=\"og:image:type\" content=\"image\/jpeg\" \/>\n<meta name=\"twitter:card\" content=\"summary_large_image\" \/>\n<meta name=\"twitter:label1\" content=\"Est. reading time\" \/>\n\t<meta name=\"twitter:data1\" content=\"5 minutes\" \/>\n<script type=\"application\/ld+json\" class=\"yoast-schema-graph\">{\"@context\":\"https:\/\/schema.org\",\"@graph\":[{\"@type\":\"WebPage\",\"@id\":\"https:\/\/www.miomiorun.com\/de\/produkt\/inreach-messenger\/\",\"url\":\"https:\/\/www.miomiorun.com\/de\/produkt\/inreach-messenger\/\",\"name\":\"Garmin Inreach Messenger - Garmin-Ger\u00e4te - MioMioRun.com\",\"isPartOf\":{\"@id\":\"https:\/\/www.miomiorun.com\/de\/#website\"},\"primaryImageOfPage\":{\"@id\":\"https:\/\/www.miomiorun.com\/de\/produkt\/inreach-messenger\/#primaryimage\"},\"image\":{\"@id\":\"https:\/\/www.miomiorun.com\/de\/produkt\/inreach-messenger\/#primaryimage\"},\"thumbnailUrl\":\"https:\/\/www.miomiorun.com\/app\/uploads\/2022\/10\/garmin-Inreach-Messenger-010-02672-01.jpg\",\"datePublished\":\"2022-10-21T16:21:40+00:00\",\"dateModified\":\"2022-11-03T11:25:09+00:00\",\"description\":\"An Orten ohne Netzabdeckung k\u00f6nnen Sie mit diesem kleinen, aber robusten Satellitenkommunikator mit Freunden und Familie in Kontakt bleiben.\",\"breadcrumb\":{\"@id\":\"https:\/\/www.miomiorun.com\/de\/produkt\/inreach-messenger\/#breadcrumb\"},\"inLanguage\":\"de-DE\",\"potentialAction\":[{\"@type\":\"ReadAction\",\"target\":[\"https:\/\/www.miomiorun.com\/de\/produkt\/inreach-messenger\/\"]}]},{\"@type\":\"ImageObject\",\"inLanguage\":\"de-DE\",\"@id\":\"https:\/\/www.miomiorun.com\/de\/produkt\/inreach-messenger\/#primaryimage\",\"url\":\"https:\/\/www.miomiorun.com\/app\/uploads\/2022\/10\/garmin-Inreach-Messenger-010-02672-01.jpg\",\"contentUrl\":\"https:\/\/www.miomiorun.com\/app\/uploads\/2022\/10\/garmin-Inreach-Messenger-010-02672-01.jpg\",\"width\":600,\"height\":600,\"caption\":\"garmin-Inreach-Messenger-010-02672-01\"},{\"@type\":\"BreadcrumbList\",\"@id\":\"https:\/\/www.miomiorun.com\/de\/produkt\/inreach-messenger\/#breadcrumb\",\"itemListElement\":[{\"@type\":\"ListItem\",\"position\":1,\"name\":\"Home\",\"item\":\"https:\/\/www.miomiorun.com\/de\/\"},{\"@type\":\"ListItem\",\"position\":2,\"name\":\"Shop\",\"item\":\"https:\/\/www.miomiorun.com\/shop\/\"},{\"@type\":\"ListItem\",\"position\":3,\"name\":\"Inreach Messenger\"}]},{\"@type\":\"WebSite\",\"@id\":\"https:\/\/www.miomiorun.com\/de\/#website\",\"url\":\"https:\/\/www.miomiorun.com\/de\/\",\"name\":\"MioMioRun\",\"description\":\"100% Lauf- und Trailshop\",\"publisher\":{\"@id\":\"https:\/\/www.miomiorun.com\/de\/#organization\"},\"potentialAction\":[{\"@type\":\"SearchAction\",\"target\":{\"@type\":\"EntryPoint\",\"urlTemplate\":\"https:\/\/www.miomiorun.com\/de\/?s={search_term_string}\"},\"query-input\":{\"@type\":\"PropertyValueSpecification\",\"valueRequired\":true,\"valueName\":\"search_term_string\"}}],\"inLanguage\":\"de-DE\"},{\"@type\":\"Organization\",\"@id\":\"https:\/\/www.miomiorun.com\/de\/#organization\",\"name\":\"MioMio Run\",\"url\":\"https:\/\/www.miomiorun.com\/de\/\",\"logo\":{\"@type\":\"ImageObject\",\"inLanguage\":\"de-DE\",\"@id\":\"https:\/\/www.miomiorun.com\/de\/#\/schema\/logo\/image\/\",\"url\":\"https:\/\/www.miomiorun.com\/app\/uploads\/2019\/12\/logomio.png\",\"contentUrl\":\"https:\/\/www.miomiorun.com\/app\/uploads\/2019\/12\/logomio.png\",\"width\":115,\"height\":82,\"caption\":\"MioMio Run\"},\"image\":{\"@id\":\"https:\/\/www.miomiorun.com\/de\/#\/schema\/logo\/image\/\"},\"sameAs\":[\"https:\/\/www.facebook.com\/miomiorun\/\",\"https:\/\/www.instagram.com\/miomiorun\/\"]}]}<\/script>\n<!-- \/ Yoast SEO plugin. -->","yoast_head_json":{"title":"Garmin Inreach Messenger - Garmin-Ger\u00e4te - MioMioRun.com","description":"An Orten ohne Netzabdeckung k\u00f6nnen Sie mit diesem kleinen, aber robusten Satellitenkommunikator mit Freunden und Familie in Kontakt bleiben.","robots":{"index":"index","follow":"follow","max-snippet":"max-snippet:-1","max-image-preview":"max-image-preview:large","max-video-preview":"max-video-preview:-1"},"canonical":"https:\/\/www.miomiorun.com\/de\/produkt\/inreach-messenger\/","og_locale":"de_DE","og_type":"article","og_title":"Garmin Inreach Messenger - Garmin-Ger\u00e4te - MioMioRun.com","og_description":"An Orten ohne Netzabdeckung k\u00f6nnen Sie mit diesem kleinen, aber robusten Satellitenkommunikator mit Freunden und Familie in Kontakt bleiben.","og_url":"https:\/\/www.miomiorun.com\/de\/produkt\/inreach-messenger\/","og_site_name":"MioMioRun","article_publisher":"https:\/\/www.facebook.com\/miomiorun\/","article_modified_time":"2022-11-03T11:25:09+00:00","og_image":[{"width":600,"height":600,"url":"https:\/\/www.miomiorun.com\/app\/uploads\/2022\/10\/garmin-Inreach-Messenger-010-02672-01.jpg","type":"image\/jpeg"}],"twitter_card":"summary_large_image","twitter_misc":{"Est. reading time":"5 minutes"},"schema":{"@context":"https:\/\/schema.org","@graph":[{"@type":"WebPage","@id":"https:\/\/www.miomiorun.com\/de\/produkt\/inreach-messenger\/","url":"https:\/\/www.miomiorun.com\/de\/produkt\/inreach-messenger\/","name":"Garmin Inreach Messenger - Garmin-Ger\u00e4te - MioMioRun.com","isPartOf":{"@id":"https:\/\/www.miomiorun.com\/de\/#website"},"primaryImageOfPage":{"@id":"https:\/\/www.miomiorun.com\/de\/produkt\/inreach-messenger\/#primaryimage"},"image":{"@id":"https:\/\/www.miomiorun.com\/de\/produkt\/inreach-messenger\/#primaryimage"},"thumbnailUrl":"https:\/\/www.miomiorun.com\/app\/uploads\/2022\/10\/garmin-Inreach-Messenger-010-02672-01.jpg","datePublished":"2022-10-21T16:21:40+00:00","dateModified":"2022-11-03T11:25:09+00:00","description":"An Orten ohne Netzabdeckung k\u00f6nnen Sie mit diesem kleinen, aber robusten Satellitenkommunikator mit Freunden und Familie in Kontakt bleiben.","breadcrumb":{"@id":"https:\/\/www.miomiorun.com\/de\/produkt\/inreach-messenger\/#breadcrumb"},"inLanguage":"de-DE","potentialAction":[{"@type":"ReadAction","target":["https:\/\/www.miomiorun.com\/de\/produkt\/inreach-messenger\/"]}]},{"@type":"ImageObject","inLanguage":"de-DE","@id":"https:\/\/www.miomiorun.com\/de\/produkt\/inreach-messenger\/#primaryimage","url":"https:\/\/www.miomiorun.com\/app\/uploads\/2022\/10\/garmin-Inreach-Messenger-010-02672-01.jpg","contentUrl":"https:\/\/www.miomiorun.com\/app\/uploads\/2022\/10\/garmin-Inreach-Messenger-010-02672-01.jpg","width":600,"height":600,"caption":"garmin-Inreach-Messenger-010-02672-01"},{"@type":"BreadcrumbList","@id":"https:\/\/www.miomiorun.com\/de\/produkt\/inreach-messenger\/#breadcrumb","itemListElement":[{"@type":"ListItem","position":1,"name":"Home","item":"https:\/\/www.miomiorun.com\/de\/"},{"@type":"ListItem","position":2,"name":"Shop","item":"https:\/\/www.miomiorun.com\/shop\/"},{"@type":"ListItem","position":3,"name":"Inreach Messenger"}]},{"@type":"WebSite","@id":"https:\/\/www.miomiorun.com\/de\/#website","url":"https:\/\/www.miomiorun.com\/de\/","name":"MioMioRun","description":"100% Lauf- und Trailshop","publisher":{"@id":"https:\/\/www.miomiorun.com\/de\/#organization"},"potentialAction":[{"@type":"SearchAction","target":{"@type":"EntryPoint","urlTemplate":"https:\/\/www.miomiorun.com\/de\/?s={search_term_string}"},"query-input":{"@type":"PropertyValueSpecification","valueRequired":true,"valueName":"search_term_string"}}],"inLanguage":"de-DE"},{"@type":"Organization","@id":"https:\/\/www.miomiorun.com\/de\/#organization","name":"MioMio Run","url":"https:\/\/www.miomiorun.com\/de\/","logo":{"@type":"ImageObject","inLanguage":"de-DE","@id":"https:\/\/www.miomiorun.com\/de\/#\/schema\/logo\/image\/","url":"https:\/\/www.miomiorun.com\/app\/uploads\/2019\/12\/logomio.png","contentUrl":"https:\/\/www.miomiorun.com\/app\/uploads\/2019\/12\/logomio.png","width":115,"height":82,"caption":"MioMio Run"},"image":{"@id":"https:\/\/www.miomiorun.com\/de\/#\/schema\/logo\/image\/"},"sameAs":["https:\/\/www.facebook.com\/miomiorun\/","https:\/\/www.instagram.com\/miomiorun\/"]}]}},"_links":{"self":[{"href":"https:\/\/www.miomiorun.com\/de\/wp-json\/wp\/v2\/product\/94531","targetHints":{"allow":["GET"]}}],"collection":[{"href":"https:\/\/www.miomiorun.com\/de\/wp-json\/wp\/v2\/product"}],"about":[{"href":"https:\/\/www.miomiorun.com\/de\/wp-json\/wp\/v2\/types\/product"}],"wp:featuredmedia":[{"embeddable":true,"href":"https:\/\/www.miomiorun.com\/de\/wp-json\/wp\/v2\/media\/92646"}],"wp:attachment":[{"href":"https:\/\/www.miomiorun.com\/de\/wp-json\/wp\/v2\/media?parent=94531"}],"wp:term":[{"taxonomy":"product_brand","embeddable":true,"href":"https:\/\/www.miomiorun.com\/de\/wp-json\/wp\/v2\/product_brand?post=94531"},{"taxonomy":"product_cat","embeddable":true,"href":"https:\/\/www.miomiorun.com\/de\/wp-json\/wp\/v2\/product_cat?post=94531"},{"taxonomy":"product_tag","embeddable":true,"href":"https:\/\/www.miomiorun.com\/de\/wp-json\/wp\/v2\/product_tag?post=94531"}],"curies":[{"name":"wp","href":"https:\/\/api.w.org\/{rel}","templated":true}]}}