{"id":94009,"date":"2022-10-28T15:52:11","date_gmt":"2022-10-28T13:52:11","guid":{"rendered":"https:\/\/miomiorun.com\/?post_type=product&#038;p=94009"},"modified":"2026-05-08T21:33:32","modified_gmt":"2026-05-08T19:33:32","slug":"jkt-neutron-herren","status":"publish","type":"product","link":"https:\/\/www.miomiorun.com\/de\/produkt\/jkt-neutron-herren\/","title":{"rendered":"Jkt Neutron herren"},"content":{"rendered":"<p>Die <strong>Neutron Jkt<\/strong> , f\u00fcr M\u00e4nner, ist eine voll dehnbare Hochleistungs-Bergsteigerjacke; thermisch, leicht und packbar f\u00fcr die sehr anspruchsvoll. Hergestellt aus wasserdichtem Gewebe, sind die Schultern einteilig ohne N\u00e4hte, um die Wasserdichtigkeit in einem der Bereiche zu garantieren, die am meisten Regen und Schnee ausgesetzt sind. Sie ist das unverzichtbare Kleidungsst\u00fcck der Crazy-Kollektion f\u00fcr das Bergsteigen und das Hochgebirge, wobei sie den minimalistischen und funktionellen Stil beibeh\u00e4lt, der unsere Kollektion auszeichnet. Das wasserdichte Au\u00dfenmaterial ist Nylon Dermizax Toray, die Wattierung Primaloft Active, warm, wasserabweisend und ebenfalls elastisch. Die Kapuze hat einen Rand, der am Gesicht haftet, und die N\u00e4hte sind verschwei\u00dft, was die Wasserdichtigkeit garantiert. Die Eingrifftaschen sind mit Rei\u00dfverschl\u00fcssen versehen, und es gibt einen elastischen Saum am Saum und \u00c4rmel unten.<\/p>\n<p><strong>Funktionen:<\/strong><\/p>\n<ul>\n<li>wattierte Jacke mit Kapuze<\/li>\n<li>Eingrifftaschen mit Rei\u00dfverschluss<\/li>\n<li>elastische N\u00e4hte<\/li>\n<li>wasserdichtes, nahtloses Gewebe an den Schultern<\/li>\n<li>eng anliegender Kapuzenrand<\/li>\n<\/ul>\n<p>&nbsp;<\/p>\n","protected":false},"excerpt":{"rendered":"<ul>\n<li>elastische N\u00e4hte<\/li>\n<li>wasserdichtes, nahtloses Gewebe an den Schultern<\/li>\n<li>eng anliegender Kapuzenrand<\/li>\n<\/ul>\n","protected":false},"featured_media":95419,"template":"","meta":{"_acf_changed":false,"inline_featured_image":false},"product_brand":[],"product_cat":[6515,6540,6512],"product_tag":[3370,6238],"class_list":{"0":"post-94009","1":"product","2":"type-product","3":"status-publish","4":"has-post-thumbnail","6":"product_cat-herren-de","7":"product_cat-herrenbekleidung","8":"product_cat-jacken","9":"product_tag-crazy-idea-de","10":"product_tag-crazy-idea-herren-de","11":"pa_attivita-gehen","12":"pa_attivita-lifestyle-de","13":"pa_attivita-outdoor-de","14":"pa_colore-jkt-neutron-forest-de","15":"pa_marca-crazy-idea-de","16":"pa_sesso-herren","17":"pa_size-large-de","19":"first","20":"instock","21":"taxable","22":"shipping-taxable","23":"purchasable","24":"product-type-variable","25":"wvs-archive-product-wrapper"},"acf":[],"yoast_head":"<!-- This site is optimized with the Yoast SEO plugin v26.8 - https:\/\/yoast.com\/product\/yoast-seo-wordpress\/ -->\n<title>Crazy Idea Jkt Neutron herren - Winterjacke - MioMioRun.com<\/title>\n<meta name=\"description\" content=\"Die Neutron Jkt , f\u00fcr M\u00e4nner, ist eine voll dehnbare Hochleistungs-Bergsteigerjacke; thermisch, leicht und verpackbar f\u00fcr die sehr anspruchsvollen.\" \/>\n<meta name=\"robots\" content=\"index, follow, max-snippet:-1, max-image-preview:large, max-video-preview:-1\" \/>\n<link rel=\"canonical\" href=\"https:\/\/www.miomiorun.com\/de\/produkt\/jkt-neutron-herren\/\" \/>\n<meta property=\"og:locale\" content=\"de_DE\" \/>\n<meta property=\"og:type\" content=\"article\" \/>\n<meta property=\"og:title\" content=\"Crazy Idea Jkt Neutron herren - Winterjacke - MioMioRun.com\" \/>\n<meta property=\"og:description\" content=\"Die Neutron Jkt , f\u00fcr M\u00e4nner, ist eine voll dehnbare Hochleistungs-Bergsteigerjacke; thermisch, leicht und verpackbar f\u00fcr die sehr anspruchsvollen.\" \/>\n<meta property=\"og:url\" content=\"https:\/\/www.miomiorun.com\/de\/produkt\/jkt-neutron-herren\/\" \/>\n<meta property=\"og:site_name\" content=\"MioMioRun\" \/>\n<meta property=\"article:publisher\" content=\"https:\/\/www.facebook.com\/miomiorun\/\" \/>\n<meta property=\"article:modified_time\" content=\"2026-05-08T19:33:32+00:00\" \/>\n<meta property=\"og:image\" content=\"https:\/\/www.miomiorun.com\/app\/uploads\/2022\/11\/crazy-idea-jkt-neutron-forest-W22055166U-0008.jpg\" \/>\n\t<meta property=\"og:image:width\" content=\"600\" \/>\n\t<meta property=\"og:image:height\" content=\"600\" \/>\n\t<meta property=\"og:image:type\" content=\"image\/jpeg\" \/>\n<meta name=\"twitter:card\" content=\"summary_large_image\" \/>\n<meta name=\"twitter:label1\" content=\"Est. reading time\" \/>\n\t<meta name=\"twitter:data1\" content=\"1 minute\" \/>\n<script type=\"application\/ld+json\" class=\"yoast-schema-graph\">{\"@context\":\"https:\/\/schema.org\",\"@graph\":[{\"@type\":\"WebPage\",\"@id\":\"https:\/\/www.miomiorun.com\/de\/produkt\/jkt-neutron-herren\/\",\"url\":\"https:\/\/www.miomiorun.com\/de\/produkt\/jkt-neutron-herren\/\",\"name\":\"Crazy Idea Jkt Neutron herren - Winterjacke - MioMioRun.com\",\"isPartOf\":{\"@id\":\"https:\/\/www.miomiorun.com\/de\/#website\"},\"primaryImageOfPage\":{\"@id\":\"https:\/\/www.miomiorun.com\/de\/produkt\/jkt-neutron-herren\/#primaryimage\"},\"image\":{\"@id\":\"https:\/\/www.miomiorun.com\/de\/produkt\/jkt-neutron-herren\/#primaryimage\"},\"thumbnailUrl\":\"https:\/\/www.miomiorun.com\/app\/uploads\/2022\/11\/crazy-idea-jkt-neutron-forest-W22055166U-0008.jpg\",\"datePublished\":\"2022-10-28T13:52:11+00:00\",\"dateModified\":\"2026-05-08T19:33:32+00:00\",\"description\":\"Die Neutron Jkt , f\u00fcr M\u00e4nner, ist eine voll dehnbare Hochleistungs-Bergsteigerjacke; thermisch, leicht und verpackbar f\u00fcr die sehr anspruchsvollen.\",\"breadcrumb\":{\"@id\":\"https:\/\/www.miomiorun.com\/de\/produkt\/jkt-neutron-herren\/#breadcrumb\"},\"inLanguage\":\"de-DE\",\"potentialAction\":[{\"@type\":\"ReadAction\",\"target\":[\"https:\/\/www.miomiorun.com\/de\/produkt\/jkt-neutron-herren\/\"]}]},{\"@type\":\"ImageObject\",\"inLanguage\":\"de-DE\",\"@id\":\"https:\/\/www.miomiorun.com\/de\/produkt\/jkt-neutron-herren\/#primaryimage\",\"url\":\"https:\/\/www.miomiorun.com\/app\/uploads\/2022\/11\/crazy-idea-jkt-neutron-forest-W22055166U-0008.jpg\",\"contentUrl\":\"https:\/\/www.miomiorun.com\/app\/uploads\/2022\/11\/crazy-idea-jkt-neutron-forest-W22055166U-0008.jpg\",\"width\":600,\"height\":600,\"caption\":\"crazy-idea-jkt-neutron-forest-W22055166U-0008\"},{\"@type\":\"BreadcrumbList\",\"@id\":\"https:\/\/www.miomiorun.com\/de\/produkt\/jkt-neutron-herren\/#breadcrumb\",\"itemListElement\":[{\"@type\":\"ListItem\",\"position\":1,\"name\":\"Home\",\"item\":\"https:\/\/www.miomiorun.com\/de\/\"},{\"@type\":\"ListItem\",\"position\":2,\"name\":\"Shop\",\"item\":\"https:\/\/www.miomiorun.com\/shop\/\"},{\"@type\":\"ListItem\",\"position\":3,\"name\":\"Jkt Neutron herren\"}]},{\"@type\":\"WebSite\",\"@id\":\"https:\/\/www.miomiorun.com\/de\/#website\",\"url\":\"https:\/\/www.miomiorun.com\/de\/\",\"name\":\"MioMioRun\",\"description\":\"100% Lauf- und Trailshop\",\"publisher\":{\"@id\":\"https:\/\/www.miomiorun.com\/de\/#organization\"},\"potentialAction\":[{\"@type\":\"SearchAction\",\"target\":{\"@type\":\"EntryPoint\",\"urlTemplate\":\"https:\/\/www.miomiorun.com\/de\/?s={search_term_string}\"},\"query-input\":{\"@type\":\"PropertyValueSpecification\",\"valueRequired\":true,\"valueName\":\"search_term_string\"}}],\"inLanguage\":\"de-DE\"},{\"@type\":\"Organization\",\"@id\":\"https:\/\/www.miomiorun.com\/de\/#organization\",\"name\":\"MioMio Run\",\"url\":\"https:\/\/www.miomiorun.com\/de\/\",\"logo\":{\"@type\":\"ImageObject\",\"inLanguage\":\"de-DE\",\"@id\":\"https:\/\/www.miomiorun.com\/de\/#\/schema\/logo\/image\/\",\"url\":\"https:\/\/www.miomiorun.com\/app\/uploads\/2019\/12\/logomio.png\",\"contentUrl\":\"https:\/\/www.miomiorun.com\/app\/uploads\/2019\/12\/logomio.png\",\"width\":115,\"height\":82,\"caption\":\"MioMio Run\"},\"image\":{\"@id\":\"https:\/\/www.miomiorun.com\/de\/#\/schema\/logo\/image\/\"},\"sameAs\":[\"https:\/\/www.facebook.com\/miomiorun\/\",\"https:\/\/www.instagram.com\/miomiorun\/\"]}]}<\/script>\n<!-- \/ Yoast SEO plugin. -->","yoast_head_json":{"title":"Crazy Idea Jkt Neutron herren - Winterjacke - MioMioRun.com","description":"Die Neutron Jkt , f\u00fcr M\u00e4nner, ist eine voll dehnbare Hochleistungs-Bergsteigerjacke; thermisch, leicht und verpackbar f\u00fcr die sehr anspruchsvollen.","robots":{"index":"index","follow":"follow","max-snippet":"max-snippet:-1","max-image-preview":"max-image-preview:large","max-video-preview":"max-video-preview:-1"},"canonical":"https:\/\/www.miomiorun.com\/de\/produkt\/jkt-neutron-herren\/","og_locale":"de_DE","og_type":"article","og_title":"Crazy Idea Jkt Neutron herren - Winterjacke - MioMioRun.com","og_description":"Die Neutron Jkt , f\u00fcr M\u00e4nner, ist eine voll dehnbare Hochleistungs-Bergsteigerjacke; thermisch, leicht und verpackbar f\u00fcr die sehr anspruchsvollen.","og_url":"https:\/\/www.miomiorun.com\/de\/produkt\/jkt-neutron-herren\/","og_site_name":"MioMioRun","article_publisher":"https:\/\/www.facebook.com\/miomiorun\/","article_modified_time":"2026-05-08T19:33:32+00:00","og_image":[{"width":600,"height":600,"url":"https:\/\/www.miomiorun.com\/app\/uploads\/2022\/11\/crazy-idea-jkt-neutron-forest-W22055166U-0008.jpg","type":"image\/jpeg"}],"twitter_card":"summary_large_image","twitter_misc":{"Est. reading time":"1 minute"},"schema":{"@context":"https:\/\/schema.org","@graph":[{"@type":"WebPage","@id":"https:\/\/www.miomiorun.com\/de\/produkt\/jkt-neutron-herren\/","url":"https:\/\/www.miomiorun.com\/de\/produkt\/jkt-neutron-herren\/","name":"Crazy Idea Jkt Neutron herren - Winterjacke - MioMioRun.com","isPartOf":{"@id":"https:\/\/www.miomiorun.com\/de\/#website"},"primaryImageOfPage":{"@id":"https:\/\/www.miomiorun.com\/de\/produkt\/jkt-neutron-herren\/#primaryimage"},"image":{"@id":"https:\/\/www.miomiorun.com\/de\/produkt\/jkt-neutron-herren\/#primaryimage"},"thumbnailUrl":"https:\/\/www.miomiorun.com\/app\/uploads\/2022\/11\/crazy-idea-jkt-neutron-forest-W22055166U-0008.jpg","datePublished":"2022-10-28T13:52:11+00:00","dateModified":"2026-05-08T19:33:32+00:00","description":"Die Neutron Jkt , f\u00fcr M\u00e4nner, ist eine voll dehnbare Hochleistungs-Bergsteigerjacke; thermisch, leicht und verpackbar f\u00fcr die sehr anspruchsvollen.","breadcrumb":{"@id":"https:\/\/www.miomiorun.com\/de\/produkt\/jkt-neutron-herren\/#breadcrumb"},"inLanguage":"de-DE","potentialAction":[{"@type":"ReadAction","target":["https:\/\/www.miomiorun.com\/de\/produkt\/jkt-neutron-herren\/"]}]},{"@type":"ImageObject","inLanguage":"de-DE","@id":"https:\/\/www.miomiorun.com\/de\/produkt\/jkt-neutron-herren\/#primaryimage","url":"https:\/\/www.miomiorun.com\/app\/uploads\/2022\/11\/crazy-idea-jkt-neutron-forest-W22055166U-0008.jpg","contentUrl":"https:\/\/www.miomiorun.com\/app\/uploads\/2022\/11\/crazy-idea-jkt-neutron-forest-W22055166U-0008.jpg","width":600,"height":600,"caption":"crazy-idea-jkt-neutron-forest-W22055166U-0008"},{"@type":"BreadcrumbList","@id":"https:\/\/www.miomiorun.com\/de\/produkt\/jkt-neutron-herren\/#breadcrumb","itemListElement":[{"@type":"ListItem","position":1,"name":"Home","item":"https:\/\/www.miomiorun.com\/de\/"},{"@type":"ListItem","position":2,"name":"Shop","item":"https:\/\/www.miomiorun.com\/shop\/"},{"@type":"ListItem","position":3,"name":"Jkt Neutron herren"}]},{"@type":"WebSite","@id":"https:\/\/www.miomiorun.com\/de\/#website","url":"https:\/\/www.miomiorun.com\/de\/","name":"MioMioRun","description":"100% Lauf- und Trailshop","publisher":{"@id":"https:\/\/www.miomiorun.com\/de\/#organization"},"potentialAction":[{"@type":"SearchAction","target":{"@type":"EntryPoint","urlTemplate":"https:\/\/www.miomiorun.com\/de\/?s={search_term_string}"},"query-input":{"@type":"PropertyValueSpecification","valueRequired":true,"valueName":"search_term_string"}}],"inLanguage":"de-DE"},{"@type":"Organization","@id":"https:\/\/www.miomiorun.com\/de\/#organization","name":"MioMio Run","url":"https:\/\/www.miomiorun.com\/de\/","logo":{"@type":"ImageObject","inLanguage":"de-DE","@id":"https:\/\/www.miomiorun.com\/de\/#\/schema\/logo\/image\/","url":"https:\/\/www.miomiorun.com\/app\/uploads\/2019\/12\/logomio.png","contentUrl":"https:\/\/www.miomiorun.com\/app\/uploads\/2019\/12\/logomio.png","width":115,"height":82,"caption":"MioMio Run"},"image":{"@id":"https:\/\/www.miomiorun.com\/de\/#\/schema\/logo\/image\/"},"sameAs":["https:\/\/www.facebook.com\/miomiorun\/","https:\/\/www.instagram.com\/miomiorun\/"]}]}},"_links":{"self":[{"href":"https:\/\/www.miomiorun.com\/de\/wp-json\/wp\/v2\/product\/94009","targetHints":{"allow":["GET"]}}],"collection":[{"href":"https:\/\/www.miomiorun.com\/de\/wp-json\/wp\/v2\/product"}],"about":[{"href":"https:\/\/www.miomiorun.com\/de\/wp-json\/wp\/v2\/types\/product"}],"wp:featuredmedia":[{"embeddable":true,"href":"https:\/\/www.miomiorun.com\/de\/wp-json\/wp\/v2\/media\/95419"}],"wp:attachment":[{"href":"https:\/\/www.miomiorun.com\/de\/wp-json\/wp\/v2\/media?parent=94009"}],"wp:term":[{"taxonomy":"product_brand","embeddable":true,"href":"https:\/\/www.miomiorun.com\/de\/wp-json\/wp\/v2\/product_brand?post=94009"},{"taxonomy":"product_cat","embeddable":true,"href":"https:\/\/www.miomiorun.com\/de\/wp-json\/wp\/v2\/product_cat?post=94009"},{"taxonomy":"product_tag","embeddable":true,"href":"https:\/\/www.miomiorun.com\/de\/wp-json\/wp\/v2\/product_tag?post=94009"}],"curies":[{"name":"wp","href":"https:\/\/api.w.org\/{rel}","templated":true}]}}