{"id":93998,"date":"2022-10-28T15:47:43","date_gmt":"2022-10-28T13:47:43","guid":{"rendered":"https:\/\/miomiorun.com\/?post_type=product&#038;p=93998"},"modified":"2026-04-13T19:30:32","modified_gmt":"2026-04-13T17:30:32","slug":"pull-next-damen","status":"publish","type":"product","link":"https:\/\/www.miomiorun.com\/de\/produkt\/pull-next-damen\/","title":{"rendered":"Pull Next damen"},"content":{"rendered":"<p>Women&#8217;s <strong>Pull Next<\/strong>, ist ein Hybrid-Pullover, der f\u00fcr die h\u00e4rtesten Wetterbedingungen entwickelt wurde, wenn eine einfache <strong>mittlere Schicht<\/strong> nicht ausreicht und mehr W\u00e4rme und Schutz ben\u00f6tigt wird. Der empfohlene Einsatzbereich ist das Bergsteigen und die Leistung in der H\u00f6he, wenn man sich Aufstiegen stellt, bei denen das Unerwartete immer m\u00f6glich ist.<\/p>\n<p>Sie besteht aus dem innovativen bi-elastischen Two Face-Gewebe mit einer harten, abriebfesten Au\u00dfenseite und einem atmungsaktiven, weichen und widerstandsf\u00e4higen Softshell-Gewebe mit wasserabweisender DWR-Behandlung im \u00c4rmel- und Unterarmbereich. W\u00e4rmer und atmungsaktiv bei weniger Volumen. Dieser Pullover hat eine Kapuze mit elastischem Saum, eine Brusttasche + zwei verschwei\u00dfte Handw\u00e4rmertaschen, alle mit Rei\u00dfverschluss, elastischen Saum und B\u00fcndchen, alles in einem attraktiven Design.<\/p>\n<h3>MERKMALE:<\/h3>\n<ul>\n<li>offener Pullover mit Frontrei\u00dfverschluss und Kapuze\u00f9<\/li>\n<li>Brusttasche mit Rei\u00dfverschluss<\/li>\n<li>elastische Einfassungen an Kapuze und \u00c4rmelsaum<\/li>\n<li>Daumenknopfloch<\/li>\n<\/ul>\n","protected":false},"excerpt":{"rendered":"<ul>\n<li>Brusttasche mit Rei\u00dfverschluss<\/li>\n<li>elastische Einfassungen an Kapuze und \u00c4rmelsaum<\/li>\n<li>Daumenschlaufe<\/li>\n<\/ul>\n","protected":false},"featured_media":95413,"template":"","meta":{"_acf_changed":false,"inline_featured_image":false},"product_brand":[],"product_cat":[6494,6498],"product_tag":[3370,6237],"class_list":{"0":"post-93998","1":"product","2":"type-product","3":"status-publish","4":"has-post-thumbnail","6":"product_cat-sale-damen-bekleidung-de","7":"product_cat-sale-damen-jacken-de","8":"product_tag-crazy-idea-de","9":"product_tag-crazy-idea-damen-de","10":"pa_attivita-gehen","11":"pa_attivita-outdoor-de","12":"pa_colore-pull-next-w-vento-de","13":"pa_colore-pull-next-w-lambada-de","14":"pa_marca-crazy-idea-de","15":"pa_sesso-damen","16":"pa_size-extra-small-de","17":"pa_size-small-de","18":"pa_size-medium-de","19":"pa_size-large-de","21":"first","22":"instock","23":"sale","24":"taxable","25":"shipping-taxable","26":"purchasable","27":"product-type-variable","28":"wvs-archive-product-wrapper"},"acf":[],"yoast_head":"<!-- This site is optimized with the Yoast SEO plugin v26.8 - https:\/\/yoast.com\/product\/yoast-seo-wordpress\/ -->\n<title>Crazy Idea Pull Next damen - Langarmshirt - MioMioRun<\/title>\n<meta name=\"description\" content=\"Der Next-Pullover f\u00fcr Frauen ist ein Hybrid-Pullover, der f\u00fcr die h\u00e4rtesten Wetterbedingungen entwickelt wurde, wenn eine einfache\" \/>\n<meta name=\"robots\" content=\"index, follow, max-snippet:-1, max-image-preview:large, max-video-preview:-1\" \/>\n<link rel=\"canonical\" href=\"https:\/\/www.miomiorun.com\/de\/produkt\/pull-next-damen\/\" \/>\n<meta property=\"og:locale\" content=\"de_DE\" \/>\n<meta property=\"og:type\" content=\"article\" \/>\n<meta property=\"og:title\" content=\"Crazy Idea Pull Next damen - Langarmshirt - MioMioRun\" \/>\n<meta property=\"og:description\" content=\"Der Next-Pullover f\u00fcr Frauen ist ein Hybrid-Pullover, der f\u00fcr die h\u00e4rtesten Wetterbedingungen entwickelt wurde, wenn eine einfache\" \/>\n<meta property=\"og:url\" content=\"https:\/\/www.miomiorun.com\/de\/produkt\/pull-next-damen\/\" \/>\n<meta property=\"og:site_name\" content=\"MioMioRun\" \/>\n<meta property=\"article:publisher\" content=\"https:\/\/www.facebook.com\/miomiorun\/\" \/>\n<meta property=\"article:modified_time\" content=\"2026-04-13T17:30:32+00:00\" \/>\n<meta property=\"og:image\" content=\"https:\/\/www.miomiorun.com\/app\/uploads\/2022\/11\/crazy-idea-pull-next-W-lambada-W22055193D-0044.jpg\" \/>\n\t<meta property=\"og:image:width\" content=\"600\" \/>\n\t<meta property=\"og:image:height\" content=\"600\" \/>\n\t<meta property=\"og:image:type\" content=\"image\/jpeg\" \/>\n<meta name=\"twitter:card\" content=\"summary_large_image\" \/>\n<meta name=\"twitter:label1\" content=\"Est. reading time\" \/>\n\t<meta name=\"twitter:data1\" content=\"1 minute\" \/>\n<script type=\"application\/ld+json\" class=\"yoast-schema-graph\">{\"@context\":\"https:\/\/schema.org\",\"@graph\":[{\"@type\":\"WebPage\",\"@id\":\"https:\/\/www.miomiorun.com\/de\/produkt\/pull-next-damen\/\",\"url\":\"https:\/\/www.miomiorun.com\/de\/produkt\/pull-next-damen\/\",\"name\":\"Crazy Idea Pull Next damen - Langarmshirt - MioMioRun\",\"isPartOf\":{\"@id\":\"https:\/\/www.miomiorun.com\/de\/#website\"},\"primaryImageOfPage\":{\"@id\":\"https:\/\/www.miomiorun.com\/de\/produkt\/pull-next-damen\/#primaryimage\"},\"image\":{\"@id\":\"https:\/\/www.miomiorun.com\/de\/produkt\/pull-next-damen\/#primaryimage\"},\"thumbnailUrl\":\"https:\/\/www.miomiorun.com\/app\/uploads\/2022\/11\/crazy-idea-pull-next-W-lambada-W22055193D-0044.jpg\",\"datePublished\":\"2022-10-28T13:47:43+00:00\",\"dateModified\":\"2026-04-13T17:30:32+00:00\",\"description\":\"Der Next-Pullover f\u00fcr Frauen ist ein Hybrid-Pullover, der f\u00fcr die h\u00e4rtesten Wetterbedingungen entwickelt wurde, wenn eine einfache\",\"breadcrumb\":{\"@id\":\"https:\/\/www.miomiorun.com\/de\/produkt\/pull-next-damen\/#breadcrumb\"},\"inLanguage\":\"de-DE\",\"potentialAction\":[{\"@type\":\"ReadAction\",\"target\":[\"https:\/\/www.miomiorun.com\/de\/produkt\/pull-next-damen\/\"]}]},{\"@type\":\"ImageObject\",\"inLanguage\":\"de-DE\",\"@id\":\"https:\/\/www.miomiorun.com\/de\/produkt\/pull-next-damen\/#primaryimage\",\"url\":\"https:\/\/www.miomiorun.com\/app\/uploads\/2022\/11\/crazy-idea-pull-next-W-lambada-W22055193D-0044.jpg\",\"contentUrl\":\"https:\/\/www.miomiorun.com\/app\/uploads\/2022\/11\/crazy-idea-pull-next-W-lambada-W22055193D-0044.jpg\",\"width\":600,\"height\":600,\"caption\":\"crazy-idea-pull-next-W-lambada-W22055193D-0044\"},{\"@type\":\"BreadcrumbList\",\"@id\":\"https:\/\/www.miomiorun.com\/de\/produkt\/pull-next-damen\/#breadcrumb\",\"itemListElement\":[{\"@type\":\"ListItem\",\"position\":1,\"name\":\"Home\",\"item\":\"https:\/\/www.miomiorun.com\/de\/\"},{\"@type\":\"ListItem\",\"position\":2,\"name\":\"Shop\",\"item\":\"https:\/\/www.miomiorun.com\/shop\/\"},{\"@type\":\"ListItem\",\"position\":3,\"name\":\"Pull Next damen\"}]},{\"@type\":\"WebSite\",\"@id\":\"https:\/\/www.miomiorun.com\/de\/#website\",\"url\":\"https:\/\/www.miomiorun.com\/de\/\",\"name\":\"MioMioRun\",\"description\":\"100% Lauf- und Trailshop\",\"publisher\":{\"@id\":\"https:\/\/www.miomiorun.com\/de\/#organization\"},\"potentialAction\":[{\"@type\":\"SearchAction\",\"target\":{\"@type\":\"EntryPoint\",\"urlTemplate\":\"https:\/\/www.miomiorun.com\/de\/?s={search_term_string}\"},\"query-input\":{\"@type\":\"PropertyValueSpecification\",\"valueRequired\":true,\"valueName\":\"search_term_string\"}}],\"inLanguage\":\"de-DE\"},{\"@type\":\"Organization\",\"@id\":\"https:\/\/www.miomiorun.com\/de\/#organization\",\"name\":\"MioMio Run\",\"url\":\"https:\/\/www.miomiorun.com\/de\/\",\"logo\":{\"@type\":\"ImageObject\",\"inLanguage\":\"de-DE\",\"@id\":\"https:\/\/www.miomiorun.com\/de\/#\/schema\/logo\/image\/\",\"url\":\"https:\/\/www.miomiorun.com\/app\/uploads\/2019\/12\/logomio.png\",\"contentUrl\":\"https:\/\/www.miomiorun.com\/app\/uploads\/2019\/12\/logomio.png\",\"width\":115,\"height\":82,\"caption\":\"MioMio Run\"},\"image\":{\"@id\":\"https:\/\/www.miomiorun.com\/de\/#\/schema\/logo\/image\/\"},\"sameAs\":[\"https:\/\/www.facebook.com\/miomiorun\/\",\"https:\/\/www.instagram.com\/miomiorun\/\"]}]}<\/script>\n<!-- \/ Yoast SEO plugin. -->","yoast_head_json":{"title":"Crazy Idea Pull Next damen - Langarmshirt - MioMioRun","description":"Der Next-Pullover f\u00fcr Frauen ist ein Hybrid-Pullover, der f\u00fcr die h\u00e4rtesten Wetterbedingungen entwickelt wurde, wenn eine einfache","robots":{"index":"index","follow":"follow","max-snippet":"max-snippet:-1","max-image-preview":"max-image-preview:large","max-video-preview":"max-video-preview:-1"},"canonical":"https:\/\/www.miomiorun.com\/de\/produkt\/pull-next-damen\/","og_locale":"de_DE","og_type":"article","og_title":"Crazy Idea Pull Next damen - Langarmshirt - MioMioRun","og_description":"Der Next-Pullover f\u00fcr Frauen ist ein Hybrid-Pullover, der f\u00fcr die h\u00e4rtesten Wetterbedingungen entwickelt wurde, wenn eine einfache","og_url":"https:\/\/www.miomiorun.com\/de\/produkt\/pull-next-damen\/","og_site_name":"MioMioRun","article_publisher":"https:\/\/www.facebook.com\/miomiorun\/","article_modified_time":"2026-04-13T17:30:32+00:00","og_image":[{"width":600,"height":600,"url":"https:\/\/www.miomiorun.com\/app\/uploads\/2022\/11\/crazy-idea-pull-next-W-lambada-W22055193D-0044.jpg","type":"image\/jpeg"}],"twitter_card":"summary_large_image","twitter_misc":{"Est. reading time":"1 minute"},"schema":{"@context":"https:\/\/schema.org","@graph":[{"@type":"WebPage","@id":"https:\/\/www.miomiorun.com\/de\/produkt\/pull-next-damen\/","url":"https:\/\/www.miomiorun.com\/de\/produkt\/pull-next-damen\/","name":"Crazy Idea Pull Next damen - Langarmshirt - MioMioRun","isPartOf":{"@id":"https:\/\/www.miomiorun.com\/de\/#website"},"primaryImageOfPage":{"@id":"https:\/\/www.miomiorun.com\/de\/produkt\/pull-next-damen\/#primaryimage"},"image":{"@id":"https:\/\/www.miomiorun.com\/de\/produkt\/pull-next-damen\/#primaryimage"},"thumbnailUrl":"https:\/\/www.miomiorun.com\/app\/uploads\/2022\/11\/crazy-idea-pull-next-W-lambada-W22055193D-0044.jpg","datePublished":"2022-10-28T13:47:43+00:00","dateModified":"2026-04-13T17:30:32+00:00","description":"Der Next-Pullover f\u00fcr Frauen ist ein Hybrid-Pullover, der f\u00fcr die h\u00e4rtesten Wetterbedingungen entwickelt wurde, wenn eine einfache","breadcrumb":{"@id":"https:\/\/www.miomiorun.com\/de\/produkt\/pull-next-damen\/#breadcrumb"},"inLanguage":"de-DE","potentialAction":[{"@type":"ReadAction","target":["https:\/\/www.miomiorun.com\/de\/produkt\/pull-next-damen\/"]}]},{"@type":"ImageObject","inLanguage":"de-DE","@id":"https:\/\/www.miomiorun.com\/de\/produkt\/pull-next-damen\/#primaryimage","url":"https:\/\/www.miomiorun.com\/app\/uploads\/2022\/11\/crazy-idea-pull-next-W-lambada-W22055193D-0044.jpg","contentUrl":"https:\/\/www.miomiorun.com\/app\/uploads\/2022\/11\/crazy-idea-pull-next-W-lambada-W22055193D-0044.jpg","width":600,"height":600,"caption":"crazy-idea-pull-next-W-lambada-W22055193D-0044"},{"@type":"BreadcrumbList","@id":"https:\/\/www.miomiorun.com\/de\/produkt\/pull-next-damen\/#breadcrumb","itemListElement":[{"@type":"ListItem","position":1,"name":"Home","item":"https:\/\/www.miomiorun.com\/de\/"},{"@type":"ListItem","position":2,"name":"Shop","item":"https:\/\/www.miomiorun.com\/shop\/"},{"@type":"ListItem","position":3,"name":"Pull Next damen"}]},{"@type":"WebSite","@id":"https:\/\/www.miomiorun.com\/de\/#website","url":"https:\/\/www.miomiorun.com\/de\/","name":"MioMioRun","description":"100% Lauf- und Trailshop","publisher":{"@id":"https:\/\/www.miomiorun.com\/de\/#organization"},"potentialAction":[{"@type":"SearchAction","target":{"@type":"EntryPoint","urlTemplate":"https:\/\/www.miomiorun.com\/de\/?s={search_term_string}"},"query-input":{"@type":"PropertyValueSpecification","valueRequired":true,"valueName":"search_term_string"}}],"inLanguage":"de-DE"},{"@type":"Organization","@id":"https:\/\/www.miomiorun.com\/de\/#organization","name":"MioMio Run","url":"https:\/\/www.miomiorun.com\/de\/","logo":{"@type":"ImageObject","inLanguage":"de-DE","@id":"https:\/\/www.miomiorun.com\/de\/#\/schema\/logo\/image\/","url":"https:\/\/www.miomiorun.com\/app\/uploads\/2019\/12\/logomio.png","contentUrl":"https:\/\/www.miomiorun.com\/app\/uploads\/2019\/12\/logomio.png","width":115,"height":82,"caption":"MioMio Run"},"image":{"@id":"https:\/\/www.miomiorun.com\/de\/#\/schema\/logo\/image\/"},"sameAs":["https:\/\/www.facebook.com\/miomiorun\/","https:\/\/www.instagram.com\/miomiorun\/"]}]}},"_links":{"self":[{"href":"https:\/\/www.miomiorun.com\/de\/wp-json\/wp\/v2\/product\/93998","targetHints":{"allow":["GET"]}}],"collection":[{"href":"https:\/\/www.miomiorun.com\/de\/wp-json\/wp\/v2\/product"}],"about":[{"href":"https:\/\/www.miomiorun.com\/de\/wp-json\/wp\/v2\/types\/product"}],"wp:featuredmedia":[{"embeddable":true,"href":"https:\/\/www.miomiorun.com\/de\/wp-json\/wp\/v2\/media\/95413"}],"wp:attachment":[{"href":"https:\/\/www.miomiorun.com\/de\/wp-json\/wp\/v2\/media?parent=93998"}],"wp:term":[{"taxonomy":"product_brand","embeddable":true,"href":"https:\/\/www.miomiorun.com\/de\/wp-json\/wp\/v2\/product_brand?post=93998"},{"taxonomy":"product_cat","embeddable":true,"href":"https:\/\/www.miomiorun.com\/de\/wp-json\/wp\/v2\/product_cat?post=93998"},{"taxonomy":"product_tag","embeddable":true,"href":"https:\/\/www.miomiorun.com\/de\/wp-json\/wp\/v2\/product_tag?post=93998"}],"curies":[{"name":"wp","href":"https:\/\/api.w.org\/{rel}","templated":true}]}}