{"id":93320,"date":"2022-10-27T11:01:50","date_gmt":"2022-10-27T09:01:50","guid":{"rendered":"https:\/\/miomiorun.com\/?post_type=product&#038;p=93320"},"modified":"2026-05-08T21:34:07","modified_gmt":"2026-05-08T19:34:07","slug":"reflective-windbreaker-herren","status":"publish","type":"product","link":"https:\/\/www.miomiorun.com\/de\/produkt\/reflective-windbreaker-herren\/","title":{"rendered":"Reflective Windbreaker herren"},"content":{"rendered":"<p>Unterbrechen Sie Ihr Trainingsprogramm nicht wegen Regen, Wind, K\u00e4lte oder der Uhrzeit: Der Reflective Windbreaker f\u00fcr M\u00e4nner sch\u00fctzt Sie optimal bei Ihren L\u00e4ufen. Sie sind im Dunkeln auch aus der Ferne sichtbar und bleiben warm und trocken. Bei schlechtem Wetter k\u00f6nnen Sie ihn problemlos mitnehmen.<\/p>\n<p><strong>FEATURES:<\/strong><\/p>\n<ul>\n<li>Dank des modernen Blitzprints mit innovativer SMART REFLECTIVE Technologie bist du aus allen Richtungen sichtbar.<\/li>\n<li>Bei K\u00e4lte sind Sie gesch\u00fctzt durch hochwertige, winddichte und wasserabweisende Materialien, die eine optimale W\u00e4rme- und Klimaregulierung bieten.<\/li>\n<li>Auch bei schlechtem Wetter sind Sie gewappnet: Die Jacke l\u00e4sst sich in sich zusammenfalten und bequem in der Taille geknotet tragen.<\/li>\n<\/ul>\n<h3>Immer dabei und bereit, Schutz vor den Elementen zu bieten<\/h3>\n<p>Regen oder kein Regen? Jetzt ist schlechtes Wetter kein Grund mehr, das Training zu verschieben: Mit dem Reflective Windbreaker, der praktisch zusammengefaltet und in der Taille verknotet wird, k\u00f6nnen Sie laufen, wann immer Sie wollen. Er ist perfekt bei starkem Regen oder starkem Wind.<\/p>\n<h3>Effektiver Schutz und volle Bewegungsfreiheit<\/h3>\n<p>Die clevere Kombination verschiedener Funktionsmaterialien garantiert maximalen Komfort. Stretcheins\u00e4tze sorgen f\u00fcr absolute Bewegungsfreiheit. Das Hauptmaterial der wasserdichten Laufjacke f\u00fcr Damen zeichnet sich durch seine wind- und regendichten Eigenschaften aus. Gleichzeitig ist die Atmungsaktivit\u00e4t dank Mesh-Eins\u00e4tzen an den richtigen Stellen weiterhin gew\u00e4hrleistet.<\/p>\n<h3>Gesteigerte Konzentration durch ein Gef\u00fchl der Sicherheit<\/h3>\n<p>Mit der richtigen Ausr\u00fcstung gibt es keinen falschen Zeitpunkt zum Trainieren. Mit dem Reflective Windbreaker sind Sie dank der SMART REFLECTIVE Technologie aus allen Richtungen f\u00fcr andere Verkehrsteilnehmer sichtbar, auch aus gro\u00dfer Entfernung.<\/p>\n","protected":false},"excerpt":{"rendered":"<ul>\n<li>Dank des modernen Blitz-Prints mit innovativer SMART REFLECTIVE Technologie sind Sie aus allen Richtungen sichtbar.<\/li>\n<li>Wenn es kalt ist, sind Sie dank hochwertiger, winddichter und wasserabweisender Materialien gesch\u00fctzt, die optimale W\u00e4rme und Klimaregulierung bieten.<\/li>\n<li>Bei schlechtem Wetter sind Sie bereit: Die Jacke l\u00e4sst sich in sich zusammenfalten und bequem in der Taille geknotet tragen.<\/li>\n<\/ul>\n","protected":false},"featured_media":101723,"template":"","meta":{"_acf_changed":false,"inline_featured_image":false},"product_brand":[],"product_cat":[6528,6525],"product_tag":[3408,6212],"class_list":{"0":"post-93320","1":"product","2":"type-product","3":"status-publish","4":"has-post-thumbnail","6":"product_cat-sale-bekleidung-herren-de","7":"product_cat-sale-jacken-herren-de","8":"product_tag-cep-de","9":"product_tag-cep-herren-de","10":"pa_attivita-gehen","11":"pa_attivita-running-de","12":"pa_colore-reflective-windbreaker-green-de","13":"pa_marca-cep-de","14":"pa_sesso-herren","15":"pa_size-small-de","16":"pa_size-large-de","17":"pa_size-extra-large-de","19":"first","20":"instock","21":"sale","22":"taxable","23":"shipping-taxable","24":"purchasable","25":"product-type-variable","26":"wvs-archive-product-wrapper"},"acf":[],"yoast_head":"<!-- This site is optimized with the Yoast SEO plugin v26.8 - https:\/\/yoast.com\/product\/yoast-seo-wordpress\/ -->\n<title>Cep Reflective Windbreaker herren - jacke - MioMioRun<\/title>\n<meta name=\"description\" content=\"Unterbrechen Sie Ihr Trainingsprogramm nicht wegen Regen, Wind, K\u00e4lte oder der Uhrzeit: Reflective Windbreaker sch\u00fctzt Sie optimal\" \/>\n<meta name=\"robots\" content=\"index, follow, max-snippet:-1, max-image-preview:large, max-video-preview:-1\" \/>\n<link rel=\"canonical\" href=\"https:\/\/www.miomiorun.com\/de\/produkt\/reflective-windbreaker-herren\/\" \/>\n<meta property=\"og:locale\" content=\"de_DE\" \/>\n<meta property=\"og:type\" content=\"article\" \/>\n<meta property=\"og:title\" content=\"Cep Reflective Windbreaker herren - jacke - MioMioRun\" \/>\n<meta property=\"og:description\" content=\"Unterbrechen Sie Ihr Trainingsprogramm nicht wegen Regen, Wind, K\u00e4lte oder der Uhrzeit: Reflective Windbreaker sch\u00fctzt Sie optimal\" \/>\n<meta property=\"og:url\" content=\"https:\/\/www.miomiorun.com\/de\/produkt\/reflective-windbreaker-herren\/\" \/>\n<meta property=\"og:site_name\" content=\"MioMioRun\" \/>\n<meta property=\"article:publisher\" content=\"https:\/\/www.facebook.com\/miomiorun\/\" \/>\n<meta property=\"article:modified_time\" content=\"2026-05-08T19:34:07+00:00\" \/>\n<meta property=\"og:image\" content=\"https:\/\/www.miomiorun.com\/app\/uploads\/2022\/12\/cep-reflective-windbreaker-green-W21JDN.jpg\" \/>\n\t<meta property=\"og:image:width\" content=\"600\" \/>\n\t<meta property=\"og:image:height\" content=\"600\" \/>\n\t<meta property=\"og:image:type\" content=\"image\/jpeg\" \/>\n<meta name=\"twitter:card\" content=\"summary_large_image\" \/>\n<meta name=\"twitter:label1\" content=\"Est. reading time\" \/>\n\t<meta name=\"twitter:data1\" content=\"1 minute\" \/>\n<script type=\"application\/ld+json\" class=\"yoast-schema-graph\">{\"@context\":\"https:\/\/schema.org\",\"@graph\":[{\"@type\":\"WebPage\",\"@id\":\"https:\/\/www.miomiorun.com\/de\/produkt\/reflective-windbreaker-herren\/\",\"url\":\"https:\/\/www.miomiorun.com\/de\/produkt\/reflective-windbreaker-herren\/\",\"name\":\"Cep Reflective Windbreaker herren - jacke - MioMioRun\",\"isPartOf\":{\"@id\":\"https:\/\/www.miomiorun.com\/de\/#website\"},\"primaryImageOfPage\":{\"@id\":\"https:\/\/www.miomiorun.com\/de\/produkt\/reflective-windbreaker-herren\/#primaryimage\"},\"image\":{\"@id\":\"https:\/\/www.miomiorun.com\/de\/produkt\/reflective-windbreaker-herren\/#primaryimage\"},\"thumbnailUrl\":\"https:\/\/www.miomiorun.com\/app\/uploads\/2022\/12\/cep-reflective-windbreaker-green-W21JDN.jpg\",\"datePublished\":\"2022-10-27T09:01:50+00:00\",\"dateModified\":\"2026-05-08T19:34:07+00:00\",\"description\":\"Unterbrechen Sie Ihr Trainingsprogramm nicht wegen Regen, Wind, K\u00e4lte oder der Uhrzeit: Reflective Windbreaker sch\u00fctzt Sie optimal\",\"breadcrumb\":{\"@id\":\"https:\/\/www.miomiorun.com\/de\/produkt\/reflective-windbreaker-herren\/#breadcrumb\"},\"inLanguage\":\"de-DE\",\"potentialAction\":[{\"@type\":\"ReadAction\",\"target\":[\"https:\/\/www.miomiorun.com\/de\/produkt\/reflective-windbreaker-herren\/\"]}]},{\"@type\":\"ImageObject\",\"inLanguage\":\"de-DE\",\"@id\":\"https:\/\/www.miomiorun.com\/de\/produkt\/reflective-windbreaker-herren\/#primaryimage\",\"url\":\"https:\/\/www.miomiorun.com\/app\/uploads\/2022\/12\/cep-reflective-windbreaker-green-W21JDN.jpg\",\"contentUrl\":\"https:\/\/www.miomiorun.com\/app\/uploads\/2022\/12\/cep-reflective-windbreaker-green-W21JDN.jpg\",\"width\":600,\"height\":600,\"caption\":\"cep-reflective-windbreaker-green-W21JDN\"},{\"@type\":\"BreadcrumbList\",\"@id\":\"https:\/\/www.miomiorun.com\/de\/produkt\/reflective-windbreaker-herren\/#breadcrumb\",\"itemListElement\":[{\"@type\":\"ListItem\",\"position\":1,\"name\":\"Home\",\"item\":\"https:\/\/www.miomiorun.com\/de\/\"},{\"@type\":\"ListItem\",\"position\":2,\"name\":\"Shop\",\"item\":\"https:\/\/www.miomiorun.com\/shop\/\"},{\"@type\":\"ListItem\",\"position\":3,\"name\":\"Reflective Windbreaker herren\"}]},{\"@type\":\"WebSite\",\"@id\":\"https:\/\/www.miomiorun.com\/de\/#website\",\"url\":\"https:\/\/www.miomiorun.com\/de\/\",\"name\":\"MioMioRun\",\"description\":\"100% Lauf- und Trailshop\",\"publisher\":{\"@id\":\"https:\/\/www.miomiorun.com\/de\/#organization\"},\"potentialAction\":[{\"@type\":\"SearchAction\",\"target\":{\"@type\":\"EntryPoint\",\"urlTemplate\":\"https:\/\/www.miomiorun.com\/de\/?s={search_term_string}\"},\"query-input\":{\"@type\":\"PropertyValueSpecification\",\"valueRequired\":true,\"valueName\":\"search_term_string\"}}],\"inLanguage\":\"de-DE\"},{\"@type\":\"Organization\",\"@id\":\"https:\/\/www.miomiorun.com\/de\/#organization\",\"name\":\"MioMio Run\",\"url\":\"https:\/\/www.miomiorun.com\/de\/\",\"logo\":{\"@type\":\"ImageObject\",\"inLanguage\":\"de-DE\",\"@id\":\"https:\/\/www.miomiorun.com\/de\/#\/schema\/logo\/image\/\",\"url\":\"https:\/\/www.miomiorun.com\/app\/uploads\/2019\/12\/logomio.png\",\"contentUrl\":\"https:\/\/www.miomiorun.com\/app\/uploads\/2019\/12\/logomio.png\",\"width\":115,\"height\":82,\"caption\":\"MioMio Run\"},\"image\":{\"@id\":\"https:\/\/www.miomiorun.com\/de\/#\/schema\/logo\/image\/\"},\"sameAs\":[\"https:\/\/www.facebook.com\/miomiorun\/\",\"https:\/\/www.instagram.com\/miomiorun\/\"]}]}<\/script>\n<!-- \/ Yoast SEO plugin. -->","yoast_head_json":{"title":"Cep Reflective Windbreaker herren - jacke - MioMioRun","description":"Unterbrechen Sie Ihr Trainingsprogramm nicht wegen Regen, Wind, K\u00e4lte oder der Uhrzeit: Reflective Windbreaker sch\u00fctzt Sie optimal","robots":{"index":"index","follow":"follow","max-snippet":"max-snippet:-1","max-image-preview":"max-image-preview:large","max-video-preview":"max-video-preview:-1"},"canonical":"https:\/\/www.miomiorun.com\/de\/produkt\/reflective-windbreaker-herren\/","og_locale":"de_DE","og_type":"article","og_title":"Cep Reflective Windbreaker herren - jacke - MioMioRun","og_description":"Unterbrechen Sie Ihr Trainingsprogramm nicht wegen Regen, Wind, K\u00e4lte oder der Uhrzeit: Reflective Windbreaker sch\u00fctzt Sie optimal","og_url":"https:\/\/www.miomiorun.com\/de\/produkt\/reflective-windbreaker-herren\/","og_site_name":"MioMioRun","article_publisher":"https:\/\/www.facebook.com\/miomiorun\/","article_modified_time":"2026-05-08T19:34:07+00:00","og_image":[{"width":600,"height":600,"url":"https:\/\/www.miomiorun.com\/app\/uploads\/2022\/12\/cep-reflective-windbreaker-green-W21JDN.jpg","type":"image\/jpeg"}],"twitter_card":"summary_large_image","twitter_misc":{"Est. reading time":"1 minute"},"schema":{"@context":"https:\/\/schema.org","@graph":[{"@type":"WebPage","@id":"https:\/\/www.miomiorun.com\/de\/produkt\/reflective-windbreaker-herren\/","url":"https:\/\/www.miomiorun.com\/de\/produkt\/reflective-windbreaker-herren\/","name":"Cep Reflective Windbreaker herren - jacke - MioMioRun","isPartOf":{"@id":"https:\/\/www.miomiorun.com\/de\/#website"},"primaryImageOfPage":{"@id":"https:\/\/www.miomiorun.com\/de\/produkt\/reflective-windbreaker-herren\/#primaryimage"},"image":{"@id":"https:\/\/www.miomiorun.com\/de\/produkt\/reflective-windbreaker-herren\/#primaryimage"},"thumbnailUrl":"https:\/\/www.miomiorun.com\/app\/uploads\/2022\/12\/cep-reflective-windbreaker-green-W21JDN.jpg","datePublished":"2022-10-27T09:01:50+00:00","dateModified":"2026-05-08T19:34:07+00:00","description":"Unterbrechen Sie Ihr Trainingsprogramm nicht wegen Regen, Wind, K\u00e4lte oder der Uhrzeit: Reflective Windbreaker sch\u00fctzt Sie optimal","breadcrumb":{"@id":"https:\/\/www.miomiorun.com\/de\/produkt\/reflective-windbreaker-herren\/#breadcrumb"},"inLanguage":"de-DE","potentialAction":[{"@type":"ReadAction","target":["https:\/\/www.miomiorun.com\/de\/produkt\/reflective-windbreaker-herren\/"]}]},{"@type":"ImageObject","inLanguage":"de-DE","@id":"https:\/\/www.miomiorun.com\/de\/produkt\/reflective-windbreaker-herren\/#primaryimage","url":"https:\/\/www.miomiorun.com\/app\/uploads\/2022\/12\/cep-reflective-windbreaker-green-W21JDN.jpg","contentUrl":"https:\/\/www.miomiorun.com\/app\/uploads\/2022\/12\/cep-reflective-windbreaker-green-W21JDN.jpg","width":600,"height":600,"caption":"cep-reflective-windbreaker-green-W21JDN"},{"@type":"BreadcrumbList","@id":"https:\/\/www.miomiorun.com\/de\/produkt\/reflective-windbreaker-herren\/#breadcrumb","itemListElement":[{"@type":"ListItem","position":1,"name":"Home","item":"https:\/\/www.miomiorun.com\/de\/"},{"@type":"ListItem","position":2,"name":"Shop","item":"https:\/\/www.miomiorun.com\/shop\/"},{"@type":"ListItem","position":3,"name":"Reflective Windbreaker herren"}]},{"@type":"WebSite","@id":"https:\/\/www.miomiorun.com\/de\/#website","url":"https:\/\/www.miomiorun.com\/de\/","name":"MioMioRun","description":"100% Lauf- und Trailshop","publisher":{"@id":"https:\/\/www.miomiorun.com\/de\/#organization"},"potentialAction":[{"@type":"SearchAction","target":{"@type":"EntryPoint","urlTemplate":"https:\/\/www.miomiorun.com\/de\/?s={search_term_string}"},"query-input":{"@type":"PropertyValueSpecification","valueRequired":true,"valueName":"search_term_string"}}],"inLanguage":"de-DE"},{"@type":"Organization","@id":"https:\/\/www.miomiorun.com\/de\/#organization","name":"MioMio Run","url":"https:\/\/www.miomiorun.com\/de\/","logo":{"@type":"ImageObject","inLanguage":"de-DE","@id":"https:\/\/www.miomiorun.com\/de\/#\/schema\/logo\/image\/","url":"https:\/\/www.miomiorun.com\/app\/uploads\/2019\/12\/logomio.png","contentUrl":"https:\/\/www.miomiorun.com\/app\/uploads\/2019\/12\/logomio.png","width":115,"height":82,"caption":"MioMio Run"},"image":{"@id":"https:\/\/www.miomiorun.com\/de\/#\/schema\/logo\/image\/"},"sameAs":["https:\/\/www.facebook.com\/miomiorun\/","https:\/\/www.instagram.com\/miomiorun\/"]}]}},"_links":{"self":[{"href":"https:\/\/www.miomiorun.com\/de\/wp-json\/wp\/v2\/product\/93320","targetHints":{"allow":["GET"]}}],"collection":[{"href":"https:\/\/www.miomiorun.com\/de\/wp-json\/wp\/v2\/product"}],"about":[{"href":"https:\/\/www.miomiorun.com\/de\/wp-json\/wp\/v2\/types\/product"}],"wp:featuredmedia":[{"embeddable":true,"href":"https:\/\/www.miomiorun.com\/de\/wp-json\/wp\/v2\/media\/101723"}],"wp:attachment":[{"href":"https:\/\/www.miomiorun.com\/de\/wp-json\/wp\/v2\/media?parent=93320"}],"wp:term":[{"taxonomy":"product_brand","embeddable":true,"href":"https:\/\/www.miomiorun.com\/de\/wp-json\/wp\/v2\/product_brand?post=93320"},{"taxonomy":"product_cat","embeddable":true,"href":"https:\/\/www.miomiorun.com\/de\/wp-json\/wp\/v2\/product_cat?post=93320"},{"taxonomy":"product_tag","embeddable":true,"href":"https:\/\/www.miomiorun.com\/de\/wp-json\/wp\/v2\/product_tag?post=93320"}],"curies":[{"name":"wp","href":"https:\/\/api.w.org\/{rel}","templated":true}]}}