{"id":93253,"date":"2022-10-27T10:35:08","date_gmt":"2022-10-27T08:35:08","guid":{"rendered":"https:\/\/miomiorun.com\/?post_type=product&#038;p=93253"},"modified":"2025-02-05T11:37:32","modified_gmt":"2025-02-05T10:37:32","slug":"winter-run-gloves","status":"publish","type":"product","link":"https:\/\/www.miomiorun.com\/de\/produkt\/winter-run-gloves\/","title":{"rendered":"Winter Run Gloves"},"content":{"rendered":"<p>Warme H\u00e4nde bei kalten Trainingseinheiten: mit <strong>den Winter Run Gloves von CEP<\/strong> ist das m\u00f6glich. Genie\u00dfen Sie die ganze Technologie, die Ihnen zur Verf\u00fcgung steht. Er bietet Ihnen <strong>optimalen Komfort und einen perfekten Sitz<\/strong> an kalten Tagen. M\u00f6chten Sie Ihr Smartphone unterwegs bedienen, ohne die Handschuhe auszuziehen? Dank der integrierten Touch-Funktion ist das m\u00f6glich.<\/p>\n<p><strong>Merkmale:<\/strong><\/p>\n<ul class=\"selling-points\">\n<li>Die THERMAL CLIMA Technologie bietet ein perfektes W\u00e4rme- und Klimamanagement und h\u00e4lt die H\u00e4nde bei niedrigen Au\u00dfentemperaturen warm.<\/li>\n<li>Dank der SMART GRIP Technologie liegen die Winter Run Gloves sicher an den H\u00e4nden an und sorgen f\u00fcr einen festen Griff. Mit der Touch-Funktion k\u00f6nnen Sie Ihr Smartphone-Display problemlos bedienen.<\/li>\n<li>Strategisch platzierte reflektierende Teile erh\u00f6hen Ihre Sichtbarkeit in der Dunkelheit und Ihre Sicherheit im Stra\u00dfenverkehr.<\/li>\n<\/ul>\n<h3>Warm bleiben mit THERMAL CLIMA-Technologie<\/h3>\n<p>Wenn Sie im Winter laufen, schadet die K\u00e4lte vor allem Ihren H\u00e4nden. Ungesch\u00fctzt werden sie aufgrund ihrer gro\u00dfen Oberfl\u00e4che und der verminderten Durchblutung beim Laufen schnell kalt. Mit den CEP Winter Run Gloves haben Sie dieses Problem nicht mehr: Die <strong>THERMAL CLIMA <\/strong> <strong>Technologie<\/strong> <strong>verhindert den Verlust von K\u00f6rperw\u00e4rme <\/strong>und h\u00e4lt so Ihre H\u00e4nde warm. Gleichzeitig wird dank des <strong>atmungsaktiven Materials <\/strong>der Laufhandschuhe die Feuchtigkeit nach au\u00dfen abgegeben.<\/p>\n<h3>Mehr Komfort durch SMART GRIP mit integrierter Touch-Funktion<\/h3>\n<p>Wenn es um Komfort geht, sind die Winter Run Gloves doppelt attraktiv. Zum einen bietet die <strong>SMART GRIP-Technologie<\/strong> optimalen Grip: Eine spezielle Beschichtung verhindert das Verrutschen des Gewebes und garantiert einen sicheren Halt. Und wenn du mit deinem Smartphone und der Running App unterwegs bist, ist die<strong>Touch-Funktion<\/strong> perfekt: Mit Daumen und Zeigefinger kannst du den Bildschirm sicher und zuverl\u00e4ssig bedienen.<\/p>\n<h3>Integrierte reflektierende Teile f\u00fcr erh\u00f6hte Sichtbarkeit<\/h3>\n<p>An kurzen Wintertagen m\u00fcssen Sie auch in der D\u00e4mmerung oder in der Dunkelheit nicht auf das Laufen verzichten. Deshalb sind die Laufhandschuhe mit <strong>reflektierenden Teilen an den Fingern<\/strong> ausgestattet. In Kombination mit der Bewegung der Arme beim Laufen sind sie weithin sichtbar.<\/p>\n","protected":false},"excerpt":{"rendered":"<ul class=\"selling-points\">\n<li>Die THERMAL CLIMA Technologie bietet ein perfektes W\u00e4rme- und Klimamanagement und h\u00e4lt die H\u00e4nde bei niedrigen Au\u00dfentemperaturen warm.<\/li>\n<li>Dank der SMART GRIP Technologie liegen die Winter Run Gloves sicher an den H\u00e4nden an und sorgen f\u00fcr einen festen Halt. Mit der Touch-Funktion k\u00f6nnen Sie Ihr Smartphone-Display problemlos bedienen.<\/li>\n<li>Strategisch angeordnete reflektierende Teile erh\u00f6hen Ihre Sichtbarkeit in der Dunkelheit und Ihre Sicherheit im Stra\u00dfenverkehr.<\/li>\n<\/ul>\n","protected":false},"featured_media":101745,"template":"","meta":{"_acf_changed":false,"inline_featured_image":false},"product_brand":[],"product_cat":[6342,6375],"product_tag":[3408,6210,6212],"class_list":{"0":"post-93253","1":"product","2":"type-product","3":"status-publish","4":"has-post-thumbnail","6":"product_cat-zubehoer","7":"product_cat-laufhandschuhe-zubehoer-2-de","8":"product_tag-cep-de","9":"product_tag-cep-damen-de","10":"product_tag-cep-herren-de","11":"pa_attivita-gehen","12":"pa_attivita-running-de","13":"pa_marca-cep-de","14":"pa_sesso-damen","15":"pa_sesso-herren","16":"pa_size-small-de","17":"pa_size-medium-de","18":"pa_size-large-de","20":"first","21":"instock","22":"sale","23":"taxable","24":"shipping-taxable","25":"purchasable","26":"product-type-variable","27":"wvs-archive-product-wrapper"},"acf":[],"yoast_head":"<!-- This site is optimized with the Yoast SEO plugin v26.8 - https:\/\/yoast.com\/product\/yoast-seo-wordpress\/ -->\n<title>Cep Winter Run Gloves - Laufhandschuhe - MioMioRun.com<\/title>\n<meta name=\"description\" content=\"die Winter Run Gloves von CEP . Genie\u00dfen Sie die gesamte Technologie, die Ihnen zur Verf\u00fcgung steht. Sie bietet Ihnen optimalen Komfort und einen perfekten Sitz an kalten Tagen.\" \/>\n<meta name=\"robots\" content=\"index, follow, max-snippet:-1, max-image-preview:large, max-video-preview:-1\" \/>\n<link rel=\"canonical\" href=\"https:\/\/www.miomiorun.com\/de\/produkt\/winter-run-gloves\/\" \/>\n<meta property=\"og:locale\" content=\"de_DE\" \/>\n<meta property=\"og:type\" content=\"article\" \/>\n<meta property=\"og:title\" content=\"Cep Winter Run Gloves - Laufhandschuhe - MioMioRun.com\" \/>\n<meta property=\"og:description\" content=\"die Winter Run Gloves von CEP . Genie\u00dfen Sie die gesamte Technologie, die Ihnen zur Verf\u00fcgung steht. Sie bietet Ihnen optimalen Komfort und einen perfekten Sitz an kalten Tagen.\" \/>\n<meta property=\"og:url\" content=\"https:\/\/www.miomiorun.com\/de\/produkt\/winter-run-gloves\/\" \/>\n<meta property=\"og:site_name\" content=\"MioMioRun\" \/>\n<meta property=\"article:publisher\" content=\"https:\/\/www.facebook.com\/miomiorun\/\" \/>\n<meta property=\"article:modified_time\" content=\"2025-02-05T10:37:32+00:00\" \/>\n<meta property=\"og:image\" content=\"https:\/\/www.miomiorun.com\/app\/uploads\/2022\/10\/cep-winter-run-gloves-WOM25W.jpg\" \/>\n\t<meta property=\"og:image:width\" content=\"600\" \/>\n\t<meta property=\"og:image:height\" content=\"600\" \/>\n\t<meta property=\"og:image:type\" content=\"image\/jpeg\" \/>\n<meta name=\"twitter:card\" content=\"summary_large_image\" \/>\n<meta name=\"twitter:label1\" content=\"Est. reading time\" \/>\n\t<meta name=\"twitter:data1\" content=\"1 minute\" \/>\n<script type=\"application\/ld+json\" class=\"yoast-schema-graph\">{\"@context\":\"https:\/\/schema.org\",\"@graph\":[{\"@type\":\"WebPage\",\"@id\":\"https:\/\/www.miomiorun.com\/de\/produkt\/winter-run-gloves\/\",\"url\":\"https:\/\/www.miomiorun.com\/de\/produkt\/winter-run-gloves\/\",\"name\":\"Cep Winter Run Gloves - Laufhandschuhe - MioMioRun.com\",\"isPartOf\":{\"@id\":\"https:\/\/www.miomiorun.com\/de\/#website\"},\"primaryImageOfPage\":{\"@id\":\"https:\/\/www.miomiorun.com\/de\/produkt\/winter-run-gloves\/#primaryimage\"},\"image\":{\"@id\":\"https:\/\/www.miomiorun.com\/de\/produkt\/winter-run-gloves\/#primaryimage\"},\"thumbnailUrl\":\"https:\/\/www.miomiorun.com\/app\/uploads\/2022\/10\/cep-winter-run-gloves-WOM25W.jpg\",\"datePublished\":\"2022-10-27T08:35:08+00:00\",\"dateModified\":\"2025-02-05T10:37:32+00:00\",\"description\":\"die Winter Run Gloves von CEP . Genie\u00dfen Sie die gesamte Technologie, die Ihnen zur Verf\u00fcgung steht. Sie bietet Ihnen optimalen Komfort und einen perfekten Sitz an kalten Tagen.\",\"breadcrumb\":{\"@id\":\"https:\/\/www.miomiorun.com\/de\/produkt\/winter-run-gloves\/#breadcrumb\"},\"inLanguage\":\"de-DE\",\"potentialAction\":[{\"@type\":\"ReadAction\",\"target\":[\"https:\/\/www.miomiorun.com\/de\/produkt\/winter-run-gloves\/\"]}]},{\"@type\":\"ImageObject\",\"inLanguage\":\"de-DE\",\"@id\":\"https:\/\/www.miomiorun.com\/de\/produkt\/winter-run-gloves\/#primaryimage\",\"url\":\"https:\/\/www.miomiorun.com\/app\/uploads\/2022\/10\/cep-winter-run-gloves-WOM25W.jpg\",\"contentUrl\":\"https:\/\/www.miomiorun.com\/app\/uploads\/2022\/10\/cep-winter-run-gloves-WOM25W.jpg\",\"width\":600,\"height\":600,\"caption\":\"cep-winter-run-gloves-WOM25W\"},{\"@type\":\"BreadcrumbList\",\"@id\":\"https:\/\/www.miomiorun.com\/de\/produkt\/winter-run-gloves\/#breadcrumb\",\"itemListElement\":[{\"@type\":\"ListItem\",\"position\":1,\"name\":\"Home\",\"item\":\"https:\/\/www.miomiorun.com\/de\/\"},{\"@type\":\"ListItem\",\"position\":2,\"name\":\"Shop\",\"item\":\"https:\/\/www.miomiorun.com\/shop\/\"},{\"@type\":\"ListItem\",\"position\":3,\"name\":\"Winter Run Gloves\"}]},{\"@type\":\"WebSite\",\"@id\":\"https:\/\/www.miomiorun.com\/de\/#website\",\"url\":\"https:\/\/www.miomiorun.com\/de\/\",\"name\":\"MioMioRun\",\"description\":\"100% Lauf- und Trailshop\",\"publisher\":{\"@id\":\"https:\/\/www.miomiorun.com\/de\/#organization\"},\"potentialAction\":[{\"@type\":\"SearchAction\",\"target\":{\"@type\":\"EntryPoint\",\"urlTemplate\":\"https:\/\/www.miomiorun.com\/de\/?s={search_term_string}\"},\"query-input\":{\"@type\":\"PropertyValueSpecification\",\"valueRequired\":true,\"valueName\":\"search_term_string\"}}],\"inLanguage\":\"de-DE\"},{\"@type\":\"Organization\",\"@id\":\"https:\/\/www.miomiorun.com\/de\/#organization\",\"name\":\"MioMio Run\",\"url\":\"https:\/\/www.miomiorun.com\/de\/\",\"logo\":{\"@type\":\"ImageObject\",\"inLanguage\":\"de-DE\",\"@id\":\"https:\/\/www.miomiorun.com\/de\/#\/schema\/logo\/image\/\",\"url\":\"https:\/\/www.miomiorun.com\/app\/uploads\/2019\/12\/logomio.png\",\"contentUrl\":\"https:\/\/www.miomiorun.com\/app\/uploads\/2019\/12\/logomio.png\",\"width\":115,\"height\":82,\"caption\":\"MioMio Run\"},\"image\":{\"@id\":\"https:\/\/www.miomiorun.com\/de\/#\/schema\/logo\/image\/\"},\"sameAs\":[\"https:\/\/www.facebook.com\/miomiorun\/\",\"https:\/\/www.instagram.com\/miomiorun\/\"]}]}<\/script>\n<!-- \/ Yoast SEO plugin. -->","yoast_head_json":{"title":"Cep Winter Run Gloves - Laufhandschuhe - MioMioRun.com","description":"die Winter Run Gloves von CEP . Genie\u00dfen Sie die gesamte Technologie, die Ihnen zur Verf\u00fcgung steht. Sie bietet Ihnen optimalen Komfort und einen perfekten Sitz an kalten Tagen.","robots":{"index":"index","follow":"follow","max-snippet":"max-snippet:-1","max-image-preview":"max-image-preview:large","max-video-preview":"max-video-preview:-1"},"canonical":"https:\/\/www.miomiorun.com\/de\/produkt\/winter-run-gloves\/","og_locale":"de_DE","og_type":"article","og_title":"Cep Winter Run Gloves - Laufhandschuhe - MioMioRun.com","og_description":"die Winter Run Gloves von CEP . Genie\u00dfen Sie die gesamte Technologie, die Ihnen zur Verf\u00fcgung steht. Sie bietet Ihnen optimalen Komfort und einen perfekten Sitz an kalten Tagen.","og_url":"https:\/\/www.miomiorun.com\/de\/produkt\/winter-run-gloves\/","og_site_name":"MioMioRun","article_publisher":"https:\/\/www.facebook.com\/miomiorun\/","article_modified_time":"2025-02-05T10:37:32+00:00","og_image":[{"width":600,"height":600,"url":"https:\/\/www.miomiorun.com\/app\/uploads\/2022\/10\/cep-winter-run-gloves-WOM25W.jpg","type":"image\/jpeg"}],"twitter_card":"summary_large_image","twitter_misc":{"Est. reading time":"1 minute"},"schema":{"@context":"https:\/\/schema.org","@graph":[{"@type":"WebPage","@id":"https:\/\/www.miomiorun.com\/de\/produkt\/winter-run-gloves\/","url":"https:\/\/www.miomiorun.com\/de\/produkt\/winter-run-gloves\/","name":"Cep Winter Run Gloves - Laufhandschuhe - MioMioRun.com","isPartOf":{"@id":"https:\/\/www.miomiorun.com\/de\/#website"},"primaryImageOfPage":{"@id":"https:\/\/www.miomiorun.com\/de\/produkt\/winter-run-gloves\/#primaryimage"},"image":{"@id":"https:\/\/www.miomiorun.com\/de\/produkt\/winter-run-gloves\/#primaryimage"},"thumbnailUrl":"https:\/\/www.miomiorun.com\/app\/uploads\/2022\/10\/cep-winter-run-gloves-WOM25W.jpg","datePublished":"2022-10-27T08:35:08+00:00","dateModified":"2025-02-05T10:37:32+00:00","description":"die Winter Run Gloves von CEP . Genie\u00dfen Sie die gesamte Technologie, die Ihnen zur Verf\u00fcgung steht. Sie bietet Ihnen optimalen Komfort und einen perfekten Sitz an kalten Tagen.","breadcrumb":{"@id":"https:\/\/www.miomiorun.com\/de\/produkt\/winter-run-gloves\/#breadcrumb"},"inLanguage":"de-DE","potentialAction":[{"@type":"ReadAction","target":["https:\/\/www.miomiorun.com\/de\/produkt\/winter-run-gloves\/"]}]},{"@type":"ImageObject","inLanguage":"de-DE","@id":"https:\/\/www.miomiorun.com\/de\/produkt\/winter-run-gloves\/#primaryimage","url":"https:\/\/www.miomiorun.com\/app\/uploads\/2022\/10\/cep-winter-run-gloves-WOM25W.jpg","contentUrl":"https:\/\/www.miomiorun.com\/app\/uploads\/2022\/10\/cep-winter-run-gloves-WOM25W.jpg","width":600,"height":600,"caption":"cep-winter-run-gloves-WOM25W"},{"@type":"BreadcrumbList","@id":"https:\/\/www.miomiorun.com\/de\/produkt\/winter-run-gloves\/#breadcrumb","itemListElement":[{"@type":"ListItem","position":1,"name":"Home","item":"https:\/\/www.miomiorun.com\/de\/"},{"@type":"ListItem","position":2,"name":"Shop","item":"https:\/\/www.miomiorun.com\/shop\/"},{"@type":"ListItem","position":3,"name":"Winter Run Gloves"}]},{"@type":"WebSite","@id":"https:\/\/www.miomiorun.com\/de\/#website","url":"https:\/\/www.miomiorun.com\/de\/","name":"MioMioRun","description":"100% Lauf- und Trailshop","publisher":{"@id":"https:\/\/www.miomiorun.com\/de\/#organization"},"potentialAction":[{"@type":"SearchAction","target":{"@type":"EntryPoint","urlTemplate":"https:\/\/www.miomiorun.com\/de\/?s={search_term_string}"},"query-input":{"@type":"PropertyValueSpecification","valueRequired":true,"valueName":"search_term_string"}}],"inLanguage":"de-DE"},{"@type":"Organization","@id":"https:\/\/www.miomiorun.com\/de\/#organization","name":"MioMio Run","url":"https:\/\/www.miomiorun.com\/de\/","logo":{"@type":"ImageObject","inLanguage":"de-DE","@id":"https:\/\/www.miomiorun.com\/de\/#\/schema\/logo\/image\/","url":"https:\/\/www.miomiorun.com\/app\/uploads\/2019\/12\/logomio.png","contentUrl":"https:\/\/www.miomiorun.com\/app\/uploads\/2019\/12\/logomio.png","width":115,"height":82,"caption":"MioMio Run"},"image":{"@id":"https:\/\/www.miomiorun.com\/de\/#\/schema\/logo\/image\/"},"sameAs":["https:\/\/www.facebook.com\/miomiorun\/","https:\/\/www.instagram.com\/miomiorun\/"]}]}},"_links":{"self":[{"href":"https:\/\/www.miomiorun.com\/de\/wp-json\/wp\/v2\/product\/93253","targetHints":{"allow":["GET"]}}],"collection":[{"href":"https:\/\/www.miomiorun.com\/de\/wp-json\/wp\/v2\/product"}],"about":[{"href":"https:\/\/www.miomiorun.com\/de\/wp-json\/wp\/v2\/types\/product"}],"wp:featuredmedia":[{"embeddable":true,"href":"https:\/\/www.miomiorun.com\/de\/wp-json\/wp\/v2\/media\/101745"}],"wp:attachment":[{"href":"https:\/\/www.miomiorun.com\/de\/wp-json\/wp\/v2\/media?parent=93253"}],"wp:term":[{"taxonomy":"product_brand","embeddable":true,"href":"https:\/\/www.miomiorun.com\/de\/wp-json\/wp\/v2\/product_brand?post=93253"},{"taxonomy":"product_cat","embeddable":true,"href":"https:\/\/www.miomiorun.com\/de\/wp-json\/wp\/v2\/product_cat?post=93253"},{"taxonomy":"product_tag","embeddable":true,"href":"https:\/\/www.miomiorun.com\/de\/wp-json\/wp\/v2\/product_tag?post=93253"}],"curies":[{"name":"wp","href":"https:\/\/api.w.org\/{rel}","templated":true}]}}