{"id":92718,"date":"2022-10-22T10:34:34","date_gmt":"2022-10-22T08:34:34","guid":{"rendered":"https:\/\/miomiorun.com\/?post_type=product&#038;p=92718"},"modified":"2025-02-05T12:02:11","modified_gmt":"2025-02-05T11:02:11","slug":"stabilizing-cool-herren","status":"publish","type":"product","link":"https:\/\/www.miomiorun.com\/de\/produkt\/stabilizing-cool-herren\/","title":{"rendered":"Stabilizing Cool herren"},"content":{"rendered":"<p><div class=\"vc-row container\"><div class=\"vc-column\"><div class=\"vc-column-text\">Die <strong>Stabilising Cool<\/strong> Socke ist ein unverzichtbares Kleidungsst\u00fcck f\u00fcr jeden L\u00e4ufer, da sie der Gefahr von Verstauchungen entgegenwirkt.<\/p>\n<p>Die Kompressionszone stimuliert die Rezeptoren f\u00fcr eine schnellere Reaktion auf Verrenkungen und ist dank der Kombination von Fasern mit <strong>Lyocell<\/strong> angenehm k\u00fchlend. Dank der mittleren Polsterung und der perfekten Passform garantiert die Stabilizing Cool Socke ein stabiles Gef\u00fchl beim Laufen.<\/p>\n<p><strong>MERKMALE:<\/strong><\/p>\n<ul class=\"product-features__list\">\n<li class=\"product-features__item\">Verringert das Risiko einer Dislokation<\/li>\n<li class=\"product-features__item\">Die Kompressionszone stimuliert die Rezeptoren f\u00fcr eine schnellere Reaktion auf Verrenkungen<\/li>\n<li class=\"product-features__item\">Die Kombination von Fasern mit Lyocell sorgt f\u00fcr eine angenehme Erfrischung<\/li>\n<li class=\"product-features__item\">Gef\u00fchl von Stabilit\u00e4t beim Laufen<\/li>\n<li class=\"product-features__item\">Feuchtigkeitstransport und schnellere Trocknung dank dreilagigem Aufbau<\/li>\n<li class=\"product-features__item\">Perfekte Passform dank der beidseitigen Polsterung und der Formgebung der Finger<\/li>\n<\/ul>\n<p><\/div><\/div><\/div><div class=\"vc-row container\"><div class=\"vc-column\"><div class=\"vc-column-text\"><\/p>\n<div class=\"product-functional-symbols__image-container\">\n<div class=\"product-functional-symbols__image-container\"><img decoding=\"async\" class=\"product-functional-symbols__image aligncenter\" src=\"https:\/\/www.falke.com\/it_it\/9dd393d722265eb755772abd698b837041098075\/assets\/base\/staticImages\/functionalsymbols\/icon_feuchtigkeitsregulierend.svg\" \/><\/div>\n<div class=\"product-functional-symbols__name\" style=\"text-align: center;\">Reguliert die Luftfeuchtigkeit<\/div>\n<\/div>\n<p><\/div><div class=\"vc-column-text\"><\/p>\n<div class=\"product-functional-symbols__image-container\">\n<div class=\"product-functional-symbols__image-container\"><img decoding=\"async\" class=\"product-functional-symbols__image\" src=\"https:\/\/www.falke.com\/it_it\/7ce8ae0e8382e27e767d55937b0805f5f19ef321\/assets\/base\/staticImages\/functionalsymbols\/icon_daempfende-wirkung.svg\" \/><\/div>\n<div class=\"product-functional-symbols__name\" style=\"text-align: center;\">D\u00e4mpfung<\/div>\n<div class=\"product-functional-symbols__tooltip\">\n<div class=\"product-functional-symbols__tooltip-content\"><\/div>\n<\/div>\n<\/div>\n<p><\/div><div class=\"vc-column-text\"><\/p>\n<div class=\"product-functional-symbols__image-container\">\n<div class=\"product-functional-symbols__image-container\"><img decoding=\"async\" class=\"product-functional-symbols__image aligncenter\" src=\"https:\/\/www.falke.com\/it_it\/9dd393d722265eb755772abd698b837041098075\/assets\/base\/staticImages\/functionalsymbols\/icon_schnellste_ruecktrocknung.svg\" \/><\/div>\n<div class=\"product-functional-symbols__name\" style=\"text-align: center;\">Schnelleres Trocknen<\/div>\n<\/div>\n<p><\/div><div class=\"vc-column-text\"><\/p>\n<div class=\"product-functional-symbols__image-container\">\n<div class=\"product-functional-symbols__image-container\"><img decoding=\"async\" class=\"product-functional-symbols__image aligncenter\" src=\"https:\/\/www.falke.com\/it_it\/9dd393d722265eb755772abd698b837041098075\/assets\/base\/staticImages\/functionalsymbols\/icon_cooling-effect.svg\" \/><\/div>\n<div class=\"product-functional-symbols__name\" style=\"text-align: center;\">Erfrischende Wirkung<\/div>\n<\/div>\n<p><\/div><\/div><\/div><div class=\"vc-row container\"><div class=\"vc-column\"><div class=\"vc-column-text\"><strong>Material<\/strong>: 42% Polypropylen, 30% Lyocell, 15% Polyamid, 12% Polyester, 1% Elasthan<\/p>\n<p><strong>Beinl\u00e4nge : Kn\u00f6chellang<\/strong><\/p>\n<p><strong>Polsterung<\/strong>: Mittelschwer<\/p>\n<p><strong>Passform :<\/strong> Anatomisch .<\/p>\n<p><strong>Sohle<\/strong>: Normal .<\/p>\n<p><strong>Aussehen<\/strong>: Sportlich .<\/div><\/div><\/div><\/p>\n","protected":false},"excerpt":{"rendered":"","protected":false},"featured_media":93763,"template":"","meta":{"_acf_changed":false,"inline_featured_image":false},"product_brand":[],"product_cat":[6515,6540,6514],"product_tag":[6245,6231],"class_list":{"0":"post-92718","1":"product","2":"type-product","3":"status-publish","4":"has-post-thumbnail","6":"product_cat-herren-de","7":"product_cat-herrenbekleidung","8":"product_cat-socken","9":"product_tag-falke-de","10":"product_tag-falke-herren-de","11":"pa_attivita-gehen","12":"pa_attivita-running-de","13":"pa_attivita-trail-de","14":"pa_colore-stabilizing-cool-m-lightning-de","15":"pa_marca-falke-de","16":"pa_sesso-herren","17":"pa_size-39-41-de","18":"pa_size-44-45-de","19":"pa_size-46-48-de","21":"first","22":"instock","23":"sale","24":"taxable","25":"shipping-taxable","26":"purchasable","27":"product-type-variable","28":"wvs-archive-product-wrapper"},"acf":[],"yoast_head":"<!-- This site is optimized with the Yoast SEO plugin v26.8 - https:\/\/yoast.com\/product\/yoast-seo-wordpress\/ -->\n<title>Falke Stabilizing Cool herren - Laufsocken - MioMioRun.com<\/title>\n<meta name=\"description\" content=\"Die Stabilising Cool Socke ist ein unverzichtbares Kleidungsst\u00fcck f\u00fcr jeden L\u00e4ufer, da sie der Gefahr von Verstauchungen entgegenwirkt.\" \/>\n<meta name=\"robots\" content=\"index, follow, max-snippet:-1, max-image-preview:large, max-video-preview:-1\" \/>\n<link rel=\"canonical\" href=\"https:\/\/www.miomiorun.com\/de\/produkt\/stabilizing-cool-herren\/\" \/>\n<meta property=\"og:locale\" content=\"de_DE\" \/>\n<meta property=\"og:type\" content=\"article\" \/>\n<meta property=\"og:title\" content=\"Falke Stabilizing Cool herren - Laufsocken - MioMioRun.com\" \/>\n<meta property=\"og:description\" content=\"Die Stabilising Cool Socke ist ein unverzichtbares Kleidungsst\u00fcck f\u00fcr jeden L\u00e4ufer, da sie der Gefahr von Verstauchungen entgegenwirkt.\" \/>\n<meta property=\"og:url\" content=\"https:\/\/www.miomiorun.com\/de\/produkt\/stabilizing-cool-herren\/\" \/>\n<meta property=\"og:site_name\" content=\"MioMioRun\" \/>\n<meta property=\"article:publisher\" content=\"https:\/\/www.facebook.com\/miomiorun\/\" \/>\n<meta property=\"article:modified_time\" content=\"2025-02-05T11:02:11+00:00\" \/>\n<meta property=\"og:image\" content=\"https:\/\/www.miomiorun.com\/app\/uploads\/2022\/10\/falke-stabilizing-cool-M-lightning-16077-1690.jpg\" \/>\n\t<meta property=\"og:image:width\" content=\"600\" \/>\n\t<meta property=\"og:image:height\" content=\"600\" \/>\n\t<meta property=\"og:image:type\" content=\"image\/jpeg\" \/>\n<meta name=\"twitter:card\" content=\"summary_large_image\" \/>\n<meta name=\"twitter:label1\" content=\"Est. reading time\" \/>\n\t<meta name=\"twitter:data1\" content=\"2 minutes\" \/>\n<script type=\"application\/ld+json\" class=\"yoast-schema-graph\">{\"@context\":\"https:\/\/schema.org\",\"@graph\":[{\"@type\":\"WebPage\",\"@id\":\"https:\/\/www.miomiorun.com\/de\/produkt\/stabilizing-cool-herren\/\",\"url\":\"https:\/\/www.miomiorun.com\/de\/produkt\/stabilizing-cool-herren\/\",\"name\":\"Falke Stabilizing Cool herren - Laufsocken - MioMioRun.com\",\"isPartOf\":{\"@id\":\"https:\/\/www.miomiorun.com\/de\/#website\"},\"primaryImageOfPage\":{\"@id\":\"https:\/\/www.miomiorun.com\/de\/produkt\/stabilizing-cool-herren\/#primaryimage\"},\"image\":{\"@id\":\"https:\/\/www.miomiorun.com\/de\/produkt\/stabilizing-cool-herren\/#primaryimage\"},\"thumbnailUrl\":\"https:\/\/www.miomiorun.com\/app\/uploads\/2022\/10\/falke-stabilizing-cool-M-lightning-16077-1690.jpg\",\"datePublished\":\"2022-10-22T08:34:34+00:00\",\"dateModified\":\"2025-02-05T11:02:11+00:00\",\"description\":\"Die Stabilising Cool Socke ist ein unverzichtbares Kleidungsst\u00fcck f\u00fcr jeden L\u00e4ufer, da sie der Gefahr von Verstauchungen entgegenwirkt.\",\"breadcrumb\":{\"@id\":\"https:\/\/www.miomiorun.com\/de\/produkt\/stabilizing-cool-herren\/#breadcrumb\"},\"inLanguage\":\"de-DE\",\"potentialAction\":[{\"@type\":\"ReadAction\",\"target\":[\"https:\/\/www.miomiorun.com\/de\/produkt\/stabilizing-cool-herren\/\"]}]},{\"@type\":\"ImageObject\",\"inLanguage\":\"de-DE\",\"@id\":\"https:\/\/www.miomiorun.com\/de\/produkt\/stabilizing-cool-herren\/#primaryimage\",\"url\":\"https:\/\/www.miomiorun.com\/app\/uploads\/2022\/10\/falke-stabilizing-cool-M-lightning-16077-1690.jpg\",\"contentUrl\":\"https:\/\/www.miomiorun.com\/app\/uploads\/2022\/10\/falke-stabilizing-cool-M-lightning-16077-1690.jpg\",\"width\":600,\"height\":600,\"caption\":\"falke-stabilizing-cool-M-lightning-16077-1690\"},{\"@type\":\"BreadcrumbList\",\"@id\":\"https:\/\/www.miomiorun.com\/de\/produkt\/stabilizing-cool-herren\/#breadcrumb\",\"itemListElement\":[{\"@type\":\"ListItem\",\"position\":1,\"name\":\"Home\",\"item\":\"https:\/\/www.miomiorun.com\/de\/\"},{\"@type\":\"ListItem\",\"position\":2,\"name\":\"Shop\",\"item\":\"https:\/\/www.miomiorun.com\/shop\/\"},{\"@type\":\"ListItem\",\"position\":3,\"name\":\"Stabilizing Cool herren\"}]},{\"@type\":\"WebSite\",\"@id\":\"https:\/\/www.miomiorun.com\/de\/#website\",\"url\":\"https:\/\/www.miomiorun.com\/de\/\",\"name\":\"MioMioRun\",\"description\":\"100% Lauf- und Trailshop\",\"publisher\":{\"@id\":\"https:\/\/www.miomiorun.com\/de\/#organization\"},\"potentialAction\":[{\"@type\":\"SearchAction\",\"target\":{\"@type\":\"EntryPoint\",\"urlTemplate\":\"https:\/\/www.miomiorun.com\/de\/?s={search_term_string}\"},\"query-input\":{\"@type\":\"PropertyValueSpecification\",\"valueRequired\":true,\"valueName\":\"search_term_string\"}}],\"inLanguage\":\"de-DE\"},{\"@type\":\"Organization\",\"@id\":\"https:\/\/www.miomiorun.com\/de\/#organization\",\"name\":\"MioMio Run\",\"url\":\"https:\/\/www.miomiorun.com\/de\/\",\"logo\":{\"@type\":\"ImageObject\",\"inLanguage\":\"de-DE\",\"@id\":\"https:\/\/www.miomiorun.com\/de\/#\/schema\/logo\/image\/\",\"url\":\"https:\/\/www.miomiorun.com\/app\/uploads\/2019\/12\/logomio.png\",\"contentUrl\":\"https:\/\/www.miomiorun.com\/app\/uploads\/2019\/12\/logomio.png\",\"width\":115,\"height\":82,\"caption\":\"MioMio Run\"},\"image\":{\"@id\":\"https:\/\/www.miomiorun.com\/de\/#\/schema\/logo\/image\/\"},\"sameAs\":[\"https:\/\/www.facebook.com\/miomiorun\/\",\"https:\/\/www.instagram.com\/miomiorun\/\"]}]}<\/script>\n<!-- \/ Yoast SEO plugin. -->","yoast_head_json":{"title":"Falke Stabilizing Cool herren - Laufsocken - MioMioRun.com","description":"Die Stabilising Cool Socke ist ein unverzichtbares Kleidungsst\u00fcck f\u00fcr jeden L\u00e4ufer, da sie der Gefahr von Verstauchungen entgegenwirkt.","robots":{"index":"index","follow":"follow","max-snippet":"max-snippet:-1","max-image-preview":"max-image-preview:large","max-video-preview":"max-video-preview:-1"},"canonical":"https:\/\/www.miomiorun.com\/de\/produkt\/stabilizing-cool-herren\/","og_locale":"de_DE","og_type":"article","og_title":"Falke Stabilizing Cool herren - Laufsocken - MioMioRun.com","og_description":"Die Stabilising Cool Socke ist ein unverzichtbares Kleidungsst\u00fcck f\u00fcr jeden L\u00e4ufer, da sie der Gefahr von Verstauchungen entgegenwirkt.","og_url":"https:\/\/www.miomiorun.com\/de\/produkt\/stabilizing-cool-herren\/","og_site_name":"MioMioRun","article_publisher":"https:\/\/www.facebook.com\/miomiorun\/","article_modified_time":"2025-02-05T11:02:11+00:00","og_image":[{"width":600,"height":600,"url":"https:\/\/www.miomiorun.com\/app\/uploads\/2022\/10\/falke-stabilizing-cool-M-lightning-16077-1690.jpg","type":"image\/jpeg"}],"twitter_card":"summary_large_image","twitter_misc":{"Est. reading time":"2 minutes"},"schema":{"@context":"https:\/\/schema.org","@graph":[{"@type":"WebPage","@id":"https:\/\/www.miomiorun.com\/de\/produkt\/stabilizing-cool-herren\/","url":"https:\/\/www.miomiorun.com\/de\/produkt\/stabilizing-cool-herren\/","name":"Falke Stabilizing Cool herren - Laufsocken - MioMioRun.com","isPartOf":{"@id":"https:\/\/www.miomiorun.com\/de\/#website"},"primaryImageOfPage":{"@id":"https:\/\/www.miomiorun.com\/de\/produkt\/stabilizing-cool-herren\/#primaryimage"},"image":{"@id":"https:\/\/www.miomiorun.com\/de\/produkt\/stabilizing-cool-herren\/#primaryimage"},"thumbnailUrl":"https:\/\/www.miomiorun.com\/app\/uploads\/2022\/10\/falke-stabilizing-cool-M-lightning-16077-1690.jpg","datePublished":"2022-10-22T08:34:34+00:00","dateModified":"2025-02-05T11:02:11+00:00","description":"Die Stabilising Cool Socke ist ein unverzichtbares Kleidungsst\u00fcck f\u00fcr jeden L\u00e4ufer, da sie der Gefahr von Verstauchungen entgegenwirkt.","breadcrumb":{"@id":"https:\/\/www.miomiorun.com\/de\/produkt\/stabilizing-cool-herren\/#breadcrumb"},"inLanguage":"de-DE","potentialAction":[{"@type":"ReadAction","target":["https:\/\/www.miomiorun.com\/de\/produkt\/stabilizing-cool-herren\/"]}]},{"@type":"ImageObject","inLanguage":"de-DE","@id":"https:\/\/www.miomiorun.com\/de\/produkt\/stabilizing-cool-herren\/#primaryimage","url":"https:\/\/www.miomiorun.com\/app\/uploads\/2022\/10\/falke-stabilizing-cool-M-lightning-16077-1690.jpg","contentUrl":"https:\/\/www.miomiorun.com\/app\/uploads\/2022\/10\/falke-stabilizing-cool-M-lightning-16077-1690.jpg","width":600,"height":600,"caption":"falke-stabilizing-cool-M-lightning-16077-1690"},{"@type":"BreadcrumbList","@id":"https:\/\/www.miomiorun.com\/de\/produkt\/stabilizing-cool-herren\/#breadcrumb","itemListElement":[{"@type":"ListItem","position":1,"name":"Home","item":"https:\/\/www.miomiorun.com\/de\/"},{"@type":"ListItem","position":2,"name":"Shop","item":"https:\/\/www.miomiorun.com\/shop\/"},{"@type":"ListItem","position":3,"name":"Stabilizing Cool herren"}]},{"@type":"WebSite","@id":"https:\/\/www.miomiorun.com\/de\/#website","url":"https:\/\/www.miomiorun.com\/de\/","name":"MioMioRun","description":"100% Lauf- und Trailshop","publisher":{"@id":"https:\/\/www.miomiorun.com\/de\/#organization"},"potentialAction":[{"@type":"SearchAction","target":{"@type":"EntryPoint","urlTemplate":"https:\/\/www.miomiorun.com\/de\/?s={search_term_string}"},"query-input":{"@type":"PropertyValueSpecification","valueRequired":true,"valueName":"search_term_string"}}],"inLanguage":"de-DE"},{"@type":"Organization","@id":"https:\/\/www.miomiorun.com\/de\/#organization","name":"MioMio Run","url":"https:\/\/www.miomiorun.com\/de\/","logo":{"@type":"ImageObject","inLanguage":"de-DE","@id":"https:\/\/www.miomiorun.com\/de\/#\/schema\/logo\/image\/","url":"https:\/\/www.miomiorun.com\/app\/uploads\/2019\/12\/logomio.png","contentUrl":"https:\/\/www.miomiorun.com\/app\/uploads\/2019\/12\/logomio.png","width":115,"height":82,"caption":"MioMio Run"},"image":{"@id":"https:\/\/www.miomiorun.com\/de\/#\/schema\/logo\/image\/"},"sameAs":["https:\/\/www.facebook.com\/miomiorun\/","https:\/\/www.instagram.com\/miomiorun\/"]}]}},"_links":{"self":[{"href":"https:\/\/www.miomiorun.com\/de\/wp-json\/wp\/v2\/product\/92718","targetHints":{"allow":["GET"]}}],"collection":[{"href":"https:\/\/www.miomiorun.com\/de\/wp-json\/wp\/v2\/product"}],"about":[{"href":"https:\/\/www.miomiorun.com\/de\/wp-json\/wp\/v2\/types\/product"}],"wp:featuredmedia":[{"embeddable":true,"href":"https:\/\/www.miomiorun.com\/de\/wp-json\/wp\/v2\/media\/93763"}],"wp:attachment":[{"href":"https:\/\/www.miomiorun.com\/de\/wp-json\/wp\/v2\/media?parent=92718"}],"wp:term":[{"taxonomy":"product_brand","embeddable":true,"href":"https:\/\/www.miomiorun.com\/de\/wp-json\/wp\/v2\/product_brand?post=92718"},{"taxonomy":"product_cat","embeddable":true,"href":"https:\/\/www.miomiorun.com\/de\/wp-json\/wp\/v2\/product_cat?post=92718"},{"taxonomy":"product_tag","embeddable":true,"href":"https:\/\/www.miomiorun.com\/de\/wp-json\/wp\/v2\/product_tag?post=92718"}],"curies":[{"name":"wp","href":"https:\/\/api.w.org\/{rel}","templated":true}]}}