{"id":92493,"date":"2022-10-04T16:49:07","date_gmt":"2022-10-04T14:49:07","guid":{"rendered":"https:\/\/miomiorun.com\/prodotto\/synchron-1-5-donna\/"},"modified":"2025-07-05T15:25:47","modified_gmt":"2025-07-05T13:25:47","slug":"synchron-1-5-damen","status":"publish","type":"product","link":"https:\/\/www.miomiorun.com\/de\/produkt\/synchron-1-5-damen\/","title":{"rendered":"Synchron 1.5 damen"},"content":{"rendered":"<div class=\"vc-row container\"><div class=\"vc-column\"><div class=\"vc-column-text\"><\/p>\n<h4>Technische Daten<\/h4>\n<p>Kategorie: Top-D\u00e4mpfung<br \/>\nVersatz: 8 mm<br \/>\nGewicht: 300 g<br \/>\nIdeal f\u00fcr: L\u00e4ufer, die einen Schuh mit exzellenter D\u00e4mpfung und Stabilit\u00e4t suchen, mit einem weichen \u00dcbergang, f\u00fcr mittlere bis lange L\u00e4ufe. Sie sind auch ideal f\u00fcr lange Spazierg\u00e4nge.<br \/>\nGewicht des Athleten: 80-90 kg<br \/>\nLauftempo : langsam (&gt;5.30 min\/km)<br \/>\n<a href=\"https:\/\/miomiorun.com\/de\/leitfaden-fuer-technische-spezifikationen\/\">Leitfaden f\u00fcr technische Spezifikationen<\/a><\/p>\n<p><\/div><\/div><div class=\"vc-column\"><div class=\"vc-column-text\">Der Karhu <strong>Synchron 1.5<\/strong> f\u00fcr Damen ist ein hochwertiger, d\u00e4mpfender Alltagsschuh f\u00fcr L\u00e4uferinnen mit neutraler oder mittlerer bis fortgeschrittener \u00dcberpronation. Der Synchron bietet Ihnen eine ruhige und stabile Fahrt mit einem sanften und unterst\u00fctzenden \u00dcbergang.<br \/>\nDer Karhu Synchron 1.5 verwendet fortschrittliche Zwischensohlenmaterialien, um das geschmeidigste Lauferlebnis in der Karhu-Kollektion zu bieten. Die neu gestaltete Fulcrum-Inneneinheit ist flexibler als zuvor, wodurch die D\u00e4mpfung betont und der \u00dcbergang verbessert wird. Der angepasste Schaft bewegt sich leicht mit dem Fu\u00df und passt sich einer gr\u00f6\u00dferen Bandbreite von Fu\u00dfformen an. Eine Einlegesohle aus offenzelligem Schaumstoff sorgt seit kurzem f\u00fcr ein weiches Tragegef\u00fchl.<\/p>\n<p><strong>Merkmale:<\/strong><\/p>\n<ul>\n<li>Anatomisches Schn\u00fcrsystem f\u00fcr Mikroanpassungen<\/li>\n<li>Full-length Fulcrum f\u00fcr eine stabile Fahrt<\/li>\n<li>AeroFoam Nova gepolsterte Zwischensohle<\/li>\n<li>Ideale Netzkonstruktion f\u00fcr Atmungsaktivit\u00e4t und Halt<\/li>\n<li>Nahtlos gestaltetes Obermaterial<\/li>\n<li>Einlegesohle aus offenzelligem Schaumstoff f\u00fcr ein weiches Gef\u00fchl<\/li>\n<\/ul>\n<p>&nbsp;<\/p>\n<p><img loading=\"lazy\" decoding=\"async\" class=\"\" src=\"https:\/\/cdn.shopify.com\/s\/files\/1\/0519\/4570\/1549\/files\/fulcrum_800x.png?v=1612961012\" width=\"205\" height=\"91\" \/><\/p>\n<p>Die KARHU Fulcrum-Technologie wurde entwickelt, um alle Kr\u00e4fte nach vorne zu leiten, die Bremskr\u00e4fte zu reduzieren und die nat\u00fcrliche Energie Ihres K\u00f6rpers zu nutzen, um ein sanfteres Fahrgef\u00fchl zu erzeugen. Wir nennen das den &#8220;Rolling Effect&#8221;. Die Fulcrum-Technologie bietet: ausgewogene D\u00e4mpfung, mehr Halt, mehr Energie. Der Synchron ist mit einem durchgehenden Renndrehpunkt ausgestattet.<\/p>\n<p><strong>Diese Technologie bietet:<\/strong><\/p>\n<ul>\n<li>ausgewogene D\u00e4mpfung<\/li>\n<li>mehr Unterst\u00fctzung<\/li>\n<li>mehr Energie<\/li>\n<\/ul>\n<p><\/div><\/div><\/div>\n","protected":false},"excerpt":{"rendered":"","protected":false},"featured_media":92452,"template":"","meta":{"_acf_changed":false,"inline_featured_image":false},"product_brand":[],"product_cat":[6501,6538],"product_tag":[3377,6224],"class_list":{"0":"post-92493","1":"product","2":"type-product","3":"status-publish","4":"has-post-thumbnail","6":"product_cat-sale-damen-schuhe-de","7":"product_cat-neutral-damen-sale-de","8":"product_tag-karhu-de","9":"product_tag-karhu-damen-de","10":"pa_attivita-gehen","11":"pa_attivita-running-de","12":"pa_colore-synchron-1-5-w-goblin-blue-silver-de","13":"pa_marca-karhu-de","14":"pa_sesso-damen","15":"pa_size-38-de","17":"first","18":"instock","19":"sale","20":"taxable","21":"shipping-taxable","22":"purchasable","23":"product-type-variable","24":"wvs-archive-product-wrapper"},"acf":[],"yoast_head":"<!-- This site is optimized with the Yoast SEO plugin v26.8 - https:\/\/yoast.com\/product\/yoast-seo-wordpress\/ -->\n<title>Karhu Synchron 1.5 damen - LaufschuheMioMioRun<\/title>\n<meta name=\"description\" content=\"Der Karhu Synchron 1.5 f\u00fcr Damen ist ein hochwertiger, d\u00e4mpfender Alltagstrainer f\u00fcr L\u00e4uferinnen mit neutraler oder fortgeschrittener \u00dcberpronation\" \/>\n<meta name=\"robots\" content=\"index, follow, max-snippet:-1, max-image-preview:large, max-video-preview:-1\" \/>\n<link rel=\"canonical\" href=\"https:\/\/www.miomiorun.com\/de\/produkt\/synchron-1-5-damen\/\" \/>\n<meta property=\"og:locale\" content=\"de_DE\" \/>\n<meta property=\"og:type\" content=\"article\" \/>\n<meta property=\"og:title\" content=\"Karhu Synchron 1.5 damen - LaufschuheMioMioRun\" \/>\n<meta property=\"og:description\" content=\"Der Karhu Synchron 1.5 f\u00fcr Damen ist ein hochwertiger, d\u00e4mpfender Alltagstrainer f\u00fcr L\u00e4uferinnen mit neutraler oder fortgeschrittener \u00dcberpronation\" \/>\n<meta property=\"og:url\" content=\"https:\/\/www.miomiorun.com\/de\/produkt\/synchron-1-5-damen\/\" \/>\n<meta property=\"og:site_name\" content=\"MioMioRun\" \/>\n<meta property=\"article:publisher\" content=\"https:\/\/www.facebook.com\/miomiorun\/\" \/>\n<meta property=\"article:modified_time\" content=\"2025-07-05T13:25:47+00:00\" \/>\n<meta property=\"og:image\" content=\"https:\/\/www.miomiorun.com\/app\/uploads\/2022\/10\/karhu-Synchron-1.5-W-goblin-blue-silver-F200345.jpg\" \/>\n\t<meta property=\"og:image:width\" content=\"600\" \/>\n\t<meta property=\"og:image:height\" content=\"600\" \/>\n\t<meta property=\"og:image:type\" content=\"image\/jpeg\" \/>\n<meta name=\"twitter:card\" content=\"summary_large_image\" \/>\n<meta name=\"twitter:label1\" content=\"Est. reading time\" \/>\n\t<meta name=\"twitter:data1\" content=\"2 minutes\" \/>\n<script type=\"application\/ld+json\" class=\"yoast-schema-graph\">{\"@context\":\"https:\/\/schema.org\",\"@graph\":[{\"@type\":\"WebPage\",\"@id\":\"https:\/\/www.miomiorun.com\/de\/produkt\/synchron-1-5-damen\/\",\"url\":\"https:\/\/www.miomiorun.com\/de\/produkt\/synchron-1-5-damen\/\",\"name\":\"Karhu Synchron 1.5 damen - LaufschuheMioMioRun\",\"isPartOf\":{\"@id\":\"https:\/\/www.miomiorun.com\/de\/#website\"},\"primaryImageOfPage\":{\"@id\":\"https:\/\/www.miomiorun.com\/de\/produkt\/synchron-1-5-damen\/#primaryimage\"},\"image\":{\"@id\":\"https:\/\/www.miomiorun.com\/de\/produkt\/synchron-1-5-damen\/#primaryimage\"},\"thumbnailUrl\":\"https:\/\/www.miomiorun.com\/app\/uploads\/2022\/10\/karhu-Synchron-1.5-W-goblin-blue-silver-F200345.jpg\",\"datePublished\":\"2022-10-04T14:49:07+00:00\",\"dateModified\":\"2025-07-05T13:25:47+00:00\",\"description\":\"Der Karhu Synchron 1.5 f\u00fcr Damen ist ein hochwertiger, d\u00e4mpfender Alltagstrainer f\u00fcr L\u00e4uferinnen mit neutraler oder fortgeschrittener \u00dcberpronation\",\"breadcrumb\":{\"@id\":\"https:\/\/www.miomiorun.com\/de\/produkt\/synchron-1-5-damen\/#breadcrumb\"},\"inLanguage\":\"de-DE\",\"potentialAction\":[{\"@type\":\"ReadAction\",\"target\":[\"https:\/\/www.miomiorun.com\/de\/produkt\/synchron-1-5-damen\/\"]}]},{\"@type\":\"ImageObject\",\"inLanguage\":\"de-DE\",\"@id\":\"https:\/\/www.miomiorun.com\/de\/produkt\/synchron-1-5-damen\/#primaryimage\",\"url\":\"https:\/\/www.miomiorun.com\/app\/uploads\/2022\/10\/karhu-Synchron-1.5-W-goblin-blue-silver-F200345.jpg\",\"contentUrl\":\"https:\/\/www.miomiorun.com\/app\/uploads\/2022\/10\/karhu-Synchron-1.5-W-goblin-blue-silver-F200345.jpg\",\"width\":600,\"height\":600,\"caption\":\"karhu-Synchron-1.5-W-goblin-blue-silver-F200345\"},{\"@type\":\"BreadcrumbList\",\"@id\":\"https:\/\/www.miomiorun.com\/de\/produkt\/synchron-1-5-damen\/#breadcrumb\",\"itemListElement\":[{\"@type\":\"ListItem\",\"position\":1,\"name\":\"Home\",\"item\":\"https:\/\/www.miomiorun.com\/de\/\"},{\"@type\":\"ListItem\",\"position\":2,\"name\":\"Shop\",\"item\":\"https:\/\/www.miomiorun.com\/shop\/\"},{\"@type\":\"ListItem\",\"position\":3,\"name\":\"Synchron 1.5 damen\"}]},{\"@type\":\"WebSite\",\"@id\":\"https:\/\/www.miomiorun.com\/de\/#website\",\"url\":\"https:\/\/www.miomiorun.com\/de\/\",\"name\":\"MioMioRun\",\"description\":\"100% Lauf- und Trailshop\",\"publisher\":{\"@id\":\"https:\/\/www.miomiorun.com\/de\/#organization\"},\"potentialAction\":[{\"@type\":\"SearchAction\",\"target\":{\"@type\":\"EntryPoint\",\"urlTemplate\":\"https:\/\/www.miomiorun.com\/de\/?s={search_term_string}\"},\"query-input\":{\"@type\":\"PropertyValueSpecification\",\"valueRequired\":true,\"valueName\":\"search_term_string\"}}],\"inLanguage\":\"de-DE\"},{\"@type\":\"Organization\",\"@id\":\"https:\/\/www.miomiorun.com\/de\/#organization\",\"name\":\"MioMio Run\",\"url\":\"https:\/\/www.miomiorun.com\/de\/\",\"logo\":{\"@type\":\"ImageObject\",\"inLanguage\":\"de-DE\",\"@id\":\"https:\/\/www.miomiorun.com\/de\/#\/schema\/logo\/image\/\",\"url\":\"https:\/\/www.miomiorun.com\/app\/uploads\/2019\/12\/logomio.png\",\"contentUrl\":\"https:\/\/www.miomiorun.com\/app\/uploads\/2019\/12\/logomio.png\",\"width\":115,\"height\":82,\"caption\":\"MioMio Run\"},\"image\":{\"@id\":\"https:\/\/www.miomiorun.com\/de\/#\/schema\/logo\/image\/\"},\"sameAs\":[\"https:\/\/www.facebook.com\/miomiorun\/\",\"https:\/\/www.instagram.com\/miomiorun\/\"]}]}<\/script>\n<!-- \/ Yoast SEO plugin. -->","yoast_head_json":{"title":"Karhu Synchron 1.5 damen - LaufschuheMioMioRun","description":"Der Karhu Synchron 1.5 f\u00fcr Damen ist ein hochwertiger, d\u00e4mpfender Alltagstrainer f\u00fcr L\u00e4uferinnen mit neutraler oder fortgeschrittener \u00dcberpronation","robots":{"index":"index","follow":"follow","max-snippet":"max-snippet:-1","max-image-preview":"max-image-preview:large","max-video-preview":"max-video-preview:-1"},"canonical":"https:\/\/www.miomiorun.com\/de\/produkt\/synchron-1-5-damen\/","og_locale":"de_DE","og_type":"article","og_title":"Karhu Synchron 1.5 damen - LaufschuheMioMioRun","og_description":"Der Karhu Synchron 1.5 f\u00fcr Damen ist ein hochwertiger, d\u00e4mpfender Alltagstrainer f\u00fcr L\u00e4uferinnen mit neutraler oder fortgeschrittener \u00dcberpronation","og_url":"https:\/\/www.miomiorun.com\/de\/produkt\/synchron-1-5-damen\/","og_site_name":"MioMioRun","article_publisher":"https:\/\/www.facebook.com\/miomiorun\/","article_modified_time":"2025-07-05T13:25:47+00:00","og_image":[{"width":600,"height":600,"url":"https:\/\/www.miomiorun.com\/app\/uploads\/2022\/10\/karhu-Synchron-1.5-W-goblin-blue-silver-F200345.jpg","type":"image\/jpeg"}],"twitter_card":"summary_large_image","twitter_misc":{"Est. reading time":"2 minutes"},"schema":{"@context":"https:\/\/schema.org","@graph":[{"@type":"WebPage","@id":"https:\/\/www.miomiorun.com\/de\/produkt\/synchron-1-5-damen\/","url":"https:\/\/www.miomiorun.com\/de\/produkt\/synchron-1-5-damen\/","name":"Karhu Synchron 1.5 damen - LaufschuheMioMioRun","isPartOf":{"@id":"https:\/\/www.miomiorun.com\/de\/#website"},"primaryImageOfPage":{"@id":"https:\/\/www.miomiorun.com\/de\/produkt\/synchron-1-5-damen\/#primaryimage"},"image":{"@id":"https:\/\/www.miomiorun.com\/de\/produkt\/synchron-1-5-damen\/#primaryimage"},"thumbnailUrl":"https:\/\/www.miomiorun.com\/app\/uploads\/2022\/10\/karhu-Synchron-1.5-W-goblin-blue-silver-F200345.jpg","datePublished":"2022-10-04T14:49:07+00:00","dateModified":"2025-07-05T13:25:47+00:00","description":"Der Karhu Synchron 1.5 f\u00fcr Damen ist ein hochwertiger, d\u00e4mpfender Alltagstrainer f\u00fcr L\u00e4uferinnen mit neutraler oder fortgeschrittener \u00dcberpronation","breadcrumb":{"@id":"https:\/\/www.miomiorun.com\/de\/produkt\/synchron-1-5-damen\/#breadcrumb"},"inLanguage":"de-DE","potentialAction":[{"@type":"ReadAction","target":["https:\/\/www.miomiorun.com\/de\/produkt\/synchron-1-5-damen\/"]}]},{"@type":"ImageObject","inLanguage":"de-DE","@id":"https:\/\/www.miomiorun.com\/de\/produkt\/synchron-1-5-damen\/#primaryimage","url":"https:\/\/www.miomiorun.com\/app\/uploads\/2022\/10\/karhu-Synchron-1.5-W-goblin-blue-silver-F200345.jpg","contentUrl":"https:\/\/www.miomiorun.com\/app\/uploads\/2022\/10\/karhu-Synchron-1.5-W-goblin-blue-silver-F200345.jpg","width":600,"height":600,"caption":"karhu-Synchron-1.5-W-goblin-blue-silver-F200345"},{"@type":"BreadcrumbList","@id":"https:\/\/www.miomiorun.com\/de\/produkt\/synchron-1-5-damen\/#breadcrumb","itemListElement":[{"@type":"ListItem","position":1,"name":"Home","item":"https:\/\/www.miomiorun.com\/de\/"},{"@type":"ListItem","position":2,"name":"Shop","item":"https:\/\/www.miomiorun.com\/shop\/"},{"@type":"ListItem","position":3,"name":"Synchron 1.5 damen"}]},{"@type":"WebSite","@id":"https:\/\/www.miomiorun.com\/de\/#website","url":"https:\/\/www.miomiorun.com\/de\/","name":"MioMioRun","description":"100% Lauf- und Trailshop","publisher":{"@id":"https:\/\/www.miomiorun.com\/de\/#organization"},"potentialAction":[{"@type":"SearchAction","target":{"@type":"EntryPoint","urlTemplate":"https:\/\/www.miomiorun.com\/de\/?s={search_term_string}"},"query-input":{"@type":"PropertyValueSpecification","valueRequired":true,"valueName":"search_term_string"}}],"inLanguage":"de-DE"},{"@type":"Organization","@id":"https:\/\/www.miomiorun.com\/de\/#organization","name":"MioMio Run","url":"https:\/\/www.miomiorun.com\/de\/","logo":{"@type":"ImageObject","inLanguage":"de-DE","@id":"https:\/\/www.miomiorun.com\/de\/#\/schema\/logo\/image\/","url":"https:\/\/www.miomiorun.com\/app\/uploads\/2019\/12\/logomio.png","contentUrl":"https:\/\/www.miomiorun.com\/app\/uploads\/2019\/12\/logomio.png","width":115,"height":82,"caption":"MioMio Run"},"image":{"@id":"https:\/\/www.miomiorun.com\/de\/#\/schema\/logo\/image\/"},"sameAs":["https:\/\/www.facebook.com\/miomiorun\/","https:\/\/www.instagram.com\/miomiorun\/"]}]}},"_links":{"self":[{"href":"https:\/\/www.miomiorun.com\/de\/wp-json\/wp\/v2\/product\/92493","targetHints":{"allow":["GET"]}}],"collection":[{"href":"https:\/\/www.miomiorun.com\/de\/wp-json\/wp\/v2\/product"}],"about":[{"href":"https:\/\/www.miomiorun.com\/de\/wp-json\/wp\/v2\/types\/product"}],"wp:featuredmedia":[{"embeddable":true,"href":"https:\/\/www.miomiorun.com\/de\/wp-json\/wp\/v2\/media\/92452"}],"wp:attachment":[{"href":"https:\/\/www.miomiorun.com\/de\/wp-json\/wp\/v2\/media?parent=92493"}],"wp:term":[{"taxonomy":"product_brand","embeddable":true,"href":"https:\/\/www.miomiorun.com\/de\/wp-json\/wp\/v2\/product_brand?post=92493"},{"taxonomy":"product_cat","embeddable":true,"href":"https:\/\/www.miomiorun.com\/de\/wp-json\/wp\/v2\/product_cat?post=92493"},{"taxonomy":"product_tag","embeddable":true,"href":"https:\/\/www.miomiorun.com\/de\/wp-json\/wp\/v2\/product_tag?post=92493"}],"curies":[{"name":"wp","href":"https:\/\/api.w.org\/{rel}","templated":true}]}}