{"id":92486,"date":"2022-10-04T18:00:47","date_gmt":"2022-10-04T16:00:47","guid":{"rendered":"https:\/\/miomiorun.com\/prodotto\/fusion-3-5-donna\/"},"modified":"2025-06-28T12:21:54","modified_gmt":"2025-06-28T10:21:54","slug":"fusion-3-5-damen","status":"publish","type":"product","link":"https:\/\/www.miomiorun.com\/de\/produkt\/fusion-3-5-damen\/","title":{"rendered":"Fusion 3.5 damen"},"content":{"rendered":"<div class=\"vc-row container\"><div class=\"vc-column\"><div class=\"vc-column-text\"><\/p>\n<h4>Technische Daten<\/h4>\n<p>.<br \/>\nKategorie: Optimale D\u00e4mpfung<br \/>\nVersatz: 6 mm<br \/>\nGewicht: 250 g<br \/>\nIdeal f\u00fcr: L\u00e4ufer, die einen Schuh mit guter D\u00e4mpfung und hervorragender Stabilit\u00e4t mit sanftem \u00dcbergang f\u00fcr mittlere bis lange L\u00e4ufe suchen.<br \/>\nGewicht des Athleten: 75-85 kg<br \/>\nLauftempo: mittel (5,00-6,00 min\/km)<br \/>\n<a href=\"https:\/\/miomiorun.com\/de\/leitfaden-fuer-technische-spezifikationen\/\">Leitfaden f\u00fcr technische Spezifikationen<\/a><\/p>\n<p><\/div><\/div><div class=\"vc-column\"><div class=\"vc-column-text\">Der Karhu <strong>Fusion 3.5<\/strong> f\u00fcr Damen ist ein ged\u00e4mpfter und reaktionsfreudiger Laufschuh f\u00fcr L\u00e4uferinnen mit neutralen F\u00fc\u00dfen. Egal, ob Sie langsam laufen oder das Tempo forcieren, der Vorw\u00e4rtsdrang und die weiche D\u00e4mpfung machen Ihren Lauf komfortabel und spielerisch. Der 6 mm Fersen-Zehen-Versatz, das verk\u00fcrzte Fulcrum und die Antriebseinheit sorgen f\u00fcr ein schnelles und agiles Laufgef\u00fchl.<br \/>\nDas neu gestaltete Mesh-Obermaterial ist im Zehenbereich weicher, w\u00e4hrend das ausgekl\u00fcgelte Bel\u00fcftungsmuster eine bessere Atmungsaktivit\u00e4t bietet. Der Fusion 3.5 ist ein All-in-One-Schuh f\u00fcr Neutrall\u00e4ufer, die Abwechslung in ihrem Lauftraining suchen.<\/p>\n<p>Der Fusion 3.5 ist auch in einer lockeren Passform erh\u00e4ltlich, Karhu nennt sie High Volume (<strong>HiVo<\/strong>).<\/p>\n<p>Wir bei Karhu wissen, dass jeder L\u00e4ufer einzigartige F\u00fc\u00dfe hat, und diese Tatsache f\u00fchrte zum neuen Fusion 3.5. Der Fusion f\u00fcr Frauen ist der erste Schuh, der von Frauen f\u00fcr Frauen entwickelt wurde. Durch die Anpassung des Volumens des Rist- und Vorfu\u00dfumfangs bietet Karhu eine ma\u00dfgeschneiderte Damenkonstruktion: HeraFit.<\/p>\n<p><strong>Merkmale:<\/strong><\/p>\n<ul>\n<li>Karhu Fusion 3.5 Technologien:<\/li>\n<li>Fulcrum + Antriebseinheit<\/li>\n<li>Ideal Trikot<\/li>\n<li>Ortix Fit<\/li>\n<li>AeroFoam-Zwischensohle<\/li>\n<li>M-Lock-Schn\u00fcrsystem<\/li>\n<\/ul>\n<p>&nbsp;<\/p>\n<p><img loading=\"lazy\" decoding=\"async\" class=\"\" src=\"https:\/\/cdn.shopify.com\/s\/files\/1\/0519\/4570\/1549\/files\/fulcrum_800x.png?v=1612961012\" width=\"205\" height=\"91\" \/><\/p>\n<p>Die KARHU Fulcrum-Technologie wurde entwickelt, um alle Kr\u00e4fte nach vorne zu leiten, die Bremskr\u00e4fte zu reduzieren und die nat\u00fcrliche Energie Ihres K\u00f6rpers zu nutzen, um ein sanfteres Fahrgef\u00fchl zu erzeugen. Wir nennen das den &#8220;Rolling Effect&#8221;. Die Fulcrum-Technologie bietet: ausgewogene D\u00e4mpfung, mehr Halt, mehr Energie. Der Fusion verf\u00fcgt \u00fcber einen dreiviertel langen Drehpunkt.<\/div><\/div><\/div>\n","protected":false},"excerpt":{"rendered":"","protected":false},"featured_media":89856,"template":"","meta":{"_acf_changed":false,"inline_featured_image":false},"product_brand":[],"product_cat":[6501,6538],"product_tag":[3377,6224],"class_list":{"0":"post-92486","1":"product","2":"type-product","3":"status-publish","4":"has-post-thumbnail","6":"product_cat-sale-damen-schuhe-de","7":"product_cat-neutral-damen-sale-de","8":"product_tag-karhu-de","9":"product_tag-karhu-damen-de","10":"pa_attivita-fitness-de","11":"pa_attivita-gehen","12":"pa_attivita-running-de","13":"pa_colore-fusion-35-w-grey-algeris-blue-de","14":"pa_colore-fusion-3-5-w-ibiza-blue-sugar-coral-de","15":"pa_colore-fusion-3-5-w-legion-blue-ether-de","16":"pa_marca-karhu-de","17":"pa_sesso-damen","18":"pa_size-37-5-de","19":"pa_size-38-de","21":"first","22":"instock","23":"sale","24":"taxable","25":"shipping-taxable","26":"purchasable","27":"product-type-variable","28":"wvs-archive-product-wrapper"},"acf":[],"yoast_head":"<!-- This site is optimized with the Yoast SEO plugin v26.8 - https:\/\/yoast.com\/product\/yoast-seo-wordpress\/ -->\n<title>Karhu Fusion 3.5 damen - Laufschuhe MioMioRun<\/title>\n<meta name=\"description\" content=\"Der Karhu Fusion 3.5 f\u00fcr Frauen ist ein ged\u00e4mpfter und reaktionsfreudiger Laufschuh f\u00fcr L\u00e4uferinnen mit neutralen F\u00fc\u00dfen, die D\u00e4mpfung w\u00fcnschen\" \/>\n<meta name=\"robots\" content=\"index, follow, max-snippet:-1, max-image-preview:large, max-video-preview:-1\" \/>\n<link rel=\"canonical\" href=\"https:\/\/www.miomiorun.com\/de\/produkt\/fusion-3-5-damen\/\" \/>\n<meta property=\"og:locale\" content=\"de_DE\" \/>\n<meta property=\"og:type\" content=\"article\" \/>\n<meta property=\"og:title\" content=\"Karhu Fusion 3.5 damen - Laufschuhe MioMioRun\" \/>\n<meta property=\"og:description\" content=\"Der Karhu Fusion 3.5 f\u00fcr Frauen ist ein ged\u00e4mpfter und reaktionsfreudiger Laufschuh f\u00fcr L\u00e4uferinnen mit neutralen F\u00fc\u00dfen, die D\u00e4mpfung w\u00fcnschen\" \/>\n<meta property=\"og:url\" content=\"https:\/\/www.miomiorun.com\/de\/produkt\/fusion-3-5-damen\/\" \/>\n<meta property=\"og:site_name\" content=\"MioMioRun\" \/>\n<meta property=\"article:publisher\" content=\"https:\/\/www.facebook.com\/miomiorun\/\" \/>\n<meta property=\"article:modified_time\" content=\"2025-06-28T10:21:54+00:00\" \/>\n<meta property=\"og:image\" content=\"https:\/\/www.miomiorun.com\/app\/uploads\/2022\/10\/karhu-fusion-3.5-W-saysky-F200348.jpg\" \/>\n\t<meta property=\"og:image:width\" content=\"600\" \/>\n\t<meta property=\"og:image:height\" content=\"600\" \/>\n\t<meta property=\"og:image:type\" content=\"image\/jpeg\" \/>\n<meta name=\"twitter:card\" content=\"summary_large_image\" \/>\n<meta name=\"twitter:label1\" content=\"Est. reading time\" \/>\n\t<meta name=\"twitter:data1\" content=\"2 minutes\" \/>\n<script type=\"application\/ld+json\" class=\"yoast-schema-graph\">{\"@context\":\"https:\/\/schema.org\",\"@graph\":[{\"@type\":\"WebPage\",\"@id\":\"https:\/\/www.miomiorun.com\/de\/produkt\/fusion-3-5-damen\/\",\"url\":\"https:\/\/www.miomiorun.com\/de\/produkt\/fusion-3-5-damen\/\",\"name\":\"Karhu Fusion 3.5 damen - Laufschuhe MioMioRun\",\"isPartOf\":{\"@id\":\"https:\/\/www.miomiorun.com\/de\/#website\"},\"primaryImageOfPage\":{\"@id\":\"https:\/\/www.miomiorun.com\/de\/produkt\/fusion-3-5-damen\/#primaryimage\"},\"image\":{\"@id\":\"https:\/\/www.miomiorun.com\/de\/produkt\/fusion-3-5-damen\/#primaryimage\"},\"thumbnailUrl\":\"https:\/\/www.miomiorun.com\/app\/uploads\/2022\/10\/karhu-fusion-3.5-W-saysky-F200348.jpg\",\"datePublished\":\"2022-10-04T16:00:47+00:00\",\"dateModified\":\"2025-06-28T10:21:54+00:00\",\"description\":\"Der Karhu Fusion 3.5 f\u00fcr Frauen ist ein ged\u00e4mpfter und reaktionsfreudiger Laufschuh f\u00fcr L\u00e4uferinnen mit neutralen F\u00fc\u00dfen, die D\u00e4mpfung w\u00fcnschen\",\"breadcrumb\":{\"@id\":\"https:\/\/www.miomiorun.com\/de\/produkt\/fusion-3-5-damen\/#breadcrumb\"},\"inLanguage\":\"de-DE\",\"potentialAction\":[{\"@type\":\"ReadAction\",\"target\":[\"https:\/\/www.miomiorun.com\/de\/produkt\/fusion-3-5-damen\/\"]}]},{\"@type\":\"ImageObject\",\"inLanguage\":\"de-DE\",\"@id\":\"https:\/\/www.miomiorun.com\/de\/produkt\/fusion-3-5-damen\/#primaryimage\",\"url\":\"https:\/\/www.miomiorun.com\/app\/uploads\/2022\/10\/karhu-fusion-3.5-W-saysky-F200348.jpg\",\"contentUrl\":\"https:\/\/www.miomiorun.com\/app\/uploads\/2022\/10\/karhu-fusion-3.5-W-saysky-F200348.jpg\",\"width\":600,\"height\":600,\"caption\":\"karhu-fusion-3.5-W-saysky-F200348\"},{\"@type\":\"BreadcrumbList\",\"@id\":\"https:\/\/www.miomiorun.com\/de\/produkt\/fusion-3-5-damen\/#breadcrumb\",\"itemListElement\":[{\"@type\":\"ListItem\",\"position\":1,\"name\":\"Home\",\"item\":\"https:\/\/www.miomiorun.com\/de\/\"},{\"@type\":\"ListItem\",\"position\":2,\"name\":\"Shop\",\"item\":\"https:\/\/www.miomiorun.com\/shop\/\"},{\"@type\":\"ListItem\",\"position\":3,\"name\":\"Fusion 3.5 damen\"}]},{\"@type\":\"WebSite\",\"@id\":\"https:\/\/www.miomiorun.com\/de\/#website\",\"url\":\"https:\/\/www.miomiorun.com\/de\/\",\"name\":\"MioMioRun\",\"description\":\"100% Lauf- und Trailshop\",\"publisher\":{\"@id\":\"https:\/\/www.miomiorun.com\/de\/#organization\"},\"potentialAction\":[{\"@type\":\"SearchAction\",\"target\":{\"@type\":\"EntryPoint\",\"urlTemplate\":\"https:\/\/www.miomiorun.com\/de\/?s={search_term_string}\"},\"query-input\":{\"@type\":\"PropertyValueSpecification\",\"valueRequired\":true,\"valueName\":\"search_term_string\"}}],\"inLanguage\":\"de-DE\"},{\"@type\":\"Organization\",\"@id\":\"https:\/\/www.miomiorun.com\/de\/#organization\",\"name\":\"MioMio Run\",\"url\":\"https:\/\/www.miomiorun.com\/de\/\",\"logo\":{\"@type\":\"ImageObject\",\"inLanguage\":\"de-DE\",\"@id\":\"https:\/\/www.miomiorun.com\/de\/#\/schema\/logo\/image\/\",\"url\":\"https:\/\/www.miomiorun.com\/app\/uploads\/2019\/12\/logomio.png\",\"contentUrl\":\"https:\/\/www.miomiorun.com\/app\/uploads\/2019\/12\/logomio.png\",\"width\":115,\"height\":82,\"caption\":\"MioMio Run\"},\"image\":{\"@id\":\"https:\/\/www.miomiorun.com\/de\/#\/schema\/logo\/image\/\"},\"sameAs\":[\"https:\/\/www.facebook.com\/miomiorun\/\",\"https:\/\/www.instagram.com\/miomiorun\/\"]}]}<\/script>\n<!-- \/ Yoast SEO plugin. -->","yoast_head_json":{"title":"Karhu Fusion 3.5 damen - Laufschuhe MioMioRun","description":"Der Karhu Fusion 3.5 f\u00fcr Frauen ist ein ged\u00e4mpfter und reaktionsfreudiger Laufschuh f\u00fcr L\u00e4uferinnen mit neutralen F\u00fc\u00dfen, die D\u00e4mpfung w\u00fcnschen","robots":{"index":"index","follow":"follow","max-snippet":"max-snippet:-1","max-image-preview":"max-image-preview:large","max-video-preview":"max-video-preview:-1"},"canonical":"https:\/\/www.miomiorun.com\/de\/produkt\/fusion-3-5-damen\/","og_locale":"de_DE","og_type":"article","og_title":"Karhu Fusion 3.5 damen - Laufschuhe MioMioRun","og_description":"Der Karhu Fusion 3.5 f\u00fcr Frauen ist ein ged\u00e4mpfter und reaktionsfreudiger Laufschuh f\u00fcr L\u00e4uferinnen mit neutralen F\u00fc\u00dfen, die D\u00e4mpfung w\u00fcnschen","og_url":"https:\/\/www.miomiorun.com\/de\/produkt\/fusion-3-5-damen\/","og_site_name":"MioMioRun","article_publisher":"https:\/\/www.facebook.com\/miomiorun\/","article_modified_time":"2025-06-28T10:21:54+00:00","og_image":[{"width":600,"height":600,"url":"https:\/\/www.miomiorun.com\/app\/uploads\/2022\/10\/karhu-fusion-3.5-W-saysky-F200348.jpg","type":"image\/jpeg"}],"twitter_card":"summary_large_image","twitter_misc":{"Est. reading time":"2 minutes"},"schema":{"@context":"https:\/\/schema.org","@graph":[{"@type":"WebPage","@id":"https:\/\/www.miomiorun.com\/de\/produkt\/fusion-3-5-damen\/","url":"https:\/\/www.miomiorun.com\/de\/produkt\/fusion-3-5-damen\/","name":"Karhu Fusion 3.5 damen - Laufschuhe MioMioRun","isPartOf":{"@id":"https:\/\/www.miomiorun.com\/de\/#website"},"primaryImageOfPage":{"@id":"https:\/\/www.miomiorun.com\/de\/produkt\/fusion-3-5-damen\/#primaryimage"},"image":{"@id":"https:\/\/www.miomiorun.com\/de\/produkt\/fusion-3-5-damen\/#primaryimage"},"thumbnailUrl":"https:\/\/www.miomiorun.com\/app\/uploads\/2022\/10\/karhu-fusion-3.5-W-saysky-F200348.jpg","datePublished":"2022-10-04T16:00:47+00:00","dateModified":"2025-06-28T10:21:54+00:00","description":"Der Karhu Fusion 3.5 f\u00fcr Frauen ist ein ged\u00e4mpfter und reaktionsfreudiger Laufschuh f\u00fcr L\u00e4uferinnen mit neutralen F\u00fc\u00dfen, die D\u00e4mpfung w\u00fcnschen","breadcrumb":{"@id":"https:\/\/www.miomiorun.com\/de\/produkt\/fusion-3-5-damen\/#breadcrumb"},"inLanguage":"de-DE","potentialAction":[{"@type":"ReadAction","target":["https:\/\/www.miomiorun.com\/de\/produkt\/fusion-3-5-damen\/"]}]},{"@type":"ImageObject","inLanguage":"de-DE","@id":"https:\/\/www.miomiorun.com\/de\/produkt\/fusion-3-5-damen\/#primaryimage","url":"https:\/\/www.miomiorun.com\/app\/uploads\/2022\/10\/karhu-fusion-3.5-W-saysky-F200348.jpg","contentUrl":"https:\/\/www.miomiorun.com\/app\/uploads\/2022\/10\/karhu-fusion-3.5-W-saysky-F200348.jpg","width":600,"height":600,"caption":"karhu-fusion-3.5-W-saysky-F200348"},{"@type":"BreadcrumbList","@id":"https:\/\/www.miomiorun.com\/de\/produkt\/fusion-3-5-damen\/#breadcrumb","itemListElement":[{"@type":"ListItem","position":1,"name":"Home","item":"https:\/\/www.miomiorun.com\/de\/"},{"@type":"ListItem","position":2,"name":"Shop","item":"https:\/\/www.miomiorun.com\/shop\/"},{"@type":"ListItem","position":3,"name":"Fusion 3.5 damen"}]},{"@type":"WebSite","@id":"https:\/\/www.miomiorun.com\/de\/#website","url":"https:\/\/www.miomiorun.com\/de\/","name":"MioMioRun","description":"100% Lauf- und Trailshop","publisher":{"@id":"https:\/\/www.miomiorun.com\/de\/#organization"},"potentialAction":[{"@type":"SearchAction","target":{"@type":"EntryPoint","urlTemplate":"https:\/\/www.miomiorun.com\/de\/?s={search_term_string}"},"query-input":{"@type":"PropertyValueSpecification","valueRequired":true,"valueName":"search_term_string"}}],"inLanguage":"de-DE"},{"@type":"Organization","@id":"https:\/\/www.miomiorun.com\/de\/#organization","name":"MioMio Run","url":"https:\/\/www.miomiorun.com\/de\/","logo":{"@type":"ImageObject","inLanguage":"de-DE","@id":"https:\/\/www.miomiorun.com\/de\/#\/schema\/logo\/image\/","url":"https:\/\/www.miomiorun.com\/app\/uploads\/2019\/12\/logomio.png","contentUrl":"https:\/\/www.miomiorun.com\/app\/uploads\/2019\/12\/logomio.png","width":115,"height":82,"caption":"MioMio Run"},"image":{"@id":"https:\/\/www.miomiorun.com\/de\/#\/schema\/logo\/image\/"},"sameAs":["https:\/\/www.facebook.com\/miomiorun\/","https:\/\/www.instagram.com\/miomiorun\/"]}]}},"_links":{"self":[{"href":"https:\/\/www.miomiorun.com\/de\/wp-json\/wp\/v2\/product\/92486","targetHints":{"allow":["GET"]}}],"collection":[{"href":"https:\/\/www.miomiorun.com\/de\/wp-json\/wp\/v2\/product"}],"about":[{"href":"https:\/\/www.miomiorun.com\/de\/wp-json\/wp\/v2\/types\/product"}],"wp:featuredmedia":[{"embeddable":true,"href":"https:\/\/www.miomiorun.com\/de\/wp-json\/wp\/v2\/media\/89856"}],"wp:attachment":[{"href":"https:\/\/www.miomiorun.com\/de\/wp-json\/wp\/v2\/media?parent=92486"}],"wp:term":[{"taxonomy":"product_brand","embeddable":true,"href":"https:\/\/www.miomiorun.com\/de\/wp-json\/wp\/v2\/product_brand?post=92486"},{"taxonomy":"product_cat","embeddable":true,"href":"https:\/\/www.miomiorun.com\/de\/wp-json\/wp\/v2\/product_cat?post=92486"},{"taxonomy":"product_tag","embeddable":true,"href":"https:\/\/www.miomiorun.com\/de\/wp-json\/wp\/v2\/product_tag?post=92486"}],"curies":[{"name":"wp","href":"https:\/\/api.w.org\/{rel}","templated":true}]}}