{"id":92484,"date":"2022-10-04T18:12:50","date_gmt":"2022-10-04T16:12:50","guid":{"rendered":"https:\/\/miomiorun.com\/prodotto\/ikoni-2-0-donna\/"},"modified":"2026-01-18T18:42:41","modified_gmt":"2026-01-18T17:42:41","slug":"ikoni-2-0-damen","status":"publish","type":"product","link":"https:\/\/www.miomiorun.com\/de\/produkt\/ikoni-2-0-damen\/","title":{"rendered":"Ikoni 2.0 damen"},"content":{"rendered":"<div class=\"vc-row container\"><div class=\"vc-column\"><div class=\"vc-column-text\">[port_content_box border_top_colour=&#8221;black&#8221; border_radius=&#8221;20&#8243; border_top_width=&#8221;3&#8243; align=&#8221;centre&#8221;]<\/p>\n<h4>Technische Daten<\/h4>\n<p>Kategorie: Mittlere D\u00e4mpfung<br \/>\nVersatz: 8 mm<br \/>\nGewicht: 252 g<br \/>\nIdeal f\u00fcr: L\u00e4ufer, die einen Schuh mit guter D\u00e4mpfung und weichem \u00dcbergang f\u00fcr mittellange L\u00e4ufe suchen.<br \/>\nGewicht des Athleten: 65-75 kg<br \/>\nLauftempo: mittelschnell (4.30-5.30 min\/km)<br \/>\n<a href=\"https:\/\/miomiorun.com\/de\/leitfaden-fuer-technische-spezifikationen\/\">Leitfaden f\u00fcr technische Spezifikationen<\/a><\/p>\n<p>[\/porto_content_box]<\/div><\/div><div class=\"vc-column\"><div class=\"vc-column-text\">Der Karhu <strong>IKONI<\/strong> f\u00fcr Damen ist ein vielseitiger Laufschuh mit hoher D\u00e4mpfung f\u00fcr Neutrall\u00e4uferinnen oder L\u00e4ufer der fr\u00fchen bis mittleren Phase. Der komplett \u00fcberarbeitete IKONI ist leichter, besser ged\u00e4mpft und f\u00fchlt sich weicher an als sein Vorg\u00e4nger. Die datengesteuerte DNA des IKONI sorgt f\u00fcr ein ausgewogenes, leichtes Fahrverhalten und einen sanften, gef\u00fchrten \u00dcbergang. Bei Karhu wissen wir, dass jeder L\u00e4ufer einzigartige F\u00fc\u00dfe hat, und diese Daten haben zum neuen IKONI gef\u00fchrt. Der IKONI wird aus einer wachsenden Datenbank mit \u00fcber 2 Millionen 3D-Scans von L\u00e4uferf\u00fc\u00dfen erstellt. Der Karhu IKONI ist buchst\u00e4blich vom L\u00e4ufer f\u00fcr den L\u00e4ufer gemacht.<\/p>\n<p><strong>Merkmale:<\/strong><\/p>\n<ul>\n<li>Anatomisches Schn\u00fcrsystem f\u00fcr mehr Komfort<\/li>\n<li>Halblanger Drehpunkt + Antriebseinheit f\u00fcr schnellen R\u00fcckprall<\/li>\n<li>Stark ged\u00e4mpfte AeroFoam-Zwischensohle &#8211; Mesh-Konstruktion f\u00fcr Atmungsaktivit\u00e4t und Halt<\/li>\n<li>Nahtlos gestaltetes Obermaterial<\/li>\n<\/ul>\n<p><strong>Sie verwendet die Fulcrum-Technologie:<\/strong><\/p>\n<p><img loading=\"lazy\" decoding=\"async\" class=\"\" src=\"https:\/\/cdn.shopify.com\/s\/files\/1\/0519\/4570\/1549\/files\/fulcrum_800x.png?v=1612961012\" width=\"122\" height=\"54\" \/><\/p>\n<p>Die KARHU Fulcrum-Technologie wurde entwickelt, um alle Kr\u00e4fte nach vorne zu leiten, die Bremskr\u00e4fte zu reduzieren und die nat\u00fcrliche Energie Ihres K\u00f6rpers zu nutzen, um ein sanfteres Fahrgef\u00fchl zu erzeugen. Wir nennen das den &#8220;Rolling Effect&#8221;. Die Fulcrum-Technologie bietet: ausgewogene D\u00e4mpfung, mehr Halt, mehr Energie. Der Ikoni hat einen halblangen Drehpunkt f\u00fcr einen flexiblen Vorfu\u00df.<\/div><\/div><\/div>\n","protected":false},"excerpt":{"rendered":"","protected":false},"featured_media":90091,"template":"","meta":{"_acf_changed":false,"inline_featured_image":false},"product_brand":[],"product_cat":[6501,6538],"product_tag":[3377,6224],"class_list":{"0":"post-92484","1":"product","2":"type-product","3":"status-publish","4":"has-post-thumbnail","6":"product_cat-sale-damen-schuhe-de","7":"product_cat-neutral-damen-sale-de","8":"product_tag-karhu-de","9":"product_tag-karhu-damen-de","10":"pa_attivita-fitness-de","11":"pa_attivita-gehen","12":"pa_attivita-running-de","13":"pa_colore-ikoni-2-0-w-chinogreen-misty-blue-de","14":"pa_marca-karhu-de","15":"pa_sesso-damen","16":"pa_size-37-5-de","18":"first","19":"instock","20":"sale","21":"taxable","22":"shipping-taxable","23":"purchasable","24":"product-type-variable","25":"wvs-archive-product-wrapper"},"acf":[],"yoast_head":"<!-- This site is optimized with the Yoast SEO plugin v26.8 - https:\/\/yoast.com\/product\/yoast-seo-wordpress\/ -->\n<title>Karhu Ikoni 2.0 damen - Frauenlauf MioMioRun<\/title>\n<meta name=\"description\" content=\"Der Karhu IKONI f\u00fcr Herren ist ein vielseitiger Laufschuh mit hoher D\u00e4mpfung f\u00fcr Neutrall\u00e4ufer oder L\u00e4ufer der fr\u00fchen bis mittleren Phase.\" \/>\n<meta name=\"robots\" content=\"index, follow, max-snippet:-1, max-image-preview:large, max-video-preview:-1\" \/>\n<link rel=\"canonical\" href=\"https:\/\/www.miomiorun.com\/de\/produkt\/ikoni-2-0-damen\/\" \/>\n<meta property=\"og:locale\" content=\"de_DE\" \/>\n<meta property=\"og:type\" content=\"article\" \/>\n<meta property=\"og:title\" content=\"Karhu Ikoni 2.0 damen - Frauenlauf MioMioRun\" \/>\n<meta property=\"og:description\" content=\"Der Karhu IKONI f\u00fcr Herren ist ein vielseitiger Laufschuh mit hoher D\u00e4mpfung f\u00fcr Neutrall\u00e4ufer oder L\u00e4ufer der fr\u00fchen bis mittleren Phase.\" \/>\n<meta property=\"og:url\" content=\"https:\/\/www.miomiorun.com\/de\/produkt\/ikoni-2-0-damen\/\" \/>\n<meta property=\"og:site_name\" content=\"MioMioRun\" \/>\n<meta property=\"article:publisher\" content=\"https:\/\/www.facebook.com\/miomiorun\/\" \/>\n<meta property=\"article:modified_time\" content=\"2026-01-18T17:42:41+00:00\" \/>\n<meta property=\"og:image\" content=\"https:\/\/www.miomiorun.com\/app\/uploads\/2022\/10\/karhu-Ikoni-2.0-W-chinogreen-misty-blue-F200335.jpg\" \/>\n\t<meta property=\"og:image:width\" content=\"600\" \/>\n\t<meta property=\"og:image:height\" content=\"600\" \/>\n\t<meta property=\"og:image:type\" content=\"image\/jpeg\" \/>\n<meta name=\"twitter:card\" content=\"summary_large_image\" \/>\n<meta name=\"twitter:label1\" content=\"Est. reading time\" \/>\n\t<meta name=\"twitter:data1\" content=\"2 minutes\" \/>\n<script type=\"application\/ld+json\" class=\"yoast-schema-graph\">{\"@context\":\"https:\/\/schema.org\",\"@graph\":[{\"@type\":\"WebPage\",\"@id\":\"https:\/\/www.miomiorun.com\/de\/produkt\/ikoni-2-0-damen\/\",\"url\":\"https:\/\/www.miomiorun.com\/de\/produkt\/ikoni-2-0-damen\/\",\"name\":\"Karhu Ikoni 2.0 damen - Frauenlauf MioMioRun\",\"isPartOf\":{\"@id\":\"https:\/\/www.miomiorun.com\/de\/#website\"},\"primaryImageOfPage\":{\"@id\":\"https:\/\/www.miomiorun.com\/de\/produkt\/ikoni-2-0-damen\/#primaryimage\"},\"image\":{\"@id\":\"https:\/\/www.miomiorun.com\/de\/produkt\/ikoni-2-0-damen\/#primaryimage\"},\"thumbnailUrl\":\"https:\/\/www.miomiorun.com\/app\/uploads\/2022\/10\/karhu-Ikoni-2.0-W-chinogreen-misty-blue-F200335.jpg\",\"datePublished\":\"2022-10-04T16:12:50+00:00\",\"dateModified\":\"2026-01-18T17:42:41+00:00\",\"description\":\"Der Karhu IKONI f\u00fcr Herren ist ein vielseitiger Laufschuh mit hoher D\u00e4mpfung f\u00fcr Neutrall\u00e4ufer oder L\u00e4ufer der fr\u00fchen bis mittleren Phase.\",\"breadcrumb\":{\"@id\":\"https:\/\/www.miomiorun.com\/de\/produkt\/ikoni-2-0-damen\/#breadcrumb\"},\"inLanguage\":\"de-DE\",\"potentialAction\":[{\"@type\":\"ReadAction\",\"target\":[\"https:\/\/www.miomiorun.com\/de\/produkt\/ikoni-2-0-damen\/\"]}]},{\"@type\":\"ImageObject\",\"inLanguage\":\"de-DE\",\"@id\":\"https:\/\/www.miomiorun.com\/de\/produkt\/ikoni-2-0-damen\/#primaryimage\",\"url\":\"https:\/\/www.miomiorun.com\/app\/uploads\/2022\/10\/karhu-Ikoni-2.0-W-chinogreen-misty-blue-F200335.jpg\",\"contentUrl\":\"https:\/\/www.miomiorun.com\/app\/uploads\/2022\/10\/karhu-Ikoni-2.0-W-chinogreen-misty-blue-F200335.jpg\",\"width\":600,\"height\":600,\"caption\":\"karhu-Ikoni-2.0-W-chinogreen-misty-blue-F200335\"},{\"@type\":\"BreadcrumbList\",\"@id\":\"https:\/\/www.miomiorun.com\/de\/produkt\/ikoni-2-0-damen\/#breadcrumb\",\"itemListElement\":[{\"@type\":\"ListItem\",\"position\":1,\"name\":\"Home\",\"item\":\"https:\/\/www.miomiorun.com\/de\/\"},{\"@type\":\"ListItem\",\"position\":2,\"name\":\"Shop\",\"item\":\"https:\/\/www.miomiorun.com\/shop\/\"},{\"@type\":\"ListItem\",\"position\":3,\"name\":\"Ikoni 2.0 damen\"}]},{\"@type\":\"WebSite\",\"@id\":\"https:\/\/www.miomiorun.com\/de\/#website\",\"url\":\"https:\/\/www.miomiorun.com\/de\/\",\"name\":\"MioMioRun\",\"description\":\"100% Lauf- und Trailshop\",\"publisher\":{\"@id\":\"https:\/\/www.miomiorun.com\/de\/#organization\"},\"potentialAction\":[{\"@type\":\"SearchAction\",\"target\":{\"@type\":\"EntryPoint\",\"urlTemplate\":\"https:\/\/www.miomiorun.com\/de\/?s={search_term_string}\"},\"query-input\":{\"@type\":\"PropertyValueSpecification\",\"valueRequired\":true,\"valueName\":\"search_term_string\"}}],\"inLanguage\":\"de-DE\"},{\"@type\":\"Organization\",\"@id\":\"https:\/\/www.miomiorun.com\/de\/#organization\",\"name\":\"MioMio Run\",\"url\":\"https:\/\/www.miomiorun.com\/de\/\",\"logo\":{\"@type\":\"ImageObject\",\"inLanguage\":\"de-DE\",\"@id\":\"https:\/\/www.miomiorun.com\/de\/#\/schema\/logo\/image\/\",\"url\":\"https:\/\/www.miomiorun.com\/app\/uploads\/2019\/12\/logomio.png\",\"contentUrl\":\"https:\/\/www.miomiorun.com\/app\/uploads\/2019\/12\/logomio.png\",\"width\":115,\"height\":82,\"caption\":\"MioMio Run\"},\"image\":{\"@id\":\"https:\/\/www.miomiorun.com\/de\/#\/schema\/logo\/image\/\"},\"sameAs\":[\"https:\/\/www.facebook.com\/miomiorun\/\",\"https:\/\/www.instagram.com\/miomiorun\/\"]}]}<\/script>\n<!-- \/ Yoast SEO plugin. -->","yoast_head_json":{"title":"Karhu Ikoni 2.0 damen - Frauenlauf MioMioRun","description":"Der Karhu IKONI f\u00fcr Herren ist ein vielseitiger Laufschuh mit hoher D\u00e4mpfung f\u00fcr Neutrall\u00e4ufer oder L\u00e4ufer der fr\u00fchen bis mittleren Phase.","robots":{"index":"index","follow":"follow","max-snippet":"max-snippet:-1","max-image-preview":"max-image-preview:large","max-video-preview":"max-video-preview:-1"},"canonical":"https:\/\/www.miomiorun.com\/de\/produkt\/ikoni-2-0-damen\/","og_locale":"de_DE","og_type":"article","og_title":"Karhu Ikoni 2.0 damen - Frauenlauf MioMioRun","og_description":"Der Karhu IKONI f\u00fcr Herren ist ein vielseitiger Laufschuh mit hoher D\u00e4mpfung f\u00fcr Neutrall\u00e4ufer oder L\u00e4ufer der fr\u00fchen bis mittleren Phase.","og_url":"https:\/\/www.miomiorun.com\/de\/produkt\/ikoni-2-0-damen\/","og_site_name":"MioMioRun","article_publisher":"https:\/\/www.facebook.com\/miomiorun\/","article_modified_time":"2026-01-18T17:42:41+00:00","og_image":[{"width":600,"height":600,"url":"https:\/\/www.miomiorun.com\/app\/uploads\/2022\/10\/karhu-Ikoni-2.0-W-chinogreen-misty-blue-F200335.jpg","type":"image\/jpeg"}],"twitter_card":"summary_large_image","twitter_misc":{"Est. reading time":"2 minutes"},"schema":{"@context":"https:\/\/schema.org","@graph":[{"@type":"WebPage","@id":"https:\/\/www.miomiorun.com\/de\/produkt\/ikoni-2-0-damen\/","url":"https:\/\/www.miomiorun.com\/de\/produkt\/ikoni-2-0-damen\/","name":"Karhu Ikoni 2.0 damen - Frauenlauf MioMioRun","isPartOf":{"@id":"https:\/\/www.miomiorun.com\/de\/#website"},"primaryImageOfPage":{"@id":"https:\/\/www.miomiorun.com\/de\/produkt\/ikoni-2-0-damen\/#primaryimage"},"image":{"@id":"https:\/\/www.miomiorun.com\/de\/produkt\/ikoni-2-0-damen\/#primaryimage"},"thumbnailUrl":"https:\/\/www.miomiorun.com\/app\/uploads\/2022\/10\/karhu-Ikoni-2.0-W-chinogreen-misty-blue-F200335.jpg","datePublished":"2022-10-04T16:12:50+00:00","dateModified":"2026-01-18T17:42:41+00:00","description":"Der Karhu IKONI f\u00fcr Herren ist ein vielseitiger Laufschuh mit hoher D\u00e4mpfung f\u00fcr Neutrall\u00e4ufer oder L\u00e4ufer der fr\u00fchen bis mittleren Phase.","breadcrumb":{"@id":"https:\/\/www.miomiorun.com\/de\/produkt\/ikoni-2-0-damen\/#breadcrumb"},"inLanguage":"de-DE","potentialAction":[{"@type":"ReadAction","target":["https:\/\/www.miomiorun.com\/de\/produkt\/ikoni-2-0-damen\/"]}]},{"@type":"ImageObject","inLanguage":"de-DE","@id":"https:\/\/www.miomiorun.com\/de\/produkt\/ikoni-2-0-damen\/#primaryimage","url":"https:\/\/www.miomiorun.com\/app\/uploads\/2022\/10\/karhu-Ikoni-2.0-W-chinogreen-misty-blue-F200335.jpg","contentUrl":"https:\/\/www.miomiorun.com\/app\/uploads\/2022\/10\/karhu-Ikoni-2.0-W-chinogreen-misty-blue-F200335.jpg","width":600,"height":600,"caption":"karhu-Ikoni-2.0-W-chinogreen-misty-blue-F200335"},{"@type":"BreadcrumbList","@id":"https:\/\/www.miomiorun.com\/de\/produkt\/ikoni-2-0-damen\/#breadcrumb","itemListElement":[{"@type":"ListItem","position":1,"name":"Home","item":"https:\/\/www.miomiorun.com\/de\/"},{"@type":"ListItem","position":2,"name":"Shop","item":"https:\/\/www.miomiorun.com\/shop\/"},{"@type":"ListItem","position":3,"name":"Ikoni 2.0 damen"}]},{"@type":"WebSite","@id":"https:\/\/www.miomiorun.com\/de\/#website","url":"https:\/\/www.miomiorun.com\/de\/","name":"MioMioRun","description":"100% Lauf- und Trailshop","publisher":{"@id":"https:\/\/www.miomiorun.com\/de\/#organization"},"potentialAction":[{"@type":"SearchAction","target":{"@type":"EntryPoint","urlTemplate":"https:\/\/www.miomiorun.com\/de\/?s={search_term_string}"},"query-input":{"@type":"PropertyValueSpecification","valueRequired":true,"valueName":"search_term_string"}}],"inLanguage":"de-DE"},{"@type":"Organization","@id":"https:\/\/www.miomiorun.com\/de\/#organization","name":"MioMio Run","url":"https:\/\/www.miomiorun.com\/de\/","logo":{"@type":"ImageObject","inLanguage":"de-DE","@id":"https:\/\/www.miomiorun.com\/de\/#\/schema\/logo\/image\/","url":"https:\/\/www.miomiorun.com\/app\/uploads\/2019\/12\/logomio.png","contentUrl":"https:\/\/www.miomiorun.com\/app\/uploads\/2019\/12\/logomio.png","width":115,"height":82,"caption":"MioMio Run"},"image":{"@id":"https:\/\/www.miomiorun.com\/de\/#\/schema\/logo\/image\/"},"sameAs":["https:\/\/www.facebook.com\/miomiorun\/","https:\/\/www.instagram.com\/miomiorun\/"]}]}},"_links":{"self":[{"href":"https:\/\/www.miomiorun.com\/de\/wp-json\/wp\/v2\/product\/92484","targetHints":{"allow":["GET"]}}],"collection":[{"href":"https:\/\/www.miomiorun.com\/de\/wp-json\/wp\/v2\/product"}],"about":[{"href":"https:\/\/www.miomiorun.com\/de\/wp-json\/wp\/v2\/types\/product"}],"wp:featuredmedia":[{"embeddable":true,"href":"https:\/\/www.miomiorun.com\/de\/wp-json\/wp\/v2\/media\/90091"}],"wp:attachment":[{"href":"https:\/\/www.miomiorun.com\/de\/wp-json\/wp\/v2\/media?parent=92484"}],"wp:term":[{"taxonomy":"product_brand","embeddable":true,"href":"https:\/\/www.miomiorun.com\/de\/wp-json\/wp\/v2\/product_brand?post=92484"},{"taxonomy":"product_cat","embeddable":true,"href":"https:\/\/www.miomiorun.com\/de\/wp-json\/wp\/v2\/product_cat?post=92484"},{"taxonomy":"product_tag","embeddable":true,"href":"https:\/\/www.miomiorun.com\/de\/wp-json\/wp\/v2\/product_tag?post=92484"}],"curies":[{"name":"wp","href":"https:\/\/api.w.org\/{rel}","templated":true}]}}