{"id":89132,"date":"2020-02-24T19:36:13","date_gmt":"2020-02-24T18:36:13","guid":{"rendered":"https:\/\/miomiorun.com\/prodotto\/tempesta-gtx-uomo\/"},"modified":"2024-08-27T15:24:18","modified_gmt":"2024-08-27T13:24:18","slug":"tempesta-gtx-herren","status":"publish","type":"product","link":"https:\/\/www.miomiorun.com\/de\/produkt\/tempesta-gtx-herren\/","title":{"rendered":"Tempesta GTX herren"},"content":{"rendered":"<div class=\"vc-row container\"><div class=\"vc-column\"><div class=\"vc-column-text\"><\/p>\n<p><strong>Technische Daten<\/strong><\/p>\n<p>Kategorie: Top-D\u00e4mpfung<br \/>\nVersatz: 10 mm<br \/>\nGewicht: 340 g<br \/>\nIdeal f\u00fcr: L\u00e4ufer und Bergwanderer, die ein transversales Modell suchen, das Traktion, Schutz, Wasserdichtigkeit und eine bequeme Passform sowohl auf langen als auch auf mittleren Strecken bietet.<br \/>\nGewicht des Athleten: 70-80 kg<br \/>\nLauftempo : mittel-langsam (&gt;5.00 min\/km)<br \/>\n<a href=\"https:\/\/miomiorun.com\/de\/leitfaden-fuer-technische-spezifikationen\/\">Leitfaden f\u00fcr technische Spezifikationen<\/a><\/p>\n<p><\/div><\/div><div class=\"vc-column\"><div class=\"vc-column-text\">Wasserdichter Winterlaufschuh f\u00fcr das Training und den t\u00e4glichen Gebrauch in den Wintermonaten als Vorbereitung auf die Skyraces im Fr\u00fchjahr. Er ist vielseitig, leicht und dank der Sock-Shield-Konstruktion schnell anzuziehen und eignet sich dank der Stollensohle mit At Grip Spikes perfekt f\u00fcr L\u00e4ufe auf verschiedenen Arten von Gel\u00e4nde.<br \/>\nDie griffige Sohle erleichtert die Bew\u00e4ltigung rutschiger Untergr\u00fcnde und bietet dank ausgepr\u00e4gter Stollen und der Kompatibilit\u00e4t mit abnehmbaren AT-Grip Spikes auch auf weichem oder vereistem Terrain sicheren Halt. Das schnelle und intuitive Schn\u00fcrsystem mit einziehbarer Schn\u00fcrsenkeltasche in Kombination mit dem Sock-Shield-Kragen mit Slip-on-Konstruktion funktioniert gut und ist bequem, mit einer integrierten Gamasche, die den Fu\u00df vollst\u00e4ndig umh\u00fcllt, ohne Hohlr\u00e4ume und zus\u00e4tzliche Zwickel: Sie verhindert vollst\u00e4ndig das Eindringen von Steinen, Schlamm und Schnee. Das Schn\u00fcrsystem ist in die Struktur des Innenschuhs integriert: Diese L\u00f6sung erm\u00f6glicht es, das Volumen und die Haftung des Schuhs am Fu\u00df zu regulieren, um einen pr\u00e4zisen und stabilen Lauf zu gew\u00e4hrleisten, auch bei Querungen. Das v\u00f6llige Fehlen von \u00e4u\u00dferen N\u00e4hten und die superflexible, wasserdichte und atmungsaktive Gore-Tex-Membran machen den Tempesta zum perfekten Schuh f\u00fcr das sportliche Training in den Wintermonaten.<\/p>\n<p><strong>Oben:<\/strong><br \/>\nWasserabweisendes, abriebfestes Single-Mesh mit Sublimationsdruck + Sock-Shield Konstruktion Kragen<br \/>\n<strong>Auskleidung:<\/strong><br \/>\nGore\u00ae Flex Konstruktion<br \/>\n<strong>Fu\u00dfbett:<\/strong><br \/>\nOrtholite Berglauf Ergonomisch 4 mm<br \/>\n<strong>Zwischensohle:<\/strong><br \/>\nMEMlex EVA-Injektion mit Stabilisatoreinsatz<br \/>\n<strong>Laufsohle:<\/strong><br \/>\nAT FriXion Verbindung kompatibel mit abnehmbaren AT Grip Spikes<\/div><\/div><\/div>\n","protected":false},"excerpt":{"rendered":"<ul>\n<li>Wasserdichter Winterlaufschuh.<\/li>\n<li>Vielseitig, leicht und dank der Sock-Shield-Konstruktion schnell anzuziehen, eignet er sich perfekt f\u00fcr L\u00e4ufe in unterschiedlichem Terrain.<\/li>\n<li>Stollensohle mit At Grip Spikes.<\/li>\n<\/ul>\n","protected":false},"featured_media":355844,"template":"","meta":{"_acf_changed":false,"inline_featured_image":false},"product_brand":[],"product_cat":[6507,6504],"product_tag":[6248,6218],"class_list":{"0":"post-89132","1":"product","2":"type-product","3":"status-publish","4":"has-post-thumbnail","6":"product_cat-herren-schuhe-de","7":"product_cat-trail","8":"product_tag-la-sportiva-de","9":"product_tag-la-sportiva-herren-de","10":"pa_attivita-outdoor-de","11":"pa_attivita-trail-de","12":"pa_colore-tempesta-gtx-black-hawaiian-sun-de","13":"pa_colore-tempesta-gtx-carbon-cloud-de","14":"pa_colore-tempesta-gtx-electric-blue-tiger-de","15":"pa_colore-tempesta-gtx-night-sky-savana","16":"pa_marca-la-sportiva-de","17":"pa_sesso-herren","18":"pa_size-42-de","19":"pa_size-42-5-de","20":"pa_size-43-5-de","21":"pa_size-44-de","22":"pa_size-45-de","23":"pa_size-45-5-de","24":"pa_size-46-de","26":"first","27":"instock","28":"sale","29":"taxable","30":"shipping-taxable","31":"purchasable","32":"product-type-variable","33":"wvs-archive-product-wrapper"},"acf":[],"yoast_head":"<!-- This site is optimized with the Yoast SEO plugin v26.8 - https:\/\/yoast.com\/product\/yoast-seo-wordpress\/ -->\n<title>La sportiva Tempesta GTX herren - Herren-Trail-Schuhe<\/title>\n<meta name=\"description\" content=\"Entdecken Sie den La Sportiva Tempesta GTX f\u00fcr Herren auf MioMioRun.com, einen Winterlaufschuh f\u00fcr das t\u00e4gliche Training in den Wintermonaten.\" \/>\n<meta name=\"robots\" content=\"index, follow, max-snippet:-1, max-image-preview:large, max-video-preview:-1\" \/>\n<link rel=\"canonical\" href=\"https:\/\/www.miomiorun.com\/de\/produkt\/tempesta-gtx-herren\/\" \/>\n<meta property=\"og:locale\" content=\"de_DE\" \/>\n<meta property=\"og:type\" content=\"article\" \/>\n<meta property=\"og:title\" content=\"La sportiva Tempesta GTX herren - Herren-Trail-Schuhe\" \/>\n<meta property=\"og:description\" content=\"Entdecken Sie den La Sportiva Tempesta GTX f\u00fcr Herren auf MioMioRun.com, einen Winterlaufschuh f\u00fcr das t\u00e4gliche Training in den Wintermonaten.\" \/>\n<meta property=\"og:url\" content=\"https:\/\/www.miomiorun.com\/de\/produkt\/tempesta-gtx-herren\/\" \/>\n<meta property=\"og:site_name\" content=\"MioMioRun\" \/>\n<meta property=\"article:publisher\" content=\"https:\/\/www.facebook.com\/miomiorun\/\" \/>\n<meta property=\"article:modified_time\" content=\"2024-08-27T13:24:18+00:00\" \/>\n<meta property=\"og:image\" content=\"https:\/\/www.miomiorun.com\/app\/uploads\/2024\/09\/la-sportiva-Tempesta-GTX-carbon-cloud-36F900907.webp\" \/>\n\t<meta property=\"og:image:width\" content=\"600\" \/>\n\t<meta property=\"og:image:height\" content=\"600\" \/>\n\t<meta property=\"og:image:type\" content=\"image\/webp\" \/>\n<meta name=\"twitter:card\" content=\"summary_large_image\" \/>\n<meta name=\"twitter:label1\" content=\"Est. reading time\" \/>\n\t<meta name=\"twitter:data1\" content=\"2 minutes\" \/>\n<script type=\"application\/ld+json\" class=\"yoast-schema-graph\">{\"@context\":\"https:\/\/schema.org\",\"@graph\":[{\"@type\":\"WebPage\",\"@id\":\"https:\/\/www.miomiorun.com\/de\/produkt\/tempesta-gtx-herren\/\",\"url\":\"https:\/\/www.miomiorun.com\/de\/produkt\/tempesta-gtx-herren\/\",\"name\":\"La sportiva Tempesta GTX herren - Herren-Trail-Schuhe\",\"isPartOf\":{\"@id\":\"https:\/\/www.miomiorun.com\/de\/#website\"},\"primaryImageOfPage\":{\"@id\":\"https:\/\/www.miomiorun.com\/de\/produkt\/tempesta-gtx-herren\/#primaryimage\"},\"image\":{\"@id\":\"https:\/\/www.miomiorun.com\/de\/produkt\/tempesta-gtx-herren\/#primaryimage\"},\"thumbnailUrl\":\"https:\/\/www.miomiorun.com\/app\/uploads\/2025\/10\/la-sportiva-Tempesta-GTX-night-sky-savana-ZFRS118B46E32.webp\",\"datePublished\":\"2020-02-24T18:36:13+00:00\",\"dateModified\":\"2024-08-27T13:24:18+00:00\",\"description\":\"Entdecken Sie den La Sportiva Tempesta GTX f\u00fcr Herren auf MioMioRun.com, einen Winterlaufschuh f\u00fcr das t\u00e4gliche Training in den Wintermonaten.\",\"breadcrumb\":{\"@id\":\"https:\/\/www.miomiorun.com\/de\/produkt\/tempesta-gtx-herren\/#breadcrumb\"},\"inLanguage\":\"de-DE\",\"potentialAction\":[{\"@type\":\"ReadAction\",\"target\":[\"https:\/\/www.miomiorun.com\/de\/produkt\/tempesta-gtx-herren\/\"]}]},{\"@type\":\"ImageObject\",\"inLanguage\":\"de-DE\",\"@id\":\"https:\/\/www.miomiorun.com\/de\/produkt\/tempesta-gtx-herren\/#primaryimage\",\"url\":\"https:\/\/www.miomiorun.com\/app\/uploads\/2025\/10\/la-sportiva-Tempesta-GTX-night-sky-savana-ZFRS118B46E32.webp\",\"contentUrl\":\"https:\/\/www.miomiorun.com\/app\/uploads\/2025\/10\/la-sportiva-Tempesta-GTX-night-sky-savana-ZFRS118B46E32.webp\",\"width\":720,\"height\":720,\"caption\":\"la sportiva Tempesta GTX night sky savana ZFRS118B46E32\"},{\"@type\":\"BreadcrumbList\",\"@id\":\"https:\/\/www.miomiorun.com\/de\/produkt\/tempesta-gtx-herren\/#breadcrumb\",\"itemListElement\":[{\"@type\":\"ListItem\",\"position\":1,\"name\":\"Home\",\"item\":\"https:\/\/www.miomiorun.com\/de\/\"},{\"@type\":\"ListItem\",\"position\":2,\"name\":\"Shop\",\"item\":\"https:\/\/www.miomiorun.com\/shop\/\"},{\"@type\":\"ListItem\",\"position\":3,\"name\":\"Tempesta GTX herren\"}]},{\"@type\":\"WebSite\",\"@id\":\"https:\/\/www.miomiorun.com\/de\/#website\",\"url\":\"https:\/\/www.miomiorun.com\/de\/\",\"name\":\"MioMioRun\",\"description\":\"100% Lauf- und Trailshop\",\"publisher\":{\"@id\":\"https:\/\/www.miomiorun.com\/de\/#organization\"},\"potentialAction\":[{\"@type\":\"SearchAction\",\"target\":{\"@type\":\"EntryPoint\",\"urlTemplate\":\"https:\/\/www.miomiorun.com\/de\/?s={search_term_string}\"},\"query-input\":{\"@type\":\"PropertyValueSpecification\",\"valueRequired\":true,\"valueName\":\"search_term_string\"}}],\"inLanguage\":\"de-DE\"},{\"@type\":\"Organization\",\"@id\":\"https:\/\/www.miomiorun.com\/de\/#organization\",\"name\":\"MioMio Run\",\"url\":\"https:\/\/www.miomiorun.com\/de\/\",\"logo\":{\"@type\":\"ImageObject\",\"inLanguage\":\"de-DE\",\"@id\":\"https:\/\/www.miomiorun.com\/de\/#\/schema\/logo\/image\/\",\"url\":\"https:\/\/www.miomiorun.com\/app\/uploads\/2019\/12\/logomio.png\",\"contentUrl\":\"https:\/\/www.miomiorun.com\/app\/uploads\/2019\/12\/logomio.png\",\"width\":115,\"height\":82,\"caption\":\"MioMio Run\"},\"image\":{\"@id\":\"https:\/\/www.miomiorun.com\/de\/#\/schema\/logo\/image\/\"},\"sameAs\":[\"https:\/\/www.facebook.com\/miomiorun\/\",\"https:\/\/www.instagram.com\/miomiorun\/\"]}]}<\/script>\n<!-- \/ Yoast SEO plugin. -->","yoast_head_json":{"title":"La sportiva Tempesta GTX herren - Herren-Trail-Schuhe","description":"Entdecken Sie den La Sportiva Tempesta GTX f\u00fcr Herren auf MioMioRun.com, einen Winterlaufschuh f\u00fcr das t\u00e4gliche Training in den Wintermonaten.","robots":{"index":"index","follow":"follow","max-snippet":"max-snippet:-1","max-image-preview":"max-image-preview:large","max-video-preview":"max-video-preview:-1"},"canonical":"https:\/\/www.miomiorun.com\/de\/produkt\/tempesta-gtx-herren\/","og_locale":"de_DE","og_type":"article","og_title":"La sportiva Tempesta GTX herren - Herren-Trail-Schuhe","og_description":"Entdecken Sie den La Sportiva Tempesta GTX f\u00fcr Herren auf MioMioRun.com, einen Winterlaufschuh f\u00fcr das t\u00e4gliche Training in den Wintermonaten.","og_url":"https:\/\/www.miomiorun.com\/de\/produkt\/tempesta-gtx-herren\/","og_site_name":"MioMioRun","article_publisher":"https:\/\/www.facebook.com\/miomiorun\/","article_modified_time":"2024-08-27T13:24:18+00:00","og_image":[{"width":600,"height":600,"url":"https:\/\/www.miomiorun.com\/app\/uploads\/2024\/09\/la-sportiva-Tempesta-GTX-carbon-cloud-36F900907.webp","type":"image\/webp"}],"twitter_card":"summary_large_image","twitter_misc":{"Est. reading time":"2 minutes"},"schema":{"@context":"https:\/\/schema.org","@graph":[{"@type":"WebPage","@id":"https:\/\/www.miomiorun.com\/de\/produkt\/tempesta-gtx-herren\/","url":"https:\/\/www.miomiorun.com\/de\/produkt\/tempesta-gtx-herren\/","name":"La sportiva Tempesta GTX herren - Herren-Trail-Schuhe","isPartOf":{"@id":"https:\/\/www.miomiorun.com\/de\/#website"},"primaryImageOfPage":{"@id":"https:\/\/www.miomiorun.com\/de\/produkt\/tempesta-gtx-herren\/#primaryimage"},"image":{"@id":"https:\/\/www.miomiorun.com\/de\/produkt\/tempesta-gtx-herren\/#primaryimage"},"thumbnailUrl":"https:\/\/www.miomiorun.com\/app\/uploads\/2025\/10\/la-sportiva-Tempesta-GTX-night-sky-savana-ZFRS118B46E32.webp","datePublished":"2020-02-24T18:36:13+00:00","dateModified":"2024-08-27T13:24:18+00:00","description":"Entdecken Sie den La Sportiva Tempesta GTX f\u00fcr Herren auf MioMioRun.com, einen Winterlaufschuh f\u00fcr das t\u00e4gliche Training in den Wintermonaten.","breadcrumb":{"@id":"https:\/\/www.miomiorun.com\/de\/produkt\/tempesta-gtx-herren\/#breadcrumb"},"inLanguage":"de-DE","potentialAction":[{"@type":"ReadAction","target":["https:\/\/www.miomiorun.com\/de\/produkt\/tempesta-gtx-herren\/"]}]},{"@type":"ImageObject","inLanguage":"de-DE","@id":"https:\/\/www.miomiorun.com\/de\/produkt\/tempesta-gtx-herren\/#primaryimage","url":"https:\/\/www.miomiorun.com\/app\/uploads\/2025\/10\/la-sportiva-Tempesta-GTX-night-sky-savana-ZFRS118B46E32.webp","contentUrl":"https:\/\/www.miomiorun.com\/app\/uploads\/2025\/10\/la-sportiva-Tempesta-GTX-night-sky-savana-ZFRS118B46E32.webp","width":720,"height":720,"caption":"la sportiva Tempesta GTX night sky savana ZFRS118B46E32"},{"@type":"BreadcrumbList","@id":"https:\/\/www.miomiorun.com\/de\/produkt\/tempesta-gtx-herren\/#breadcrumb","itemListElement":[{"@type":"ListItem","position":1,"name":"Home","item":"https:\/\/www.miomiorun.com\/de\/"},{"@type":"ListItem","position":2,"name":"Shop","item":"https:\/\/www.miomiorun.com\/shop\/"},{"@type":"ListItem","position":3,"name":"Tempesta GTX herren"}]},{"@type":"WebSite","@id":"https:\/\/www.miomiorun.com\/de\/#website","url":"https:\/\/www.miomiorun.com\/de\/","name":"MioMioRun","description":"100% Lauf- und Trailshop","publisher":{"@id":"https:\/\/www.miomiorun.com\/de\/#organization"},"potentialAction":[{"@type":"SearchAction","target":{"@type":"EntryPoint","urlTemplate":"https:\/\/www.miomiorun.com\/de\/?s={search_term_string}"},"query-input":{"@type":"PropertyValueSpecification","valueRequired":true,"valueName":"search_term_string"}}],"inLanguage":"de-DE"},{"@type":"Organization","@id":"https:\/\/www.miomiorun.com\/de\/#organization","name":"MioMio Run","url":"https:\/\/www.miomiorun.com\/de\/","logo":{"@type":"ImageObject","inLanguage":"de-DE","@id":"https:\/\/www.miomiorun.com\/de\/#\/schema\/logo\/image\/","url":"https:\/\/www.miomiorun.com\/app\/uploads\/2019\/12\/logomio.png","contentUrl":"https:\/\/www.miomiorun.com\/app\/uploads\/2019\/12\/logomio.png","width":115,"height":82,"caption":"MioMio Run"},"image":{"@id":"https:\/\/www.miomiorun.com\/de\/#\/schema\/logo\/image\/"},"sameAs":["https:\/\/www.facebook.com\/miomiorun\/","https:\/\/www.instagram.com\/miomiorun\/"]}]}},"_links":{"self":[{"href":"https:\/\/www.miomiorun.com\/de\/wp-json\/wp\/v2\/product\/89132","targetHints":{"allow":["GET"]}}],"collection":[{"href":"https:\/\/www.miomiorun.com\/de\/wp-json\/wp\/v2\/product"}],"about":[{"href":"https:\/\/www.miomiorun.com\/de\/wp-json\/wp\/v2\/types\/product"}],"wp:featuredmedia":[{"embeddable":true,"href":"https:\/\/www.miomiorun.com\/de\/wp-json\/wp\/v2\/media\/355844"}],"wp:attachment":[{"href":"https:\/\/www.miomiorun.com\/de\/wp-json\/wp\/v2\/media?parent=89132"}],"wp:term":[{"taxonomy":"product_brand","embeddable":true,"href":"https:\/\/www.miomiorun.com\/de\/wp-json\/wp\/v2\/product_brand?post=89132"},{"taxonomy":"product_cat","embeddable":true,"href":"https:\/\/www.miomiorun.com\/de\/wp-json\/wp\/v2\/product_cat?post=89132"},{"taxonomy":"product_tag","embeddable":true,"href":"https:\/\/www.miomiorun.com\/de\/wp-json\/wp\/v2\/product_tag?post=89132"}],"curies":[{"name":"wp","href":"https:\/\/api.w.org\/{rel}","templated":true}]}}