{"id":89108,"date":"2020-02-27T19:16:13","date_gmt":"2020-02-27T18:16:13","guid":{"rendered":"https:\/\/miomiorun.com\/prodotto\/la-sportiva-lycan-gtx-uomo\/"},"modified":"2025-11-18T08:48:38","modified_gmt":"2025-11-18T07:48:38","slug":"lycan-gtx-herren","status":"publish","type":"product","link":"https:\/\/www.miomiorun.com\/de\/produkt\/lycan-gtx-herren\/","title":{"rendered":"Lycan GTX herren"},"content":{"rendered":"<div class=\"vc-row container\"><div class=\"vc-column\"><div class=\"vc-column-text\"><\/p>\n<p><strong>Technische Daten<\/strong><\/p>\n<p>Kategorie: Top-D\u00e4mpfung<br \/>\nVersatz: 6 mm<br \/>\nGewicht: 365 g<br \/>\nIdeal f\u00fcr: L\u00e4ufer und Wanderer, die ein Modell mit guter Traktion f\u00fcr Aktivit\u00e4ten abseits der Stra\u00dfe in den Bergen suchen, mit wasserdichter Ausr\u00fcstung f\u00fcr nasses Terrain, die Stabilit\u00e4t und Schutz bietet.<br \/>\nGewicht des Athleten: 50-70 kg<br \/>\nLauftempo : mittel langsam (&gt;5.00 min\/km)<br \/>\n<a href=\"https:\/\/miomiorun.com\/de\/leitfaden-fuer-technische-spezifikationen\/\">Leitfaden f\u00fcr technische Spezifikationen<\/a><\/p>\n<p><\/div><\/div><div class=\"vc-column\"><div class=\"vc-column-text\">Der Trailrunning-Schuh eignet sich dank des Stollenprofils perfekt f\u00fcr sichere L\u00e4ufe in den Wintermonaten, auch auf eisigem oder verschneitem Terrain. Er ist bequem und komfortabel und eignet sich f\u00fcr alle, die gerne im Gel\u00e4nde laufen.<br \/>\nTrailrunning-Schuh, ideal f\u00fcr L\u00e4ufe in den Wintermonaten \u00fcber mittlere Distanzen im Training.<br \/>\nDer Lycan ist dank seines gro\u00dfen Volumens und seiner schnellen Passform komfortabel und bequem und eignet sich f\u00fcr alle Liebhaber des Gel\u00e4ndelaufs unter allen Bedingungen, insbesondere auf nassem, verschneitem und vereistem Terrain, dank des Mud-Ground-Profils mit Frixion Blue, einer sehr widerstandsf\u00e4higen und stollenf\u00e4higen Mischung. Der spritzgegossene Keil d\u00e4mpft den Aufprall dank der besonders sto\u00dfabsorbierenden Au\u00dfenstruktur. Das wasserabweisende Mesh-Obermaterial mit abriebfesten Verst\u00e4rkungen sch\u00fctzt vor versehentlichen St\u00f6\u00dfen mit Wurzeln oder Steinen. Lycan ist ideal f\u00fcr eine sichere und komfortable Fahrt.<\/p>\n<p><strong>Oben:<\/strong><br \/>\nWasserabweisendes Mesh mit abriebfester Verst\u00e4rkung, TPU-Zehenschutzkappe<br \/>\n<strong>Auskleidung:<\/strong><br \/>\nGore-Tex Erweiterter Komfort<br \/>\n<strong>Zwischensohle:<\/strong><br \/>\nEingespritztes sto\u00dfabsorbierendes EVA<br \/>\n<strong>Fu\u00dfbett:<\/strong><br \/>\nOrtholite Berg Ergonomisch 4mm<br \/>\n<strong>Laufsohle:<\/strong><br \/>\nFrixion Blau<\/div><\/div><\/div>\n","protected":false},"excerpt":{"rendered":"","protected":false},"featured_media":57560,"template":"","meta":{"_acf_changed":false,"inline_featured_image":false},"product_brand":[],"product_cat":[6507,6504],"product_tag":[6248,6218],"class_list":{"0":"post-89108","1":"product","2":"type-product","3":"status-publish","4":"has-post-thumbnail","6":"product_cat-herren-schuhe-de","7":"product_cat-trail","8":"product_tag-la-sportiva-de","9":"product_tag-la-sportiva-herren-de","10":"pa_attivita-outdoor-de","11":"pa_attivita-trail-de","12":"pa_colore-lycan-gtx-black-lime-punch-de","13":"pa_colore-lycan-gtx-carbon-night-sky","15":"pa_colore-lycan-gtx-black-de","16":"pa_colore-lycan-gtx-night-blue-moss-de","17":"pa_marca-la-sportiva-de","18":"pa_sesso-herren","19":"pa_size-45-5-de","20":"pa_size-46-de","21":"pa_size-46-5-de","23":"first","24":"instock","25":"sale","26":"taxable","27":"shipping-taxable","28":"purchasable","29":"product-type-variable","30":"wvs-archive-product-wrapper"},"acf":[],"yoast_head":"<!-- This site is optimized with the Yoast SEO plugin v26.8 - https:\/\/yoast.com\/product\/yoast-seo-wordpress\/ -->\n<title>La sportiva Lycan GTX herren - Trail-Schuhe MioMioRun .com<\/title>\n<meta name=\"description\" content=\"Entdecken Sie den La Sportiva Lycan GTX f\u00fcr Herren, einen Schuh, mit dem Sie dank seines Stollenprofils sicher auf eisigem oder verschneitem\" \/>\n<meta name=\"robots\" content=\"index, follow, max-snippet:-1, max-image-preview:large, max-video-preview:-1\" \/>\n<link rel=\"canonical\" href=\"https:\/\/www.miomiorun.com\/de\/produkt\/lycan-gtx-herren\/\" \/>\n<meta property=\"og:locale\" content=\"de_DE\" \/>\n<meta property=\"og:type\" content=\"article\" \/>\n<meta property=\"og:title\" content=\"La sportiva Lycan GTX herren - Trail-Schuhe MioMioRun .com\" \/>\n<meta property=\"og:description\" content=\"Entdecken Sie den La Sportiva Lycan GTX f\u00fcr Herren, einen Schuh, mit dem Sie dank seines Stollenprofils sicher auf eisigem oder verschneitem\" \/>\n<meta property=\"og:url\" content=\"https:\/\/www.miomiorun.com\/de\/produkt\/lycan-gtx-herren\/\" \/>\n<meta property=\"og:site_name\" content=\"MioMioRun\" \/>\n<meta property=\"article:publisher\" content=\"https:\/\/www.facebook.com\/miomiorun\/\" \/>\n<meta property=\"article:modified_time\" content=\"2025-11-18T07:48:38+00:00\" \/>\n<meta property=\"og:image\" content=\"https:\/\/www.miomiorun.com\/app\/uploads\/2021\/09\/la-sportiva-lycan-GTX-36Q999999.jpg\" \/>\n\t<meta property=\"og:image:width\" content=\"600\" \/>\n\t<meta property=\"og:image:height\" content=\"600\" \/>\n\t<meta property=\"og:image:type\" content=\"image\/jpeg\" \/>\n<meta name=\"twitter:card\" content=\"summary_large_image\" \/>\n<meta name=\"twitter:label1\" content=\"Est. reading time\" \/>\n\t<meta name=\"twitter:data1\" content=\"1 minute\" \/>\n<script type=\"application\/ld+json\" class=\"yoast-schema-graph\">{\"@context\":\"https:\/\/schema.org\",\"@graph\":[{\"@type\":\"WebPage\",\"@id\":\"https:\/\/www.miomiorun.com\/de\/produkt\/lycan-gtx-herren\/\",\"url\":\"https:\/\/www.miomiorun.com\/de\/produkt\/lycan-gtx-herren\/\",\"name\":\"La sportiva Lycan GTX herren - Trail-Schuhe MioMioRun .com\",\"isPartOf\":{\"@id\":\"https:\/\/www.miomiorun.com\/de\/#website\"},\"primaryImageOfPage\":{\"@id\":\"https:\/\/www.miomiorun.com\/de\/produkt\/lycan-gtx-herren\/#primaryimage\"},\"image\":{\"@id\":\"https:\/\/www.miomiorun.com\/de\/produkt\/lycan-gtx-herren\/#primaryimage\"},\"thumbnailUrl\":\"https:\/\/www.miomiorun.com\/app\/uploads\/2021\/09\/la-sportiva-lycan-GTX-36Q999999.jpg\",\"datePublished\":\"2020-02-27T18:16:13+00:00\",\"dateModified\":\"2025-11-18T07:48:38+00:00\",\"description\":\"Entdecken Sie den La Sportiva Lycan GTX f\u00fcr Herren, einen Schuh, mit dem Sie dank seines Stollenprofils sicher auf eisigem oder verschneitem\",\"breadcrumb\":{\"@id\":\"https:\/\/www.miomiorun.com\/de\/produkt\/lycan-gtx-herren\/#breadcrumb\"},\"inLanguage\":\"de-DE\",\"potentialAction\":[{\"@type\":\"ReadAction\",\"target\":[\"https:\/\/www.miomiorun.com\/de\/produkt\/lycan-gtx-herren\/\"]}]},{\"@type\":\"ImageObject\",\"inLanguage\":\"de-DE\",\"@id\":\"https:\/\/www.miomiorun.com\/de\/produkt\/lycan-gtx-herren\/#primaryimage\",\"url\":\"https:\/\/www.miomiorun.com\/app\/uploads\/2021\/09\/la-sportiva-lycan-GTX-36Q999999.jpg\",\"contentUrl\":\"https:\/\/www.miomiorun.com\/app\/uploads\/2021\/09\/la-sportiva-lycan-GTX-36Q999999.jpg\",\"width\":600,\"height\":600,\"caption\":\"la-sportiva-lycan-GTX-36Q999999\"},{\"@type\":\"BreadcrumbList\",\"@id\":\"https:\/\/www.miomiorun.com\/de\/produkt\/lycan-gtx-herren\/#breadcrumb\",\"itemListElement\":[{\"@type\":\"ListItem\",\"position\":1,\"name\":\"Home\",\"item\":\"https:\/\/www.miomiorun.com\/de\/\"},{\"@type\":\"ListItem\",\"position\":2,\"name\":\"Shop\",\"item\":\"https:\/\/www.miomiorun.com\/shop\/\"},{\"@type\":\"ListItem\",\"position\":3,\"name\":\"Lycan GTX herren\"}]},{\"@type\":\"WebSite\",\"@id\":\"https:\/\/www.miomiorun.com\/de\/#website\",\"url\":\"https:\/\/www.miomiorun.com\/de\/\",\"name\":\"MioMioRun\",\"description\":\"100% Lauf- und Trailshop\",\"publisher\":{\"@id\":\"https:\/\/www.miomiorun.com\/de\/#organization\"},\"potentialAction\":[{\"@type\":\"SearchAction\",\"target\":{\"@type\":\"EntryPoint\",\"urlTemplate\":\"https:\/\/www.miomiorun.com\/de\/?s={search_term_string}\"},\"query-input\":{\"@type\":\"PropertyValueSpecification\",\"valueRequired\":true,\"valueName\":\"search_term_string\"}}],\"inLanguage\":\"de-DE\"},{\"@type\":\"Organization\",\"@id\":\"https:\/\/www.miomiorun.com\/de\/#organization\",\"name\":\"MioMio Run\",\"url\":\"https:\/\/www.miomiorun.com\/de\/\",\"logo\":{\"@type\":\"ImageObject\",\"inLanguage\":\"de-DE\",\"@id\":\"https:\/\/www.miomiorun.com\/de\/#\/schema\/logo\/image\/\",\"url\":\"https:\/\/www.miomiorun.com\/app\/uploads\/2019\/12\/logomio.png\",\"contentUrl\":\"https:\/\/www.miomiorun.com\/app\/uploads\/2019\/12\/logomio.png\",\"width\":115,\"height\":82,\"caption\":\"MioMio Run\"},\"image\":{\"@id\":\"https:\/\/www.miomiorun.com\/de\/#\/schema\/logo\/image\/\"},\"sameAs\":[\"https:\/\/www.facebook.com\/miomiorun\/\",\"https:\/\/www.instagram.com\/miomiorun\/\"]}]}<\/script>\n<!-- \/ Yoast SEO plugin. -->","yoast_head_json":{"title":"La sportiva Lycan GTX herren - Trail-Schuhe MioMioRun .com","description":"Entdecken Sie den La Sportiva Lycan GTX f\u00fcr Herren, einen Schuh, mit dem Sie dank seines Stollenprofils sicher auf eisigem oder verschneitem","robots":{"index":"index","follow":"follow","max-snippet":"max-snippet:-1","max-image-preview":"max-image-preview:large","max-video-preview":"max-video-preview:-1"},"canonical":"https:\/\/www.miomiorun.com\/de\/produkt\/lycan-gtx-herren\/","og_locale":"de_DE","og_type":"article","og_title":"La sportiva Lycan GTX herren - Trail-Schuhe MioMioRun .com","og_description":"Entdecken Sie den La Sportiva Lycan GTX f\u00fcr Herren, einen Schuh, mit dem Sie dank seines Stollenprofils sicher auf eisigem oder verschneitem","og_url":"https:\/\/www.miomiorun.com\/de\/produkt\/lycan-gtx-herren\/","og_site_name":"MioMioRun","article_publisher":"https:\/\/www.facebook.com\/miomiorun\/","article_modified_time":"2025-11-18T07:48:38+00:00","og_image":[{"width":600,"height":600,"url":"https:\/\/www.miomiorun.com\/app\/uploads\/2021\/09\/la-sportiva-lycan-GTX-36Q999999.jpg","type":"image\/jpeg"}],"twitter_card":"summary_large_image","twitter_misc":{"Est. reading time":"1 minute"},"schema":{"@context":"https:\/\/schema.org","@graph":[{"@type":"WebPage","@id":"https:\/\/www.miomiorun.com\/de\/produkt\/lycan-gtx-herren\/","url":"https:\/\/www.miomiorun.com\/de\/produkt\/lycan-gtx-herren\/","name":"La sportiva Lycan GTX herren - Trail-Schuhe MioMioRun .com","isPartOf":{"@id":"https:\/\/www.miomiorun.com\/de\/#website"},"primaryImageOfPage":{"@id":"https:\/\/www.miomiorun.com\/de\/produkt\/lycan-gtx-herren\/#primaryimage"},"image":{"@id":"https:\/\/www.miomiorun.com\/de\/produkt\/lycan-gtx-herren\/#primaryimage"},"thumbnailUrl":"https:\/\/www.miomiorun.com\/app\/uploads\/2021\/09\/la-sportiva-lycan-GTX-36Q999999.jpg","datePublished":"2020-02-27T18:16:13+00:00","dateModified":"2025-11-18T07:48:38+00:00","description":"Entdecken Sie den La Sportiva Lycan GTX f\u00fcr Herren, einen Schuh, mit dem Sie dank seines Stollenprofils sicher auf eisigem oder verschneitem","breadcrumb":{"@id":"https:\/\/www.miomiorun.com\/de\/produkt\/lycan-gtx-herren\/#breadcrumb"},"inLanguage":"de-DE","potentialAction":[{"@type":"ReadAction","target":["https:\/\/www.miomiorun.com\/de\/produkt\/lycan-gtx-herren\/"]}]},{"@type":"ImageObject","inLanguage":"de-DE","@id":"https:\/\/www.miomiorun.com\/de\/produkt\/lycan-gtx-herren\/#primaryimage","url":"https:\/\/www.miomiorun.com\/app\/uploads\/2021\/09\/la-sportiva-lycan-GTX-36Q999999.jpg","contentUrl":"https:\/\/www.miomiorun.com\/app\/uploads\/2021\/09\/la-sportiva-lycan-GTX-36Q999999.jpg","width":600,"height":600,"caption":"la-sportiva-lycan-GTX-36Q999999"},{"@type":"BreadcrumbList","@id":"https:\/\/www.miomiorun.com\/de\/produkt\/lycan-gtx-herren\/#breadcrumb","itemListElement":[{"@type":"ListItem","position":1,"name":"Home","item":"https:\/\/www.miomiorun.com\/de\/"},{"@type":"ListItem","position":2,"name":"Shop","item":"https:\/\/www.miomiorun.com\/shop\/"},{"@type":"ListItem","position":3,"name":"Lycan GTX herren"}]},{"@type":"WebSite","@id":"https:\/\/www.miomiorun.com\/de\/#website","url":"https:\/\/www.miomiorun.com\/de\/","name":"MioMioRun","description":"100% Lauf- und Trailshop","publisher":{"@id":"https:\/\/www.miomiorun.com\/de\/#organization"},"potentialAction":[{"@type":"SearchAction","target":{"@type":"EntryPoint","urlTemplate":"https:\/\/www.miomiorun.com\/de\/?s={search_term_string}"},"query-input":{"@type":"PropertyValueSpecification","valueRequired":true,"valueName":"search_term_string"}}],"inLanguage":"de-DE"},{"@type":"Organization","@id":"https:\/\/www.miomiorun.com\/de\/#organization","name":"MioMio Run","url":"https:\/\/www.miomiorun.com\/de\/","logo":{"@type":"ImageObject","inLanguage":"de-DE","@id":"https:\/\/www.miomiorun.com\/de\/#\/schema\/logo\/image\/","url":"https:\/\/www.miomiorun.com\/app\/uploads\/2019\/12\/logomio.png","contentUrl":"https:\/\/www.miomiorun.com\/app\/uploads\/2019\/12\/logomio.png","width":115,"height":82,"caption":"MioMio Run"},"image":{"@id":"https:\/\/www.miomiorun.com\/de\/#\/schema\/logo\/image\/"},"sameAs":["https:\/\/www.facebook.com\/miomiorun\/","https:\/\/www.instagram.com\/miomiorun\/"]}]}},"_links":{"self":[{"href":"https:\/\/www.miomiorun.com\/de\/wp-json\/wp\/v2\/product\/89108","targetHints":{"allow":["GET"]}}],"collection":[{"href":"https:\/\/www.miomiorun.com\/de\/wp-json\/wp\/v2\/product"}],"about":[{"href":"https:\/\/www.miomiorun.com\/de\/wp-json\/wp\/v2\/types\/product"}],"wp:featuredmedia":[{"embeddable":true,"href":"https:\/\/www.miomiorun.com\/de\/wp-json\/wp\/v2\/media\/57560"}],"wp:attachment":[{"href":"https:\/\/www.miomiorun.com\/de\/wp-json\/wp\/v2\/media?parent=89108"}],"wp:term":[{"taxonomy":"product_brand","embeddable":true,"href":"https:\/\/www.miomiorun.com\/de\/wp-json\/wp\/v2\/product_brand?post=89108"},{"taxonomy":"product_cat","embeddable":true,"href":"https:\/\/www.miomiorun.com\/de\/wp-json\/wp\/v2\/product_cat?post=89108"},{"taxonomy":"product_tag","embeddable":true,"href":"https:\/\/www.miomiorun.com\/de\/wp-json\/wp\/v2\/product_tag?post=89108"}],"curies":[{"name":"wp","href":"https:\/\/api.w.org\/{rel}","templated":true}]}}