{"id":89042,"date":"2020-09-18T10:52:30","date_gmt":"2020-09-18T08:52:30","guid":{"rendered":"https:\/\/miomiorun.com\/prodotto\/la-sportiva-uragano-gtx-uomo\/"},"modified":"2026-01-31T11:02:17","modified_gmt":"2026-01-31T10:02:17","slug":"uragano-gtx-herren","status":"publish","type":"product","link":"https:\/\/www.miomiorun.com\/de\/produkt\/uragano-gtx-herren\/","title":{"rendered":"Uragano GTX herren"},"content":{"rendered":"<div class=\"vc-row container\"><div class=\"vc-column\"><div class=\"vc-column-text\"><\/p>\n<p><strong>Technische Daten<\/strong><\/p>\n<p>Kategorie: Top-D\u00e4mpfung<br \/>\nVersatz: 10 mm<br \/>\nGewicht: 350 g<br \/>\nIdeal f\u00fcr: L\u00e4ufer und Bergwanderer, die ein transversales Modell suchen, das Traktion, Schutz, Wasserdichtigkeit und eine bequeme Passform sowohl auf langen als auch auf mittleren Strecken bietet.<br \/>\nGewicht des Athleten: 70-80 kg<br \/>\nLauftempo : mittel-langsam (&gt;5.00 min\/km)<br \/>\n<a href=\"https:\/\/miomiorun.com\/de\/leitfaden-fuer-technische-spezifikationen\/\">Leitfaden f\u00fcr technische Spezifikationen<\/a><\/p>\n<p><\/div><\/div><div class=\"vc-column\"><div class=\"vc-column-text\">Wasserdichtes Schuhwerk mit integrierter Gamasche f\u00fcr Winterlaufwettbewerbe. Er eignet sich besonders f\u00fcr den Einsatz auf verschneitem und vereistem Gel\u00e4nde und wurde f\u00fcr alle Traill\u00e4ufer entwickelt, die ein Produkt f\u00fcr Rennen in den Wintermonaten ben\u00f6tigen.<br \/>\nDie griffige Sohle erm\u00f6glicht ein optimales Handling auf rutschigem Untergrund und bietet dank der ausgepr\u00e4gten Stollen und der Kompatibilit\u00e4t mit herausnehmbaren AT-Grip Spikes auch auf weichem oder vereistem Terrain sicheren Halt. Die wasserabweisende Sock-Shield Gaiter\u2122 sch\u00fctzt vor dem Eindringen von Steinen und Schlamm und das schnelle und intuitive integrierte Schn\u00fcrsystem mit verdeckter Schn\u00fcrsenkeltasche beschleunigt die Anpassung. Das Schn\u00fcrsystem ist in die Struktur des inneren Obermaterials integriert: Diese L\u00f6sung erm\u00f6glicht es, das Volumen und die Haftung des Schuhs am Fu\u00df zu regulieren, um einen pr\u00e4zisen und stabilen Lauf zu gew\u00e4hrleisten, auch bei \u00dcberquerungen. Das v\u00f6llige Fehlen von Au\u00dfenn\u00e4hten und die superflexible, wasserdichte und atmungsaktive Gore-Tex-Membran machen den Uragano zum perfekten Winterlaufschuh f\u00fcr Gel\u00e4ndel\u00e4ufer, die sich auf die Welt der Wintertrailrennen konzentrieren.<\/p>\n<p><strong>Oben:<\/strong><br \/>\nwasserabweisendes, abriebfestes Single-Mesh mit Sublimationsdruck + Sock-Shield Gaiter\u2122<br \/>\n<strong>Auskleidung:<\/strong><br \/>\nGore\u00ae Flex Konstruktion<br \/>\n<strong>Fu\u00dfbett:<\/strong><br \/>\nOrtholite Berglauf Ergonomisch 4 mm<br \/>\n<strong>Zwischensohle:<\/strong><br \/>\nMEMlex EVA-Injektion mit Stabilisatoreinsatz<br \/>\n<strong>Laufsohle:<\/strong><br \/>\nAT FriXion Verbindung kompatibel mit abnehmbaren AT Grip Spikes<\/div><\/div><\/div>\n","protected":false},"excerpt":{"rendered":"","protected":false},"featured_media":52936,"template":"","meta":{"_acf_changed":false,"inline_featured_image":false},"product_brand":[],"product_cat":[6507,6504],"product_tag":[6248,6218],"class_list":{"0":"post-89042","1":"product","2":"type-product","3":"status-publish","4":"has-post-thumbnail","6":"product_cat-herren-schuhe-de","7":"product_cat-trail","8":"product_tag-la-sportiva-de","9":"product_tag-la-sportiva-herren-de","10":"pa_attivita-outdoor-de","11":"pa_attivita-trail-de","12":"pa_colore-uragano-gtx-black-yellow-de","13":"pa_marca-la-sportiva-de","14":"pa_sesso-herren","15":"pa_size-42-de","16":"pa_size-43-5-de","17":"pa_size-44-5-de","18":"pa_size-45-de","19":"pa_size-45-5-de","20":"pa_size-46-5-de","22":"first","23":"instock","24":"sale","25":"taxable","26":"shipping-taxable","27":"purchasable","28":"product-type-variable","29":"wvs-archive-product-wrapper"},"acf":[],"yoast_head":"<!-- This site is optimized with the Yoast SEO plugin v26.8 - https:\/\/yoast.com\/product\/yoast-seo-wordpress\/ -->\n<title>La sportiva Uragano GTX herren - Herren-Trailschuhe MioMioRun<\/title>\n<meta name=\"description\" content=\"Entdecken Sie auf MioMioRun.com den La Sportiva Tempesta GTX f\u00fcr Herren, einen Schuh mit integrierter Winterlaufgamasche, der f\u00fcr Wettk\u00e4mpfe\" \/>\n<meta name=\"robots\" content=\"index, follow, max-snippet:-1, max-image-preview:large, max-video-preview:-1\" \/>\n<link rel=\"canonical\" href=\"https:\/\/www.miomiorun.com\/de\/produkt\/uragano-gtx-herren\/\" \/>\n<meta property=\"og:locale\" content=\"de_DE\" \/>\n<meta property=\"og:type\" content=\"article\" \/>\n<meta property=\"og:title\" content=\"La sportiva Uragano GTX herren - Herren-Trailschuhe MioMioRun\" \/>\n<meta property=\"og:description\" content=\"Entdecken Sie auf MioMioRun.com den La Sportiva Tempesta GTX f\u00fcr Herren, einen Schuh mit integrierter Winterlaufgamasche, der f\u00fcr Wettk\u00e4mpfe\" \/>\n<meta property=\"og:url\" content=\"https:\/\/www.miomiorun.com\/de\/produkt\/uragano-gtx-herren\/\" \/>\n<meta property=\"og:site_name\" content=\"MioMioRun\" \/>\n<meta property=\"article:publisher\" content=\"https:\/\/www.facebook.com\/miomiorun\/\" \/>\n<meta property=\"article:modified_time\" content=\"2026-01-31T10:02:17+00:00\" \/>\n<meta property=\"og:image\" content=\"https:\/\/www.miomiorun.com\/app\/uploads\/2020\/09\/la-sportiva-uragano-GTX-36H999100.jpg\" \/>\n\t<meta property=\"og:image:width\" content=\"600\" \/>\n\t<meta property=\"og:image:height\" content=\"600\" \/>\n\t<meta property=\"og:image:type\" content=\"image\/jpeg\" \/>\n<meta name=\"twitter:card\" content=\"summary_large_image\" \/>\n<meta name=\"twitter:label1\" content=\"Est. reading time\" \/>\n\t<meta name=\"twitter:data1\" content=\"2 minutes\" \/>\n<script type=\"application\/ld+json\" class=\"yoast-schema-graph\">{\"@context\":\"https:\/\/schema.org\",\"@graph\":[{\"@type\":\"WebPage\",\"@id\":\"https:\/\/www.miomiorun.com\/de\/produkt\/uragano-gtx-herren\/\",\"url\":\"https:\/\/www.miomiorun.com\/de\/produkt\/uragano-gtx-herren\/\",\"name\":\"La sportiva Uragano GTX herren - Herren-Trailschuhe MioMioRun\",\"isPartOf\":{\"@id\":\"https:\/\/www.miomiorun.com\/de\/#website\"},\"primaryImageOfPage\":{\"@id\":\"https:\/\/www.miomiorun.com\/de\/produkt\/uragano-gtx-herren\/#primaryimage\"},\"image\":{\"@id\":\"https:\/\/www.miomiorun.com\/de\/produkt\/uragano-gtx-herren\/#primaryimage\"},\"thumbnailUrl\":\"https:\/\/www.miomiorun.com\/app\/uploads\/2020\/09\/la-sportiva-uragano-GTX-36H999100.jpg\",\"datePublished\":\"2020-09-18T08:52:30+00:00\",\"dateModified\":\"2026-01-31T10:02:17+00:00\",\"description\":\"Entdecken Sie auf MioMioRun.com den La Sportiva Tempesta GTX f\u00fcr Herren, einen Schuh mit integrierter Winterlaufgamasche, der f\u00fcr Wettk\u00e4mpfe\",\"breadcrumb\":{\"@id\":\"https:\/\/www.miomiorun.com\/de\/produkt\/uragano-gtx-herren\/#breadcrumb\"},\"inLanguage\":\"de-DE\",\"potentialAction\":[{\"@type\":\"ReadAction\",\"target\":[\"https:\/\/www.miomiorun.com\/de\/produkt\/uragano-gtx-herren\/\"]}]},{\"@type\":\"ImageObject\",\"inLanguage\":\"de-DE\",\"@id\":\"https:\/\/www.miomiorun.com\/de\/produkt\/uragano-gtx-herren\/#primaryimage\",\"url\":\"https:\/\/www.miomiorun.com\/app\/uploads\/2020\/09\/la-sportiva-uragano-GTX-36H999100.jpg\",\"contentUrl\":\"https:\/\/www.miomiorun.com\/app\/uploads\/2020\/09\/la-sportiva-uragano-GTX-36H999100.jpg\",\"width\":600,\"height\":600,\"caption\":\"la-sportiva-uragano-GTX-36H999100\"},{\"@type\":\"BreadcrumbList\",\"@id\":\"https:\/\/www.miomiorun.com\/de\/produkt\/uragano-gtx-herren\/#breadcrumb\",\"itemListElement\":[{\"@type\":\"ListItem\",\"position\":1,\"name\":\"Home\",\"item\":\"https:\/\/www.miomiorun.com\/de\/\"},{\"@type\":\"ListItem\",\"position\":2,\"name\":\"Shop\",\"item\":\"https:\/\/www.miomiorun.com\/shop\/\"},{\"@type\":\"ListItem\",\"position\":3,\"name\":\"Uragano GTX herren\"}]},{\"@type\":\"WebSite\",\"@id\":\"https:\/\/www.miomiorun.com\/de\/#website\",\"url\":\"https:\/\/www.miomiorun.com\/de\/\",\"name\":\"MioMioRun\",\"description\":\"100% Lauf- und Trailshop\",\"publisher\":{\"@id\":\"https:\/\/www.miomiorun.com\/de\/#organization\"},\"potentialAction\":[{\"@type\":\"SearchAction\",\"target\":{\"@type\":\"EntryPoint\",\"urlTemplate\":\"https:\/\/www.miomiorun.com\/de\/?s={search_term_string}\"},\"query-input\":{\"@type\":\"PropertyValueSpecification\",\"valueRequired\":true,\"valueName\":\"search_term_string\"}}],\"inLanguage\":\"de-DE\"},{\"@type\":\"Organization\",\"@id\":\"https:\/\/www.miomiorun.com\/de\/#organization\",\"name\":\"MioMio Run\",\"url\":\"https:\/\/www.miomiorun.com\/de\/\",\"logo\":{\"@type\":\"ImageObject\",\"inLanguage\":\"de-DE\",\"@id\":\"https:\/\/www.miomiorun.com\/de\/#\/schema\/logo\/image\/\",\"url\":\"https:\/\/www.miomiorun.com\/app\/uploads\/2019\/12\/logomio.png\",\"contentUrl\":\"https:\/\/www.miomiorun.com\/app\/uploads\/2019\/12\/logomio.png\",\"width\":115,\"height\":82,\"caption\":\"MioMio Run\"},\"image\":{\"@id\":\"https:\/\/www.miomiorun.com\/de\/#\/schema\/logo\/image\/\"},\"sameAs\":[\"https:\/\/www.facebook.com\/miomiorun\/\",\"https:\/\/www.instagram.com\/miomiorun\/\"]}]}<\/script>\n<!-- \/ Yoast SEO plugin. -->","yoast_head_json":{"title":"La sportiva Uragano GTX herren - Herren-Trailschuhe MioMioRun","description":"Entdecken Sie auf MioMioRun.com den La Sportiva Tempesta GTX f\u00fcr Herren, einen Schuh mit integrierter Winterlaufgamasche, der f\u00fcr Wettk\u00e4mpfe","robots":{"index":"index","follow":"follow","max-snippet":"max-snippet:-1","max-image-preview":"max-image-preview:large","max-video-preview":"max-video-preview:-1"},"canonical":"https:\/\/www.miomiorun.com\/de\/produkt\/uragano-gtx-herren\/","og_locale":"de_DE","og_type":"article","og_title":"La sportiva Uragano GTX herren - Herren-Trailschuhe MioMioRun","og_description":"Entdecken Sie auf MioMioRun.com den La Sportiva Tempesta GTX f\u00fcr Herren, einen Schuh mit integrierter Winterlaufgamasche, der f\u00fcr Wettk\u00e4mpfe","og_url":"https:\/\/www.miomiorun.com\/de\/produkt\/uragano-gtx-herren\/","og_site_name":"MioMioRun","article_publisher":"https:\/\/www.facebook.com\/miomiorun\/","article_modified_time":"2026-01-31T10:02:17+00:00","og_image":[{"width":600,"height":600,"url":"https:\/\/www.miomiorun.com\/app\/uploads\/2020\/09\/la-sportiva-uragano-GTX-36H999100.jpg","type":"image\/jpeg"}],"twitter_card":"summary_large_image","twitter_misc":{"Est. reading time":"2 minutes"},"schema":{"@context":"https:\/\/schema.org","@graph":[{"@type":"WebPage","@id":"https:\/\/www.miomiorun.com\/de\/produkt\/uragano-gtx-herren\/","url":"https:\/\/www.miomiorun.com\/de\/produkt\/uragano-gtx-herren\/","name":"La sportiva Uragano GTX herren - Herren-Trailschuhe MioMioRun","isPartOf":{"@id":"https:\/\/www.miomiorun.com\/de\/#website"},"primaryImageOfPage":{"@id":"https:\/\/www.miomiorun.com\/de\/produkt\/uragano-gtx-herren\/#primaryimage"},"image":{"@id":"https:\/\/www.miomiorun.com\/de\/produkt\/uragano-gtx-herren\/#primaryimage"},"thumbnailUrl":"https:\/\/www.miomiorun.com\/app\/uploads\/2020\/09\/la-sportiva-uragano-GTX-36H999100.jpg","datePublished":"2020-09-18T08:52:30+00:00","dateModified":"2026-01-31T10:02:17+00:00","description":"Entdecken Sie auf MioMioRun.com den La Sportiva Tempesta GTX f\u00fcr Herren, einen Schuh mit integrierter Winterlaufgamasche, der f\u00fcr Wettk\u00e4mpfe","breadcrumb":{"@id":"https:\/\/www.miomiorun.com\/de\/produkt\/uragano-gtx-herren\/#breadcrumb"},"inLanguage":"de-DE","potentialAction":[{"@type":"ReadAction","target":["https:\/\/www.miomiorun.com\/de\/produkt\/uragano-gtx-herren\/"]}]},{"@type":"ImageObject","inLanguage":"de-DE","@id":"https:\/\/www.miomiorun.com\/de\/produkt\/uragano-gtx-herren\/#primaryimage","url":"https:\/\/www.miomiorun.com\/app\/uploads\/2020\/09\/la-sportiva-uragano-GTX-36H999100.jpg","contentUrl":"https:\/\/www.miomiorun.com\/app\/uploads\/2020\/09\/la-sportiva-uragano-GTX-36H999100.jpg","width":600,"height":600,"caption":"la-sportiva-uragano-GTX-36H999100"},{"@type":"BreadcrumbList","@id":"https:\/\/www.miomiorun.com\/de\/produkt\/uragano-gtx-herren\/#breadcrumb","itemListElement":[{"@type":"ListItem","position":1,"name":"Home","item":"https:\/\/www.miomiorun.com\/de\/"},{"@type":"ListItem","position":2,"name":"Shop","item":"https:\/\/www.miomiorun.com\/shop\/"},{"@type":"ListItem","position":3,"name":"Uragano GTX herren"}]},{"@type":"WebSite","@id":"https:\/\/www.miomiorun.com\/de\/#website","url":"https:\/\/www.miomiorun.com\/de\/","name":"MioMioRun","description":"100% Lauf- und Trailshop","publisher":{"@id":"https:\/\/www.miomiorun.com\/de\/#organization"},"potentialAction":[{"@type":"SearchAction","target":{"@type":"EntryPoint","urlTemplate":"https:\/\/www.miomiorun.com\/de\/?s={search_term_string}"},"query-input":{"@type":"PropertyValueSpecification","valueRequired":true,"valueName":"search_term_string"}}],"inLanguage":"de-DE"},{"@type":"Organization","@id":"https:\/\/www.miomiorun.com\/de\/#organization","name":"MioMio Run","url":"https:\/\/www.miomiorun.com\/de\/","logo":{"@type":"ImageObject","inLanguage":"de-DE","@id":"https:\/\/www.miomiorun.com\/de\/#\/schema\/logo\/image\/","url":"https:\/\/www.miomiorun.com\/app\/uploads\/2019\/12\/logomio.png","contentUrl":"https:\/\/www.miomiorun.com\/app\/uploads\/2019\/12\/logomio.png","width":115,"height":82,"caption":"MioMio Run"},"image":{"@id":"https:\/\/www.miomiorun.com\/de\/#\/schema\/logo\/image\/"},"sameAs":["https:\/\/www.facebook.com\/miomiorun\/","https:\/\/www.instagram.com\/miomiorun\/"]}]}},"_links":{"self":[{"href":"https:\/\/www.miomiorun.com\/de\/wp-json\/wp\/v2\/product\/89042","targetHints":{"allow":["GET"]}}],"collection":[{"href":"https:\/\/www.miomiorun.com\/de\/wp-json\/wp\/v2\/product"}],"about":[{"href":"https:\/\/www.miomiorun.com\/de\/wp-json\/wp\/v2\/types\/product"}],"wp:featuredmedia":[{"embeddable":true,"href":"https:\/\/www.miomiorun.com\/de\/wp-json\/wp\/v2\/media\/52936"}],"wp:attachment":[{"href":"https:\/\/www.miomiorun.com\/de\/wp-json\/wp\/v2\/media?parent=89042"}],"wp:term":[{"taxonomy":"product_brand","embeddable":true,"href":"https:\/\/www.miomiorun.com\/de\/wp-json\/wp\/v2\/product_brand?post=89042"},{"taxonomy":"product_cat","embeddable":true,"href":"https:\/\/www.miomiorun.com\/de\/wp-json\/wp\/v2\/product_cat?post=89042"},{"taxonomy":"product_tag","embeddable":true,"href":"https:\/\/www.miomiorun.com\/de\/wp-json\/wp\/v2\/product_tag?post=89042"}],"curies":[{"name":"wp","href":"https:\/\/api.w.org\/{rel}","templated":true}]}}