{"id":88750,"date":"2022-03-04T16:49:14","date_gmt":"2022-03-04T15:49:14","guid":{"rendered":"https:\/\/miomiorun.com\/prodotto\/la-sportiva-ultra-raptor-ii-uomo\/"},"modified":"2026-05-08T21:16:26","modified_gmt":"2026-05-08T19:16:26","slug":"ultra-raptor-ii-herren","status":"publish","type":"product","link":"https:\/\/www.miomiorun.com\/de\/produkt\/ultra-raptor-ii-herren\/","title":{"rendered":"Ultra Raptor II herren"},"content":{"rendered":"<div class=\"vc-row container\"><div class=\"vc-column\"><div class=\"vc-column-text\"><\/p>\n<p><strong>Technische Daten<\/strong><\/p>\n<p>Kategorie: Top-D\u00e4mpfung<br \/>\nEinpresstiefe: 9 mm<br \/>\nGewicht: 355 g<br \/>\nIdeal f\u00fcr: Trailrunner und Bergwanderer, die ein solides, sch\u00fctzendes und zuverl\u00e4ssiges Modell f\u00fcr Langstreckenl\u00e4ufe und Wanderungen in steilem und anspruchsvollem Gel\u00e4nde suchen.<br \/>\nGewicht des Athleten: 70 kg<br \/>\nLauftempo: langsam (6.00 min\/km)<br \/>\n<a href=\"https:\/\/miomiorun.com\/de\/leitfaden-fuer-technische-spezifikationen\/\">Leitfaden f\u00fcr technische Spezifikationen<\/a><\/p>\n<p><\/div><\/div><div class=\"vc-column\"><div class=\"vc-column-text\">\u00c4sthetische Neuauflage des Kultmodells Ultra Raptor, ein Trailrunning-Schuh, der f\u00fcr lange Strecken im Gel\u00e4nde und ausgedehnte Trainingseinheiten entwickelt wurde.<\/p>\n<h2>PLUS<\/h2>\n<ul>\n<li>Hoch atmungsaktives Obermaterial aus Air-Mesh-Gewebe<\/li>\n<li>Mesh-Futter mit reibungsminderndem Mikrofaser-Einsatz<\/li>\n<li>Stabilisierender hinterer Absatz f\u00fcr perfekte Kontrolle bei Traversen<\/li>\n<li>Endurance Platform-Fu\u00dfbett f\u00fcr erh\u00f6hte D\u00e4mpfung, Verringerung des Rampenwinkels und Steinschutzeffekt<\/li>\n<li>FriXion\u00ae White-Au\u00dfensohle mit ausgepr\u00e4gtem Trail Bite Heel f\u00fcr besseres Bremsen bergab<\/li>\n<li>Perfekte Volumenanpassung und Fu\u00dfumh\u00fcllung dank des speziellen Schn\u00fcrsystems: die Schlaufen sind auf der Innenseite des<\/li>\n<li>Obermaterials gen\u00e4ht und auf der Au\u00dfenseite mit Hochfrequenzverst\u00e4rkungen verst\u00e4rkt: dieses System erm\u00f6glicht die Verteilung der<\/li>\n<li>Schn\u00fcrspannung auf das gesamte Obermaterial<\/li>\n<\/ul>\n<p>TECH INFO<\/p>\n<p><strong>Obermaterial<\/strong>: Atmungsaktives Air-Mesh mit Mikrofaser-Verst\u00e4rkungsband mit Anti-Abrieb-Beschichtung<br \/>\n<strong>Endurance Platform<\/strong>: Oberteil montiert auf EVA-Kompressionsplattform<br \/>\n<strong>Futter<\/strong>: Mesh + PU-Leder &#8216;Easy-in&#8217; Einsatz f\u00fcr einfaches Anziehen und Fersenstabilit\u00e4t<br \/>\n<strong>Fu\u00dfbett<\/strong>: Ortholite\u00ae Hybrid Mountain Running\u00ae Fu\u00dfbett<br \/>\n<strong>Zwischensohle<\/strong>: Eingespritztes, sto\u00dfd\u00e4mpfendes EVA<br \/>\n<strong>Laufsohle<\/strong>: FriXion\u00ae White mit IBS und integrierter sto\u00dfabsorbierender Gummikappe<\/div><\/div><\/div>\n","protected":false},"excerpt":{"rendered":"<ul>\n<li>strukturiert, dauerhaft und sch\u00fctzend<\/li>\n<li>ideal f\u00fcr Ultratrails und Wanderungen<\/li>\n<li>Hervorragende Traktion in anspruchsvollem Gel\u00e4nde<\/li>\n<\/ul>\n","protected":false},"featured_media":62613,"template":"","meta":{"_acf_changed":false,"inline_featured_image":false},"product_brand":[],"product_cat":[6507,6504],"product_tag":[6248,6218],"class_list":{"0":"post-88750","1":"product","2":"type-product","3":"status-publish","4":"has-post-thumbnail","6":"product_cat-herren-schuhe-de","7":"product_cat-trail","8":"product_tag-la-sportiva-de","9":"product_tag-la-sportiva-herren-de","10":"pa_attivita-outdoor-de","11":"pa_colore-ultra-raptor-ii-carbon-hawaiian-sun-de","12":"pa_colore-ultra-raptor-ii-chalk-black-de","13":"pa_colore-ultra-raptor-ii-everglade-savana-de","14":"pa_colore-ultra-raptor-ii-lime-punch-storm-blue-de","15":"pa_colore-ultra-raptor-ii-papaya-sangria-de","16":"pa_colore-ultra-raptor-ii-black-neon-de","17":"pa_colore-ultra-raptor-ii-goji-carbon-de","18":"pa_colore-ultra-raptor-ii-space-blue-blaze-de","19":"pa_marca-la-sportiva-de","20":"pa_sesso-herren","21":"pa_size-41-de","22":"pa_size-42-de","23":"pa_size-42-5-de","24":"pa_size-43-de","25":"pa_size-43-5-de","26":"pa_size-44-de","27":"pa_size-44-5-de","28":"pa_size-45-de","29":"pa_size-45-5-de","30":"pa_size-46-de","31":"pa_size-46-5-de","32":"pa_size-47-de","33":"pa_size-47-5-de","34":"pa_size-48-de","36":"first","37":"instock","38":"taxable","39":"shipping-taxable","40":"purchasable","41":"product-type-variable","42":"wvs-archive-product-wrapper"},"acf":[],"yoast_head":"<!-- This site is optimized with the Yoast SEO plugin v26.8 - https:\/\/yoast.com\/product\/yoast-seo-wordpress\/ -->\n<title>La Sportiva Ultra Raptor II herren - Trail-Schuhe - MioMioRun .com<\/title>\n<meta name=\"description\" content=\"\u00c4sthetische Neuauflage des Kultmodells Ultra Raptor, ein Trailrunning-Schuh, der f\u00fcr lange Strecken im Gel\u00e4nde und ausgedehnte Trainingseinheiten\" \/>\n<meta name=\"robots\" content=\"index, follow, max-snippet:-1, max-image-preview:large, max-video-preview:-1\" \/>\n<link rel=\"canonical\" href=\"https:\/\/www.miomiorun.com\/de\/produkt\/ultra-raptor-ii-herren\/\" \/>\n<meta property=\"og:locale\" content=\"de_DE\" \/>\n<meta property=\"og:type\" content=\"article\" \/>\n<meta property=\"og:title\" content=\"La Sportiva Ultra Raptor II herren - Trail-Schuhe - MioMioRun .com\" \/>\n<meta property=\"og:description\" content=\"\u00c4sthetische Neuauflage des Kultmodells Ultra Raptor, ein Trailrunning-Schuh, der f\u00fcr lange Strecken im Gel\u00e4nde und ausgedehnte Trainingseinheiten\" \/>\n<meta property=\"og:url\" content=\"https:\/\/www.miomiorun.com\/de\/produkt\/ultra-raptor-ii-herren\/\" \/>\n<meta property=\"og:site_name\" content=\"MioMioRun\" \/>\n<meta property=\"article:publisher\" content=\"https:\/\/www.facebook.com\/miomiorun\/\" \/>\n<meta property=\"article:modified_time\" content=\"2026-05-08T19:16:26+00:00\" \/>\n<meta property=\"og:image\" content=\"https:\/\/www.miomiorun.com\/app\/uploads\/2022\/03\/la-sportiva-ultra-raptor-II-46M999720.jpg\" \/>\n\t<meta property=\"og:image:width\" content=\"600\" \/>\n\t<meta property=\"og:image:height\" content=\"600\" \/>\n\t<meta property=\"og:image:type\" content=\"image\/jpeg\" \/>\n<meta name=\"twitter:card\" content=\"summary_large_image\" \/>\n<meta name=\"twitter:label1\" content=\"Est. reading time\" \/>\n\t<meta name=\"twitter:data1\" content=\"1 minute\" \/>\n<script type=\"application\/ld+json\" class=\"yoast-schema-graph\">{\"@context\":\"https:\/\/schema.org\",\"@graph\":[{\"@type\":\"WebPage\",\"@id\":\"https:\/\/www.miomiorun.com\/de\/produkt\/ultra-raptor-ii-herren\/\",\"url\":\"https:\/\/www.miomiorun.com\/de\/produkt\/ultra-raptor-ii-herren\/\",\"name\":\"La Sportiva Ultra Raptor II herren - Trail-Schuhe - MioMioRun .com\",\"isPartOf\":{\"@id\":\"https:\/\/www.miomiorun.com\/de\/#website\"},\"primaryImageOfPage\":{\"@id\":\"https:\/\/www.miomiorun.com\/de\/produkt\/ultra-raptor-ii-herren\/#primaryimage\"},\"image\":{\"@id\":\"https:\/\/www.miomiorun.com\/de\/produkt\/ultra-raptor-ii-herren\/#primaryimage\"},\"thumbnailUrl\":\"https:\/\/www.miomiorun.com\/app\/uploads\/2022\/03\/la-sportiva-ultra-raptor-II-46M999720.jpg\",\"datePublished\":\"2022-03-04T15:49:14+00:00\",\"dateModified\":\"2026-05-08T19:16:26+00:00\",\"description\":\"\u00c4sthetische Neuauflage des Kultmodells Ultra Raptor, ein Trailrunning-Schuh, der f\u00fcr lange Strecken im Gel\u00e4nde und ausgedehnte Trainingseinheiten\",\"breadcrumb\":{\"@id\":\"https:\/\/www.miomiorun.com\/de\/produkt\/ultra-raptor-ii-herren\/#breadcrumb\"},\"inLanguage\":\"de-DE\",\"potentialAction\":[{\"@type\":\"ReadAction\",\"target\":[\"https:\/\/www.miomiorun.com\/de\/produkt\/ultra-raptor-ii-herren\/\"]}]},{\"@type\":\"ImageObject\",\"inLanguage\":\"de-DE\",\"@id\":\"https:\/\/www.miomiorun.com\/de\/produkt\/ultra-raptor-ii-herren\/#primaryimage\",\"url\":\"https:\/\/www.miomiorun.com\/app\/uploads\/2022\/03\/la-sportiva-ultra-raptor-II-46M999720.jpg\",\"contentUrl\":\"https:\/\/www.miomiorun.com\/app\/uploads\/2022\/03\/la-sportiva-ultra-raptor-II-46M999720.jpg\",\"width\":600,\"height\":600,\"caption\":\"la-sportiva-ultra-raptor-II-46M999720\"},{\"@type\":\"BreadcrumbList\",\"@id\":\"https:\/\/www.miomiorun.com\/de\/produkt\/ultra-raptor-ii-herren\/#breadcrumb\",\"itemListElement\":[{\"@type\":\"ListItem\",\"position\":1,\"name\":\"Home\",\"item\":\"https:\/\/www.miomiorun.com\/de\/\"},{\"@type\":\"ListItem\",\"position\":2,\"name\":\"Shop\",\"item\":\"https:\/\/www.miomiorun.com\/shop\/\"},{\"@type\":\"ListItem\",\"position\":3,\"name\":\"Ultra Raptor II herren\"}]},{\"@type\":\"WebSite\",\"@id\":\"https:\/\/www.miomiorun.com\/de\/#website\",\"url\":\"https:\/\/www.miomiorun.com\/de\/\",\"name\":\"MioMioRun\",\"description\":\"100% Lauf- und Trailshop\",\"publisher\":{\"@id\":\"https:\/\/www.miomiorun.com\/de\/#organization\"},\"potentialAction\":[{\"@type\":\"SearchAction\",\"target\":{\"@type\":\"EntryPoint\",\"urlTemplate\":\"https:\/\/www.miomiorun.com\/de\/?s={search_term_string}\"},\"query-input\":{\"@type\":\"PropertyValueSpecification\",\"valueRequired\":true,\"valueName\":\"search_term_string\"}}],\"inLanguage\":\"de-DE\"},{\"@type\":\"Organization\",\"@id\":\"https:\/\/www.miomiorun.com\/de\/#organization\",\"name\":\"MioMio Run\",\"url\":\"https:\/\/www.miomiorun.com\/de\/\",\"logo\":{\"@type\":\"ImageObject\",\"inLanguage\":\"de-DE\",\"@id\":\"https:\/\/www.miomiorun.com\/de\/#\/schema\/logo\/image\/\",\"url\":\"https:\/\/www.miomiorun.com\/app\/uploads\/2019\/12\/logomio.png\",\"contentUrl\":\"https:\/\/www.miomiorun.com\/app\/uploads\/2019\/12\/logomio.png\",\"width\":115,\"height\":82,\"caption\":\"MioMio Run\"},\"image\":{\"@id\":\"https:\/\/www.miomiorun.com\/de\/#\/schema\/logo\/image\/\"},\"sameAs\":[\"https:\/\/www.facebook.com\/miomiorun\/\",\"https:\/\/www.instagram.com\/miomiorun\/\"]}]}<\/script>\n<!-- \/ Yoast SEO plugin. -->","yoast_head_json":{"title":"La Sportiva Ultra Raptor II herren - Trail-Schuhe - MioMioRun .com","description":"\u00c4sthetische Neuauflage des Kultmodells Ultra Raptor, ein Trailrunning-Schuh, der f\u00fcr lange Strecken im Gel\u00e4nde und ausgedehnte Trainingseinheiten","robots":{"index":"index","follow":"follow","max-snippet":"max-snippet:-1","max-image-preview":"max-image-preview:large","max-video-preview":"max-video-preview:-1"},"canonical":"https:\/\/www.miomiorun.com\/de\/produkt\/ultra-raptor-ii-herren\/","og_locale":"de_DE","og_type":"article","og_title":"La Sportiva Ultra Raptor II herren - Trail-Schuhe - MioMioRun .com","og_description":"\u00c4sthetische Neuauflage des Kultmodells Ultra Raptor, ein Trailrunning-Schuh, der f\u00fcr lange Strecken im Gel\u00e4nde und ausgedehnte Trainingseinheiten","og_url":"https:\/\/www.miomiorun.com\/de\/produkt\/ultra-raptor-ii-herren\/","og_site_name":"MioMioRun","article_publisher":"https:\/\/www.facebook.com\/miomiorun\/","article_modified_time":"2026-05-08T19:16:26+00:00","og_image":[{"width":600,"height":600,"url":"https:\/\/www.miomiorun.com\/app\/uploads\/2022\/03\/la-sportiva-ultra-raptor-II-46M999720.jpg","type":"image\/jpeg"}],"twitter_card":"summary_large_image","twitter_misc":{"Est. reading time":"1 minute"},"schema":{"@context":"https:\/\/schema.org","@graph":[{"@type":"WebPage","@id":"https:\/\/www.miomiorun.com\/de\/produkt\/ultra-raptor-ii-herren\/","url":"https:\/\/www.miomiorun.com\/de\/produkt\/ultra-raptor-ii-herren\/","name":"La Sportiva Ultra Raptor II herren - Trail-Schuhe - MioMioRun .com","isPartOf":{"@id":"https:\/\/www.miomiorun.com\/de\/#website"},"primaryImageOfPage":{"@id":"https:\/\/www.miomiorun.com\/de\/produkt\/ultra-raptor-ii-herren\/#primaryimage"},"image":{"@id":"https:\/\/www.miomiorun.com\/de\/produkt\/ultra-raptor-ii-herren\/#primaryimage"},"thumbnailUrl":"https:\/\/www.miomiorun.com\/app\/uploads\/2022\/03\/la-sportiva-ultra-raptor-II-46M999720.jpg","datePublished":"2022-03-04T15:49:14+00:00","dateModified":"2026-05-08T19:16:26+00:00","description":"\u00c4sthetische Neuauflage des Kultmodells Ultra Raptor, ein Trailrunning-Schuh, der f\u00fcr lange Strecken im Gel\u00e4nde und ausgedehnte Trainingseinheiten","breadcrumb":{"@id":"https:\/\/www.miomiorun.com\/de\/produkt\/ultra-raptor-ii-herren\/#breadcrumb"},"inLanguage":"de-DE","potentialAction":[{"@type":"ReadAction","target":["https:\/\/www.miomiorun.com\/de\/produkt\/ultra-raptor-ii-herren\/"]}]},{"@type":"ImageObject","inLanguage":"de-DE","@id":"https:\/\/www.miomiorun.com\/de\/produkt\/ultra-raptor-ii-herren\/#primaryimage","url":"https:\/\/www.miomiorun.com\/app\/uploads\/2022\/03\/la-sportiva-ultra-raptor-II-46M999720.jpg","contentUrl":"https:\/\/www.miomiorun.com\/app\/uploads\/2022\/03\/la-sportiva-ultra-raptor-II-46M999720.jpg","width":600,"height":600,"caption":"la-sportiva-ultra-raptor-II-46M999720"},{"@type":"BreadcrumbList","@id":"https:\/\/www.miomiorun.com\/de\/produkt\/ultra-raptor-ii-herren\/#breadcrumb","itemListElement":[{"@type":"ListItem","position":1,"name":"Home","item":"https:\/\/www.miomiorun.com\/de\/"},{"@type":"ListItem","position":2,"name":"Shop","item":"https:\/\/www.miomiorun.com\/shop\/"},{"@type":"ListItem","position":3,"name":"Ultra Raptor II herren"}]},{"@type":"WebSite","@id":"https:\/\/www.miomiorun.com\/de\/#website","url":"https:\/\/www.miomiorun.com\/de\/","name":"MioMioRun","description":"100% Lauf- und Trailshop","publisher":{"@id":"https:\/\/www.miomiorun.com\/de\/#organization"},"potentialAction":[{"@type":"SearchAction","target":{"@type":"EntryPoint","urlTemplate":"https:\/\/www.miomiorun.com\/de\/?s={search_term_string}"},"query-input":{"@type":"PropertyValueSpecification","valueRequired":true,"valueName":"search_term_string"}}],"inLanguage":"de-DE"},{"@type":"Organization","@id":"https:\/\/www.miomiorun.com\/de\/#organization","name":"MioMio Run","url":"https:\/\/www.miomiorun.com\/de\/","logo":{"@type":"ImageObject","inLanguage":"de-DE","@id":"https:\/\/www.miomiorun.com\/de\/#\/schema\/logo\/image\/","url":"https:\/\/www.miomiorun.com\/app\/uploads\/2019\/12\/logomio.png","contentUrl":"https:\/\/www.miomiorun.com\/app\/uploads\/2019\/12\/logomio.png","width":115,"height":82,"caption":"MioMio Run"},"image":{"@id":"https:\/\/www.miomiorun.com\/de\/#\/schema\/logo\/image\/"},"sameAs":["https:\/\/www.facebook.com\/miomiorun\/","https:\/\/www.instagram.com\/miomiorun\/"]}]}},"_links":{"self":[{"href":"https:\/\/www.miomiorun.com\/de\/wp-json\/wp\/v2\/product\/88750","targetHints":{"allow":["GET"]}}],"collection":[{"href":"https:\/\/www.miomiorun.com\/de\/wp-json\/wp\/v2\/product"}],"about":[{"href":"https:\/\/www.miomiorun.com\/de\/wp-json\/wp\/v2\/types\/product"}],"wp:featuredmedia":[{"embeddable":true,"href":"https:\/\/www.miomiorun.com\/de\/wp-json\/wp\/v2\/media\/62613"}],"wp:attachment":[{"href":"https:\/\/www.miomiorun.com\/de\/wp-json\/wp\/v2\/media?parent=88750"}],"wp:term":[{"taxonomy":"product_brand","embeddable":true,"href":"https:\/\/www.miomiorun.com\/de\/wp-json\/wp\/v2\/product_brand?post=88750"},{"taxonomy":"product_cat","embeddable":true,"href":"https:\/\/www.miomiorun.com\/de\/wp-json\/wp\/v2\/product_cat?post=88750"},{"taxonomy":"product_tag","embeddable":true,"href":"https:\/\/www.miomiorun.com\/de\/wp-json\/wp\/v2\/product_tag?post=88750"}],"curies":[{"name":"wp","href":"https:\/\/api.w.org\/{rel}","templated":true}]}}