{"id":88736,"date":"2022-03-15T11:30:24","date_gmt":"2022-03-15T10:30:24","guid":{"rendered":"https:\/\/miomiorun.com\/prodotto\/la-sportiva-akasha-ii-uomo\/"},"modified":"2025-07-03T09:54:49","modified_gmt":"2025-07-03T07:54:49","slug":"la-sportiva-akasha-ii-herren","status":"publish","type":"product","link":"https:\/\/www.miomiorun.com\/de\/produkt\/la-sportiva-akasha-ii-herren\/","title":{"rendered":"Akasha II herren"},"content":{"rendered":"<div class=\"vc-row container\"><div class=\"vc-column\"><div class=\"vc-column-text\"><\/p>\n<h4>Technische Spezifikationen<\/h4>\n<p>Kategorie: Spitzenpolsterung<br \/>\nOffset: 6 mm<br \/>\nGewicht : 310 g<br \/>\nIdeal f\u00fcr : Lauf- und Bergwanderbegeisterte, die ein transversales Modell suchen, das sowohl auf langen als auch auf mittleren Strecken Traktion, Schutz und eine bequeme Passform bietet.<br \/>\nGewicht des Athleten : 70-80 kg<br \/>\nLauftempo : mittel-langsam (&gt;5.00 min\/km)<br \/>\n<a href=\"https:\/\/miomiorun.com\/de\/leitfaden-fuer-technische-spezifikationen\/\">Leitfaden f\u00fcr technische Spezifikationen<\/a><\/p>\n<p><\/div><\/div><div class=\"vc-column\"><div class=\"vc-column-text\">Der Herrenschuh <strong>Akasha II<\/strong> bietet die perfekte Kombination aus D\u00e4mpfung, Reaktionsfreudigkeit und Sohlentraktion und ist die erste Wahl f\u00fcr Traill\u00e4ufer, die auf technischem Terrain oder bei hohen Laufleistungen unterwegs sind. Zus\u00e4tzlich zu den kosmetischen \u00c4nderungen konzentrieren sich die 2022 vorgenommenen Aktualisierungen des Akasha II auf verbesserte Haltbarkeit, Schutz und Atmungsaktivit\u00e4t.<\/p>\n<p><strong>Merkmale:<\/strong><\/p>\n<ul>\n<li>Das hoch atmungsaktive 3D AirMesh-Obermaterial ist sehr anpassungsf\u00e4hig und passt sich jedem Volumen des Fu\u00dfes an.<\/li>\n<li>Dynamic ProTechTion\u2122 HF-Au\u00dfenschichten im Vorfu\u00dfbereich bieten leichten und flexiblen Schutz.<\/li>\n<li>Zweifach eingespritztes MEMlex EVA reduziert St\u00f6\u00dfe beim Laufen auf felsigem und schwierigem Terrain, w\u00e4hrend die D\u00e4mpfungsplattform f\u00fcr ein federndes Gef\u00fchl unter den F\u00fc\u00dfen sorgt &#8211; Kilometer f\u00fcr Kilometer.<\/li>\n<li>Zweifach eingespritztes MEMlex EVA reduziert St\u00f6\u00dfe beim Laufen auf felsigem und schwierigem Terrain, w\u00e4hrend die D\u00e4mpfungsplattform f\u00fcr ein federndes Gef\u00fchl unter den F\u00fc\u00dfen sorgt &#8211; Kilometer f\u00fcr Kilometer.<\/li>\n<li>Die STB-Stabilisierungstechnologie auf beiden Seiten der Zwischensohle reduziert die Torsion und erh\u00f6ht die Stabilit\u00e4t f\u00fcr pr\u00e4zise Kontrolle auf jedem Terrain.<\/li>\n<\/ul>\n<p><\/div><\/div><\/div>\n","protected":false},"excerpt":{"rendered":"","protected":false},"featured_media":70619,"template":"","meta":{"_acf_changed":false,"inline_featured_image":false},"product_brand":[],"product_cat":[6507,6504],"product_tag":[6248,6218],"class_list":{"0":"post-88736","1":"product","2":"type-product","3":"status-publish","4":"has-post-thumbnail","6":"product_cat-herren-schuhe-de","7":"product_cat-trail","8":"product_tag-la-sportiva-de","9":"product_tag-la-sportiva-herren-de","10":"pa_attivita-outdoor-de","11":"pa_attivita-trail-de","12":"pa_colore-akasha-ii-antique-white-de","13":"pa_colore-akasha-ii-black-chalk","14":"pa_colore-akasha-ii-cypress-mountain-red-de","15":"pa_colore-akasha-ii-hawaiian-sun-redwood-de","16":"pa_colore-akasha-ii-lime-punch-hawaiian-sun-de","17":"pa_colore-akasha-ii-black-yellow-de","18":"pa_colore-akasha-ii-carbon-flame-de","19":"pa_colore-akasha-ii-storm-blue-lime-punch-de","20":"pa_marca-la-sportiva-de","21":"pa_sesso-herren","22":"pa_size-41-5-de","23":"pa_size-42-de","24":"pa_size-42-5-de","25":"pa_size-43-de","26":"pa_size-43-5-de","27":"pa_size-44-de","28":"pa_size-44-5-de","29":"pa_size-45-de","30":"pa_size-45-5-de","31":"pa_size-46-de","32":"pa_size-46-5-de","34":"first","35":"instock","36":"sale","37":"taxable","38":"shipping-taxable","39":"purchasable","40":"product-type-variable","41":"wvs-archive-product-wrapper"},"acf":[],"yoast_head":"<!-- This site is optimized with the Yoast SEO plugin v26.8 - https:\/\/yoast.com\/product\/yoast-seo-wordpress\/ -->\n<title>La sportiva Akasha II herren - Herren-Trail-Schuhe - MioMioRun .com<\/title>\n<meta name=\"description\" content=\"Mit seiner Kombination aus D\u00e4mpfung, Reaktionsf\u00e4higkeit und Sohlentraktion ist der Akasha II der Schuh der Wahl f\u00fcr Trailrunner.\" \/>\n<meta name=\"robots\" content=\"index, follow, max-snippet:-1, max-image-preview:large, max-video-preview:-1\" \/>\n<link rel=\"canonical\" href=\"https:\/\/www.miomiorun.com\/de\/produkt\/la-sportiva-akasha-ii-herren\/\" \/>\n<meta property=\"og:locale\" content=\"de_DE\" \/>\n<meta property=\"og:type\" content=\"article\" \/>\n<meta property=\"og:title\" content=\"La sportiva Akasha II herren - Herren-Trail-Schuhe - MioMioRun .com\" \/>\n<meta property=\"og:description\" content=\"Mit seiner Kombination aus D\u00e4mpfung, Reaktionsf\u00e4higkeit und Sohlentraktion ist der Akasha II der Schuh der Wahl f\u00fcr Trailrunner.\" \/>\n<meta property=\"og:url\" content=\"https:\/\/www.miomiorun.com\/de\/produkt\/la-sportiva-akasha-ii-herren\/\" \/>\n<meta property=\"og:site_name\" content=\"MioMioRun\" \/>\n<meta property=\"article:publisher\" content=\"https:\/\/www.facebook.com\/miomiorun\/\" \/>\n<meta property=\"article:modified_time\" content=\"2025-07-03T07:54:49+00:00\" \/>\n<meta property=\"og:image\" content=\"https:\/\/www.miomiorun.com\/app\/uploads\/2022\/05\/la-sportiva-akasha-II-flash-green-metal-56A724917.jpg\" \/>\n\t<meta property=\"og:image:width\" content=\"600\" \/>\n\t<meta property=\"og:image:height\" content=\"600\" \/>\n\t<meta property=\"og:image:type\" content=\"image\/jpeg\" \/>\n<meta name=\"twitter:card\" content=\"summary_large_image\" \/>\n<meta name=\"twitter:label1\" content=\"Est. reading time\" \/>\n\t<meta name=\"twitter:data1\" content=\"2 minutes\" \/>\n<script type=\"application\/ld+json\" class=\"yoast-schema-graph\">{\"@context\":\"https:\/\/schema.org\",\"@graph\":[{\"@type\":\"WebPage\",\"@id\":\"https:\/\/www.miomiorun.com\/de\/produkt\/la-sportiva-akasha-ii-herren\/\",\"url\":\"https:\/\/www.miomiorun.com\/de\/produkt\/la-sportiva-akasha-ii-herren\/\",\"name\":\"La sportiva Akasha II herren - Herren-Trail-Schuhe - MioMioRun .com\",\"isPartOf\":{\"@id\":\"https:\/\/www.miomiorun.com\/de\/#website\"},\"primaryImageOfPage\":{\"@id\":\"https:\/\/www.miomiorun.com\/de\/produkt\/la-sportiva-akasha-ii-herren\/#primaryimage\"},\"image\":{\"@id\":\"https:\/\/www.miomiorun.com\/de\/produkt\/la-sportiva-akasha-ii-herren\/#primaryimage\"},\"thumbnailUrl\":\"https:\/\/www.miomiorun.com\/app\/uploads\/2022\/05\/la-sportiva-akasha-II-flash-green-metal-56A724917.jpg\",\"datePublished\":\"2022-03-15T10:30:24+00:00\",\"dateModified\":\"2025-07-03T07:54:49+00:00\",\"description\":\"Mit seiner Kombination aus D\u00e4mpfung, Reaktionsf\u00e4higkeit und Sohlentraktion ist der Akasha II der Schuh der Wahl f\u00fcr Trailrunner.\",\"breadcrumb\":{\"@id\":\"https:\/\/www.miomiorun.com\/de\/produkt\/la-sportiva-akasha-ii-herren\/#breadcrumb\"},\"inLanguage\":\"de-DE\",\"potentialAction\":[{\"@type\":\"ReadAction\",\"target\":[\"https:\/\/www.miomiorun.com\/de\/produkt\/la-sportiva-akasha-ii-herren\/\"]}]},{\"@type\":\"ImageObject\",\"inLanguage\":\"de-DE\",\"@id\":\"https:\/\/www.miomiorun.com\/de\/produkt\/la-sportiva-akasha-ii-herren\/#primaryimage\",\"url\":\"https:\/\/www.miomiorun.com\/app\/uploads\/2022\/05\/la-sportiva-akasha-II-flash-green-metal-56A724917.jpg\",\"contentUrl\":\"https:\/\/www.miomiorun.com\/app\/uploads\/2022\/05\/la-sportiva-akasha-II-flash-green-metal-56A724917.jpg\",\"width\":600,\"height\":600,\"caption\":\"la-sportiva-akasha-II-flash-green-metal-56A724917\"},{\"@type\":\"BreadcrumbList\",\"@id\":\"https:\/\/www.miomiorun.com\/de\/produkt\/la-sportiva-akasha-ii-herren\/#breadcrumb\",\"itemListElement\":[{\"@type\":\"ListItem\",\"position\":1,\"name\":\"Home\",\"item\":\"https:\/\/www.miomiorun.com\/de\/\"},{\"@type\":\"ListItem\",\"position\":2,\"name\":\"Shop\",\"item\":\"https:\/\/www.miomiorun.com\/shop\/\"},{\"@type\":\"ListItem\",\"position\":3,\"name\":\"Akasha II herren\"}]},{\"@type\":\"WebSite\",\"@id\":\"https:\/\/www.miomiorun.com\/de\/#website\",\"url\":\"https:\/\/www.miomiorun.com\/de\/\",\"name\":\"MioMioRun\",\"description\":\"100% Lauf- und Trailshop\",\"publisher\":{\"@id\":\"https:\/\/www.miomiorun.com\/de\/#organization\"},\"potentialAction\":[{\"@type\":\"SearchAction\",\"target\":{\"@type\":\"EntryPoint\",\"urlTemplate\":\"https:\/\/www.miomiorun.com\/de\/?s={search_term_string}\"},\"query-input\":{\"@type\":\"PropertyValueSpecification\",\"valueRequired\":true,\"valueName\":\"search_term_string\"}}],\"inLanguage\":\"de-DE\"},{\"@type\":\"Organization\",\"@id\":\"https:\/\/www.miomiorun.com\/de\/#organization\",\"name\":\"MioMio Run\",\"url\":\"https:\/\/www.miomiorun.com\/de\/\",\"logo\":{\"@type\":\"ImageObject\",\"inLanguage\":\"de-DE\",\"@id\":\"https:\/\/www.miomiorun.com\/de\/#\/schema\/logo\/image\/\",\"url\":\"https:\/\/www.miomiorun.com\/app\/uploads\/2019\/12\/logomio.png\",\"contentUrl\":\"https:\/\/www.miomiorun.com\/app\/uploads\/2019\/12\/logomio.png\",\"width\":115,\"height\":82,\"caption\":\"MioMio Run\"},\"image\":{\"@id\":\"https:\/\/www.miomiorun.com\/de\/#\/schema\/logo\/image\/\"},\"sameAs\":[\"https:\/\/www.facebook.com\/miomiorun\/\",\"https:\/\/www.instagram.com\/miomiorun\/\"]}]}<\/script>\n<!-- \/ Yoast SEO plugin. -->","yoast_head_json":{"title":"La sportiva Akasha II herren - Herren-Trail-Schuhe - MioMioRun .com","description":"Mit seiner Kombination aus D\u00e4mpfung, Reaktionsf\u00e4higkeit und Sohlentraktion ist der Akasha II der Schuh der Wahl f\u00fcr Trailrunner.","robots":{"index":"index","follow":"follow","max-snippet":"max-snippet:-1","max-image-preview":"max-image-preview:large","max-video-preview":"max-video-preview:-1"},"canonical":"https:\/\/www.miomiorun.com\/de\/produkt\/la-sportiva-akasha-ii-herren\/","og_locale":"de_DE","og_type":"article","og_title":"La sportiva Akasha II herren - Herren-Trail-Schuhe - MioMioRun .com","og_description":"Mit seiner Kombination aus D\u00e4mpfung, Reaktionsf\u00e4higkeit und Sohlentraktion ist der Akasha II der Schuh der Wahl f\u00fcr Trailrunner.","og_url":"https:\/\/www.miomiorun.com\/de\/produkt\/la-sportiva-akasha-ii-herren\/","og_site_name":"MioMioRun","article_publisher":"https:\/\/www.facebook.com\/miomiorun\/","article_modified_time":"2025-07-03T07:54:49+00:00","og_image":[{"width":600,"height":600,"url":"https:\/\/www.miomiorun.com\/app\/uploads\/2022\/05\/la-sportiva-akasha-II-flash-green-metal-56A724917.jpg","type":"image\/jpeg"}],"twitter_card":"summary_large_image","twitter_misc":{"Est. reading time":"2 minutes"},"schema":{"@context":"https:\/\/schema.org","@graph":[{"@type":"WebPage","@id":"https:\/\/www.miomiorun.com\/de\/produkt\/la-sportiva-akasha-ii-herren\/","url":"https:\/\/www.miomiorun.com\/de\/produkt\/la-sportiva-akasha-ii-herren\/","name":"La sportiva Akasha II herren - Herren-Trail-Schuhe - MioMioRun .com","isPartOf":{"@id":"https:\/\/www.miomiorun.com\/de\/#website"},"primaryImageOfPage":{"@id":"https:\/\/www.miomiorun.com\/de\/produkt\/la-sportiva-akasha-ii-herren\/#primaryimage"},"image":{"@id":"https:\/\/www.miomiorun.com\/de\/produkt\/la-sportiva-akasha-ii-herren\/#primaryimage"},"thumbnailUrl":"https:\/\/www.miomiorun.com\/app\/uploads\/2022\/05\/la-sportiva-akasha-II-flash-green-metal-56A724917.jpg","datePublished":"2022-03-15T10:30:24+00:00","dateModified":"2025-07-03T07:54:49+00:00","description":"Mit seiner Kombination aus D\u00e4mpfung, Reaktionsf\u00e4higkeit und Sohlentraktion ist der Akasha II der Schuh der Wahl f\u00fcr Trailrunner.","breadcrumb":{"@id":"https:\/\/www.miomiorun.com\/de\/produkt\/la-sportiva-akasha-ii-herren\/#breadcrumb"},"inLanguage":"de-DE","potentialAction":[{"@type":"ReadAction","target":["https:\/\/www.miomiorun.com\/de\/produkt\/la-sportiva-akasha-ii-herren\/"]}]},{"@type":"ImageObject","inLanguage":"de-DE","@id":"https:\/\/www.miomiorun.com\/de\/produkt\/la-sportiva-akasha-ii-herren\/#primaryimage","url":"https:\/\/www.miomiorun.com\/app\/uploads\/2022\/05\/la-sportiva-akasha-II-flash-green-metal-56A724917.jpg","contentUrl":"https:\/\/www.miomiorun.com\/app\/uploads\/2022\/05\/la-sportiva-akasha-II-flash-green-metal-56A724917.jpg","width":600,"height":600,"caption":"la-sportiva-akasha-II-flash-green-metal-56A724917"},{"@type":"BreadcrumbList","@id":"https:\/\/www.miomiorun.com\/de\/produkt\/la-sportiva-akasha-ii-herren\/#breadcrumb","itemListElement":[{"@type":"ListItem","position":1,"name":"Home","item":"https:\/\/www.miomiorun.com\/de\/"},{"@type":"ListItem","position":2,"name":"Shop","item":"https:\/\/www.miomiorun.com\/shop\/"},{"@type":"ListItem","position":3,"name":"Akasha II herren"}]},{"@type":"WebSite","@id":"https:\/\/www.miomiorun.com\/de\/#website","url":"https:\/\/www.miomiorun.com\/de\/","name":"MioMioRun","description":"100% Lauf- und Trailshop","publisher":{"@id":"https:\/\/www.miomiorun.com\/de\/#organization"},"potentialAction":[{"@type":"SearchAction","target":{"@type":"EntryPoint","urlTemplate":"https:\/\/www.miomiorun.com\/de\/?s={search_term_string}"},"query-input":{"@type":"PropertyValueSpecification","valueRequired":true,"valueName":"search_term_string"}}],"inLanguage":"de-DE"},{"@type":"Organization","@id":"https:\/\/www.miomiorun.com\/de\/#organization","name":"MioMio Run","url":"https:\/\/www.miomiorun.com\/de\/","logo":{"@type":"ImageObject","inLanguage":"de-DE","@id":"https:\/\/www.miomiorun.com\/de\/#\/schema\/logo\/image\/","url":"https:\/\/www.miomiorun.com\/app\/uploads\/2019\/12\/logomio.png","contentUrl":"https:\/\/www.miomiorun.com\/app\/uploads\/2019\/12\/logomio.png","width":115,"height":82,"caption":"MioMio Run"},"image":{"@id":"https:\/\/www.miomiorun.com\/de\/#\/schema\/logo\/image\/"},"sameAs":["https:\/\/www.facebook.com\/miomiorun\/","https:\/\/www.instagram.com\/miomiorun\/"]}]}},"_links":{"self":[{"href":"https:\/\/www.miomiorun.com\/de\/wp-json\/wp\/v2\/product\/88736","targetHints":{"allow":["GET"]}}],"collection":[{"href":"https:\/\/www.miomiorun.com\/de\/wp-json\/wp\/v2\/product"}],"about":[{"href":"https:\/\/www.miomiorun.com\/de\/wp-json\/wp\/v2\/types\/product"}],"wp:featuredmedia":[{"embeddable":true,"href":"https:\/\/www.miomiorun.com\/de\/wp-json\/wp\/v2\/media\/70619"}],"wp:attachment":[{"href":"https:\/\/www.miomiorun.com\/de\/wp-json\/wp\/v2\/media?parent=88736"}],"wp:term":[{"taxonomy":"product_brand","embeddable":true,"href":"https:\/\/www.miomiorun.com\/de\/wp-json\/wp\/v2\/product_brand?post=88736"},{"taxonomy":"product_cat","embeddable":true,"href":"https:\/\/www.miomiorun.com\/de\/wp-json\/wp\/v2\/product_cat?post=88736"},{"taxonomy":"product_tag","embeddable":true,"href":"https:\/\/www.miomiorun.com\/de\/wp-json\/wp\/v2\/product_tag?post=88736"}],"curies":[{"name":"wp","href":"https:\/\/api.w.org\/{rel}","templated":true}]}}